{"id":289303,"date":"2024-03-09T13:57:52","date_gmt":"2024-03-09T12:57:52","guid":{"rendered":"https:\/\/ecosupplements.be\/product\/omega-quotidien-1600mg-domega-3-citron-naturel-500-ml\/"},"modified":"2025-08-27T14:55:08","modified_gmt":"2025-08-27T13:55:08","slug":"omega-quotidien-1600mg-domega-3-citron-naturel-500-ml","status":"publish","type":"product","link":"https:\/\/ecosupplements.be\/fr\/produit\/omega-quotidien-1600mg-domega-3-citron-naturel-500-ml\/","title":{"rendered":"Om\u00e9ga quotidien, 1600mg d&#8217;Om\u00e9ga 3 (citron naturel) &#8211; 500 ml"},"content":{"rendered":"<h1>Daily Omega, 1600mg Omega 3 (Natural Lemon) &#8211; 500 \u2063ml<\/h1>\n<p>Le Daily \u200bOmega\u2063 de la marque Osavi est un \u2063compl\u00e9ment alimentaire\u2064 hautement\u2064 concentr\u00e9 en Omega 3, sp\u00e9cialement con\u00e7u pour r\u00e9pondre aux besoins quotidiens\u2064 de votre corps. Avec une dose de 1600mg d&#8217;Omega 3 par jour, ce produit est id\u00e9al\u2062 pour maintenir une bonne \u2063sant\u00e9 et\u2062 un \u200bbien-\u00eatre g\u00e9n\u00e9ral.<\/p>\n<h2>Caract\u00e9ristiques sp\u00e9ciales:<\/h2>\n<ul>\n<li>Contient \u200d1600mg d&#8217;Omega 3\u200d par dose quotidienne<\/li>\n<li>Saveur\u2062 naturelle de citron pour une consommation agr\u00e9able<\/li>\n<li>Formule hautement concentr\u00e9e pour une \u200befficacit\u00e9 maximale<\/li>\n<li>500\u200d ml \u200cde produit par bouteille, pour une utilisation prolong\u00e9e<\/li>\n<\/ul>\n<h2>Ingr\u00e9dients:<\/h2>\n<p>Le Daily Omega est compos\u00e9 d&#8217;huile de \u200cpoisson\u200d de qualit\u00e9 sup\u00e9rieure, provenant \u200cde sources \u200bdurables et riches en Omega 3. Chaque dose quotidienne contient \u00e9galement de la vitamine E, un antioxydant naturel qui aide \u00e0 prot\u00e9ger les cellules contre le stress \u200boxydatif.<\/p>\n<h2>Avantages uniques:<\/h2>\n<ul>\n<li>Contribue au bon fonctionnement du c\u0153ur et du cerveau<\/li>\n<li>Renforce le syst\u00e8me immunitaire<\/li>\n<li>Am\u00e9liore la sant\u00e9 de la peau et\u2062 des\u2062 cheveux<\/li>\n<li>Facilite la r\u00e9cup\u00e9ration musculaire apr\u00e8s l&#8217;exercice<\/li>\n<li>Peut aider \u00e0 r\u00e9duire l&#8217;inflammation et les douleurs articulaires<\/li>\n<\/ul>\n<h2>Mode d&#8217;emploi:<\/h2>\n<p>Pour profiter\u2062 pleinement des bienfaits du\u2064 Daily Omega, il est recommand\u00e9 de prendre 10 ml (2 cuill\u00e8res\u200b \u00e0 caf\u00e9) par jour, de pr\u00e9f\u00e9rence pendant un repas. Bien agiter avant utilisation et conserver au\u200c r\u00e9frig\u00e9rateur apr\u00e8s ouverture.<\/p>\n<p>Ne pas d\u00e9passer la dose \u2062quotidienne recommand\u00e9e. Ce produit ne doit pas \u00eatre utilis\u00e9 \u2064comme substitut \u00e0 une alimentation vari\u00e9e et \u00e9quilibr\u00e9e. Tenir\u200c hors de\u200c port\u00e9e des enfants.<\/p>\n<p>Origine: Pologne<\/p>\n<p>Offrez \u00e0 votre\u2063 corps les bienfaits des Omega 3 avec le\u200b Daily Omega de Osavi.\u200d Commandez \u200dd\u00e8s \u2063maintenant et profitez d&#8217;une\u2064 sant\u00e9 optimale au quotidien \u200b!<\/p>\n","protected":false},"excerpt":{"rendered":"<p>Daily Omega, 1600mg Omega 3 (Natural Lemon) &#8211; 500 \u2063ml Le Daily \u200bOmega\u2063 de la marque Osavi est un \u2063compl\u00e9ment alimentaire\u2064 hautement\u2064 concentr\u00e9 en Omega 3, sp\u00e9cialement con\u00e7u pour r\u00e9pondre aux besoins quotidiens\u2064 de votre corps. Avec une dose de 1600mg d&#8217;Omega 3 par jour, ce produit est id\u00e9al\u2062 pour maintenir une bonne \u2063sant\u00e9 et\u2062 [&#8230;]\n","protected":false},"featured_media":264817,"comment_status":"open","ping_status":"open","template":"","meta":[],"product_brand":[4756],"product_cat":[5052],"product_tag":[],"class_list":{"0":"post-289303","1":"product","2":"type-product","3":"status-publish","4":"has-post-thumbnail","6":"product_brand-osavi-2","7":"product_cat-sante-et-bien-etre","9":"first","10":"instock","11":"taxable","12":"shipping-taxable","13":"purchasable","14":"product-type-simple"},"yoast_head":"<!-- This site is optimized with the Yoast SEO Premium plugin v27.3 (Yoast SEO v27.3) - https:\/\/yoast.com\/product\/yoast-seo-premium-wordpress\/ -->\n<title>Om\u00e9ga quotidien, 1600mg d&#039;Om\u00e9ga 3 (citron naturel) - 500 ml - ECO Supplements<\/title>\n<meta name=\"description\" content=\"Wij hebben een ruime keuze aan producten van Om\u00e9ga quotidien, 1600mg d&#039;Om\u00e9ga 3 (citron naturel) - 500 ml . Winkel bij Eco Supplements altijd gratis verzending boven 100\u20ac\" \/>\n<meta name=\"robots\" content=\"index, follow, max-snippet:-1, max-image-preview:large, max-video-preview:-1\" \/>\n<link rel=\"canonical\" href=\"https:\/\/ecosupplements.be\/fr\/produit\/omega-quotidien-1600mg-domega-3-citron-naturel-500-ml\/\" \/>\n<meta property=\"og:locale\" content=\"fr_FR\" \/>\n<meta property=\"og:type\" content=\"article\" \/>\n<meta property=\"og:title\" content=\"Om\u00e9ga quotidien, 1600mg d&#039;Om\u00e9ga 3 (citron naturel) - 500 ml\" \/>\n<meta property=\"og:description\" content=\"Wij hebben een ruime keuze aan producten van Om\u00e9ga quotidien, 1600mg d&#039;Om\u00e9ga 3 (citron naturel) - 500 ml . Winkel bij Eco Supplements altijd gratis verzending boven 100\u20ac\" \/>\n<meta property=\"og:url\" content=\"https:\/\/ecosupplements.be\/fr\/produit\/omega-quotidien-1600mg-domega-3-citron-naturel-500-ml\/\" \/>\n<meta property=\"og:site_name\" content=\"ECO Supplements\" \/>\n<meta property=\"article:modified_time\" content=\"2025-08-27T13:55:08+00:00\" \/>\n<meta property=\"og:image\" content=\"https:\/\/ecosupplements.be\/wp-content\/uploads\/2025\/08\/Daily-Omega-1600mg-Omega-3-Natural-Lemon-500-ml-1.jpg\" \/>\n\t<meta property=\"og:image:width\" content=\"349\" \/>\n\t<meta property=\"og:image:height\" content=\"750\" \/>\n\t<meta property=\"og:image:type\" content=\"image\/jpeg\" \/>\n<meta name=\"twitter:card\" content=\"summary_large_image\" \/>\n<meta name=\"twitter:label1\" content=\"Prix\" \/>\n\t<meta name=\"twitter:data1\" content=\"35.54&nbsp;&euro;\" \/>\n\t<meta name=\"twitter:label2\" content=\"Disponibilit\u00e9\" \/>\n\t<meta name=\"twitter:data2\" content=\"En stock\" \/>\n<script type=\"application\/ld+json\" class=\"yoast-schema-graph\">{\"@context\":\"https:\\\/\\\/schema.org\",\"@graph\":[{\"@type\":[\"WebPage\",\"ItemPage\"],\"@id\":\"https:\\\/\\\/ecosupplements.be\\\/fr\\\/produit\\\/omega-quotidien-1600mg-domega-3-citron-naturel-500-ml\\\/\",\"url\":\"https:\\\/\\\/ecosupplements.be\\\/fr\\\/produit\\\/omega-quotidien-1600mg-domega-3-citron-naturel-500-ml\\\/\",\"name\":\"Om\u00e9ga quotidien, 1600mg d'Om\u00e9ga 3 (citron naturel) - 500 ml - ECO Supplements\",\"isPartOf\":{\"@id\":\"https:\\\/\\\/ecosupplements.be\\\/fr\\\/#website\"},\"primaryImageOfPage\":{\"@id\":\"https:\\\/\\\/ecosupplements.be\\\/fr\\\/produit\\\/omega-quotidien-1600mg-domega-3-citron-naturel-500-ml\\\/#primaryimage\"},\"image\":{\"@id\":\"https:\\\/\\\/ecosupplements.be\\\/fr\\\/produit\\\/omega-quotidien-1600mg-domega-3-citron-naturel-500-ml\\\/#primaryimage\"},\"thumbnailUrl\":\"https:\\\/\\\/ecosupplements.be\\\/wp-content\\\/uploads\\\/2025\\\/08\\\/Daily-Omega-1600mg-Omega-3-Natural-Lemon-500-ml.jpg\",\"datePublished\":\"2024-03-09T12:57:52+00:00\",\"dateModified\":\"2025-08-27T13:55:08+00:00\",\"description\":\"Wij hebben een ruime keuze aan producten van Om\u00e9ga quotidien, 1600mg d'Om\u00e9ga 3 (citron naturel) - 500 ml . Winkel bij Eco Supplements altijd gratis verzending boven 100\u20ac\",\"breadcrumb\":{\"@id\":\"https:\\\/\\\/ecosupplements.be\\\/fr\\\/produit\\\/omega-quotidien-1600mg-domega-3-citron-naturel-500-ml\\\/#breadcrumb\"},\"inLanguage\":\"fr-FR\",\"potentialAction\":[{\"@type\":\"ReadAction\",\"target\":[\"https:\\\/\\\/ecosupplements.be\\\/fr\\\/produit\\\/omega-quotidien-1600mg-domega-3-citron-naturel-500-ml\\\/\"]}]},{\"@type\":\"ImageObject\",\"inLanguage\":\"fr-FR\",\"@id\":\"https:\\\/\\\/ecosupplements.be\\\/fr\\\/produit\\\/omega-quotidien-1600mg-domega-3-citron-naturel-500-ml\\\/#primaryimage\",\"url\":\"https:\\\/\\\/ecosupplements.be\\\/wp-content\\\/uploads\\\/2025\\\/08\\\/Daily-Omega-1600mg-Omega-3-Natural-Lemon-500-ml.jpg\",\"contentUrl\":\"https:\\\/\\\/ecosupplements.be\\\/wp-content\\\/uploads\\\/2025\\\/08\\\/Daily-Omega-1600mg-Omega-3-Natural-Lemon-500-ml.jpg\",\"width\":349,\"height\":750},{\"@type\":\"BreadcrumbList\",\"@id\":\"https:\\\/\\\/ecosupplements.be\\\/fr\\\/produit\\\/omega-quotidien-1600mg-domega-3-citron-naturel-500-ml\\\/#breadcrumb\",\"itemListElement\":[{\"@type\":\"ListItem\",\"position\":1,\"name\":\"Home\",\"item\":\"https:\\\/\\\/ecosupplements.be\\\/fr\\\/\"},{\"@type\":\"ListItem\",\"position\":2,\"name\":\"Boutique\",\"item\":\"https:\\\/\\\/ecosupplements.be\\\/fr\\\/boutique\\\/\"},{\"@type\":\"ListItem\",\"position\":3,\"name\":\"Om\u00e9ga quotidien, 1600mg d&#8217;Om\u00e9ga 3 (citron naturel) &#8211; 500 ml\"}]},{\"@type\":\"WebSite\",\"@id\":\"https:\\\/\\\/ecosupplements.be\\\/fr\\\/#website\",\"url\":\"https:\\\/\\\/ecosupplements.be\\\/fr\\\/\",\"name\":\"ECO Supplements\",\"description\":\"Eco Supplements - Gezonde supplementen\",\"publisher\":{\"@id\":\"https:\\\/\\\/ecosupplements.be\\\/fr\\\/#organization\"},\"potentialAction\":[{\"@type\":\"SearchAction\",\"target\":{\"@type\":\"EntryPoint\",\"urlTemplate\":\"https:\\\/\\\/ecosupplements.be\\\/fr\\\/?s={search_term_string}\"},\"query-input\":{\"@type\":\"PropertyValueSpecification\",\"valueRequired\":true,\"valueName\":\"search_term_string\"}}],\"inLanguage\":\"fr-FR\"},{\"@type\":\"Organization\",\"@id\":\"https:\\\/\\\/ecosupplements.be\\\/fr\\\/#organization\",\"name\":\"Eco Supplements\",\"url\":\"https:\\\/\\\/ecosupplements.be\\\/fr\\\/\",\"logo\":{\"@type\":\"ImageObject\",\"inLanguage\":\"fr-FR\",\"@id\":\"https:\\\/\\\/ecosupplements.be\\\/fr\\\/#\\\/schema\\\/logo\\\/image\\\/\",\"url\":\"https:\\\/\\\/ecosupplements.be\\\/wp-content\\\/uploads\\\/2022\\\/06\\\/ecosupplement-family.png\",\"contentUrl\":\"https:\\\/\\\/ecosupplements.be\\\/wp-content\\\/uploads\\\/2022\\\/06\\\/ecosupplement-family.png\",\"width\":593,\"height\":374,\"caption\":\"Eco Supplements\"},\"image\":{\"@id\":\"https:\\\/\\\/ecosupplements.be\\\/fr\\\/#\\\/schema\\\/logo\\\/image\\\/\"}}]}<\/script>\n<meta property=\"product:brand\" content=\"Osavi\" \/>\n<meta property=\"product:price:amount\" content=\"35.54\" \/>\n<meta property=\"product:price:currency\" content=\"EUR\" \/>\n<meta property=\"og:availability\" content=\"instock\" \/>\n<meta property=\"product:availability\" content=\"instock\" \/>\n<meta property=\"product:retailer_item_id\" content=\"5065013139128\" \/>\n<meta property=\"product:condition\" content=\"new\" \/>\n<!-- \/ Yoast SEO Premium plugin. -->","yoast_head_json":{"title":"Om\u00e9ga quotidien, 1600mg d'Om\u00e9ga 3 (citron naturel) - 500 ml - ECO Supplements","description":"Wij hebben een ruime keuze aan producten van Om\u00e9ga quotidien, 1600mg d'Om\u00e9ga 3 (citron naturel) - 500 ml . Winkel bij Eco Supplements altijd gratis verzending boven 100\u20ac","robots":{"index":"index","follow":"follow","max-snippet":"max-snippet:-1","max-image-preview":"max-image-preview:large","max-video-preview":"max-video-preview:-1"},"canonical":"https:\/\/ecosupplements.be\/fr\/produit\/omega-quotidien-1600mg-domega-3-citron-naturel-500-ml\/","og_locale":"fr_FR","og_type":"article","og_title":"Om\u00e9ga quotidien, 1600mg d'Om\u00e9ga 3 (citron naturel) - 500 ml","og_description":"Wij hebben een ruime keuze aan producten van Om\u00e9ga quotidien, 1600mg d'Om\u00e9ga 3 (citron naturel) - 500 ml . Winkel bij Eco Supplements altijd gratis verzending boven 100\u20ac","og_url":"https:\/\/ecosupplements.be\/fr\/produit\/omega-quotidien-1600mg-domega-3-citron-naturel-500-ml\/","og_site_name":"ECO Supplements","article_modified_time":"2025-08-27T13:55:08+00:00","og_image":[{"width":349,"height":750,"url":"https:\/\/ecosupplements.be\/wp-content\/uploads\/2025\/08\/Daily-Omega-1600mg-Omega-3-Natural-Lemon-500-ml-1.jpg","type":"image\/jpeg"}],"twitter_card":"summary_large_image","twitter_misc":{"Prix":"35.54&nbsp;&euro;","Disponibilit\u00e9":"En stock"},"schema":{"@context":"https:\/\/schema.org","@graph":[{"@type":["WebPage","ItemPage"],"@id":"https:\/\/ecosupplements.be\/fr\/produit\/omega-quotidien-1600mg-domega-3-citron-naturel-500-ml\/","url":"https:\/\/ecosupplements.be\/fr\/produit\/omega-quotidien-1600mg-domega-3-citron-naturel-500-ml\/","name":"Om\u00e9ga quotidien, 1600mg d'Om\u00e9ga 3 (citron naturel) - 500 ml - ECO Supplements","isPartOf":{"@id":"https:\/\/ecosupplements.be\/fr\/#website"},"primaryImageOfPage":{"@id":"https:\/\/ecosupplements.be\/fr\/produit\/omega-quotidien-1600mg-domega-3-citron-naturel-500-ml\/#primaryimage"},"image":{"@id":"https:\/\/ecosupplements.be\/fr\/produit\/omega-quotidien-1600mg-domega-3-citron-naturel-500-ml\/#primaryimage"},"thumbnailUrl":"https:\/\/ecosupplements.be\/wp-content\/uploads\/2025\/08\/Daily-Omega-1600mg-Omega-3-Natural-Lemon-500-ml.jpg","datePublished":"2024-03-09T12:57:52+00:00","dateModified":"2025-08-27T13:55:08+00:00","description":"Wij hebben een ruime keuze aan producten van Om\u00e9ga quotidien, 1600mg d'Om\u00e9ga 3 (citron naturel) - 500 ml . Winkel bij Eco Supplements altijd gratis verzending boven 100\u20ac","breadcrumb":{"@id":"https:\/\/ecosupplements.be\/fr\/produit\/omega-quotidien-1600mg-domega-3-citron-naturel-500-ml\/#breadcrumb"},"inLanguage":"fr-FR","potentialAction":[{"@type":"ReadAction","target":["https:\/\/ecosupplements.be\/fr\/produit\/omega-quotidien-1600mg-domega-3-citron-naturel-500-ml\/"]}]},{"@type":"ImageObject","inLanguage":"fr-FR","@id":"https:\/\/ecosupplements.be\/fr\/produit\/omega-quotidien-1600mg-domega-3-citron-naturel-500-ml\/#primaryimage","url":"https:\/\/ecosupplements.be\/wp-content\/uploads\/2025\/08\/Daily-Omega-1600mg-Omega-3-Natural-Lemon-500-ml.jpg","contentUrl":"https:\/\/ecosupplements.be\/wp-content\/uploads\/2025\/08\/Daily-Omega-1600mg-Omega-3-Natural-Lemon-500-ml.jpg","width":349,"height":750},{"@type":"BreadcrumbList","@id":"https:\/\/ecosupplements.be\/fr\/produit\/omega-quotidien-1600mg-domega-3-citron-naturel-500-ml\/#breadcrumb","itemListElement":[{"@type":"ListItem","position":1,"name":"Home","item":"https:\/\/ecosupplements.be\/fr\/"},{"@type":"ListItem","position":2,"name":"Boutique","item":"https:\/\/ecosupplements.be\/fr\/boutique\/"},{"@type":"ListItem","position":3,"name":"Om\u00e9ga quotidien, 1600mg d&#8217;Om\u00e9ga 3 (citron naturel) &#8211; 500 ml"}]},{"@type":"WebSite","@id":"https:\/\/ecosupplements.be\/fr\/#website","url":"https:\/\/ecosupplements.be\/fr\/","name":"ECO Supplements","description":"Eco Supplements - Gezonde supplementen","publisher":{"@id":"https:\/\/ecosupplements.be\/fr\/#organization"},"potentialAction":[{"@type":"SearchAction","target":{"@type":"EntryPoint","urlTemplate":"https:\/\/ecosupplements.be\/fr\/?s={search_term_string}"},"query-input":{"@type":"PropertyValueSpecification","valueRequired":true,"valueName":"search_term_string"}}],"inLanguage":"fr-FR"},{"@type":"Organization","@id":"https:\/\/ecosupplements.be\/fr\/#organization","name":"Eco Supplements","url":"https:\/\/ecosupplements.be\/fr\/","logo":{"@type":"ImageObject","inLanguage":"fr-FR","@id":"https:\/\/ecosupplements.be\/fr\/#\/schema\/logo\/image\/","url":"https:\/\/ecosupplements.be\/wp-content\/uploads\/2022\/06\/ecosupplement-family.png","contentUrl":"https:\/\/ecosupplements.be\/wp-content\/uploads\/2022\/06\/ecosupplement-family.png","width":593,"height":374,"caption":"Eco Supplements"},"image":{"@id":"https:\/\/ecosupplements.be\/fr\/#\/schema\/logo\/image\/"}}]},"product_brand":"Osavi","product_price_amount":"35.54","product_price_currency":"EUR","og_availability":"instock","product_availability":"instock","product_retailer_item_id":"5065013139128","product_condition":"new"},"_links":{"self":[{"href":"https:\/\/ecosupplements.be\/fr\/wp-json\/wp\/v2\/product\/289303","targetHints":{"allow":["GET"]}}],"collection":[{"href":"https:\/\/ecosupplements.be\/fr\/wp-json\/wp\/v2\/product"}],"about":[{"href":"https:\/\/ecosupplements.be\/fr\/wp-json\/wp\/v2\/types\/product"}],"replies":[{"embeddable":true,"href":"https:\/\/ecosupplements.be\/fr\/wp-json\/wp\/v2\/comments?post=289303"}],"wp:featuredmedia":[{"embeddable":true,"href":"https:\/\/ecosupplements.be\/fr\/wp-json\/wp\/v2\/media\/264817"}],"wp:attachment":[{"href":"https:\/\/ecosupplements.be\/fr\/wp-json\/wp\/v2\/media?parent=289303"}],"wp:term":[{"taxonomy":"product_brand","embeddable":true,"href":"https:\/\/ecosupplements.be\/fr\/wp-json\/wp\/v2\/product_brand?post=289303"},{"taxonomy":"product_cat","embeddable":true,"href":"https:\/\/ecosupplements.be\/fr\/wp-json\/wp\/v2\/product_cat?post=289303"},{"taxonomy":"product_tag","embeddable":true,"href":"https:\/\/ecosupplements.be\/fr\/wp-json\/wp\/v2\/product_tag?post=289303"}],"curies":[{"name":"wp","href":"https:\/\/api.w.org\/{rel}","templated":true}]}}