{"id":289315,"date":"2024-03-09T13:58:13","date_gmt":"2024-03-09T12:58:13","guid":{"rendered":"https:\/\/ecosupplements.be\/product\/glycine-1000mg-120-capsules-vegetaliennes\/"},"modified":"2025-08-27T14:55:17","modified_gmt":"2025-08-27T13:55:17","slug":"glycine-1000mg-120-capsules-vegetaliennes","status":"publish","type":"product","link":"https:\/\/ecosupplements.be\/fr\/produit\/glycine-1000mg-120-capsules-vegetaliennes\/","title":{"rendered":"Glycine, 1000mg &#8211; 120 capsules v\u00e9g\u00e9taliennes"},"content":{"rendered":"<h1>Glycine, 1000mg &#8211; 120 vegan caps<\/h1>\n<p>La\u200d glycine est un acide amin\u00e9 essentiel pour le bon fonctionnement de notre corps. \u2064Elle\u200b joue\u200b un r\u00f4le important dans la synth\u00e8se des \u2064prot\u00e9ines, la r\u00e9gulation du syst\u00e8me nerveux et la sant\u00e9 des \u200barticulations. Cependant, notre corps ne peut pas produire de glycine \u2063par lui-m\u00eame, il est \u2064donc important de la consommer\u200b \u00e0 travers notre alimentation \u200cou des\u200b suppl\u00e9ments.<\/p>\n<p>Les capsules de glycine d&#8217;Osavi sont une excellente source\u200b de \u2063cet acide amin\u00e9 vital. Chaque capsule contient 1000mg de glycine pure, sans aucun additif ou ingr\u00e9dient artificiel. De plus,\u200b ces \u200ccapsules sont \u2063100%\u2063 vegan, \u2063ce\u2062 qui les rend\u2063 adapt\u00e9es \u00e0 tous les r\u00e9gimes alimentaires.<\/p>\n<h2>Ingr\u00e9dients<\/h2>\n<ul>\n<li>Glycine pure \u00e0 1000mg par capsule<\/li>\n<li>Capsules \u200dvegan \u00e0 base de cellulose v\u00e9g\u00e9tale<\/li>\n<\/ul>\n<p>Nous sommes fiers de n&#8217;utiliser\u200c que des ingr\u00e9dients de\u2062 haute qualit\u00e9 dans \u2063nos produits. Notre glycine est\u200b soigneusement s\u00e9lectionn\u00e9e et \u200dtest\u00e9e pour garantir \u200dsa\u2062 puret\u00e9 \u2062et son efficacit\u00e9.<\/p>\n<h2>Avantages uniques<\/h2>\n<ul>\n<li>Contribue \u00e0 la synth\u00e8se des\u200c prot\u00e9ines pour\u200c maintenir \u200cune masse musculaire saine<\/li>\n<li>Aide \u00e0 r\u00e9guler \u2062le syst\u00e8me \u2063nerveux\u2064 pour une meilleure \u200cgestion du stress et\u200d de \u2064l&#8217;anxi\u00e9t\u00e9<\/li>\n<li>Am\u00e9liore la sant\u00e9 des articulations et \u2063peut soulager les\u2064 douleurs articulaires<\/li>\n<li>Convient\u2062 \u00e0 tous les r\u00e9gimes alimentaires gr\u00e2ce \u00e0 sa formule vegan<\/li>\n<li>Facile\u200c \u00e0 prendre avec une seule capsule\u200d par\u2064 jour<\/li>\n<\/ul>\n<p>Avec 120 capsules par bouteille, vous b\u00e9n\u00e9ficiez d&#8217;un \u2062approvisionnement pour 4 mois. Nos capsules\u2064 sont \u00e9galement faciles \u00e0 \u2064avaler et \u00e0 dig\u00e9rer, ce\u200c qui les rend pratiques\u2063 pour une utilisation quotidienne.<\/p>\n<h2>Utilisation sugg\u00e9r\u00e9e<\/h2>\n<p>Nous \u2062recommandons de prendre une capsule par jour avec \u2062un \u2062verre d&#8217;eau, \u2062de pr\u00e9f\u00e9rence\u200c pendant un repas. Pour de meilleurs r\u00e9sultats,\u2064 il est \u2064conseill\u00e9\u2062 de suivre une alimentation \u00e9quilibr\u00e9e et de faire de l&#8217;exercice r\u00e9guli\u00e8rement.<\/p>\n<p>Ne\u2062 d\u00e9passez pas\u200b la dose recommand\u00e9e et \u2064consultez votre m\u00e9decin avant de prendre tout suppl\u00e9ment si vous \u00eates enceinte, allaitez ou si vous avez\u200b des\u200b probl\u00e8mes de sant\u00e9.<\/p>\n<p>Donnez \u00e0 votre corps l&#8217;acide\u200c amin\u00e9 essentiel dont il a besoin \u200bavec les capsules de glycine d&#8217;Osavi. Commandez\u200d d\u00e8s\u200c maintenant et profitez d&#8217;une sant\u00e9 optimale et \u200cd&#8217;un bien-\u00eatre g\u00e9n\u00e9ral.<\/p>\n","protected":false},"excerpt":{"rendered":"<p>Glycine, 1000mg &#8211; 120 vegan caps La\u200d glycine est un acide amin\u00e9 essentiel pour le bon fonctionnement de notre corps. \u2064Elle\u200b joue\u200b un r\u00f4le important dans la synth\u00e8se des \u2064prot\u00e9ines, la r\u00e9gulation du syst\u00e8me nerveux et la sant\u00e9 des \u200barticulations. Cependant, notre corps ne peut pas produire de glycine \u2063par lui-m\u00eame, il est \u2064donc important [&#8230;]\n","protected":false},"featured_media":264829,"comment_status":"open","ping_status":"open","template":"","meta":[],"product_brand":[4756],"product_cat":[5067,5052],"product_tag":[],"class_list":{"0":"post-289315","1":"product","2":"type-product","3":"status-publish","4":"has-post-thumbnail","6":"product_brand-osavi-2","7":"product_cat-acides-amines-et-bcaa","8":"product_cat-sante-et-bien-etre","10":"first","11":"instock","12":"taxable","13":"shipping-taxable","14":"purchasable","15":"product-type-simple"},"yoast_head":"<!-- This site is optimized with the Yoast SEO Premium plugin v27.5 (Yoast SEO v27.5) - https:\/\/yoast.com\/product\/yoast-seo-premium-wordpress\/ -->\n<title>Glycine, 1000mg - 120 capsules v\u00e9g\u00e9taliennes - ECO Supplements<\/title>\n<meta name=\"description\" content=\"Wij hebben een ruime keuze aan producten van Glycine, 1000mg - 120 capsules v\u00e9g\u00e9taliennes . Winkel bij Eco Supplements altijd gratis verzending boven 100\u20ac\" \/>\n<meta name=\"robots\" content=\"index, follow, max-snippet:-1, max-image-preview:large, max-video-preview:-1\" \/>\n<link rel=\"canonical\" href=\"https:\/\/ecosupplements.be\/fr\/produit\/glycine-1000mg-120-capsules-vegetaliennes\/\" \/>\n<meta property=\"og:locale\" content=\"fr_FR\" \/>\n<meta property=\"og:type\" content=\"article\" \/>\n<meta property=\"og:title\" content=\"Glycine, 1000mg - 120 capsules v\u00e9g\u00e9taliennes\" \/>\n<meta property=\"og:description\" content=\"Wij hebben een ruime keuze aan producten van Glycine, 1000mg - 120 capsules v\u00e9g\u00e9taliennes . Winkel bij Eco Supplements altijd gratis verzending boven 100\u20ac\" \/>\n<meta property=\"og:url\" content=\"https:\/\/ecosupplements.be\/fr\/produit\/glycine-1000mg-120-capsules-vegetaliennes\/\" \/>\n<meta property=\"og:site_name\" content=\"ECO Supplements\" \/>\n<meta property=\"article:modified_time\" content=\"2025-08-27T13:55:17+00:00\" \/>\n<meta property=\"og:image\" content=\"https:\/\/ecosupplements.be\/wp-content\/uploads\/2025\/08\/Glycine-1000mg-120-vegan-caps-1.jpg\" \/>\n\t<meta property=\"og:image:width\" content=\"445\" \/>\n\t<meta property=\"og:image:height\" content=\"750\" \/>\n\t<meta property=\"og:image:type\" content=\"image\/jpeg\" \/>\n<meta name=\"twitter:card\" content=\"summary_large_image\" \/>\n<meta name=\"twitter:label1\" content=\"Prix\" \/>\n\t<meta name=\"twitter:data1\" content=\"14.15&nbsp;&euro;\" \/>\n\t<meta name=\"twitter:label2\" content=\"Disponibilit\u00e9\" \/>\n\t<meta name=\"twitter:data2\" content=\"En stock\" \/>\n<script type=\"application\/ld+json\" class=\"yoast-schema-graph\">{\"@context\":\"https:\\\/\\\/schema.org\",\"@graph\":[{\"@type\":[\"WebPage\",\"ItemPage\"],\"@id\":\"https:\\\/\\\/ecosupplements.be\\\/fr\\\/produit\\\/glycine-1000mg-120-capsules-vegetaliennes\\\/\",\"url\":\"https:\\\/\\\/ecosupplements.be\\\/fr\\\/produit\\\/glycine-1000mg-120-capsules-vegetaliennes\\\/\",\"name\":\"Glycine, 1000mg - 120 capsules v\u00e9g\u00e9taliennes - ECO Supplements\",\"isPartOf\":{\"@id\":\"https:\\\/\\\/ecosupplements.be\\\/fr\\\/#website\"},\"primaryImageOfPage\":{\"@id\":\"https:\\\/\\\/ecosupplements.be\\\/fr\\\/produit\\\/glycine-1000mg-120-capsules-vegetaliennes\\\/#primaryimage\"},\"image\":{\"@id\":\"https:\\\/\\\/ecosupplements.be\\\/fr\\\/produit\\\/glycine-1000mg-120-capsules-vegetaliennes\\\/#primaryimage\"},\"thumbnailUrl\":\"https:\\\/\\\/ecosupplements.be\\\/wp-content\\\/uploads\\\/2025\\\/08\\\/Glycine-1000mg-120-vegan-caps.jpg\",\"datePublished\":\"2024-03-09T12:58:13+00:00\",\"dateModified\":\"2025-08-27T13:55:17+00:00\",\"description\":\"Wij hebben een ruime keuze aan producten van Glycine, 1000mg - 120 capsules v\u00e9g\u00e9taliennes . Winkel bij Eco Supplements altijd gratis verzending boven 100\u20ac\",\"breadcrumb\":{\"@id\":\"https:\\\/\\\/ecosupplements.be\\\/fr\\\/produit\\\/glycine-1000mg-120-capsules-vegetaliennes\\\/#breadcrumb\"},\"inLanguage\":\"fr-FR\",\"potentialAction\":[{\"@type\":\"ReadAction\",\"target\":[\"https:\\\/\\\/ecosupplements.be\\\/fr\\\/produit\\\/glycine-1000mg-120-capsules-vegetaliennes\\\/\"]}]},{\"@type\":\"ImageObject\",\"inLanguage\":\"fr-FR\",\"@id\":\"https:\\\/\\\/ecosupplements.be\\\/fr\\\/produit\\\/glycine-1000mg-120-capsules-vegetaliennes\\\/#primaryimage\",\"url\":\"https:\\\/\\\/ecosupplements.be\\\/wp-content\\\/uploads\\\/2025\\\/08\\\/Glycine-1000mg-120-vegan-caps.jpg\",\"contentUrl\":\"https:\\\/\\\/ecosupplements.be\\\/wp-content\\\/uploads\\\/2025\\\/08\\\/Glycine-1000mg-120-vegan-caps.jpg\",\"width\":445,\"height\":750},{\"@type\":\"BreadcrumbList\",\"@id\":\"https:\\\/\\\/ecosupplements.be\\\/fr\\\/produit\\\/glycine-1000mg-120-capsules-vegetaliennes\\\/#breadcrumb\",\"itemListElement\":[{\"@type\":\"ListItem\",\"position\":1,\"name\":\"Home\",\"item\":\"https:\\\/\\\/ecosupplements.be\\\/fr\\\/\"},{\"@type\":\"ListItem\",\"position\":2,\"name\":\"Boutique\",\"item\":\"https:\\\/\\\/ecosupplements.be\\\/fr\\\/boutique\\\/\"},{\"@type\":\"ListItem\",\"position\":3,\"name\":\"Glycine, 1000mg &#8211; 120 capsules v\u00e9g\u00e9taliennes\"}]},{\"@type\":\"WebSite\",\"@id\":\"https:\\\/\\\/ecosupplements.be\\\/fr\\\/#website\",\"url\":\"https:\\\/\\\/ecosupplements.be\\\/fr\\\/\",\"name\":\"ECO Supplements\",\"description\":\"Eco Supplements - Gezonde supplementen\",\"publisher\":{\"@id\":\"https:\\\/\\\/ecosupplements.be\\\/fr\\\/#organization\"},\"potentialAction\":[{\"@type\":\"SearchAction\",\"target\":{\"@type\":\"EntryPoint\",\"urlTemplate\":\"https:\\\/\\\/ecosupplements.be\\\/fr\\\/?s={search_term_string}\"},\"query-input\":{\"@type\":\"PropertyValueSpecification\",\"valueRequired\":true,\"valueName\":\"search_term_string\"}}],\"inLanguage\":\"fr-FR\"},{\"@type\":\"Organization\",\"@id\":\"https:\\\/\\\/ecosupplements.be\\\/fr\\\/#organization\",\"name\":\"Eco Supplements\",\"url\":\"https:\\\/\\\/ecosupplements.be\\\/fr\\\/\",\"logo\":{\"@type\":\"ImageObject\",\"inLanguage\":\"fr-FR\",\"@id\":\"https:\\\/\\\/ecosupplements.be\\\/fr\\\/#\\\/schema\\\/logo\\\/image\\\/\",\"url\":\"https:\\\/\\\/ecosupplements.be\\\/wp-content\\\/uploads\\\/2022\\\/06\\\/ecosupplement-family.png\",\"contentUrl\":\"https:\\\/\\\/ecosupplements.be\\\/wp-content\\\/uploads\\\/2022\\\/06\\\/ecosupplement-family.png\",\"width\":593,\"height\":374,\"caption\":\"Eco Supplements\"},\"image\":{\"@id\":\"https:\\\/\\\/ecosupplements.be\\\/fr\\\/#\\\/schema\\\/logo\\\/image\\\/\"}}]}<\/script>\n<meta property=\"product:brand\" content=\"Osavi\" \/>\n<meta property=\"product:price:amount\" content=\"14.15\" \/>\n<meta property=\"product:price:currency\" content=\"EUR\" \/>\n<meta property=\"og:availability\" content=\"instock\" \/>\n<meta property=\"product:availability\" content=\"instock\" \/>\n<meta property=\"product:retailer_item_id\" content=\"5904139923535\" \/>\n<meta property=\"product:condition\" content=\"new\" \/>\n<!-- \/ Yoast SEO Premium plugin. -->","yoast_head_json":{"title":"Glycine, 1000mg - 120 capsules v\u00e9g\u00e9taliennes - ECO Supplements","description":"Wij hebben een ruime keuze aan producten van Glycine, 1000mg - 120 capsules v\u00e9g\u00e9taliennes . Winkel bij Eco Supplements altijd gratis verzending boven 100\u20ac","robots":{"index":"index","follow":"follow","max-snippet":"max-snippet:-1","max-image-preview":"max-image-preview:large","max-video-preview":"max-video-preview:-1"},"canonical":"https:\/\/ecosupplements.be\/fr\/produit\/glycine-1000mg-120-capsules-vegetaliennes\/","og_locale":"fr_FR","og_type":"article","og_title":"Glycine, 1000mg - 120 capsules v\u00e9g\u00e9taliennes","og_description":"Wij hebben een ruime keuze aan producten van Glycine, 1000mg - 120 capsules v\u00e9g\u00e9taliennes . Winkel bij Eco Supplements altijd gratis verzending boven 100\u20ac","og_url":"https:\/\/ecosupplements.be\/fr\/produit\/glycine-1000mg-120-capsules-vegetaliennes\/","og_site_name":"ECO Supplements","article_modified_time":"2025-08-27T13:55:17+00:00","og_image":[{"width":445,"height":750,"url":"https:\/\/ecosupplements.be\/wp-content\/uploads\/2025\/08\/Glycine-1000mg-120-vegan-caps-1.jpg","type":"image\/jpeg"}],"twitter_card":"summary_large_image","twitter_misc":{"Prix":"14.15&nbsp;&euro;","Disponibilit\u00e9":"En stock"},"schema":{"@context":"https:\/\/schema.org","@graph":[{"@type":["WebPage","ItemPage"],"@id":"https:\/\/ecosupplements.be\/fr\/produit\/glycine-1000mg-120-capsules-vegetaliennes\/","url":"https:\/\/ecosupplements.be\/fr\/produit\/glycine-1000mg-120-capsules-vegetaliennes\/","name":"Glycine, 1000mg - 120 capsules v\u00e9g\u00e9taliennes - ECO Supplements","isPartOf":{"@id":"https:\/\/ecosupplements.be\/fr\/#website"},"primaryImageOfPage":{"@id":"https:\/\/ecosupplements.be\/fr\/produit\/glycine-1000mg-120-capsules-vegetaliennes\/#primaryimage"},"image":{"@id":"https:\/\/ecosupplements.be\/fr\/produit\/glycine-1000mg-120-capsules-vegetaliennes\/#primaryimage"},"thumbnailUrl":"https:\/\/ecosupplements.be\/wp-content\/uploads\/2025\/08\/Glycine-1000mg-120-vegan-caps.jpg","datePublished":"2024-03-09T12:58:13+00:00","dateModified":"2025-08-27T13:55:17+00:00","description":"Wij hebben een ruime keuze aan producten van Glycine, 1000mg - 120 capsules v\u00e9g\u00e9taliennes . Winkel bij Eco Supplements altijd gratis verzending boven 100\u20ac","breadcrumb":{"@id":"https:\/\/ecosupplements.be\/fr\/produit\/glycine-1000mg-120-capsules-vegetaliennes\/#breadcrumb"},"inLanguage":"fr-FR","potentialAction":[{"@type":"ReadAction","target":["https:\/\/ecosupplements.be\/fr\/produit\/glycine-1000mg-120-capsules-vegetaliennes\/"]}]},{"@type":"ImageObject","inLanguage":"fr-FR","@id":"https:\/\/ecosupplements.be\/fr\/produit\/glycine-1000mg-120-capsules-vegetaliennes\/#primaryimage","url":"https:\/\/ecosupplements.be\/wp-content\/uploads\/2025\/08\/Glycine-1000mg-120-vegan-caps.jpg","contentUrl":"https:\/\/ecosupplements.be\/wp-content\/uploads\/2025\/08\/Glycine-1000mg-120-vegan-caps.jpg","width":445,"height":750},{"@type":"BreadcrumbList","@id":"https:\/\/ecosupplements.be\/fr\/produit\/glycine-1000mg-120-capsules-vegetaliennes\/#breadcrumb","itemListElement":[{"@type":"ListItem","position":1,"name":"Home","item":"https:\/\/ecosupplements.be\/fr\/"},{"@type":"ListItem","position":2,"name":"Boutique","item":"https:\/\/ecosupplements.be\/fr\/boutique\/"},{"@type":"ListItem","position":3,"name":"Glycine, 1000mg &#8211; 120 capsules v\u00e9g\u00e9taliennes"}]},{"@type":"WebSite","@id":"https:\/\/ecosupplements.be\/fr\/#website","url":"https:\/\/ecosupplements.be\/fr\/","name":"ECO Supplements","description":"Eco Supplements - Gezonde supplementen","publisher":{"@id":"https:\/\/ecosupplements.be\/fr\/#organization"},"potentialAction":[{"@type":"SearchAction","target":{"@type":"EntryPoint","urlTemplate":"https:\/\/ecosupplements.be\/fr\/?s={search_term_string}"},"query-input":{"@type":"PropertyValueSpecification","valueRequired":true,"valueName":"search_term_string"}}],"inLanguage":"fr-FR"},{"@type":"Organization","@id":"https:\/\/ecosupplements.be\/fr\/#organization","name":"Eco Supplements","url":"https:\/\/ecosupplements.be\/fr\/","logo":{"@type":"ImageObject","inLanguage":"fr-FR","@id":"https:\/\/ecosupplements.be\/fr\/#\/schema\/logo\/image\/","url":"https:\/\/ecosupplements.be\/wp-content\/uploads\/2022\/06\/ecosupplement-family.png","contentUrl":"https:\/\/ecosupplements.be\/wp-content\/uploads\/2022\/06\/ecosupplement-family.png","width":593,"height":374,"caption":"Eco Supplements"},"image":{"@id":"https:\/\/ecosupplements.be\/fr\/#\/schema\/logo\/image\/"}}]},"product_brand":"Osavi","product_price_amount":"14.15","product_price_currency":"EUR","og_availability":"instock","product_availability":"instock","product_retailer_item_id":"5904139923535","product_condition":"new"},"_links":{"self":[{"href":"https:\/\/ecosupplements.be\/fr\/wp-json\/wp\/v2\/product\/289315","targetHints":{"allow":["GET"]}}],"collection":[{"href":"https:\/\/ecosupplements.be\/fr\/wp-json\/wp\/v2\/product"}],"about":[{"href":"https:\/\/ecosupplements.be\/fr\/wp-json\/wp\/v2\/types\/product"}],"replies":[{"embeddable":true,"href":"https:\/\/ecosupplements.be\/fr\/wp-json\/wp\/v2\/comments?post=289315"}],"wp:featuredmedia":[{"embeddable":true,"href":"https:\/\/ecosupplements.be\/fr\/wp-json\/wp\/v2\/media\/264829"}],"wp:attachment":[{"href":"https:\/\/ecosupplements.be\/fr\/wp-json\/wp\/v2\/media?parent=289315"}],"wp:term":[{"taxonomy":"product_brand","embeddable":true,"href":"https:\/\/ecosupplements.be\/fr\/wp-json\/wp\/v2\/product_brand?post=289315"},{"taxonomy":"product_cat","embeddable":true,"href":"https:\/\/ecosupplements.be\/fr\/wp-json\/wp\/v2\/product_cat?post=289315"},{"taxonomy":"product_tag","embeddable":true,"href":"https:\/\/ecosupplements.be\/fr\/wp-json\/wp\/v2\/product_tag?post=289315"}],"curies":[{"name":"wp","href":"https:\/\/api.w.org\/{rel}","templated":true}]}}