{"id":289330,"date":"2024-03-09T13:58:33","date_gmt":"2024-03-09T12:58:33","guid":{"rendered":"https:\/\/ecosupplements.be\/product\/inuline-de-racine-de-chicoree-270g\/"},"modified":"2025-08-27T14:55:31","modified_gmt":"2025-08-27T13:55:31","slug":"inuline-de-racine-de-chicoree-270g","status":"publish","type":"product","link":"https:\/\/ecosupplements.be\/fr\/produit\/inuline-de-racine-de-chicoree-270g\/","title":{"rendered":"Inuline de racine de chicor\u00e9e &#8211; 270g"},"content":{"rendered":"<h1>Inulin from Chicory Root &#8211; 270g<\/h1>\n<p>D\u00e9couvrez les bienfaits de l&#8217;inuline provenant de la racine de chicor\u00e9e avec ce produit de la marque\u200b Osavi. L&#8217;inuline est un\u200d pr\u00e9biotique naturel qui favorise la croissance\u2062 des bonnes bact\u00e9ries dans votre intestin, am\u00e9liorant ainsi votre sant\u00e9 digestive et renfor\u00e7ant\u200d votre syst\u00e8me immunitaire.<\/p>\n<h2>Origine et qualit\u00e9<\/h2>\n<p>Cet inuline est produit en Pologne, \u00e0 partir de racines de chicor\u00e9e de haute qualit\u00e9. Les racines sont soigneusement s\u00e9lectionn\u00e9es et\u200b transform\u00e9es selon des \u2063m\u00e9thodes traditionnelles pour garantir un produit \u200cpur et \u2062naturel.<\/p>\n<h2>Caract\u00e9ristiques sp\u00e9ciales<\/h2>\n<ul>\n<li>100% inuline\u200d provenant de racines de chicor\u00e9e<\/li>\n<li>Produit naturel et\u2064 sans additifs<\/li>\n<li>Convient\u200b aux r\u00e9gimes v\u00e9g\u00e9tariens\u200c et v\u00e9g\u00e9taliens<\/li>\n<li>Emballage \u2062recyclable<\/li>\n<\/ul>\n<h2>Utilisation et dosage<\/h2>\n<p>Cet inuline\u2063 peut \u00eatre utilis\u00e9 dans une\u200d vari\u00e9t\u00e9 de recettes, telles que des smoothies,\u200d des soupes, des sauces et des\u200c desserts. Il peut \u00e9galement \u00eatre ajout\u00e9\u2063 \u00e0 votre\u200b caf\u00e9 ou th\u00e9 pour une dose suppl\u00e9mentaire de fibres et de pr\u00e9biotiques.\u200b La dose recommand\u00e9e est \u200cde 5g par jour, \u00e0 m\u00e9langer dans \u200bvotre \u200bboisson ou \u2062votre plat pr\u00e9f\u00e9r\u00e9.<\/p>\n<h2>Avantages \u200cpour la sant\u00e9<\/h2>\n<p>En plus de \u200bfavoriser une bonne sant\u00e9 digestive \u2063et immunitaire, l&#8217;inuline de chicor\u00e9e\u200c peut \u00e9galement aider \u00e0 r\u00e9guler le taux de sucre \u2064dans \u2064le sang, \u200c\u00e0 r\u00e9duire le cholest\u00e9rol et \u00e0 favoriser la perte de poids. Elle peut \u00e9galement \u00eatre b\u00e9n\u00e9fique pour les\u200d personnes\u200b souffrant de diab\u00e8te de type 2 \u200cet de syndrome du c\u00f4lon irritable.<\/p>\n<p>Essayez d\u00e8s maintenant l&#8217;inuline de chicor\u00e9e de la\u2064 marque Osavi et profitez de ses nombreux bienfaits pour votre \u200bsant\u00e9.<\/p>\n","protected":false},"excerpt":{"rendered":"<p>Inulin from Chicory Root &#8211; 270g D\u00e9couvrez les bienfaits de l&#8217;inuline provenant de la racine de chicor\u00e9e avec ce produit de la marque\u200b Osavi. L&#8217;inuline est un\u200d pr\u00e9biotique naturel qui favorise la croissance\u2062 des bonnes bact\u00e9ries dans votre intestin, am\u00e9liorant ainsi votre sant\u00e9 digestive et renfor\u00e7ant\u200d votre syst\u00e8me immunitaire. Origine et qualit\u00e9 Cet inuline est [&#8230;]\n","protected":false},"featured_media":264838,"comment_status":"open","ping_status":"open","template":"","meta":[],"product_brand":[4756],"product_cat":[5051,5052],"product_tag":[],"class_list":{"0":"post-289330","1":"product","2":"type-product","3":"status-publish","4":"has-post-thumbnail","6":"product_brand-osavi-2","7":"product_cat-minceur-et-gestion-du-poids","8":"product_cat-sante-et-bien-etre","10":"first","11":"instock","12":"taxable","13":"shipping-taxable","14":"purchasable","15":"product-type-simple"},"yoast_head":"<!-- This site is optimized with the Yoast SEO Premium plugin v27.3 (Yoast SEO v27.3) - https:\/\/yoast.com\/product\/yoast-seo-premium-wordpress\/ -->\n<title>Inuline de racine de chicor\u00e9e - 270g - ECO Supplements<\/title>\n<meta name=\"description\" content=\"Wij hebben een ruime keuze aan producten van Inuline de racine de chicor\u00e9e - 270g . Winkel bij Eco Supplements altijd gratis verzending boven 100\u20ac\" \/>\n<meta name=\"robots\" content=\"index, follow, max-snippet:-1, max-image-preview:large, max-video-preview:-1\" \/>\n<link rel=\"canonical\" href=\"https:\/\/ecosupplements.be\/fr\/produit\/inuline-de-racine-de-chicoree-270g\/\" \/>\n<meta property=\"og:locale\" content=\"fr_FR\" \/>\n<meta property=\"og:type\" content=\"article\" \/>\n<meta property=\"og:title\" content=\"Inuline de racine de chicor\u00e9e - 270g\" \/>\n<meta property=\"og:description\" content=\"Wij hebben een ruime keuze aan producten van Inuline de racine de chicor\u00e9e - 270g . Winkel bij Eco Supplements altijd gratis verzending boven 100\u20ac\" \/>\n<meta property=\"og:url\" content=\"https:\/\/ecosupplements.be\/fr\/produit\/inuline-de-racine-de-chicoree-270g\/\" \/>\n<meta property=\"og:site_name\" content=\"ECO Supplements\" \/>\n<meta property=\"article:modified_time\" content=\"2025-08-27T13:55:31+00:00\" \/>\n<meta property=\"og:image\" content=\"https:\/\/ecosupplements.be\/wp-content\/uploads\/2025\/08\/Inulin-from-Chicory-Root-270g-1.jpg\" \/>\n\t<meta property=\"og:image:width\" content=\"984\" \/>\n\t<meta property=\"og:image:height\" content=\"750\" \/>\n\t<meta property=\"og:image:type\" content=\"image\/jpeg\" \/>\n<meta name=\"twitter:card\" content=\"summary_large_image\" \/>\n<meta name=\"twitter:label1\" content=\"Prix\" \/>\n\t<meta name=\"twitter:data1\" content=\"10.81&nbsp;&euro;\" \/>\n\t<meta name=\"twitter:label2\" content=\"Disponibilit\u00e9\" \/>\n\t<meta name=\"twitter:data2\" content=\"En stock\" \/>\n<script type=\"application\/ld+json\" class=\"yoast-schema-graph\">{\"@context\":\"https:\\\/\\\/schema.org\",\"@graph\":[{\"@type\":[\"WebPage\",\"ItemPage\"],\"@id\":\"https:\\\/\\\/ecosupplements.be\\\/fr\\\/produit\\\/inuline-de-racine-de-chicoree-270g\\\/\",\"url\":\"https:\\\/\\\/ecosupplements.be\\\/fr\\\/produit\\\/inuline-de-racine-de-chicoree-270g\\\/\",\"name\":\"Inuline de racine de chicor\u00e9e - 270g - ECO Supplements\",\"isPartOf\":{\"@id\":\"https:\\\/\\\/ecosupplements.be\\\/fr\\\/#website\"},\"primaryImageOfPage\":{\"@id\":\"https:\\\/\\\/ecosupplements.be\\\/fr\\\/produit\\\/inuline-de-racine-de-chicoree-270g\\\/#primaryimage\"},\"image\":{\"@id\":\"https:\\\/\\\/ecosupplements.be\\\/fr\\\/produit\\\/inuline-de-racine-de-chicoree-270g\\\/#primaryimage\"},\"thumbnailUrl\":\"https:\\\/\\\/ecosupplements.be\\\/wp-content\\\/uploads\\\/2025\\\/08\\\/Inulin-from-Chicory-Root-270g.jpg\",\"datePublished\":\"2024-03-09T12:58:33+00:00\",\"dateModified\":\"2025-08-27T13:55:31+00:00\",\"description\":\"Wij hebben een ruime keuze aan producten van Inuline de racine de chicor\u00e9e - 270g . Winkel bij Eco Supplements altijd gratis verzending boven 100\u20ac\",\"breadcrumb\":{\"@id\":\"https:\\\/\\\/ecosupplements.be\\\/fr\\\/produit\\\/inuline-de-racine-de-chicoree-270g\\\/#breadcrumb\"},\"inLanguage\":\"fr-FR\",\"potentialAction\":[{\"@type\":\"ReadAction\",\"target\":[\"https:\\\/\\\/ecosupplements.be\\\/fr\\\/produit\\\/inuline-de-racine-de-chicoree-270g\\\/\"]}]},{\"@type\":\"ImageObject\",\"inLanguage\":\"fr-FR\",\"@id\":\"https:\\\/\\\/ecosupplements.be\\\/fr\\\/produit\\\/inuline-de-racine-de-chicoree-270g\\\/#primaryimage\",\"url\":\"https:\\\/\\\/ecosupplements.be\\\/wp-content\\\/uploads\\\/2025\\\/08\\\/Inulin-from-Chicory-Root-270g.jpg\",\"contentUrl\":\"https:\\\/\\\/ecosupplements.be\\\/wp-content\\\/uploads\\\/2025\\\/08\\\/Inulin-from-Chicory-Root-270g.jpg\",\"width\":984,\"height\":750},{\"@type\":\"BreadcrumbList\",\"@id\":\"https:\\\/\\\/ecosupplements.be\\\/fr\\\/produit\\\/inuline-de-racine-de-chicoree-270g\\\/#breadcrumb\",\"itemListElement\":[{\"@type\":\"ListItem\",\"position\":1,\"name\":\"Home\",\"item\":\"https:\\\/\\\/ecosupplements.be\\\/fr\\\/\"},{\"@type\":\"ListItem\",\"position\":2,\"name\":\"Boutique\",\"item\":\"https:\\\/\\\/ecosupplements.be\\\/fr\\\/boutique\\\/\"},{\"@type\":\"ListItem\",\"position\":3,\"name\":\"Inuline de racine de chicor\u00e9e &#8211; 270g\"}]},{\"@type\":\"WebSite\",\"@id\":\"https:\\\/\\\/ecosupplements.be\\\/fr\\\/#website\",\"url\":\"https:\\\/\\\/ecosupplements.be\\\/fr\\\/\",\"name\":\"ECO Supplements\",\"description\":\"Eco Supplements - Gezonde supplementen\",\"publisher\":{\"@id\":\"https:\\\/\\\/ecosupplements.be\\\/fr\\\/#organization\"},\"potentialAction\":[{\"@type\":\"SearchAction\",\"target\":{\"@type\":\"EntryPoint\",\"urlTemplate\":\"https:\\\/\\\/ecosupplements.be\\\/fr\\\/?s={search_term_string}\"},\"query-input\":{\"@type\":\"PropertyValueSpecification\",\"valueRequired\":true,\"valueName\":\"search_term_string\"}}],\"inLanguage\":\"fr-FR\"},{\"@type\":\"Organization\",\"@id\":\"https:\\\/\\\/ecosupplements.be\\\/fr\\\/#organization\",\"name\":\"Eco Supplements\",\"url\":\"https:\\\/\\\/ecosupplements.be\\\/fr\\\/\",\"logo\":{\"@type\":\"ImageObject\",\"inLanguage\":\"fr-FR\",\"@id\":\"https:\\\/\\\/ecosupplements.be\\\/fr\\\/#\\\/schema\\\/logo\\\/image\\\/\",\"url\":\"https:\\\/\\\/ecosupplements.be\\\/wp-content\\\/uploads\\\/2022\\\/06\\\/ecosupplement-family.png\",\"contentUrl\":\"https:\\\/\\\/ecosupplements.be\\\/wp-content\\\/uploads\\\/2022\\\/06\\\/ecosupplement-family.png\",\"width\":593,\"height\":374,\"caption\":\"Eco Supplements\"},\"image\":{\"@id\":\"https:\\\/\\\/ecosupplements.be\\\/fr\\\/#\\\/schema\\\/logo\\\/image\\\/\"}}]}<\/script>\n<meta property=\"product:brand\" content=\"Osavi\" \/>\n<meta property=\"product:price:amount\" content=\"10.81\" \/>\n<meta property=\"product:price:currency\" content=\"EUR\" \/>\n<meta property=\"og:availability\" content=\"instock\" \/>\n<meta property=\"product:availability\" content=\"instock\" \/>\n<meta property=\"product:retailer_item_id\" content=\"5904139922637\" \/>\n<meta property=\"product:condition\" content=\"new\" \/>\n<!-- \/ Yoast SEO Premium plugin. -->","yoast_head_json":{"title":"Inuline de racine de chicor\u00e9e - 270g - ECO Supplements","description":"Wij hebben een ruime keuze aan producten van Inuline de racine de chicor\u00e9e - 270g . Winkel bij Eco Supplements altijd gratis verzending boven 100\u20ac","robots":{"index":"index","follow":"follow","max-snippet":"max-snippet:-1","max-image-preview":"max-image-preview:large","max-video-preview":"max-video-preview:-1"},"canonical":"https:\/\/ecosupplements.be\/fr\/produit\/inuline-de-racine-de-chicoree-270g\/","og_locale":"fr_FR","og_type":"article","og_title":"Inuline de racine de chicor\u00e9e - 270g","og_description":"Wij hebben een ruime keuze aan producten van Inuline de racine de chicor\u00e9e - 270g . Winkel bij Eco Supplements altijd gratis verzending boven 100\u20ac","og_url":"https:\/\/ecosupplements.be\/fr\/produit\/inuline-de-racine-de-chicoree-270g\/","og_site_name":"ECO Supplements","article_modified_time":"2025-08-27T13:55:31+00:00","og_image":[{"width":984,"height":750,"url":"https:\/\/ecosupplements.be\/wp-content\/uploads\/2025\/08\/Inulin-from-Chicory-Root-270g-1.jpg","type":"image\/jpeg"}],"twitter_card":"summary_large_image","twitter_misc":{"Prix":"10.81&nbsp;&euro;","Disponibilit\u00e9":"En stock"},"schema":{"@context":"https:\/\/schema.org","@graph":[{"@type":["WebPage","ItemPage"],"@id":"https:\/\/ecosupplements.be\/fr\/produit\/inuline-de-racine-de-chicoree-270g\/","url":"https:\/\/ecosupplements.be\/fr\/produit\/inuline-de-racine-de-chicoree-270g\/","name":"Inuline de racine de chicor\u00e9e - 270g - ECO Supplements","isPartOf":{"@id":"https:\/\/ecosupplements.be\/fr\/#website"},"primaryImageOfPage":{"@id":"https:\/\/ecosupplements.be\/fr\/produit\/inuline-de-racine-de-chicoree-270g\/#primaryimage"},"image":{"@id":"https:\/\/ecosupplements.be\/fr\/produit\/inuline-de-racine-de-chicoree-270g\/#primaryimage"},"thumbnailUrl":"https:\/\/ecosupplements.be\/wp-content\/uploads\/2025\/08\/Inulin-from-Chicory-Root-270g.jpg","datePublished":"2024-03-09T12:58:33+00:00","dateModified":"2025-08-27T13:55:31+00:00","description":"Wij hebben een ruime keuze aan producten van Inuline de racine de chicor\u00e9e - 270g . Winkel bij Eco Supplements altijd gratis verzending boven 100\u20ac","breadcrumb":{"@id":"https:\/\/ecosupplements.be\/fr\/produit\/inuline-de-racine-de-chicoree-270g\/#breadcrumb"},"inLanguage":"fr-FR","potentialAction":[{"@type":"ReadAction","target":["https:\/\/ecosupplements.be\/fr\/produit\/inuline-de-racine-de-chicoree-270g\/"]}]},{"@type":"ImageObject","inLanguage":"fr-FR","@id":"https:\/\/ecosupplements.be\/fr\/produit\/inuline-de-racine-de-chicoree-270g\/#primaryimage","url":"https:\/\/ecosupplements.be\/wp-content\/uploads\/2025\/08\/Inulin-from-Chicory-Root-270g.jpg","contentUrl":"https:\/\/ecosupplements.be\/wp-content\/uploads\/2025\/08\/Inulin-from-Chicory-Root-270g.jpg","width":984,"height":750},{"@type":"BreadcrumbList","@id":"https:\/\/ecosupplements.be\/fr\/produit\/inuline-de-racine-de-chicoree-270g\/#breadcrumb","itemListElement":[{"@type":"ListItem","position":1,"name":"Home","item":"https:\/\/ecosupplements.be\/fr\/"},{"@type":"ListItem","position":2,"name":"Boutique","item":"https:\/\/ecosupplements.be\/fr\/boutique\/"},{"@type":"ListItem","position":3,"name":"Inuline de racine de chicor\u00e9e &#8211; 270g"}]},{"@type":"WebSite","@id":"https:\/\/ecosupplements.be\/fr\/#website","url":"https:\/\/ecosupplements.be\/fr\/","name":"ECO Supplements","description":"Eco Supplements - Gezonde supplementen","publisher":{"@id":"https:\/\/ecosupplements.be\/fr\/#organization"},"potentialAction":[{"@type":"SearchAction","target":{"@type":"EntryPoint","urlTemplate":"https:\/\/ecosupplements.be\/fr\/?s={search_term_string}"},"query-input":{"@type":"PropertyValueSpecification","valueRequired":true,"valueName":"search_term_string"}}],"inLanguage":"fr-FR"},{"@type":"Organization","@id":"https:\/\/ecosupplements.be\/fr\/#organization","name":"Eco Supplements","url":"https:\/\/ecosupplements.be\/fr\/","logo":{"@type":"ImageObject","inLanguage":"fr-FR","@id":"https:\/\/ecosupplements.be\/fr\/#\/schema\/logo\/image\/","url":"https:\/\/ecosupplements.be\/wp-content\/uploads\/2022\/06\/ecosupplement-family.png","contentUrl":"https:\/\/ecosupplements.be\/wp-content\/uploads\/2022\/06\/ecosupplement-family.png","width":593,"height":374,"caption":"Eco Supplements"},"image":{"@id":"https:\/\/ecosupplements.be\/fr\/#\/schema\/logo\/image\/"}}]},"product_brand":"Osavi","product_price_amount":"10.81","product_price_currency":"EUR","og_availability":"instock","product_availability":"instock","product_retailer_item_id":"5904139922637","product_condition":"new"},"_links":{"self":[{"href":"https:\/\/ecosupplements.be\/fr\/wp-json\/wp\/v2\/product\/289330","targetHints":{"allow":["GET"]}}],"collection":[{"href":"https:\/\/ecosupplements.be\/fr\/wp-json\/wp\/v2\/product"}],"about":[{"href":"https:\/\/ecosupplements.be\/fr\/wp-json\/wp\/v2\/types\/product"}],"replies":[{"embeddable":true,"href":"https:\/\/ecosupplements.be\/fr\/wp-json\/wp\/v2\/comments?post=289330"}],"wp:featuredmedia":[{"embeddable":true,"href":"https:\/\/ecosupplements.be\/fr\/wp-json\/wp\/v2\/media\/264838"}],"wp:attachment":[{"href":"https:\/\/ecosupplements.be\/fr\/wp-json\/wp\/v2\/media?parent=289330"}],"wp:term":[{"taxonomy":"product_brand","embeddable":true,"href":"https:\/\/ecosupplements.be\/fr\/wp-json\/wp\/v2\/product_brand?post=289330"},{"taxonomy":"product_cat","embeddable":true,"href":"https:\/\/ecosupplements.be\/fr\/wp-json\/wp\/v2\/product_cat?post=289330"},{"taxonomy":"product_tag","embeddable":true,"href":"https:\/\/ecosupplements.be\/fr\/wp-json\/wp\/v2\/product_tag?post=289330"}],"curies":[{"name":"wp","href":"https:\/\/api.w.org\/{rel}","templated":true}]}}