{"id":289354,"date":"2023-01-13T13:05:16","date_gmt":"2023-01-13T12:05:16","guid":{"rendered":"https:\/\/ecosupplements.be\/product\/ules-15\/"},"modified":"2025-08-27T14:55:52","modified_gmt":"2025-08-27T13:55:52","slug":"ules-15","status":"publish","type":"product","link":"https:\/\/ecosupplements.be\/fr\/produit\/ules-15\/","title":{"rendered":"Ules"},"content":{"rendered":"<h1>Maca, 1000mg &#8211; 60 vegan caps<\/h1>\n<p>D\u00e9couvrez les bienfaits de la \u2062Maca, un superaliment originaire des hauts plateaux des Andes au P\u00e9rou. La Maca est\u2063 utilis\u00e9e depuis \u200bdes si\u00e8cles pour \u2063ses propri\u00e9t\u00e9s nutritionnelles \u2062et m\u00e9dicinales. Avec notre formule \u2064concentr\u00e9e de 1000mg par \u2064capsule, vous pouvez profiter de\u2062 tous ses bienfaits en toute \u2064simplicit\u00e9.<\/p>\n<h2>Caract\u00e9ristiques sp\u00e9ciales :<\/h2>\n<ul>\n<li>Formule concentr\u00e9e de 1000mg par \u2064capsule<\/li>\n<li>60 capsules v\u00e9g\u00e9tales par bouteille<\/li>\n<li>Ingr\u00e9dients naturels et vegan<\/li>\n<li>Sans gluten, sans OGM et sans colorants artificiels<\/li>\n<li>Fabriqu\u00e9 en\u2062 Pologne selon les normes\u200c de qualit\u00e9 les plus strictes<\/li>\n<\/ul>\n<h2>Ingr\u00e9dients :<\/h2>\n<p>Chaque capsule contient 1000mg de poudre de racine de Maca (Lepidium meyenii), un \u200dsuperaliment riche en vitamines, min\u00e9raux, acides amin\u00e9s et antioxydants.\u200b Notre formule est\u200b \u00e9galement enrichie en vitamine B6 pour une meilleure absorption et efficacit\u00e9.<\/p>\n<h2>Avantages uniques \u2063:<\/h2>\n<ul>\n<li>Renforce l&#8217;\u00e9nergie et\u2063 la vitalit\u00e9<\/li>\n<li>Am\u00e9liore la libido et la \u200bfertilit\u00e9<\/li>\n<li>R\u00e9gule les hormones et soulage les sympt\u00f4mes du syndrome pr\u00e9menstruel et de la\u200c m\u00e9nopause<\/li>\n<li>Renforce le syst\u00e8me immunitaire et am\u00e9liore la sant\u00e9 globale<\/li>\n<li>Am\u00e9liore la m\u00e9moire et la \u200dconcentration<\/li>\n<\/ul>\n<h2>Mode d&#8217;emploi :<\/h2>\n<p>Prenez 1 capsule \u2062par jour avec un\u2064 verre d&#8217;eau, de pr\u00e9f\u00e9rence pendant un repas. Pour de meilleurs\u2064 r\u00e9sultats, utilisez r\u00e9guli\u00e8rement pendant\u200c au moins \u20623 mois.<\/p>\n<p>Ne \u200bpas d\u00e9passer la dose recommand\u00e9e. Les femmes enceintes ou allaitantes, ainsi que les personnes sous traitement\u2063 m\u00e9dical, doivent consulter leur m\u00e9decin avant de \u2064prendre ce compl\u00e9ment alimentaire.<\/p>\n<p>Conservez dans un endroit frais et sec, \u00e0 \u2063l&#8217;abri de la lumi\u00e8re directe\u200d du soleil. \u2064Tenir hors de port\u00e9e des enfants.<\/p>\n<p>Rejoignez des milliers de personnes satisfaites\u2063 et profitez des bienfaits de la Maca avec notre formule concentr\u00e9e de\u200b 1000mg par \u200bcapsule. Commandez d\u00e8s maintenant et ressentez la\u2063 diff\u00e9rence !<\/p>\n","protected":false},"excerpt":{"rendered":"<p>Maca, 1000mg &#8211; 60 vegan caps D\u00e9couvrez les bienfaits de la \u2062Maca, un superaliment originaire des hauts plateaux des Andes au P\u00e9rou. La Maca est\u2063 utilis\u00e9e depuis \u200bdes si\u00e8cles pour \u2063ses propri\u00e9t\u00e9s nutritionnelles \u2062et m\u00e9dicinales. Avec notre formule \u2064concentr\u00e9e de 1000mg par \u2064capsule, vous pouvez profiter de\u2062 tous ses bienfaits en toute \u2064simplicit\u00e9. Caract\u00e9ristiques sp\u00e9ciales [&#8230;]\n","protected":false},"featured_media":261465,"comment_status":"open","ping_status":"open","template":"","meta":[],"product_brand":[4756],"product_cat":[5089,5052,5053],"product_tag":[],"class_list":{"0":"post-289354","1":"product","2":"type-product","3":"status-publish","4":"has-post-thumbnail","6":"product_brand-osavi-2","7":"product_cat-complements-alimentaires-pour-femmes","8":"product_cat-sante-et-bien-etre","9":"product_cat-vitamines-et-mineraux","11":"first","12":"instock","13":"taxable","14":"shipping-taxable","15":"purchasable","16":"product-type-simple"},"yoast_head":"<!-- This site is optimized with the Yoast SEO Premium plugin v27.3 (Yoast SEO v27.3) - https:\/\/yoast.com\/product\/yoast-seo-premium-wordpress\/ -->\n<title>Ules - ECO Supplements<\/title>\n<meta name=\"description\" content=\"Wij hebben een ruime keuze aan producten van Ules . Winkel bij Eco Supplements altijd gratis verzending boven 100\u20ac\" \/>\n<meta name=\"robots\" content=\"index, follow, max-snippet:-1, max-image-preview:large, max-video-preview:-1\" \/>\n<link rel=\"canonical\" href=\"https:\/\/ecosupplements.be\/fr\/produit\/ules-15\/\" \/>\n<meta property=\"og:locale\" content=\"fr_FR\" \/>\n<meta property=\"og:type\" content=\"article\" \/>\n<meta property=\"og:title\" content=\"Ules\" \/>\n<meta property=\"og:description\" content=\"Wij hebben een ruime keuze aan producten van Ules . Winkel bij Eco Supplements altijd gratis verzending boven 100\u20ac\" \/>\n<meta property=\"og:url\" content=\"https:\/\/ecosupplements.be\/fr\/produit\/ules-15\/\" \/>\n<meta property=\"og:site_name\" content=\"ECO Supplements\" \/>\n<meta property=\"article:modified_time\" content=\"2025-08-27T13:55:52+00:00\" \/>\n<meta property=\"og:image\" content=\"https:\/\/ecosupplements.be\/wp-content\/uploads\/2025\/08\/Maca-1000mg-60-vegan-caps-1.jpg\" \/>\n\t<meta property=\"og:image:width\" content=\"462\" \/>\n\t<meta property=\"og:image:height\" content=\"750\" \/>\n\t<meta property=\"og:image:type\" content=\"image\/jpeg\" \/>\n<meta name=\"twitter:card\" content=\"summary_large_image\" \/>\n<meta name=\"twitter:label1\" content=\"Prix\" \/>\n\t<meta name=\"twitter:data1\" content=\"8.61&nbsp;&euro;\" \/>\n\t<meta name=\"twitter:label2\" content=\"Disponibilit\u00e9\" \/>\n\t<meta name=\"twitter:data2\" content=\"En stock\" \/>\n<script type=\"application\/ld+json\" class=\"yoast-schema-graph\">{\"@context\":\"https:\\\/\\\/schema.org\",\"@graph\":[{\"@type\":[\"WebPage\",\"ItemPage\"],\"@id\":\"https:\\\/\\\/ecosupplements.be\\\/fr\\\/produit\\\/ules-15\\\/\",\"url\":\"https:\\\/\\\/ecosupplements.be\\\/fr\\\/produit\\\/ules-15\\\/\",\"name\":\"Ules - ECO Supplements\",\"isPartOf\":{\"@id\":\"https:\\\/\\\/ecosupplements.be\\\/fr\\\/#website\"},\"primaryImageOfPage\":{\"@id\":\"https:\\\/\\\/ecosupplements.be\\\/fr\\\/produit\\\/ules-15\\\/#primaryimage\"},\"image\":{\"@id\":\"https:\\\/\\\/ecosupplements.be\\\/fr\\\/produit\\\/ules-15\\\/#primaryimage\"},\"thumbnailUrl\":\"https:\\\/\\\/ecosupplements.be\\\/wp-content\\\/uploads\\\/2025\\\/08\\\/Maca-1000mg-60-vegan-caps.jpg\",\"datePublished\":\"2023-01-13T12:05:16+00:00\",\"dateModified\":\"2025-08-27T13:55:52+00:00\",\"description\":\"Wij hebben een ruime keuze aan producten van Ules . Winkel bij Eco Supplements altijd gratis verzending boven 100\u20ac\",\"breadcrumb\":{\"@id\":\"https:\\\/\\\/ecosupplements.be\\\/fr\\\/produit\\\/ules-15\\\/#breadcrumb\"},\"inLanguage\":\"fr-FR\",\"potentialAction\":[{\"@type\":\"ReadAction\",\"target\":[\"https:\\\/\\\/ecosupplements.be\\\/fr\\\/produit\\\/ules-15\\\/\"]}]},{\"@type\":\"ImageObject\",\"inLanguage\":\"fr-FR\",\"@id\":\"https:\\\/\\\/ecosupplements.be\\\/fr\\\/produit\\\/ules-15\\\/#primaryimage\",\"url\":\"https:\\\/\\\/ecosupplements.be\\\/wp-content\\\/uploads\\\/2025\\\/08\\\/Maca-1000mg-60-vegan-caps.jpg\",\"contentUrl\":\"https:\\\/\\\/ecosupplements.be\\\/wp-content\\\/uploads\\\/2025\\\/08\\\/Maca-1000mg-60-vegan-caps.jpg\",\"width\":462,\"height\":750},{\"@type\":\"BreadcrumbList\",\"@id\":\"https:\\\/\\\/ecosupplements.be\\\/fr\\\/produit\\\/ules-15\\\/#breadcrumb\",\"itemListElement\":[{\"@type\":\"ListItem\",\"position\":1,\"name\":\"Home\",\"item\":\"https:\\\/\\\/ecosupplements.be\\\/fr\\\/\"},{\"@type\":\"ListItem\",\"position\":2,\"name\":\"Boutique\",\"item\":\"https:\\\/\\\/ecosupplements.be\\\/fr\\\/boutique\\\/\"},{\"@type\":\"ListItem\",\"position\":3,\"name\":\"Ules\"}]},{\"@type\":\"WebSite\",\"@id\":\"https:\\\/\\\/ecosupplements.be\\\/fr\\\/#website\",\"url\":\"https:\\\/\\\/ecosupplements.be\\\/fr\\\/\",\"name\":\"ECO Supplements\",\"description\":\"Eco Supplements - Gezonde supplementen\",\"publisher\":{\"@id\":\"https:\\\/\\\/ecosupplements.be\\\/fr\\\/#organization\"},\"potentialAction\":[{\"@type\":\"SearchAction\",\"target\":{\"@type\":\"EntryPoint\",\"urlTemplate\":\"https:\\\/\\\/ecosupplements.be\\\/fr\\\/?s={search_term_string}\"},\"query-input\":{\"@type\":\"PropertyValueSpecification\",\"valueRequired\":true,\"valueName\":\"search_term_string\"}}],\"inLanguage\":\"fr-FR\"},{\"@type\":\"Organization\",\"@id\":\"https:\\\/\\\/ecosupplements.be\\\/fr\\\/#organization\",\"name\":\"Eco Supplements\",\"url\":\"https:\\\/\\\/ecosupplements.be\\\/fr\\\/\",\"logo\":{\"@type\":\"ImageObject\",\"inLanguage\":\"fr-FR\",\"@id\":\"https:\\\/\\\/ecosupplements.be\\\/fr\\\/#\\\/schema\\\/logo\\\/image\\\/\",\"url\":\"https:\\\/\\\/ecosupplements.be\\\/wp-content\\\/uploads\\\/2022\\\/06\\\/ecosupplement-family.png\",\"contentUrl\":\"https:\\\/\\\/ecosupplements.be\\\/wp-content\\\/uploads\\\/2022\\\/06\\\/ecosupplement-family.png\",\"width\":593,\"height\":374,\"caption\":\"Eco Supplements\"},\"image\":{\"@id\":\"https:\\\/\\\/ecosupplements.be\\\/fr\\\/#\\\/schema\\\/logo\\\/image\\\/\"}}]}<\/script>\n<meta property=\"product:brand\" content=\"Osavi\" \/>\n<meta property=\"product:price:amount\" content=\"8.61\" \/>\n<meta property=\"product:price:currency\" content=\"EUR\" \/>\n<meta property=\"og:availability\" content=\"instock\" \/>\n<meta property=\"product:availability\" content=\"instock\" \/>\n<meta property=\"product:retailer_item_id\" content=\"5904139922408\" \/>\n<meta property=\"product:condition\" content=\"new\" \/>\n<!-- \/ Yoast SEO Premium plugin. -->","yoast_head_json":{"title":"Ules - ECO Supplements","description":"Wij hebben een ruime keuze aan producten van Ules . Winkel bij Eco Supplements altijd gratis verzending boven 100\u20ac","robots":{"index":"index","follow":"follow","max-snippet":"max-snippet:-1","max-image-preview":"max-image-preview:large","max-video-preview":"max-video-preview:-1"},"canonical":"https:\/\/ecosupplements.be\/fr\/produit\/ules-15\/","og_locale":"fr_FR","og_type":"article","og_title":"Ules","og_description":"Wij hebben een ruime keuze aan producten van Ules . Winkel bij Eco Supplements altijd gratis verzending boven 100\u20ac","og_url":"https:\/\/ecosupplements.be\/fr\/produit\/ules-15\/","og_site_name":"ECO Supplements","article_modified_time":"2025-08-27T13:55:52+00:00","og_image":[{"width":462,"height":750,"url":"https:\/\/ecosupplements.be\/wp-content\/uploads\/2025\/08\/Maca-1000mg-60-vegan-caps-1.jpg","type":"image\/jpeg"}],"twitter_card":"summary_large_image","twitter_misc":{"Prix":"8.61&nbsp;&euro;","Disponibilit\u00e9":"En stock"},"schema":{"@context":"https:\/\/schema.org","@graph":[{"@type":["WebPage","ItemPage"],"@id":"https:\/\/ecosupplements.be\/fr\/produit\/ules-15\/","url":"https:\/\/ecosupplements.be\/fr\/produit\/ules-15\/","name":"Ules - ECO Supplements","isPartOf":{"@id":"https:\/\/ecosupplements.be\/fr\/#website"},"primaryImageOfPage":{"@id":"https:\/\/ecosupplements.be\/fr\/produit\/ules-15\/#primaryimage"},"image":{"@id":"https:\/\/ecosupplements.be\/fr\/produit\/ules-15\/#primaryimage"},"thumbnailUrl":"https:\/\/ecosupplements.be\/wp-content\/uploads\/2025\/08\/Maca-1000mg-60-vegan-caps.jpg","datePublished":"2023-01-13T12:05:16+00:00","dateModified":"2025-08-27T13:55:52+00:00","description":"Wij hebben een ruime keuze aan producten van Ules . Winkel bij Eco Supplements altijd gratis verzending boven 100\u20ac","breadcrumb":{"@id":"https:\/\/ecosupplements.be\/fr\/produit\/ules-15\/#breadcrumb"},"inLanguage":"fr-FR","potentialAction":[{"@type":"ReadAction","target":["https:\/\/ecosupplements.be\/fr\/produit\/ules-15\/"]}]},{"@type":"ImageObject","inLanguage":"fr-FR","@id":"https:\/\/ecosupplements.be\/fr\/produit\/ules-15\/#primaryimage","url":"https:\/\/ecosupplements.be\/wp-content\/uploads\/2025\/08\/Maca-1000mg-60-vegan-caps.jpg","contentUrl":"https:\/\/ecosupplements.be\/wp-content\/uploads\/2025\/08\/Maca-1000mg-60-vegan-caps.jpg","width":462,"height":750},{"@type":"BreadcrumbList","@id":"https:\/\/ecosupplements.be\/fr\/produit\/ules-15\/#breadcrumb","itemListElement":[{"@type":"ListItem","position":1,"name":"Home","item":"https:\/\/ecosupplements.be\/fr\/"},{"@type":"ListItem","position":2,"name":"Boutique","item":"https:\/\/ecosupplements.be\/fr\/boutique\/"},{"@type":"ListItem","position":3,"name":"Ules"}]},{"@type":"WebSite","@id":"https:\/\/ecosupplements.be\/fr\/#website","url":"https:\/\/ecosupplements.be\/fr\/","name":"ECO Supplements","description":"Eco Supplements - Gezonde supplementen","publisher":{"@id":"https:\/\/ecosupplements.be\/fr\/#organization"},"potentialAction":[{"@type":"SearchAction","target":{"@type":"EntryPoint","urlTemplate":"https:\/\/ecosupplements.be\/fr\/?s={search_term_string}"},"query-input":{"@type":"PropertyValueSpecification","valueRequired":true,"valueName":"search_term_string"}}],"inLanguage":"fr-FR"},{"@type":"Organization","@id":"https:\/\/ecosupplements.be\/fr\/#organization","name":"Eco Supplements","url":"https:\/\/ecosupplements.be\/fr\/","logo":{"@type":"ImageObject","inLanguage":"fr-FR","@id":"https:\/\/ecosupplements.be\/fr\/#\/schema\/logo\/image\/","url":"https:\/\/ecosupplements.be\/wp-content\/uploads\/2022\/06\/ecosupplement-family.png","contentUrl":"https:\/\/ecosupplements.be\/wp-content\/uploads\/2022\/06\/ecosupplement-family.png","width":593,"height":374,"caption":"Eco Supplements"},"image":{"@id":"https:\/\/ecosupplements.be\/fr\/#\/schema\/logo\/image\/"}}]},"product_brand":"Osavi","product_price_amount":"8.61","product_price_currency":"EUR","og_availability":"instock","product_availability":"instock","product_retailer_item_id":"5904139922408","product_condition":"new"},"_links":{"self":[{"href":"https:\/\/ecosupplements.be\/fr\/wp-json\/wp\/v2\/product\/289354","targetHints":{"allow":["GET"]}}],"collection":[{"href":"https:\/\/ecosupplements.be\/fr\/wp-json\/wp\/v2\/product"}],"about":[{"href":"https:\/\/ecosupplements.be\/fr\/wp-json\/wp\/v2\/types\/product"}],"replies":[{"embeddable":true,"href":"https:\/\/ecosupplements.be\/fr\/wp-json\/wp\/v2\/comments?post=289354"}],"wp:featuredmedia":[{"embeddable":true,"href":"https:\/\/ecosupplements.be\/fr\/wp-json\/wp\/v2\/media\/261465"}],"wp:attachment":[{"href":"https:\/\/ecosupplements.be\/fr\/wp-json\/wp\/v2\/media?parent=289354"}],"wp:term":[{"taxonomy":"product_brand","embeddable":true,"href":"https:\/\/ecosupplements.be\/fr\/wp-json\/wp\/v2\/product_brand?post=289354"},{"taxonomy":"product_cat","embeddable":true,"href":"https:\/\/ecosupplements.be\/fr\/wp-json\/wp\/v2\/product_cat?post=289354"},{"taxonomy":"product_tag","embeddable":true,"href":"https:\/\/ecosupplements.be\/fr\/wp-json\/wp\/v2\/product_tag?post=289354"}],"curies":[{"name":"wp","href":"https:\/\/api.w.org\/{rel}","templated":true}]}}