{"id":289360,"date":"2024-03-09T13:59:08","date_gmt":"2024-03-09T12:59:08","guid":{"rendered":"https:\/\/ecosupplements.be\/product\/collagene-marin-de-morue-sauvage-pamplemousse-360g\/"},"modified":"2025-08-27T14:55:56","modified_gmt":"2025-08-27T13:55:56","slug":"collagene-marin-de-morue-sauvage-pamplemousse-360g","status":"publish","type":"product","link":"https:\/\/ecosupplements.be\/fr\/produit\/collagene-marin-de-morue-sauvage-pamplemousse-360g\/","title":{"rendered":"Collag\u00e8ne marin de morue sauvage, pamplemousse &#8211; 360g"},"content":{"rendered":"<h1> D\u00e9couvrez le pouvoir de la \u200dnature avec le Marine\u200b Collagen Wild \u2063Cod,\u2063 Grapefruit de la marque \u200cOsavi ! \u200c <\/h1>\n<p>  Fabriqu\u00e9 en Pologne, ce produit\u2064 est un v\u00e9ritable concentr\u00e9 de bienfaits pour votre corps. Il est compos\u00e9 de collag\u00e8ne marin sauvage de \u2062morue, une prot\u00e9ine naturelle qui aide \u00e0 maintenir la sant\u00e9 de la peau, des cheveux et des ongles. Enrichi en extrait de pamplemousse, ce produit offre \u00e9galement une dose d&#8217;antioxydants pour renforcer votre syst\u00e8me immunitaire et prot\u00e9ger\u2062 votre corps\u2063 contre les radicaux libres. <\/p>\n<h2>  Ingr\u00e9dients de qualit\u00e9 sup\u00e9rieure <\/h2>\n<p>  \u2062Le Marine\u200b Collagen Wild Cod, Grapefruit est fabriqu\u00e9 \u00e0\u200c partir d&#8217;ingr\u00e9dients de qualit\u00e9 sup\u00e9rieure, soigneusement s\u00e9lectionn\u00e9s pour leurs bienfaits pour la sant\u00e9. Le collag\u00e8ne marin\u200b sauvage de morue est r\u00e9colt\u00e9 de \u2064mani\u00e8re durable dans les eaux froides et pures de l&#8217;oc\u00e9an Atlantique. L&#8217;extrait de pamplemousse est quant \u00e0 lui obtenu \u00e0 partir de fruits frais, pour une\u2064 efficacit\u00e9 maximale. Ce produit ne contient aucun additif, conservateur ou colorant artificiel, pour une exp\u00e9rience naturelle et saine. <\/p>\n<h2>  Les avantages du collag\u00e8ne marin <\/h2>\n<p>  Le collag\u00e8ne marin est une prot\u00e9ine essentielle pour notre corps, pr\u00e9sente naturellement dans la peau, les cheveux, les \u200congles, les os et les articulations. Avec l&#8217;\u00e2ge, notre production de \u2063collag\u00e8ne diminue, \u200bce qui peut entra\u00eener des signes de vieillissement tels que des rides, une perte de fermet\u00e9 de la peau\u200b et des douleurs articulaires. En consommant du\u200b collag\u00e8ne marin, \u200bvous pouvez aider \u00e0 \u200dmaintenir la sant\u00e9 et la jeunesse de votre peau, \u200bainsi que la solidit\u00e9 \u2063de vos os et\u2062 de vos articulations. <\/p>\n<h2>  \u2063 Comment consommer le\u200c Marine Collagen Wild Cod, Grapefruit ? <\/h2>\n<p>  Ce\u200b produit est tr\u00e8s facile \u00e0 int\u00e9grer \u00e0 votre routine quotidienne. Il \u2063vous suffit de m\u00e9langer une cuill\u00e8re\u2063 \u00e0 soupe de poudre dans un verre d&#8217;eau, de jus ou\u200d de smoothie. Vous pouvez \u00e9galement l&#8217;ajouter \u00e0 vos recettes de cuisine pr\u00e9f\u00e9r\u00e9es, telles que des soupes, des sauces ou\u200c des desserts. Pour de meilleurs r\u00e9sultats, nous vous recommandons de consommer \u200dce produit r\u00e9guli\u00e8rement pendant au moins 3 mois. <\/p>\n<h2>  \u200d Offrez \u200b\u00e0 votre corps le meilleur \u2064de la nature avec le Marine Collagen Wild Cod, Grapefruit de la marque Osavi ! <\/h2>\n","protected":false},"excerpt":{"rendered":"<p>D\u00e9couvrez le pouvoir de la \u200dnature avec le Marine\u200b Collagen Wild \u2063Cod,\u2063 Grapefruit de la marque \u200cOsavi ! \u200c Fabriqu\u00e9 en Pologne, ce produit\u2064 est un v\u00e9ritable concentr\u00e9 de bienfaits pour votre corps. Il est compos\u00e9 de collag\u00e8ne marin sauvage de \u2062morue, une prot\u00e9ine naturelle qui aide \u00e0 maintenir la sant\u00e9 de la peau, des [&#8230;]\n","protected":false},"featured_media":264853,"comment_status":"open","ping_status":"open","template":"","meta":[],"product_brand":[4756],"product_cat":[5121,5052,5185],"product_tag":[],"class_list":{"0":"post-289360","1":"product","2":"type-product","3":"status-publish","4":"has-post-thumbnail","6":"product_brand-osavi-2","7":"product_cat-collagene","8":"product_cat-sante-et-bien-etre","9":"product_cat-une-peau-saine","11":"first","12":"instock","13":"taxable","14":"shipping-taxable","15":"purchasable","16":"product-type-simple"},"yoast_head":"<!-- This site is optimized with the Yoast SEO Premium plugin v27.5 (Yoast SEO v27.5) - https:\/\/yoast.com\/product\/yoast-seo-premium-wordpress\/ -->\n<title>Collag\u00e8ne marin de morue sauvage, pamplemousse - 360g - ECO Supplements<\/title>\n<meta name=\"description\" content=\"Wij hebben een ruime keuze aan producten van Collag\u00e8ne marin de morue sauvage, pamplemousse - 360g . Winkel bij Eco Supplements altijd gratis verzending boven 100\u20ac\" \/>\n<meta name=\"robots\" content=\"index, follow, max-snippet:-1, max-image-preview:large, max-video-preview:-1\" \/>\n<link rel=\"canonical\" href=\"https:\/\/ecosupplements.be\/fr\/produit\/collagene-marin-de-morue-sauvage-pamplemousse-360g\/\" \/>\n<meta property=\"og:locale\" content=\"fr_FR\" \/>\n<meta property=\"og:type\" content=\"article\" \/>\n<meta property=\"og:title\" content=\"Collag\u00e8ne marin de morue sauvage, pamplemousse - 360g\" \/>\n<meta property=\"og:description\" content=\"Wij hebben een ruime keuze aan producten van Collag\u00e8ne marin de morue sauvage, pamplemousse - 360g . Winkel bij Eco Supplements altijd gratis verzending boven 100\u20ac\" \/>\n<meta property=\"og:url\" content=\"https:\/\/ecosupplements.be\/fr\/produit\/collagene-marin-de-morue-sauvage-pamplemousse-360g\/\" \/>\n<meta property=\"og:site_name\" content=\"ECO Supplements\" \/>\n<meta property=\"article:modified_time\" content=\"2025-08-27T13:55:56+00:00\" \/>\n<meta property=\"og:image\" content=\"https:\/\/ecosupplements.be\/wp-content\/uploads\/2025\/08\/Marine-Collagen-Wild-Cod-Grapefruit-360g-1.png\" \/>\n\t<meta property=\"og:image:width\" content=\"552\" \/>\n\t<meta property=\"og:image:height\" content=\"750\" \/>\n\t<meta property=\"og:image:type\" content=\"image\/png\" \/>\n<meta name=\"twitter:card\" content=\"summary_large_image\" \/>\n<meta name=\"twitter:label1\" content=\"Prix\" \/>\n\t<meta name=\"twitter:data1\" content=\"33.71&nbsp;&euro;\" \/>\n\t<meta name=\"twitter:label2\" content=\"Disponibilit\u00e9\" \/>\n\t<meta name=\"twitter:data2\" content=\"En stock\" \/>\n<script type=\"application\/ld+json\" class=\"yoast-schema-graph\">{\"@context\":\"https:\\\/\\\/schema.org\",\"@graph\":[{\"@type\":[\"WebPage\",\"ItemPage\"],\"@id\":\"https:\\\/\\\/ecosupplements.be\\\/fr\\\/produit\\\/collagene-marin-de-morue-sauvage-pamplemousse-360g\\\/\",\"url\":\"https:\\\/\\\/ecosupplements.be\\\/fr\\\/produit\\\/collagene-marin-de-morue-sauvage-pamplemousse-360g\\\/\",\"name\":\"Collag\u00e8ne marin de morue sauvage, pamplemousse - 360g - ECO Supplements\",\"isPartOf\":{\"@id\":\"https:\\\/\\\/ecosupplements.be\\\/fr\\\/#website\"},\"primaryImageOfPage\":{\"@id\":\"https:\\\/\\\/ecosupplements.be\\\/fr\\\/produit\\\/collagene-marin-de-morue-sauvage-pamplemousse-360g\\\/#primaryimage\"},\"image\":{\"@id\":\"https:\\\/\\\/ecosupplements.be\\\/fr\\\/produit\\\/collagene-marin-de-morue-sauvage-pamplemousse-360g\\\/#primaryimage\"},\"thumbnailUrl\":\"https:\\\/\\\/ecosupplements.be\\\/wp-content\\\/uploads\\\/2025\\\/08\\\/Marine-Collagen-Wild-Cod-Grapefruit-360g.png\",\"datePublished\":\"2024-03-09T12:59:08+00:00\",\"dateModified\":\"2025-08-27T13:55:56+00:00\",\"description\":\"Wij hebben een ruime keuze aan producten van Collag\u00e8ne marin de morue sauvage, pamplemousse - 360g . Winkel bij Eco Supplements altijd gratis verzending boven 100\u20ac\",\"breadcrumb\":{\"@id\":\"https:\\\/\\\/ecosupplements.be\\\/fr\\\/produit\\\/collagene-marin-de-morue-sauvage-pamplemousse-360g\\\/#breadcrumb\"},\"inLanguage\":\"fr-FR\",\"potentialAction\":[{\"@type\":\"ReadAction\",\"target\":[\"https:\\\/\\\/ecosupplements.be\\\/fr\\\/produit\\\/collagene-marin-de-morue-sauvage-pamplemousse-360g\\\/\"]}]},{\"@type\":\"ImageObject\",\"inLanguage\":\"fr-FR\",\"@id\":\"https:\\\/\\\/ecosupplements.be\\\/fr\\\/produit\\\/collagene-marin-de-morue-sauvage-pamplemousse-360g\\\/#primaryimage\",\"url\":\"https:\\\/\\\/ecosupplements.be\\\/wp-content\\\/uploads\\\/2025\\\/08\\\/Marine-Collagen-Wild-Cod-Grapefruit-360g.png\",\"contentUrl\":\"https:\\\/\\\/ecosupplements.be\\\/wp-content\\\/uploads\\\/2025\\\/08\\\/Marine-Collagen-Wild-Cod-Grapefruit-360g.png\",\"width\":552,\"height\":750},{\"@type\":\"BreadcrumbList\",\"@id\":\"https:\\\/\\\/ecosupplements.be\\\/fr\\\/produit\\\/collagene-marin-de-morue-sauvage-pamplemousse-360g\\\/#breadcrumb\",\"itemListElement\":[{\"@type\":\"ListItem\",\"position\":1,\"name\":\"Home\",\"item\":\"https:\\\/\\\/ecosupplements.be\\\/fr\\\/\"},{\"@type\":\"ListItem\",\"position\":2,\"name\":\"Boutique\",\"item\":\"https:\\\/\\\/ecosupplements.be\\\/fr\\\/boutique\\\/\"},{\"@type\":\"ListItem\",\"position\":3,\"name\":\"Collag\u00e8ne marin de morue sauvage, pamplemousse &#8211; 360g\"}]},{\"@type\":\"WebSite\",\"@id\":\"https:\\\/\\\/ecosupplements.be\\\/fr\\\/#website\",\"url\":\"https:\\\/\\\/ecosupplements.be\\\/fr\\\/\",\"name\":\"ECO Supplements\",\"description\":\"Eco Supplements - Gezonde supplementen\",\"publisher\":{\"@id\":\"https:\\\/\\\/ecosupplements.be\\\/fr\\\/#organization\"},\"potentialAction\":[{\"@type\":\"SearchAction\",\"target\":{\"@type\":\"EntryPoint\",\"urlTemplate\":\"https:\\\/\\\/ecosupplements.be\\\/fr\\\/?s={search_term_string}\"},\"query-input\":{\"@type\":\"PropertyValueSpecification\",\"valueRequired\":true,\"valueName\":\"search_term_string\"}}],\"inLanguage\":\"fr-FR\"},{\"@type\":\"Organization\",\"@id\":\"https:\\\/\\\/ecosupplements.be\\\/fr\\\/#organization\",\"name\":\"Eco Supplements\",\"url\":\"https:\\\/\\\/ecosupplements.be\\\/fr\\\/\",\"logo\":{\"@type\":\"ImageObject\",\"inLanguage\":\"fr-FR\",\"@id\":\"https:\\\/\\\/ecosupplements.be\\\/fr\\\/#\\\/schema\\\/logo\\\/image\\\/\",\"url\":\"https:\\\/\\\/ecosupplements.be\\\/wp-content\\\/uploads\\\/2022\\\/06\\\/ecosupplement-family.png\",\"contentUrl\":\"https:\\\/\\\/ecosupplements.be\\\/wp-content\\\/uploads\\\/2022\\\/06\\\/ecosupplement-family.png\",\"width\":593,\"height\":374,\"caption\":\"Eco Supplements\"},\"image\":{\"@id\":\"https:\\\/\\\/ecosupplements.be\\\/fr\\\/#\\\/schema\\\/logo\\\/image\\\/\"}}]}<\/script>\n<meta property=\"product:brand\" content=\"Osavi\" \/>\n<meta property=\"product:price:amount\" content=\"33.71\" \/>\n<meta property=\"product:price:currency\" content=\"EUR\" \/>\n<meta property=\"og:availability\" content=\"instock\" \/>\n<meta property=\"product:availability\" content=\"instock\" \/>\n<meta property=\"product:retailer_item_id\" content=\"5904139924037\" \/>\n<meta property=\"product:condition\" content=\"new\" \/>\n<!-- \/ Yoast SEO Premium plugin. -->","yoast_head_json":{"title":"Collag\u00e8ne marin de morue sauvage, pamplemousse - 360g - ECO Supplements","description":"Wij hebben een ruime keuze aan producten van Collag\u00e8ne marin de morue sauvage, pamplemousse - 360g . Winkel bij Eco Supplements altijd gratis verzending boven 100\u20ac","robots":{"index":"index","follow":"follow","max-snippet":"max-snippet:-1","max-image-preview":"max-image-preview:large","max-video-preview":"max-video-preview:-1"},"canonical":"https:\/\/ecosupplements.be\/fr\/produit\/collagene-marin-de-morue-sauvage-pamplemousse-360g\/","og_locale":"fr_FR","og_type":"article","og_title":"Collag\u00e8ne marin de morue sauvage, pamplemousse - 360g","og_description":"Wij hebben een ruime keuze aan producten van Collag\u00e8ne marin de morue sauvage, pamplemousse - 360g . Winkel bij Eco Supplements altijd gratis verzending boven 100\u20ac","og_url":"https:\/\/ecosupplements.be\/fr\/produit\/collagene-marin-de-morue-sauvage-pamplemousse-360g\/","og_site_name":"ECO Supplements","article_modified_time":"2025-08-27T13:55:56+00:00","og_image":[{"width":552,"height":750,"url":"https:\/\/ecosupplements.be\/wp-content\/uploads\/2025\/08\/Marine-Collagen-Wild-Cod-Grapefruit-360g-1.png","type":"image\/png"}],"twitter_card":"summary_large_image","twitter_misc":{"Prix":"33.71&nbsp;&euro;","Disponibilit\u00e9":"En stock"},"schema":{"@context":"https:\/\/schema.org","@graph":[{"@type":["WebPage","ItemPage"],"@id":"https:\/\/ecosupplements.be\/fr\/produit\/collagene-marin-de-morue-sauvage-pamplemousse-360g\/","url":"https:\/\/ecosupplements.be\/fr\/produit\/collagene-marin-de-morue-sauvage-pamplemousse-360g\/","name":"Collag\u00e8ne marin de morue sauvage, pamplemousse - 360g - ECO Supplements","isPartOf":{"@id":"https:\/\/ecosupplements.be\/fr\/#website"},"primaryImageOfPage":{"@id":"https:\/\/ecosupplements.be\/fr\/produit\/collagene-marin-de-morue-sauvage-pamplemousse-360g\/#primaryimage"},"image":{"@id":"https:\/\/ecosupplements.be\/fr\/produit\/collagene-marin-de-morue-sauvage-pamplemousse-360g\/#primaryimage"},"thumbnailUrl":"https:\/\/ecosupplements.be\/wp-content\/uploads\/2025\/08\/Marine-Collagen-Wild-Cod-Grapefruit-360g.png","datePublished":"2024-03-09T12:59:08+00:00","dateModified":"2025-08-27T13:55:56+00:00","description":"Wij hebben een ruime keuze aan producten van Collag\u00e8ne marin de morue sauvage, pamplemousse - 360g . Winkel bij Eco Supplements altijd gratis verzending boven 100\u20ac","breadcrumb":{"@id":"https:\/\/ecosupplements.be\/fr\/produit\/collagene-marin-de-morue-sauvage-pamplemousse-360g\/#breadcrumb"},"inLanguage":"fr-FR","potentialAction":[{"@type":"ReadAction","target":["https:\/\/ecosupplements.be\/fr\/produit\/collagene-marin-de-morue-sauvage-pamplemousse-360g\/"]}]},{"@type":"ImageObject","inLanguage":"fr-FR","@id":"https:\/\/ecosupplements.be\/fr\/produit\/collagene-marin-de-morue-sauvage-pamplemousse-360g\/#primaryimage","url":"https:\/\/ecosupplements.be\/wp-content\/uploads\/2025\/08\/Marine-Collagen-Wild-Cod-Grapefruit-360g.png","contentUrl":"https:\/\/ecosupplements.be\/wp-content\/uploads\/2025\/08\/Marine-Collagen-Wild-Cod-Grapefruit-360g.png","width":552,"height":750},{"@type":"BreadcrumbList","@id":"https:\/\/ecosupplements.be\/fr\/produit\/collagene-marin-de-morue-sauvage-pamplemousse-360g\/#breadcrumb","itemListElement":[{"@type":"ListItem","position":1,"name":"Home","item":"https:\/\/ecosupplements.be\/fr\/"},{"@type":"ListItem","position":2,"name":"Boutique","item":"https:\/\/ecosupplements.be\/fr\/boutique\/"},{"@type":"ListItem","position":3,"name":"Collag\u00e8ne marin de morue sauvage, pamplemousse &#8211; 360g"}]},{"@type":"WebSite","@id":"https:\/\/ecosupplements.be\/fr\/#website","url":"https:\/\/ecosupplements.be\/fr\/","name":"ECO Supplements","description":"Eco Supplements - Gezonde supplementen","publisher":{"@id":"https:\/\/ecosupplements.be\/fr\/#organization"},"potentialAction":[{"@type":"SearchAction","target":{"@type":"EntryPoint","urlTemplate":"https:\/\/ecosupplements.be\/fr\/?s={search_term_string}"},"query-input":{"@type":"PropertyValueSpecification","valueRequired":true,"valueName":"search_term_string"}}],"inLanguage":"fr-FR"},{"@type":"Organization","@id":"https:\/\/ecosupplements.be\/fr\/#organization","name":"Eco Supplements","url":"https:\/\/ecosupplements.be\/fr\/","logo":{"@type":"ImageObject","inLanguage":"fr-FR","@id":"https:\/\/ecosupplements.be\/fr\/#\/schema\/logo\/image\/","url":"https:\/\/ecosupplements.be\/wp-content\/uploads\/2022\/06\/ecosupplement-family.png","contentUrl":"https:\/\/ecosupplements.be\/wp-content\/uploads\/2022\/06\/ecosupplement-family.png","width":593,"height":374,"caption":"Eco Supplements"},"image":{"@id":"https:\/\/ecosupplements.be\/fr\/#\/schema\/logo\/image\/"}}]},"product_brand":"Osavi","product_price_amount":"33.71","product_price_currency":"EUR","og_availability":"instock","product_availability":"instock","product_retailer_item_id":"5904139924037","product_condition":"new"},"_links":{"self":[{"href":"https:\/\/ecosupplements.be\/fr\/wp-json\/wp\/v2\/product\/289360","targetHints":{"allow":["GET"]}}],"collection":[{"href":"https:\/\/ecosupplements.be\/fr\/wp-json\/wp\/v2\/product"}],"about":[{"href":"https:\/\/ecosupplements.be\/fr\/wp-json\/wp\/v2\/types\/product"}],"replies":[{"embeddable":true,"href":"https:\/\/ecosupplements.be\/fr\/wp-json\/wp\/v2\/comments?post=289360"}],"wp:featuredmedia":[{"embeddable":true,"href":"https:\/\/ecosupplements.be\/fr\/wp-json\/wp\/v2\/media\/264853"}],"wp:attachment":[{"href":"https:\/\/ecosupplements.be\/fr\/wp-json\/wp\/v2\/media?parent=289360"}],"wp:term":[{"taxonomy":"product_brand","embeddable":true,"href":"https:\/\/ecosupplements.be\/fr\/wp-json\/wp\/v2\/product_brand?post=289360"},{"taxonomy":"product_cat","embeddable":true,"href":"https:\/\/ecosupplements.be\/fr\/wp-json\/wp\/v2\/product_cat?post=289360"},{"taxonomy":"product_tag","embeddable":true,"href":"https:\/\/ecosupplements.be\/fr\/wp-json\/wp\/v2\/product_tag?post=289360"}],"curies":[{"name":"wp","href":"https:\/\/api.w.org\/{rel}","templated":true}]}}