{"id":289366,"date":"2023-01-13T13:05:16","date_gmt":"2023-01-13T12:05:16","guid":{"rendered":"https:\/\/ecosupplements.be\/product\/spray-oral-de-melatonine-avec-fleur-de-la-passion-1mg-cerise-25-ml\/"},"modified":"2025-08-27T14:56:00","modified_gmt":"2025-08-27T13:56:00","slug":"spray-oral-de-melatonine-avec-fleur-de-la-passion-1mg-cerise-25-ml","status":"publish","type":"product","link":"https:\/\/ecosupplements.be\/fr\/produit\/spray-oral-de-melatonine-avec-fleur-de-la-passion-1mg-cerise-25-ml\/","title":{"rendered":"Spray oral de m\u00e9latonine avec fleur de la passion, 1mg (cerise) &#8211; 25 ml"},"content":{"rendered":"<h1>Melatonin avec Passion Flower Oral Spray, 1mg\u200d (Cerise) \u2063- 25 ml<\/h1>\n<p>D\u00e9couvrez le pouvoir de la nature pour un sommeil r\u00e9parateur avec le \u200bspray oral Melatonin with Passion Flower d&#8217;Osavi.\u200b Ce\u200d produit innovant combine les bienfaits de la m\u00e9latonine et de la fleur de la passion pour vous aider \u00e0 vous endormir plus rapidement et\u200d \u00e0 am\u00e9liorer \u2064la qualit\u00e9 \u2062de votre sommeil.<\/p>\n<h2>Caract\u00e9ristiques\u2064 sp\u00e9ciales:<\/h2>\n<ul>\n<li>Formule unique\u2064 combinant m\u00e9latonine et fleur \u2062de la passion<\/li>\n<li>Spray oral pratique pour une absorption rapide\u2064 et efficace<\/li>\n<li>Dosage pr\u00e9cis de 1mg de m\u00e9latonine par pulv\u00e9risation<\/li>\n<li>Saveur \u2063d\u00e9licieuse de cerise\u200b pour \u200cune exp\u00e9rience agr\u00e9able<\/li>\n<li>Flacon de 25\u200d ml,\u2062 parfait pour \u200bune utilisation \u00e0\u2063 la maison ou en voyage<\/li>\n<\/ul>\n<h2>Ingr\u00e9dients \u2062cl\u00e9s:<\/h2>\n<p>Notre\u200c spray oral Melatonin with Passion \u2064Flower contient des ingr\u00e9dients naturels soigneusement s\u00e9lectionn\u00e9s \u2062pour leurs propri\u00e9t\u00e9s apaisantes et relaxantes. La \u200dm\u00e9latonine, \u00e9galement appel\u00e9e &#8220;hormone du sommeil&#8221;, \u2064est produite naturellement par notre corps pour r\u00e9guler notre cycle\u2064 de sommeil. La\u200b fleur de la passion, quant\u2064 \u00e0 elle, \u200dest utilis\u00e9e depuis des si\u00e8cles pour ses \u200ceffets calmants et pour \u2062favoriser un sommeil profond et r\u00e9parateur.<\/p>\n<h2>Avantages uniques:<\/h2>\n<p>En utilisant notre spray oral Melatonin with Passion Flower, vous pourrez profiter de nombreux avantages pour votre sommeil \u2062et\u2062 votre \u2064bien-\u00eatre g\u00e9n\u00e9ral. En plus de \u200cvous\u200c aider \u00e0 vous endormir plus rapidement, ce produit\u2064 peut \u00e9galement am\u00e9liorer \u200bla qualit\u00e9\u200b de votre\u2062 sommeil en r\u00e9duisant les r\u00e9veils nocturnes et \u200cen favorisant un sommeil plus\u2062 profond et plus r\u00e9parateur. De plus, la forme en spray oral permet une absorption rapide et efficace des ingr\u00e9dients, pour un effet plus rapide.<\/p>\n<h2>Mode d&#8217;emploi:<\/h2>\n<p>Agitez\u200d bien avant utilisation. Vaporisez 1 \u2063\u00e0 2 fois directement dans la bouche, 30 minutes avant le coucher. Pour\u200d une meilleure absorption, gardez le produit en bouche pendant quelques secondes avant d&#8217;avaler. Ne pas d\u00e9passer la dose recommand\u00e9e.<\/p>\n<p>Notre spray oral Melatonin with\u2063 Passion Flower est un\u200b compl\u00e9ment alimentaire et ne\u2064 doit pas \u00eatre utilis\u00e9 comme\u2063 substitut \u2063\u00e0 une alimentation \u00e9quilibr\u00e9e et vari\u00e9e.\u2062 Consultez\u200d votre m\u00e9decin \u200davant\u200b utilisation si\u200d vous \u00eates\u2063 enceinte, allaitez ou si vous prenez\u2062 des m\u00e9dicaments. Tenir \u2063hors de port\u00e9e des enfants.<\/p>\n<p>Offrez-vous un sommeil r\u00e9parateur et naturel avec \u200dle spray oral\u2063 Melatonin with Passion\u2062 Flower \u200cd&#8217;Osavi. Commandez \u2062d\u00e8s maintenant et\u2063 profitez d&#8217;une nuit de sommeil \u2062paisible\u200c et revitalisante.<\/p>\n","protected":false},"excerpt":{"rendered":"<p>Melatonin avec Passion Flower Oral Spray, 1mg\u200d (Cerise) \u2063- 25 ml D\u00e9couvrez le pouvoir de la nature pour un sommeil r\u00e9parateur avec le \u200bspray oral Melatonin with Passion Flower d&#8217;Osavi.\u200b Ce\u200d produit innovant combine les bienfaits de la m\u00e9latonine et de la fleur de la passion pour vous aider \u00e0 vous endormir plus rapidement et\u200d [&#8230;]\n","protected":false},"featured_media":261468,"comment_status":"open","ping_status":"open","template":"","meta":[],"product_brand":[4756],"product_cat":[5159,5160,5054,5055,5052],"product_tag":[],"class_list":{"0":"post-289366","1":"product","2":"type-product","3":"status-publish","4":"has-post-thumbnail","6":"product_brand-osavi-2","7":"product_cat-aide-au-sommeil","8":"product_cat-melatonine-aide-au-sommeil","9":"product_cat-nourriture-saine","10":"product_cat-produits-vegetaliens","11":"product_cat-sante-et-bien-etre","13":"first","14":"instock","15":"taxable","16":"shipping-taxable","17":"purchasable","18":"product-type-simple"},"yoast_head":"<!-- This site is optimized with the Yoast SEO Premium plugin v27.3 (Yoast SEO v27.3) - https:\/\/yoast.com\/product\/yoast-seo-premium-wordpress\/ -->\n<title>Spray oral de m\u00e9latonine avec fleur de la passion, 1mg (cerise) - 25 ml - ECO Supplements<\/title>\n<meta name=\"description\" content=\"Wij hebben een ruime keuze aan producten van Spray oral de m\u00e9latonine avec fleur de la passion, 1mg (cerise) - 25 ml . Winkel bij Eco Supplements altijd gratis verzending boven 100\u20ac\" \/>\n<meta name=\"robots\" content=\"index, follow, max-snippet:-1, max-image-preview:large, max-video-preview:-1\" \/>\n<link rel=\"canonical\" href=\"https:\/\/ecosupplements.be\/fr\/produit\/spray-oral-de-melatonine-avec-fleur-de-la-passion-1mg-cerise-25-ml\/\" \/>\n<meta property=\"og:locale\" content=\"fr_FR\" \/>\n<meta property=\"og:type\" content=\"article\" \/>\n<meta property=\"og:title\" content=\"Spray oral de m\u00e9latonine avec fleur de la passion, 1mg (cerise) - 25 ml\" \/>\n<meta property=\"og:description\" content=\"Wij hebben een ruime keuze aan producten van Spray oral de m\u00e9latonine avec fleur de la passion, 1mg (cerise) - 25 ml . Winkel bij Eco Supplements altijd gratis verzending boven 100\u20ac\" \/>\n<meta property=\"og:url\" content=\"https:\/\/ecosupplements.be\/fr\/produit\/spray-oral-de-melatonine-avec-fleur-de-la-passion-1mg-cerise-25-ml\/\" \/>\n<meta property=\"og:site_name\" content=\"ECO Supplements\" \/>\n<meta property=\"article:modified_time\" content=\"2025-08-27T13:56:00+00:00\" \/>\n<meta property=\"og:image\" content=\"https:\/\/ecosupplements.be\/wp-content\/uploads\/2025\/08\/Melatonin-with-Passion-Flower-Oral-Spray-1mg-Cherry-25-ml-1.png\" \/>\n\t<meta property=\"og:image:width\" content=\"540\" \/>\n\t<meta property=\"og:image:height\" content=\"750\" \/>\n\t<meta property=\"og:image:type\" content=\"image\/png\" \/>\n<meta name=\"twitter:card\" content=\"summary_large_image\" \/>\n<meta name=\"twitter:label1\" content=\"Prix\" \/>\n\t<meta name=\"twitter:data1\" content=\"11.59&nbsp;&euro;\" \/>\n\t<meta name=\"twitter:label2\" content=\"Disponibilit\u00e9\" \/>\n\t<meta name=\"twitter:data2\" content=\"En stock\" \/>\n<script type=\"application\/ld+json\" class=\"yoast-schema-graph\">{\"@context\":\"https:\\\/\\\/schema.org\",\"@graph\":[{\"@type\":[\"WebPage\",\"ItemPage\"],\"@id\":\"https:\\\/\\\/ecosupplements.be\\\/fr\\\/produit\\\/spray-oral-de-melatonine-avec-fleur-de-la-passion-1mg-cerise-25-ml\\\/\",\"url\":\"https:\\\/\\\/ecosupplements.be\\\/fr\\\/produit\\\/spray-oral-de-melatonine-avec-fleur-de-la-passion-1mg-cerise-25-ml\\\/\",\"name\":\"Spray oral de m\u00e9latonine avec fleur de la passion, 1mg (cerise) - 25 ml - ECO Supplements\",\"isPartOf\":{\"@id\":\"https:\\\/\\\/ecosupplements.be\\\/fr\\\/#website\"},\"primaryImageOfPage\":{\"@id\":\"https:\\\/\\\/ecosupplements.be\\\/fr\\\/produit\\\/spray-oral-de-melatonine-avec-fleur-de-la-passion-1mg-cerise-25-ml\\\/#primaryimage\"},\"image\":{\"@id\":\"https:\\\/\\\/ecosupplements.be\\\/fr\\\/produit\\\/spray-oral-de-melatonine-avec-fleur-de-la-passion-1mg-cerise-25-ml\\\/#primaryimage\"},\"thumbnailUrl\":\"https:\\\/\\\/ecosupplements.be\\\/wp-content\\\/uploads\\\/2025\\\/08\\\/Melatonin-with-Passion-Flower-Oral-Spray-1mg-Cherry-25-ml.png\",\"datePublished\":\"2023-01-13T12:05:16+00:00\",\"dateModified\":\"2025-08-27T13:56:00+00:00\",\"description\":\"Wij hebben een ruime keuze aan producten van Spray oral de m\u00e9latonine avec fleur de la passion, 1mg (cerise) - 25 ml . Winkel bij Eco Supplements altijd gratis verzending boven 100\u20ac\",\"breadcrumb\":{\"@id\":\"https:\\\/\\\/ecosupplements.be\\\/fr\\\/produit\\\/spray-oral-de-melatonine-avec-fleur-de-la-passion-1mg-cerise-25-ml\\\/#breadcrumb\"},\"inLanguage\":\"fr-FR\",\"potentialAction\":[{\"@type\":\"ReadAction\",\"target\":[\"https:\\\/\\\/ecosupplements.be\\\/fr\\\/produit\\\/spray-oral-de-melatonine-avec-fleur-de-la-passion-1mg-cerise-25-ml\\\/\"]}]},{\"@type\":\"ImageObject\",\"inLanguage\":\"fr-FR\",\"@id\":\"https:\\\/\\\/ecosupplements.be\\\/fr\\\/produit\\\/spray-oral-de-melatonine-avec-fleur-de-la-passion-1mg-cerise-25-ml\\\/#primaryimage\",\"url\":\"https:\\\/\\\/ecosupplements.be\\\/wp-content\\\/uploads\\\/2025\\\/08\\\/Melatonin-with-Passion-Flower-Oral-Spray-1mg-Cherry-25-ml.png\",\"contentUrl\":\"https:\\\/\\\/ecosupplements.be\\\/wp-content\\\/uploads\\\/2025\\\/08\\\/Melatonin-with-Passion-Flower-Oral-Spray-1mg-Cherry-25-ml.png\",\"width\":540,\"height\":750},{\"@type\":\"BreadcrumbList\",\"@id\":\"https:\\\/\\\/ecosupplements.be\\\/fr\\\/produit\\\/spray-oral-de-melatonine-avec-fleur-de-la-passion-1mg-cerise-25-ml\\\/#breadcrumb\",\"itemListElement\":[{\"@type\":\"ListItem\",\"position\":1,\"name\":\"Home\",\"item\":\"https:\\\/\\\/ecosupplements.be\\\/fr\\\/\"},{\"@type\":\"ListItem\",\"position\":2,\"name\":\"Boutique\",\"item\":\"https:\\\/\\\/ecosupplements.be\\\/fr\\\/boutique\\\/\"},{\"@type\":\"ListItem\",\"position\":3,\"name\":\"Spray oral de m\u00e9latonine avec fleur de la passion, 1mg (cerise) &#8211; 25 ml\"}]},{\"@type\":\"WebSite\",\"@id\":\"https:\\\/\\\/ecosupplements.be\\\/fr\\\/#website\",\"url\":\"https:\\\/\\\/ecosupplements.be\\\/fr\\\/\",\"name\":\"ECO Supplements\",\"description\":\"Eco Supplements - Gezonde supplementen\",\"publisher\":{\"@id\":\"https:\\\/\\\/ecosupplements.be\\\/fr\\\/#organization\"},\"potentialAction\":[{\"@type\":\"SearchAction\",\"target\":{\"@type\":\"EntryPoint\",\"urlTemplate\":\"https:\\\/\\\/ecosupplements.be\\\/fr\\\/?s={search_term_string}\"},\"query-input\":{\"@type\":\"PropertyValueSpecification\",\"valueRequired\":true,\"valueName\":\"search_term_string\"}}],\"inLanguage\":\"fr-FR\"},{\"@type\":\"Organization\",\"@id\":\"https:\\\/\\\/ecosupplements.be\\\/fr\\\/#organization\",\"name\":\"Eco Supplements\",\"url\":\"https:\\\/\\\/ecosupplements.be\\\/fr\\\/\",\"logo\":{\"@type\":\"ImageObject\",\"inLanguage\":\"fr-FR\",\"@id\":\"https:\\\/\\\/ecosupplements.be\\\/fr\\\/#\\\/schema\\\/logo\\\/image\\\/\",\"url\":\"https:\\\/\\\/ecosupplements.be\\\/wp-content\\\/uploads\\\/2022\\\/06\\\/ecosupplement-family.png\",\"contentUrl\":\"https:\\\/\\\/ecosupplements.be\\\/wp-content\\\/uploads\\\/2022\\\/06\\\/ecosupplement-family.png\",\"width\":593,\"height\":374,\"caption\":\"Eco Supplements\"},\"image\":{\"@id\":\"https:\\\/\\\/ecosupplements.be\\\/fr\\\/#\\\/schema\\\/logo\\\/image\\\/\"}}]}<\/script>\n<meta property=\"product:brand\" content=\"Osavi\" \/>\n<meta property=\"product:price:amount\" content=\"11.59\" \/>\n<meta property=\"product:price:currency\" content=\"EUR\" \/>\n<meta property=\"og:availability\" content=\"instock\" \/>\n<meta property=\"product:availability\" content=\"instock\" \/>\n<meta property=\"product:retailer_item_id\" content=\"5904139922736\" \/>\n<meta property=\"product:condition\" content=\"new\" \/>\n<!-- \/ Yoast SEO Premium plugin. -->","yoast_head_json":{"title":"Spray oral de m\u00e9latonine avec fleur de la passion, 1mg (cerise) - 25 ml - ECO Supplements","description":"Wij hebben een ruime keuze aan producten van Spray oral de m\u00e9latonine avec fleur de la passion, 1mg (cerise) - 25 ml . Winkel bij Eco Supplements altijd gratis verzending boven 100\u20ac","robots":{"index":"index","follow":"follow","max-snippet":"max-snippet:-1","max-image-preview":"max-image-preview:large","max-video-preview":"max-video-preview:-1"},"canonical":"https:\/\/ecosupplements.be\/fr\/produit\/spray-oral-de-melatonine-avec-fleur-de-la-passion-1mg-cerise-25-ml\/","og_locale":"fr_FR","og_type":"article","og_title":"Spray oral de m\u00e9latonine avec fleur de la passion, 1mg (cerise) - 25 ml","og_description":"Wij hebben een ruime keuze aan producten van Spray oral de m\u00e9latonine avec fleur de la passion, 1mg (cerise) - 25 ml . Winkel bij Eco Supplements altijd gratis verzending boven 100\u20ac","og_url":"https:\/\/ecosupplements.be\/fr\/produit\/spray-oral-de-melatonine-avec-fleur-de-la-passion-1mg-cerise-25-ml\/","og_site_name":"ECO Supplements","article_modified_time":"2025-08-27T13:56:00+00:00","og_image":[{"width":540,"height":750,"url":"https:\/\/ecosupplements.be\/wp-content\/uploads\/2025\/08\/Melatonin-with-Passion-Flower-Oral-Spray-1mg-Cherry-25-ml-1.png","type":"image\/png"}],"twitter_card":"summary_large_image","twitter_misc":{"Prix":"11.59&nbsp;&euro;","Disponibilit\u00e9":"En stock"},"schema":{"@context":"https:\/\/schema.org","@graph":[{"@type":["WebPage","ItemPage"],"@id":"https:\/\/ecosupplements.be\/fr\/produit\/spray-oral-de-melatonine-avec-fleur-de-la-passion-1mg-cerise-25-ml\/","url":"https:\/\/ecosupplements.be\/fr\/produit\/spray-oral-de-melatonine-avec-fleur-de-la-passion-1mg-cerise-25-ml\/","name":"Spray oral de m\u00e9latonine avec fleur de la passion, 1mg (cerise) - 25 ml - ECO Supplements","isPartOf":{"@id":"https:\/\/ecosupplements.be\/fr\/#website"},"primaryImageOfPage":{"@id":"https:\/\/ecosupplements.be\/fr\/produit\/spray-oral-de-melatonine-avec-fleur-de-la-passion-1mg-cerise-25-ml\/#primaryimage"},"image":{"@id":"https:\/\/ecosupplements.be\/fr\/produit\/spray-oral-de-melatonine-avec-fleur-de-la-passion-1mg-cerise-25-ml\/#primaryimage"},"thumbnailUrl":"https:\/\/ecosupplements.be\/wp-content\/uploads\/2025\/08\/Melatonin-with-Passion-Flower-Oral-Spray-1mg-Cherry-25-ml.png","datePublished":"2023-01-13T12:05:16+00:00","dateModified":"2025-08-27T13:56:00+00:00","description":"Wij hebben een ruime keuze aan producten van Spray oral de m\u00e9latonine avec fleur de la passion, 1mg (cerise) - 25 ml . Winkel bij Eco Supplements altijd gratis verzending boven 100\u20ac","breadcrumb":{"@id":"https:\/\/ecosupplements.be\/fr\/produit\/spray-oral-de-melatonine-avec-fleur-de-la-passion-1mg-cerise-25-ml\/#breadcrumb"},"inLanguage":"fr-FR","potentialAction":[{"@type":"ReadAction","target":["https:\/\/ecosupplements.be\/fr\/produit\/spray-oral-de-melatonine-avec-fleur-de-la-passion-1mg-cerise-25-ml\/"]}]},{"@type":"ImageObject","inLanguage":"fr-FR","@id":"https:\/\/ecosupplements.be\/fr\/produit\/spray-oral-de-melatonine-avec-fleur-de-la-passion-1mg-cerise-25-ml\/#primaryimage","url":"https:\/\/ecosupplements.be\/wp-content\/uploads\/2025\/08\/Melatonin-with-Passion-Flower-Oral-Spray-1mg-Cherry-25-ml.png","contentUrl":"https:\/\/ecosupplements.be\/wp-content\/uploads\/2025\/08\/Melatonin-with-Passion-Flower-Oral-Spray-1mg-Cherry-25-ml.png","width":540,"height":750},{"@type":"BreadcrumbList","@id":"https:\/\/ecosupplements.be\/fr\/produit\/spray-oral-de-melatonine-avec-fleur-de-la-passion-1mg-cerise-25-ml\/#breadcrumb","itemListElement":[{"@type":"ListItem","position":1,"name":"Home","item":"https:\/\/ecosupplements.be\/fr\/"},{"@type":"ListItem","position":2,"name":"Boutique","item":"https:\/\/ecosupplements.be\/fr\/boutique\/"},{"@type":"ListItem","position":3,"name":"Spray oral de m\u00e9latonine avec fleur de la passion, 1mg (cerise) &#8211; 25 ml"}]},{"@type":"WebSite","@id":"https:\/\/ecosupplements.be\/fr\/#website","url":"https:\/\/ecosupplements.be\/fr\/","name":"ECO Supplements","description":"Eco Supplements - Gezonde supplementen","publisher":{"@id":"https:\/\/ecosupplements.be\/fr\/#organization"},"potentialAction":[{"@type":"SearchAction","target":{"@type":"EntryPoint","urlTemplate":"https:\/\/ecosupplements.be\/fr\/?s={search_term_string}"},"query-input":{"@type":"PropertyValueSpecification","valueRequired":true,"valueName":"search_term_string"}}],"inLanguage":"fr-FR"},{"@type":"Organization","@id":"https:\/\/ecosupplements.be\/fr\/#organization","name":"Eco Supplements","url":"https:\/\/ecosupplements.be\/fr\/","logo":{"@type":"ImageObject","inLanguage":"fr-FR","@id":"https:\/\/ecosupplements.be\/fr\/#\/schema\/logo\/image\/","url":"https:\/\/ecosupplements.be\/wp-content\/uploads\/2022\/06\/ecosupplement-family.png","contentUrl":"https:\/\/ecosupplements.be\/wp-content\/uploads\/2022\/06\/ecosupplement-family.png","width":593,"height":374,"caption":"Eco Supplements"},"image":{"@id":"https:\/\/ecosupplements.be\/fr\/#\/schema\/logo\/image\/"}}]},"product_brand":"Osavi","product_price_amount":"11.59","product_price_currency":"EUR","og_availability":"instock","product_availability":"instock","product_retailer_item_id":"5904139922736","product_condition":"new"},"_links":{"self":[{"href":"https:\/\/ecosupplements.be\/fr\/wp-json\/wp\/v2\/product\/289366","targetHints":{"allow":["GET"]}}],"collection":[{"href":"https:\/\/ecosupplements.be\/fr\/wp-json\/wp\/v2\/product"}],"about":[{"href":"https:\/\/ecosupplements.be\/fr\/wp-json\/wp\/v2\/types\/product"}],"replies":[{"embeddable":true,"href":"https:\/\/ecosupplements.be\/fr\/wp-json\/wp\/v2\/comments?post=289366"}],"wp:featuredmedia":[{"embeddable":true,"href":"https:\/\/ecosupplements.be\/fr\/wp-json\/wp\/v2\/media\/261468"}],"wp:attachment":[{"href":"https:\/\/ecosupplements.be\/fr\/wp-json\/wp\/v2\/media?parent=289366"}],"wp:term":[{"taxonomy":"product_brand","embeddable":true,"href":"https:\/\/ecosupplements.be\/fr\/wp-json\/wp\/v2\/product_brand?post=289366"},{"taxonomy":"product_cat","embeddable":true,"href":"https:\/\/ecosupplements.be\/fr\/wp-json\/wp\/v2\/product_cat?post=289366"},{"taxonomy":"product_tag","embeddable":true,"href":"https:\/\/ecosupplements.be\/fr\/wp-json\/wp\/v2\/product_tag?post=289366"}],"curies":[{"name":"wp","href":"https:\/\/api.w.org\/{rel}","templated":true}]}}