{"id":289396,"date":"2024-03-09T14:00:16","date_gmt":"2024-03-09T13:00:16","guid":{"rendered":"https:\/\/ecosupplements.be\/product\/gelules-dhuile-de-foie-de-morue-norvegienne-1000mg-citron-180-gelules\/"},"modified":"2025-08-27T14:56:25","modified_gmt":"2025-08-27T13:56:25","slug":"gelules-dhuile-de-foie-de-morue-norvegienne-1000mg-citron-180-gelules","status":"publish","type":"product","link":"https:\/\/ecosupplements.be\/fr\/produit\/gelules-dhuile-de-foie-de-morue-norvegienne-1000mg-citron-180-gelules\/","title":{"rendered":"G\u00e9lules d&#8217;huile de foie de morue norv\u00e9gienne, 1000mg (citron) &#8211; 180 g\u00e9lules"},"content":{"rendered":"<h1>Norwegian \u2062Cod Liver Oil Softgels, 1000mg (Lemon) &#8211; 180 \u200dsoftgels<\/h1>\n<p>Les softgels d&#8217;huile de foie de morue norv\u00e9gienne Osavi sont \u200dune source\u2064 naturelle et puissante d&#8217;acides\u200c gras \u2062om\u00e9ga-3, de vitamines A et \u2064D, ainsi que \u200dd&#8217;autres nutriments\u200b essentiels pour la sant\u00e9. Chaque softgel contient 1000mg d&#8217;huile de foie de\u200b morue norv\u00e9gienne \u2064de qualit\u00e9 sup\u00e9rieure, avec un d\u00e9licieux ar\u00f4me de citron pour \u2062une prise \u200cagr\u00e9able.<\/p>\n<h2>Caract\u00e9ristiques\u2062 sp\u00e9ciales:<\/h2>\n<ul>\n<li>1000mg d&#8217;huile de foie de morue norv\u00e9gienne\u200c par softgel<\/li>\n<li>Ar\u00f4me\u2063 de citron pour une prise agr\u00e9able<\/li>\n<li>Source naturelle d&#8217;acides gras om\u00e9ga-3, de vitamines A et D<\/li>\n<li>180 softgels par bouteille pour une utilisation prolong\u00e9e<\/li>\n<li>Qualit\u00e9 sup\u00e9rieure, \u2062fabriqu\u00e9 en Pologne<\/li>\n<\/ul>\n<h2>Ingr\u00e9dients:<\/h2>\n<p>Chaque softgel contient 1000mg d&#8217;huile de foie de\u200c morue \u200cnorv\u00e9gienne,\u200b ainsi \u200cque des ingr\u00e9dients naturels tels\u200c que de la g\u00e9latine, de la glyc\u00e9rine et de l&#8217;eau. Les softgels sont sans gluten et sans lactose, \u200det conviennent aux r\u00e9gimes alimentaires\u2063 halal et casher.<\/p>\n<h2>Avantages uniques:<\/h2>\n<p>L&#8217;huile de foie de morue norv\u00e9gienne est connue pour ses nombreux bienfaits pour la \u200bsant\u00e9, \u200bnotamment pour le c\u0153ur, le cerveau, les \u200bos \u200cet la peau. Les acides gras om\u00e9ga-3 pr\u00e9sents\u200d dans l&#8217;huile\u2063 de foie de \u200dmorue \u200cpeuvent aider\u200d \u00e0 r\u00e9duire \u200dl&#8217;inflammation, \u00e0 am\u00e9liorer\u2063 la sant\u00e9 \u200ccardiovasculaire et \u00e0 soutenir la fonction c\u00e9r\u00e9brale. Les vitamines A et D sont \u2064essentielles pour la sant\u00e9 des os, des yeux et\u200b du syst\u00e8me immunitaire.<\/p>\n<h2>Mode d&#8217;emploi:<\/h2>\n<p>Prenez\u200b 1 softgel par jour avec de \u2063l&#8217;eau, de pr\u00e9f\u00e9rence pendant un repas. Ne pas d\u00e9passer la dose recommand\u00e9e.<\/p>\n<p>Conservez le produit \u200ddans un endroit frais et sec, \u00e0 l&#8217;abri de la lumi\u00e8re \u2064directe du soleil. Tenir hors de port\u00e9e des enfants.<\/p>\n<p>Si vous \u00eates enceinte, \u200dallaitez ou prenez des \u200dm\u00e9dicaments, veuillez consulter votre\u2062 m\u00e9decin avant de prendre ce produit.<\/p>\n<p>Ne pas \u2062utiliser\u200d si le sceau de s\u00e9curit\u00e9 est endommag\u00e9 ou manquant.<\/p>\n<p>En cas d&#8217;effets ind\u00e9sirables, cessez \u2063l&#8217;utilisation \u200bet consultez un professionnel de la sant\u00e9.<\/p>\n<p>Les \u2062compl\u00e9ments alimentaires ne\u200d doivent pas remplacer une alimentation \u00e9quilibr\u00e9e et un mode de vie \u200bsain.<\/p>\n<p>Pour une efficacit\u00e9 maximale, utilisez r\u00e9guli\u00e8rement pendant\u200d au moins 2-3\u2063 mois.<\/p>\n<p>Osavi est une marque de confiance en\u2062 mati\u00e8re \u2062de suppl\u00e9ments de \u2063sant\u00e9 \u2063naturels. Tous nos\u200b produits sont fabriqu\u00e9s en Pologne selon \u200bles normes de qualit\u00e9 les plus strictes et sont soumis \u00e0 des tests rigoureux\u200b pour garantir leur puret\u00e9 et leur \u2064efficacit\u00e9.<\/p>\n<p>Essayez\u2064 les softgels d&#8217;huile \u200cde foie \u200dde morue\u2064 norv\u00e9gienne\u200b Osavi d\u00e8s aujourd&#8217;hui \u2063et profitez \u2064des nombreux\u200b bienfaits pour la sant\u00e9 qu&#8217;ils offrent !<\/p>\n","protected":false},"excerpt":{"rendered":"<p>Norwegian \u2062Cod Liver Oil Softgels, 1000mg (Lemon) &#8211; 180 \u200dsoftgels Les softgels d&#8217;huile de foie de morue norv\u00e9gienne Osavi sont \u200dune source\u2064 naturelle et puissante d&#8217;acides\u200c gras \u2062om\u00e9ga-3, de vitamines A et \u2064D, ainsi que \u200dd&#8217;autres nutriments\u200b essentiels pour la sant\u00e9. Chaque softgel contient 1000mg d&#8217;huile de foie de\u200b morue norv\u00e9gienne \u2064de qualit\u00e9 sup\u00e9rieure, avec [&#8230;]\n","protected":false},"featured_media":264865,"comment_status":"open","ping_status":"open","template":"","meta":[],"product_brand":[4756],"product_cat":[5052],"product_tag":[],"class_list":{"0":"post-289396","1":"product","2":"type-product","3":"status-publish","4":"has-post-thumbnail","6":"product_brand-osavi-2","7":"product_cat-sante-et-bien-etre","9":"first","10":"instock","11":"taxable","12":"shipping-taxable","13":"purchasable","14":"product-type-simple"},"yoast_head":"<!-- This site is optimized with the Yoast SEO Premium plugin v27.5 (Yoast SEO v27.5) - https:\/\/yoast.com\/product\/yoast-seo-premium-wordpress\/ -->\n<title>G\u00e9lules d&#039;huile de foie de morue norv\u00e9gienne, 1000mg (citron) - 180 g\u00e9lules - ECO Supplements<\/title>\n<meta name=\"description\" content=\"Wij hebben een ruime keuze aan producten van G\u00e9lules d&#039;huile de foie de morue norv\u00e9gienne, 1000mg (citron) - 180 g\u00e9lules . Winkel bij Eco Supplements altijd gratis verzending boven 100\u20ac\" \/>\n<meta name=\"robots\" content=\"index, follow, max-snippet:-1, max-image-preview:large, max-video-preview:-1\" \/>\n<link rel=\"canonical\" href=\"https:\/\/ecosupplements.be\/fr\/produit\/gelules-dhuile-de-foie-de-morue-norvegienne-1000mg-citron-180-gelules\/\" \/>\n<meta property=\"og:locale\" content=\"fr_FR\" \/>\n<meta property=\"og:type\" content=\"article\" \/>\n<meta property=\"og:title\" content=\"G\u00e9lules d&#039;huile de foie de morue norv\u00e9gienne, 1000mg (citron) - 180 g\u00e9lules\" \/>\n<meta property=\"og:description\" content=\"Wij hebben een ruime keuze aan producten van G\u00e9lules d&#039;huile de foie de morue norv\u00e9gienne, 1000mg (citron) - 180 g\u00e9lules . Winkel bij Eco Supplements altijd gratis verzending boven 100\u20ac\" \/>\n<meta property=\"og:url\" content=\"https:\/\/ecosupplements.be\/fr\/produit\/gelules-dhuile-de-foie-de-morue-norvegienne-1000mg-citron-180-gelules\/\" \/>\n<meta property=\"og:site_name\" content=\"ECO Supplements\" \/>\n<meta property=\"article:modified_time\" content=\"2025-08-27T13:56:25+00:00\" \/>\n<meta property=\"og:image\" content=\"https:\/\/ecosupplements.be\/wp-content\/uploads\/2025\/08\/Norwegian-Cod-Liver-Oil-Softgels-1000mg-Lemon-180-softgels-1.png\" \/>\n\t<meta property=\"og:image:width\" content=\"465\" \/>\n\t<meta property=\"og:image:height\" content=\"750\" \/>\n\t<meta property=\"og:image:type\" content=\"image\/png\" \/>\n<meta name=\"twitter:card\" content=\"summary_large_image\" \/>\n<meta name=\"twitter:label1\" content=\"Prix\" \/>\n\t<meta name=\"twitter:data1\" content=\"28.29&nbsp;&euro;\" \/>\n\t<meta name=\"twitter:label2\" content=\"Disponibilit\u00e9\" \/>\n\t<meta name=\"twitter:data2\" content=\"En stock\" \/>\n<script type=\"application\/ld+json\" class=\"yoast-schema-graph\">{\"@context\":\"https:\\\/\\\/schema.org\",\"@graph\":[{\"@type\":[\"WebPage\",\"ItemPage\"],\"@id\":\"https:\\\/\\\/ecosupplements.be\\\/fr\\\/produit\\\/gelules-dhuile-de-foie-de-morue-norvegienne-1000mg-citron-180-gelules\\\/\",\"url\":\"https:\\\/\\\/ecosupplements.be\\\/fr\\\/produit\\\/gelules-dhuile-de-foie-de-morue-norvegienne-1000mg-citron-180-gelules\\\/\",\"name\":\"G\u00e9lules d'huile de foie de morue norv\u00e9gienne, 1000mg (citron) - 180 g\u00e9lules - ECO Supplements\",\"isPartOf\":{\"@id\":\"https:\\\/\\\/ecosupplements.be\\\/fr\\\/#website\"},\"primaryImageOfPage\":{\"@id\":\"https:\\\/\\\/ecosupplements.be\\\/fr\\\/produit\\\/gelules-dhuile-de-foie-de-morue-norvegienne-1000mg-citron-180-gelules\\\/#primaryimage\"},\"image\":{\"@id\":\"https:\\\/\\\/ecosupplements.be\\\/fr\\\/produit\\\/gelules-dhuile-de-foie-de-morue-norvegienne-1000mg-citron-180-gelules\\\/#primaryimage\"},\"thumbnailUrl\":\"https:\\\/\\\/ecosupplements.be\\\/wp-content\\\/uploads\\\/2025\\\/08\\\/Norwegian-Cod-Liver-Oil-Softgels-1000mg-Lemon-180-softgels.png\",\"datePublished\":\"2024-03-09T13:00:16+00:00\",\"dateModified\":\"2025-08-27T13:56:25+00:00\",\"description\":\"Wij hebben een ruime keuze aan producten van G\u00e9lules d'huile de foie de morue norv\u00e9gienne, 1000mg (citron) - 180 g\u00e9lules . Winkel bij Eco Supplements altijd gratis verzending boven 100\u20ac\",\"breadcrumb\":{\"@id\":\"https:\\\/\\\/ecosupplements.be\\\/fr\\\/produit\\\/gelules-dhuile-de-foie-de-morue-norvegienne-1000mg-citron-180-gelules\\\/#breadcrumb\"},\"inLanguage\":\"fr-FR\",\"potentialAction\":[{\"@type\":\"ReadAction\",\"target\":[\"https:\\\/\\\/ecosupplements.be\\\/fr\\\/produit\\\/gelules-dhuile-de-foie-de-morue-norvegienne-1000mg-citron-180-gelules\\\/\"]}]},{\"@type\":\"ImageObject\",\"inLanguage\":\"fr-FR\",\"@id\":\"https:\\\/\\\/ecosupplements.be\\\/fr\\\/produit\\\/gelules-dhuile-de-foie-de-morue-norvegienne-1000mg-citron-180-gelules\\\/#primaryimage\",\"url\":\"https:\\\/\\\/ecosupplements.be\\\/wp-content\\\/uploads\\\/2025\\\/08\\\/Norwegian-Cod-Liver-Oil-Softgels-1000mg-Lemon-180-softgels.png\",\"contentUrl\":\"https:\\\/\\\/ecosupplements.be\\\/wp-content\\\/uploads\\\/2025\\\/08\\\/Norwegian-Cod-Liver-Oil-Softgels-1000mg-Lemon-180-softgels.png\",\"width\":465,\"height\":750},{\"@type\":\"BreadcrumbList\",\"@id\":\"https:\\\/\\\/ecosupplements.be\\\/fr\\\/produit\\\/gelules-dhuile-de-foie-de-morue-norvegienne-1000mg-citron-180-gelules\\\/#breadcrumb\",\"itemListElement\":[{\"@type\":\"ListItem\",\"position\":1,\"name\":\"Home\",\"item\":\"https:\\\/\\\/ecosupplements.be\\\/fr\\\/\"},{\"@type\":\"ListItem\",\"position\":2,\"name\":\"Boutique\",\"item\":\"https:\\\/\\\/ecosupplements.be\\\/fr\\\/boutique\\\/\"},{\"@type\":\"ListItem\",\"position\":3,\"name\":\"G\u00e9lules d&#8217;huile de foie de morue norv\u00e9gienne, 1000mg (citron) &#8211; 180 g\u00e9lules\"}]},{\"@type\":\"WebSite\",\"@id\":\"https:\\\/\\\/ecosupplements.be\\\/fr\\\/#website\",\"url\":\"https:\\\/\\\/ecosupplements.be\\\/fr\\\/\",\"name\":\"ECO Supplements\",\"description\":\"Eco Supplements - Gezonde supplementen\",\"publisher\":{\"@id\":\"https:\\\/\\\/ecosupplements.be\\\/fr\\\/#organization\"},\"potentialAction\":[{\"@type\":\"SearchAction\",\"target\":{\"@type\":\"EntryPoint\",\"urlTemplate\":\"https:\\\/\\\/ecosupplements.be\\\/fr\\\/?s={search_term_string}\"},\"query-input\":{\"@type\":\"PropertyValueSpecification\",\"valueRequired\":true,\"valueName\":\"search_term_string\"}}],\"inLanguage\":\"fr-FR\"},{\"@type\":\"Organization\",\"@id\":\"https:\\\/\\\/ecosupplements.be\\\/fr\\\/#organization\",\"name\":\"Eco Supplements\",\"url\":\"https:\\\/\\\/ecosupplements.be\\\/fr\\\/\",\"logo\":{\"@type\":\"ImageObject\",\"inLanguage\":\"fr-FR\",\"@id\":\"https:\\\/\\\/ecosupplements.be\\\/fr\\\/#\\\/schema\\\/logo\\\/image\\\/\",\"url\":\"https:\\\/\\\/ecosupplements.be\\\/wp-content\\\/uploads\\\/2022\\\/06\\\/ecosupplement-family.png\",\"contentUrl\":\"https:\\\/\\\/ecosupplements.be\\\/wp-content\\\/uploads\\\/2022\\\/06\\\/ecosupplement-family.png\",\"width\":593,\"height\":374,\"caption\":\"Eco Supplements\"},\"image\":{\"@id\":\"https:\\\/\\\/ecosupplements.be\\\/fr\\\/#\\\/schema\\\/logo\\\/image\\\/\"}}]}<\/script>\n<meta property=\"product:brand\" content=\"Osavi\" \/>\n<meta property=\"product:price:amount\" content=\"28.29\" \/>\n<meta property=\"product:price:currency\" content=\"EUR\" \/>\n<meta property=\"og:availability\" content=\"instock\" \/>\n<meta property=\"product:availability\" content=\"instock\" \/>\n<meta property=\"product:retailer_item_id\" content=\"5065013139289\" \/>\n<meta property=\"product:condition\" content=\"new\" \/>\n<!-- \/ Yoast SEO Premium plugin. -->","yoast_head_json":{"title":"G\u00e9lules d'huile de foie de morue norv\u00e9gienne, 1000mg (citron) - 180 g\u00e9lules - ECO Supplements","description":"Wij hebben een ruime keuze aan producten van G\u00e9lules d'huile de foie de morue norv\u00e9gienne, 1000mg (citron) - 180 g\u00e9lules . Winkel bij Eco Supplements altijd gratis verzending boven 100\u20ac","robots":{"index":"index","follow":"follow","max-snippet":"max-snippet:-1","max-image-preview":"max-image-preview:large","max-video-preview":"max-video-preview:-1"},"canonical":"https:\/\/ecosupplements.be\/fr\/produit\/gelules-dhuile-de-foie-de-morue-norvegienne-1000mg-citron-180-gelules\/","og_locale":"fr_FR","og_type":"article","og_title":"G\u00e9lules d'huile de foie de morue norv\u00e9gienne, 1000mg (citron) - 180 g\u00e9lules","og_description":"Wij hebben een ruime keuze aan producten van G\u00e9lules d'huile de foie de morue norv\u00e9gienne, 1000mg (citron) - 180 g\u00e9lules . Winkel bij Eco Supplements altijd gratis verzending boven 100\u20ac","og_url":"https:\/\/ecosupplements.be\/fr\/produit\/gelules-dhuile-de-foie-de-morue-norvegienne-1000mg-citron-180-gelules\/","og_site_name":"ECO Supplements","article_modified_time":"2025-08-27T13:56:25+00:00","og_image":[{"width":465,"height":750,"url":"https:\/\/ecosupplements.be\/wp-content\/uploads\/2025\/08\/Norwegian-Cod-Liver-Oil-Softgels-1000mg-Lemon-180-softgels-1.png","type":"image\/png"}],"twitter_card":"summary_large_image","twitter_misc":{"Prix":"28.29&nbsp;&euro;","Disponibilit\u00e9":"En stock"},"schema":{"@context":"https:\/\/schema.org","@graph":[{"@type":["WebPage","ItemPage"],"@id":"https:\/\/ecosupplements.be\/fr\/produit\/gelules-dhuile-de-foie-de-morue-norvegienne-1000mg-citron-180-gelules\/","url":"https:\/\/ecosupplements.be\/fr\/produit\/gelules-dhuile-de-foie-de-morue-norvegienne-1000mg-citron-180-gelules\/","name":"G\u00e9lules d'huile de foie de morue norv\u00e9gienne, 1000mg (citron) - 180 g\u00e9lules - ECO Supplements","isPartOf":{"@id":"https:\/\/ecosupplements.be\/fr\/#website"},"primaryImageOfPage":{"@id":"https:\/\/ecosupplements.be\/fr\/produit\/gelules-dhuile-de-foie-de-morue-norvegienne-1000mg-citron-180-gelules\/#primaryimage"},"image":{"@id":"https:\/\/ecosupplements.be\/fr\/produit\/gelules-dhuile-de-foie-de-morue-norvegienne-1000mg-citron-180-gelules\/#primaryimage"},"thumbnailUrl":"https:\/\/ecosupplements.be\/wp-content\/uploads\/2025\/08\/Norwegian-Cod-Liver-Oil-Softgels-1000mg-Lemon-180-softgels.png","datePublished":"2024-03-09T13:00:16+00:00","dateModified":"2025-08-27T13:56:25+00:00","description":"Wij hebben een ruime keuze aan producten van G\u00e9lules d'huile de foie de morue norv\u00e9gienne, 1000mg (citron) - 180 g\u00e9lules . Winkel bij Eco Supplements altijd gratis verzending boven 100\u20ac","breadcrumb":{"@id":"https:\/\/ecosupplements.be\/fr\/produit\/gelules-dhuile-de-foie-de-morue-norvegienne-1000mg-citron-180-gelules\/#breadcrumb"},"inLanguage":"fr-FR","potentialAction":[{"@type":"ReadAction","target":["https:\/\/ecosupplements.be\/fr\/produit\/gelules-dhuile-de-foie-de-morue-norvegienne-1000mg-citron-180-gelules\/"]}]},{"@type":"ImageObject","inLanguage":"fr-FR","@id":"https:\/\/ecosupplements.be\/fr\/produit\/gelules-dhuile-de-foie-de-morue-norvegienne-1000mg-citron-180-gelules\/#primaryimage","url":"https:\/\/ecosupplements.be\/wp-content\/uploads\/2025\/08\/Norwegian-Cod-Liver-Oil-Softgels-1000mg-Lemon-180-softgels.png","contentUrl":"https:\/\/ecosupplements.be\/wp-content\/uploads\/2025\/08\/Norwegian-Cod-Liver-Oil-Softgels-1000mg-Lemon-180-softgels.png","width":465,"height":750},{"@type":"BreadcrumbList","@id":"https:\/\/ecosupplements.be\/fr\/produit\/gelules-dhuile-de-foie-de-morue-norvegienne-1000mg-citron-180-gelules\/#breadcrumb","itemListElement":[{"@type":"ListItem","position":1,"name":"Home","item":"https:\/\/ecosupplements.be\/fr\/"},{"@type":"ListItem","position":2,"name":"Boutique","item":"https:\/\/ecosupplements.be\/fr\/boutique\/"},{"@type":"ListItem","position":3,"name":"G\u00e9lules d&#8217;huile de foie de morue norv\u00e9gienne, 1000mg (citron) &#8211; 180 g\u00e9lules"}]},{"@type":"WebSite","@id":"https:\/\/ecosupplements.be\/fr\/#website","url":"https:\/\/ecosupplements.be\/fr\/","name":"ECO Supplements","description":"Eco Supplements - Gezonde supplementen","publisher":{"@id":"https:\/\/ecosupplements.be\/fr\/#organization"},"potentialAction":[{"@type":"SearchAction","target":{"@type":"EntryPoint","urlTemplate":"https:\/\/ecosupplements.be\/fr\/?s={search_term_string}"},"query-input":{"@type":"PropertyValueSpecification","valueRequired":true,"valueName":"search_term_string"}}],"inLanguage":"fr-FR"},{"@type":"Organization","@id":"https:\/\/ecosupplements.be\/fr\/#organization","name":"Eco Supplements","url":"https:\/\/ecosupplements.be\/fr\/","logo":{"@type":"ImageObject","inLanguage":"fr-FR","@id":"https:\/\/ecosupplements.be\/fr\/#\/schema\/logo\/image\/","url":"https:\/\/ecosupplements.be\/wp-content\/uploads\/2022\/06\/ecosupplement-family.png","contentUrl":"https:\/\/ecosupplements.be\/wp-content\/uploads\/2022\/06\/ecosupplement-family.png","width":593,"height":374,"caption":"Eco Supplements"},"image":{"@id":"https:\/\/ecosupplements.be\/fr\/#\/schema\/logo\/image\/"}}]},"product_brand":"Osavi","product_price_amount":"28.29","product_price_currency":"EUR","og_availability":"instock","product_availability":"instock","product_retailer_item_id":"5065013139289","product_condition":"new"},"_links":{"self":[{"href":"https:\/\/ecosupplements.be\/fr\/wp-json\/wp\/v2\/product\/289396","targetHints":{"allow":["GET"]}}],"collection":[{"href":"https:\/\/ecosupplements.be\/fr\/wp-json\/wp\/v2\/product"}],"about":[{"href":"https:\/\/ecosupplements.be\/fr\/wp-json\/wp\/v2\/types\/product"}],"replies":[{"embeddable":true,"href":"https:\/\/ecosupplements.be\/fr\/wp-json\/wp\/v2\/comments?post=289396"}],"wp:featuredmedia":[{"embeddable":true,"href":"https:\/\/ecosupplements.be\/fr\/wp-json\/wp\/v2\/media\/264865"}],"wp:attachment":[{"href":"https:\/\/ecosupplements.be\/fr\/wp-json\/wp\/v2\/media?parent=289396"}],"wp:term":[{"taxonomy":"product_brand","embeddable":true,"href":"https:\/\/ecosupplements.be\/fr\/wp-json\/wp\/v2\/product_brand?post=289396"},{"taxonomy":"product_cat","embeddable":true,"href":"https:\/\/ecosupplements.be\/fr\/wp-json\/wp\/v2\/product_cat?post=289396"},{"taxonomy":"product_tag","embeddable":true,"href":"https:\/\/ecosupplements.be\/fr\/wp-json\/wp\/v2\/product_tag?post=289396"}],"curies":[{"name":"wp","href":"https:\/\/api.w.org\/{rel}","templated":true}]}}