{"id":289399,"date":"2024-03-09T14:00:23","date_gmt":"2024-03-09T13:00:23","guid":{"rendered":"https:\/\/ecosupplements.be\/product\/gelules-dhuile-de-foie-de-morue-norvegienne-1000mg-citron-60-gelules\/"},"modified":"2025-08-27T14:56:27","modified_gmt":"2025-08-27T13:56:27","slug":"gelules-dhuile-de-foie-de-morue-norvegienne-1000mg-citron-60-gelules","status":"publish","type":"product","link":"https:\/\/ecosupplements.be\/fr\/produit\/gelules-dhuile-de-foie-de-morue-norvegienne-1000mg-citron-60-gelules\/","title":{"rendered":"G\u00e9lules d&#8217;huile de foie de morue norv\u00e9gienne, 1000mg (citron) &#8211; 60 g\u00e9lules"},"content":{"rendered":"<h1>Norwegian Cod Liver\u200c Oil Softgels, 1000mg (Lemon) &#8211; 60 softgels<\/h1>\n<p>Les softgels d&#8217;huile\u200d de foie de morue norv\u00e9gienne Osavi sont\u2063 un compl\u00e9ment alimentaire de haute \u200bqualit\u00e9, riche en acides \u2063gras\u200d om\u00e9ga-3, en vitamines A et D et en antioxydants. Chaque softgel contient 1000mg d&#8217;huile de \u2064foie de morue norv\u00e9gienne pure, avec un d\u00e9licieux go\u00fbt \u200bde citron pour une prise \u200cagr\u00e9able.<\/p>\n<h2>Caract\u00e9ristiques sp\u00e9ciales<\/h2>\n<ul>\n<li>1000mg \u2063d&#8217;huile de foie de morue norv\u00e9gienne pure\u200b par softgel<\/li>\n<li>Go\u00fbt de\u200d citron pour une prise agr\u00e9able<\/li>\n<li>Riche en acides \u200cgras om\u00e9ga-3, vitamines A et D et antioxydants<\/li>\n<li>Fabriqu\u00e9 en Pologne avec des ingr\u00e9dients de haute\u2063 qualit\u00e9<\/li>\n<\/ul>\n<h2>Ingr\u00e9dients<\/h2>\n<p>Chaque\u2063 softgel contient 1000mg d&#8217;huile de foie\u2062 de morue norv\u00e9gienne pure, extraite de poissons sauvages p\u00each\u00e9s dans les eaux\u200d froides et propres de la Norv\u00e8ge. L&#8217;huile est ensuite m\u00e9lang\u00e9e avec\u2063 du jus de citron pour un\u2064 go\u00fbt rafra\u00eechissant et agr\u00e9able.<\/p>\n<h2>Avantages uniques<\/h2>\n<p>L&#8217;huile de \u200cfoie\u200c de morue norv\u00e9gienne est connue pour ses\u200d nombreux \u200bbienfaits pour la sant\u00e9. Elle est riche en acides gras om\u00e9ga-3, qui sont essentiels pour la sant\u00e9 du c\u0153ur et du cerveau. Elle contient \u00e9galement des vitamines A \u200cet D, qui sont importantes pour la sant\u00e9 des os,\u200c des yeux et du syst\u00e8me immunitaire. De plus, l&#8217;huile de foie de morue est une \u2063source naturelle d&#8217;antioxydants, qui aident\u200b \u00e0 prot\u00e9ger les cellules contre les dommages caus\u00e9s \u200cpar les radicaux libres.<\/p>\n<h2>Principales caract\u00e9ristiques<\/h2>\n<ul>\n<li>Compl\u00e9ment alimentaire de haute qualit\u00e9<\/li>\n<li>Contient 1000mg d&#8217;huile de foie de morue norv\u00e9gienne pure par softgel<\/li>\n<li>Go\u00fbt de citron pour une prise agr\u00e9able<\/li>\n<li>Riche en acides gras om\u00e9ga-3, vitamines A et D et\u200c antioxydants<\/li>\n<li>Fabriqu\u00e9 en Pologne avec des ingr\u00e9dients de haute qualit\u00e9<\/li>\n<li>Convient aux adultes\u200d et aux enfants de\u200b plus de \u200d12\u200c ans<\/li>\n<li>60 softgels par bouteille pour un approvisionnement de \u20632 mois<\/li>\n<\/ul>\n<p>Prenez soin de votre \u2063sant\u00e9 avec les softgels d&#8217;huile \u2064de foie de morue norv\u00e9gienne Osavi. Commandez d\u00e8s maintenant et profitez de tous les bienfaits de ce compl\u00e9ment alimentaire de qualit\u00e9 sup\u00e9rieure.<\/p>\n","protected":false},"excerpt":{"rendered":"<p>Norwegian Cod Liver\u200c Oil Softgels, 1000mg (Lemon) &#8211; 60 softgels Les softgels d&#8217;huile\u200d de foie de morue norv\u00e9gienne Osavi sont\u2063 un compl\u00e9ment alimentaire de haute \u200bqualit\u00e9, riche en acides \u2063gras\u200d om\u00e9ga-3, en vitamines A et D et en antioxydants. Chaque softgel contient 1000mg d&#8217;huile de \u2064foie de morue norv\u00e9gienne pure, avec un d\u00e9licieux go\u00fbt \u200bde [&#8230;]\n","protected":false},"featured_media":264868,"comment_status":"open","ping_status":"open","template":"","meta":[],"product_brand":[4756],"product_cat":[5052],"product_tag":[],"class_list":{"0":"post-289399","1":"product","2":"type-product","3":"status-publish","4":"has-post-thumbnail","6":"product_brand-osavi-2","7":"product_cat-sante-et-bien-etre","9":"first","10":"instock","11":"taxable","12":"shipping-taxable","13":"purchasable","14":"product-type-simple"},"yoast_head":"<!-- This site is optimized with the Yoast SEO Premium plugin v27.5 (Yoast SEO v27.5) - https:\/\/yoast.com\/product\/yoast-seo-premium-wordpress\/ -->\n<title>G\u00e9lules d&#039;huile de foie de morue norv\u00e9gienne, 1000mg (citron) - 60 g\u00e9lules - ECO Supplements<\/title>\n<meta name=\"description\" content=\"Wij hebben een ruime keuze aan producten van G\u00e9lules d&#039;huile de foie de morue norv\u00e9gienne, 1000mg (citron) - 60 g\u00e9lules . Winkel bij Eco Supplements altijd gratis verzending boven 100\u20ac\" \/>\n<meta name=\"robots\" content=\"index, follow, max-snippet:-1, max-image-preview:large, max-video-preview:-1\" \/>\n<link rel=\"canonical\" href=\"https:\/\/ecosupplements.be\/fr\/produit\/gelules-dhuile-de-foie-de-morue-norvegienne-1000mg-citron-60-gelules\/\" \/>\n<meta property=\"og:locale\" content=\"fr_FR\" \/>\n<meta property=\"og:type\" content=\"article\" \/>\n<meta property=\"og:title\" content=\"G\u00e9lules d&#039;huile de foie de morue norv\u00e9gienne, 1000mg (citron) - 60 g\u00e9lules\" \/>\n<meta property=\"og:description\" content=\"Wij hebben een ruime keuze aan producten van G\u00e9lules d&#039;huile de foie de morue norv\u00e9gienne, 1000mg (citron) - 60 g\u00e9lules . Winkel bij Eco Supplements altijd gratis verzending boven 100\u20ac\" \/>\n<meta property=\"og:url\" content=\"https:\/\/ecosupplements.be\/fr\/produit\/gelules-dhuile-de-foie-de-morue-norvegienne-1000mg-citron-60-gelules\/\" \/>\n<meta property=\"og:site_name\" content=\"ECO Supplements\" \/>\n<meta property=\"article:modified_time\" content=\"2025-08-27T13:56:27+00:00\" \/>\n<meta property=\"og:image\" content=\"https:\/\/ecosupplements.be\/wp-content\/uploads\/2025\/08\/Norwegian-Cod-Liver-Oil-Softgels-1000mg-Lemon-60-softgels-1.png\" \/>\n\t<meta property=\"og:image:width\" content=\"583\" \/>\n\t<meta property=\"og:image:height\" content=\"750\" \/>\n\t<meta property=\"og:image:type\" content=\"image\/png\" \/>\n<meta name=\"twitter:card\" content=\"summary_large_image\" \/>\n<meta name=\"twitter:label1\" content=\"Prix\" \/>\n\t<meta name=\"twitter:data1\" content=\"10.49&nbsp;&euro;\" \/>\n\t<meta name=\"twitter:label2\" content=\"Disponibilit\u00e9\" \/>\n\t<meta name=\"twitter:data2\" content=\"En stock\" \/>\n<script type=\"application\/ld+json\" class=\"yoast-schema-graph\">{\"@context\":\"https:\\\/\\\/schema.org\",\"@graph\":[{\"@type\":[\"WebPage\",\"ItemPage\"],\"@id\":\"https:\\\/\\\/ecosupplements.be\\\/fr\\\/produit\\\/gelules-dhuile-de-foie-de-morue-norvegienne-1000mg-citron-60-gelules\\\/\",\"url\":\"https:\\\/\\\/ecosupplements.be\\\/fr\\\/produit\\\/gelules-dhuile-de-foie-de-morue-norvegienne-1000mg-citron-60-gelules\\\/\",\"name\":\"G\u00e9lules d'huile de foie de morue norv\u00e9gienne, 1000mg (citron) - 60 g\u00e9lules - ECO Supplements\",\"isPartOf\":{\"@id\":\"https:\\\/\\\/ecosupplements.be\\\/fr\\\/#website\"},\"primaryImageOfPage\":{\"@id\":\"https:\\\/\\\/ecosupplements.be\\\/fr\\\/produit\\\/gelules-dhuile-de-foie-de-morue-norvegienne-1000mg-citron-60-gelules\\\/#primaryimage\"},\"image\":{\"@id\":\"https:\\\/\\\/ecosupplements.be\\\/fr\\\/produit\\\/gelules-dhuile-de-foie-de-morue-norvegienne-1000mg-citron-60-gelules\\\/#primaryimage\"},\"thumbnailUrl\":\"https:\\\/\\\/ecosupplements.be\\\/wp-content\\\/uploads\\\/2025\\\/08\\\/Norwegian-Cod-Liver-Oil-Softgels-1000mg-Lemon-60-softgels.png\",\"datePublished\":\"2024-03-09T13:00:23+00:00\",\"dateModified\":\"2025-08-27T13:56:27+00:00\",\"description\":\"Wij hebben een ruime keuze aan producten van G\u00e9lules d'huile de foie de morue norv\u00e9gienne, 1000mg (citron) - 60 g\u00e9lules . Winkel bij Eco Supplements altijd gratis verzending boven 100\u20ac\",\"breadcrumb\":{\"@id\":\"https:\\\/\\\/ecosupplements.be\\\/fr\\\/produit\\\/gelules-dhuile-de-foie-de-morue-norvegienne-1000mg-citron-60-gelules\\\/#breadcrumb\"},\"inLanguage\":\"fr-FR\",\"potentialAction\":[{\"@type\":\"ReadAction\",\"target\":[\"https:\\\/\\\/ecosupplements.be\\\/fr\\\/produit\\\/gelules-dhuile-de-foie-de-morue-norvegienne-1000mg-citron-60-gelules\\\/\"]}]},{\"@type\":\"ImageObject\",\"inLanguage\":\"fr-FR\",\"@id\":\"https:\\\/\\\/ecosupplements.be\\\/fr\\\/produit\\\/gelules-dhuile-de-foie-de-morue-norvegienne-1000mg-citron-60-gelules\\\/#primaryimage\",\"url\":\"https:\\\/\\\/ecosupplements.be\\\/wp-content\\\/uploads\\\/2025\\\/08\\\/Norwegian-Cod-Liver-Oil-Softgels-1000mg-Lemon-60-softgels.png\",\"contentUrl\":\"https:\\\/\\\/ecosupplements.be\\\/wp-content\\\/uploads\\\/2025\\\/08\\\/Norwegian-Cod-Liver-Oil-Softgels-1000mg-Lemon-60-softgels.png\",\"width\":583,\"height\":750},{\"@type\":\"BreadcrumbList\",\"@id\":\"https:\\\/\\\/ecosupplements.be\\\/fr\\\/produit\\\/gelules-dhuile-de-foie-de-morue-norvegienne-1000mg-citron-60-gelules\\\/#breadcrumb\",\"itemListElement\":[{\"@type\":\"ListItem\",\"position\":1,\"name\":\"Home\",\"item\":\"https:\\\/\\\/ecosupplements.be\\\/fr\\\/\"},{\"@type\":\"ListItem\",\"position\":2,\"name\":\"Boutique\",\"item\":\"https:\\\/\\\/ecosupplements.be\\\/fr\\\/boutique\\\/\"},{\"@type\":\"ListItem\",\"position\":3,\"name\":\"G\u00e9lules d&#8217;huile de foie de morue norv\u00e9gienne, 1000mg (citron) &#8211; 60 g\u00e9lules\"}]},{\"@type\":\"WebSite\",\"@id\":\"https:\\\/\\\/ecosupplements.be\\\/fr\\\/#website\",\"url\":\"https:\\\/\\\/ecosupplements.be\\\/fr\\\/\",\"name\":\"ECO Supplements\",\"description\":\"Eco Supplements - Gezonde supplementen\",\"publisher\":{\"@id\":\"https:\\\/\\\/ecosupplements.be\\\/fr\\\/#organization\"},\"potentialAction\":[{\"@type\":\"SearchAction\",\"target\":{\"@type\":\"EntryPoint\",\"urlTemplate\":\"https:\\\/\\\/ecosupplements.be\\\/fr\\\/?s={search_term_string}\"},\"query-input\":{\"@type\":\"PropertyValueSpecification\",\"valueRequired\":true,\"valueName\":\"search_term_string\"}}],\"inLanguage\":\"fr-FR\"},{\"@type\":\"Organization\",\"@id\":\"https:\\\/\\\/ecosupplements.be\\\/fr\\\/#organization\",\"name\":\"Eco Supplements\",\"url\":\"https:\\\/\\\/ecosupplements.be\\\/fr\\\/\",\"logo\":{\"@type\":\"ImageObject\",\"inLanguage\":\"fr-FR\",\"@id\":\"https:\\\/\\\/ecosupplements.be\\\/fr\\\/#\\\/schema\\\/logo\\\/image\\\/\",\"url\":\"https:\\\/\\\/ecosupplements.be\\\/wp-content\\\/uploads\\\/2022\\\/06\\\/ecosupplement-family.png\",\"contentUrl\":\"https:\\\/\\\/ecosupplements.be\\\/wp-content\\\/uploads\\\/2022\\\/06\\\/ecosupplement-family.png\",\"width\":593,\"height\":374,\"caption\":\"Eco Supplements\"},\"image\":{\"@id\":\"https:\\\/\\\/ecosupplements.be\\\/fr\\\/#\\\/schema\\\/logo\\\/image\\\/\"}}]}<\/script>\n<meta property=\"product:brand\" content=\"Osavi\" \/>\n<meta property=\"product:price:amount\" content=\"10.49\" \/>\n<meta property=\"product:price:currency\" content=\"EUR\" \/>\n<meta property=\"og:availability\" content=\"instock\" \/>\n<meta property=\"product:availability\" content=\"instock\" \/>\n<meta property=\"product:retailer_item_id\" content=\"5065013139302\" \/>\n<meta property=\"product:condition\" content=\"new\" \/>\n<!-- \/ Yoast SEO Premium plugin. -->","yoast_head_json":{"title":"G\u00e9lules d'huile de foie de morue norv\u00e9gienne, 1000mg (citron) - 60 g\u00e9lules - ECO Supplements","description":"Wij hebben een ruime keuze aan producten van G\u00e9lules d'huile de foie de morue norv\u00e9gienne, 1000mg (citron) - 60 g\u00e9lules . Winkel bij Eco Supplements altijd gratis verzending boven 100\u20ac","robots":{"index":"index","follow":"follow","max-snippet":"max-snippet:-1","max-image-preview":"max-image-preview:large","max-video-preview":"max-video-preview:-1"},"canonical":"https:\/\/ecosupplements.be\/fr\/produit\/gelules-dhuile-de-foie-de-morue-norvegienne-1000mg-citron-60-gelules\/","og_locale":"fr_FR","og_type":"article","og_title":"G\u00e9lules d'huile de foie de morue norv\u00e9gienne, 1000mg (citron) - 60 g\u00e9lules","og_description":"Wij hebben een ruime keuze aan producten van G\u00e9lules d'huile de foie de morue norv\u00e9gienne, 1000mg (citron) - 60 g\u00e9lules . Winkel bij Eco Supplements altijd gratis verzending boven 100\u20ac","og_url":"https:\/\/ecosupplements.be\/fr\/produit\/gelules-dhuile-de-foie-de-morue-norvegienne-1000mg-citron-60-gelules\/","og_site_name":"ECO Supplements","article_modified_time":"2025-08-27T13:56:27+00:00","og_image":[{"width":583,"height":750,"url":"https:\/\/ecosupplements.be\/wp-content\/uploads\/2025\/08\/Norwegian-Cod-Liver-Oil-Softgels-1000mg-Lemon-60-softgels-1.png","type":"image\/png"}],"twitter_card":"summary_large_image","twitter_misc":{"Prix":"10.49&nbsp;&euro;","Disponibilit\u00e9":"En stock"},"schema":{"@context":"https:\/\/schema.org","@graph":[{"@type":["WebPage","ItemPage"],"@id":"https:\/\/ecosupplements.be\/fr\/produit\/gelules-dhuile-de-foie-de-morue-norvegienne-1000mg-citron-60-gelules\/","url":"https:\/\/ecosupplements.be\/fr\/produit\/gelules-dhuile-de-foie-de-morue-norvegienne-1000mg-citron-60-gelules\/","name":"G\u00e9lules d'huile de foie de morue norv\u00e9gienne, 1000mg (citron) - 60 g\u00e9lules - ECO Supplements","isPartOf":{"@id":"https:\/\/ecosupplements.be\/fr\/#website"},"primaryImageOfPage":{"@id":"https:\/\/ecosupplements.be\/fr\/produit\/gelules-dhuile-de-foie-de-morue-norvegienne-1000mg-citron-60-gelules\/#primaryimage"},"image":{"@id":"https:\/\/ecosupplements.be\/fr\/produit\/gelules-dhuile-de-foie-de-morue-norvegienne-1000mg-citron-60-gelules\/#primaryimage"},"thumbnailUrl":"https:\/\/ecosupplements.be\/wp-content\/uploads\/2025\/08\/Norwegian-Cod-Liver-Oil-Softgels-1000mg-Lemon-60-softgels.png","datePublished":"2024-03-09T13:00:23+00:00","dateModified":"2025-08-27T13:56:27+00:00","description":"Wij hebben een ruime keuze aan producten van G\u00e9lules d'huile de foie de morue norv\u00e9gienne, 1000mg (citron) - 60 g\u00e9lules . Winkel bij Eco Supplements altijd gratis verzending boven 100\u20ac","breadcrumb":{"@id":"https:\/\/ecosupplements.be\/fr\/produit\/gelules-dhuile-de-foie-de-morue-norvegienne-1000mg-citron-60-gelules\/#breadcrumb"},"inLanguage":"fr-FR","potentialAction":[{"@type":"ReadAction","target":["https:\/\/ecosupplements.be\/fr\/produit\/gelules-dhuile-de-foie-de-morue-norvegienne-1000mg-citron-60-gelules\/"]}]},{"@type":"ImageObject","inLanguage":"fr-FR","@id":"https:\/\/ecosupplements.be\/fr\/produit\/gelules-dhuile-de-foie-de-morue-norvegienne-1000mg-citron-60-gelules\/#primaryimage","url":"https:\/\/ecosupplements.be\/wp-content\/uploads\/2025\/08\/Norwegian-Cod-Liver-Oil-Softgels-1000mg-Lemon-60-softgels.png","contentUrl":"https:\/\/ecosupplements.be\/wp-content\/uploads\/2025\/08\/Norwegian-Cod-Liver-Oil-Softgels-1000mg-Lemon-60-softgels.png","width":583,"height":750},{"@type":"BreadcrumbList","@id":"https:\/\/ecosupplements.be\/fr\/produit\/gelules-dhuile-de-foie-de-morue-norvegienne-1000mg-citron-60-gelules\/#breadcrumb","itemListElement":[{"@type":"ListItem","position":1,"name":"Home","item":"https:\/\/ecosupplements.be\/fr\/"},{"@type":"ListItem","position":2,"name":"Boutique","item":"https:\/\/ecosupplements.be\/fr\/boutique\/"},{"@type":"ListItem","position":3,"name":"G\u00e9lules d&#8217;huile de foie de morue norv\u00e9gienne, 1000mg (citron) &#8211; 60 g\u00e9lules"}]},{"@type":"WebSite","@id":"https:\/\/ecosupplements.be\/fr\/#website","url":"https:\/\/ecosupplements.be\/fr\/","name":"ECO Supplements","description":"Eco Supplements - Gezonde supplementen","publisher":{"@id":"https:\/\/ecosupplements.be\/fr\/#organization"},"potentialAction":[{"@type":"SearchAction","target":{"@type":"EntryPoint","urlTemplate":"https:\/\/ecosupplements.be\/fr\/?s={search_term_string}"},"query-input":{"@type":"PropertyValueSpecification","valueRequired":true,"valueName":"search_term_string"}}],"inLanguage":"fr-FR"},{"@type":"Organization","@id":"https:\/\/ecosupplements.be\/fr\/#organization","name":"Eco Supplements","url":"https:\/\/ecosupplements.be\/fr\/","logo":{"@type":"ImageObject","inLanguage":"fr-FR","@id":"https:\/\/ecosupplements.be\/fr\/#\/schema\/logo\/image\/","url":"https:\/\/ecosupplements.be\/wp-content\/uploads\/2022\/06\/ecosupplement-family.png","contentUrl":"https:\/\/ecosupplements.be\/wp-content\/uploads\/2022\/06\/ecosupplement-family.png","width":593,"height":374,"caption":"Eco Supplements"},"image":{"@id":"https:\/\/ecosupplements.be\/fr\/#\/schema\/logo\/image\/"}}]},"product_brand":"Osavi","product_price_amount":"10.49","product_price_currency":"EUR","og_availability":"instock","product_availability":"instock","product_retailer_item_id":"5065013139302","product_condition":"new"},"_links":{"self":[{"href":"https:\/\/ecosupplements.be\/fr\/wp-json\/wp\/v2\/product\/289399","targetHints":{"allow":["GET"]}}],"collection":[{"href":"https:\/\/ecosupplements.be\/fr\/wp-json\/wp\/v2\/product"}],"about":[{"href":"https:\/\/ecosupplements.be\/fr\/wp-json\/wp\/v2\/types\/product"}],"replies":[{"embeddable":true,"href":"https:\/\/ecosupplements.be\/fr\/wp-json\/wp\/v2\/comments?post=289399"}],"wp:featuredmedia":[{"embeddable":true,"href":"https:\/\/ecosupplements.be\/fr\/wp-json\/wp\/v2\/media\/264868"}],"wp:attachment":[{"href":"https:\/\/ecosupplements.be\/fr\/wp-json\/wp\/v2\/media?parent=289399"}],"wp:term":[{"taxonomy":"product_brand","embeddable":true,"href":"https:\/\/ecosupplements.be\/fr\/wp-json\/wp\/v2\/product_brand?post=289399"},{"taxonomy":"product_cat","embeddable":true,"href":"https:\/\/ecosupplements.be\/fr\/wp-json\/wp\/v2\/product_cat?post=289399"},{"taxonomy":"product_tag","embeddable":true,"href":"https:\/\/ecosupplements.be\/fr\/wp-json\/wp\/v2\/product_tag?post=289399"}],"curies":[{"name":"wp","href":"https:\/\/api.w.org\/{rel}","templated":true}]}}