{"id":289423,"date":"2024-03-09T14:17:09","date_gmt":"2024-03-09T13:17:09","guid":{"rendered":"https:\/\/ecosupplements.be\/product\/huile-de-lin-omega-3-6-9-1000mg-60-capsules-molles\/"},"modified":"2025-08-27T14:56:54","modified_gmt":"2025-08-27T13:56:54","slug":"huile-de-lin-omega-3-6-9-1000mg-60-capsules-molles","status":"publish","type":"product","link":"https:\/\/ecosupplements.be\/fr\/produit\/huile-de-lin-omega-3-6-9-1000mg-60-capsules-molles\/","title":{"rendered":"Huile de lin Omega 3-6-9, 1000mg &#8211; 60 capsules molles"},"content":{"rendered":"<h1> Omega 3-6-9\u200c Flaxseed Oil,\u200c 1000mg &#8211; 60 \u200dsoftgels <\/h1>\n<p>  Obtenez\u2063 tous les bienfaits des \u200cacides gras essentiels avec notre huile de\u2063 lin\u200d Omega 3-6-9. Chaque g\u00e9lule contient \u200c1000mg d&#8217;huile de\u2064 lin pure, press\u00e9e \u00e0 froid pour \u200dpr\u00e9server ses nutriments\u2062 essentiels. <\/p>\n<h2>  Caract\u00e9ristiques\u200b sp\u00e9ciales: <\/h2>\n<ul>\n<li>  Contient\u2063 un\u200c m\u00e9lange\u200b \u00e9quilibr\u00e9 d&#8217;acides gras\u2064 om\u00e9ga-3, om\u00e9ga-6 et om\u00e9ga-9 <\/li>\n<li>  Press\u00e9 \u00e0 froid pour pr\u00e9server les nutriments\u200c essentiels <\/li>\n<li>  Sans OGM et sans gluten <\/li>\n<li>  Fabriqu\u00e9 en Pologne\u2062 avec des ingr\u00e9dients\u2062 de haute \u2064qualit\u00e9 <\/li>\n<\/ul>\n<h2>  Ingr\u00e9dients: <\/h2>\n<p>  Huile de lin press\u00e9e \u00e0 froid, g\u00e9latine, glyc\u00e9rine, eau purifi\u00e9e.\u2062 <\/p>\n<h2>  Avantages uniques:\u200c <\/h2>\n<ul>\n<li>  \u200b Favorise une peau saine et \u00e9clatante <\/li>\n<li>  Soutient la \u200dsant\u00e9 cardiovasculaire \u200d <\/li>\n<li>  Am\u00e9liore\u200d la sant\u00e9 des\u2062 articulations \u2064et\u200d des os\u200b <\/li>\n<li>  Renforce le syst\u00e8me immunitaire <\/li>\n<li>  Contribue \u00e0 une meilleure sant\u00e9 mentale et\u200d \u00e9motionnelle <\/li>\n<\/ul>\n<h2>  \u2062Principales caract\u00e9ristiques: <\/h2>\n<ul>\n<li>  Chaque g\u00e9lule contient 1000mg d&#8217;huile de \u2064lin pure <\/li>\n<li>  Facile \u00e0 avaler et \u00e0 dig\u00e9rer <\/li>\n<li>  Convient \u200daux v\u00e9g\u00e9tariens <\/li>\n<li>  Sans ar\u00f4mes \u200bartificiels,\u200b colorants \u200bou conservateurs <\/li>\n<li>  Emballage pratique de 60 softgels \u2062pour un approvisionnement d&#8217;un mois <\/li>\n<\/ul>\n<p>  Ajoutez notre huile de\u2063 lin Omega\u2064 3-6-9 \u00e0 votre routine \u200dquotidienne pour profiter de tous ses bienfaits pour la sant\u00e9. \u200bFabriqu\u00e9 avec\u200c des ingr\u00e9dients \u2064de \u200chaute qualit\u00e9 en Pologne, vous pouvez \u00eatre s\u00fbr de recevoir \u2064un \u200bproduit s\u00fbr et\u200c efficace. Commandez d\u00e8s maintenant \u2063et d\u00e9couvrez les avantages d&#8217;une suppl\u00e9mentation en acides gras essentiels. \u2062 <\/p>\n","protected":false},"excerpt":{"rendered":"<p>Omega 3-6-9\u200c Flaxseed Oil,\u200c 1000mg &#8211; 60 \u200dsoftgels Obtenez\u2063 tous les bienfaits des \u200cacides gras essentiels avec notre huile de\u2063 lin\u200d Omega 3-6-9. Chaque g\u00e9lule contient \u200c1000mg d&#8217;huile de\u2064 lin pure, press\u00e9e \u00e0 froid pour \u200dpr\u00e9server ses nutriments\u2062 essentiels. Caract\u00e9ristiques\u200b sp\u00e9ciales: Contient\u2063 un\u200c m\u00e9lange\u200b \u00e9quilibr\u00e9 d&#8217;acides gras\u2064 om\u00e9ga-3, om\u00e9ga-6 et om\u00e9ga-9 Press\u00e9 \u00e0 froid pour [&#8230;]\n","protected":false},"featured_media":264889,"comment_status":"open","ping_status":"open","template":"","meta":[],"product_brand":[4756],"product_cat":[5186,5052],"product_tag":[],"class_list":{"0":"post-289423","1":"product","2":"type-product","3":"status-publish","4":"has-post-thumbnail","6":"product_brand-osavi-2","7":"product_cat-huile-et-graines-de-lin","8":"product_cat-sante-et-bien-etre","10":"first","11":"instock","12":"taxable","13":"shipping-taxable","14":"purchasable","15":"product-type-simple"},"yoast_head":"<!-- This site is optimized with the Yoast SEO Premium plugin v27.3 (Yoast SEO v27.3) - https:\/\/yoast.com\/product\/yoast-seo-premium-wordpress\/ -->\n<title>Huile de lin Omega 3-6-9, 1000mg - 60 capsules molles - ECO Supplements<\/title>\n<meta name=\"description\" content=\"Wij hebben een ruime keuze aan producten van Huile de lin Omega 3-6-9, 1000mg - 60 capsules molles . Winkel bij Eco Supplements altijd gratis verzending boven 100\u20ac\" \/>\n<meta name=\"robots\" content=\"index, follow, max-snippet:-1, max-image-preview:large, max-video-preview:-1\" \/>\n<link rel=\"canonical\" href=\"https:\/\/ecosupplements.be\/fr\/produit\/huile-de-lin-omega-3-6-9-1000mg-60-capsules-molles\/\" \/>\n<meta property=\"og:locale\" content=\"fr_FR\" \/>\n<meta property=\"og:type\" content=\"article\" \/>\n<meta property=\"og:title\" content=\"Huile de lin Omega 3-6-9, 1000mg - 60 capsules molles\" \/>\n<meta property=\"og:description\" content=\"Wij hebben een ruime keuze aan producten van Huile de lin Omega 3-6-9, 1000mg - 60 capsules molles . Winkel bij Eco Supplements altijd gratis verzending boven 100\u20ac\" \/>\n<meta property=\"og:url\" content=\"https:\/\/ecosupplements.be\/fr\/produit\/huile-de-lin-omega-3-6-9-1000mg-60-capsules-molles\/\" \/>\n<meta property=\"og:site_name\" content=\"ECO Supplements\" \/>\n<meta property=\"article:modified_time\" content=\"2025-08-27T13:56:54+00:00\" \/>\n<meta property=\"og:image\" content=\"https:\/\/ecosupplements.be\/wp-content\/uploads\/2025\/08\/Omega-3-6-9-Flaxseed-Oil-1000mg-60-softgels-1.png\" \/>\n\t<meta property=\"og:image:width\" content=\"750\" \/>\n\t<meta property=\"og:image:height\" content=\"1177\" \/>\n\t<meta property=\"og:image:type\" content=\"image\/jpeg\" \/>\n<meta name=\"twitter:card\" content=\"summary_large_image\" \/>\n<meta name=\"twitter:label1\" content=\"Prix\" \/>\n\t<meta name=\"twitter:data1\" content=\"8.99&nbsp;&euro;\" \/>\n\t<meta name=\"twitter:label2\" content=\"Disponibilit\u00e9\" \/>\n\t<meta name=\"twitter:data2\" content=\"En stock\" \/>\n<script type=\"application\/ld+json\" class=\"yoast-schema-graph\">{\"@context\":\"https:\\\/\\\/schema.org\",\"@graph\":[{\"@type\":[\"WebPage\",\"ItemPage\"],\"@id\":\"https:\\\/\\\/ecosupplements.be\\\/fr\\\/produit\\\/huile-de-lin-omega-3-6-9-1000mg-60-capsules-molles\\\/\",\"url\":\"https:\\\/\\\/ecosupplements.be\\\/fr\\\/produit\\\/huile-de-lin-omega-3-6-9-1000mg-60-capsules-molles\\\/\",\"name\":\"Huile de lin Omega 3-6-9, 1000mg - 60 capsules molles - ECO Supplements\",\"isPartOf\":{\"@id\":\"https:\\\/\\\/ecosupplements.be\\\/fr\\\/#website\"},\"primaryImageOfPage\":{\"@id\":\"https:\\\/\\\/ecosupplements.be\\\/fr\\\/produit\\\/huile-de-lin-omega-3-6-9-1000mg-60-capsules-molles\\\/#primaryimage\"},\"image\":{\"@id\":\"https:\\\/\\\/ecosupplements.be\\\/fr\\\/produit\\\/huile-de-lin-omega-3-6-9-1000mg-60-capsules-molles\\\/#primaryimage\"},\"thumbnailUrl\":\"https:\\\/\\\/ecosupplements.be\\\/wp-content\\\/uploads\\\/2025\\\/08\\\/Omega-3-6-9-Flaxseed-Oil-1000mg-60-softgels.png\",\"datePublished\":\"2024-03-09T13:17:09+00:00\",\"dateModified\":\"2025-08-27T13:56:54+00:00\",\"description\":\"Wij hebben een ruime keuze aan producten van Huile de lin Omega 3-6-9, 1000mg - 60 capsules molles . Winkel bij Eco Supplements altijd gratis verzending boven 100\u20ac\",\"breadcrumb\":{\"@id\":\"https:\\\/\\\/ecosupplements.be\\\/fr\\\/produit\\\/huile-de-lin-omega-3-6-9-1000mg-60-capsules-molles\\\/#breadcrumb\"},\"inLanguage\":\"fr-FR\",\"potentialAction\":[{\"@type\":\"ReadAction\",\"target\":[\"https:\\\/\\\/ecosupplements.be\\\/fr\\\/produit\\\/huile-de-lin-omega-3-6-9-1000mg-60-capsules-molles\\\/\"]}]},{\"@type\":\"ImageObject\",\"inLanguage\":\"fr-FR\",\"@id\":\"https:\\\/\\\/ecosupplements.be\\\/fr\\\/produit\\\/huile-de-lin-omega-3-6-9-1000mg-60-capsules-molles\\\/#primaryimage\",\"url\":\"https:\\\/\\\/ecosupplements.be\\\/wp-content\\\/uploads\\\/2025\\\/08\\\/Omega-3-6-9-Flaxseed-Oil-1000mg-60-softgels.png\",\"contentUrl\":\"https:\\\/\\\/ecosupplements.be\\\/wp-content\\\/uploads\\\/2025\\\/08\\\/Omega-3-6-9-Flaxseed-Oil-1000mg-60-softgels.png\",\"width\":750,\"height\":1177},{\"@type\":\"BreadcrumbList\",\"@id\":\"https:\\\/\\\/ecosupplements.be\\\/fr\\\/produit\\\/huile-de-lin-omega-3-6-9-1000mg-60-capsules-molles\\\/#breadcrumb\",\"itemListElement\":[{\"@type\":\"ListItem\",\"position\":1,\"name\":\"Home\",\"item\":\"https:\\\/\\\/ecosupplements.be\\\/fr\\\/\"},{\"@type\":\"ListItem\",\"position\":2,\"name\":\"Boutique\",\"item\":\"https:\\\/\\\/ecosupplements.be\\\/fr\\\/boutique\\\/\"},{\"@type\":\"ListItem\",\"position\":3,\"name\":\"Huile de lin Omega 3-6-9, 1000mg &#8211; 60 capsules molles\"}]},{\"@type\":\"WebSite\",\"@id\":\"https:\\\/\\\/ecosupplements.be\\\/fr\\\/#website\",\"url\":\"https:\\\/\\\/ecosupplements.be\\\/fr\\\/\",\"name\":\"ECO Supplements\",\"description\":\"Eco Supplements - Gezonde supplementen\",\"publisher\":{\"@id\":\"https:\\\/\\\/ecosupplements.be\\\/fr\\\/#organization\"},\"potentialAction\":[{\"@type\":\"SearchAction\",\"target\":{\"@type\":\"EntryPoint\",\"urlTemplate\":\"https:\\\/\\\/ecosupplements.be\\\/fr\\\/?s={search_term_string}\"},\"query-input\":{\"@type\":\"PropertyValueSpecification\",\"valueRequired\":true,\"valueName\":\"search_term_string\"}}],\"inLanguage\":\"fr-FR\"},{\"@type\":\"Organization\",\"@id\":\"https:\\\/\\\/ecosupplements.be\\\/fr\\\/#organization\",\"name\":\"Eco Supplements\",\"url\":\"https:\\\/\\\/ecosupplements.be\\\/fr\\\/\",\"logo\":{\"@type\":\"ImageObject\",\"inLanguage\":\"fr-FR\",\"@id\":\"https:\\\/\\\/ecosupplements.be\\\/fr\\\/#\\\/schema\\\/logo\\\/image\\\/\",\"url\":\"https:\\\/\\\/ecosupplements.be\\\/wp-content\\\/uploads\\\/2022\\\/06\\\/ecosupplement-family.png\",\"contentUrl\":\"https:\\\/\\\/ecosupplements.be\\\/wp-content\\\/uploads\\\/2022\\\/06\\\/ecosupplement-family.png\",\"width\":593,\"height\":374,\"caption\":\"Eco Supplements\"},\"image\":{\"@id\":\"https:\\\/\\\/ecosupplements.be\\\/fr\\\/#\\\/schema\\\/logo\\\/image\\\/\"}}]}<\/script>\n<meta property=\"product:brand\" content=\"Osavi\" \/>\n<meta property=\"product:price:amount\" content=\"8.99\" \/>\n<meta property=\"product:price:currency\" content=\"EUR\" \/>\n<meta property=\"og:availability\" content=\"instock\" \/>\n<meta property=\"product:availability\" content=\"instock\" \/>\n<meta property=\"product:retailer_item_id\" content=\"5904139923818\" \/>\n<meta property=\"product:condition\" content=\"new\" \/>\n<!-- \/ Yoast SEO Premium plugin. -->","yoast_head_json":{"title":"Huile de lin Omega 3-6-9, 1000mg - 60 capsules molles - ECO Supplements","description":"Wij hebben een ruime keuze aan producten van Huile de lin Omega 3-6-9, 1000mg - 60 capsules molles . Winkel bij Eco Supplements altijd gratis verzending boven 100\u20ac","robots":{"index":"index","follow":"follow","max-snippet":"max-snippet:-1","max-image-preview":"max-image-preview:large","max-video-preview":"max-video-preview:-1"},"canonical":"https:\/\/ecosupplements.be\/fr\/produit\/huile-de-lin-omega-3-6-9-1000mg-60-capsules-molles\/","og_locale":"fr_FR","og_type":"article","og_title":"Huile de lin Omega 3-6-9, 1000mg - 60 capsules molles","og_description":"Wij hebben een ruime keuze aan producten van Huile de lin Omega 3-6-9, 1000mg - 60 capsules molles . Winkel bij Eco Supplements altijd gratis verzending boven 100\u20ac","og_url":"https:\/\/ecosupplements.be\/fr\/produit\/huile-de-lin-omega-3-6-9-1000mg-60-capsules-molles\/","og_site_name":"ECO Supplements","article_modified_time":"2025-08-27T13:56:54+00:00","og_image":[{"width":750,"height":1177,"url":"https:\/\/ecosupplements.be\/wp-content\/uploads\/2025\/08\/Omega-3-6-9-Flaxseed-Oil-1000mg-60-softgels-1.png","type":"image\/jpeg"}],"twitter_card":"summary_large_image","twitter_misc":{"Prix":"8.99&nbsp;&euro;","Disponibilit\u00e9":"En stock"},"schema":{"@context":"https:\/\/schema.org","@graph":[{"@type":["WebPage","ItemPage"],"@id":"https:\/\/ecosupplements.be\/fr\/produit\/huile-de-lin-omega-3-6-9-1000mg-60-capsules-molles\/","url":"https:\/\/ecosupplements.be\/fr\/produit\/huile-de-lin-omega-3-6-9-1000mg-60-capsules-molles\/","name":"Huile de lin Omega 3-6-9, 1000mg - 60 capsules molles - ECO Supplements","isPartOf":{"@id":"https:\/\/ecosupplements.be\/fr\/#website"},"primaryImageOfPage":{"@id":"https:\/\/ecosupplements.be\/fr\/produit\/huile-de-lin-omega-3-6-9-1000mg-60-capsules-molles\/#primaryimage"},"image":{"@id":"https:\/\/ecosupplements.be\/fr\/produit\/huile-de-lin-omega-3-6-9-1000mg-60-capsules-molles\/#primaryimage"},"thumbnailUrl":"https:\/\/ecosupplements.be\/wp-content\/uploads\/2025\/08\/Omega-3-6-9-Flaxseed-Oil-1000mg-60-softgels.png","datePublished":"2024-03-09T13:17:09+00:00","dateModified":"2025-08-27T13:56:54+00:00","description":"Wij hebben een ruime keuze aan producten van Huile de lin Omega 3-6-9, 1000mg - 60 capsules molles . Winkel bij Eco Supplements altijd gratis verzending boven 100\u20ac","breadcrumb":{"@id":"https:\/\/ecosupplements.be\/fr\/produit\/huile-de-lin-omega-3-6-9-1000mg-60-capsules-molles\/#breadcrumb"},"inLanguage":"fr-FR","potentialAction":[{"@type":"ReadAction","target":["https:\/\/ecosupplements.be\/fr\/produit\/huile-de-lin-omega-3-6-9-1000mg-60-capsules-molles\/"]}]},{"@type":"ImageObject","inLanguage":"fr-FR","@id":"https:\/\/ecosupplements.be\/fr\/produit\/huile-de-lin-omega-3-6-9-1000mg-60-capsules-molles\/#primaryimage","url":"https:\/\/ecosupplements.be\/wp-content\/uploads\/2025\/08\/Omega-3-6-9-Flaxseed-Oil-1000mg-60-softgels.png","contentUrl":"https:\/\/ecosupplements.be\/wp-content\/uploads\/2025\/08\/Omega-3-6-9-Flaxseed-Oil-1000mg-60-softgels.png","width":750,"height":1177},{"@type":"BreadcrumbList","@id":"https:\/\/ecosupplements.be\/fr\/produit\/huile-de-lin-omega-3-6-9-1000mg-60-capsules-molles\/#breadcrumb","itemListElement":[{"@type":"ListItem","position":1,"name":"Home","item":"https:\/\/ecosupplements.be\/fr\/"},{"@type":"ListItem","position":2,"name":"Boutique","item":"https:\/\/ecosupplements.be\/fr\/boutique\/"},{"@type":"ListItem","position":3,"name":"Huile de lin Omega 3-6-9, 1000mg &#8211; 60 capsules molles"}]},{"@type":"WebSite","@id":"https:\/\/ecosupplements.be\/fr\/#website","url":"https:\/\/ecosupplements.be\/fr\/","name":"ECO Supplements","description":"Eco Supplements - Gezonde supplementen","publisher":{"@id":"https:\/\/ecosupplements.be\/fr\/#organization"},"potentialAction":[{"@type":"SearchAction","target":{"@type":"EntryPoint","urlTemplate":"https:\/\/ecosupplements.be\/fr\/?s={search_term_string}"},"query-input":{"@type":"PropertyValueSpecification","valueRequired":true,"valueName":"search_term_string"}}],"inLanguage":"fr-FR"},{"@type":"Organization","@id":"https:\/\/ecosupplements.be\/fr\/#organization","name":"Eco Supplements","url":"https:\/\/ecosupplements.be\/fr\/","logo":{"@type":"ImageObject","inLanguage":"fr-FR","@id":"https:\/\/ecosupplements.be\/fr\/#\/schema\/logo\/image\/","url":"https:\/\/ecosupplements.be\/wp-content\/uploads\/2022\/06\/ecosupplement-family.png","contentUrl":"https:\/\/ecosupplements.be\/wp-content\/uploads\/2022\/06\/ecosupplement-family.png","width":593,"height":374,"caption":"Eco Supplements"},"image":{"@id":"https:\/\/ecosupplements.be\/fr\/#\/schema\/logo\/image\/"}}]},"product_brand":"Osavi","product_price_amount":"8.99","product_price_currency":"EUR","og_availability":"instock","product_availability":"instock","product_retailer_item_id":"5904139923818","product_condition":"new"},"_links":{"self":[{"href":"https:\/\/ecosupplements.be\/fr\/wp-json\/wp\/v2\/product\/289423","targetHints":{"allow":["GET"]}}],"collection":[{"href":"https:\/\/ecosupplements.be\/fr\/wp-json\/wp\/v2\/product"}],"about":[{"href":"https:\/\/ecosupplements.be\/fr\/wp-json\/wp\/v2\/types\/product"}],"replies":[{"embeddable":true,"href":"https:\/\/ecosupplements.be\/fr\/wp-json\/wp\/v2\/comments?post=289423"}],"wp:featuredmedia":[{"embeddable":true,"href":"https:\/\/ecosupplements.be\/fr\/wp-json\/wp\/v2\/media\/264889"}],"wp:attachment":[{"href":"https:\/\/ecosupplements.be\/fr\/wp-json\/wp\/v2\/media?parent=289423"}],"wp:term":[{"taxonomy":"product_brand","embeddable":true,"href":"https:\/\/ecosupplements.be\/fr\/wp-json\/wp\/v2\/product_brand?post=289423"},{"taxonomy":"product_cat","embeddable":true,"href":"https:\/\/ecosupplements.be\/fr\/wp-json\/wp\/v2\/product_cat?post=289423"},{"taxonomy":"product_tag","embeddable":true,"href":"https:\/\/ecosupplements.be\/fr\/wp-json\/wp\/v2\/product_tag?post=289423"}],"curies":[{"name":"wp","href":"https:\/\/api.w.org\/{rel}","templated":true}]}}