{"id":289447,"date":"2022-06-28T10:28:25","date_gmt":"2022-06-28T09:28:25","guid":{"rendered":"https:\/\/ecosupplements.be\/product\/omega-3-vegetalien-250mg-dha-60-gelules-vegetaliennes\/"},"modified":"2025-08-27T14:57:13","modified_gmt":"2025-08-27T13:57:13","slug":"omega-3-vegetalien-250mg-dha-60-gelules-vegetaliennes","status":"publish","type":"product","link":"https:\/\/ecosupplements.be\/fr\/produit\/omega-3-vegetalien-250mg-dha-60-gelules-vegetaliennes\/","title":{"rendered":"Om\u00e9ga-3 V\u00e9g\u00e9talien, 250mg DHA &#8211; 60 g\u00e9lules v\u00e9g\u00e9taliennes"},"content":{"rendered":"<h1>D\u00e9couvrez les \u2063bienfaits des \u200dOmega-3 Vegan d&#8217;Osavi<\/h1>\n<p>Les Omega-3 sont des acides gras essentiels \u2064pour notre sant\u00e9, \u2064mais ils sont souvent associ\u00e9s \u00e0 la consommation de \u2064poisson. \u2063Cependant, gr\u00e2ce aux avanc\u00e9es technologiques,\u2064 il est d\u00e9sormais possible de b\u00e9n\u00e9ficier des bienfaits des Omega-3 sans avoir \u2063\u00e0 consommer de produits d&#8217;origine\u2063 animale. C&#8217;est pourquoi Osavi a d\u00e9velopp\u00e9 les Omega-3 Vegan, une \u200calternative v\u00e9g\u00e9tale pour r\u00e9pondre aux\u200d besoins de tous.<\/p>\n<h2>Caract\u00e9ristiques sp\u00e9ciales<\/h2>\n<ul>\n<li>Formule \u200d100%\u200d v\u00e9g\u00e9tale<\/li>\n<li>Contient 250mg de DHA par softgel<\/li>\n<li>60 softgels par \u2064bo\u00eete<\/li>\n<li>Sans OGM<\/li>\n<li>Sans gluten<\/li>\n<li>Sans produits laitiers<\/li>\n<\/ul>\n<h2>Ingr\u00e9dients de qualit\u00e9 sup\u00e9rieure<\/h2>\n<p>Nos Omega-3 Vegan\u2063 sont fabriqu\u00e9s \u2064\u00e0 \u200bpartir d&#8217;huile d&#8217;algues, une source naturelle et durable de DHA. Nous utilisons uniquement des ingr\u00e9dients de qualit\u00e9 sup\u00e9rieure pour garantir l&#8217;efficacit\u00e9 et la s\u00e9curit\u00e9 de nos produits. \u2063De plus, nos softgels \u200csont\u200b enrob\u00e9s d&#8217;une capsule v\u00e9g\u00e9tale, ce qui les rend adapt\u00e9s aux personnes \u200dsuivant un r\u00e9gime v\u00e9g\u00e9talien ou v\u00e9g\u00e9tarien.<\/p>\n<h2>Les avantages des Omega-3 Vegan<\/h2>\n<p>Les Omega-3\u200d sont essentiels pour le bon fonctionnement de notre corps. Ils contribuent\u200b notamment \u00e0 :<\/p>\n<ul>\n<li>Une fonction cardiaque normale<\/li>\n<li>Une\u2063 vision normale<\/li>\n<li>Une fonction c\u00e9r\u00e9brale normale<\/li>\n<li>Le maintien d&#8217;une \u200bpression art\u00e9rielle\u2064 normale<\/li>\n<li>Le maintien d&#8217;un taux \u200dde triglyc\u00e9rides sanguins \u200bnormaux<\/li>\n<\/ul>\n<p>En choisissant les Omega-3 Vegan \u200cd&#8217;Osavi,\u200c vous faites \u200ble choix d&#8217;un\u2063 compl\u00e9ment alimentaire de qualit\u00e9 pour prendre soin de votre sant\u00e9 de mani\u00e8re naturelle et responsable.<\/p>\n<h2>Mode d&#8217;utilisation<\/h2>\n<p>Prenez 1 softgel par jour avec un verre d&#8217;eau, de\u2064 pr\u00e9f\u00e9rence \u200cpendant \u200dun repas.<\/p>\n<p>Ne d\u00e9passez pas la dose \u2062recommand\u00e9e. Les \u2062compl\u00e9ments alimentaires \u2062ne doivent pas \u00eatre utilis\u00e9s comme substituts d&#8217;un \u2063r\u00e9gime alimentaire vari\u00e9 \u2063et \u00e9quilibr\u00e9 et d&#8217;un mode de vie\u2062 sain.<\/p>\n<p>Conservez dans un endroit frais et\u2063 sec, \u00e0 l&#8217;abri de la lumi\u00e8re directe du \u200dsoleil. Tenir hors de\u2063 port\u00e9e des enfants.<\/p>\n<p>Offrez \u00e0 votre corps les bienfaits des Omega-3\u2062 sans \u2063compromis avec \u2062les Omega-3\u2063 Vegan \u200dd&#8217;Osavi. Commandez d\u00e8s maintenant\u2063 et profitez d&#8217;une sant\u00e9 optimale au naturel.<\/p>\n","protected":false},"excerpt":{"rendered":"<p>D\u00e9couvrez les \u2063bienfaits des \u200dOmega-3 Vegan d&#8217;Osavi Les Omega-3 sont des acides gras essentiels \u2064pour notre sant\u00e9, \u2064mais ils sont souvent associ\u00e9s \u00e0 la consommation de \u2064poisson. \u2063Cependant, gr\u00e2ce aux avanc\u00e9es technologiques,\u2064 il est d\u00e9sormais possible de b\u00e9n\u00e9ficier des bienfaits des Omega-3 sans avoir \u2063\u00e0 consommer de produits d&#8217;origine\u2063 animale. C&#8217;est pourquoi Osavi a d\u00e9velopp\u00e9 [&#8230;]\n","protected":false},"featured_media":253621,"comment_status":"open","ping_status":"open","template":"","meta":[],"product_brand":[4756],"product_cat":[5054,5055,5052],"product_tag":[],"class_list":{"0":"post-289447","1":"product","2":"type-product","3":"status-publish","4":"has-post-thumbnail","6":"product_brand-osavi-2","7":"product_cat-nourriture-saine","8":"product_cat-produits-vegetaliens","9":"product_cat-sante-et-bien-etre","11":"first","12":"outofstock","13":"taxable","14":"shipping-taxable","15":"purchasable","16":"product-type-simple"},"yoast_head":"<!-- This site is optimized with the Yoast SEO Premium plugin v27.3 (Yoast SEO v27.3) - https:\/\/yoast.com\/product\/yoast-seo-premium-wordpress\/ -->\n<title>Om\u00e9ga-3 V\u00e9g\u00e9talien, 250mg DHA - 60 g\u00e9lules v\u00e9g\u00e9taliennes - ECO Supplements<\/title>\n<meta name=\"description\" content=\"Wij hebben een ruime keuze aan producten van Om\u00e9ga-3 V\u00e9g\u00e9talien, 250mg DHA - 60 g\u00e9lules v\u00e9g\u00e9taliennes . Winkel bij Eco Supplements altijd gratis verzending boven 100\u20ac\" \/>\n<meta name=\"robots\" content=\"index, follow, max-snippet:-1, max-image-preview:large, max-video-preview:-1\" \/>\n<link rel=\"canonical\" href=\"https:\/\/ecosupplements.be\/fr\/produit\/omega-3-vegetalien-250mg-dha-60-gelules-vegetaliennes\/\" \/>\n<meta property=\"og:locale\" content=\"fr_FR\" \/>\n<meta property=\"og:type\" content=\"article\" \/>\n<meta property=\"og:title\" content=\"Om\u00e9ga-3 V\u00e9g\u00e9talien, 250mg DHA - 60 g\u00e9lules v\u00e9g\u00e9taliennes\" \/>\n<meta property=\"og:description\" content=\"Wij hebben een ruime keuze aan producten van Om\u00e9ga-3 V\u00e9g\u00e9talien, 250mg DHA - 60 g\u00e9lules v\u00e9g\u00e9taliennes . Winkel bij Eco Supplements altijd gratis verzending boven 100\u20ac\" \/>\n<meta property=\"og:url\" content=\"https:\/\/ecosupplements.be\/fr\/produit\/omega-3-vegetalien-250mg-dha-60-gelules-vegetaliennes\/\" \/>\n<meta property=\"og:site_name\" content=\"ECO Supplements\" \/>\n<meta property=\"article:modified_time\" content=\"2025-08-27T13:57:13+00:00\" \/>\n<meta property=\"og:image\" content=\"https:\/\/ecosupplements.be\/wp-content\/uploads\/2025\/08\/Omega-3-Vegan-250mg-DHA-60-vegan-softgels-2.png\" \/>\n\t<meta property=\"og:image:width\" content=\"418\" \/>\n\t<meta property=\"og:image:height\" content=\"750\" \/>\n\t<meta property=\"og:image:type\" content=\"image\/png\" \/>\n<meta name=\"twitter:card\" content=\"summary_large_image\" \/>\n<meta name=\"twitter:label1\" content=\"Prix\" \/>\n\t<meta name=\"twitter:data1\" content=\"17.45&nbsp;&euro;\" \/>\n\t<meta name=\"twitter:label2\" content=\"Disponibilit\u00e9\" \/>\n\t<meta name=\"twitter:data2\" content=\"Rupture de stock\" \/>\n<script type=\"application\/ld+json\" class=\"yoast-schema-graph\">{\"@context\":\"https:\\\/\\\/schema.org\",\"@graph\":[{\"@type\":[\"WebPage\",\"ItemPage\"],\"@id\":\"https:\\\/\\\/ecosupplements.be\\\/fr\\\/produit\\\/omega-3-vegetalien-250mg-dha-60-gelules-vegetaliennes\\\/\",\"url\":\"https:\\\/\\\/ecosupplements.be\\\/fr\\\/produit\\\/omega-3-vegetalien-250mg-dha-60-gelules-vegetaliennes\\\/\",\"name\":\"Om\u00e9ga-3 V\u00e9g\u00e9talien, 250mg DHA - 60 g\u00e9lules v\u00e9g\u00e9taliennes - ECO Supplements\",\"isPartOf\":{\"@id\":\"https:\\\/\\\/ecosupplements.be\\\/fr\\\/#website\"},\"primaryImageOfPage\":{\"@id\":\"https:\\\/\\\/ecosupplements.be\\\/fr\\\/produit\\\/omega-3-vegetalien-250mg-dha-60-gelules-vegetaliennes\\\/#primaryimage\"},\"image\":{\"@id\":\"https:\\\/\\\/ecosupplements.be\\\/fr\\\/produit\\\/omega-3-vegetalien-250mg-dha-60-gelules-vegetaliennes\\\/#primaryimage\"},\"thumbnailUrl\":\"https:\\\/\\\/ecosupplements.be\\\/wp-content\\\/uploads\\\/2025\\\/08\\\/Omega-3-Vegan-250mg-DHA-60-vegan-softgels.png\",\"datePublished\":\"2022-06-28T09:28:25+00:00\",\"dateModified\":\"2025-08-27T13:57:13+00:00\",\"description\":\"Wij hebben een ruime keuze aan producten van Om\u00e9ga-3 V\u00e9g\u00e9talien, 250mg DHA - 60 g\u00e9lules v\u00e9g\u00e9taliennes . Winkel bij Eco Supplements altijd gratis verzending boven 100\u20ac\",\"breadcrumb\":{\"@id\":\"https:\\\/\\\/ecosupplements.be\\\/fr\\\/produit\\\/omega-3-vegetalien-250mg-dha-60-gelules-vegetaliennes\\\/#breadcrumb\"},\"inLanguage\":\"fr-FR\",\"potentialAction\":[{\"@type\":\"ReadAction\",\"target\":[\"https:\\\/\\\/ecosupplements.be\\\/fr\\\/produit\\\/omega-3-vegetalien-250mg-dha-60-gelules-vegetaliennes\\\/\"]}]},{\"@type\":\"ImageObject\",\"inLanguage\":\"fr-FR\",\"@id\":\"https:\\\/\\\/ecosupplements.be\\\/fr\\\/produit\\\/omega-3-vegetalien-250mg-dha-60-gelules-vegetaliennes\\\/#primaryimage\",\"url\":\"https:\\\/\\\/ecosupplements.be\\\/wp-content\\\/uploads\\\/2025\\\/08\\\/Omega-3-Vegan-250mg-DHA-60-vegan-softgels.png\",\"contentUrl\":\"https:\\\/\\\/ecosupplements.be\\\/wp-content\\\/uploads\\\/2025\\\/08\\\/Omega-3-Vegan-250mg-DHA-60-vegan-softgels.png\",\"width\":500,\"height\":500},{\"@type\":\"BreadcrumbList\",\"@id\":\"https:\\\/\\\/ecosupplements.be\\\/fr\\\/produit\\\/omega-3-vegetalien-250mg-dha-60-gelules-vegetaliennes\\\/#breadcrumb\",\"itemListElement\":[{\"@type\":\"ListItem\",\"position\":1,\"name\":\"Home\",\"item\":\"https:\\\/\\\/ecosupplements.be\\\/fr\\\/\"},{\"@type\":\"ListItem\",\"position\":2,\"name\":\"Boutique\",\"item\":\"https:\\\/\\\/ecosupplements.be\\\/fr\\\/boutique\\\/\"},{\"@type\":\"ListItem\",\"position\":3,\"name\":\"Om\u00e9ga-3 V\u00e9g\u00e9talien, 250mg DHA &#8211; 60 g\u00e9lules v\u00e9g\u00e9taliennes\"}]},{\"@type\":\"WebSite\",\"@id\":\"https:\\\/\\\/ecosupplements.be\\\/fr\\\/#website\",\"url\":\"https:\\\/\\\/ecosupplements.be\\\/fr\\\/\",\"name\":\"ECO Supplements\",\"description\":\"Eco Supplements - Gezonde supplementen\",\"publisher\":{\"@id\":\"https:\\\/\\\/ecosupplements.be\\\/fr\\\/#organization\"},\"potentialAction\":[{\"@type\":\"SearchAction\",\"target\":{\"@type\":\"EntryPoint\",\"urlTemplate\":\"https:\\\/\\\/ecosupplements.be\\\/fr\\\/?s={search_term_string}\"},\"query-input\":{\"@type\":\"PropertyValueSpecification\",\"valueRequired\":true,\"valueName\":\"search_term_string\"}}],\"inLanguage\":\"fr-FR\"},{\"@type\":\"Organization\",\"@id\":\"https:\\\/\\\/ecosupplements.be\\\/fr\\\/#organization\",\"name\":\"Eco Supplements\",\"url\":\"https:\\\/\\\/ecosupplements.be\\\/fr\\\/\",\"logo\":{\"@type\":\"ImageObject\",\"inLanguage\":\"fr-FR\",\"@id\":\"https:\\\/\\\/ecosupplements.be\\\/fr\\\/#\\\/schema\\\/logo\\\/image\\\/\",\"url\":\"https:\\\/\\\/ecosupplements.be\\\/wp-content\\\/uploads\\\/2022\\\/06\\\/ecosupplement-family.png\",\"contentUrl\":\"https:\\\/\\\/ecosupplements.be\\\/wp-content\\\/uploads\\\/2022\\\/06\\\/ecosupplement-family.png\",\"width\":593,\"height\":374,\"caption\":\"Eco Supplements\"},\"image\":{\"@id\":\"https:\\\/\\\/ecosupplements.be\\\/fr\\\/#\\\/schema\\\/logo\\\/image\\\/\"}}]}<\/script>\n<meta property=\"product:brand\" content=\"Osavi\" \/>\n<meta property=\"product:price:amount\" content=\"17.45\" \/>\n<meta property=\"product:price:currency\" content=\"EUR\" \/>\n<meta property=\"og:availability\" content=\"out of stock\" \/>\n<meta property=\"product:availability\" content=\"out of stock\" \/>\n<meta property=\"product:retailer_item_id\" content=\"5904139920442\" \/>\n<meta property=\"product:condition\" content=\"new\" \/>\n<!-- \/ Yoast SEO Premium plugin. -->","yoast_head_json":{"title":"Om\u00e9ga-3 V\u00e9g\u00e9talien, 250mg DHA - 60 g\u00e9lules v\u00e9g\u00e9taliennes - ECO Supplements","description":"Wij hebben een ruime keuze aan producten van Om\u00e9ga-3 V\u00e9g\u00e9talien, 250mg DHA - 60 g\u00e9lules v\u00e9g\u00e9taliennes . Winkel bij Eco Supplements altijd gratis verzending boven 100\u20ac","robots":{"index":"index","follow":"follow","max-snippet":"max-snippet:-1","max-image-preview":"max-image-preview:large","max-video-preview":"max-video-preview:-1"},"canonical":"https:\/\/ecosupplements.be\/fr\/produit\/omega-3-vegetalien-250mg-dha-60-gelules-vegetaliennes\/","og_locale":"fr_FR","og_type":"article","og_title":"Om\u00e9ga-3 V\u00e9g\u00e9talien, 250mg DHA - 60 g\u00e9lules v\u00e9g\u00e9taliennes","og_description":"Wij hebben een ruime keuze aan producten van Om\u00e9ga-3 V\u00e9g\u00e9talien, 250mg DHA - 60 g\u00e9lules v\u00e9g\u00e9taliennes . Winkel bij Eco Supplements altijd gratis verzending boven 100\u20ac","og_url":"https:\/\/ecosupplements.be\/fr\/produit\/omega-3-vegetalien-250mg-dha-60-gelules-vegetaliennes\/","og_site_name":"ECO Supplements","article_modified_time":"2025-08-27T13:57:13+00:00","og_image":[{"width":418,"height":750,"url":"https:\/\/ecosupplements.be\/wp-content\/uploads\/2025\/08\/Omega-3-Vegan-250mg-DHA-60-vegan-softgels-2.png","type":"image\/png"}],"twitter_card":"summary_large_image","twitter_misc":{"Prix":"17.45&nbsp;&euro;","Disponibilit\u00e9":"Rupture de stock"},"schema":{"@context":"https:\/\/schema.org","@graph":[{"@type":["WebPage","ItemPage"],"@id":"https:\/\/ecosupplements.be\/fr\/produit\/omega-3-vegetalien-250mg-dha-60-gelules-vegetaliennes\/","url":"https:\/\/ecosupplements.be\/fr\/produit\/omega-3-vegetalien-250mg-dha-60-gelules-vegetaliennes\/","name":"Om\u00e9ga-3 V\u00e9g\u00e9talien, 250mg DHA - 60 g\u00e9lules v\u00e9g\u00e9taliennes - ECO Supplements","isPartOf":{"@id":"https:\/\/ecosupplements.be\/fr\/#website"},"primaryImageOfPage":{"@id":"https:\/\/ecosupplements.be\/fr\/produit\/omega-3-vegetalien-250mg-dha-60-gelules-vegetaliennes\/#primaryimage"},"image":{"@id":"https:\/\/ecosupplements.be\/fr\/produit\/omega-3-vegetalien-250mg-dha-60-gelules-vegetaliennes\/#primaryimage"},"thumbnailUrl":"https:\/\/ecosupplements.be\/wp-content\/uploads\/2025\/08\/Omega-3-Vegan-250mg-DHA-60-vegan-softgels.png","datePublished":"2022-06-28T09:28:25+00:00","dateModified":"2025-08-27T13:57:13+00:00","description":"Wij hebben een ruime keuze aan producten van Om\u00e9ga-3 V\u00e9g\u00e9talien, 250mg DHA - 60 g\u00e9lules v\u00e9g\u00e9taliennes . Winkel bij Eco Supplements altijd gratis verzending boven 100\u20ac","breadcrumb":{"@id":"https:\/\/ecosupplements.be\/fr\/produit\/omega-3-vegetalien-250mg-dha-60-gelules-vegetaliennes\/#breadcrumb"},"inLanguage":"fr-FR","potentialAction":[{"@type":"ReadAction","target":["https:\/\/ecosupplements.be\/fr\/produit\/omega-3-vegetalien-250mg-dha-60-gelules-vegetaliennes\/"]}]},{"@type":"ImageObject","inLanguage":"fr-FR","@id":"https:\/\/ecosupplements.be\/fr\/produit\/omega-3-vegetalien-250mg-dha-60-gelules-vegetaliennes\/#primaryimage","url":"https:\/\/ecosupplements.be\/wp-content\/uploads\/2025\/08\/Omega-3-Vegan-250mg-DHA-60-vegan-softgels.png","contentUrl":"https:\/\/ecosupplements.be\/wp-content\/uploads\/2025\/08\/Omega-3-Vegan-250mg-DHA-60-vegan-softgels.png","width":500,"height":500},{"@type":"BreadcrumbList","@id":"https:\/\/ecosupplements.be\/fr\/produit\/omega-3-vegetalien-250mg-dha-60-gelules-vegetaliennes\/#breadcrumb","itemListElement":[{"@type":"ListItem","position":1,"name":"Home","item":"https:\/\/ecosupplements.be\/fr\/"},{"@type":"ListItem","position":2,"name":"Boutique","item":"https:\/\/ecosupplements.be\/fr\/boutique\/"},{"@type":"ListItem","position":3,"name":"Om\u00e9ga-3 V\u00e9g\u00e9talien, 250mg DHA &#8211; 60 g\u00e9lules v\u00e9g\u00e9taliennes"}]},{"@type":"WebSite","@id":"https:\/\/ecosupplements.be\/fr\/#website","url":"https:\/\/ecosupplements.be\/fr\/","name":"ECO Supplements","description":"Eco Supplements - Gezonde supplementen","publisher":{"@id":"https:\/\/ecosupplements.be\/fr\/#organization"},"potentialAction":[{"@type":"SearchAction","target":{"@type":"EntryPoint","urlTemplate":"https:\/\/ecosupplements.be\/fr\/?s={search_term_string}"},"query-input":{"@type":"PropertyValueSpecification","valueRequired":true,"valueName":"search_term_string"}}],"inLanguage":"fr-FR"},{"@type":"Organization","@id":"https:\/\/ecosupplements.be\/fr\/#organization","name":"Eco Supplements","url":"https:\/\/ecosupplements.be\/fr\/","logo":{"@type":"ImageObject","inLanguage":"fr-FR","@id":"https:\/\/ecosupplements.be\/fr\/#\/schema\/logo\/image\/","url":"https:\/\/ecosupplements.be\/wp-content\/uploads\/2022\/06\/ecosupplement-family.png","contentUrl":"https:\/\/ecosupplements.be\/wp-content\/uploads\/2022\/06\/ecosupplement-family.png","width":593,"height":374,"caption":"Eco Supplements"},"image":{"@id":"https:\/\/ecosupplements.be\/fr\/#\/schema\/logo\/image\/"}}]},"product_brand":"Osavi","product_price_amount":"17.45","product_price_currency":"EUR","og_availability":"out of stock","product_availability":"out of stock","product_retailer_item_id":"5904139920442","product_condition":"new"},"_links":{"self":[{"href":"https:\/\/ecosupplements.be\/fr\/wp-json\/wp\/v2\/product\/289447","targetHints":{"allow":["GET"]}}],"collection":[{"href":"https:\/\/ecosupplements.be\/fr\/wp-json\/wp\/v2\/product"}],"about":[{"href":"https:\/\/ecosupplements.be\/fr\/wp-json\/wp\/v2\/types\/product"}],"replies":[{"embeddable":true,"href":"https:\/\/ecosupplements.be\/fr\/wp-json\/wp\/v2\/comments?post=289447"}],"wp:featuredmedia":[{"embeddable":true,"href":"https:\/\/ecosupplements.be\/fr\/wp-json\/wp\/v2\/media\/253621"}],"wp:attachment":[{"href":"https:\/\/ecosupplements.be\/fr\/wp-json\/wp\/v2\/media?parent=289447"}],"wp:term":[{"taxonomy":"product_brand","embeddable":true,"href":"https:\/\/ecosupplements.be\/fr\/wp-json\/wp\/v2\/product_brand?post=289447"},{"taxonomy":"product_cat","embeddable":true,"href":"https:\/\/ecosupplements.be\/fr\/wp-json\/wp\/v2\/product_cat?post=289447"},{"taxonomy":"product_tag","embeddable":true,"href":"https:\/\/ecosupplements.be\/fr\/wp-json\/wp\/v2\/product_tag?post=289447"}],"curies":[{"name":"wp","href":"https:\/\/api.w.org\/{rel}","templated":true}]}}