{"id":289471,"date":"2023-01-13T13:06:09","date_gmt":"2023-01-13T12:06:09","guid":{"rendered":"https:\/\/ecosupplements.be\/product\/huile-de-primevere-avec-vitamine-a-et-e-1800mg-120-capsules-molles\/"},"modified":"2025-08-27T14:57:35","modified_gmt":"2025-08-27T13:57:35","slug":"huile-de-primevere-avec-vitamine-a-et-e-1800mg-120-capsules-molles","status":"publish","type":"product","link":"https:\/\/ecosupplements.be\/fr\/produit\/huile-de-primevere-avec-vitamine-a-et-e-1800mg-120-capsules-molles\/","title":{"rendered":"Huile de primev\u00e8re avec vitamine A et E, 1800mg &#8211; 120 capsules molles"},"content":{"rendered":"<h1>Primrose Oil with\u2063 Vitamin A &#038; \u2062E, 1800mg &#8211; 120 softgels<\/h1>\n<p>D\u00e9couvrez les bienfaits de l&#8217;huile d&#8217;onagre avec vitamines A &#038; \u2064E gr\u00e2ce \u00e0 notre produit Osavi. Cette huile est extraite des graines de la plante d&#8217;onagre, \u200c\u00e9galement connue sous le nom de primev\u00e8re du\u2062 soir, et est riche en acides gras essentiels\u2062 om\u00e9ga-6.<\/p>\n<h2>Caract\u00e9ristiques \u200dsp\u00e9ciales:<\/h2>\n<ul>\n<li>Contient 1800mg d&#8217;huile d&#8217;onagre par dose de\u200b 2 softgels<\/li>\n<li>Enrichi en vitamines A &#038; E pour une action antioxydante et une peau saine<\/li>\n<li>120 softgels par bouteille\u2064 pour\u2064 une utilisation prolong\u00e9e<\/li>\n<li>Fabriqu\u00e9 en Pologne\u200d avec des ingr\u00e9dients de haute qualit\u00e9<\/li>\n<\/ul>\n<h2>Ingr\u00e9dients cl\u00e9s:<\/h2>\n<p>Notre huile d&#8217;onagre est extraite \u00e0 froid \u200b\u00e0 partir des graines de la plante \u2062d&#8217;onagre, ce qui\u2063 permet de pr\u00e9server ses nutriments essentiels. Chaque dose de 2 softgels contient 1800mg d&#8217;huile d&#8217;onagre, ainsi que 100% \u200bdes apports journaliers recommand\u00e9s en vitamines A &#038; E.<\/p>\n<h2>Avantages uniques:<\/h2>\n<p>L&#8217;huile d&#8217;onagre est connue pour ses nombreux bienfaits\u200b pour la sant\u00e9, notamment \u2064pour la sant\u00e9 de\u200c la peau,\u2064 des cheveux et des ongles. Elle peut \u00e9galement aider \u00e0 soulager les sympt\u00f4mes\u2063 du syndrome pr\u00e9menstruel et de la m\u00e9nopause. Les vitamines A &#038; E pr\u00e9sentes dans notre produit renforcent \u2064l&#8217;action antioxydante de l&#8217;huile d&#8217;onagre et contribuent \u00e0 maintenir\u200c une peau saine et \u00e9clatante.<\/p>\n<h2>Mode d&#8217;emploi:<\/h2>\n<p>Pour profiter pleinement des bienfaits de notre Primrose Oil with Vitamin A &#038; \u2062E, prenez 2 softgels par jour avec un\u200d repas et un\u2064 verre d&#8217;eau. Ne pas d\u00e9passer la dose recommand\u00e9e.<\/p>\n<p>Conservez le produit dans\u2064 un endroit frais et sec, \u00e0 l&#8217;abri de la \u200clumi\u00e8re directe du soleil. \u2064Tenir hors de port\u00e9e \u2064des enfants.<\/p>\n<p>Si vous \u00eates enceinte, allaitez ou suivez un traitement m\u00e9dical, veuillez consulter votre m\u00e9decin avant de prendre\u200c ce compl\u00e9ment alimentaire.<\/p>\n<h2>Osavi &#8211; Votre partenaire pour \u200cune \u200bsant\u00e9 optimale:<\/h2>\n<p>Chez\u200b Osavi, nous \u2064sommes d\u00e9di\u00e9s \u00e0 fournir des produits de sant\u00e9 naturels de haute qualit\u00e9 pour vous aider \u2063\u00e0 atteindre une sant\u00e9 optimale. Tous nos produits sont fabriqu\u00e9s en Pologne avec des ingr\u00e9dients soigneusement s\u00e9lectionn\u00e9s et sont soumis \u00e0 des \u200dcontr\u00f4les de qualit\u00e9 rigoureux pour garantir \u2062leur efficacit\u00e9 et leur s\u00e9curit\u00e9.<\/p>\n<p>Essayez \u2063notre Primrose Oil with Vitamin A &#038; E d\u00e8s aujourd&#8217;hui et d\u00e9couvrez les bienfaits de l&#8217;huile d&#8217;onagre pour votre sant\u00e9 et votre bien-\u00eatre.<\/p>\n","protected":false},"excerpt":{"rendered":"<p>Primrose Oil with\u2063 Vitamin A &#038; \u2062E, 1800mg &#8211; 120 softgels D\u00e9couvrez les bienfaits de l&#8217;huile d&#8217;onagre avec vitamines A &#038; \u2064E gr\u00e2ce \u00e0 notre produit Osavi. Cette huile est extraite des graines de la plante d&#8217;onagre, \u200c\u00e9galement connue sous le nom de primev\u00e8re du\u2062 soir, et est riche en acides gras essentiels\u2062 om\u00e9ga-6. Caract\u00e9ristiques [&#8230;]\n","protected":false},"featured_media":261480,"comment_status":"open","ping_status":"open","template":"","meta":[],"product_brand":[4756],"product_cat":[5089,5052,5053],"product_tag":[],"class_list":{"0":"post-289471","1":"product","2":"type-product","3":"status-publish","4":"has-post-thumbnail","6":"product_brand-osavi-2","7":"product_cat-complements-alimentaires-pour-femmes","8":"product_cat-sante-et-bien-etre","9":"product_cat-vitamines-et-mineraux","11":"first","12":"instock","13":"sale","14":"taxable","15":"shipping-taxable","16":"purchasable","17":"product-type-simple"},"yoast_head":"<!-- This site is optimized with the Yoast SEO Premium plugin v27.5 (Yoast SEO v27.5) - https:\/\/yoast.com\/product\/yoast-seo-premium-wordpress\/ -->\n<title>Huile de primev\u00e8re avec vitamine A et E, 1800mg - 120 capsules molles - ECO Supplements<\/title>\n<meta name=\"description\" content=\"Wij hebben een ruime keuze aan producten van Huile de primev\u00e8re avec vitamine A et E, 1800mg - 120 capsules molles . Winkel bij Eco Supplements altijd gratis verzending boven 100\u20ac\" \/>\n<meta name=\"robots\" content=\"index, follow, max-snippet:-1, max-image-preview:large, max-video-preview:-1\" \/>\n<link rel=\"canonical\" href=\"https:\/\/ecosupplements.be\/fr\/produit\/huile-de-primevere-avec-vitamine-a-et-e-1800mg-120-capsules-molles\/\" \/>\n<meta property=\"og:locale\" content=\"fr_FR\" \/>\n<meta property=\"og:type\" content=\"article\" \/>\n<meta property=\"og:title\" content=\"Huile de primev\u00e8re avec vitamine A et E, 1800mg - 120 capsules molles\" \/>\n<meta property=\"og:description\" content=\"Wij hebben een ruime keuze aan producten van Huile de primev\u00e8re avec vitamine A et E, 1800mg - 120 capsules molles . Winkel bij Eco Supplements altijd gratis verzending boven 100\u20ac\" \/>\n<meta property=\"og:url\" content=\"https:\/\/ecosupplements.be\/fr\/produit\/huile-de-primevere-avec-vitamine-a-et-e-1800mg-120-capsules-molles\/\" \/>\n<meta property=\"og:site_name\" content=\"ECO Supplements\" \/>\n<meta property=\"article:modified_time\" content=\"2025-08-27T13:57:35+00:00\" \/>\n<meta property=\"og:image\" content=\"https:\/\/ecosupplements.be\/wp-content\/uploads\/2025\/08\/Primrose-Oil-with-Vitamin-A-E-1800mg-120-softgels.png\" \/>\n\t<meta property=\"og:image:width\" content=\"477\" \/>\n\t<meta property=\"og:image:height\" content=\"750\" \/>\n\t<meta property=\"og:image:type\" content=\"image\/png\" \/>\n<meta name=\"twitter:card\" content=\"summary_large_image\" \/>\n<meta name=\"twitter:label1\" content=\"Prix\" \/>\n\t<meta name=\"twitter:data1\" content=\"11.67&nbsp;&euro;\" \/>\n\t<meta name=\"twitter:label2\" content=\"Disponibilit\u00e9\" \/>\n\t<meta name=\"twitter:data2\" content=\"En stock\" \/>\n<script type=\"application\/ld+json\" class=\"yoast-schema-graph\">{\"@context\":\"https:\\\/\\\/schema.org\",\"@graph\":[{\"@type\":[\"WebPage\",\"ItemPage\"],\"@id\":\"https:\\\/\\\/ecosupplements.be\\\/fr\\\/produit\\\/huile-de-primevere-avec-vitamine-a-et-e-1800mg-120-capsules-molles\\\/\",\"url\":\"https:\\\/\\\/ecosupplements.be\\\/fr\\\/produit\\\/huile-de-primevere-avec-vitamine-a-et-e-1800mg-120-capsules-molles\\\/\",\"name\":\"Huile de primev\u00e8re avec vitamine A et E, 1800mg - 120 capsules molles - ECO Supplements\",\"isPartOf\":{\"@id\":\"https:\\\/\\\/ecosupplements.be\\\/fr\\\/#website\"},\"primaryImageOfPage\":{\"@id\":\"https:\\\/\\\/ecosupplements.be\\\/fr\\\/produit\\\/huile-de-primevere-avec-vitamine-a-et-e-1800mg-120-capsules-molles\\\/#primaryimage\"},\"image\":{\"@id\":\"https:\\\/\\\/ecosupplements.be\\\/fr\\\/produit\\\/huile-de-primevere-avec-vitamine-a-et-e-1800mg-120-capsules-molles\\\/#primaryimage\"},\"thumbnailUrl\":\"https:\\\/\\\/ecosupplements.be\\\/wp-content\\\/uploads\\\/2025\\\/08\\\/Primrose-Oil-with-Vitamin-A-E-1800mg-120-softgels.jpg\",\"datePublished\":\"2023-01-13T12:06:09+00:00\",\"dateModified\":\"2025-08-27T13:57:35+00:00\",\"description\":\"Wij hebben een ruime keuze aan producten van Huile de primev\u00e8re avec vitamine A et E, 1800mg - 120 capsules molles . Winkel bij Eco Supplements altijd gratis verzending boven 100\u20ac\",\"breadcrumb\":{\"@id\":\"https:\\\/\\\/ecosupplements.be\\\/fr\\\/produit\\\/huile-de-primevere-avec-vitamine-a-et-e-1800mg-120-capsules-molles\\\/#breadcrumb\"},\"inLanguage\":\"fr-FR\",\"potentialAction\":[{\"@type\":\"ReadAction\",\"target\":[\"https:\\\/\\\/ecosupplements.be\\\/fr\\\/produit\\\/huile-de-primevere-avec-vitamine-a-et-e-1800mg-120-capsules-molles\\\/\"]}]},{\"@type\":\"ImageObject\",\"inLanguage\":\"fr-FR\",\"@id\":\"https:\\\/\\\/ecosupplements.be\\\/fr\\\/produit\\\/huile-de-primevere-avec-vitamine-a-et-e-1800mg-120-capsules-molles\\\/#primaryimage\",\"url\":\"https:\\\/\\\/ecosupplements.be\\\/wp-content\\\/uploads\\\/2025\\\/08\\\/Primrose-Oil-with-Vitamin-A-E-1800mg-120-softgels.jpg\",\"contentUrl\":\"https:\\\/\\\/ecosupplements.be\\\/wp-content\\\/uploads\\\/2025\\\/08\\\/Primrose-Oil-with-Vitamin-A-E-1800mg-120-softgels.jpg\",\"width\":519,\"height\":750},{\"@type\":\"BreadcrumbList\",\"@id\":\"https:\\\/\\\/ecosupplements.be\\\/fr\\\/produit\\\/huile-de-primevere-avec-vitamine-a-et-e-1800mg-120-capsules-molles\\\/#breadcrumb\",\"itemListElement\":[{\"@type\":\"ListItem\",\"position\":1,\"name\":\"Home\",\"item\":\"https:\\\/\\\/ecosupplements.be\\\/fr\\\/\"},{\"@type\":\"ListItem\",\"position\":2,\"name\":\"Boutique\",\"item\":\"https:\\\/\\\/ecosupplements.be\\\/fr\\\/boutique\\\/\"},{\"@type\":\"ListItem\",\"position\":3,\"name\":\"Huile de primev\u00e8re avec vitamine A et E, 1800mg &#8211; 120 capsules molles\"}]},{\"@type\":\"WebSite\",\"@id\":\"https:\\\/\\\/ecosupplements.be\\\/fr\\\/#website\",\"url\":\"https:\\\/\\\/ecosupplements.be\\\/fr\\\/\",\"name\":\"ECO Supplements\",\"description\":\"Eco Supplements - Gezonde supplementen\",\"publisher\":{\"@id\":\"https:\\\/\\\/ecosupplements.be\\\/fr\\\/#organization\"},\"potentialAction\":[{\"@type\":\"SearchAction\",\"target\":{\"@type\":\"EntryPoint\",\"urlTemplate\":\"https:\\\/\\\/ecosupplements.be\\\/fr\\\/?s={search_term_string}\"},\"query-input\":{\"@type\":\"PropertyValueSpecification\",\"valueRequired\":true,\"valueName\":\"search_term_string\"}}],\"inLanguage\":\"fr-FR\"},{\"@type\":\"Organization\",\"@id\":\"https:\\\/\\\/ecosupplements.be\\\/fr\\\/#organization\",\"name\":\"Eco Supplements\",\"url\":\"https:\\\/\\\/ecosupplements.be\\\/fr\\\/\",\"logo\":{\"@type\":\"ImageObject\",\"inLanguage\":\"fr-FR\",\"@id\":\"https:\\\/\\\/ecosupplements.be\\\/fr\\\/#\\\/schema\\\/logo\\\/image\\\/\",\"url\":\"https:\\\/\\\/ecosupplements.be\\\/wp-content\\\/uploads\\\/2022\\\/06\\\/ecosupplement-family.png\",\"contentUrl\":\"https:\\\/\\\/ecosupplements.be\\\/wp-content\\\/uploads\\\/2022\\\/06\\\/ecosupplement-family.png\",\"width\":593,\"height\":374,\"caption\":\"Eco Supplements\"},\"image\":{\"@id\":\"https:\\\/\\\/ecosupplements.be\\\/fr\\\/#\\\/schema\\\/logo\\\/image\\\/\"}}]}<\/script>\n<meta property=\"product:brand\" content=\"Osavi\" \/>\n<meta property=\"product:price:amount\" content=\"11.67\" \/>\n<meta property=\"product:price:currency\" content=\"EUR\" \/>\n<meta property=\"og:availability\" content=\"instock\" \/>\n<meta property=\"product:availability\" content=\"instock\" \/>\n<meta property=\"product:retailer_item_id\" content=\"5904139922194\" \/>\n<meta property=\"product:condition\" content=\"new\" \/>\n<!-- \/ Yoast SEO Premium plugin. -->","yoast_head_json":{"title":"Huile de primev\u00e8re avec vitamine A et E, 1800mg - 120 capsules molles - ECO Supplements","description":"Wij hebben een ruime keuze aan producten van Huile de primev\u00e8re avec vitamine A et E, 1800mg - 120 capsules molles . Winkel bij Eco Supplements altijd gratis verzending boven 100\u20ac","robots":{"index":"index","follow":"follow","max-snippet":"max-snippet:-1","max-image-preview":"max-image-preview:large","max-video-preview":"max-video-preview:-1"},"canonical":"https:\/\/ecosupplements.be\/fr\/produit\/huile-de-primevere-avec-vitamine-a-et-e-1800mg-120-capsules-molles\/","og_locale":"fr_FR","og_type":"article","og_title":"Huile de primev\u00e8re avec vitamine A et E, 1800mg - 120 capsules molles","og_description":"Wij hebben een ruime keuze aan producten van Huile de primev\u00e8re avec vitamine A et E, 1800mg - 120 capsules molles . Winkel bij Eco Supplements altijd gratis verzending boven 100\u20ac","og_url":"https:\/\/ecosupplements.be\/fr\/produit\/huile-de-primevere-avec-vitamine-a-et-e-1800mg-120-capsules-molles\/","og_site_name":"ECO Supplements","article_modified_time":"2025-08-27T13:57:35+00:00","og_image":[{"width":477,"height":750,"url":"https:\/\/ecosupplements.be\/wp-content\/uploads\/2025\/08\/Primrose-Oil-with-Vitamin-A-E-1800mg-120-softgels.png","type":"image\/png"}],"twitter_card":"summary_large_image","twitter_misc":{"Prix":"11.67&nbsp;&euro;","Disponibilit\u00e9":"En stock"},"schema":{"@context":"https:\/\/schema.org","@graph":[{"@type":["WebPage","ItemPage"],"@id":"https:\/\/ecosupplements.be\/fr\/produit\/huile-de-primevere-avec-vitamine-a-et-e-1800mg-120-capsules-molles\/","url":"https:\/\/ecosupplements.be\/fr\/produit\/huile-de-primevere-avec-vitamine-a-et-e-1800mg-120-capsules-molles\/","name":"Huile de primev\u00e8re avec vitamine A et E, 1800mg - 120 capsules molles - ECO Supplements","isPartOf":{"@id":"https:\/\/ecosupplements.be\/fr\/#website"},"primaryImageOfPage":{"@id":"https:\/\/ecosupplements.be\/fr\/produit\/huile-de-primevere-avec-vitamine-a-et-e-1800mg-120-capsules-molles\/#primaryimage"},"image":{"@id":"https:\/\/ecosupplements.be\/fr\/produit\/huile-de-primevere-avec-vitamine-a-et-e-1800mg-120-capsules-molles\/#primaryimage"},"thumbnailUrl":"https:\/\/ecosupplements.be\/wp-content\/uploads\/2025\/08\/Primrose-Oil-with-Vitamin-A-E-1800mg-120-softgels.jpg","datePublished":"2023-01-13T12:06:09+00:00","dateModified":"2025-08-27T13:57:35+00:00","description":"Wij hebben een ruime keuze aan producten van Huile de primev\u00e8re avec vitamine A et E, 1800mg - 120 capsules molles . Winkel bij Eco Supplements altijd gratis verzending boven 100\u20ac","breadcrumb":{"@id":"https:\/\/ecosupplements.be\/fr\/produit\/huile-de-primevere-avec-vitamine-a-et-e-1800mg-120-capsules-molles\/#breadcrumb"},"inLanguage":"fr-FR","potentialAction":[{"@type":"ReadAction","target":["https:\/\/ecosupplements.be\/fr\/produit\/huile-de-primevere-avec-vitamine-a-et-e-1800mg-120-capsules-molles\/"]}]},{"@type":"ImageObject","inLanguage":"fr-FR","@id":"https:\/\/ecosupplements.be\/fr\/produit\/huile-de-primevere-avec-vitamine-a-et-e-1800mg-120-capsules-molles\/#primaryimage","url":"https:\/\/ecosupplements.be\/wp-content\/uploads\/2025\/08\/Primrose-Oil-with-Vitamin-A-E-1800mg-120-softgels.jpg","contentUrl":"https:\/\/ecosupplements.be\/wp-content\/uploads\/2025\/08\/Primrose-Oil-with-Vitamin-A-E-1800mg-120-softgels.jpg","width":519,"height":750},{"@type":"BreadcrumbList","@id":"https:\/\/ecosupplements.be\/fr\/produit\/huile-de-primevere-avec-vitamine-a-et-e-1800mg-120-capsules-molles\/#breadcrumb","itemListElement":[{"@type":"ListItem","position":1,"name":"Home","item":"https:\/\/ecosupplements.be\/fr\/"},{"@type":"ListItem","position":2,"name":"Boutique","item":"https:\/\/ecosupplements.be\/fr\/boutique\/"},{"@type":"ListItem","position":3,"name":"Huile de primev\u00e8re avec vitamine A et E, 1800mg &#8211; 120 capsules molles"}]},{"@type":"WebSite","@id":"https:\/\/ecosupplements.be\/fr\/#website","url":"https:\/\/ecosupplements.be\/fr\/","name":"ECO Supplements","description":"Eco Supplements - Gezonde supplementen","publisher":{"@id":"https:\/\/ecosupplements.be\/fr\/#organization"},"potentialAction":[{"@type":"SearchAction","target":{"@type":"EntryPoint","urlTemplate":"https:\/\/ecosupplements.be\/fr\/?s={search_term_string}"},"query-input":{"@type":"PropertyValueSpecification","valueRequired":true,"valueName":"search_term_string"}}],"inLanguage":"fr-FR"},{"@type":"Organization","@id":"https:\/\/ecosupplements.be\/fr\/#organization","name":"Eco Supplements","url":"https:\/\/ecosupplements.be\/fr\/","logo":{"@type":"ImageObject","inLanguage":"fr-FR","@id":"https:\/\/ecosupplements.be\/fr\/#\/schema\/logo\/image\/","url":"https:\/\/ecosupplements.be\/wp-content\/uploads\/2022\/06\/ecosupplement-family.png","contentUrl":"https:\/\/ecosupplements.be\/wp-content\/uploads\/2022\/06\/ecosupplement-family.png","width":593,"height":374,"caption":"Eco Supplements"},"image":{"@id":"https:\/\/ecosupplements.be\/fr\/#\/schema\/logo\/image\/"}}]},"product_brand":"Osavi","product_price_amount":"11.67","product_price_currency":"EUR","og_availability":"instock","product_availability":"instock","product_retailer_item_id":"5904139922194","product_condition":"new"},"_links":{"self":[{"href":"https:\/\/ecosupplements.be\/fr\/wp-json\/wp\/v2\/product\/289471","targetHints":{"allow":["GET"]}}],"collection":[{"href":"https:\/\/ecosupplements.be\/fr\/wp-json\/wp\/v2\/product"}],"about":[{"href":"https:\/\/ecosupplements.be\/fr\/wp-json\/wp\/v2\/types\/product"}],"replies":[{"embeddable":true,"href":"https:\/\/ecosupplements.be\/fr\/wp-json\/wp\/v2\/comments?post=289471"}],"wp:featuredmedia":[{"embeddable":true,"href":"https:\/\/ecosupplements.be\/fr\/wp-json\/wp\/v2\/media\/261480"}],"wp:attachment":[{"href":"https:\/\/ecosupplements.be\/fr\/wp-json\/wp\/v2\/media?parent=289471"}],"wp:term":[{"taxonomy":"product_brand","embeddable":true,"href":"https:\/\/ecosupplements.be\/fr\/wp-json\/wp\/v2\/product_brand?post=289471"},{"taxonomy":"product_cat","embeddable":true,"href":"https:\/\/ecosupplements.be\/fr\/wp-json\/wp\/v2\/product_cat?post=289471"},{"taxonomy":"product_tag","embeddable":true,"href":"https:\/\/ecosupplements.be\/fr\/wp-json\/wp\/v2\/product_tag?post=289471"}],"curies":[{"name":"wp","href":"https:\/\/api.w.org\/{rel}","templated":true}]}}