{"id":289480,"date":"2023-01-13T13:06:09","date_gmt":"2023-01-13T12:06:09","guid":{"rendered":"https:\/\/ecosupplements.be\/product\/racine-de-rhodiola-rosea-400mg-120-capsules-vegetaliennes\/"},"modified":"2025-08-27T14:57:46","modified_gmt":"2025-08-27T13:57:46","slug":"racine-de-rhodiola-rosea-400mg-120-capsules-vegetaliennes","status":"publish","type":"product","link":"https:\/\/ecosupplements.be\/fr\/produit\/racine-de-rhodiola-rosea-400mg-120-capsules-vegetaliennes\/","title":{"rendered":"Racine de Rhodiola Rosea, 400mg &#8211; 120 capsules v\u00e9g\u00e9taliennes"},"content":{"rendered":"<h1>Rhodiola Rosea Root, 400mg &#8211; 120 vegan caps<\/h1>\n<p>D\u00e9couvrez les bienfaits de la Rhodiola\u2064 Rosea\u200d Root avec ces 120 capsules\u2063 v\u00e9g\u00e9taliennes de 400mg. Originaire de Pologne, ce compl\u00e9ment alimentaire de la marque \u200dOsavi est fabriqu\u00e9 \u00e0 partir\u2063 de racines de Rhodiola Rosea de haute qualit\u00e9, \u200br\u00e9colt\u00e9es \u00e0 \u200dla main dans les montagnes de la r\u00e9gion de Podlachie.<\/p>\n<h2>Caract\u00e9ristiques sp\u00e9ciales<\/h2>\n<ul>\n<li>120 capsules \u200dv\u00e9g\u00e9taliennes de 400mg<\/li>\n<li>Fabriqu\u00e9 \u00e0 partir de racines de Rhodiola \u2062Rosea de haute qualit\u00e9<\/li>\n<li>R\u00e9colt\u00e9es \u00e0 la\u2063 main dans les montagnes \u2062de Podlachie, en \u200cPologne<\/li>\n<li>Contient des ingr\u00e9dients naturels et sans OGM<\/li>\n<li>Convient \u2063aux v\u00e9g\u00e9tariens et v\u00e9g\u00e9taliens<\/li>\n<\/ul>\n<h2>Ingr\u00e9dients<\/h2>\n<p>Chaque capsule contient 400mg de racines de \u200bRhodiola Rosea, \u2064sans aucun additif\u2063 ni conservateur. \u200dLes\u200d racines sont soigneusement s\u00e9lectionn\u00e9es et s\u00e9ch\u00e9es pour pr\u00e9server toutes leurs propri\u00e9t\u00e9s b\u00e9n\u00e9fiques.<\/p>\n<h2>Avantages uniques<\/h2>\n<p>La\u2063 Rhodiola Rosea est une plante adaptog\u00e8ne utilis\u00e9e depuis des si\u00e8cles dans la m\u00e9decine\u200c traditionnelle\u200c pour ses \u2064nombreux bienfaits. Elle est \u200bconnue pour ses propri\u00e9t\u00e9s anti-stress, anti-fatigue et pour am\u00e9liorer les performances physiques et \u200dmentales. Elle peut \u00e9galement aider \u00e0 r\u00e9guler l&#8217;humeur et \u00e0\u2062 renforcer le syst\u00e8me immunitaire.<\/p>\n<h2>Mode d&#8217;emploi<\/h2>\n<p>Prenez 1 capsule par jour avec un verre d&#8217;eau, de pr\u00e9f\u00e9rence le matin. Ne pas \u2063d\u00e9passer\u2063 la dose\u200b recommand\u00e9e.<\/p>\n<h2>Principales caract\u00e9ristiques<\/h2>\n<ul>\n<li>Compl\u00e9ment alimentaire \u00e0 base de Rhodiola Rosea<\/li>\n<li>120 capsules \u200dv\u00e9g\u00e9taliennes de 400mg<\/li>\n<li>Origine\u2063 : Pologne<\/li>\n<li>Convient aux\u200d v\u00e9g\u00e9tariens \u2062et v\u00e9g\u00e9taliens<\/li>\n<li>Sans additif ni conservateur<\/li>\n<li>Propri\u00e9t\u00e9s anti-stress et\u2063 anti-fatigue<\/li>\n<li>Am\u00e9liore les performances physiques et \u2062mentales<\/li>\n<li>R\u00e9gule l&#8217;humeur et\u200b renforce\u2064 le \u2063syst\u00e8me immunitaire<\/li>\n<\/ul>\n<p>Offrez \u00e0 votre corps et\u200d \u00e0 votre esprit un \u200bsoutien naturel avec \u2062les\u2064 capsules\u200c de Rhodiola Rosea Root d&#8217;Osavi. Commandez d\u00e8s \u2063maintenant et profitez de tous les bienfaits \u2063de cette plante adaptog\u00e8ne puissante.<\/p>\n","protected":false},"excerpt":{"rendered":"<p>Rhodiola Rosea Root, 400mg &#8211; 120 vegan caps D\u00e9couvrez les bienfaits de la Rhodiola\u2064 Rosea\u200d Root avec ces 120 capsules\u2063 v\u00e9g\u00e9taliennes de 400mg. Originaire de Pologne, ce compl\u00e9ment alimentaire de la marque \u200dOsavi est fabriqu\u00e9 \u00e0 partir\u2063 de racines de Rhodiola Rosea de haute qualit\u00e9, \u200br\u00e9colt\u00e9es \u00e0 \u200dla main dans les montagnes de la r\u00e9gion [&#8230;]\n","protected":false},"featured_media":261483,"comment_status":"open","ping_status":"open","template":"","meta":[],"product_brand":[4756],"product_cat":[5098,5052],"product_tag":[],"class_list":{"0":"post-289480","1":"product","2":"type-product","3":"status-publish","4":"has-post-thumbnail","6":"product_brand-osavi-2","7":"product_cat-antioxydants","8":"product_cat-sante-et-bien-etre","10":"first","11":"instock","12":"taxable","13":"shipping-taxable","14":"purchasable","15":"product-type-simple"},"yoast_head":"<!-- This site is optimized with the Yoast SEO Premium plugin v27.3 (Yoast SEO v27.3) - https:\/\/yoast.com\/product\/yoast-seo-premium-wordpress\/ -->\n<title>Racine de Rhodiola Rosea, 400mg - 120 capsules v\u00e9g\u00e9taliennes - ECO Supplements<\/title>\n<meta name=\"description\" content=\"Wij hebben een ruime keuze aan producten van Racine de Rhodiola Rosea, 400mg - 120 capsules v\u00e9g\u00e9taliennes . Winkel bij Eco Supplements altijd gratis verzending boven 100\u20ac\" \/>\n<meta name=\"robots\" content=\"index, follow, max-snippet:-1, max-image-preview:large, max-video-preview:-1\" \/>\n<link rel=\"canonical\" href=\"https:\/\/ecosupplements.be\/fr\/produit\/racine-de-rhodiola-rosea-400mg-120-capsules-vegetaliennes\/\" \/>\n<meta property=\"og:locale\" content=\"fr_FR\" \/>\n<meta property=\"og:type\" content=\"article\" \/>\n<meta property=\"og:title\" content=\"Racine de Rhodiola Rosea, 400mg - 120 capsules v\u00e9g\u00e9taliennes\" \/>\n<meta property=\"og:description\" content=\"Wij hebben een ruime keuze aan producten van Racine de Rhodiola Rosea, 400mg - 120 capsules v\u00e9g\u00e9taliennes . Winkel bij Eco Supplements altijd gratis verzending boven 100\u20ac\" \/>\n<meta property=\"og:url\" content=\"https:\/\/ecosupplements.be\/fr\/produit\/racine-de-rhodiola-rosea-400mg-120-capsules-vegetaliennes\/\" \/>\n<meta property=\"og:site_name\" content=\"ECO Supplements\" \/>\n<meta property=\"article:modified_time\" content=\"2025-08-27T13:57:46+00:00\" \/>\n<meta property=\"og:image\" content=\"https:\/\/ecosupplements.be\/wp-content\/uploads\/2025\/08\/Rhodiola-Rosea-Root-400mg-120-vegan-caps-1.png\" \/>\n\t<meta property=\"og:image:width\" content=\"581\" \/>\n\t<meta property=\"og:image:height\" content=\"750\" \/>\n\t<meta property=\"og:image:type\" content=\"image\/png\" \/>\n<meta name=\"twitter:card\" content=\"summary_large_image\" \/>\n<meta name=\"twitter:label1\" content=\"Prix\" \/>\n\t<meta name=\"twitter:data1\" content=\"10.91&nbsp;&euro;\" \/>\n\t<meta name=\"twitter:label2\" content=\"Disponibilit\u00e9\" \/>\n\t<meta name=\"twitter:data2\" content=\"En stock\" \/>\n<script type=\"application\/ld+json\" class=\"yoast-schema-graph\">{\"@context\":\"https:\\\/\\\/schema.org\",\"@graph\":[{\"@type\":[\"WebPage\",\"ItemPage\"],\"@id\":\"https:\\\/\\\/ecosupplements.be\\\/fr\\\/produit\\\/racine-de-rhodiola-rosea-400mg-120-capsules-vegetaliennes\\\/\",\"url\":\"https:\\\/\\\/ecosupplements.be\\\/fr\\\/produit\\\/racine-de-rhodiola-rosea-400mg-120-capsules-vegetaliennes\\\/\",\"name\":\"Racine de Rhodiola Rosea, 400mg - 120 capsules v\u00e9g\u00e9taliennes - ECO Supplements\",\"isPartOf\":{\"@id\":\"https:\\\/\\\/ecosupplements.be\\\/fr\\\/#website\"},\"primaryImageOfPage\":{\"@id\":\"https:\\\/\\\/ecosupplements.be\\\/fr\\\/produit\\\/racine-de-rhodiola-rosea-400mg-120-capsules-vegetaliennes\\\/#primaryimage\"},\"image\":{\"@id\":\"https:\\\/\\\/ecosupplements.be\\\/fr\\\/produit\\\/racine-de-rhodiola-rosea-400mg-120-capsules-vegetaliennes\\\/#primaryimage\"},\"thumbnailUrl\":\"https:\\\/\\\/ecosupplements.be\\\/wp-content\\\/uploads\\\/2025\\\/08\\\/Rhodiola-Rosea-Root-400mg-120-vegan-caps.png\",\"datePublished\":\"2023-01-13T12:06:09+00:00\",\"dateModified\":\"2025-08-27T13:57:46+00:00\",\"description\":\"Wij hebben een ruime keuze aan producten van Racine de Rhodiola Rosea, 400mg - 120 capsules v\u00e9g\u00e9taliennes . Winkel bij Eco Supplements altijd gratis verzending boven 100\u20ac\",\"breadcrumb\":{\"@id\":\"https:\\\/\\\/ecosupplements.be\\\/fr\\\/produit\\\/racine-de-rhodiola-rosea-400mg-120-capsules-vegetaliennes\\\/#breadcrumb\"},\"inLanguage\":\"fr-FR\",\"potentialAction\":[{\"@type\":\"ReadAction\",\"target\":[\"https:\\\/\\\/ecosupplements.be\\\/fr\\\/produit\\\/racine-de-rhodiola-rosea-400mg-120-capsules-vegetaliennes\\\/\"]}]},{\"@type\":\"ImageObject\",\"inLanguage\":\"fr-FR\",\"@id\":\"https:\\\/\\\/ecosupplements.be\\\/fr\\\/produit\\\/racine-de-rhodiola-rosea-400mg-120-capsules-vegetaliennes\\\/#primaryimage\",\"url\":\"https:\\\/\\\/ecosupplements.be\\\/wp-content\\\/uploads\\\/2025\\\/08\\\/Rhodiola-Rosea-Root-400mg-120-vegan-caps.png\",\"contentUrl\":\"https:\\\/\\\/ecosupplements.be\\\/wp-content\\\/uploads\\\/2025\\\/08\\\/Rhodiola-Rosea-Root-400mg-120-vegan-caps.png\",\"width\":581,\"height\":750},{\"@type\":\"BreadcrumbList\",\"@id\":\"https:\\\/\\\/ecosupplements.be\\\/fr\\\/produit\\\/racine-de-rhodiola-rosea-400mg-120-capsules-vegetaliennes\\\/#breadcrumb\",\"itemListElement\":[{\"@type\":\"ListItem\",\"position\":1,\"name\":\"Home\",\"item\":\"https:\\\/\\\/ecosupplements.be\\\/fr\\\/\"},{\"@type\":\"ListItem\",\"position\":2,\"name\":\"Boutique\",\"item\":\"https:\\\/\\\/ecosupplements.be\\\/fr\\\/boutique\\\/\"},{\"@type\":\"ListItem\",\"position\":3,\"name\":\"Racine de Rhodiola Rosea, 400mg &#8211; 120 capsules v\u00e9g\u00e9taliennes\"}]},{\"@type\":\"WebSite\",\"@id\":\"https:\\\/\\\/ecosupplements.be\\\/fr\\\/#website\",\"url\":\"https:\\\/\\\/ecosupplements.be\\\/fr\\\/\",\"name\":\"ECO Supplements\",\"description\":\"Eco Supplements - Gezonde supplementen\",\"publisher\":{\"@id\":\"https:\\\/\\\/ecosupplements.be\\\/fr\\\/#organization\"},\"potentialAction\":[{\"@type\":\"SearchAction\",\"target\":{\"@type\":\"EntryPoint\",\"urlTemplate\":\"https:\\\/\\\/ecosupplements.be\\\/fr\\\/?s={search_term_string}\"},\"query-input\":{\"@type\":\"PropertyValueSpecification\",\"valueRequired\":true,\"valueName\":\"search_term_string\"}}],\"inLanguage\":\"fr-FR\"},{\"@type\":\"Organization\",\"@id\":\"https:\\\/\\\/ecosupplements.be\\\/fr\\\/#organization\",\"name\":\"Eco Supplements\",\"url\":\"https:\\\/\\\/ecosupplements.be\\\/fr\\\/\",\"logo\":{\"@type\":\"ImageObject\",\"inLanguage\":\"fr-FR\",\"@id\":\"https:\\\/\\\/ecosupplements.be\\\/fr\\\/#\\\/schema\\\/logo\\\/image\\\/\",\"url\":\"https:\\\/\\\/ecosupplements.be\\\/wp-content\\\/uploads\\\/2022\\\/06\\\/ecosupplement-family.png\",\"contentUrl\":\"https:\\\/\\\/ecosupplements.be\\\/wp-content\\\/uploads\\\/2022\\\/06\\\/ecosupplement-family.png\",\"width\":593,\"height\":374,\"caption\":\"Eco Supplements\"},\"image\":{\"@id\":\"https:\\\/\\\/ecosupplements.be\\\/fr\\\/#\\\/schema\\\/logo\\\/image\\\/\"}}]}<\/script>\n<meta property=\"product:brand\" content=\"Osavi\" \/>\n<meta property=\"product:price:amount\" content=\"10.91\" \/>\n<meta property=\"product:price:currency\" content=\"EUR\" \/>\n<meta property=\"og:availability\" content=\"instock\" \/>\n<meta property=\"product:availability\" content=\"instock\" \/>\n<meta property=\"product:retailer_item_id\" content=\"5904139921609\" \/>\n<meta property=\"product:condition\" content=\"new\" \/>\n<!-- \/ Yoast SEO Premium plugin. -->","yoast_head_json":{"title":"Racine de Rhodiola Rosea, 400mg - 120 capsules v\u00e9g\u00e9taliennes - ECO Supplements","description":"Wij hebben een ruime keuze aan producten van Racine de Rhodiola Rosea, 400mg - 120 capsules v\u00e9g\u00e9taliennes . Winkel bij Eco Supplements altijd gratis verzending boven 100\u20ac","robots":{"index":"index","follow":"follow","max-snippet":"max-snippet:-1","max-image-preview":"max-image-preview:large","max-video-preview":"max-video-preview:-1"},"canonical":"https:\/\/ecosupplements.be\/fr\/produit\/racine-de-rhodiola-rosea-400mg-120-capsules-vegetaliennes\/","og_locale":"fr_FR","og_type":"article","og_title":"Racine de Rhodiola Rosea, 400mg - 120 capsules v\u00e9g\u00e9taliennes","og_description":"Wij hebben een ruime keuze aan producten van Racine de Rhodiola Rosea, 400mg - 120 capsules v\u00e9g\u00e9taliennes . Winkel bij Eco Supplements altijd gratis verzending boven 100\u20ac","og_url":"https:\/\/ecosupplements.be\/fr\/produit\/racine-de-rhodiola-rosea-400mg-120-capsules-vegetaliennes\/","og_site_name":"ECO Supplements","article_modified_time":"2025-08-27T13:57:46+00:00","og_image":[{"width":581,"height":750,"url":"https:\/\/ecosupplements.be\/wp-content\/uploads\/2025\/08\/Rhodiola-Rosea-Root-400mg-120-vegan-caps-1.png","type":"image\/png"}],"twitter_card":"summary_large_image","twitter_misc":{"Prix":"10.91&nbsp;&euro;","Disponibilit\u00e9":"En stock"},"schema":{"@context":"https:\/\/schema.org","@graph":[{"@type":["WebPage","ItemPage"],"@id":"https:\/\/ecosupplements.be\/fr\/produit\/racine-de-rhodiola-rosea-400mg-120-capsules-vegetaliennes\/","url":"https:\/\/ecosupplements.be\/fr\/produit\/racine-de-rhodiola-rosea-400mg-120-capsules-vegetaliennes\/","name":"Racine de Rhodiola Rosea, 400mg - 120 capsules v\u00e9g\u00e9taliennes - ECO Supplements","isPartOf":{"@id":"https:\/\/ecosupplements.be\/fr\/#website"},"primaryImageOfPage":{"@id":"https:\/\/ecosupplements.be\/fr\/produit\/racine-de-rhodiola-rosea-400mg-120-capsules-vegetaliennes\/#primaryimage"},"image":{"@id":"https:\/\/ecosupplements.be\/fr\/produit\/racine-de-rhodiola-rosea-400mg-120-capsules-vegetaliennes\/#primaryimage"},"thumbnailUrl":"https:\/\/ecosupplements.be\/wp-content\/uploads\/2025\/08\/Rhodiola-Rosea-Root-400mg-120-vegan-caps.png","datePublished":"2023-01-13T12:06:09+00:00","dateModified":"2025-08-27T13:57:46+00:00","description":"Wij hebben een ruime keuze aan producten van Racine de Rhodiola Rosea, 400mg - 120 capsules v\u00e9g\u00e9taliennes . Winkel bij Eco Supplements altijd gratis verzending boven 100\u20ac","breadcrumb":{"@id":"https:\/\/ecosupplements.be\/fr\/produit\/racine-de-rhodiola-rosea-400mg-120-capsules-vegetaliennes\/#breadcrumb"},"inLanguage":"fr-FR","potentialAction":[{"@type":"ReadAction","target":["https:\/\/ecosupplements.be\/fr\/produit\/racine-de-rhodiola-rosea-400mg-120-capsules-vegetaliennes\/"]}]},{"@type":"ImageObject","inLanguage":"fr-FR","@id":"https:\/\/ecosupplements.be\/fr\/produit\/racine-de-rhodiola-rosea-400mg-120-capsules-vegetaliennes\/#primaryimage","url":"https:\/\/ecosupplements.be\/wp-content\/uploads\/2025\/08\/Rhodiola-Rosea-Root-400mg-120-vegan-caps.png","contentUrl":"https:\/\/ecosupplements.be\/wp-content\/uploads\/2025\/08\/Rhodiola-Rosea-Root-400mg-120-vegan-caps.png","width":581,"height":750},{"@type":"BreadcrumbList","@id":"https:\/\/ecosupplements.be\/fr\/produit\/racine-de-rhodiola-rosea-400mg-120-capsules-vegetaliennes\/#breadcrumb","itemListElement":[{"@type":"ListItem","position":1,"name":"Home","item":"https:\/\/ecosupplements.be\/fr\/"},{"@type":"ListItem","position":2,"name":"Boutique","item":"https:\/\/ecosupplements.be\/fr\/boutique\/"},{"@type":"ListItem","position":3,"name":"Racine de Rhodiola Rosea, 400mg &#8211; 120 capsules v\u00e9g\u00e9taliennes"}]},{"@type":"WebSite","@id":"https:\/\/ecosupplements.be\/fr\/#website","url":"https:\/\/ecosupplements.be\/fr\/","name":"ECO Supplements","description":"Eco Supplements - Gezonde supplementen","publisher":{"@id":"https:\/\/ecosupplements.be\/fr\/#organization"},"potentialAction":[{"@type":"SearchAction","target":{"@type":"EntryPoint","urlTemplate":"https:\/\/ecosupplements.be\/fr\/?s={search_term_string}"},"query-input":{"@type":"PropertyValueSpecification","valueRequired":true,"valueName":"search_term_string"}}],"inLanguage":"fr-FR"},{"@type":"Organization","@id":"https:\/\/ecosupplements.be\/fr\/#organization","name":"Eco Supplements","url":"https:\/\/ecosupplements.be\/fr\/","logo":{"@type":"ImageObject","inLanguage":"fr-FR","@id":"https:\/\/ecosupplements.be\/fr\/#\/schema\/logo\/image\/","url":"https:\/\/ecosupplements.be\/wp-content\/uploads\/2022\/06\/ecosupplement-family.png","contentUrl":"https:\/\/ecosupplements.be\/wp-content\/uploads\/2022\/06\/ecosupplement-family.png","width":593,"height":374,"caption":"Eco Supplements"},"image":{"@id":"https:\/\/ecosupplements.be\/fr\/#\/schema\/logo\/image\/"}}]},"product_brand":"Osavi","product_price_amount":"10.91","product_price_currency":"EUR","og_availability":"instock","product_availability":"instock","product_retailer_item_id":"5904139921609","product_condition":"new"},"_links":{"self":[{"href":"https:\/\/ecosupplements.be\/fr\/wp-json\/wp\/v2\/product\/289480","targetHints":{"allow":["GET"]}}],"collection":[{"href":"https:\/\/ecosupplements.be\/fr\/wp-json\/wp\/v2\/product"}],"about":[{"href":"https:\/\/ecosupplements.be\/fr\/wp-json\/wp\/v2\/types\/product"}],"replies":[{"embeddable":true,"href":"https:\/\/ecosupplements.be\/fr\/wp-json\/wp\/v2\/comments?post=289480"}],"wp:featuredmedia":[{"embeddable":true,"href":"https:\/\/ecosupplements.be\/fr\/wp-json\/wp\/v2\/media\/261483"}],"wp:attachment":[{"href":"https:\/\/ecosupplements.be\/fr\/wp-json\/wp\/v2\/media?parent=289480"}],"wp:term":[{"taxonomy":"product_brand","embeddable":true,"href":"https:\/\/ecosupplements.be\/fr\/wp-json\/wp\/v2\/product_brand?post=289480"},{"taxonomy":"product_cat","embeddable":true,"href":"https:\/\/ecosupplements.be\/fr\/wp-json\/wp\/v2\/product_cat?post=289480"},{"taxonomy":"product_tag","embeddable":true,"href":"https:\/\/ecosupplements.be\/fr\/wp-json\/wp\/v2\/product_tag?post=289480"}],"curies":[{"name":"wp","href":"https:\/\/api.w.org\/{rel}","templated":true}]}}