{"id":289483,"date":"2023-01-13T13:06:09","date_gmt":"2023-01-13T12:06:09","guid":{"rendered":"https:\/\/ecosupplements.be\/product\/racine-de-rhodiola-rosea-400mg-60-capsules-vegetaliennes\/"},"modified":"2025-08-27T14:57:48","modified_gmt":"2025-08-27T13:57:48","slug":"racine-de-rhodiola-rosea-400mg-60-capsules-vegetaliennes","status":"publish","type":"product","link":"https:\/\/ecosupplements.be\/fr\/produit\/racine-de-rhodiola-rosea-400mg-60-capsules-vegetaliennes\/","title":{"rendered":"Racine de Rhodiola Rosea, 400mg &#8211; 60 capsules v\u00e9g\u00e9taliennes"},"content":{"rendered":"<h1>Rhodiola Rosea Root, 400mg &#8211; 60 vegan caps<\/h1>\n<p>D\u00e9couvrez les bienfaits de la Rhodiola Rosea Root avec ces capsules v\u00e9g\u00e9taliennes de 400mg. Originaire de Pologne, cette\u2064 plante est utilis\u00e9e depuis des si\u00e8cles pour ses propri\u00e9t\u00e9s m\u00e9dicinales. \u2062Chaque capsule contient 400mg de racine de Rhodiola Rosea\u2064 pure, sans aucun additif ni \u2063ingr\u00e9dient artificiel.<\/p>\n<h2>Caract\u00e9ristiques sp\u00e9ciales:<\/h2>\n<ul>\n<li>400mg de racine\u200c de Rhodiola Rosea pure par capsule<\/li>\n<li>Capsules v\u00e9g\u00e9taliennes, convient aux\u200b r\u00e9gimes v\u00e9g\u00e9tariens et v\u00e9g\u00e9taliens<\/li>\n<li>Sans additifs ni ingr\u00e9dients artificiels<\/li>\n<li>Origine polonaise, garantie de qualit\u00e9 et de puret\u00e9<\/li>\n<\/ul>\n<h2>Ingr\u00e9dients:<\/h2>\n<p>Chaque capsule contient 400mg de racine de Rhodiola Rosea pure. Les \u2062capsules sont fabriqu\u00e9es \u00e0 partir \u2062de cellulose\u200c v\u00e9g\u00e9tale, ce qui les rend adapt\u00e9es aux \u200br\u00e9gimes \u200cv\u00e9g\u00e9tariens et v\u00e9g\u00e9taliens.<\/p>\n<h2>Avantages uniques:<\/h2>\n<p>La Rhodiola \u2063Rosea est connue pour ses nombreux bienfaits pour la sant\u00e9, notamment pour ses\u2062 propri\u00e9t\u00e9s\u2062 adaptog\u00e8nes \u2064qui aident \u00e0 r\u00e9duire le stress et l&#8217;anxi\u00e9t\u00e9, \u00e0 am\u00e9liorer la concentration et \u00e0 renforcer \u2064le syst\u00e8me immunitaire. Elle \u200cest \u00e9galement utilis\u00e9e \u2063pour augmenter l&#8217;\u00e9nergie \u2064et l&#8217;endurance, am\u00e9liorer la qualit\u00e9 du sommeil et favoriser une humeur positive.<\/p>\n<h2>Principales caract\u00e9ristiques:<\/h2>\n<ul>\n<li>Am\u00e9liore la r\u00e9sistance au stress et \u00e0\u2063 l&#8217;anxi\u00e9t\u00e9<\/li>\n<li>Renforce le syst\u00e8me immunitaire<\/li>\n<li>Augmente \u2063l&#8217;\u00e9nergie et l&#8217;endurance<\/li>\n<li>Am\u00e9liore la concentration et la m\u00e9moire<\/li>\n<li>Am\u00e9liore la qualit\u00e9 du\u2062 sommeil<\/li>\n<li>Favorise \u2063une\u200d humeur positive<\/li>\n<\/ul>\n<p>Prenez soin de votre bien-\u00eatre avec ces\u200d capsules de Rhodiola Rosea Root de haute qualit\u00e9. Ajoutez-les \u00e0 votre routine quotidienne pour profiter de tous ses bienfaits pour la sant\u00e9.<\/p>\n","protected":false},"excerpt":{"rendered":"<p>Rhodiola Rosea Root, 400mg &#8211; 60 vegan caps D\u00e9couvrez les bienfaits de la Rhodiola Rosea Root avec ces capsules v\u00e9g\u00e9taliennes de 400mg. Originaire de Pologne, cette\u2064 plante est utilis\u00e9e depuis des si\u00e8cles pour ses propri\u00e9t\u00e9s m\u00e9dicinales. \u2062Chaque capsule contient 400mg de racine de Rhodiola Rosea\u2064 pure, sans aucun additif ni \u2063ingr\u00e9dient artificiel. Caract\u00e9ristiques sp\u00e9ciales: 400mg [&#8230;]\n","protected":false},"featured_media":261486,"comment_status":"open","ping_status":"open","template":"","meta":[],"product_brand":[4756],"product_cat":[5098,5052],"product_tag":[],"class_list":{"0":"post-289483","1":"product","2":"type-product","3":"status-publish","4":"has-post-thumbnail","6":"product_brand-osavi-2","7":"product_cat-antioxydants","8":"product_cat-sante-et-bien-etre","10":"first","11":"instock","12":"taxable","13":"shipping-taxable","14":"purchasable","15":"product-type-simple"},"yoast_head":"<!-- This site is optimized with the Yoast SEO Premium plugin v27.3 (Yoast SEO v27.3) - https:\/\/yoast.com\/product\/yoast-seo-premium-wordpress\/ -->\n<title>Racine de Rhodiola Rosea, 400mg - 60 capsules v\u00e9g\u00e9taliennes - ECO Supplements<\/title>\n<meta name=\"description\" content=\"Wij hebben een ruime keuze aan producten van Racine de Rhodiola Rosea, 400mg - 60 capsules v\u00e9g\u00e9taliennes . Winkel bij Eco Supplements altijd gratis verzending boven 100\u20ac\" \/>\n<meta name=\"robots\" content=\"index, follow, max-snippet:-1, max-image-preview:large, max-video-preview:-1\" \/>\n<link rel=\"canonical\" href=\"https:\/\/ecosupplements.be\/fr\/produit\/racine-de-rhodiola-rosea-400mg-60-capsules-vegetaliennes\/\" \/>\n<meta property=\"og:locale\" content=\"fr_FR\" \/>\n<meta property=\"og:type\" content=\"article\" \/>\n<meta property=\"og:title\" content=\"Racine de Rhodiola Rosea, 400mg - 60 capsules v\u00e9g\u00e9taliennes\" \/>\n<meta property=\"og:description\" content=\"Wij hebben een ruime keuze aan producten van Racine de Rhodiola Rosea, 400mg - 60 capsules v\u00e9g\u00e9taliennes . Winkel bij Eco Supplements altijd gratis verzending boven 100\u20ac\" \/>\n<meta property=\"og:url\" content=\"https:\/\/ecosupplements.be\/fr\/produit\/racine-de-rhodiola-rosea-400mg-60-capsules-vegetaliennes\/\" \/>\n<meta property=\"og:site_name\" content=\"ECO Supplements\" \/>\n<meta property=\"article:modified_time\" content=\"2025-08-27T13:57:48+00:00\" \/>\n<meta property=\"og:image\" content=\"https:\/\/ecosupplements.be\/wp-content\/uploads\/2025\/08\/Rhodiola-Rosea-Root-400mg-60-vegan-caps-1.png\" \/>\n\t<meta property=\"og:image:width\" content=\"569\" \/>\n\t<meta property=\"og:image:height\" content=\"750\" \/>\n\t<meta property=\"og:image:type\" content=\"image\/png\" \/>\n<meta name=\"twitter:card\" content=\"summary_large_image\" \/>\n<meta name=\"twitter:label1\" content=\"Prix\" \/>\n\t<meta name=\"twitter:data1\" content=\"7.16&nbsp;&euro;\" \/>\n\t<meta name=\"twitter:label2\" content=\"Disponibilit\u00e9\" \/>\n\t<meta name=\"twitter:data2\" content=\"En stock\" \/>\n<script type=\"application\/ld+json\" class=\"yoast-schema-graph\">{\"@context\":\"https:\\\/\\\/schema.org\",\"@graph\":[{\"@type\":[\"WebPage\",\"ItemPage\"],\"@id\":\"https:\\\/\\\/ecosupplements.be\\\/fr\\\/produit\\\/racine-de-rhodiola-rosea-400mg-60-capsules-vegetaliennes\\\/\",\"url\":\"https:\\\/\\\/ecosupplements.be\\\/fr\\\/produit\\\/racine-de-rhodiola-rosea-400mg-60-capsules-vegetaliennes\\\/\",\"name\":\"Racine de Rhodiola Rosea, 400mg - 60 capsules v\u00e9g\u00e9taliennes - ECO Supplements\",\"isPartOf\":{\"@id\":\"https:\\\/\\\/ecosupplements.be\\\/fr\\\/#website\"},\"primaryImageOfPage\":{\"@id\":\"https:\\\/\\\/ecosupplements.be\\\/fr\\\/produit\\\/racine-de-rhodiola-rosea-400mg-60-capsules-vegetaliennes\\\/#primaryimage\"},\"image\":{\"@id\":\"https:\\\/\\\/ecosupplements.be\\\/fr\\\/produit\\\/racine-de-rhodiola-rosea-400mg-60-capsules-vegetaliennes\\\/#primaryimage\"},\"thumbnailUrl\":\"https:\\\/\\\/ecosupplements.be\\\/wp-content\\\/uploads\\\/2025\\\/08\\\/Rhodiola-Rosea-Root-400mg-60-vegan-caps.png\",\"datePublished\":\"2023-01-13T12:06:09+00:00\",\"dateModified\":\"2025-08-27T13:57:48+00:00\",\"description\":\"Wij hebben een ruime keuze aan producten van Racine de Rhodiola Rosea, 400mg - 60 capsules v\u00e9g\u00e9taliennes . Winkel bij Eco Supplements altijd gratis verzending boven 100\u20ac\",\"breadcrumb\":{\"@id\":\"https:\\\/\\\/ecosupplements.be\\\/fr\\\/produit\\\/racine-de-rhodiola-rosea-400mg-60-capsules-vegetaliennes\\\/#breadcrumb\"},\"inLanguage\":\"fr-FR\",\"potentialAction\":[{\"@type\":\"ReadAction\",\"target\":[\"https:\\\/\\\/ecosupplements.be\\\/fr\\\/produit\\\/racine-de-rhodiola-rosea-400mg-60-capsules-vegetaliennes\\\/\"]}]},{\"@type\":\"ImageObject\",\"inLanguage\":\"fr-FR\",\"@id\":\"https:\\\/\\\/ecosupplements.be\\\/fr\\\/produit\\\/racine-de-rhodiola-rosea-400mg-60-capsules-vegetaliennes\\\/#primaryimage\",\"url\":\"https:\\\/\\\/ecosupplements.be\\\/wp-content\\\/uploads\\\/2025\\\/08\\\/Rhodiola-Rosea-Root-400mg-60-vegan-caps.png\",\"contentUrl\":\"https:\\\/\\\/ecosupplements.be\\\/wp-content\\\/uploads\\\/2025\\\/08\\\/Rhodiola-Rosea-Root-400mg-60-vegan-caps.png\",\"width\":569,\"height\":750},{\"@type\":\"BreadcrumbList\",\"@id\":\"https:\\\/\\\/ecosupplements.be\\\/fr\\\/produit\\\/racine-de-rhodiola-rosea-400mg-60-capsules-vegetaliennes\\\/#breadcrumb\",\"itemListElement\":[{\"@type\":\"ListItem\",\"position\":1,\"name\":\"Home\",\"item\":\"https:\\\/\\\/ecosupplements.be\\\/fr\\\/\"},{\"@type\":\"ListItem\",\"position\":2,\"name\":\"Boutique\",\"item\":\"https:\\\/\\\/ecosupplements.be\\\/fr\\\/boutique\\\/\"},{\"@type\":\"ListItem\",\"position\":3,\"name\":\"Racine de Rhodiola Rosea, 400mg &#8211; 60 capsules v\u00e9g\u00e9taliennes\"}]},{\"@type\":\"WebSite\",\"@id\":\"https:\\\/\\\/ecosupplements.be\\\/fr\\\/#website\",\"url\":\"https:\\\/\\\/ecosupplements.be\\\/fr\\\/\",\"name\":\"ECO Supplements\",\"description\":\"Eco Supplements - Gezonde supplementen\",\"publisher\":{\"@id\":\"https:\\\/\\\/ecosupplements.be\\\/fr\\\/#organization\"},\"potentialAction\":[{\"@type\":\"SearchAction\",\"target\":{\"@type\":\"EntryPoint\",\"urlTemplate\":\"https:\\\/\\\/ecosupplements.be\\\/fr\\\/?s={search_term_string}\"},\"query-input\":{\"@type\":\"PropertyValueSpecification\",\"valueRequired\":true,\"valueName\":\"search_term_string\"}}],\"inLanguage\":\"fr-FR\"},{\"@type\":\"Organization\",\"@id\":\"https:\\\/\\\/ecosupplements.be\\\/fr\\\/#organization\",\"name\":\"Eco Supplements\",\"url\":\"https:\\\/\\\/ecosupplements.be\\\/fr\\\/\",\"logo\":{\"@type\":\"ImageObject\",\"inLanguage\":\"fr-FR\",\"@id\":\"https:\\\/\\\/ecosupplements.be\\\/fr\\\/#\\\/schema\\\/logo\\\/image\\\/\",\"url\":\"https:\\\/\\\/ecosupplements.be\\\/wp-content\\\/uploads\\\/2022\\\/06\\\/ecosupplement-family.png\",\"contentUrl\":\"https:\\\/\\\/ecosupplements.be\\\/wp-content\\\/uploads\\\/2022\\\/06\\\/ecosupplement-family.png\",\"width\":593,\"height\":374,\"caption\":\"Eco Supplements\"},\"image\":{\"@id\":\"https:\\\/\\\/ecosupplements.be\\\/fr\\\/#\\\/schema\\\/logo\\\/image\\\/\"}}]}<\/script>\n<meta property=\"product:brand\" content=\"Osavi\" \/>\n<meta property=\"product:price:amount\" content=\"7.16\" \/>\n<meta property=\"product:price:currency\" content=\"EUR\" \/>\n<meta property=\"og:availability\" content=\"instock\" \/>\n<meta property=\"product:availability\" content=\"instock\" \/>\n<meta property=\"product:retailer_item_id\" content=\"5904139921623\" \/>\n<meta property=\"product:condition\" content=\"new\" \/>\n<!-- \/ Yoast SEO Premium plugin. -->","yoast_head_json":{"title":"Racine de Rhodiola Rosea, 400mg - 60 capsules v\u00e9g\u00e9taliennes - ECO Supplements","description":"Wij hebben een ruime keuze aan producten van Racine de Rhodiola Rosea, 400mg - 60 capsules v\u00e9g\u00e9taliennes . Winkel bij Eco Supplements altijd gratis verzending boven 100\u20ac","robots":{"index":"index","follow":"follow","max-snippet":"max-snippet:-1","max-image-preview":"max-image-preview:large","max-video-preview":"max-video-preview:-1"},"canonical":"https:\/\/ecosupplements.be\/fr\/produit\/racine-de-rhodiola-rosea-400mg-60-capsules-vegetaliennes\/","og_locale":"fr_FR","og_type":"article","og_title":"Racine de Rhodiola Rosea, 400mg - 60 capsules v\u00e9g\u00e9taliennes","og_description":"Wij hebben een ruime keuze aan producten van Racine de Rhodiola Rosea, 400mg - 60 capsules v\u00e9g\u00e9taliennes . Winkel bij Eco Supplements altijd gratis verzending boven 100\u20ac","og_url":"https:\/\/ecosupplements.be\/fr\/produit\/racine-de-rhodiola-rosea-400mg-60-capsules-vegetaliennes\/","og_site_name":"ECO Supplements","article_modified_time":"2025-08-27T13:57:48+00:00","og_image":[{"width":569,"height":750,"url":"https:\/\/ecosupplements.be\/wp-content\/uploads\/2025\/08\/Rhodiola-Rosea-Root-400mg-60-vegan-caps-1.png","type":"image\/png"}],"twitter_card":"summary_large_image","twitter_misc":{"Prix":"7.16&nbsp;&euro;","Disponibilit\u00e9":"En stock"},"schema":{"@context":"https:\/\/schema.org","@graph":[{"@type":["WebPage","ItemPage"],"@id":"https:\/\/ecosupplements.be\/fr\/produit\/racine-de-rhodiola-rosea-400mg-60-capsules-vegetaliennes\/","url":"https:\/\/ecosupplements.be\/fr\/produit\/racine-de-rhodiola-rosea-400mg-60-capsules-vegetaliennes\/","name":"Racine de Rhodiola Rosea, 400mg - 60 capsules v\u00e9g\u00e9taliennes - ECO Supplements","isPartOf":{"@id":"https:\/\/ecosupplements.be\/fr\/#website"},"primaryImageOfPage":{"@id":"https:\/\/ecosupplements.be\/fr\/produit\/racine-de-rhodiola-rosea-400mg-60-capsules-vegetaliennes\/#primaryimage"},"image":{"@id":"https:\/\/ecosupplements.be\/fr\/produit\/racine-de-rhodiola-rosea-400mg-60-capsules-vegetaliennes\/#primaryimage"},"thumbnailUrl":"https:\/\/ecosupplements.be\/wp-content\/uploads\/2025\/08\/Rhodiola-Rosea-Root-400mg-60-vegan-caps.png","datePublished":"2023-01-13T12:06:09+00:00","dateModified":"2025-08-27T13:57:48+00:00","description":"Wij hebben een ruime keuze aan producten van Racine de Rhodiola Rosea, 400mg - 60 capsules v\u00e9g\u00e9taliennes . Winkel bij Eco Supplements altijd gratis verzending boven 100\u20ac","breadcrumb":{"@id":"https:\/\/ecosupplements.be\/fr\/produit\/racine-de-rhodiola-rosea-400mg-60-capsules-vegetaliennes\/#breadcrumb"},"inLanguage":"fr-FR","potentialAction":[{"@type":"ReadAction","target":["https:\/\/ecosupplements.be\/fr\/produit\/racine-de-rhodiola-rosea-400mg-60-capsules-vegetaliennes\/"]}]},{"@type":"ImageObject","inLanguage":"fr-FR","@id":"https:\/\/ecosupplements.be\/fr\/produit\/racine-de-rhodiola-rosea-400mg-60-capsules-vegetaliennes\/#primaryimage","url":"https:\/\/ecosupplements.be\/wp-content\/uploads\/2025\/08\/Rhodiola-Rosea-Root-400mg-60-vegan-caps.png","contentUrl":"https:\/\/ecosupplements.be\/wp-content\/uploads\/2025\/08\/Rhodiola-Rosea-Root-400mg-60-vegan-caps.png","width":569,"height":750},{"@type":"BreadcrumbList","@id":"https:\/\/ecosupplements.be\/fr\/produit\/racine-de-rhodiola-rosea-400mg-60-capsules-vegetaliennes\/#breadcrumb","itemListElement":[{"@type":"ListItem","position":1,"name":"Home","item":"https:\/\/ecosupplements.be\/fr\/"},{"@type":"ListItem","position":2,"name":"Boutique","item":"https:\/\/ecosupplements.be\/fr\/boutique\/"},{"@type":"ListItem","position":3,"name":"Racine de Rhodiola Rosea, 400mg &#8211; 60 capsules v\u00e9g\u00e9taliennes"}]},{"@type":"WebSite","@id":"https:\/\/ecosupplements.be\/fr\/#website","url":"https:\/\/ecosupplements.be\/fr\/","name":"ECO Supplements","description":"Eco Supplements - Gezonde supplementen","publisher":{"@id":"https:\/\/ecosupplements.be\/fr\/#organization"},"potentialAction":[{"@type":"SearchAction","target":{"@type":"EntryPoint","urlTemplate":"https:\/\/ecosupplements.be\/fr\/?s={search_term_string}"},"query-input":{"@type":"PropertyValueSpecification","valueRequired":true,"valueName":"search_term_string"}}],"inLanguage":"fr-FR"},{"@type":"Organization","@id":"https:\/\/ecosupplements.be\/fr\/#organization","name":"Eco Supplements","url":"https:\/\/ecosupplements.be\/fr\/","logo":{"@type":"ImageObject","inLanguage":"fr-FR","@id":"https:\/\/ecosupplements.be\/fr\/#\/schema\/logo\/image\/","url":"https:\/\/ecosupplements.be\/wp-content\/uploads\/2022\/06\/ecosupplement-family.png","contentUrl":"https:\/\/ecosupplements.be\/wp-content\/uploads\/2022\/06\/ecosupplement-family.png","width":593,"height":374,"caption":"Eco Supplements"},"image":{"@id":"https:\/\/ecosupplements.be\/fr\/#\/schema\/logo\/image\/"}}]},"product_brand":"Osavi","product_price_amount":"7.16","product_price_currency":"EUR","og_availability":"instock","product_availability":"instock","product_retailer_item_id":"5904139921623","product_condition":"new"},"_links":{"self":[{"href":"https:\/\/ecosupplements.be\/fr\/wp-json\/wp\/v2\/product\/289483","targetHints":{"allow":["GET"]}}],"collection":[{"href":"https:\/\/ecosupplements.be\/fr\/wp-json\/wp\/v2\/product"}],"about":[{"href":"https:\/\/ecosupplements.be\/fr\/wp-json\/wp\/v2\/types\/product"}],"replies":[{"embeddable":true,"href":"https:\/\/ecosupplements.be\/fr\/wp-json\/wp\/v2\/comments?post=289483"}],"wp:featuredmedia":[{"embeddable":true,"href":"https:\/\/ecosupplements.be\/fr\/wp-json\/wp\/v2\/media\/261486"}],"wp:attachment":[{"href":"https:\/\/ecosupplements.be\/fr\/wp-json\/wp\/v2\/media?parent=289483"}],"wp:term":[{"taxonomy":"product_brand","embeddable":true,"href":"https:\/\/ecosupplements.be\/fr\/wp-json\/wp\/v2\/product_brand?post=289483"},{"taxonomy":"product_cat","embeddable":true,"href":"https:\/\/ecosupplements.be\/fr\/wp-json\/wp\/v2\/product_cat?post=289483"},{"taxonomy":"product_tag","embeddable":true,"href":"https:\/\/ecosupplements.be\/fr\/wp-json\/wp\/v2\/product_tag?post=289483"}],"curies":[{"name":"wp","href":"https:\/\/api.w.org\/{rel}","templated":true}]}}