{"id":289492,"date":"2024-03-09T14:20:43","date_gmt":"2024-03-09T13:20:43","guid":{"rendered":"https:\/\/ecosupplements.be\/product\/huile-de-krill-super-1180mg-60-capsules-molles\/"},"modified":"2025-08-27T14:57:56","modified_gmt":"2025-08-27T13:57:56","slug":"huile-de-krill-super-1180mg-60-capsules-molles","status":"publish","type":"product","link":"https:\/\/ecosupplements.be\/fr\/produit\/huile-de-krill-super-1180mg-60-capsules-molles\/","title":{"rendered":"Huile de Krill Super, 1180mg &#8211; 60 capsules molles"},"content":{"rendered":"<h1>D\u00e9couvrez le pouvoir du Super Krill Oil d&#8217;Osavi<\/h1>\n<p>Le Super Krill Oil\u2062 d&#8217;Osavi est un compl\u00e9ment alimentaire hautement concentr\u00e9 en huile de krill, une source naturelle d&#8217;om\u00e9ga-3, d&#8217;astaxanthine et de \u200bphospholipides. Chaque softgel contient 1180mg d&#8217;huile de krill pure, ce qui \u200cen\u2062 fait l&#8217;un des produits les plus \u2062puissants sur\u200b le march\u00e9.<\/p>\n<h2>Ingr\u00e9dients de qualit\u00e9 sup\u00e9rieure<\/h2>\n<p>Nous utilisons uniquement des ingr\u00e9dients de\u2062 qualit\u00e9 sup\u00e9rieure pour garantir l&#8217;efficacit\u00e9 et la puret\u00e9 de notre produit. \u200bNotre huile de krill est extraite \u00e0 froid \u00e0 partir de krill sauvage p\u00each\u00e9 dans\u2062 les eaux pures de l&#8217;oc\u00e9an Antarctique. Elle est\u2064 ensuite encapsul\u00e9e dans des softgels faciles \u00e0\u2064 avaler, sans ajout de conservateurs ou d&#8217;additifs artificiels.<\/p>\n<h2>Avantages uniques<\/h2>\n<ul>\n<li>Source naturelle \u2064d&#8217;om\u00e9ga-3 : l&#8217;huile de krill est riche en acides gras om\u00e9ga-3, essentiels pour la sant\u00e9 cardiovasculaire,\u2062 le cerveau\u2063 et les articulations.<\/li>\n<li>Antioxydant puissant : l&#8217;astaxanthine pr\u00e9sente dans\u200b le krill est un antioxydant puissant qui aide \u00e0 prot\u00e9ger les cellules contre les dommages \u2063caus\u00e9s \u2063par \u2064les radicaux libres.<\/li>\n<li>Facilement absorb\u00e9 : gr\u00e2ce \u00e0 sa forme \u200bphospholipidique, l&#8217;huile de krill est facilement absorb\u00e9e par l&#8217;organisme, ce qui en fait une source d&#8217;om\u00e9ga-3 plus efficace que l&#8217;huile de poisson.<\/li>\n<li>Sans odeur \u200cni arri\u00e8re-go\u00fbt de poisson : contrairement \u00e0 l&#8217;huile de poisson, l&#8217;huile de krill ne laisse\u200b pas d&#8217;odeur ou d&#8217;arri\u00e8re-go\u00fbt d\u00e9sagr\u00e9able.<\/li>\n<\/ul>\n<h2>Utilisation recommand\u00e9e<\/h2>\n<p>Nous recommandons\u2062 de\u2064 prendre 2 softgels par jour, de pr\u00e9f\u00e9rence \u200cavec\u2062 un repas. Chaque flacon contient 60 softgels,\u2063 soit une cure de 30 jours.<\/p>\n<h2>Essayez-le d\u00e8s maintenant<\/h2>\n<p>Ajoutez le\u200b Super Krill Oil d&#8217;Osavi \u00e0 votre routine quotidienne pour profiter de ses nombreux bienfaits pour la \u2064sant\u00e9. \u200dCommandez d\u00e8s maintenant et d\u00e9couvrez le pouvoir de l&#8217;huile de krill !<\/p>\n","protected":false},"excerpt":{"rendered":"<p>D\u00e9couvrez le pouvoir du Super Krill Oil d&#8217;Osavi Le Super Krill Oil\u2062 d&#8217;Osavi est un compl\u00e9ment alimentaire hautement concentr\u00e9 en huile de krill, une source naturelle d&#8217;om\u00e9ga-3, d&#8217;astaxanthine et de \u200bphospholipides. Chaque softgel contient 1180mg d&#8217;huile de krill pure, ce qui \u200cen\u2062 fait l&#8217;un des produits les plus \u2062puissants sur\u200b le march\u00e9. Ingr\u00e9dients de qualit\u00e9 [&#8230;]\n","protected":false},"featured_media":264916,"comment_status":"open","ping_status":"open","template":"","meta":[],"product_brand":[4756],"product_cat":[5052],"product_tag":[],"class_list":{"0":"post-289492","1":"product","2":"type-product","3":"status-publish","4":"has-post-thumbnail","6":"product_brand-osavi-2","7":"product_cat-sante-et-bien-etre","9":"first","10":"instock","11":"taxable","12":"shipping-taxable","13":"purchasable","14":"product-type-simple"},"yoast_head":"<!-- This site is optimized with the Yoast SEO Premium plugin v27.5 (Yoast SEO v27.5) - https:\/\/yoast.com\/product\/yoast-seo-premium-wordpress\/ -->\n<title>Huile de Krill Super, 1180mg - 60 capsules molles - ECO Supplements<\/title>\n<meta name=\"description\" content=\"Wij hebben een ruime keuze aan producten van Huile de Krill Super, 1180mg - 60 capsules molles . Winkel bij Eco Supplements altijd gratis verzending boven 100\u20ac\" \/>\n<meta name=\"robots\" content=\"index, follow, max-snippet:-1, max-image-preview:large, max-video-preview:-1\" \/>\n<link rel=\"canonical\" href=\"https:\/\/ecosupplements.be\/fr\/produit\/huile-de-krill-super-1180mg-60-capsules-molles\/\" \/>\n<meta property=\"og:locale\" content=\"fr_FR\" \/>\n<meta property=\"og:type\" content=\"article\" \/>\n<meta property=\"og:title\" content=\"Huile de Krill Super, 1180mg - 60 capsules molles\" \/>\n<meta property=\"og:description\" content=\"Wij hebben een ruime keuze aan producten van Huile de Krill Super, 1180mg - 60 capsules molles . Winkel bij Eco Supplements altijd gratis verzending boven 100\u20ac\" \/>\n<meta property=\"og:url\" content=\"https:\/\/ecosupplements.be\/fr\/produit\/huile-de-krill-super-1180mg-60-capsules-molles\/\" \/>\n<meta property=\"og:site_name\" content=\"ECO Supplements\" \/>\n<meta property=\"article:modified_time\" content=\"2025-08-27T13:57:56+00:00\" \/>\n<meta property=\"og:image\" content=\"https:\/\/ecosupplements.be\/wp-content\/uploads\/2025\/08\/Super-Krill-Oil-1180mg-60-softgels-1.png\" \/>\n\t<meta property=\"og:image:width\" content=\"633\" \/>\n\t<meta property=\"og:image:height\" content=\"750\" \/>\n\t<meta property=\"og:image:type\" content=\"image\/png\" \/>\n<meta name=\"twitter:card\" content=\"summary_large_image\" \/>\n<meta name=\"twitter:label1\" content=\"Prix\" \/>\n\t<meta name=\"twitter:data1\" content=\"23.06&nbsp;&euro;\" \/>\n\t<meta name=\"twitter:label2\" content=\"Disponibilit\u00e9\" \/>\n\t<meta name=\"twitter:data2\" content=\"En stock\" \/>\n<script type=\"application\/ld+json\" class=\"yoast-schema-graph\">{\"@context\":\"https:\\\/\\\/schema.org\",\"@graph\":[{\"@type\":[\"WebPage\",\"ItemPage\"],\"@id\":\"https:\\\/\\\/ecosupplements.be\\\/fr\\\/produit\\\/huile-de-krill-super-1180mg-60-capsules-molles\\\/\",\"url\":\"https:\\\/\\\/ecosupplements.be\\\/fr\\\/produit\\\/huile-de-krill-super-1180mg-60-capsules-molles\\\/\",\"name\":\"Huile de Krill Super, 1180mg - 60 capsules molles - ECO Supplements\",\"isPartOf\":{\"@id\":\"https:\\\/\\\/ecosupplements.be\\\/fr\\\/#website\"},\"primaryImageOfPage\":{\"@id\":\"https:\\\/\\\/ecosupplements.be\\\/fr\\\/produit\\\/huile-de-krill-super-1180mg-60-capsules-molles\\\/#primaryimage\"},\"image\":{\"@id\":\"https:\\\/\\\/ecosupplements.be\\\/fr\\\/produit\\\/huile-de-krill-super-1180mg-60-capsules-molles\\\/#primaryimage\"},\"thumbnailUrl\":\"https:\\\/\\\/ecosupplements.be\\\/wp-content\\\/uploads\\\/2025\\\/08\\\/Super-Krill-Oil-1180mg-60-softgels.png\",\"datePublished\":\"2024-03-09T13:20:43+00:00\",\"dateModified\":\"2025-08-27T13:57:56+00:00\",\"description\":\"Wij hebben een ruime keuze aan producten van Huile de Krill Super, 1180mg - 60 capsules molles . Winkel bij Eco Supplements altijd gratis verzending boven 100\u20ac\",\"breadcrumb\":{\"@id\":\"https:\\\/\\\/ecosupplements.be\\\/fr\\\/produit\\\/huile-de-krill-super-1180mg-60-capsules-molles\\\/#breadcrumb\"},\"inLanguage\":\"fr-FR\",\"potentialAction\":[{\"@type\":\"ReadAction\",\"target\":[\"https:\\\/\\\/ecosupplements.be\\\/fr\\\/produit\\\/huile-de-krill-super-1180mg-60-capsules-molles\\\/\"]}]},{\"@type\":\"ImageObject\",\"inLanguage\":\"fr-FR\",\"@id\":\"https:\\\/\\\/ecosupplements.be\\\/fr\\\/produit\\\/huile-de-krill-super-1180mg-60-capsules-molles\\\/#primaryimage\",\"url\":\"https:\\\/\\\/ecosupplements.be\\\/wp-content\\\/uploads\\\/2025\\\/08\\\/Super-Krill-Oil-1180mg-60-softgels.png\",\"contentUrl\":\"https:\\\/\\\/ecosupplements.be\\\/wp-content\\\/uploads\\\/2025\\\/08\\\/Super-Krill-Oil-1180mg-60-softgels.png\",\"width\":633,\"height\":750},{\"@type\":\"BreadcrumbList\",\"@id\":\"https:\\\/\\\/ecosupplements.be\\\/fr\\\/produit\\\/huile-de-krill-super-1180mg-60-capsules-molles\\\/#breadcrumb\",\"itemListElement\":[{\"@type\":\"ListItem\",\"position\":1,\"name\":\"Home\",\"item\":\"https:\\\/\\\/ecosupplements.be\\\/fr\\\/\"},{\"@type\":\"ListItem\",\"position\":2,\"name\":\"Boutique\",\"item\":\"https:\\\/\\\/ecosupplements.be\\\/fr\\\/boutique\\\/\"},{\"@type\":\"ListItem\",\"position\":3,\"name\":\"Huile de Krill Super, 1180mg &#8211; 60 capsules molles\"}]},{\"@type\":\"WebSite\",\"@id\":\"https:\\\/\\\/ecosupplements.be\\\/fr\\\/#website\",\"url\":\"https:\\\/\\\/ecosupplements.be\\\/fr\\\/\",\"name\":\"ECO Supplements\",\"description\":\"Eco Supplements - Gezonde supplementen\",\"publisher\":{\"@id\":\"https:\\\/\\\/ecosupplements.be\\\/fr\\\/#organization\"},\"potentialAction\":[{\"@type\":\"SearchAction\",\"target\":{\"@type\":\"EntryPoint\",\"urlTemplate\":\"https:\\\/\\\/ecosupplements.be\\\/fr\\\/?s={search_term_string}\"},\"query-input\":{\"@type\":\"PropertyValueSpecification\",\"valueRequired\":true,\"valueName\":\"search_term_string\"}}],\"inLanguage\":\"fr-FR\"},{\"@type\":\"Organization\",\"@id\":\"https:\\\/\\\/ecosupplements.be\\\/fr\\\/#organization\",\"name\":\"Eco Supplements\",\"url\":\"https:\\\/\\\/ecosupplements.be\\\/fr\\\/\",\"logo\":{\"@type\":\"ImageObject\",\"inLanguage\":\"fr-FR\",\"@id\":\"https:\\\/\\\/ecosupplements.be\\\/fr\\\/#\\\/schema\\\/logo\\\/image\\\/\",\"url\":\"https:\\\/\\\/ecosupplements.be\\\/wp-content\\\/uploads\\\/2022\\\/06\\\/ecosupplement-family.png\",\"contentUrl\":\"https:\\\/\\\/ecosupplements.be\\\/wp-content\\\/uploads\\\/2022\\\/06\\\/ecosupplement-family.png\",\"width\":593,\"height\":374,\"caption\":\"Eco Supplements\"},\"image\":{\"@id\":\"https:\\\/\\\/ecosupplements.be\\\/fr\\\/#\\\/schema\\\/logo\\\/image\\\/\"}}]}<\/script>\n<meta property=\"product:brand\" content=\"Osavi\" \/>\n<meta property=\"product:price:amount\" content=\"23.06\" \/>\n<meta property=\"product:price:currency\" content=\"EUR\" \/>\n<meta property=\"og:availability\" content=\"instock\" \/>\n<meta property=\"product:availability\" content=\"instock\" \/>\n<meta property=\"product:retailer_item_id\" content=\"5904139923719\" \/>\n<meta property=\"product:condition\" content=\"new\" \/>\n<!-- \/ Yoast SEO Premium plugin. -->","yoast_head_json":{"title":"Huile de Krill Super, 1180mg - 60 capsules molles - ECO Supplements","description":"Wij hebben een ruime keuze aan producten van Huile de Krill Super, 1180mg - 60 capsules molles . Winkel bij Eco Supplements altijd gratis verzending boven 100\u20ac","robots":{"index":"index","follow":"follow","max-snippet":"max-snippet:-1","max-image-preview":"max-image-preview:large","max-video-preview":"max-video-preview:-1"},"canonical":"https:\/\/ecosupplements.be\/fr\/produit\/huile-de-krill-super-1180mg-60-capsules-molles\/","og_locale":"fr_FR","og_type":"article","og_title":"Huile de Krill Super, 1180mg - 60 capsules molles","og_description":"Wij hebben een ruime keuze aan producten van Huile de Krill Super, 1180mg - 60 capsules molles . Winkel bij Eco Supplements altijd gratis verzending boven 100\u20ac","og_url":"https:\/\/ecosupplements.be\/fr\/produit\/huile-de-krill-super-1180mg-60-capsules-molles\/","og_site_name":"ECO Supplements","article_modified_time":"2025-08-27T13:57:56+00:00","og_image":[{"width":633,"height":750,"url":"https:\/\/ecosupplements.be\/wp-content\/uploads\/2025\/08\/Super-Krill-Oil-1180mg-60-softgels-1.png","type":"image\/png"}],"twitter_card":"summary_large_image","twitter_misc":{"Prix":"23.06&nbsp;&euro;","Disponibilit\u00e9":"En stock"},"schema":{"@context":"https:\/\/schema.org","@graph":[{"@type":["WebPage","ItemPage"],"@id":"https:\/\/ecosupplements.be\/fr\/produit\/huile-de-krill-super-1180mg-60-capsules-molles\/","url":"https:\/\/ecosupplements.be\/fr\/produit\/huile-de-krill-super-1180mg-60-capsules-molles\/","name":"Huile de Krill Super, 1180mg - 60 capsules molles - ECO Supplements","isPartOf":{"@id":"https:\/\/ecosupplements.be\/fr\/#website"},"primaryImageOfPage":{"@id":"https:\/\/ecosupplements.be\/fr\/produit\/huile-de-krill-super-1180mg-60-capsules-molles\/#primaryimage"},"image":{"@id":"https:\/\/ecosupplements.be\/fr\/produit\/huile-de-krill-super-1180mg-60-capsules-molles\/#primaryimage"},"thumbnailUrl":"https:\/\/ecosupplements.be\/wp-content\/uploads\/2025\/08\/Super-Krill-Oil-1180mg-60-softgels.png","datePublished":"2024-03-09T13:20:43+00:00","dateModified":"2025-08-27T13:57:56+00:00","description":"Wij hebben een ruime keuze aan producten van Huile de Krill Super, 1180mg - 60 capsules molles . Winkel bij Eco Supplements altijd gratis verzending boven 100\u20ac","breadcrumb":{"@id":"https:\/\/ecosupplements.be\/fr\/produit\/huile-de-krill-super-1180mg-60-capsules-molles\/#breadcrumb"},"inLanguage":"fr-FR","potentialAction":[{"@type":"ReadAction","target":["https:\/\/ecosupplements.be\/fr\/produit\/huile-de-krill-super-1180mg-60-capsules-molles\/"]}]},{"@type":"ImageObject","inLanguage":"fr-FR","@id":"https:\/\/ecosupplements.be\/fr\/produit\/huile-de-krill-super-1180mg-60-capsules-molles\/#primaryimage","url":"https:\/\/ecosupplements.be\/wp-content\/uploads\/2025\/08\/Super-Krill-Oil-1180mg-60-softgels.png","contentUrl":"https:\/\/ecosupplements.be\/wp-content\/uploads\/2025\/08\/Super-Krill-Oil-1180mg-60-softgels.png","width":633,"height":750},{"@type":"BreadcrumbList","@id":"https:\/\/ecosupplements.be\/fr\/produit\/huile-de-krill-super-1180mg-60-capsules-molles\/#breadcrumb","itemListElement":[{"@type":"ListItem","position":1,"name":"Home","item":"https:\/\/ecosupplements.be\/fr\/"},{"@type":"ListItem","position":2,"name":"Boutique","item":"https:\/\/ecosupplements.be\/fr\/boutique\/"},{"@type":"ListItem","position":3,"name":"Huile de Krill Super, 1180mg &#8211; 60 capsules molles"}]},{"@type":"WebSite","@id":"https:\/\/ecosupplements.be\/fr\/#website","url":"https:\/\/ecosupplements.be\/fr\/","name":"ECO Supplements","description":"Eco Supplements - Gezonde supplementen","publisher":{"@id":"https:\/\/ecosupplements.be\/fr\/#organization"},"potentialAction":[{"@type":"SearchAction","target":{"@type":"EntryPoint","urlTemplate":"https:\/\/ecosupplements.be\/fr\/?s={search_term_string}"},"query-input":{"@type":"PropertyValueSpecification","valueRequired":true,"valueName":"search_term_string"}}],"inLanguage":"fr-FR"},{"@type":"Organization","@id":"https:\/\/ecosupplements.be\/fr\/#organization","name":"Eco Supplements","url":"https:\/\/ecosupplements.be\/fr\/","logo":{"@type":"ImageObject","inLanguage":"fr-FR","@id":"https:\/\/ecosupplements.be\/fr\/#\/schema\/logo\/image\/","url":"https:\/\/ecosupplements.be\/wp-content\/uploads\/2022\/06\/ecosupplement-family.png","contentUrl":"https:\/\/ecosupplements.be\/wp-content\/uploads\/2022\/06\/ecosupplement-family.png","width":593,"height":374,"caption":"Eco Supplements"},"image":{"@id":"https:\/\/ecosupplements.be\/fr\/#\/schema\/logo\/image\/"}}]},"product_brand":"Osavi","product_price_amount":"23.06","product_price_currency":"EUR","og_availability":"instock","product_availability":"instock","product_retailer_item_id":"5904139923719","product_condition":"new"},"_links":{"self":[{"href":"https:\/\/ecosupplements.be\/fr\/wp-json\/wp\/v2\/product\/289492","targetHints":{"allow":["GET"]}}],"collection":[{"href":"https:\/\/ecosupplements.be\/fr\/wp-json\/wp\/v2\/product"}],"about":[{"href":"https:\/\/ecosupplements.be\/fr\/wp-json\/wp\/v2\/types\/product"}],"replies":[{"embeddable":true,"href":"https:\/\/ecosupplements.be\/fr\/wp-json\/wp\/v2\/comments?post=289492"}],"wp:featuredmedia":[{"embeddable":true,"href":"https:\/\/ecosupplements.be\/fr\/wp-json\/wp\/v2\/media\/264916"}],"wp:attachment":[{"href":"https:\/\/ecosupplements.be\/fr\/wp-json\/wp\/v2\/media?parent=289492"}],"wp:term":[{"taxonomy":"product_brand","embeddable":true,"href":"https:\/\/ecosupplements.be\/fr\/wp-json\/wp\/v2\/product_brand?post=289492"},{"taxonomy":"product_cat","embeddable":true,"href":"https:\/\/ecosupplements.be\/fr\/wp-json\/wp\/v2\/product_cat?post=289492"},{"taxonomy":"product_tag","embeddable":true,"href":"https:\/\/ecosupplements.be\/fr\/wp-json\/wp\/v2\/product_tag?post=289492"}],"curies":[{"name":"wp","href":"https:\/\/api.w.org\/{rel}","templated":true}]}}