{"id":289507,"date":"2024-03-06T22:45:53","date_gmt":"2024-03-06T21:45:53","guid":{"rendered":"https:\/\/ecosupplements.be\/product\/super-fort-dha-enfants-640mg-dha-citron-50-ml\/"},"modified":"2025-08-27T14:58:12","modified_gmt":"2025-08-27T13:58:12","slug":"super-fort-dha-enfants-640mg-dha-citron-50-ml","status":"publish","type":"product","link":"https:\/\/ecosupplements.be\/fr\/produit\/super-fort-dha-enfants-640mg-dha-citron-50-ml\/","title":{"rendered":"Super Fort DHA Enfants, 640mg DHA (Citron) &#8211; 50 ml"},"content":{"rendered":"<h1>Super Strong DHA Kids, 640mg DHA (Lemon)\u2062 &#8211; 50 ml<\/h1>\n<p>Offrez \u00e0 votre enfant une dose de sant\u00e9 et de vitalit\u00e9 avec le Super Strong DHA Kids de la marque Osavi. Ce compl\u00e9ment alimentaire est sp\u00e9cialement con\u00e7u \u200dpour les enfants et contient une forte concentration de DHA, un acide gras essentiel pour le d\u00e9veloppement c\u00e9r\u00e9bral et visuel.<\/p>\n<h2>Caract\u00e9ristiques sp\u00e9ciales<\/h2>\n<ul>\n<li>Contient 640mg de DHA par dose de 50 ml<\/li>\n<li>Saveur\u2062 citron\u200c pour une prise agr\u00e9able<\/li>\n<li>Formule sp\u00e9cialement con\u00e7ue pour\u2062 les enfants<\/li>\n<li>Fabriqu\u00e9 en Pologne avec des ingr\u00e9dients de qualit\u00e9 sup\u00e9rieure<\/li>\n<\/ul>\n<h2>Ingr\u00e9dients<\/h2>\n<p>Le Super Strong DHA Kids est compos\u00e9 d&#8217;ingr\u00e9dients soigneusement s\u00e9lectionn\u00e9s\u2063 pour offrir \u00e0 votre enfant une dose optimale de\u2063 DHA. Chaque dose de 50 ml\u200c contient 640mg de DHA, ainsi que des \u2064vitamines et des min\u00e9raux essentiels pour une croissance et un d\u00e9veloppement sains.<\/p>\n<h2>Avantages uniques<\/h2>\n<p>Le DHA est un acide gras essentiel qui joue un r\u00f4le crucial dans le d\u00e9veloppement du cerveau et de la vision\u2062 chez les enfants. En offrant \u00e0 votre enfant une dose quotidienne de Super Strong DHA Kids, vous l&#8217;aidez \u00e0 atteindre son plein\u2064 potentiel cognitif et \u00e0\u200c maintenir une vision saine.<\/p>\n<p>De plus, la formule sp\u00e9cialement con\u00e7ue pour les enfants et \u200dla saveur citron rendent la prise de ce compl\u00e9ment\u200b alimentaire agr\u00e9able pour les plus jeunes. Fini les batailles pour faire prendre \u00e0 votre enfant \u200cdes compl\u00e9ments alimentaires\u2064 peu \u2062app\u00e9tissants !<\/p>\n<h2>Principales caract\u00e9ristiques<\/h2>\n<ul>\n<li>Concentr\u00e9 en DHA\u2062 pour un d\u00e9veloppement c\u00e9r\u00e9bral et visuel optimal<\/li>\n<li>Formule sp\u00e9cialement con\u00e7ue pour les enfants<\/li>\n<li>Saveur citron pour une prise agr\u00e9able<\/li>\n<li>Contient \u00e9galement des vitamines et des \u200bmin\u00e9raux essentiels<\/li>\n<li>Fabriqu\u00e9 en Pologne avec des ingr\u00e9dients de qualit\u00e9 sup\u00e9rieure<\/li>\n<\/ul>\n<p>Offrez \u00e0 votre enfant une dose de sant\u00e9 et de vitalit\u00e9\u2064 avec le\u2062 Super Strong DHA Kids de\u200c la marque Osavi. Commandez d\u00e8s maintenant et aidez votre enfant \u00e0 atteindre son plein potentiel !<\/p>\n","protected":false},"excerpt":{"rendered":"<p>Super Strong DHA Kids, 640mg DHA (Lemon)\u2062 &#8211; 50 ml Offrez \u00e0 votre enfant une dose de sant\u00e9 et de vitalit\u00e9 avec le Super Strong DHA Kids de la marque Osavi. Ce compl\u00e9ment alimentaire est sp\u00e9cialement con\u00e7u \u200dpour les enfants et contient une forte concentration de DHA, un acide gras essentiel pour le d\u00e9veloppement c\u00e9r\u00e9bral [&#8230;]\n","protected":false},"featured_media":289508,"comment_status":"open","ping_status":"open","template":"","meta":[],"product_brand":[4756],"product_cat":[5052],"product_tag":[],"class_list":{"0":"post-289507","1":"product","2":"type-product","3":"status-publish","4":"has-post-thumbnail","6":"product_brand-osavi-2","7":"product_cat-sante-et-bien-etre","9":"first","10":"instock","11":"sale","12":"taxable","13":"shipping-taxable","14":"purchasable","15":"product-type-simple"},"yoast_head":"<!-- This site is optimized with the Yoast SEO Premium plugin v27.3 (Yoast SEO v27.3) - https:\/\/yoast.com\/product\/yoast-seo-premium-wordpress\/ -->\n<title>Super Fort DHA Enfants, 640mg DHA (Citron) - 50 ml - ECO Supplements<\/title>\n<meta name=\"description\" content=\"Wij hebben een ruime keuze aan producten van Super Fort DHA Enfants, 640mg DHA (Citron) - 50 ml . Winkel bij Eco Supplements altijd gratis verzending boven 100\u20ac\" \/>\n<meta name=\"robots\" content=\"index, follow, max-snippet:-1, max-image-preview:large, max-video-preview:-1\" \/>\n<link rel=\"canonical\" href=\"https:\/\/ecosupplements.be\/fr\/produit\/super-fort-dha-enfants-640mg-dha-citron-50-ml\/\" \/>\n<meta property=\"og:locale\" content=\"fr_FR\" \/>\n<meta property=\"og:type\" content=\"article\" \/>\n<meta property=\"og:title\" content=\"Super Fort DHA Enfants, 640mg DHA (Citron) - 50 ml\" \/>\n<meta property=\"og:description\" content=\"Wij hebben een ruime keuze aan producten van Super Fort DHA Enfants, 640mg DHA (Citron) - 50 ml . Winkel bij Eco Supplements altijd gratis verzending boven 100\u20ac\" \/>\n<meta property=\"og:url\" content=\"https:\/\/ecosupplements.be\/fr\/produit\/super-fort-dha-enfants-640mg-dha-citron-50-ml\/\" \/>\n<meta property=\"og:site_name\" content=\"ECO Supplements\" \/>\n<meta property=\"article:modified_time\" content=\"2025-08-27T13:58:12+00:00\" \/>\n<meta property=\"og:image\" content=\"https:\/\/ecosupplements.be\/wp-content\/uploads\/2025\/08\/Super-Strong-DHA-Kids-640mg-DHA-Lemon-50-ml-1.jpg\" \/>\n\t<meta property=\"og:image:width\" content=\"517\" \/>\n\t<meta property=\"og:image:height\" content=\"750\" \/>\n\t<meta property=\"og:image:type\" content=\"image\/jpeg\" \/>\n<meta name=\"twitter:card\" content=\"summary_large_image\" \/>\n<meta name=\"twitter:label1\" content=\"Prix\" \/>\n\t<meta name=\"twitter:data1\" content=\"10.26&nbsp;&euro;\" \/>\n\t<meta name=\"twitter:label2\" content=\"Disponibilit\u00e9\" \/>\n\t<meta name=\"twitter:data2\" content=\"En stock\" \/>\n<script type=\"application\/ld+json\" class=\"yoast-schema-graph\">{\"@context\":\"https:\\\/\\\/schema.org\",\"@graph\":[{\"@type\":[\"WebPage\",\"ItemPage\"],\"@id\":\"https:\\\/\\\/ecosupplements.be\\\/fr\\\/produit\\\/super-fort-dha-enfants-640mg-dha-citron-50-ml\\\/\",\"url\":\"https:\\\/\\\/ecosupplements.be\\\/fr\\\/produit\\\/super-fort-dha-enfants-640mg-dha-citron-50-ml\\\/\",\"name\":\"Super Fort DHA Enfants, 640mg DHA (Citron) - 50 ml - ECO Supplements\",\"isPartOf\":{\"@id\":\"https:\\\/\\\/ecosupplements.be\\\/fr\\\/#website\"},\"primaryImageOfPage\":{\"@id\":\"https:\\\/\\\/ecosupplements.be\\\/fr\\\/produit\\\/super-fort-dha-enfants-640mg-dha-citron-50-ml\\\/#primaryimage\"},\"image\":{\"@id\":\"https:\\\/\\\/ecosupplements.be\\\/fr\\\/produit\\\/super-fort-dha-enfants-640mg-dha-citron-50-ml\\\/#primaryimage\"},\"thumbnailUrl\":\"https:\\\/\\\/ecosupplements.be\\\/wp-content\\\/uploads\\\/2025\\\/08\\\/Super-Strong-DHA-Kids-640mg-DHA-Lemon-50-ml-1.jpg\",\"datePublished\":\"2024-03-06T21:45:53+00:00\",\"dateModified\":\"2025-08-27T13:58:12+00:00\",\"description\":\"Wij hebben een ruime keuze aan producten van Super Fort DHA Enfants, 640mg DHA (Citron) - 50 ml . Winkel bij Eco Supplements altijd gratis verzending boven 100\u20ac\",\"breadcrumb\":{\"@id\":\"https:\\\/\\\/ecosupplements.be\\\/fr\\\/produit\\\/super-fort-dha-enfants-640mg-dha-citron-50-ml\\\/#breadcrumb\"},\"inLanguage\":\"fr-FR\",\"potentialAction\":[{\"@type\":\"ReadAction\",\"target\":[\"https:\\\/\\\/ecosupplements.be\\\/fr\\\/produit\\\/super-fort-dha-enfants-640mg-dha-citron-50-ml\\\/\"]}]},{\"@type\":\"ImageObject\",\"inLanguage\":\"fr-FR\",\"@id\":\"https:\\\/\\\/ecosupplements.be\\\/fr\\\/produit\\\/super-fort-dha-enfants-640mg-dha-citron-50-ml\\\/#primaryimage\",\"url\":\"https:\\\/\\\/ecosupplements.be\\\/wp-content\\\/uploads\\\/2025\\\/08\\\/Super-Strong-DHA-Kids-640mg-DHA-Lemon-50-ml-1.jpg\",\"contentUrl\":\"https:\\\/\\\/ecosupplements.be\\\/wp-content\\\/uploads\\\/2025\\\/08\\\/Super-Strong-DHA-Kids-640mg-DHA-Lemon-50-ml-1.jpg\",\"width\":517,\"height\":750},{\"@type\":\"BreadcrumbList\",\"@id\":\"https:\\\/\\\/ecosupplements.be\\\/fr\\\/produit\\\/super-fort-dha-enfants-640mg-dha-citron-50-ml\\\/#breadcrumb\",\"itemListElement\":[{\"@type\":\"ListItem\",\"position\":1,\"name\":\"Home\",\"item\":\"https:\\\/\\\/ecosupplements.be\\\/fr\\\/\"},{\"@type\":\"ListItem\",\"position\":2,\"name\":\"Boutique\",\"item\":\"https:\\\/\\\/ecosupplements.be\\\/fr\\\/boutique\\\/\"},{\"@type\":\"ListItem\",\"position\":3,\"name\":\"Super Fort DHA Enfants, 640mg DHA (Citron) &#8211; 50 ml\"}]},{\"@type\":\"WebSite\",\"@id\":\"https:\\\/\\\/ecosupplements.be\\\/fr\\\/#website\",\"url\":\"https:\\\/\\\/ecosupplements.be\\\/fr\\\/\",\"name\":\"ECO Supplements\",\"description\":\"Eco Supplements - Gezonde supplementen\",\"publisher\":{\"@id\":\"https:\\\/\\\/ecosupplements.be\\\/fr\\\/#organization\"},\"potentialAction\":[{\"@type\":\"SearchAction\",\"target\":{\"@type\":\"EntryPoint\",\"urlTemplate\":\"https:\\\/\\\/ecosupplements.be\\\/fr\\\/?s={search_term_string}\"},\"query-input\":{\"@type\":\"PropertyValueSpecification\",\"valueRequired\":true,\"valueName\":\"search_term_string\"}}],\"inLanguage\":\"fr-FR\"},{\"@type\":\"Organization\",\"@id\":\"https:\\\/\\\/ecosupplements.be\\\/fr\\\/#organization\",\"name\":\"Eco Supplements\",\"url\":\"https:\\\/\\\/ecosupplements.be\\\/fr\\\/\",\"logo\":{\"@type\":\"ImageObject\",\"inLanguage\":\"fr-FR\",\"@id\":\"https:\\\/\\\/ecosupplements.be\\\/fr\\\/#\\\/schema\\\/logo\\\/image\\\/\",\"url\":\"https:\\\/\\\/ecosupplements.be\\\/wp-content\\\/uploads\\\/2022\\\/06\\\/ecosupplement-family.png\",\"contentUrl\":\"https:\\\/\\\/ecosupplements.be\\\/wp-content\\\/uploads\\\/2022\\\/06\\\/ecosupplement-family.png\",\"width\":593,\"height\":374,\"caption\":\"Eco Supplements\"},\"image\":{\"@id\":\"https:\\\/\\\/ecosupplements.be\\\/fr\\\/#\\\/schema\\\/logo\\\/image\\\/\"}}]}<\/script>\n<meta property=\"product:brand\" content=\"Osavi\" \/>\n<meta property=\"product:price:amount\" content=\"10.26\" \/>\n<meta property=\"product:price:currency\" content=\"EUR\" \/>\n<meta property=\"og:availability\" content=\"instock\" \/>\n<meta property=\"product:availability\" content=\"instock\" \/>\n<meta property=\"product:retailer_item_id\" content=\"5065013139227\" \/>\n<meta property=\"product:condition\" content=\"new\" \/>\n<!-- \/ Yoast SEO Premium plugin. -->","yoast_head_json":{"title":"Super Fort DHA Enfants, 640mg DHA (Citron) - 50 ml - ECO Supplements","description":"Wij hebben een ruime keuze aan producten van Super Fort DHA Enfants, 640mg DHA (Citron) - 50 ml . Winkel bij Eco Supplements altijd gratis verzending boven 100\u20ac","robots":{"index":"index","follow":"follow","max-snippet":"max-snippet:-1","max-image-preview":"max-image-preview:large","max-video-preview":"max-video-preview:-1"},"canonical":"https:\/\/ecosupplements.be\/fr\/produit\/super-fort-dha-enfants-640mg-dha-citron-50-ml\/","og_locale":"fr_FR","og_type":"article","og_title":"Super Fort DHA Enfants, 640mg DHA (Citron) - 50 ml","og_description":"Wij hebben een ruime keuze aan producten van Super Fort DHA Enfants, 640mg DHA (Citron) - 50 ml . Winkel bij Eco Supplements altijd gratis verzending boven 100\u20ac","og_url":"https:\/\/ecosupplements.be\/fr\/produit\/super-fort-dha-enfants-640mg-dha-citron-50-ml\/","og_site_name":"ECO Supplements","article_modified_time":"2025-08-27T13:58:12+00:00","og_image":[{"width":517,"height":750,"url":"https:\/\/ecosupplements.be\/wp-content\/uploads\/2025\/08\/Super-Strong-DHA-Kids-640mg-DHA-Lemon-50-ml-1.jpg","type":"image\/jpeg"}],"twitter_card":"summary_large_image","twitter_misc":{"Prix":"10.26&nbsp;&euro;","Disponibilit\u00e9":"En stock"},"schema":{"@context":"https:\/\/schema.org","@graph":[{"@type":["WebPage","ItemPage"],"@id":"https:\/\/ecosupplements.be\/fr\/produit\/super-fort-dha-enfants-640mg-dha-citron-50-ml\/","url":"https:\/\/ecosupplements.be\/fr\/produit\/super-fort-dha-enfants-640mg-dha-citron-50-ml\/","name":"Super Fort DHA Enfants, 640mg DHA (Citron) - 50 ml - ECO Supplements","isPartOf":{"@id":"https:\/\/ecosupplements.be\/fr\/#website"},"primaryImageOfPage":{"@id":"https:\/\/ecosupplements.be\/fr\/produit\/super-fort-dha-enfants-640mg-dha-citron-50-ml\/#primaryimage"},"image":{"@id":"https:\/\/ecosupplements.be\/fr\/produit\/super-fort-dha-enfants-640mg-dha-citron-50-ml\/#primaryimage"},"thumbnailUrl":"https:\/\/ecosupplements.be\/wp-content\/uploads\/2025\/08\/Super-Strong-DHA-Kids-640mg-DHA-Lemon-50-ml-1.jpg","datePublished":"2024-03-06T21:45:53+00:00","dateModified":"2025-08-27T13:58:12+00:00","description":"Wij hebben een ruime keuze aan producten van Super Fort DHA Enfants, 640mg DHA (Citron) - 50 ml . Winkel bij Eco Supplements altijd gratis verzending boven 100\u20ac","breadcrumb":{"@id":"https:\/\/ecosupplements.be\/fr\/produit\/super-fort-dha-enfants-640mg-dha-citron-50-ml\/#breadcrumb"},"inLanguage":"fr-FR","potentialAction":[{"@type":"ReadAction","target":["https:\/\/ecosupplements.be\/fr\/produit\/super-fort-dha-enfants-640mg-dha-citron-50-ml\/"]}]},{"@type":"ImageObject","inLanguage":"fr-FR","@id":"https:\/\/ecosupplements.be\/fr\/produit\/super-fort-dha-enfants-640mg-dha-citron-50-ml\/#primaryimage","url":"https:\/\/ecosupplements.be\/wp-content\/uploads\/2025\/08\/Super-Strong-DHA-Kids-640mg-DHA-Lemon-50-ml-1.jpg","contentUrl":"https:\/\/ecosupplements.be\/wp-content\/uploads\/2025\/08\/Super-Strong-DHA-Kids-640mg-DHA-Lemon-50-ml-1.jpg","width":517,"height":750},{"@type":"BreadcrumbList","@id":"https:\/\/ecosupplements.be\/fr\/produit\/super-fort-dha-enfants-640mg-dha-citron-50-ml\/#breadcrumb","itemListElement":[{"@type":"ListItem","position":1,"name":"Home","item":"https:\/\/ecosupplements.be\/fr\/"},{"@type":"ListItem","position":2,"name":"Boutique","item":"https:\/\/ecosupplements.be\/fr\/boutique\/"},{"@type":"ListItem","position":3,"name":"Super Fort DHA Enfants, 640mg DHA (Citron) &#8211; 50 ml"}]},{"@type":"WebSite","@id":"https:\/\/ecosupplements.be\/fr\/#website","url":"https:\/\/ecosupplements.be\/fr\/","name":"ECO Supplements","description":"Eco Supplements - Gezonde supplementen","publisher":{"@id":"https:\/\/ecosupplements.be\/fr\/#organization"},"potentialAction":[{"@type":"SearchAction","target":{"@type":"EntryPoint","urlTemplate":"https:\/\/ecosupplements.be\/fr\/?s={search_term_string}"},"query-input":{"@type":"PropertyValueSpecification","valueRequired":true,"valueName":"search_term_string"}}],"inLanguage":"fr-FR"},{"@type":"Organization","@id":"https:\/\/ecosupplements.be\/fr\/#organization","name":"Eco Supplements","url":"https:\/\/ecosupplements.be\/fr\/","logo":{"@type":"ImageObject","inLanguage":"fr-FR","@id":"https:\/\/ecosupplements.be\/fr\/#\/schema\/logo\/image\/","url":"https:\/\/ecosupplements.be\/wp-content\/uploads\/2022\/06\/ecosupplement-family.png","contentUrl":"https:\/\/ecosupplements.be\/wp-content\/uploads\/2022\/06\/ecosupplement-family.png","width":593,"height":374,"caption":"Eco Supplements"},"image":{"@id":"https:\/\/ecosupplements.be\/fr\/#\/schema\/logo\/image\/"}}]},"product_brand":"Osavi","product_price_amount":"10.26","product_price_currency":"EUR","og_availability":"instock","product_availability":"instock","product_retailer_item_id":"5065013139227","product_condition":"new"},"_links":{"self":[{"href":"https:\/\/ecosupplements.be\/fr\/wp-json\/wp\/v2\/product\/289507","targetHints":{"allow":["GET"]}}],"collection":[{"href":"https:\/\/ecosupplements.be\/fr\/wp-json\/wp\/v2\/product"}],"about":[{"href":"https:\/\/ecosupplements.be\/fr\/wp-json\/wp\/v2\/types\/product"}],"replies":[{"embeddable":true,"href":"https:\/\/ecosupplements.be\/fr\/wp-json\/wp\/v2\/comments?post=289507"}],"wp:featuredmedia":[{"embeddable":true,"href":"https:\/\/ecosupplements.be\/fr\/wp-json\/wp\/v2\/media\/289508"}],"wp:attachment":[{"href":"https:\/\/ecosupplements.be\/fr\/wp-json\/wp\/v2\/media?parent=289507"}],"wp:term":[{"taxonomy":"product_brand","embeddable":true,"href":"https:\/\/ecosupplements.be\/fr\/wp-json\/wp\/v2\/product_brand?post=289507"},{"taxonomy":"product_cat","embeddable":true,"href":"https:\/\/ecosupplements.be\/fr\/wp-json\/wp\/v2\/product_cat?post=289507"},{"taxonomy":"product_tag","embeddable":true,"href":"https:\/\/ecosupplements.be\/fr\/wp-json\/wp\/v2\/product_tag?post=289507"}],"curies":[{"name":"wp","href":"https:\/\/api.w.org\/{rel}","templated":true}]}}