{"id":289570,"date":"2024-03-09T14:22:48","date_gmt":"2024-03-09T13:22:48","guid":{"rendered":"https:\/\/ecosupplements.be\/product\/spray-oral-de-vitamine-d3-max-4000ui-125-ml\/"},"modified":"2025-08-27T14:59:11","modified_gmt":"2025-08-27T13:59:11","slug":"spray-oral-de-vitamine-d3-max-4000ui-125-ml","status":"publish","type":"product","link":"https:\/\/ecosupplements.be\/fr\/produit\/spray-oral-de-vitamine-d3-max-4000ui-125-ml\/","title":{"rendered":"Spray oral de vitamine D3, MAX 4000UI &#8211; 12,5 ml"},"content":{"rendered":"<h1>Vitamin D3 \u2063Oral \u200cSpray, \u2064MAX 4000IU &#8211; 12.5 ml<\/h1>\n<p>Obtenez votre\u2063 dose \u200dquotidienne de vitamine\u200c D3 avec le spray oral Vitamin D3 MAX 4000IU\u2064 de la marque Osavi.\u200b Ce spray pratique et facile \u00e0 utiliser est sp\u00e9cialement formul\u00e9\u2062 pour fournir une dose maximale de\u200b vitamine D3 en \u200dune seule pulv\u00e9risation.<\/p>\n<h2>Caract\u00e9ristiques sp\u00e9ciales:<\/h2>\n<ul>\n<li>Formule hautement\u2062 concentr\u00e9e avec 4000IU de vitamine D3 par pulv\u00e9risation<\/li>\n<li>Spray oral\u200d pratique pour une absorption \u200drapide \u200cet efficace<\/li>\n<li>Contient de la vitamine D3 d&#8217;origine naturelle pour une meilleure\u2064 biodisponibilit\u00e9<\/li>\n<li>Saveur naturelle d&#8217;orange pour\u2063 une exp\u00e9rience agr\u00e9able<\/li>\n<li>Flacon de 12.5\u200b ml,\u200c soit environ\u200d 125 doses<\/li>\n<\/ul>\n<h2>Ingr\u00e9dients:<\/h2>\n<p>Chaque \u200dpulv\u00e9risation de Vitamin D3 MAX\u2064 4000IU contient 4000IU de \u200cvitamine \u2062D3 d&#8217;origine naturelle, ainsi que des ingr\u00e9dients inactifs tels que de l&#8217;eau purifi\u00e9e, de la\u2063 glyc\u00e9rine v\u00e9g\u00e9tale, de l&#8217;acide citrique\u200d et de l&#8217;ar\u00f4me naturel \u200cd&#8217;orange.<\/p>\n<h2>Avantages uniques:<\/h2>\n<ul>\n<li>La vitamine \u200cD3 est essentielle pour la sant\u00e9 des os et\u200c des dents, ainsi \u200bque pour le syst\u00e8me immunitaire<\/li>\n<li>La\u2062 forme en spray oral permet\u200c une absorption\u2062 plus rapide et plus efficace que les comprim\u00e9s ou les g\u00e9lules<\/li>\n<li>La vitamine D3 d&#8217;origine naturelle est \u2062mieux absorb\u00e9e par le corps que la vitamine D2 \u2064synth\u00e9tique<\/li>\n<li>La saveur d&#8217;orange rend la \u2063prise de vitamine \u2063D3 \u200bplus agr\u00e9able pour\u200c les enfants\u2063 et les adultes<\/li>\n<li>Le flacon de 12.5 ml est id\u00e9al pour une utilisation quotidienne\u200c et \u200dfacile \u00e0\u200c transporter lors de vos d\u00e9placements<\/li>\n<\/ul>\n<h2>Conseils d&#8217;utilisation:<\/h2>\n<p>Agitez bien avant utilisation. Vaporisez une fois dans la bouche, de pr\u00e9f\u00e9rence sous la langue, et maintenez pendant 20 secondes avant d&#8217;avaler. \u200dUtilisez \u2062une fois par jour, de pr\u00e9f\u00e9rence le matin. Chaque pulv\u00e9risation fournit 4000IU de vitamine D3.<\/p>\n<p>Ne pas \u200cd\u00e9passer la dose recommand\u00e9e. Consultez\u2063 un professionnel \u2064de la sant\u00e9 avant utilisation \u200dsi vous \u00eates enceinte, allaitez ou prenez des \u2064m\u00e9dicaments. Tenir hors de port\u00e9e des enfants.<\/p>\n<p>Obtenez votre dose quotidienne de vitamine D3 avec \u2063le spray oral Vitamin D3 MAX 4000IU \u2063de Osavi. Commandez \u200cd\u00e8s maintenant et profitez des bienfaits de la vitamine \u200cD3 \u200dpour votre sant\u00e9 et \u2064votre\u2063 bien-\u00eatre.<\/p>\n","protected":false},"excerpt":{"rendered":"<p>Vitamin D3 \u2063Oral \u200cSpray, \u2064MAX 4000IU &#8211; 12.5 ml Obtenez votre\u2063 dose \u200dquotidienne de vitamine\u200c D3 avec le spray oral Vitamin D3 MAX 4000IU\u2064 de la marque Osavi.\u200b Ce spray pratique et facile \u00e0 utiliser est sp\u00e9cialement formul\u00e9\u2062 pour fournir une dose maximale de\u200b vitamine D3 en \u200dune seule pulv\u00e9risation. Caract\u00e9ristiques sp\u00e9ciales: Formule hautement\u2062 concentr\u00e9e [&#8230;]\n","protected":false},"featured_media":264946,"comment_status":"open","ping_status":"open","template":"","meta":[],"product_brand":[4756],"product_cat":[5052,5053],"product_tag":[],"class_list":{"0":"post-289570","1":"product","2":"type-product","3":"status-publish","4":"has-post-thumbnail","6":"product_brand-osavi-2","7":"product_cat-sante-et-bien-etre","8":"product_cat-vitamines-et-mineraux","10":"first","11":"instock","12":"taxable","13":"shipping-taxable","14":"purchasable","15":"product-type-simple"},"yoast_head":"<!-- This site is optimized with the Yoast SEO Premium plugin v27.3 (Yoast SEO v27.3) - https:\/\/yoast.com\/product\/yoast-seo-premium-wordpress\/ -->\n<title>Spray oral de vitamine D3, MAX 4000UI - 12,5 ml - ECO Supplements<\/title>\n<meta name=\"description\" content=\"Wij hebben een ruime keuze aan producten van Spray oral de vitamine D3, MAX 4000UI - 12,5 ml . Winkel bij Eco Supplements altijd gratis verzending boven 100\u20ac\" \/>\n<meta name=\"robots\" content=\"index, follow, max-snippet:-1, max-image-preview:large, max-video-preview:-1\" \/>\n<link rel=\"canonical\" href=\"https:\/\/ecosupplements.be\/fr\/produit\/spray-oral-de-vitamine-d3-max-4000ui-125-ml\/\" \/>\n<meta property=\"og:locale\" content=\"fr_FR\" \/>\n<meta property=\"og:type\" content=\"article\" \/>\n<meta property=\"og:title\" content=\"Spray oral de vitamine D3, MAX 4000UI - 12,5 ml\" \/>\n<meta property=\"og:description\" content=\"Wij hebben een ruime keuze aan producten van Spray oral de vitamine D3, MAX 4000UI - 12,5 ml . Winkel bij Eco Supplements altijd gratis verzending boven 100\u20ac\" \/>\n<meta property=\"og:url\" content=\"https:\/\/ecosupplements.be\/fr\/produit\/spray-oral-de-vitamine-d3-max-4000ui-125-ml\/\" \/>\n<meta property=\"og:site_name\" content=\"ECO Supplements\" \/>\n<meta property=\"article:modified_time\" content=\"2025-08-27T13:59:11+00:00\" \/>\n<meta property=\"og:image\" content=\"https:\/\/ecosupplements.be\/wp-content\/uploads\/2025\/08\/Vitamin-D3-Oral-Spray-4000IU-12.5-ml-1.png\" \/>\n\t<meta property=\"og:image:width\" content=\"490\" \/>\n\t<meta property=\"og:image:height\" content=\"750\" \/>\n\t<meta property=\"og:image:type\" content=\"image\/png\" \/>\n<meta name=\"twitter:card\" content=\"summary_large_image\" \/>\n<meta name=\"twitter:label1\" content=\"Prix\" \/>\n\t<meta name=\"twitter:data1\" content=\"8.82&nbsp;&euro;\" \/>\n\t<meta name=\"twitter:label2\" content=\"Disponibilit\u00e9\" \/>\n\t<meta name=\"twitter:data2\" content=\"En stock\" \/>\n<script type=\"application\/ld+json\" class=\"yoast-schema-graph\">{\"@context\":\"https:\\\/\\\/schema.org\",\"@graph\":[{\"@type\":[\"WebPage\",\"ItemPage\"],\"@id\":\"https:\\\/\\\/ecosupplements.be\\\/fr\\\/produit\\\/spray-oral-de-vitamine-d3-max-4000ui-125-ml\\\/\",\"url\":\"https:\\\/\\\/ecosupplements.be\\\/fr\\\/produit\\\/spray-oral-de-vitamine-d3-max-4000ui-125-ml\\\/\",\"name\":\"Spray oral de vitamine D3, MAX 4000UI - 12,5 ml - ECO Supplements\",\"isPartOf\":{\"@id\":\"https:\\\/\\\/ecosupplements.be\\\/fr\\\/#website\"},\"primaryImageOfPage\":{\"@id\":\"https:\\\/\\\/ecosupplements.be\\\/fr\\\/produit\\\/spray-oral-de-vitamine-d3-max-4000ui-125-ml\\\/#primaryimage\"},\"image\":{\"@id\":\"https:\\\/\\\/ecosupplements.be\\\/fr\\\/produit\\\/spray-oral-de-vitamine-d3-max-4000ui-125-ml\\\/#primaryimage\"},\"thumbnailUrl\":\"https:\\\/\\\/ecosupplements.be\\\/wp-content\\\/uploads\\\/2025\\\/08\\\/Vitamin-D3-Oral-Spray-4000IU-12.5-ml.png\",\"datePublished\":\"2024-03-09T13:22:48+00:00\",\"dateModified\":\"2025-08-27T13:59:11+00:00\",\"description\":\"Wij hebben een ruime keuze aan producten van Spray oral de vitamine D3, MAX 4000UI - 12,5 ml . Winkel bij Eco Supplements altijd gratis verzending boven 100\u20ac\",\"breadcrumb\":{\"@id\":\"https:\\\/\\\/ecosupplements.be\\\/fr\\\/produit\\\/spray-oral-de-vitamine-d3-max-4000ui-125-ml\\\/#breadcrumb\"},\"inLanguage\":\"fr-FR\",\"potentialAction\":[{\"@type\":\"ReadAction\",\"target\":[\"https:\\\/\\\/ecosupplements.be\\\/fr\\\/produit\\\/spray-oral-de-vitamine-d3-max-4000ui-125-ml\\\/\"]}]},{\"@type\":\"ImageObject\",\"inLanguage\":\"fr-FR\",\"@id\":\"https:\\\/\\\/ecosupplements.be\\\/fr\\\/produit\\\/spray-oral-de-vitamine-d3-max-4000ui-125-ml\\\/#primaryimage\",\"url\":\"https:\\\/\\\/ecosupplements.be\\\/wp-content\\\/uploads\\\/2025\\\/08\\\/Vitamin-D3-Oral-Spray-4000IU-12.5-ml.png\",\"contentUrl\":\"https:\\\/\\\/ecosupplements.be\\\/wp-content\\\/uploads\\\/2025\\\/08\\\/Vitamin-D3-Oral-Spray-4000IU-12.5-ml.png\",\"width\":490,\"height\":750},{\"@type\":\"BreadcrumbList\",\"@id\":\"https:\\\/\\\/ecosupplements.be\\\/fr\\\/produit\\\/spray-oral-de-vitamine-d3-max-4000ui-125-ml\\\/#breadcrumb\",\"itemListElement\":[{\"@type\":\"ListItem\",\"position\":1,\"name\":\"Home\",\"item\":\"https:\\\/\\\/ecosupplements.be\\\/fr\\\/\"},{\"@type\":\"ListItem\",\"position\":2,\"name\":\"Boutique\",\"item\":\"https:\\\/\\\/ecosupplements.be\\\/fr\\\/boutique\\\/\"},{\"@type\":\"ListItem\",\"position\":3,\"name\":\"Spray oral de vitamine D3, MAX 4000UI &#8211; 12,5 ml\"}]},{\"@type\":\"WebSite\",\"@id\":\"https:\\\/\\\/ecosupplements.be\\\/fr\\\/#website\",\"url\":\"https:\\\/\\\/ecosupplements.be\\\/fr\\\/\",\"name\":\"ECO Supplements\",\"description\":\"Eco Supplements - Gezonde supplementen\",\"publisher\":{\"@id\":\"https:\\\/\\\/ecosupplements.be\\\/fr\\\/#organization\"},\"potentialAction\":[{\"@type\":\"SearchAction\",\"target\":{\"@type\":\"EntryPoint\",\"urlTemplate\":\"https:\\\/\\\/ecosupplements.be\\\/fr\\\/?s={search_term_string}\"},\"query-input\":{\"@type\":\"PropertyValueSpecification\",\"valueRequired\":true,\"valueName\":\"search_term_string\"}}],\"inLanguage\":\"fr-FR\"},{\"@type\":\"Organization\",\"@id\":\"https:\\\/\\\/ecosupplements.be\\\/fr\\\/#organization\",\"name\":\"Eco Supplements\",\"url\":\"https:\\\/\\\/ecosupplements.be\\\/fr\\\/\",\"logo\":{\"@type\":\"ImageObject\",\"inLanguage\":\"fr-FR\",\"@id\":\"https:\\\/\\\/ecosupplements.be\\\/fr\\\/#\\\/schema\\\/logo\\\/image\\\/\",\"url\":\"https:\\\/\\\/ecosupplements.be\\\/wp-content\\\/uploads\\\/2022\\\/06\\\/ecosupplement-family.png\",\"contentUrl\":\"https:\\\/\\\/ecosupplements.be\\\/wp-content\\\/uploads\\\/2022\\\/06\\\/ecosupplement-family.png\",\"width\":593,\"height\":374,\"caption\":\"Eco Supplements\"},\"image\":{\"@id\":\"https:\\\/\\\/ecosupplements.be\\\/fr\\\/#\\\/schema\\\/logo\\\/image\\\/\"}}]}<\/script>\n<meta property=\"product:brand\" content=\"Osavi\" \/>\n<meta property=\"product:price:amount\" content=\"8.82\" \/>\n<meta property=\"product:price:currency\" content=\"EUR\" \/>\n<meta property=\"og:availability\" content=\"instock\" \/>\n<meta property=\"product:availability\" content=\"instock\" \/>\n<meta property=\"product:retailer_item_id\" content=\"5904139923788\" \/>\n<meta property=\"product:condition\" content=\"new\" \/>\n<!-- \/ Yoast SEO Premium plugin. -->","yoast_head_json":{"title":"Spray oral de vitamine D3, MAX 4000UI - 12,5 ml - ECO Supplements","description":"Wij hebben een ruime keuze aan producten van Spray oral de vitamine D3, MAX 4000UI - 12,5 ml . Winkel bij Eco Supplements altijd gratis verzending boven 100\u20ac","robots":{"index":"index","follow":"follow","max-snippet":"max-snippet:-1","max-image-preview":"max-image-preview:large","max-video-preview":"max-video-preview:-1"},"canonical":"https:\/\/ecosupplements.be\/fr\/produit\/spray-oral-de-vitamine-d3-max-4000ui-125-ml\/","og_locale":"fr_FR","og_type":"article","og_title":"Spray oral de vitamine D3, MAX 4000UI - 12,5 ml","og_description":"Wij hebben een ruime keuze aan producten van Spray oral de vitamine D3, MAX 4000UI - 12,5 ml . Winkel bij Eco Supplements altijd gratis verzending boven 100\u20ac","og_url":"https:\/\/ecosupplements.be\/fr\/produit\/spray-oral-de-vitamine-d3-max-4000ui-125-ml\/","og_site_name":"ECO Supplements","article_modified_time":"2025-08-27T13:59:11+00:00","og_image":[{"width":490,"height":750,"url":"https:\/\/ecosupplements.be\/wp-content\/uploads\/2025\/08\/Vitamin-D3-Oral-Spray-4000IU-12.5-ml-1.png","type":"image\/png"}],"twitter_card":"summary_large_image","twitter_misc":{"Prix":"8.82&nbsp;&euro;","Disponibilit\u00e9":"En stock"},"schema":{"@context":"https:\/\/schema.org","@graph":[{"@type":["WebPage","ItemPage"],"@id":"https:\/\/ecosupplements.be\/fr\/produit\/spray-oral-de-vitamine-d3-max-4000ui-125-ml\/","url":"https:\/\/ecosupplements.be\/fr\/produit\/spray-oral-de-vitamine-d3-max-4000ui-125-ml\/","name":"Spray oral de vitamine D3, MAX 4000UI - 12,5 ml - ECO Supplements","isPartOf":{"@id":"https:\/\/ecosupplements.be\/fr\/#website"},"primaryImageOfPage":{"@id":"https:\/\/ecosupplements.be\/fr\/produit\/spray-oral-de-vitamine-d3-max-4000ui-125-ml\/#primaryimage"},"image":{"@id":"https:\/\/ecosupplements.be\/fr\/produit\/spray-oral-de-vitamine-d3-max-4000ui-125-ml\/#primaryimage"},"thumbnailUrl":"https:\/\/ecosupplements.be\/wp-content\/uploads\/2025\/08\/Vitamin-D3-Oral-Spray-4000IU-12.5-ml.png","datePublished":"2024-03-09T13:22:48+00:00","dateModified":"2025-08-27T13:59:11+00:00","description":"Wij hebben een ruime keuze aan producten van Spray oral de vitamine D3, MAX 4000UI - 12,5 ml . Winkel bij Eco Supplements altijd gratis verzending boven 100\u20ac","breadcrumb":{"@id":"https:\/\/ecosupplements.be\/fr\/produit\/spray-oral-de-vitamine-d3-max-4000ui-125-ml\/#breadcrumb"},"inLanguage":"fr-FR","potentialAction":[{"@type":"ReadAction","target":["https:\/\/ecosupplements.be\/fr\/produit\/spray-oral-de-vitamine-d3-max-4000ui-125-ml\/"]}]},{"@type":"ImageObject","inLanguage":"fr-FR","@id":"https:\/\/ecosupplements.be\/fr\/produit\/spray-oral-de-vitamine-d3-max-4000ui-125-ml\/#primaryimage","url":"https:\/\/ecosupplements.be\/wp-content\/uploads\/2025\/08\/Vitamin-D3-Oral-Spray-4000IU-12.5-ml.png","contentUrl":"https:\/\/ecosupplements.be\/wp-content\/uploads\/2025\/08\/Vitamin-D3-Oral-Spray-4000IU-12.5-ml.png","width":490,"height":750},{"@type":"BreadcrumbList","@id":"https:\/\/ecosupplements.be\/fr\/produit\/spray-oral-de-vitamine-d3-max-4000ui-125-ml\/#breadcrumb","itemListElement":[{"@type":"ListItem","position":1,"name":"Home","item":"https:\/\/ecosupplements.be\/fr\/"},{"@type":"ListItem","position":2,"name":"Boutique","item":"https:\/\/ecosupplements.be\/fr\/boutique\/"},{"@type":"ListItem","position":3,"name":"Spray oral de vitamine D3, MAX 4000UI &#8211; 12,5 ml"}]},{"@type":"WebSite","@id":"https:\/\/ecosupplements.be\/fr\/#website","url":"https:\/\/ecosupplements.be\/fr\/","name":"ECO Supplements","description":"Eco Supplements - Gezonde supplementen","publisher":{"@id":"https:\/\/ecosupplements.be\/fr\/#organization"},"potentialAction":[{"@type":"SearchAction","target":{"@type":"EntryPoint","urlTemplate":"https:\/\/ecosupplements.be\/fr\/?s={search_term_string}"},"query-input":{"@type":"PropertyValueSpecification","valueRequired":true,"valueName":"search_term_string"}}],"inLanguage":"fr-FR"},{"@type":"Organization","@id":"https:\/\/ecosupplements.be\/fr\/#organization","name":"Eco Supplements","url":"https:\/\/ecosupplements.be\/fr\/","logo":{"@type":"ImageObject","inLanguage":"fr-FR","@id":"https:\/\/ecosupplements.be\/fr\/#\/schema\/logo\/image\/","url":"https:\/\/ecosupplements.be\/wp-content\/uploads\/2022\/06\/ecosupplement-family.png","contentUrl":"https:\/\/ecosupplements.be\/wp-content\/uploads\/2022\/06\/ecosupplement-family.png","width":593,"height":374,"caption":"Eco Supplements"},"image":{"@id":"https:\/\/ecosupplements.be\/fr\/#\/schema\/logo\/image\/"}}]},"product_brand":"Osavi","product_price_amount":"8.82","product_price_currency":"EUR","og_availability":"instock","product_availability":"instock","product_retailer_item_id":"5904139923788","product_condition":"new"},"_links":{"self":[{"href":"https:\/\/ecosupplements.be\/fr\/wp-json\/wp\/v2\/product\/289570","targetHints":{"allow":["GET"]}}],"collection":[{"href":"https:\/\/ecosupplements.be\/fr\/wp-json\/wp\/v2\/product"}],"about":[{"href":"https:\/\/ecosupplements.be\/fr\/wp-json\/wp\/v2\/types\/product"}],"replies":[{"embeddable":true,"href":"https:\/\/ecosupplements.be\/fr\/wp-json\/wp\/v2\/comments?post=289570"}],"wp:featuredmedia":[{"embeddable":true,"href":"https:\/\/ecosupplements.be\/fr\/wp-json\/wp\/v2\/media\/264946"}],"wp:attachment":[{"href":"https:\/\/ecosupplements.be\/fr\/wp-json\/wp\/v2\/media?parent=289570"}],"wp:term":[{"taxonomy":"product_brand","embeddable":true,"href":"https:\/\/ecosupplements.be\/fr\/wp-json\/wp\/v2\/product_brand?post=289570"},{"taxonomy":"product_cat","embeddable":true,"href":"https:\/\/ecosupplements.be\/fr\/wp-json\/wp\/v2\/product_cat?post=289570"},{"taxonomy":"product_tag","embeddable":true,"href":"https:\/\/ecosupplements.be\/fr\/wp-json\/wp\/v2\/product_tag?post=289570"}],"curies":[{"name":"wp","href":"https:\/\/api.w.org\/{rel}","templated":true}]}}