{"id":289576,"date":"2024-03-09T14:23:07","date_gmt":"2024-03-09T13:23:07","guid":{"rendered":"https:\/\/ecosupplements.be\/product\/vitamine-k2-mk-7-100mcg-60-capsules-molles\/"},"modified":"2025-08-27T14:59:15","modified_gmt":"2025-08-27T13:59:15","slug":"vitamine-k2-mk-7-100mcg-60-capsules-molles","status":"publish","type":"product","link":"https:\/\/ecosupplements.be\/fr\/produit\/vitamine-k2-mk-7-100mcg-60-capsules-molles\/","title":{"rendered":"Vitamine K2 MK-7, 100mcg &#8211; 60 capsules molles"},"content":{"rendered":"<h1>Vitamin K2 MK-7, 100mcg \u2064- 60 softgels<\/h1>\n<p>Obtenez une dose puissante de vitamine K2 MK-7 avec ces softgels de la marque Osavi. Chaque g\u00e9lule contient 100mcg de \u200cvitamine\u200c K2 MK-7, une forme hautement biodisponible de vitamine K2 qui est essentielle pour la sant\u00e9 des os \u200cet du c\u0153ur.<\/p>\n<h2>Caract\u00e9ristiques sp\u00e9ciales:<\/h2>\n<ul>\n<li>Contient 100mcg de vitamine K2 MK-7 par g\u00e9lule<\/li>\n<li>Forme hautement biodisponible pour une absorption maximale<\/li>\n<li>60 softgels par bouteille pour un approvisionnement de 2 mois<\/li>\n<li>Fabriqu\u00e9 \u2062en Pologne avec des ingr\u00e9dients de \u2062haute qualit\u00e9<\/li>\n<\/ul>\n<h2>Ingr\u00e9dients cl\u00e9s:<\/h2>\n<p>La vitamine K2 MK-7\u2063 est un nutriment essentiel qui joue un r\u00f4le important dans la sant\u00e9 des os et du\u2063 c\u0153ur. Elle aide \u00e0 transporter le calcium vers les os, ce qui renforce \u2064leur structure et pr\u00e9vient la d\u00e9calcification. \u200bDe plus, la\u200b vitamine K2 MK-7 aide \u00e0 \u2064maintenir une bonne sant\u00e9 cardiovasculaire en emp\u00eachant le calcium de s&#8217;accumuler dans les\u200d art\u00e8res.<\/p>\n<h2>Avantages uniques:<\/h2>\n<ul>\n<li>Renforce la\u2063 sant\u00e9\u2063 des os en \u2062favorisant l&#8217;absorption du\u2064 calcium<\/li>\n<li>Prot\u00e8ge la sant\u00e9 cardiovasculaire en emp\u00eachant l&#8217;accumulation de calcium dans \u2063les\u2064 art\u00e8res<\/li>\n<li>Formule hautement biodisponible pour une \u2062efficacit\u00e9 maximale<\/li>\n<li>Facile \u00e0 prendre sous forme de softgels pratiques<\/li>\n<\/ul>\n<h2>Conseils\u200d d&#8217;utilisation:<\/h2>\n<p>Prenez une\u200d g\u00e9lule par jour avec de\u200b l&#8217;eau, de pr\u00e9f\u00e9rence pendant \u2063un repas. Ne pas\u2062 d\u00e9passer la dose\u200b recommand\u00e9e.<\/p>\n<p>Conservez \u2062dans un\u2063 endroit frais et sec, \u00e0\u200c l&#8217;abri de la lumi\u00e8re directe du soleil. Tenir\u2063 hors\u200b de port\u00e9e des enfants.<\/p>\n<p>Si vous \u200d\u00eates enceinte, allaitez ou prenez des m\u00e9dicaments, veuillez \u200bconsulter votre m\u00e9decin avant de prendre\u2062 ce produit.<\/p>\n<p>Ne pas \u200dutiliser si le sceau de s\u00e9curit\u00e9 est endommag\u00e9 ou manquant.<\/p>\n<p>En tant que compl\u00e9ment alimentaire, ce produit ne doit pas \u00eatre utilis\u00e9 \u200bcomme substitut \u00e0 une alimentation \u00e9quilibr\u00e9e et vari\u00e9e et \u00e0 un mode de vie sain.<\/p>\n<p>Pour de meilleurs r\u00e9sultats, combinez avec une alimentation\u2063 \u00e9quilibr\u00e9e et un programme d&#8217;exercice r\u00e9gulier.<\/p>\n<p>Offrez \u00e0 \u200bvotre corps les bienfaits de la vitamine K2 MK-7 avec ces softgels \u200cde la marque Osavi. Commandez d\u00e8s maintenant et profitez d&#8217;une sant\u00e9 osseuse et cardiovasculaire optimale.<\/p>\n","protected":false},"excerpt":{"rendered":"<p>Vitamin K2 MK-7, 100mcg \u2064- 60 softgels Obtenez une dose puissante de vitamine K2 MK-7 avec ces softgels de la marque Osavi. Chaque g\u00e9lule contient 100mcg de \u200cvitamine\u200c K2 MK-7, une forme hautement biodisponible de vitamine K2 qui est essentielle pour la sant\u00e9 des os \u200cet du c\u0153ur. Caract\u00e9ristiques sp\u00e9ciales: Contient 100mcg de vitamine K2 [&#8230;]\n","protected":false},"featured_media":264952,"comment_status":"open","ping_status":"open","template":"","meta":[],"product_brand":[4756],"product_cat":[5052,5053],"product_tag":[],"class_list":{"0":"post-289576","1":"product","2":"type-product","3":"status-publish","4":"has-post-thumbnail","6":"product_brand-osavi-2","7":"product_cat-sante-et-bien-etre","8":"product_cat-vitamines-et-mineraux","10":"first","11":"instock","12":"taxable","13":"shipping-taxable","14":"purchasable","15":"product-type-simple"},"yoast_head":"<!-- This site is optimized with the Yoast SEO Premium plugin v27.3 (Yoast SEO v27.3) - https:\/\/yoast.com\/product\/yoast-seo-premium-wordpress\/ -->\n<title>Vitamine K2 MK-7, 100mcg - 60 capsules molles - ECO Supplements<\/title>\n<meta name=\"description\" content=\"Wij hebben een ruime keuze aan producten van Vitamine K2 MK-7, 100mcg - 60 capsules molles . Winkel bij Eco Supplements altijd gratis verzending boven 100\u20ac\" \/>\n<meta name=\"robots\" content=\"index, follow, max-snippet:-1, max-image-preview:large, max-video-preview:-1\" \/>\n<link rel=\"canonical\" href=\"https:\/\/ecosupplements.be\/fr\/produit\/vitamine-k2-mk-7-100mcg-60-capsules-molles\/\" \/>\n<meta property=\"og:locale\" content=\"fr_FR\" \/>\n<meta property=\"og:type\" content=\"article\" \/>\n<meta property=\"og:title\" content=\"Vitamine K2 MK-7, 100mcg - 60 capsules molles\" \/>\n<meta property=\"og:description\" content=\"Wij hebben een ruime keuze aan producten van Vitamine K2 MK-7, 100mcg - 60 capsules molles . Winkel bij Eco Supplements altijd gratis verzending boven 100\u20ac\" \/>\n<meta property=\"og:url\" content=\"https:\/\/ecosupplements.be\/fr\/produit\/vitamine-k2-mk-7-100mcg-60-capsules-molles\/\" \/>\n<meta property=\"og:site_name\" content=\"ECO Supplements\" \/>\n<meta property=\"article:modified_time\" content=\"2025-08-27T13:59:15+00:00\" \/>\n<meta property=\"og:image\" content=\"https:\/\/ecosupplements.be\/wp-content\/uploads\/2025\/08\/Vitamin-K2-MK-7-100mcg-60-softgels-1.png\" \/>\n\t<meta property=\"og:image:width\" content=\"551\" \/>\n\t<meta property=\"og:image:height\" content=\"750\" \/>\n\t<meta property=\"og:image:type\" content=\"image\/png\" \/>\n<meta name=\"twitter:card\" content=\"summary_large_image\" \/>\n<meta name=\"twitter:label1\" content=\"Prix\" \/>\n\t<meta name=\"twitter:data1\" content=\"9.45&nbsp;&euro;\" \/>\n\t<meta name=\"twitter:label2\" content=\"Disponibilit\u00e9\" \/>\n\t<meta name=\"twitter:data2\" content=\"En stock\" \/>\n<script type=\"application\/ld+json\" class=\"yoast-schema-graph\">{\"@context\":\"https:\\\/\\\/schema.org\",\"@graph\":[{\"@type\":[\"WebPage\",\"ItemPage\"],\"@id\":\"https:\\\/\\\/ecosupplements.be\\\/fr\\\/produit\\\/vitamine-k2-mk-7-100mcg-60-capsules-molles\\\/\",\"url\":\"https:\\\/\\\/ecosupplements.be\\\/fr\\\/produit\\\/vitamine-k2-mk-7-100mcg-60-capsules-molles\\\/\",\"name\":\"Vitamine K2 MK-7, 100mcg - 60 capsules molles - ECO Supplements\",\"isPartOf\":{\"@id\":\"https:\\\/\\\/ecosupplements.be\\\/fr\\\/#website\"},\"primaryImageOfPage\":{\"@id\":\"https:\\\/\\\/ecosupplements.be\\\/fr\\\/produit\\\/vitamine-k2-mk-7-100mcg-60-capsules-molles\\\/#primaryimage\"},\"image\":{\"@id\":\"https:\\\/\\\/ecosupplements.be\\\/fr\\\/produit\\\/vitamine-k2-mk-7-100mcg-60-capsules-molles\\\/#primaryimage\"},\"thumbnailUrl\":\"https:\\\/\\\/ecosupplements.be\\\/wp-content\\\/uploads\\\/2025\\\/08\\\/Vitamin-K2-MK-7-100mcg-60-softgels.png\",\"datePublished\":\"2024-03-09T13:23:07+00:00\",\"dateModified\":\"2025-08-27T13:59:15+00:00\",\"description\":\"Wij hebben een ruime keuze aan producten van Vitamine K2 MK-7, 100mcg - 60 capsules molles . Winkel bij Eco Supplements altijd gratis verzending boven 100\u20ac\",\"breadcrumb\":{\"@id\":\"https:\\\/\\\/ecosupplements.be\\\/fr\\\/produit\\\/vitamine-k2-mk-7-100mcg-60-capsules-molles\\\/#breadcrumb\"},\"inLanguage\":\"fr-FR\",\"potentialAction\":[{\"@type\":\"ReadAction\",\"target\":[\"https:\\\/\\\/ecosupplements.be\\\/fr\\\/produit\\\/vitamine-k2-mk-7-100mcg-60-capsules-molles\\\/\"]}]},{\"@type\":\"ImageObject\",\"inLanguage\":\"fr-FR\",\"@id\":\"https:\\\/\\\/ecosupplements.be\\\/fr\\\/produit\\\/vitamine-k2-mk-7-100mcg-60-capsules-molles\\\/#primaryimage\",\"url\":\"https:\\\/\\\/ecosupplements.be\\\/wp-content\\\/uploads\\\/2025\\\/08\\\/Vitamin-K2-MK-7-100mcg-60-softgels.png\",\"contentUrl\":\"https:\\\/\\\/ecosupplements.be\\\/wp-content\\\/uploads\\\/2025\\\/08\\\/Vitamin-K2-MK-7-100mcg-60-softgels.png\",\"width\":551,\"height\":750},{\"@type\":\"BreadcrumbList\",\"@id\":\"https:\\\/\\\/ecosupplements.be\\\/fr\\\/produit\\\/vitamine-k2-mk-7-100mcg-60-capsules-molles\\\/#breadcrumb\",\"itemListElement\":[{\"@type\":\"ListItem\",\"position\":1,\"name\":\"Home\",\"item\":\"https:\\\/\\\/ecosupplements.be\\\/fr\\\/\"},{\"@type\":\"ListItem\",\"position\":2,\"name\":\"Boutique\",\"item\":\"https:\\\/\\\/ecosupplements.be\\\/fr\\\/boutique\\\/\"},{\"@type\":\"ListItem\",\"position\":3,\"name\":\"Vitamine K2 MK-7, 100mcg &#8211; 60 capsules molles\"}]},{\"@type\":\"WebSite\",\"@id\":\"https:\\\/\\\/ecosupplements.be\\\/fr\\\/#website\",\"url\":\"https:\\\/\\\/ecosupplements.be\\\/fr\\\/\",\"name\":\"ECO Supplements\",\"description\":\"Eco Supplements - Gezonde supplementen\",\"publisher\":{\"@id\":\"https:\\\/\\\/ecosupplements.be\\\/fr\\\/#organization\"},\"potentialAction\":[{\"@type\":\"SearchAction\",\"target\":{\"@type\":\"EntryPoint\",\"urlTemplate\":\"https:\\\/\\\/ecosupplements.be\\\/fr\\\/?s={search_term_string}\"},\"query-input\":{\"@type\":\"PropertyValueSpecification\",\"valueRequired\":true,\"valueName\":\"search_term_string\"}}],\"inLanguage\":\"fr-FR\"},{\"@type\":\"Organization\",\"@id\":\"https:\\\/\\\/ecosupplements.be\\\/fr\\\/#organization\",\"name\":\"Eco Supplements\",\"url\":\"https:\\\/\\\/ecosupplements.be\\\/fr\\\/\",\"logo\":{\"@type\":\"ImageObject\",\"inLanguage\":\"fr-FR\",\"@id\":\"https:\\\/\\\/ecosupplements.be\\\/fr\\\/#\\\/schema\\\/logo\\\/image\\\/\",\"url\":\"https:\\\/\\\/ecosupplements.be\\\/wp-content\\\/uploads\\\/2022\\\/06\\\/ecosupplement-family.png\",\"contentUrl\":\"https:\\\/\\\/ecosupplements.be\\\/wp-content\\\/uploads\\\/2022\\\/06\\\/ecosupplement-family.png\",\"width\":593,\"height\":374,\"caption\":\"Eco Supplements\"},\"image\":{\"@id\":\"https:\\\/\\\/ecosupplements.be\\\/fr\\\/#\\\/schema\\\/logo\\\/image\\\/\"}}]}<\/script>\n<meta property=\"product:brand\" content=\"Osavi\" \/>\n<meta property=\"product:price:amount\" content=\"9.45\" \/>\n<meta property=\"product:price:currency\" content=\"EUR\" \/>\n<meta property=\"og:availability\" content=\"instock\" \/>\n<meta property=\"product:availability\" content=\"instock\" \/>\n<meta property=\"product:retailer_item_id\" content=\"5904139920084\" \/>\n<meta property=\"product:condition\" content=\"new\" \/>\n<!-- \/ Yoast SEO Premium plugin. -->","yoast_head_json":{"title":"Vitamine K2 MK-7, 100mcg - 60 capsules molles - ECO Supplements","description":"Wij hebben een ruime keuze aan producten van Vitamine K2 MK-7, 100mcg - 60 capsules molles . Winkel bij Eco Supplements altijd gratis verzending boven 100\u20ac","robots":{"index":"index","follow":"follow","max-snippet":"max-snippet:-1","max-image-preview":"max-image-preview:large","max-video-preview":"max-video-preview:-1"},"canonical":"https:\/\/ecosupplements.be\/fr\/produit\/vitamine-k2-mk-7-100mcg-60-capsules-molles\/","og_locale":"fr_FR","og_type":"article","og_title":"Vitamine K2 MK-7, 100mcg - 60 capsules molles","og_description":"Wij hebben een ruime keuze aan producten van Vitamine K2 MK-7, 100mcg - 60 capsules molles . Winkel bij Eco Supplements altijd gratis verzending boven 100\u20ac","og_url":"https:\/\/ecosupplements.be\/fr\/produit\/vitamine-k2-mk-7-100mcg-60-capsules-molles\/","og_site_name":"ECO Supplements","article_modified_time":"2025-08-27T13:59:15+00:00","og_image":[{"width":551,"height":750,"url":"https:\/\/ecosupplements.be\/wp-content\/uploads\/2025\/08\/Vitamin-K2-MK-7-100mcg-60-softgels-1.png","type":"image\/png"}],"twitter_card":"summary_large_image","twitter_misc":{"Prix":"9.45&nbsp;&euro;","Disponibilit\u00e9":"En stock"},"schema":{"@context":"https:\/\/schema.org","@graph":[{"@type":["WebPage","ItemPage"],"@id":"https:\/\/ecosupplements.be\/fr\/produit\/vitamine-k2-mk-7-100mcg-60-capsules-molles\/","url":"https:\/\/ecosupplements.be\/fr\/produit\/vitamine-k2-mk-7-100mcg-60-capsules-molles\/","name":"Vitamine K2 MK-7, 100mcg - 60 capsules molles - ECO Supplements","isPartOf":{"@id":"https:\/\/ecosupplements.be\/fr\/#website"},"primaryImageOfPage":{"@id":"https:\/\/ecosupplements.be\/fr\/produit\/vitamine-k2-mk-7-100mcg-60-capsules-molles\/#primaryimage"},"image":{"@id":"https:\/\/ecosupplements.be\/fr\/produit\/vitamine-k2-mk-7-100mcg-60-capsules-molles\/#primaryimage"},"thumbnailUrl":"https:\/\/ecosupplements.be\/wp-content\/uploads\/2025\/08\/Vitamin-K2-MK-7-100mcg-60-softgels.png","datePublished":"2024-03-09T13:23:07+00:00","dateModified":"2025-08-27T13:59:15+00:00","description":"Wij hebben een ruime keuze aan producten van Vitamine K2 MK-7, 100mcg - 60 capsules molles . Winkel bij Eco Supplements altijd gratis verzending boven 100\u20ac","breadcrumb":{"@id":"https:\/\/ecosupplements.be\/fr\/produit\/vitamine-k2-mk-7-100mcg-60-capsules-molles\/#breadcrumb"},"inLanguage":"fr-FR","potentialAction":[{"@type":"ReadAction","target":["https:\/\/ecosupplements.be\/fr\/produit\/vitamine-k2-mk-7-100mcg-60-capsules-molles\/"]}]},{"@type":"ImageObject","inLanguage":"fr-FR","@id":"https:\/\/ecosupplements.be\/fr\/produit\/vitamine-k2-mk-7-100mcg-60-capsules-molles\/#primaryimage","url":"https:\/\/ecosupplements.be\/wp-content\/uploads\/2025\/08\/Vitamin-K2-MK-7-100mcg-60-softgels.png","contentUrl":"https:\/\/ecosupplements.be\/wp-content\/uploads\/2025\/08\/Vitamin-K2-MK-7-100mcg-60-softgels.png","width":551,"height":750},{"@type":"BreadcrumbList","@id":"https:\/\/ecosupplements.be\/fr\/produit\/vitamine-k2-mk-7-100mcg-60-capsules-molles\/#breadcrumb","itemListElement":[{"@type":"ListItem","position":1,"name":"Home","item":"https:\/\/ecosupplements.be\/fr\/"},{"@type":"ListItem","position":2,"name":"Boutique","item":"https:\/\/ecosupplements.be\/fr\/boutique\/"},{"@type":"ListItem","position":3,"name":"Vitamine K2 MK-7, 100mcg &#8211; 60 capsules molles"}]},{"@type":"WebSite","@id":"https:\/\/ecosupplements.be\/fr\/#website","url":"https:\/\/ecosupplements.be\/fr\/","name":"ECO Supplements","description":"Eco Supplements - Gezonde supplementen","publisher":{"@id":"https:\/\/ecosupplements.be\/fr\/#organization"},"potentialAction":[{"@type":"SearchAction","target":{"@type":"EntryPoint","urlTemplate":"https:\/\/ecosupplements.be\/fr\/?s={search_term_string}"},"query-input":{"@type":"PropertyValueSpecification","valueRequired":true,"valueName":"search_term_string"}}],"inLanguage":"fr-FR"},{"@type":"Organization","@id":"https:\/\/ecosupplements.be\/fr\/#organization","name":"Eco Supplements","url":"https:\/\/ecosupplements.be\/fr\/","logo":{"@type":"ImageObject","inLanguage":"fr-FR","@id":"https:\/\/ecosupplements.be\/fr\/#\/schema\/logo\/image\/","url":"https:\/\/ecosupplements.be\/wp-content\/uploads\/2022\/06\/ecosupplement-family.png","contentUrl":"https:\/\/ecosupplements.be\/wp-content\/uploads\/2022\/06\/ecosupplement-family.png","width":593,"height":374,"caption":"Eco Supplements"},"image":{"@id":"https:\/\/ecosupplements.be\/fr\/#\/schema\/logo\/image\/"}}]},"product_brand":"Osavi","product_price_amount":"9.45","product_price_currency":"EUR","og_availability":"instock","product_availability":"instock","product_retailer_item_id":"5904139920084","product_condition":"new"},"_links":{"self":[{"href":"https:\/\/ecosupplements.be\/fr\/wp-json\/wp\/v2\/product\/289576","targetHints":{"allow":["GET"]}}],"collection":[{"href":"https:\/\/ecosupplements.be\/fr\/wp-json\/wp\/v2\/product"}],"about":[{"href":"https:\/\/ecosupplements.be\/fr\/wp-json\/wp\/v2\/types\/product"}],"replies":[{"embeddable":true,"href":"https:\/\/ecosupplements.be\/fr\/wp-json\/wp\/v2\/comments?post=289576"}],"wp:featuredmedia":[{"embeddable":true,"href":"https:\/\/ecosupplements.be\/fr\/wp-json\/wp\/v2\/media\/264952"}],"wp:attachment":[{"href":"https:\/\/ecosupplements.be\/fr\/wp-json\/wp\/v2\/media?parent=289576"}],"wp:term":[{"taxonomy":"product_brand","embeddable":true,"href":"https:\/\/ecosupplements.be\/fr\/wp-json\/wp\/v2\/product_brand?post=289576"},{"taxonomy":"product_cat","embeddable":true,"href":"https:\/\/ecosupplements.be\/fr\/wp-json\/wp\/v2\/product_cat?post=289576"},{"taxonomy":"product_tag","embeddable":true,"href":"https:\/\/ecosupplements.be\/fr\/wp-json\/wp\/v2\/product_tag?post=289576"}],"curies":[{"name":"wp","href":"https:\/\/api.w.org\/{rel}","templated":true}]}}