{"id":289624,"date":"2024-03-09T14:28:02","date_gmt":"2024-03-09T13:28:02","guid":{"rendered":"https:\/\/ecosupplements.be\/product\/coenzyme-q10-100mg-120-capsules-molles\/"},"modified":"2025-08-27T15:00:00","modified_gmt":"2025-08-27T14:00:00","slug":"coenzyme-q10-100mg-120-capsules-molles","status":"publish","type":"product","link":"https:\/\/ecosupplements.be\/fr\/produit\/coenzyme-q10-100mg-120-capsules-molles\/","title":{"rendered":"Coenzyme Q10, 100mg &#8211; 120 capsules molles"},"content":{"rendered":"<h1>CoQ10, 100mg &#8211; 120\u200d softgels<\/h1>\n<p>Le CoQ10, \u00e9galement connu sous\u2064 le\u2063 nom de coenzyme Q10, est un antioxydant naturellement pr\u00e9sent dans\u200d le corps humain. Cependant, avec l&#8217;\u00e2ge, notre corps produit moins de CoQ10, ce qui peut entra\u00eener une diminution de l&#8217;\u00e9nergie et une augmentation des signes de vieillissement.<\/p>\n<p>Les softgels de CoQ10 de Puritan&#8217;s Pride contiennent 100mg de coenzyme Q10 par portion, ce qui en fait un compl\u00e9ment id\u00e9al pour soutenir la sant\u00e9 globale et le bien-\u00eatre.<\/p>\n<h2>Ingr\u00e9dients cl\u00e9s<\/h2>\n<ul>\n<li>Coenzyme Q10 (CoQ10) &#8211; 100mg<\/li>\n<li>G\u00e9latine<\/li>\n<li>Huile de soja<\/li>\n<li>Glyc\u00e9rine v\u00e9g\u00e9tale<\/li>\n<li>L\u00e9cithine de soja<\/li>\n<li>Colorant \u2063caramel<\/li>\n<\/ul>\n<p>Notre formule de CoQ10 est sans gluten et sans\u2062 lactose, ce qui la rend adapt\u00e9e \u00e0 la plupart des r\u00e9gimes alimentaires. De\u2062 plus,\u200c nos\u2062 softgels sont faciles \u200d\u00e0 avaler et \u200c\u00e0\u2062 dig\u00e9rer, ce qui les rend pratiques pour une utilisation quotidienne.<\/p>\n<h2>Avantages pour la sant\u00e9<\/h2>\n<p>Le CoQ10\u200b est un antioxydant puissant \u2064qui \u2063aide \u00e0 prot\u00e9ger les cellules contre les dommages caus\u00e9s par les\u200b radicaux \u200clibres. \u200bIl peut \u00e9galement \u2064soutenir la sant\u00e9 cardiovasculaire en aidant \u00e0 maintenir \u200cune pression\u2064 art\u00e9rielle saine et en am\u00e9liorant\u200d la fonction cardiaque.<\/p>\n<p>En outre, \u2062le CoQ10 peut \u00e9galement aider \u00e0 maintenir des niveaux d&#8217;\u00e9nergie \u00e9lev\u00e9s en soutenant\u200c la production d&#8217;ATP, la principale source d&#8217;\u00e9nergie pour les \u200dcellules. Cela peut \u00eatre particuli\u00e8rement b\u00e9n\u00e9fique pour les personnes\u2063 \u00e2g\u00e9es ou les personnes souffrant de fatigue chronique.<\/p>\n<h2>Utilisation sugg\u00e9r\u00e9e<\/h2>\n<p>Prenez 1\u200d softgel par jour, de pr\u00e9f\u00e9rence avec un repas.<\/p>\n<p>Ne d\u00e9passez pas la dose recommand\u00e9e. Si vous \u00eates enceinte, allaitez, prenez des m\u00e9dicaments \u2064ou si vous\u200b avez des probl\u00e8mes\u2064 de sant\u00e9, consultez votre m\u00e9decin avant de prendre ce compl\u00e9ment alimentaire.<\/p>\n<p>Conservez le produit dans \u2064un endroit frais et sec, \u00e0 l&#8217;abri de la lumi\u00e8re directe du soleil. Tenir \u200chors de port\u00e9e des enfants.<\/p>\n<p>Donnez \u200d\u00e0 votre\u200c corps le soutien dont il\u200c a besoin avec les softgels de CoQ10 de Puritan&#8217;s Pride. Commandez d\u00e8s maintenant et profitez des bienfaits de\u2062 ce puissant antioxydant !<\/p>\n","protected":false},"excerpt":{"rendered":"<p>CoQ10, 100mg &#8211; 120\u200d softgels Le CoQ10, \u00e9galement connu sous\u2064 le\u2063 nom de coenzyme Q10, est un antioxydant naturellement pr\u00e9sent dans\u200d le corps humain. Cependant, avec l&#8217;\u00e2ge, notre corps produit moins de CoQ10, ce qui peut entra\u00eener une diminution de l&#8217;\u00e9nergie et une augmentation des signes de vieillissement. Les softgels de CoQ10 de Puritan&#8217;s Pride [&#8230;]\n","protected":false},"featured_media":265009,"comment_status":"open","ping_status":"open","template":"","meta":[],"product_brand":[5280],"product_cat":[5098,5052],"product_tag":[],"class_list":{"0":"post-289624","1":"product","2":"type-product","3":"status-publish","4":"has-post-thumbnail","6":"product_brand-puritans-pride-2","7":"product_cat-antioxydants","8":"product_cat-sante-et-bien-etre","10":"first","11":"instock","12":"taxable","13":"shipping-taxable","14":"purchasable","15":"product-type-simple"},"yoast_head":"<!-- This site is optimized with the Yoast SEO Premium plugin v27.3 (Yoast SEO v27.3) - https:\/\/yoast.com\/product\/yoast-seo-premium-wordpress\/ -->\n<title>Coenzyme Q10, 100mg - 120 capsules molles - ECO Supplements<\/title>\n<meta name=\"description\" content=\"Wij hebben een ruime keuze aan producten van Coenzyme Q10, 100mg - 120 capsules molles . Winkel bij Eco Supplements altijd gratis verzending boven 100\u20ac\" \/>\n<meta name=\"robots\" content=\"index, follow, max-snippet:-1, max-image-preview:large, max-video-preview:-1\" \/>\n<link rel=\"canonical\" href=\"https:\/\/ecosupplements.be\/fr\/produit\/coenzyme-q10-100mg-120-capsules-molles\/\" \/>\n<meta property=\"og:locale\" content=\"fr_FR\" \/>\n<meta property=\"og:type\" content=\"article\" \/>\n<meta property=\"og:title\" content=\"Coenzyme Q10, 100mg - 120 capsules molles\" \/>\n<meta property=\"og:description\" content=\"Wij hebben een ruime keuze aan producten van Coenzyme Q10, 100mg - 120 capsules molles . Winkel bij Eco Supplements altijd gratis verzending boven 100\u20ac\" \/>\n<meta property=\"og:url\" content=\"https:\/\/ecosupplements.be\/fr\/produit\/coenzyme-q10-100mg-120-capsules-molles\/\" \/>\n<meta property=\"og:site_name\" content=\"ECO Supplements\" \/>\n<meta property=\"article:modified_time\" content=\"2025-08-27T14:00:00+00:00\" \/>\n<meta property=\"og:image\" content=\"https:\/\/ecosupplements.be\/wp-content\/uploads\/2025\/08\/CoQ10-100mg-120-softgels-1.jpg\" \/>\n\t<meta property=\"og:image:width\" content=\"324\" \/>\n\t<meta property=\"og:image:height\" content=\"600\" \/>\n\t<meta property=\"og:image:type\" content=\"image\/jpeg\" \/>\n<meta name=\"twitter:card\" content=\"summary_large_image\" \/>\n<meta name=\"twitter:label1\" content=\"Prix\" \/>\n\t<meta name=\"twitter:data1\" content=\"19.90&nbsp;&euro;\" \/>\n\t<meta name=\"twitter:label2\" content=\"Disponibilit\u00e9\" \/>\n\t<meta name=\"twitter:data2\" content=\"En stock\" \/>\n<script type=\"application\/ld+json\" class=\"yoast-schema-graph\">{\"@context\":\"https:\\\/\\\/schema.org\",\"@graph\":[{\"@type\":[\"WebPage\",\"ItemPage\"],\"@id\":\"https:\\\/\\\/ecosupplements.be\\\/fr\\\/produit\\\/coenzyme-q10-100mg-120-capsules-molles\\\/\",\"url\":\"https:\\\/\\\/ecosupplements.be\\\/fr\\\/produit\\\/coenzyme-q10-100mg-120-capsules-molles\\\/\",\"name\":\"Coenzyme Q10, 100mg - 120 capsules molles - ECO Supplements\",\"isPartOf\":{\"@id\":\"https:\\\/\\\/ecosupplements.be\\\/fr\\\/#website\"},\"primaryImageOfPage\":{\"@id\":\"https:\\\/\\\/ecosupplements.be\\\/fr\\\/produit\\\/coenzyme-q10-100mg-120-capsules-molles\\\/#primaryimage\"},\"image\":{\"@id\":\"https:\\\/\\\/ecosupplements.be\\\/fr\\\/produit\\\/coenzyme-q10-100mg-120-capsules-molles\\\/#primaryimage\"},\"thumbnailUrl\":\"https:\\\/\\\/ecosupplements.be\\\/wp-content\\\/uploads\\\/2025\\\/08\\\/CoQ10-100mg-120-softgels.jpg\",\"datePublished\":\"2024-03-09T13:28:02+00:00\",\"dateModified\":\"2025-08-27T14:00:00+00:00\",\"description\":\"Wij hebben een ruime keuze aan producten van Coenzyme Q10, 100mg - 120 capsules molles . Winkel bij Eco Supplements altijd gratis verzending boven 100\u20ac\",\"breadcrumb\":{\"@id\":\"https:\\\/\\\/ecosupplements.be\\\/fr\\\/produit\\\/coenzyme-q10-100mg-120-capsules-molles\\\/#breadcrumb\"},\"inLanguage\":\"fr-FR\",\"potentialAction\":[{\"@type\":\"ReadAction\",\"target\":[\"https:\\\/\\\/ecosupplements.be\\\/fr\\\/produit\\\/coenzyme-q10-100mg-120-capsules-molles\\\/\"]}]},{\"@type\":\"ImageObject\",\"inLanguage\":\"fr-FR\",\"@id\":\"https:\\\/\\\/ecosupplements.be\\\/fr\\\/produit\\\/coenzyme-q10-100mg-120-capsules-molles\\\/#primaryimage\",\"url\":\"https:\\\/\\\/ecosupplements.be\\\/wp-content\\\/uploads\\\/2025\\\/08\\\/CoQ10-100mg-120-softgels.jpg\",\"contentUrl\":\"https:\\\/\\\/ecosupplements.be\\\/wp-content\\\/uploads\\\/2025\\\/08\\\/CoQ10-100mg-120-softgels.jpg\",\"width\":324,\"height\":600},{\"@type\":\"BreadcrumbList\",\"@id\":\"https:\\\/\\\/ecosupplements.be\\\/fr\\\/produit\\\/coenzyme-q10-100mg-120-capsules-molles\\\/#breadcrumb\",\"itemListElement\":[{\"@type\":\"ListItem\",\"position\":1,\"name\":\"Home\",\"item\":\"https:\\\/\\\/ecosupplements.be\\\/fr\\\/\"},{\"@type\":\"ListItem\",\"position\":2,\"name\":\"Boutique\",\"item\":\"https:\\\/\\\/ecosupplements.be\\\/fr\\\/boutique\\\/\"},{\"@type\":\"ListItem\",\"position\":3,\"name\":\"Coenzyme Q10, 100mg &#8211; 120 capsules molles\"}]},{\"@type\":\"WebSite\",\"@id\":\"https:\\\/\\\/ecosupplements.be\\\/fr\\\/#website\",\"url\":\"https:\\\/\\\/ecosupplements.be\\\/fr\\\/\",\"name\":\"ECO Supplements\",\"description\":\"Eco Supplements - Gezonde supplementen\",\"publisher\":{\"@id\":\"https:\\\/\\\/ecosupplements.be\\\/fr\\\/#organization\"},\"potentialAction\":[{\"@type\":\"SearchAction\",\"target\":{\"@type\":\"EntryPoint\",\"urlTemplate\":\"https:\\\/\\\/ecosupplements.be\\\/fr\\\/?s={search_term_string}\"},\"query-input\":{\"@type\":\"PropertyValueSpecification\",\"valueRequired\":true,\"valueName\":\"search_term_string\"}}],\"inLanguage\":\"fr-FR\"},{\"@type\":\"Organization\",\"@id\":\"https:\\\/\\\/ecosupplements.be\\\/fr\\\/#organization\",\"name\":\"Eco Supplements\",\"url\":\"https:\\\/\\\/ecosupplements.be\\\/fr\\\/\",\"logo\":{\"@type\":\"ImageObject\",\"inLanguage\":\"fr-FR\",\"@id\":\"https:\\\/\\\/ecosupplements.be\\\/fr\\\/#\\\/schema\\\/logo\\\/image\\\/\",\"url\":\"https:\\\/\\\/ecosupplements.be\\\/wp-content\\\/uploads\\\/2022\\\/06\\\/ecosupplement-family.png\",\"contentUrl\":\"https:\\\/\\\/ecosupplements.be\\\/wp-content\\\/uploads\\\/2022\\\/06\\\/ecosupplement-family.png\",\"width\":593,\"height\":374,\"caption\":\"Eco Supplements\"},\"image\":{\"@id\":\"https:\\\/\\\/ecosupplements.be\\\/fr\\\/#\\\/schema\\\/logo\\\/image\\\/\"}}]}<\/script>\n<meta property=\"product:brand\" content=\"Puritan&#039;s Pride\" \/>\n<meta property=\"product:price:amount\" content=\"19.90\" \/>\n<meta property=\"product:price:currency\" content=\"EUR\" \/>\n<meta property=\"og:availability\" content=\"instock\" \/>\n<meta property=\"product:availability\" content=\"instock\" \/>\n<meta property=\"product:retailer_item_id\" content=\"025077000647\" \/>\n<meta property=\"product:condition\" content=\"new\" \/>\n<!-- \/ Yoast SEO Premium plugin. -->","yoast_head_json":{"title":"Coenzyme Q10, 100mg - 120 capsules molles - ECO Supplements","description":"Wij hebben een ruime keuze aan producten van Coenzyme Q10, 100mg - 120 capsules molles . Winkel bij Eco Supplements altijd gratis verzending boven 100\u20ac","robots":{"index":"index","follow":"follow","max-snippet":"max-snippet:-1","max-image-preview":"max-image-preview:large","max-video-preview":"max-video-preview:-1"},"canonical":"https:\/\/ecosupplements.be\/fr\/produit\/coenzyme-q10-100mg-120-capsules-molles\/","og_locale":"fr_FR","og_type":"article","og_title":"Coenzyme Q10, 100mg - 120 capsules molles","og_description":"Wij hebben een ruime keuze aan producten van Coenzyme Q10, 100mg - 120 capsules molles . Winkel bij Eco Supplements altijd gratis verzending boven 100\u20ac","og_url":"https:\/\/ecosupplements.be\/fr\/produit\/coenzyme-q10-100mg-120-capsules-molles\/","og_site_name":"ECO Supplements","article_modified_time":"2025-08-27T14:00:00+00:00","og_image":[{"width":324,"height":600,"url":"https:\/\/ecosupplements.be\/wp-content\/uploads\/2025\/08\/CoQ10-100mg-120-softgels-1.jpg","type":"image\/jpeg"}],"twitter_card":"summary_large_image","twitter_misc":{"Prix":"19.90&nbsp;&euro;","Disponibilit\u00e9":"En stock"},"schema":{"@context":"https:\/\/schema.org","@graph":[{"@type":["WebPage","ItemPage"],"@id":"https:\/\/ecosupplements.be\/fr\/produit\/coenzyme-q10-100mg-120-capsules-molles\/","url":"https:\/\/ecosupplements.be\/fr\/produit\/coenzyme-q10-100mg-120-capsules-molles\/","name":"Coenzyme Q10, 100mg - 120 capsules molles - ECO Supplements","isPartOf":{"@id":"https:\/\/ecosupplements.be\/fr\/#website"},"primaryImageOfPage":{"@id":"https:\/\/ecosupplements.be\/fr\/produit\/coenzyme-q10-100mg-120-capsules-molles\/#primaryimage"},"image":{"@id":"https:\/\/ecosupplements.be\/fr\/produit\/coenzyme-q10-100mg-120-capsules-molles\/#primaryimage"},"thumbnailUrl":"https:\/\/ecosupplements.be\/wp-content\/uploads\/2025\/08\/CoQ10-100mg-120-softgels.jpg","datePublished":"2024-03-09T13:28:02+00:00","dateModified":"2025-08-27T14:00:00+00:00","description":"Wij hebben een ruime keuze aan producten van Coenzyme Q10, 100mg - 120 capsules molles . Winkel bij Eco Supplements altijd gratis verzending boven 100\u20ac","breadcrumb":{"@id":"https:\/\/ecosupplements.be\/fr\/produit\/coenzyme-q10-100mg-120-capsules-molles\/#breadcrumb"},"inLanguage":"fr-FR","potentialAction":[{"@type":"ReadAction","target":["https:\/\/ecosupplements.be\/fr\/produit\/coenzyme-q10-100mg-120-capsules-molles\/"]}]},{"@type":"ImageObject","inLanguage":"fr-FR","@id":"https:\/\/ecosupplements.be\/fr\/produit\/coenzyme-q10-100mg-120-capsules-molles\/#primaryimage","url":"https:\/\/ecosupplements.be\/wp-content\/uploads\/2025\/08\/CoQ10-100mg-120-softgels.jpg","contentUrl":"https:\/\/ecosupplements.be\/wp-content\/uploads\/2025\/08\/CoQ10-100mg-120-softgels.jpg","width":324,"height":600},{"@type":"BreadcrumbList","@id":"https:\/\/ecosupplements.be\/fr\/produit\/coenzyme-q10-100mg-120-capsules-molles\/#breadcrumb","itemListElement":[{"@type":"ListItem","position":1,"name":"Home","item":"https:\/\/ecosupplements.be\/fr\/"},{"@type":"ListItem","position":2,"name":"Boutique","item":"https:\/\/ecosupplements.be\/fr\/boutique\/"},{"@type":"ListItem","position":3,"name":"Coenzyme Q10, 100mg &#8211; 120 capsules molles"}]},{"@type":"WebSite","@id":"https:\/\/ecosupplements.be\/fr\/#website","url":"https:\/\/ecosupplements.be\/fr\/","name":"ECO Supplements","description":"Eco Supplements - Gezonde supplementen","publisher":{"@id":"https:\/\/ecosupplements.be\/fr\/#organization"},"potentialAction":[{"@type":"SearchAction","target":{"@type":"EntryPoint","urlTemplate":"https:\/\/ecosupplements.be\/fr\/?s={search_term_string}"},"query-input":{"@type":"PropertyValueSpecification","valueRequired":true,"valueName":"search_term_string"}}],"inLanguage":"fr-FR"},{"@type":"Organization","@id":"https:\/\/ecosupplements.be\/fr\/#organization","name":"Eco Supplements","url":"https:\/\/ecosupplements.be\/fr\/","logo":{"@type":"ImageObject","inLanguage":"fr-FR","@id":"https:\/\/ecosupplements.be\/fr\/#\/schema\/logo\/image\/","url":"https:\/\/ecosupplements.be\/wp-content\/uploads\/2022\/06\/ecosupplement-family.png","contentUrl":"https:\/\/ecosupplements.be\/wp-content\/uploads\/2022\/06\/ecosupplement-family.png","width":593,"height":374,"caption":"Eco Supplements"},"image":{"@id":"https:\/\/ecosupplements.be\/fr\/#\/schema\/logo\/image\/"}}]},"product_brand":"Puritan's Pride","product_price_amount":"19.90","product_price_currency":"EUR","og_availability":"instock","product_availability":"instock","product_retailer_item_id":"025077000647","product_condition":"new"},"_links":{"self":[{"href":"https:\/\/ecosupplements.be\/fr\/wp-json\/wp\/v2\/product\/289624","targetHints":{"allow":["GET"]}}],"collection":[{"href":"https:\/\/ecosupplements.be\/fr\/wp-json\/wp\/v2\/product"}],"about":[{"href":"https:\/\/ecosupplements.be\/fr\/wp-json\/wp\/v2\/types\/product"}],"replies":[{"embeddable":true,"href":"https:\/\/ecosupplements.be\/fr\/wp-json\/wp\/v2\/comments?post=289624"}],"wp:featuredmedia":[{"embeddable":true,"href":"https:\/\/ecosupplements.be\/fr\/wp-json\/wp\/v2\/media\/265009"}],"wp:attachment":[{"href":"https:\/\/ecosupplements.be\/fr\/wp-json\/wp\/v2\/media?parent=289624"}],"wp:term":[{"taxonomy":"product_brand","embeddable":true,"href":"https:\/\/ecosupplements.be\/fr\/wp-json\/wp\/v2\/product_brand?post=289624"},{"taxonomy":"product_cat","embeddable":true,"href":"https:\/\/ecosupplements.be\/fr\/wp-json\/wp\/v2\/product_cat?post=289624"},{"taxonomy":"product_tag","embeddable":true,"href":"https:\/\/ecosupplements.be\/fr\/wp-json\/wp\/v2\/product_tag?post=289624"}],"curies":[{"name":"wp","href":"https:\/\/api.w.org\/{rel}","templated":true}]}}