{"id":289648,"date":"2024-03-06T22:52:28","date_gmt":"2024-03-06T21:52:28","guid":{"rendered":"https:\/\/ecosupplements.be\/product\/vitamine-d3-a-forte-puissance-125mcg-100-capsules-molles\/"},"modified":"2025-08-27T15:00:25","modified_gmt":"2025-08-27T14:00:25","slug":"vitamine-d3-a-forte-puissance-125mcg-100-capsules-molles","status":"publish","type":"product","link":"https:\/\/ecosupplements.be\/fr\/produit\/vitamine-d3-a-forte-puissance-125mcg-100-capsules-molles\/","title":{"rendered":"Vitamine D3 \u00e0 forte puissance, 125mcg &#8211; 100 capsules molles"},"content":{"rendered":"<h1>Mega-Potency Vitamin D3, 125mcg &#8211; 100 softgels<\/h1>\n<p>Obtenez votre dose quotidienne de vitamine D \u2062avec les\u200c g\u00e9lules Mega-Potency Vitamin \u2064D3 de Puritan&#8217;s Pride. Chaque g\u00e9lule contient 125mcg de vitamine D3, la \u2062forme la plus efficace de vitamine D pour une absorption optimale par l&#8217;organisme.<\/p>\n<h2>Caract\u00e9ristiques sp\u00e9ciales:<\/h2>\n<ul>\n<li>125mcg de vitamine D3\u2063 par g\u00e9lule<\/li>\n<li>100 g\u00e9lules par bouteille<\/li>\n<li>Formule \u00e0 haute puissance pour un soutien optimal<\/li>\n<li>Facile \u00e0 avaler et \u2062\u00e0 dig\u00e9rer<\/li>\n<li>Fabriqu\u00e9 \u2063aux \u00c9tats-Unis avec des ingr\u00e9dients de qualit\u00e9 sup\u00e9rieure<\/li>\n<\/ul>\n<h2>Ingr\u00e9dients:<\/h2>\n<p>Chaque g\u00e9lule contient 125mcg de vitamine D3 (chol\u00e9calcif\u00e9rol) et des ingr\u00e9dients inactifs\u2062 tels que de l&#8217;huile de soja, de\u200b la g\u00e9latine, de\u2062 la glyc\u00e9rine et de l&#8217;eau purifi\u00e9e.<\/p>\n<h2>Avantages\u200d uniques:<\/h2>\n<p>La vitamine D est \u2062essentielle pour la \u200bsant\u00e9 \u200bdes os et\u200c des dents, ainsi que pour\u2063 le\u200b bon fonctionnement du syst\u00e8me immunitaire. Elle joue \u00e9galement un r\u00f4le \u200cimportant dans l&#8217;absorption du calcium et du\u2062 phosphore, ce qui en fait un nutriment essentiel pour maintenir une bonne sant\u00e9 globale.<\/p>\n<p>Les g\u00e9lules Mega-Potency Vitamin D3 de \u200dPuritan&#8217;s Pride offrent\u200c une dose puissante de vitamine \u200bD3 pour r\u00e9pondre \u00e0\u200c vos besoins quotidiens en vitamine D.\u200b Elles sont faciles \u00e0 avaler \u200cet \u00e0 dig\u00e9rer, ce\u200b qui en fait \u2064un compl\u00e9ment\u200c pratique pour votre routine quotidienne.<\/p>\n<h2>Principales caract\u00e9ristiques:<\/h2>\n<ul>\n<li>Formule \u00e0 haute puissance pour un soutien optimal<\/li>\n<li>Facile \u00e0 avaler et \u00e0 dig\u00e9rer<\/li>\n<li>Essentiel pour la sant\u00e9 des os, des dents \u2063et du syst\u00e8me immunitaire<\/li>\n<li>Fabriqu\u00e9 aux \u00c9tats-Unis avec des ingr\u00e9dients de qualit\u00e9 sup\u00e9rieure<\/li>\n<\/ul>\n<p>Prenez soin de votre sant\u00e9 avec les g\u00e9lules\u2064 Mega-Potency \u2062Vitamin D3 \u2062de Puritan&#8217;s Pride. Commandez d\u00e8s maintenant et\u200d profitez des bienfaits de la vitamine D\u2063 pour une vie\u2064 saine \u200cet \u00e9quilibr\u00e9e.<\/p>\n","protected":false},"excerpt":{"rendered":"<p>Mega-Potency Vitamin D3, 125mcg &#8211; 100 softgels Obtenez votre dose quotidienne de vitamine D \u2062avec les\u200c g\u00e9lules Mega-Potency Vitamin \u2064D3 de Puritan&#8217;s Pride. Chaque g\u00e9lule contient 125mcg de vitamine D3, la \u2062forme la plus efficace de vitamine D pour une absorption optimale par l&#8217;organisme. Caract\u00e9ristiques sp\u00e9ciales: 125mcg de vitamine D3\u2063 par g\u00e9lule 100 g\u00e9lules par [&#8230;]\n","protected":false},"featured_media":263024,"comment_status":"open","ping_status":"open","template":"","meta":[],"product_brand":[5280],"product_cat":[5052,5053,5059],"product_tag":[],"class_list":{"0":"post-289648","1":"product","2":"type-product","3":"status-publish","4":"has-post-thumbnail","6":"product_brand-puritans-pride-2","7":"product_cat-sante-et-bien-etre","8":"product_cat-vitamines-et-mineraux","9":"product_cat-vitamines-simples","11":"first","12":"outofstock","13":"taxable","14":"shipping-taxable","15":"purchasable","16":"product-type-simple"},"yoast_head":"<!-- This site is optimized with the Yoast SEO Premium plugin v27.3 (Yoast SEO v27.3) - https:\/\/yoast.com\/product\/yoast-seo-premium-wordpress\/ -->\n<title>Vitamine D3 \u00e0 forte puissance, 125mcg - 100 capsules molles - ECO Supplements<\/title>\n<meta name=\"description\" content=\"Wij hebben een ruime keuze aan producten van Vitamine D3 \u00e0 forte puissance, 125mcg - 100 capsules molles . Winkel bij Eco Supplements altijd gratis verzending boven 100\u20ac\" \/>\n<meta name=\"robots\" content=\"index, follow, max-snippet:-1, max-image-preview:large, max-video-preview:-1\" \/>\n<link rel=\"canonical\" href=\"https:\/\/ecosupplements.be\/fr\/produit\/vitamine-d3-a-forte-puissance-125mcg-100-capsules-molles\/\" \/>\n<meta property=\"og:locale\" content=\"fr_FR\" \/>\n<meta property=\"og:type\" content=\"article\" \/>\n<meta property=\"og:title\" content=\"Vitamine D3 \u00e0 forte puissance, 125mcg - 100 capsules molles\" \/>\n<meta property=\"og:description\" content=\"Wij hebben een ruime keuze aan producten van Vitamine D3 \u00e0 forte puissance, 125mcg - 100 capsules molles . Winkel bij Eco Supplements altijd gratis verzending boven 100\u20ac\" \/>\n<meta property=\"og:url\" content=\"https:\/\/ecosupplements.be\/fr\/produit\/vitamine-d3-a-forte-puissance-125mcg-100-capsules-molles\/\" \/>\n<meta property=\"og:site_name\" content=\"ECO Supplements\" \/>\n<meta property=\"article:modified_time\" content=\"2025-08-27T14:00:25+00:00\" \/>\n<meta property=\"og:image\" content=\"https:\/\/ecosupplements.be\/wp-content\/uploads\/2025\/08\/Mega-Potency-Vitamin-D3-125mcg-100-softgels-1.jpg\" \/>\n\t<meta property=\"og:image:width\" content=\"324\" \/>\n\t<meta property=\"og:image:height\" content=\"600\" \/>\n\t<meta property=\"og:image:type\" content=\"image\/jpeg\" \/>\n<meta name=\"twitter:card\" content=\"summary_large_image\" \/>\n<meta name=\"twitter:label1\" content=\"Prix\" \/>\n\t<meta name=\"twitter:data1\" content=\"5.78&nbsp;&euro;\" \/>\n\t<meta name=\"twitter:label2\" content=\"Disponibilit\u00e9\" \/>\n\t<meta name=\"twitter:data2\" content=\"Rupture de stock\" \/>\n<script type=\"application\/ld+json\" class=\"yoast-schema-graph\">{\"@context\":\"https:\\\/\\\/schema.org\",\"@graph\":[{\"@type\":[\"WebPage\",\"ItemPage\"],\"@id\":\"https:\\\/\\\/ecosupplements.be\\\/fr\\\/produit\\\/vitamine-d3-a-forte-puissance-125mcg-100-capsules-molles\\\/\",\"url\":\"https:\\\/\\\/ecosupplements.be\\\/fr\\\/produit\\\/vitamine-d3-a-forte-puissance-125mcg-100-capsules-molles\\\/\",\"name\":\"Vitamine D3 \u00e0 forte puissance, 125mcg - 100 capsules molles - ECO Supplements\",\"isPartOf\":{\"@id\":\"https:\\\/\\\/ecosupplements.be\\\/fr\\\/#website\"},\"primaryImageOfPage\":{\"@id\":\"https:\\\/\\\/ecosupplements.be\\\/fr\\\/produit\\\/vitamine-d3-a-forte-puissance-125mcg-100-capsules-molles\\\/#primaryimage\"},\"image\":{\"@id\":\"https:\\\/\\\/ecosupplements.be\\\/fr\\\/produit\\\/vitamine-d3-a-forte-puissance-125mcg-100-capsules-molles\\\/#primaryimage\"},\"thumbnailUrl\":\"https:\\\/\\\/ecosupplements.be\\\/wp-content\\\/uploads\\\/2025\\\/08\\\/Mega-Potency-Vitamin-D3-125mcg-100-softgels.jpg\",\"datePublished\":\"2024-03-06T21:52:28+00:00\",\"dateModified\":\"2025-08-27T14:00:25+00:00\",\"description\":\"Wij hebben een ruime keuze aan producten van Vitamine D3 \u00e0 forte puissance, 125mcg - 100 capsules molles . Winkel bij Eco Supplements altijd gratis verzending boven 100\u20ac\",\"breadcrumb\":{\"@id\":\"https:\\\/\\\/ecosupplements.be\\\/fr\\\/produit\\\/vitamine-d3-a-forte-puissance-125mcg-100-capsules-molles\\\/#breadcrumb\"},\"inLanguage\":\"fr-FR\",\"potentialAction\":[{\"@type\":\"ReadAction\",\"target\":[\"https:\\\/\\\/ecosupplements.be\\\/fr\\\/produit\\\/vitamine-d3-a-forte-puissance-125mcg-100-capsules-molles\\\/\"]}]},{\"@type\":\"ImageObject\",\"inLanguage\":\"fr-FR\",\"@id\":\"https:\\\/\\\/ecosupplements.be\\\/fr\\\/produit\\\/vitamine-d3-a-forte-puissance-125mcg-100-capsules-molles\\\/#primaryimage\",\"url\":\"https:\\\/\\\/ecosupplements.be\\\/wp-content\\\/uploads\\\/2025\\\/08\\\/Mega-Potency-Vitamin-D3-125mcg-100-softgels.jpg\",\"contentUrl\":\"https:\\\/\\\/ecosupplements.be\\\/wp-content\\\/uploads\\\/2025\\\/08\\\/Mega-Potency-Vitamin-D3-125mcg-100-softgels.jpg\",\"width\":324,\"height\":600},{\"@type\":\"BreadcrumbList\",\"@id\":\"https:\\\/\\\/ecosupplements.be\\\/fr\\\/produit\\\/vitamine-d3-a-forte-puissance-125mcg-100-capsules-molles\\\/#breadcrumb\",\"itemListElement\":[{\"@type\":\"ListItem\",\"position\":1,\"name\":\"Home\",\"item\":\"https:\\\/\\\/ecosupplements.be\\\/fr\\\/\"},{\"@type\":\"ListItem\",\"position\":2,\"name\":\"Boutique\",\"item\":\"https:\\\/\\\/ecosupplements.be\\\/fr\\\/boutique\\\/\"},{\"@type\":\"ListItem\",\"position\":3,\"name\":\"Vitamine D3 \u00e0 forte puissance, 125mcg &#8211; 100 capsules molles\"}]},{\"@type\":\"WebSite\",\"@id\":\"https:\\\/\\\/ecosupplements.be\\\/fr\\\/#website\",\"url\":\"https:\\\/\\\/ecosupplements.be\\\/fr\\\/\",\"name\":\"ECO Supplements\",\"description\":\"Eco Supplements - Gezonde supplementen\",\"publisher\":{\"@id\":\"https:\\\/\\\/ecosupplements.be\\\/fr\\\/#organization\"},\"potentialAction\":[{\"@type\":\"SearchAction\",\"target\":{\"@type\":\"EntryPoint\",\"urlTemplate\":\"https:\\\/\\\/ecosupplements.be\\\/fr\\\/?s={search_term_string}\"},\"query-input\":{\"@type\":\"PropertyValueSpecification\",\"valueRequired\":true,\"valueName\":\"search_term_string\"}}],\"inLanguage\":\"fr-FR\"},{\"@type\":\"Organization\",\"@id\":\"https:\\\/\\\/ecosupplements.be\\\/fr\\\/#organization\",\"name\":\"Eco Supplements\",\"url\":\"https:\\\/\\\/ecosupplements.be\\\/fr\\\/\",\"logo\":{\"@type\":\"ImageObject\",\"inLanguage\":\"fr-FR\",\"@id\":\"https:\\\/\\\/ecosupplements.be\\\/fr\\\/#\\\/schema\\\/logo\\\/image\\\/\",\"url\":\"https:\\\/\\\/ecosupplements.be\\\/wp-content\\\/uploads\\\/2022\\\/06\\\/ecosupplement-family.png\",\"contentUrl\":\"https:\\\/\\\/ecosupplements.be\\\/wp-content\\\/uploads\\\/2022\\\/06\\\/ecosupplement-family.png\",\"width\":593,\"height\":374,\"caption\":\"Eco Supplements\"},\"image\":{\"@id\":\"https:\\\/\\\/ecosupplements.be\\\/fr\\\/#\\\/schema\\\/logo\\\/image\\\/\"}}]}<\/script>\n<meta property=\"product:brand\" content=\"Puritan&#039;s Pride\" \/>\n<meta property=\"product:price:amount\" content=\"5.78\" \/>\n<meta property=\"product:price:currency\" content=\"EUR\" \/>\n<meta property=\"og:availability\" content=\"out of stock\" \/>\n<meta property=\"product:availability\" content=\"out of stock\" \/>\n<meta property=\"product:retailer_item_id\" content=\"025077193776\" \/>\n<meta property=\"product:condition\" content=\"new\" \/>\n<!-- \/ Yoast SEO Premium plugin. -->","yoast_head_json":{"title":"Vitamine D3 \u00e0 forte puissance, 125mcg - 100 capsules molles - ECO Supplements","description":"Wij hebben een ruime keuze aan producten van Vitamine D3 \u00e0 forte puissance, 125mcg - 100 capsules molles . Winkel bij Eco Supplements altijd gratis verzending boven 100\u20ac","robots":{"index":"index","follow":"follow","max-snippet":"max-snippet:-1","max-image-preview":"max-image-preview:large","max-video-preview":"max-video-preview:-1"},"canonical":"https:\/\/ecosupplements.be\/fr\/produit\/vitamine-d3-a-forte-puissance-125mcg-100-capsules-molles\/","og_locale":"fr_FR","og_type":"article","og_title":"Vitamine D3 \u00e0 forte puissance, 125mcg - 100 capsules molles","og_description":"Wij hebben een ruime keuze aan producten van Vitamine D3 \u00e0 forte puissance, 125mcg - 100 capsules molles . Winkel bij Eco Supplements altijd gratis verzending boven 100\u20ac","og_url":"https:\/\/ecosupplements.be\/fr\/produit\/vitamine-d3-a-forte-puissance-125mcg-100-capsules-molles\/","og_site_name":"ECO Supplements","article_modified_time":"2025-08-27T14:00:25+00:00","og_image":[{"width":324,"height":600,"url":"https:\/\/ecosupplements.be\/wp-content\/uploads\/2025\/08\/Mega-Potency-Vitamin-D3-125mcg-100-softgels-1.jpg","type":"image\/jpeg"}],"twitter_card":"summary_large_image","twitter_misc":{"Prix":"5.78&nbsp;&euro;","Disponibilit\u00e9":"Rupture de stock"},"schema":{"@context":"https:\/\/schema.org","@graph":[{"@type":["WebPage","ItemPage"],"@id":"https:\/\/ecosupplements.be\/fr\/produit\/vitamine-d3-a-forte-puissance-125mcg-100-capsules-molles\/","url":"https:\/\/ecosupplements.be\/fr\/produit\/vitamine-d3-a-forte-puissance-125mcg-100-capsules-molles\/","name":"Vitamine D3 \u00e0 forte puissance, 125mcg - 100 capsules molles - ECO Supplements","isPartOf":{"@id":"https:\/\/ecosupplements.be\/fr\/#website"},"primaryImageOfPage":{"@id":"https:\/\/ecosupplements.be\/fr\/produit\/vitamine-d3-a-forte-puissance-125mcg-100-capsules-molles\/#primaryimage"},"image":{"@id":"https:\/\/ecosupplements.be\/fr\/produit\/vitamine-d3-a-forte-puissance-125mcg-100-capsules-molles\/#primaryimage"},"thumbnailUrl":"https:\/\/ecosupplements.be\/wp-content\/uploads\/2025\/08\/Mega-Potency-Vitamin-D3-125mcg-100-softgels.jpg","datePublished":"2024-03-06T21:52:28+00:00","dateModified":"2025-08-27T14:00:25+00:00","description":"Wij hebben een ruime keuze aan producten van Vitamine D3 \u00e0 forte puissance, 125mcg - 100 capsules molles . Winkel bij Eco Supplements altijd gratis verzending boven 100\u20ac","breadcrumb":{"@id":"https:\/\/ecosupplements.be\/fr\/produit\/vitamine-d3-a-forte-puissance-125mcg-100-capsules-molles\/#breadcrumb"},"inLanguage":"fr-FR","potentialAction":[{"@type":"ReadAction","target":["https:\/\/ecosupplements.be\/fr\/produit\/vitamine-d3-a-forte-puissance-125mcg-100-capsules-molles\/"]}]},{"@type":"ImageObject","inLanguage":"fr-FR","@id":"https:\/\/ecosupplements.be\/fr\/produit\/vitamine-d3-a-forte-puissance-125mcg-100-capsules-molles\/#primaryimage","url":"https:\/\/ecosupplements.be\/wp-content\/uploads\/2025\/08\/Mega-Potency-Vitamin-D3-125mcg-100-softgels.jpg","contentUrl":"https:\/\/ecosupplements.be\/wp-content\/uploads\/2025\/08\/Mega-Potency-Vitamin-D3-125mcg-100-softgels.jpg","width":324,"height":600},{"@type":"BreadcrumbList","@id":"https:\/\/ecosupplements.be\/fr\/produit\/vitamine-d3-a-forte-puissance-125mcg-100-capsules-molles\/#breadcrumb","itemListElement":[{"@type":"ListItem","position":1,"name":"Home","item":"https:\/\/ecosupplements.be\/fr\/"},{"@type":"ListItem","position":2,"name":"Boutique","item":"https:\/\/ecosupplements.be\/fr\/boutique\/"},{"@type":"ListItem","position":3,"name":"Vitamine D3 \u00e0 forte puissance, 125mcg &#8211; 100 capsules molles"}]},{"@type":"WebSite","@id":"https:\/\/ecosupplements.be\/fr\/#website","url":"https:\/\/ecosupplements.be\/fr\/","name":"ECO Supplements","description":"Eco Supplements - Gezonde supplementen","publisher":{"@id":"https:\/\/ecosupplements.be\/fr\/#organization"},"potentialAction":[{"@type":"SearchAction","target":{"@type":"EntryPoint","urlTemplate":"https:\/\/ecosupplements.be\/fr\/?s={search_term_string}"},"query-input":{"@type":"PropertyValueSpecification","valueRequired":true,"valueName":"search_term_string"}}],"inLanguage":"fr-FR"},{"@type":"Organization","@id":"https:\/\/ecosupplements.be\/fr\/#organization","name":"Eco Supplements","url":"https:\/\/ecosupplements.be\/fr\/","logo":{"@type":"ImageObject","inLanguage":"fr-FR","@id":"https:\/\/ecosupplements.be\/fr\/#\/schema\/logo\/image\/","url":"https:\/\/ecosupplements.be\/wp-content\/uploads\/2022\/06\/ecosupplement-family.png","contentUrl":"https:\/\/ecosupplements.be\/wp-content\/uploads\/2022\/06\/ecosupplement-family.png","width":593,"height":374,"caption":"Eco Supplements"},"image":{"@id":"https:\/\/ecosupplements.be\/fr\/#\/schema\/logo\/image\/"}}]},"product_brand":"Puritan's Pride","product_price_amount":"5.78","product_price_currency":"EUR","og_availability":"out of stock","product_availability":"out of stock","product_retailer_item_id":"025077193776","product_condition":"new"},"_links":{"self":[{"href":"https:\/\/ecosupplements.be\/fr\/wp-json\/wp\/v2\/product\/289648","targetHints":{"allow":["GET"]}}],"collection":[{"href":"https:\/\/ecosupplements.be\/fr\/wp-json\/wp\/v2\/product"}],"about":[{"href":"https:\/\/ecosupplements.be\/fr\/wp-json\/wp\/v2\/types\/product"}],"replies":[{"embeddable":true,"href":"https:\/\/ecosupplements.be\/fr\/wp-json\/wp\/v2\/comments?post=289648"}],"wp:featuredmedia":[{"embeddable":true,"href":"https:\/\/ecosupplements.be\/fr\/wp-json\/wp\/v2\/media\/263024"}],"wp:attachment":[{"href":"https:\/\/ecosupplements.be\/fr\/wp-json\/wp\/v2\/media?parent=289648"}],"wp:term":[{"taxonomy":"product_brand","embeddable":true,"href":"https:\/\/ecosupplements.be\/fr\/wp-json\/wp\/v2\/product_brand?post=289648"},{"taxonomy":"product_cat","embeddable":true,"href":"https:\/\/ecosupplements.be\/fr\/wp-json\/wp\/v2\/product_cat?post=289648"},{"taxonomy":"product_tag","embeddable":true,"href":"https:\/\/ecosupplements.be\/fr\/wp-json\/wp\/v2\/product_tag?post=289648"}],"curies":[{"name":"wp","href":"https:\/\/api.w.org\/{rel}","templated":true}]}}