{"id":289657,"date":"2024-03-09T14:29:55","date_gmt":"2024-03-09T13:29:55","guid":{"rendered":"https:\/\/ecosupplements.be\/product\/melatonine-3mg-120-comprimes-2\/"},"modified":"2025-08-27T15:00:36","modified_gmt":"2025-08-27T14:00:36","slug":"melatonine-3mg-120-comprimes-2","status":"publish","type":"product","link":"https:\/\/ecosupplements.be\/fr\/produit\/melatonine-3mg-120-comprimes-2\/","title":{"rendered":"M\u00e9latonine, 3mg &#8211; 120 comprim\u00e9s"},"content":{"rendered":"<h1>Melatonin, 3mg &#8211; 120 tablets<\/h1>\n<p>La m\u00e9latonine est une hormone naturelle produite par le corps qui aide \u00e0 r\u00e9guler le cycle veille-sommeil. Cependant, de nombreux\u200c facteurs \u2063tels \u200cque le stress, les changements de fuseau horaire et le vieillissement peuvent perturber \u2063la production de m\u00e9latonine, entra\u00eenant \u2062des probl\u00e8mes de sommeil et de fatigue.<\/p>\n<p>Les comprim\u00e9s de m\u00e9latonine de Puritan&#8217;s Pride contiennent 3 mg de\u2064 m\u00e9latonine \u2062pure pour vous aider\u200c \u00e0 retrouver un sommeil r\u00e9parateur et \u00e0 r\u00e9guler votre cycle veille-sommeil. Chaque flacon contient 120 comprim\u00e9s, ce qui \u00e9quivaut \u00e0 4 mois d&#8217;approvisionnement.<\/p>\n<h2>Ingr\u00e9dients\u2062 cl\u00e9s<\/h2>\n<ul>\n<li>M\u00e9latonine pure \u00e0 3 mg<\/li>\n<li>Autres ingr\u00e9dients\u2063 : cellulose v\u00e9g\u00e9tale, acide st\u00e9arique v\u00e9g\u00e9tal, silice, croscarmellose \u200csodique, st\u00e9arate de magn\u00e9sium v\u00e9g\u00e9tal<\/li>\n<\/ul>\n<h2>Avantages uniques<\/h2>\n<ul>\n<li>Aide \u00e0 r\u00e9guler le cycle veille-sommeil<\/li>\n<li>Peut\u200c am\u00e9liorer la qualit\u00e9 du sommeil<\/li>\n<li>Peut \u2064r\u00e9duire les effets du d\u00e9calage horaire<\/li>\n<li>Convient aux v\u00e9g\u00e9tariens<\/li>\n<li>Ne contient pas de colorants, ar\u00f4mes ou \u2062\u00e9dulcorants artificiels<\/li>\n<\/ul>\n<h2>Conseils\u2064 d&#8217;utilisation<\/h2>\n<p>Prenez un comprim\u00e9 30 minutes avant le coucher avec de l&#8217;eau. Ne\u200c pas d\u00e9passer la dose recommand\u00e9e. Consultez votre m\u00e9decin avant utilisation si vous \u00eates enceinte, allaitez, prenez \u2063des \u2064m\u00e9dicaments ou si vous \u2063avez des\u200d probl\u00e8mes de sant\u00e9.<\/p>\n<p>Retrouvez un sommeil r\u00e9parateur et r\u00e9gulez\u200c votre cycle veille-sommeil avec les comprim\u00e9s de m\u00e9latonine de Puritan&#8217;s Pride. Commandez d\u00e8s maintenant et profitez d&#8217;un sommeil de\u200c qualit\u00e9 !<\/p>\n","protected":false},"excerpt":{"rendered":"<p>Melatonin, 3mg &#8211; 120 tablets La m\u00e9latonine est une hormone naturelle produite par le corps qui aide \u00e0 r\u00e9guler le cycle veille-sommeil. Cependant, de nombreux\u200c facteurs \u2063tels \u200cque le stress, les changements de fuseau horaire et le vieillissement peuvent perturber \u2063la production de m\u00e9latonine, entra\u00eenant \u2062des probl\u00e8mes de sommeil et de fatigue. Les comprim\u00e9s de [&#8230;]\n","protected":false},"featured_media":265036,"comment_status":"open","ping_status":"open","template":"","meta":[],"product_brand":[5280],"product_cat":[5159,5160,5052],"product_tag":[],"class_list":{"0":"post-289657","1":"product","2":"type-product","3":"status-publish","4":"has-post-thumbnail","6":"product_brand-puritans-pride-2","7":"product_cat-aide-au-sommeil","8":"product_cat-melatonine-aide-au-sommeil","9":"product_cat-sante-et-bien-etre","11":"first","12":"instock","13":"featured","14":"taxable","15":"shipping-taxable","16":"purchasable","17":"product-type-simple"},"yoast_head":"<!-- This site is optimized with the Yoast SEO Premium plugin v27.5 (Yoast SEO v27.5) - https:\/\/yoast.com\/product\/yoast-seo-premium-wordpress\/ -->\n<title>M\u00e9latonine, 3mg - 120 comprim\u00e9s - ECO Supplements<\/title>\n<meta name=\"description\" content=\"Wij hebben een ruime keuze aan producten van M\u00e9latonine, 3mg - 120 comprim\u00e9s . Winkel bij Eco Supplements altijd gratis verzending boven 100\u20ac\" \/>\n<meta name=\"robots\" content=\"index, follow, max-snippet:-1, max-image-preview:large, max-video-preview:-1\" \/>\n<link rel=\"canonical\" href=\"https:\/\/ecosupplements.be\/fr\/produit\/melatonine-3mg-120-comprimes-2\/\" \/>\n<meta property=\"og:locale\" content=\"fr_FR\" \/>\n<meta property=\"og:type\" content=\"article\" \/>\n<meta property=\"og:title\" content=\"M\u00e9latonine, 3mg - 120 comprim\u00e9s\" \/>\n<meta property=\"og:description\" content=\"Wij hebben een ruime keuze aan producten van M\u00e9latonine, 3mg - 120 comprim\u00e9s . Winkel bij Eco Supplements altijd gratis verzending boven 100\u20ac\" \/>\n<meta property=\"og:url\" content=\"https:\/\/ecosupplements.be\/fr\/produit\/melatonine-3mg-120-comprimes-2\/\" \/>\n<meta property=\"og:site_name\" content=\"ECO Supplements\" \/>\n<meta property=\"article:modified_time\" content=\"2025-08-27T14:00:36+00:00\" \/>\n<meta property=\"og:image\" content=\"https:\/\/ecosupplements.be\/wp-content\/uploads\/2025\/08\/Melatonin-3mg-120-tablets-1.jpg\" \/>\n\t<meta property=\"og:image:width\" content=\"305\" \/>\n\t<meta property=\"og:image:height\" content=\"600\" \/>\n\t<meta property=\"og:image:type\" content=\"image\/jpeg\" \/>\n<meta name=\"twitter:card\" content=\"summary_large_image\" \/>\n<meta name=\"twitter:label1\" content=\"Prix\" \/>\n\t<meta name=\"twitter:data1\" content=\"6.61&nbsp;&euro;\" \/>\n\t<meta name=\"twitter:label2\" content=\"Disponibilit\u00e9\" \/>\n\t<meta name=\"twitter:data2\" content=\"En stock\" \/>\n<script type=\"application\/ld+json\" class=\"yoast-schema-graph\">{\"@context\":\"https:\\\/\\\/schema.org\",\"@graph\":[{\"@type\":[\"WebPage\",\"ItemPage\"],\"@id\":\"https:\\\/\\\/ecosupplements.be\\\/fr\\\/produit\\\/melatonine-3mg-120-comprimes-2\\\/\",\"url\":\"https:\\\/\\\/ecosupplements.be\\\/fr\\\/produit\\\/melatonine-3mg-120-comprimes-2\\\/\",\"name\":\"M\u00e9latonine, 3mg - 120 comprim\u00e9s - ECO Supplements\",\"isPartOf\":{\"@id\":\"https:\\\/\\\/ecosupplements.be\\\/fr\\\/#website\"},\"primaryImageOfPage\":{\"@id\":\"https:\\\/\\\/ecosupplements.be\\\/fr\\\/produit\\\/melatonine-3mg-120-comprimes-2\\\/#primaryimage\"},\"image\":{\"@id\":\"https:\\\/\\\/ecosupplements.be\\\/fr\\\/produit\\\/melatonine-3mg-120-comprimes-2\\\/#primaryimage\"},\"thumbnailUrl\":\"https:\\\/\\\/ecosupplements.be\\\/wp-content\\\/uploads\\\/2025\\\/08\\\/Melatonin-3mg-120-tablets.jpg\",\"datePublished\":\"2024-03-09T13:29:55+00:00\",\"dateModified\":\"2025-08-27T14:00:36+00:00\",\"description\":\"Wij hebben een ruime keuze aan producten van M\u00e9latonine, 3mg - 120 comprim\u00e9s . Winkel bij Eco Supplements altijd gratis verzending boven 100\u20ac\",\"breadcrumb\":{\"@id\":\"https:\\\/\\\/ecosupplements.be\\\/fr\\\/produit\\\/melatonine-3mg-120-comprimes-2\\\/#breadcrumb\"},\"inLanguage\":\"fr-FR\",\"potentialAction\":[{\"@type\":\"ReadAction\",\"target\":[\"https:\\\/\\\/ecosupplements.be\\\/fr\\\/produit\\\/melatonine-3mg-120-comprimes-2\\\/\"]}]},{\"@type\":\"ImageObject\",\"inLanguage\":\"fr-FR\",\"@id\":\"https:\\\/\\\/ecosupplements.be\\\/fr\\\/produit\\\/melatonine-3mg-120-comprimes-2\\\/#primaryimage\",\"url\":\"https:\\\/\\\/ecosupplements.be\\\/wp-content\\\/uploads\\\/2025\\\/08\\\/Melatonin-3mg-120-tablets.jpg\",\"contentUrl\":\"https:\\\/\\\/ecosupplements.be\\\/wp-content\\\/uploads\\\/2025\\\/08\\\/Melatonin-3mg-120-tablets.jpg\",\"width\":305,\"height\":600},{\"@type\":\"BreadcrumbList\",\"@id\":\"https:\\\/\\\/ecosupplements.be\\\/fr\\\/produit\\\/melatonine-3mg-120-comprimes-2\\\/#breadcrumb\",\"itemListElement\":[{\"@type\":\"ListItem\",\"position\":1,\"name\":\"Home\",\"item\":\"https:\\\/\\\/ecosupplements.be\\\/fr\\\/\"},{\"@type\":\"ListItem\",\"position\":2,\"name\":\"Boutique\",\"item\":\"https:\\\/\\\/ecosupplements.be\\\/fr\\\/boutique\\\/\"},{\"@type\":\"ListItem\",\"position\":3,\"name\":\"M\u00e9latonine, 3mg &#8211; 120 comprim\u00e9s\"}]},{\"@type\":\"WebSite\",\"@id\":\"https:\\\/\\\/ecosupplements.be\\\/fr\\\/#website\",\"url\":\"https:\\\/\\\/ecosupplements.be\\\/fr\\\/\",\"name\":\"ECO Supplements\",\"description\":\"Eco Supplements - Gezonde supplementen\",\"publisher\":{\"@id\":\"https:\\\/\\\/ecosupplements.be\\\/fr\\\/#organization\"},\"potentialAction\":[{\"@type\":\"SearchAction\",\"target\":{\"@type\":\"EntryPoint\",\"urlTemplate\":\"https:\\\/\\\/ecosupplements.be\\\/fr\\\/?s={search_term_string}\"},\"query-input\":{\"@type\":\"PropertyValueSpecification\",\"valueRequired\":true,\"valueName\":\"search_term_string\"}}],\"inLanguage\":\"fr-FR\"},{\"@type\":\"Organization\",\"@id\":\"https:\\\/\\\/ecosupplements.be\\\/fr\\\/#organization\",\"name\":\"Eco Supplements\",\"url\":\"https:\\\/\\\/ecosupplements.be\\\/fr\\\/\",\"logo\":{\"@type\":\"ImageObject\",\"inLanguage\":\"fr-FR\",\"@id\":\"https:\\\/\\\/ecosupplements.be\\\/fr\\\/#\\\/schema\\\/logo\\\/image\\\/\",\"url\":\"https:\\\/\\\/ecosupplements.be\\\/wp-content\\\/uploads\\\/2022\\\/06\\\/ecosupplement-family.png\",\"contentUrl\":\"https:\\\/\\\/ecosupplements.be\\\/wp-content\\\/uploads\\\/2022\\\/06\\\/ecosupplement-family.png\",\"width\":593,\"height\":374,\"caption\":\"Eco Supplements\"},\"image\":{\"@id\":\"https:\\\/\\\/ecosupplements.be\\\/fr\\\/#\\\/schema\\\/logo\\\/image\\\/\"}}]}<\/script>\n<meta property=\"product:brand\" content=\"Puritan&#039;s Pride\" \/>\n<meta property=\"product:price:amount\" content=\"6.61\" \/>\n<meta property=\"product:price:currency\" content=\"EUR\" \/>\n<meta property=\"og:availability\" content=\"instock\" \/>\n<meta property=\"product:availability\" content=\"instock\" \/>\n<meta property=\"product:retailer_item_id\" content=\"074312179037\" \/>\n<meta property=\"product:condition\" content=\"new\" \/>\n<!-- \/ Yoast SEO Premium plugin. -->","yoast_head_json":{"title":"M\u00e9latonine, 3mg - 120 comprim\u00e9s - ECO Supplements","description":"Wij hebben een ruime keuze aan producten van M\u00e9latonine, 3mg - 120 comprim\u00e9s . Winkel bij Eco Supplements altijd gratis verzending boven 100\u20ac","robots":{"index":"index","follow":"follow","max-snippet":"max-snippet:-1","max-image-preview":"max-image-preview:large","max-video-preview":"max-video-preview:-1"},"canonical":"https:\/\/ecosupplements.be\/fr\/produit\/melatonine-3mg-120-comprimes-2\/","og_locale":"fr_FR","og_type":"article","og_title":"M\u00e9latonine, 3mg - 120 comprim\u00e9s","og_description":"Wij hebben een ruime keuze aan producten van M\u00e9latonine, 3mg - 120 comprim\u00e9s . Winkel bij Eco Supplements altijd gratis verzending boven 100\u20ac","og_url":"https:\/\/ecosupplements.be\/fr\/produit\/melatonine-3mg-120-comprimes-2\/","og_site_name":"ECO Supplements","article_modified_time":"2025-08-27T14:00:36+00:00","og_image":[{"width":305,"height":600,"url":"https:\/\/ecosupplements.be\/wp-content\/uploads\/2025\/08\/Melatonin-3mg-120-tablets-1.jpg","type":"image\/jpeg"}],"twitter_card":"summary_large_image","twitter_misc":{"Prix":"6.61&nbsp;&euro;","Disponibilit\u00e9":"En stock"},"schema":{"@context":"https:\/\/schema.org","@graph":[{"@type":["WebPage","ItemPage"],"@id":"https:\/\/ecosupplements.be\/fr\/produit\/melatonine-3mg-120-comprimes-2\/","url":"https:\/\/ecosupplements.be\/fr\/produit\/melatonine-3mg-120-comprimes-2\/","name":"M\u00e9latonine, 3mg - 120 comprim\u00e9s - ECO Supplements","isPartOf":{"@id":"https:\/\/ecosupplements.be\/fr\/#website"},"primaryImageOfPage":{"@id":"https:\/\/ecosupplements.be\/fr\/produit\/melatonine-3mg-120-comprimes-2\/#primaryimage"},"image":{"@id":"https:\/\/ecosupplements.be\/fr\/produit\/melatonine-3mg-120-comprimes-2\/#primaryimage"},"thumbnailUrl":"https:\/\/ecosupplements.be\/wp-content\/uploads\/2025\/08\/Melatonin-3mg-120-tablets.jpg","datePublished":"2024-03-09T13:29:55+00:00","dateModified":"2025-08-27T14:00:36+00:00","description":"Wij hebben een ruime keuze aan producten van M\u00e9latonine, 3mg - 120 comprim\u00e9s . Winkel bij Eco Supplements altijd gratis verzending boven 100\u20ac","breadcrumb":{"@id":"https:\/\/ecosupplements.be\/fr\/produit\/melatonine-3mg-120-comprimes-2\/#breadcrumb"},"inLanguage":"fr-FR","potentialAction":[{"@type":"ReadAction","target":["https:\/\/ecosupplements.be\/fr\/produit\/melatonine-3mg-120-comprimes-2\/"]}]},{"@type":"ImageObject","inLanguage":"fr-FR","@id":"https:\/\/ecosupplements.be\/fr\/produit\/melatonine-3mg-120-comprimes-2\/#primaryimage","url":"https:\/\/ecosupplements.be\/wp-content\/uploads\/2025\/08\/Melatonin-3mg-120-tablets.jpg","contentUrl":"https:\/\/ecosupplements.be\/wp-content\/uploads\/2025\/08\/Melatonin-3mg-120-tablets.jpg","width":305,"height":600},{"@type":"BreadcrumbList","@id":"https:\/\/ecosupplements.be\/fr\/produit\/melatonine-3mg-120-comprimes-2\/#breadcrumb","itemListElement":[{"@type":"ListItem","position":1,"name":"Home","item":"https:\/\/ecosupplements.be\/fr\/"},{"@type":"ListItem","position":2,"name":"Boutique","item":"https:\/\/ecosupplements.be\/fr\/boutique\/"},{"@type":"ListItem","position":3,"name":"M\u00e9latonine, 3mg &#8211; 120 comprim\u00e9s"}]},{"@type":"WebSite","@id":"https:\/\/ecosupplements.be\/fr\/#website","url":"https:\/\/ecosupplements.be\/fr\/","name":"ECO Supplements","description":"Eco Supplements - Gezonde supplementen","publisher":{"@id":"https:\/\/ecosupplements.be\/fr\/#organization"},"potentialAction":[{"@type":"SearchAction","target":{"@type":"EntryPoint","urlTemplate":"https:\/\/ecosupplements.be\/fr\/?s={search_term_string}"},"query-input":{"@type":"PropertyValueSpecification","valueRequired":true,"valueName":"search_term_string"}}],"inLanguage":"fr-FR"},{"@type":"Organization","@id":"https:\/\/ecosupplements.be\/fr\/#organization","name":"Eco Supplements","url":"https:\/\/ecosupplements.be\/fr\/","logo":{"@type":"ImageObject","inLanguage":"fr-FR","@id":"https:\/\/ecosupplements.be\/fr\/#\/schema\/logo\/image\/","url":"https:\/\/ecosupplements.be\/wp-content\/uploads\/2022\/06\/ecosupplement-family.png","contentUrl":"https:\/\/ecosupplements.be\/wp-content\/uploads\/2022\/06\/ecosupplement-family.png","width":593,"height":374,"caption":"Eco Supplements"},"image":{"@id":"https:\/\/ecosupplements.be\/fr\/#\/schema\/logo\/image\/"}}]},"product_brand":"Puritan's Pride","product_price_amount":"6.61","product_price_currency":"EUR","og_availability":"instock","product_availability":"instock","product_retailer_item_id":"074312179037","product_condition":"new"},"_links":{"self":[{"href":"https:\/\/ecosupplements.be\/fr\/wp-json\/wp\/v2\/product\/289657","targetHints":{"allow":["GET"]}}],"collection":[{"href":"https:\/\/ecosupplements.be\/fr\/wp-json\/wp\/v2\/product"}],"about":[{"href":"https:\/\/ecosupplements.be\/fr\/wp-json\/wp\/v2\/types\/product"}],"replies":[{"embeddable":true,"href":"https:\/\/ecosupplements.be\/fr\/wp-json\/wp\/v2\/comments?post=289657"}],"wp:featuredmedia":[{"embeddable":true,"href":"https:\/\/ecosupplements.be\/fr\/wp-json\/wp\/v2\/media\/265036"}],"wp:attachment":[{"href":"https:\/\/ecosupplements.be\/fr\/wp-json\/wp\/v2\/media?parent=289657"}],"wp:term":[{"taxonomy":"product_brand","embeddable":true,"href":"https:\/\/ecosupplements.be\/fr\/wp-json\/wp\/v2\/product_brand?post=289657"},{"taxonomy":"product_cat","embeddable":true,"href":"https:\/\/ecosupplements.be\/fr\/wp-json\/wp\/v2\/product_cat?post=289657"},{"taxonomy":"product_tag","embeddable":true,"href":"https:\/\/ecosupplements.be\/fr\/wp-json\/wp\/v2\/product_tag?post=289657"}],"curies":[{"name":"wp","href":"https:\/\/api.w.org\/{rel}","templated":true}]}}