{"id":289666,"date":"2024-03-09T14:30:20","date_gmt":"2024-03-09T13:30:20","guid":{"rendered":"https:\/\/ecosupplements.be\/product\/chardon-marie-90-capsules-molles\/"},"modified":"2025-08-27T15:00:44","modified_gmt":"2025-08-27T14:00:44","slug":"chardon-marie-90-capsules-molles","status":"publish","type":"product","link":"https:\/\/ecosupplements.be\/fr\/produit\/chardon-marie-90-capsules-molles\/","title":{"rendered":"Chardon-Marie &#8211; 90 capsules molles"},"content":{"rendered":"<h1>Milk Thistle &#8211; \u206390 softgels<\/h1>\n<p>Le Milk Thistle est un compl\u00e9ment\u200d alimentaire\u200c naturel\u200d \u00e0 base de chardon-marie, une plante reconnue pour\u200b ses \u2062bienfaits sur la sant\u00e9\u2063 du foie. \u200bChaque flacon contient 90 softgels, ce qui \u00e9quivaut\u200d \u00e0 un \u200bapprovisionnement de 3 mois.<\/p>\n<h2>Caract\u00e9ristiques sp\u00e9ciales:<\/h2>\n<ul>\n<li>Contient 250 mg d&#8217;extrait de \u2062chardon-marie par softgel<\/li>\n<li>Formule hautement concentr\u00e9e pour une efficacit\u00e9 maximale<\/li>\n<li>Facile\u200c \u00e0 \u200bavaler gr\u00e2ce \u00e0 sa forme\u200c en softgel<\/li>\n<li>Sans gluten, sans lactose et sans colorants\u2062 artificiels<\/li>\n<\/ul>\n<h2>Ingr\u00e9dients:<\/h2>\n<p>Chaque softgel contient \u2062250 mg d&#8217;extrait de chardon-marie (Silybum marianum) \u2063standardis\u00e9 \u00e0 80% de silymarine, un compos\u00e9\u2064 actif\u2062 aux\u2064 propri\u00e9t\u00e9s antioxydantes et anti-inflammatoires. Les autres ingr\u00e9dients incluent de l&#8217;huile de soja, de la \u200cg\u00e9latine, de la glyc\u00e9rine et de l&#8217;eau.<\/p>\n<h2>Avantages uniques:<\/h2>\n<p>Le chardon-marie\u200d est utilis\u00e9 depuis des si\u00e8cles pour ses bienfaits sur la sant\u00e9 du foie. Il aide \u00e0 prot\u00e9ger et \u00e0 r\u00e9g\u00e9n\u00e9rer les \u2062cellules h\u00e9patiques, tout en favorisant une bonne\u200c digestion et en \u00e9liminant les\u200b toxines du\u200b corps.\u2063 Le Milk Thistle de Puritan&#8217;s Pride est une \u2064formule hautement concentr\u00e9e pour une efficacit\u00e9 maximale et\u200c est fabriqu\u00e9 aux \u00c9tats-Unis dans \u200cdes installations \u200cconformes aux bonnes pratiques \u200cde fabrication.<\/p>\n<h2>Conseils d&#8217;utilisation:<\/h2>\n<p>Prenez 1 softgel par jour, de pr\u00e9f\u00e9rence\u2064 avec un repas.<\/p>\n<p>Attention: Si vous \u00eates \u2064enceinte, allaitez, prenez des m\u00e9dicaments ou souffrez d&#8217;une condition m\u00e9dicale, consultez votre m\u00e9decin avant utilisation. Cessez\u2063 l&#8217;utilisation et consultez votre m\u00e9decin\u2063 en\u200b cas d&#8217;effets ind\u00e9sirables. Tenir hors de port\u00e9e des enfants.\u2063 \u00c0 conserver dans un \u200cendroit frais et sec. Ne \u200bpas utiliser si l&#8217;opercule sous \u2062le bouchon est endommag\u00e9 ou manquant.<\/p>\n<p>Le Milk Thistle de Puritan&#8217;s Pride est un compl\u00e9ment\u200c alimentaire naturel qui peut aider\u2062 \u00e0 maintenir la sant\u00e9 de votre foie et \u200b\u00e0 favoriser une bonne \u2064digestion. Essayez-le d\u00e8s aujourd&#8217;hui et\u2063 profitez de ses nombreux bienfaits pour votre sant\u00e9.<\/p>\n","protected":false},"excerpt":{"rendered":"<p>Milk Thistle &#8211; \u206390 softgels Le Milk Thistle est un compl\u00e9ment\u200d alimentaire\u200c naturel\u200d \u00e0 base de chardon-marie, une plante reconnue pour\u200b ses \u2062bienfaits sur la sant\u00e9\u2063 du foie. \u200bChaque flacon contient 90 softgels, ce qui \u00e9quivaut\u200d \u00e0 un \u200bapprovisionnement de 3 mois. Caract\u00e9ristiques sp\u00e9ciales: Contient 250 mg d&#8217;extrait de \u2062chardon-marie par softgel Formule hautement concentr\u00e9e [&#8230;]\n","protected":false},"featured_media":265045,"comment_status":"open","ping_status":"open","template":"","meta":[],"product_brand":[5280],"product_cat":[5052,5153],"product_tag":[],"class_list":{"0":"post-289666","1":"product","2":"type-product","3":"status-publish","4":"has-post-thumbnail","6":"product_brand-puritans-pride-2","7":"product_cat-sante-et-bien-etre","8":"product_cat-soutien-du-foie","10":"first","11":"instock","12":"taxable","13":"shipping-taxable","14":"purchasable","15":"product-type-simple"},"yoast_head":"<!-- This site is optimized with the Yoast SEO Premium plugin v27.3 (Yoast SEO v27.3) - https:\/\/yoast.com\/product\/yoast-seo-premium-wordpress\/ -->\n<title>Chardon-Marie - 90 capsules molles - ECO Supplements<\/title>\n<meta name=\"description\" content=\"Wij hebben een ruime keuze aan producten van Chardon-Marie - 90 capsules molles . Winkel bij Eco Supplements altijd gratis verzending boven 100\u20ac\" \/>\n<meta name=\"robots\" content=\"index, follow, max-snippet:-1, max-image-preview:large, max-video-preview:-1\" \/>\n<link rel=\"canonical\" href=\"https:\/\/ecosupplements.be\/fr\/produit\/chardon-marie-90-capsules-molles\/\" \/>\n<meta property=\"og:locale\" content=\"fr_FR\" \/>\n<meta property=\"og:type\" content=\"article\" \/>\n<meta property=\"og:title\" content=\"Chardon-Marie - 90 capsules molles\" \/>\n<meta property=\"og:description\" content=\"Wij hebben een ruime keuze aan producten van Chardon-Marie - 90 capsules molles . Winkel bij Eco Supplements altijd gratis verzending boven 100\u20ac\" \/>\n<meta property=\"og:url\" content=\"https:\/\/ecosupplements.be\/fr\/produit\/chardon-marie-90-capsules-molles\/\" \/>\n<meta property=\"og:site_name\" content=\"ECO Supplements\" \/>\n<meta property=\"article:modified_time\" content=\"2025-08-27T14:00:44+00:00\" \/>\n<meta property=\"og:image\" content=\"https:\/\/ecosupplements.be\/wp-content\/uploads\/2025\/08\/Milk-Thistle-90-softgels-1.jpg\" \/>\n\t<meta property=\"og:image:width\" content=\"554\" \/>\n\t<meta property=\"og:image:height\" content=\"887\" \/>\n\t<meta property=\"og:image:type\" content=\"image\/jpeg\" \/>\n<meta name=\"twitter:card\" content=\"summary_large_image\" \/>\n<meta name=\"twitter:label1\" content=\"Prix\" \/>\n\t<meta name=\"twitter:data1\" content=\"10.46&nbsp;&euro;\" \/>\n\t<meta name=\"twitter:label2\" content=\"Disponibilit\u00e9\" \/>\n\t<meta name=\"twitter:data2\" content=\"En stock\" \/>\n<script type=\"application\/ld+json\" class=\"yoast-schema-graph\">{\"@context\":\"https:\\\/\\\/schema.org\",\"@graph\":[{\"@type\":[\"WebPage\",\"ItemPage\"],\"@id\":\"https:\\\/\\\/ecosupplements.be\\\/fr\\\/produit\\\/chardon-marie-90-capsules-molles\\\/\",\"url\":\"https:\\\/\\\/ecosupplements.be\\\/fr\\\/produit\\\/chardon-marie-90-capsules-molles\\\/\",\"name\":\"Chardon-Marie - 90 capsules molles - ECO Supplements\",\"isPartOf\":{\"@id\":\"https:\\\/\\\/ecosupplements.be\\\/fr\\\/#website\"},\"primaryImageOfPage\":{\"@id\":\"https:\\\/\\\/ecosupplements.be\\\/fr\\\/produit\\\/chardon-marie-90-capsules-molles\\\/#primaryimage\"},\"image\":{\"@id\":\"https:\\\/\\\/ecosupplements.be\\\/fr\\\/produit\\\/chardon-marie-90-capsules-molles\\\/#primaryimage\"},\"thumbnailUrl\":\"https:\\\/\\\/ecosupplements.be\\\/wp-content\\\/uploads\\\/2025\\\/08\\\/Milk-Thistle-90-softgels.jpg\",\"datePublished\":\"2024-03-09T13:30:20+00:00\",\"dateModified\":\"2025-08-27T14:00:44+00:00\",\"description\":\"Wij hebben een ruime keuze aan producten van Chardon-Marie - 90 capsules molles . Winkel bij Eco Supplements altijd gratis verzending boven 100\u20ac\",\"breadcrumb\":{\"@id\":\"https:\\\/\\\/ecosupplements.be\\\/fr\\\/produit\\\/chardon-marie-90-capsules-molles\\\/#breadcrumb\"},\"inLanguage\":\"fr-FR\",\"potentialAction\":[{\"@type\":\"ReadAction\",\"target\":[\"https:\\\/\\\/ecosupplements.be\\\/fr\\\/produit\\\/chardon-marie-90-capsules-molles\\\/\"]}]},{\"@type\":\"ImageObject\",\"inLanguage\":\"fr-FR\",\"@id\":\"https:\\\/\\\/ecosupplements.be\\\/fr\\\/produit\\\/chardon-marie-90-capsules-molles\\\/#primaryimage\",\"url\":\"https:\\\/\\\/ecosupplements.be\\\/wp-content\\\/uploads\\\/2025\\\/08\\\/Milk-Thistle-90-softgels.jpg\",\"contentUrl\":\"https:\\\/\\\/ecosupplements.be\\\/wp-content\\\/uploads\\\/2025\\\/08\\\/Milk-Thistle-90-softgels.jpg\",\"width\":554,\"height\":887},{\"@type\":\"BreadcrumbList\",\"@id\":\"https:\\\/\\\/ecosupplements.be\\\/fr\\\/produit\\\/chardon-marie-90-capsules-molles\\\/#breadcrumb\",\"itemListElement\":[{\"@type\":\"ListItem\",\"position\":1,\"name\":\"Home\",\"item\":\"https:\\\/\\\/ecosupplements.be\\\/fr\\\/\"},{\"@type\":\"ListItem\",\"position\":2,\"name\":\"Boutique\",\"item\":\"https:\\\/\\\/ecosupplements.be\\\/fr\\\/boutique\\\/\"},{\"@type\":\"ListItem\",\"position\":3,\"name\":\"Chardon-Marie &#8211; 90 capsules molles\"}]},{\"@type\":\"WebSite\",\"@id\":\"https:\\\/\\\/ecosupplements.be\\\/fr\\\/#website\",\"url\":\"https:\\\/\\\/ecosupplements.be\\\/fr\\\/\",\"name\":\"ECO Supplements\",\"description\":\"Eco Supplements - Gezonde supplementen\",\"publisher\":{\"@id\":\"https:\\\/\\\/ecosupplements.be\\\/fr\\\/#organization\"},\"potentialAction\":[{\"@type\":\"SearchAction\",\"target\":{\"@type\":\"EntryPoint\",\"urlTemplate\":\"https:\\\/\\\/ecosupplements.be\\\/fr\\\/?s={search_term_string}\"},\"query-input\":{\"@type\":\"PropertyValueSpecification\",\"valueRequired\":true,\"valueName\":\"search_term_string\"}}],\"inLanguage\":\"fr-FR\"},{\"@type\":\"Organization\",\"@id\":\"https:\\\/\\\/ecosupplements.be\\\/fr\\\/#organization\",\"name\":\"Eco Supplements\",\"url\":\"https:\\\/\\\/ecosupplements.be\\\/fr\\\/\",\"logo\":{\"@type\":\"ImageObject\",\"inLanguage\":\"fr-FR\",\"@id\":\"https:\\\/\\\/ecosupplements.be\\\/fr\\\/#\\\/schema\\\/logo\\\/image\\\/\",\"url\":\"https:\\\/\\\/ecosupplements.be\\\/wp-content\\\/uploads\\\/2022\\\/06\\\/ecosupplement-family.png\",\"contentUrl\":\"https:\\\/\\\/ecosupplements.be\\\/wp-content\\\/uploads\\\/2022\\\/06\\\/ecosupplement-family.png\",\"width\":593,\"height\":374,\"caption\":\"Eco Supplements\"},\"image\":{\"@id\":\"https:\\\/\\\/ecosupplements.be\\\/fr\\\/#\\\/schema\\\/logo\\\/image\\\/\"}}]}<\/script>\n<meta property=\"product:brand\" content=\"Puritan&#039;s Pride\" \/>\n<meta property=\"product:price:amount\" content=\"10.46\" \/>\n<meta property=\"product:price:currency\" content=\"EUR\" \/>\n<meta property=\"og:availability\" content=\"instock\" \/>\n<meta property=\"product:availability\" content=\"instock\" \/>\n<meta property=\"product:retailer_item_id\" content=\"074312119446\" \/>\n<meta property=\"product:condition\" content=\"new\" \/>\n<!-- \/ Yoast SEO Premium plugin. -->","yoast_head_json":{"title":"Chardon-Marie - 90 capsules molles - ECO Supplements","description":"Wij hebben een ruime keuze aan producten van Chardon-Marie - 90 capsules molles . Winkel bij Eco Supplements altijd gratis verzending boven 100\u20ac","robots":{"index":"index","follow":"follow","max-snippet":"max-snippet:-1","max-image-preview":"max-image-preview:large","max-video-preview":"max-video-preview:-1"},"canonical":"https:\/\/ecosupplements.be\/fr\/produit\/chardon-marie-90-capsules-molles\/","og_locale":"fr_FR","og_type":"article","og_title":"Chardon-Marie - 90 capsules molles","og_description":"Wij hebben een ruime keuze aan producten van Chardon-Marie - 90 capsules molles . Winkel bij Eco Supplements altijd gratis verzending boven 100\u20ac","og_url":"https:\/\/ecosupplements.be\/fr\/produit\/chardon-marie-90-capsules-molles\/","og_site_name":"ECO Supplements","article_modified_time":"2025-08-27T14:00:44+00:00","og_image":[{"width":554,"height":887,"url":"https:\/\/ecosupplements.be\/wp-content\/uploads\/2025\/08\/Milk-Thistle-90-softgels-1.jpg","type":"image\/jpeg"}],"twitter_card":"summary_large_image","twitter_misc":{"Prix":"10.46&nbsp;&euro;","Disponibilit\u00e9":"En stock"},"schema":{"@context":"https:\/\/schema.org","@graph":[{"@type":["WebPage","ItemPage"],"@id":"https:\/\/ecosupplements.be\/fr\/produit\/chardon-marie-90-capsules-molles\/","url":"https:\/\/ecosupplements.be\/fr\/produit\/chardon-marie-90-capsules-molles\/","name":"Chardon-Marie - 90 capsules molles - ECO Supplements","isPartOf":{"@id":"https:\/\/ecosupplements.be\/fr\/#website"},"primaryImageOfPage":{"@id":"https:\/\/ecosupplements.be\/fr\/produit\/chardon-marie-90-capsules-molles\/#primaryimage"},"image":{"@id":"https:\/\/ecosupplements.be\/fr\/produit\/chardon-marie-90-capsules-molles\/#primaryimage"},"thumbnailUrl":"https:\/\/ecosupplements.be\/wp-content\/uploads\/2025\/08\/Milk-Thistle-90-softgels.jpg","datePublished":"2024-03-09T13:30:20+00:00","dateModified":"2025-08-27T14:00:44+00:00","description":"Wij hebben een ruime keuze aan producten van Chardon-Marie - 90 capsules molles . Winkel bij Eco Supplements altijd gratis verzending boven 100\u20ac","breadcrumb":{"@id":"https:\/\/ecosupplements.be\/fr\/produit\/chardon-marie-90-capsules-molles\/#breadcrumb"},"inLanguage":"fr-FR","potentialAction":[{"@type":"ReadAction","target":["https:\/\/ecosupplements.be\/fr\/produit\/chardon-marie-90-capsules-molles\/"]}]},{"@type":"ImageObject","inLanguage":"fr-FR","@id":"https:\/\/ecosupplements.be\/fr\/produit\/chardon-marie-90-capsules-molles\/#primaryimage","url":"https:\/\/ecosupplements.be\/wp-content\/uploads\/2025\/08\/Milk-Thistle-90-softgels.jpg","contentUrl":"https:\/\/ecosupplements.be\/wp-content\/uploads\/2025\/08\/Milk-Thistle-90-softgels.jpg","width":554,"height":887},{"@type":"BreadcrumbList","@id":"https:\/\/ecosupplements.be\/fr\/produit\/chardon-marie-90-capsules-molles\/#breadcrumb","itemListElement":[{"@type":"ListItem","position":1,"name":"Home","item":"https:\/\/ecosupplements.be\/fr\/"},{"@type":"ListItem","position":2,"name":"Boutique","item":"https:\/\/ecosupplements.be\/fr\/boutique\/"},{"@type":"ListItem","position":3,"name":"Chardon-Marie &#8211; 90 capsules molles"}]},{"@type":"WebSite","@id":"https:\/\/ecosupplements.be\/fr\/#website","url":"https:\/\/ecosupplements.be\/fr\/","name":"ECO Supplements","description":"Eco Supplements - Gezonde supplementen","publisher":{"@id":"https:\/\/ecosupplements.be\/fr\/#organization"},"potentialAction":[{"@type":"SearchAction","target":{"@type":"EntryPoint","urlTemplate":"https:\/\/ecosupplements.be\/fr\/?s={search_term_string}"},"query-input":{"@type":"PropertyValueSpecification","valueRequired":true,"valueName":"search_term_string"}}],"inLanguage":"fr-FR"},{"@type":"Organization","@id":"https:\/\/ecosupplements.be\/fr\/#organization","name":"Eco Supplements","url":"https:\/\/ecosupplements.be\/fr\/","logo":{"@type":"ImageObject","inLanguage":"fr-FR","@id":"https:\/\/ecosupplements.be\/fr\/#\/schema\/logo\/image\/","url":"https:\/\/ecosupplements.be\/wp-content\/uploads\/2022\/06\/ecosupplement-family.png","contentUrl":"https:\/\/ecosupplements.be\/wp-content\/uploads\/2022\/06\/ecosupplement-family.png","width":593,"height":374,"caption":"Eco Supplements"},"image":{"@id":"https:\/\/ecosupplements.be\/fr\/#\/schema\/logo\/image\/"}}]},"product_brand":"Puritan's Pride","product_price_amount":"10.46","product_price_currency":"EUR","og_availability":"instock","product_availability":"instock","product_retailer_item_id":"074312119446","product_condition":"new"},"_links":{"self":[{"href":"https:\/\/ecosupplements.be\/fr\/wp-json\/wp\/v2\/product\/289666","targetHints":{"allow":["GET"]}}],"collection":[{"href":"https:\/\/ecosupplements.be\/fr\/wp-json\/wp\/v2\/product"}],"about":[{"href":"https:\/\/ecosupplements.be\/fr\/wp-json\/wp\/v2\/types\/product"}],"replies":[{"embeddable":true,"href":"https:\/\/ecosupplements.be\/fr\/wp-json\/wp\/v2\/comments?post=289666"}],"wp:featuredmedia":[{"embeddable":true,"href":"https:\/\/ecosupplements.be\/fr\/wp-json\/wp\/v2\/media\/265045"}],"wp:attachment":[{"href":"https:\/\/ecosupplements.be\/fr\/wp-json\/wp\/v2\/media?parent=289666"}],"wp:term":[{"taxonomy":"product_brand","embeddable":true,"href":"https:\/\/ecosupplements.be\/fr\/wp-json\/wp\/v2\/product_brand?post=289666"},{"taxonomy":"product_cat","embeddable":true,"href":"https:\/\/ecosupplements.be\/fr\/wp-json\/wp\/v2\/product_cat?post=289666"},{"taxonomy":"product_tag","embeddable":true,"href":"https:\/\/ecosupplements.be\/fr\/wp-json\/wp\/v2\/product_tag?post=289666"}],"curies":[{"name":"wp","href":"https:\/\/api.w.org\/{rel}","templated":true}]}}