{"id":289669,"date":"2024-03-06T22:52:55","date_gmt":"2024-03-06T21:52:55","guid":{"rendered":"https:\/\/ecosupplements.be\/product\/vitamine-d3-super-puissante-50mcg-200-capsules-molles\/"},"modified":"2025-08-27T15:00:46","modified_gmt":"2025-08-27T14:00:46","slug":"vitamine-d3-super-puissante-50mcg-200-capsules-molles","status":"publish","type":"product","link":"https:\/\/ecosupplements.be\/fr\/produit\/vitamine-d3-super-puissante-50mcg-200-capsules-molles\/","title":{"rendered":"Vitamine D3 Super-Puissante, 50mcg &#8211; 200 capsules molles"},"content":{"rendered":"<h1>Super-Potency Vitamin D3, 50mcg &#8211; 200 softgels<\/h1>\n<p>Obtenez\u2062 votre dose quotidienne de \u200bvitamine D avec les g\u00e9lules \u2063Super-Potency Vitamin\u2063 D3 de Puritan&#8217;s Pride.\u2062 Chaque g\u00e9lule contient 50mcg\u200c de vitamine \u2064D3, la forme la plus efficace de \u2062vitamine D pour une \u2064absorption\u2063 optimale par l&#8217;organisme.<\/p>\n<h2>Caract\u00e9ristiques\u200d sp\u00e9ciales:<\/h2>\n<ul>\n<li>200 g\u00e9lules par bouteille<\/li>\n<li>50mcg de vitamine\u200b D3 par g\u00e9lule<\/li>\n<li>Formule\u2062 super-puissante pour une dose quotidienne optimale<\/li>\n<li>Facile \u00e0 \u2062avaler et \u00e0 dig\u00e9rer<\/li>\n<li>Fabriqu\u00e9 aux \u00c9tats-Unis avec des ingr\u00e9dients de\u200b haute qualit\u00e9<\/li>\n<\/ul>\n<h2>Ingr\u00e9dients:<\/h2>\n<p>Chaque g\u00e9lule contient 50mcg \u2063de\u200c vitamine D3 (chol\u00e9calcif\u00e9rol) et \u200ddes ingr\u00e9dients inactifs tels que de l&#8217;huile \u2062de soja, de la g\u00e9latine, \u2063de la glyc\u00e9rine et de l&#8217;eau \u200bpurifi\u00e9e.<\/p>\n<h2>Avantages uniques:<\/h2>\n<p>La vitamine D est\u2064 essentielle pour \u2062la sant\u00e9 des os,\u200b des dents et\u2062 du syst\u00e8me \u200cimmunitaire. Elle aide \u00e9galement \u00e0 r\u00e9guler l&#8217;absorption du calcium \u200det du phosphore dans \u2062l&#8217;organisme. Les g\u00e9lules \u200bSuper-Potency Vitamin \u2064D3 de\u2064 Puritan&#8217;s Pride offrent une\u200b dose puissante de vitamine D pour soutenir une bonne \u200csant\u00e9 globale.<\/p>\n<h2>Principales\u2063 caract\u00e9ristiques:<\/h2>\n<ul>\n<li>Facile \u00e0 int\u00e9grer dans votre routine quotidienne de suppl\u00e9ments<\/li>\n<li>Convient aux v\u00e9g\u00e9tariens<\/li>\n<li>Ne contient pas de \u200cgluten, de lactose, de colorants artificiels ou d&#8217;ar\u00f4mes<\/li>\n<li>Test\u00e9 en laboratoire pour \u2063garantir \u2064la \u200cpuret\u00e9 et la qualit\u00e9<\/li>\n<\/ul>\n<p>Prenez \u2062soin\u2063 de votre sant\u00e9 avec \u2062les g\u00e9lules\u2064 Super-Potency Vitamin D3 de Puritan&#8217;s Pride. Commandez\u2064 d\u00e8s maintenant \u2063et\u200c profitez des bienfaits de la vitamine D pour une vie saine et \u200b\u00e9quilibr\u00e9e.<\/p>\n","protected":false},"excerpt":{"rendered":"<p>Super-Potency Vitamin D3, 50mcg &#8211; 200 softgels Obtenez\u2062 votre dose quotidienne de \u200bvitamine D avec les g\u00e9lules \u2063Super-Potency Vitamin\u2063 D3 de Puritan&#8217;s Pride.\u2062 Chaque g\u00e9lule contient 50mcg\u200c de vitamine \u2064D3, la forme la plus efficace de \u2062vitamine D pour une \u2064absorption\u2063 optimale par l&#8217;organisme. Caract\u00e9ristiques\u200d sp\u00e9ciales: 200 g\u00e9lules par bouteille 50mcg de vitamine\u200b D3 par [&#8230;]\n","protected":false},"featured_media":263027,"comment_status":"open","ping_status":"open","template":"","meta":[],"product_brand":[5280],"product_cat":[5052,5053,5059],"product_tag":[],"class_list":{"0":"post-289669","1":"product","2":"type-product","3":"status-publish","4":"has-post-thumbnail","6":"product_brand-puritans-pride-2","7":"product_cat-sante-et-bien-etre","8":"product_cat-vitamines-et-mineraux","9":"product_cat-vitamines-simples","11":"first","12":"instock","13":"taxable","14":"shipping-taxable","15":"purchasable","16":"product-type-simple"},"yoast_head":"<!-- This site is optimized with the Yoast SEO Premium plugin v27.3 (Yoast SEO v27.3) - https:\/\/yoast.com\/product\/yoast-seo-premium-wordpress\/ -->\n<title>Vitamine D3 Super-Puissante, 50mcg - 200 capsules molles - ECO Supplements<\/title>\n<meta name=\"description\" content=\"Wij hebben een ruime keuze aan producten van Vitamine D3 Super-Puissante, 50mcg - 200 capsules molles . Winkel bij Eco Supplements altijd gratis verzending boven 100\u20ac\" \/>\n<meta name=\"robots\" content=\"index, follow, max-snippet:-1, max-image-preview:large, max-video-preview:-1\" \/>\n<link rel=\"canonical\" href=\"https:\/\/ecosupplements.be\/fr\/produit\/vitamine-d3-super-puissante-50mcg-200-capsules-molles\/\" \/>\n<meta property=\"og:locale\" content=\"fr_FR\" \/>\n<meta property=\"og:type\" content=\"article\" \/>\n<meta property=\"og:title\" content=\"Vitamine D3 Super-Puissante, 50mcg - 200 capsules molles\" \/>\n<meta property=\"og:description\" content=\"Wij hebben een ruime keuze aan producten van Vitamine D3 Super-Puissante, 50mcg - 200 capsules molles . Winkel bij Eco Supplements altijd gratis verzending boven 100\u20ac\" \/>\n<meta property=\"og:url\" content=\"https:\/\/ecosupplements.be\/fr\/produit\/vitamine-d3-super-puissante-50mcg-200-capsules-molles\/\" \/>\n<meta property=\"og:site_name\" content=\"ECO Supplements\" \/>\n<meta property=\"article:modified_time\" content=\"2025-08-27T14:00:46+00:00\" \/>\n<meta property=\"og:image\" content=\"https:\/\/ecosupplements.be\/wp-content\/uploads\/2025\/08\/Super-Potency-Vitamin-D3-50mcg-200-softgels-1.jpg\" \/>\n\t<meta property=\"og:image:width\" content=\"317\" \/>\n\t<meta property=\"og:image:height\" content=\"600\" \/>\n\t<meta property=\"og:image:type\" content=\"image\/jpeg\" \/>\n<meta name=\"twitter:card\" content=\"summary_large_image\" \/>\n<meta name=\"twitter:label1\" content=\"Prix\" \/>\n\t<meta name=\"twitter:data1\" content=\"9.89&nbsp;&euro;\" \/>\n\t<meta name=\"twitter:label2\" content=\"Disponibilit\u00e9\" \/>\n\t<meta name=\"twitter:data2\" content=\"En stock\" \/>\n<script type=\"application\/ld+json\" class=\"yoast-schema-graph\">{\"@context\":\"https:\\\/\\\/schema.org\",\"@graph\":[{\"@type\":[\"WebPage\",\"ItemPage\"],\"@id\":\"https:\\\/\\\/ecosupplements.be\\\/fr\\\/produit\\\/vitamine-d3-super-puissante-50mcg-200-capsules-molles\\\/\",\"url\":\"https:\\\/\\\/ecosupplements.be\\\/fr\\\/produit\\\/vitamine-d3-super-puissante-50mcg-200-capsules-molles\\\/\",\"name\":\"Vitamine D3 Super-Puissante, 50mcg - 200 capsules molles - ECO Supplements\",\"isPartOf\":{\"@id\":\"https:\\\/\\\/ecosupplements.be\\\/fr\\\/#website\"},\"primaryImageOfPage\":{\"@id\":\"https:\\\/\\\/ecosupplements.be\\\/fr\\\/produit\\\/vitamine-d3-super-puissante-50mcg-200-capsules-molles\\\/#primaryimage\"},\"image\":{\"@id\":\"https:\\\/\\\/ecosupplements.be\\\/fr\\\/produit\\\/vitamine-d3-super-puissante-50mcg-200-capsules-molles\\\/#primaryimage\"},\"thumbnailUrl\":\"https:\\\/\\\/ecosupplements.be\\\/wp-content\\\/uploads\\\/2025\\\/08\\\/Super-Potency-Vitamin-D3-50mcg-200-softgels.jpg\",\"datePublished\":\"2024-03-06T21:52:55+00:00\",\"dateModified\":\"2025-08-27T14:00:46+00:00\",\"description\":\"Wij hebben een ruime keuze aan producten van Vitamine D3 Super-Puissante, 50mcg - 200 capsules molles . Winkel bij Eco Supplements altijd gratis verzending boven 100\u20ac\",\"breadcrumb\":{\"@id\":\"https:\\\/\\\/ecosupplements.be\\\/fr\\\/produit\\\/vitamine-d3-super-puissante-50mcg-200-capsules-molles\\\/#breadcrumb\"},\"inLanguage\":\"fr-FR\",\"potentialAction\":[{\"@type\":\"ReadAction\",\"target\":[\"https:\\\/\\\/ecosupplements.be\\\/fr\\\/produit\\\/vitamine-d3-super-puissante-50mcg-200-capsules-molles\\\/\"]}]},{\"@type\":\"ImageObject\",\"inLanguage\":\"fr-FR\",\"@id\":\"https:\\\/\\\/ecosupplements.be\\\/fr\\\/produit\\\/vitamine-d3-super-puissante-50mcg-200-capsules-molles\\\/#primaryimage\",\"url\":\"https:\\\/\\\/ecosupplements.be\\\/wp-content\\\/uploads\\\/2025\\\/08\\\/Super-Potency-Vitamin-D3-50mcg-200-softgels.jpg\",\"contentUrl\":\"https:\\\/\\\/ecosupplements.be\\\/wp-content\\\/uploads\\\/2025\\\/08\\\/Super-Potency-Vitamin-D3-50mcg-200-softgels.jpg\",\"width\":317,\"height\":600},{\"@type\":\"BreadcrumbList\",\"@id\":\"https:\\\/\\\/ecosupplements.be\\\/fr\\\/produit\\\/vitamine-d3-super-puissante-50mcg-200-capsules-molles\\\/#breadcrumb\",\"itemListElement\":[{\"@type\":\"ListItem\",\"position\":1,\"name\":\"Home\",\"item\":\"https:\\\/\\\/ecosupplements.be\\\/fr\\\/\"},{\"@type\":\"ListItem\",\"position\":2,\"name\":\"Boutique\",\"item\":\"https:\\\/\\\/ecosupplements.be\\\/fr\\\/boutique\\\/\"},{\"@type\":\"ListItem\",\"position\":3,\"name\":\"Vitamine D3 Super-Puissante, 50mcg &#8211; 200 capsules molles\"}]},{\"@type\":\"WebSite\",\"@id\":\"https:\\\/\\\/ecosupplements.be\\\/fr\\\/#website\",\"url\":\"https:\\\/\\\/ecosupplements.be\\\/fr\\\/\",\"name\":\"ECO Supplements\",\"description\":\"Eco Supplements - Gezonde supplementen\",\"publisher\":{\"@id\":\"https:\\\/\\\/ecosupplements.be\\\/fr\\\/#organization\"},\"potentialAction\":[{\"@type\":\"SearchAction\",\"target\":{\"@type\":\"EntryPoint\",\"urlTemplate\":\"https:\\\/\\\/ecosupplements.be\\\/fr\\\/?s={search_term_string}\"},\"query-input\":{\"@type\":\"PropertyValueSpecification\",\"valueRequired\":true,\"valueName\":\"search_term_string\"}}],\"inLanguage\":\"fr-FR\"},{\"@type\":\"Organization\",\"@id\":\"https:\\\/\\\/ecosupplements.be\\\/fr\\\/#organization\",\"name\":\"Eco Supplements\",\"url\":\"https:\\\/\\\/ecosupplements.be\\\/fr\\\/\",\"logo\":{\"@type\":\"ImageObject\",\"inLanguage\":\"fr-FR\",\"@id\":\"https:\\\/\\\/ecosupplements.be\\\/fr\\\/#\\\/schema\\\/logo\\\/image\\\/\",\"url\":\"https:\\\/\\\/ecosupplements.be\\\/wp-content\\\/uploads\\\/2022\\\/06\\\/ecosupplement-family.png\",\"contentUrl\":\"https:\\\/\\\/ecosupplements.be\\\/wp-content\\\/uploads\\\/2022\\\/06\\\/ecosupplement-family.png\",\"width\":593,\"height\":374,\"caption\":\"Eco Supplements\"},\"image\":{\"@id\":\"https:\\\/\\\/ecosupplements.be\\\/fr\\\/#\\\/schema\\\/logo\\\/image\\\/\"}}]}<\/script>\n<meta property=\"product:brand\" content=\"Puritan&#039;s Pride\" \/>\n<meta property=\"product:price:amount\" content=\"9.89\" \/>\n<meta property=\"product:price:currency\" content=\"EUR\" \/>\n<meta property=\"og:availability\" content=\"instock\" \/>\n<meta property=\"product:availability\" content=\"instock\" \/>\n<meta property=\"product:retailer_item_id\" content=\"025077176182\" \/>\n<meta property=\"product:condition\" content=\"new\" \/>\n<!-- \/ Yoast SEO Premium plugin. -->","yoast_head_json":{"title":"Vitamine D3 Super-Puissante, 50mcg - 200 capsules molles - ECO Supplements","description":"Wij hebben een ruime keuze aan producten van Vitamine D3 Super-Puissante, 50mcg - 200 capsules molles . Winkel bij Eco Supplements altijd gratis verzending boven 100\u20ac","robots":{"index":"index","follow":"follow","max-snippet":"max-snippet:-1","max-image-preview":"max-image-preview:large","max-video-preview":"max-video-preview:-1"},"canonical":"https:\/\/ecosupplements.be\/fr\/produit\/vitamine-d3-super-puissante-50mcg-200-capsules-molles\/","og_locale":"fr_FR","og_type":"article","og_title":"Vitamine D3 Super-Puissante, 50mcg - 200 capsules molles","og_description":"Wij hebben een ruime keuze aan producten van Vitamine D3 Super-Puissante, 50mcg - 200 capsules molles . Winkel bij Eco Supplements altijd gratis verzending boven 100\u20ac","og_url":"https:\/\/ecosupplements.be\/fr\/produit\/vitamine-d3-super-puissante-50mcg-200-capsules-molles\/","og_site_name":"ECO Supplements","article_modified_time":"2025-08-27T14:00:46+00:00","og_image":[{"width":317,"height":600,"url":"https:\/\/ecosupplements.be\/wp-content\/uploads\/2025\/08\/Super-Potency-Vitamin-D3-50mcg-200-softgels-1.jpg","type":"image\/jpeg"}],"twitter_card":"summary_large_image","twitter_misc":{"Prix":"9.89&nbsp;&euro;","Disponibilit\u00e9":"En stock"},"schema":{"@context":"https:\/\/schema.org","@graph":[{"@type":["WebPage","ItemPage"],"@id":"https:\/\/ecosupplements.be\/fr\/produit\/vitamine-d3-super-puissante-50mcg-200-capsules-molles\/","url":"https:\/\/ecosupplements.be\/fr\/produit\/vitamine-d3-super-puissante-50mcg-200-capsules-molles\/","name":"Vitamine D3 Super-Puissante, 50mcg - 200 capsules molles - ECO Supplements","isPartOf":{"@id":"https:\/\/ecosupplements.be\/fr\/#website"},"primaryImageOfPage":{"@id":"https:\/\/ecosupplements.be\/fr\/produit\/vitamine-d3-super-puissante-50mcg-200-capsules-molles\/#primaryimage"},"image":{"@id":"https:\/\/ecosupplements.be\/fr\/produit\/vitamine-d3-super-puissante-50mcg-200-capsules-molles\/#primaryimage"},"thumbnailUrl":"https:\/\/ecosupplements.be\/wp-content\/uploads\/2025\/08\/Super-Potency-Vitamin-D3-50mcg-200-softgels.jpg","datePublished":"2024-03-06T21:52:55+00:00","dateModified":"2025-08-27T14:00:46+00:00","description":"Wij hebben een ruime keuze aan producten van Vitamine D3 Super-Puissante, 50mcg - 200 capsules molles . Winkel bij Eco Supplements altijd gratis verzending boven 100\u20ac","breadcrumb":{"@id":"https:\/\/ecosupplements.be\/fr\/produit\/vitamine-d3-super-puissante-50mcg-200-capsules-molles\/#breadcrumb"},"inLanguage":"fr-FR","potentialAction":[{"@type":"ReadAction","target":["https:\/\/ecosupplements.be\/fr\/produit\/vitamine-d3-super-puissante-50mcg-200-capsules-molles\/"]}]},{"@type":"ImageObject","inLanguage":"fr-FR","@id":"https:\/\/ecosupplements.be\/fr\/produit\/vitamine-d3-super-puissante-50mcg-200-capsules-molles\/#primaryimage","url":"https:\/\/ecosupplements.be\/wp-content\/uploads\/2025\/08\/Super-Potency-Vitamin-D3-50mcg-200-softgels.jpg","contentUrl":"https:\/\/ecosupplements.be\/wp-content\/uploads\/2025\/08\/Super-Potency-Vitamin-D3-50mcg-200-softgels.jpg","width":317,"height":600},{"@type":"BreadcrumbList","@id":"https:\/\/ecosupplements.be\/fr\/produit\/vitamine-d3-super-puissante-50mcg-200-capsules-molles\/#breadcrumb","itemListElement":[{"@type":"ListItem","position":1,"name":"Home","item":"https:\/\/ecosupplements.be\/fr\/"},{"@type":"ListItem","position":2,"name":"Boutique","item":"https:\/\/ecosupplements.be\/fr\/boutique\/"},{"@type":"ListItem","position":3,"name":"Vitamine D3 Super-Puissante, 50mcg &#8211; 200 capsules molles"}]},{"@type":"WebSite","@id":"https:\/\/ecosupplements.be\/fr\/#website","url":"https:\/\/ecosupplements.be\/fr\/","name":"ECO Supplements","description":"Eco Supplements - Gezonde supplementen","publisher":{"@id":"https:\/\/ecosupplements.be\/fr\/#organization"},"potentialAction":[{"@type":"SearchAction","target":{"@type":"EntryPoint","urlTemplate":"https:\/\/ecosupplements.be\/fr\/?s={search_term_string}"},"query-input":{"@type":"PropertyValueSpecification","valueRequired":true,"valueName":"search_term_string"}}],"inLanguage":"fr-FR"},{"@type":"Organization","@id":"https:\/\/ecosupplements.be\/fr\/#organization","name":"Eco Supplements","url":"https:\/\/ecosupplements.be\/fr\/","logo":{"@type":"ImageObject","inLanguage":"fr-FR","@id":"https:\/\/ecosupplements.be\/fr\/#\/schema\/logo\/image\/","url":"https:\/\/ecosupplements.be\/wp-content\/uploads\/2022\/06\/ecosupplement-family.png","contentUrl":"https:\/\/ecosupplements.be\/wp-content\/uploads\/2022\/06\/ecosupplement-family.png","width":593,"height":374,"caption":"Eco Supplements"},"image":{"@id":"https:\/\/ecosupplements.be\/fr\/#\/schema\/logo\/image\/"}}]},"product_brand":"Puritan's Pride","product_price_amount":"9.89","product_price_currency":"EUR","og_availability":"instock","product_availability":"instock","product_retailer_item_id":"025077176182","product_condition":"new"},"_links":{"self":[{"href":"https:\/\/ecosupplements.be\/fr\/wp-json\/wp\/v2\/product\/289669","targetHints":{"allow":["GET"]}}],"collection":[{"href":"https:\/\/ecosupplements.be\/fr\/wp-json\/wp\/v2\/product"}],"about":[{"href":"https:\/\/ecosupplements.be\/fr\/wp-json\/wp\/v2\/types\/product"}],"replies":[{"embeddable":true,"href":"https:\/\/ecosupplements.be\/fr\/wp-json\/wp\/v2\/comments?post=289669"}],"wp:featuredmedia":[{"embeddable":true,"href":"https:\/\/ecosupplements.be\/fr\/wp-json\/wp\/v2\/media\/263027"}],"wp:attachment":[{"href":"https:\/\/ecosupplements.be\/fr\/wp-json\/wp\/v2\/media?parent=289669"}],"wp:term":[{"taxonomy":"product_brand","embeddable":true,"href":"https:\/\/ecosupplements.be\/fr\/wp-json\/wp\/v2\/product_brand?post=289669"},{"taxonomy":"product_cat","embeddable":true,"href":"https:\/\/ecosupplements.be\/fr\/wp-json\/wp\/v2\/product_cat?post=289669"},{"taxonomy":"product_tag","embeddable":true,"href":"https:\/\/ecosupplements.be\/fr\/wp-json\/wp\/v2\/product_tag?post=289669"}],"curies":[{"name":"wp","href":"https:\/\/api.w.org\/{rel}","templated":true}]}}