{"id":289687,"date":"2024-03-14T11:41:10","date_gmt":"2024-03-14T10:41:10","guid":{"rendered":"https:\/\/ecosupplements.be\/product\/complexe-b-60-gelules-vegetales\/"},"modified":"2025-08-27T15:01:03","modified_gmt":"2025-08-27T14:01:03","slug":"complexe-b-60-gelules-vegetales","status":"publish","type":"product","link":"https:\/\/ecosupplements.be\/fr\/produit\/complexe-b-60-gelules-vegetales\/","title":{"rendered":"Complexe B &#8211; 60 g\u00e9lules v\u00e9g\u00e9tales"},"content":{"rendered":"<h1>B-Complex &#8211; 60 vcaps<\/h1>\n<p>Le\u2062 B-Complex \u2064de Revive \u200dest un compl\u00e9ment alimentaire essentiel pour maintenir\u2064 un mode\u2063 de vie sain \u2063et \u00e9quilibr\u00e9. Chaque flacon contient 60 capsules v\u00e9g\u00e9tales, ce qui en fait un choix pratique pour une utilisation quotidienne.<\/p>\n<h2>Ingr\u00e9dients cl\u00e9s<\/h2>\n<ul>\n<li>Vitamine B1 (thiamine) &#8211; aide \u00e0 convertir\u2063 les aliments en \u2062\u00e9nergie et \u00e0 maintenir la sant\u00e9 du\u200c syst\u00e8me nerveux<\/li>\n<li>Vitamine\u2063 B2 (riboflavine) &#8211; joue un r\u00f4le important dans la production d&#8217;\u00e9nergie et le maintien de la sant\u00e9 des yeux et de la peau<\/li>\n<li>Vitamine B3 (niacine) &#8211; aide \u00e0 maintenir un taux de cholest\u00e9rol \u200bsain\u2063 et \u00e0 soutenir la sant\u00e9 du syst\u00e8me digestif<\/li>\n<li>Vitamine B5 (acide pantoth\u00e9nique) &#8211; \u2064joue un r\u00f4le \u200bcl\u00e9 dans la production d&#8217;hormones et la sant\u00e9 du syst\u00e8me immunitaire<\/li>\n<li>Vitamine\u200c B6 (pyridoxine) &#8211; essentielle \u200cpour la production de globules rouges et le maintien de la sant\u00e9 du cerveau et \u200cdu syst\u00e8me nerveux<\/li>\n<li>Vitamine B7 (biotine) &#8211; importante pour\u2064 la sant\u00e9 des cheveux, \u2063de la peau et des ongles<\/li>\n<li>Vitamine B9 (acide folique) &#8211; essentielle pour la croissance et le d\u00e9veloppement cellulaire, en particulier pendant la grossesse<\/li>\n<li>Vitamine B12 (cobalamine) &#8211; joue \u200dun \u2064r\u00f4le cl\u00e9 dans la production de globules rouges et le maintien de la sant\u00e9 du syst\u00e8me nerveux<\/li>\n<\/ul>\n<h2>Avantages uniques<\/h2>\n<ul>\n<li>Formule compl\u00e8te de vitamines B\u200d pour un soutien optimal de la sant\u00e9<\/li>\n<li>Capsules\u200c v\u00e9g\u00e9tales faciles \u00e0 avaler<\/li>\n<li>Convient \u200daux v\u00e9g\u00e9tariens et v\u00e9g\u00e9taliens<\/li>\n<li>Sans gluten, sans produits \u200dlaitiers et sans OGM<\/li>\n<li>Fabriqu\u00e9 aux \u00c9tats-Unis dans \u200cune installation certifi\u00e9e GMP<\/li>\n<\/ul>\n<h2>Utilisation sugg\u00e9r\u00e9e<\/h2>\n<p>Prenez 1 capsule par jour avec de\u200b la nourriture, ou selon les directives\u200b d&#8217;un professionnel de la sant\u00e9.<\/p>\n<p>Ne pas d\u00e9passer la dose recommand\u00e9e. Consultez un professionnel de la sant\u00e9 avant \u200cde prendre ce produit si vous \u00eates enceinte, allaitez,\u200b prenez des m\u00e9dicaments ou si vous\u200d avez un\u2063 probl\u00e8me de sant\u00e9.<\/p>\n<p>Conservez dans un endroit frais et sec, \u00e0 l&#8217;abri de la \u2063lumi\u00e8re directe du soleil.<\/p>\n<p>Le B-Complex de\u200b Revive est un compl\u00e9ment alimentaire essentiel pour maintenir un mode de vie \u2064sain et \u00e9quilibr\u00e9. Ajoutez-le \u00e0 votre routine quotidienne pour un soutien optimal de la sant\u00e9.<\/p>\n","protected":false},"excerpt":{"rendered":"<p>B-Complex &#8211; 60 vcaps Le\u2062 B-Complex \u2064de Revive \u200dest un compl\u00e9ment alimentaire essentiel pour maintenir\u2064 un mode\u2063 de vie sain \u2063et \u00e9quilibr\u00e9. Chaque flacon contient 60 capsules v\u00e9g\u00e9tales, ce qui en fait un choix pratique pour une utilisation quotidienne. Ingr\u00e9dients cl\u00e9s Vitamine B1 (thiamine) &#8211; aide \u00e0 convertir\u2063 les aliments en \u2062\u00e9nergie et \u00e0 maintenir [&#8230;]\n","protected":false},"featured_media":265225,"comment_status":"open","ping_status":"open","template":"","meta":[],"product_brand":[4759],"product_cat":[5096,5052],"product_tag":[],"class_list":{"0":"post-289687","1":"product","2":"type-product","3":"status-publish","4":"has-post-thumbnail","6":"product_brand-revive-2","7":"product_cat-concentration-mentale-et-memoire","8":"product_cat-sante-et-bien-etre","10":"first","11":"outofstock","12":"taxable","13":"shipping-taxable","14":"purchasable","15":"product-type-simple"},"yoast_head":"<!-- This site is optimized with the Yoast SEO Premium plugin v27.3 (Yoast SEO v27.3) - https:\/\/yoast.com\/product\/yoast-seo-premium-wordpress\/ -->\n<title>Complexe B - 60 g\u00e9lules v\u00e9g\u00e9tales - ECO Supplements<\/title>\n<meta name=\"description\" content=\"Wij hebben een ruime keuze aan producten van Complexe B - 60 g\u00e9lules v\u00e9g\u00e9tales . Winkel bij Eco Supplements altijd gratis verzending boven 100\u20ac\" \/>\n<meta name=\"robots\" content=\"index, follow, max-snippet:-1, max-image-preview:large, max-video-preview:-1\" \/>\n<link rel=\"canonical\" href=\"https:\/\/ecosupplements.be\/fr\/produit\/complexe-b-60-gelules-vegetales\/\" \/>\n<meta property=\"og:locale\" content=\"fr_FR\" \/>\n<meta property=\"og:type\" content=\"article\" \/>\n<meta property=\"og:title\" content=\"Complexe B - 60 g\u00e9lules v\u00e9g\u00e9tales\" \/>\n<meta property=\"og:description\" content=\"Wij hebben een ruime keuze aan producten van Complexe B - 60 g\u00e9lules v\u00e9g\u00e9tales . Winkel bij Eco Supplements altijd gratis verzending boven 100\u20ac\" \/>\n<meta property=\"og:url\" content=\"https:\/\/ecosupplements.be\/fr\/produit\/complexe-b-60-gelules-vegetales\/\" \/>\n<meta property=\"og:site_name\" content=\"ECO Supplements\" \/>\n<meta property=\"article:modified_time\" content=\"2025-08-27T14:01:03+00:00\" \/>\n<meta property=\"og:image\" content=\"https:\/\/ecosupplements.be\/wp-content\/uploads\/2025\/08\/B-Complex-60-vcaps-1.jpg\" \/>\n\t<meta property=\"og:image:width\" content=\"495\" \/>\n\t<meta property=\"og:image:height\" content=\"679\" \/>\n\t<meta property=\"og:image:type\" content=\"image\/jpeg\" \/>\n<meta name=\"twitter:card\" content=\"summary_large_image\" \/>\n<meta name=\"twitter:label1\" content=\"Prix\" \/>\n\t<meta name=\"twitter:data1\" content=\"23.90&nbsp;&euro;\" \/>\n\t<meta name=\"twitter:label2\" content=\"Disponibilit\u00e9\" \/>\n\t<meta name=\"twitter:data2\" content=\"Rupture de stock\" \/>\n<script type=\"application\/ld+json\" class=\"yoast-schema-graph\">{\"@context\":\"https:\\\/\\\/schema.org\",\"@graph\":[{\"@type\":[\"WebPage\",\"ItemPage\"],\"@id\":\"https:\\\/\\\/ecosupplements.be\\\/fr\\\/produit\\\/complexe-b-60-gelules-vegetales\\\/\",\"url\":\"https:\\\/\\\/ecosupplements.be\\\/fr\\\/produit\\\/complexe-b-60-gelules-vegetales\\\/\",\"name\":\"Complexe B - 60 g\u00e9lules v\u00e9g\u00e9tales - ECO Supplements\",\"isPartOf\":{\"@id\":\"https:\\\/\\\/ecosupplements.be\\\/fr\\\/#website\"},\"primaryImageOfPage\":{\"@id\":\"https:\\\/\\\/ecosupplements.be\\\/fr\\\/produit\\\/complexe-b-60-gelules-vegetales\\\/#primaryimage\"},\"image\":{\"@id\":\"https:\\\/\\\/ecosupplements.be\\\/fr\\\/produit\\\/complexe-b-60-gelules-vegetales\\\/#primaryimage\"},\"thumbnailUrl\":\"https:\\\/\\\/ecosupplements.be\\\/wp-content\\\/uploads\\\/2025\\\/08\\\/B-Complex-60-vcaps.jpg\",\"datePublished\":\"2024-03-14T10:41:10+00:00\",\"dateModified\":\"2025-08-27T14:01:03+00:00\",\"description\":\"Wij hebben een ruime keuze aan producten van Complexe B - 60 g\u00e9lules v\u00e9g\u00e9tales . Winkel bij Eco Supplements altijd gratis verzending boven 100\u20ac\",\"breadcrumb\":{\"@id\":\"https:\\\/\\\/ecosupplements.be\\\/fr\\\/produit\\\/complexe-b-60-gelules-vegetales\\\/#breadcrumb\"},\"inLanguage\":\"fr-FR\",\"potentialAction\":[{\"@type\":\"ReadAction\",\"target\":[\"https:\\\/\\\/ecosupplements.be\\\/fr\\\/produit\\\/complexe-b-60-gelules-vegetales\\\/\"]}]},{\"@type\":\"ImageObject\",\"inLanguage\":\"fr-FR\",\"@id\":\"https:\\\/\\\/ecosupplements.be\\\/fr\\\/produit\\\/complexe-b-60-gelules-vegetales\\\/#primaryimage\",\"url\":\"https:\\\/\\\/ecosupplements.be\\\/wp-content\\\/uploads\\\/2025\\\/08\\\/B-Complex-60-vcaps.jpg\",\"contentUrl\":\"https:\\\/\\\/ecosupplements.be\\\/wp-content\\\/uploads\\\/2025\\\/08\\\/B-Complex-60-vcaps.jpg\",\"width\":495,\"height\":679},{\"@type\":\"BreadcrumbList\",\"@id\":\"https:\\\/\\\/ecosupplements.be\\\/fr\\\/produit\\\/complexe-b-60-gelules-vegetales\\\/#breadcrumb\",\"itemListElement\":[{\"@type\":\"ListItem\",\"position\":1,\"name\":\"Home\",\"item\":\"https:\\\/\\\/ecosupplements.be\\\/fr\\\/\"},{\"@type\":\"ListItem\",\"position\":2,\"name\":\"Boutique\",\"item\":\"https:\\\/\\\/ecosupplements.be\\\/fr\\\/boutique\\\/\"},{\"@type\":\"ListItem\",\"position\":3,\"name\":\"Complexe B &#8211; 60 g\u00e9lules v\u00e9g\u00e9tales\"}]},{\"@type\":\"WebSite\",\"@id\":\"https:\\\/\\\/ecosupplements.be\\\/fr\\\/#website\",\"url\":\"https:\\\/\\\/ecosupplements.be\\\/fr\\\/\",\"name\":\"ECO Supplements\",\"description\":\"Eco Supplements - Gezonde supplementen\",\"publisher\":{\"@id\":\"https:\\\/\\\/ecosupplements.be\\\/fr\\\/#organization\"},\"potentialAction\":[{\"@type\":\"SearchAction\",\"target\":{\"@type\":\"EntryPoint\",\"urlTemplate\":\"https:\\\/\\\/ecosupplements.be\\\/fr\\\/?s={search_term_string}\"},\"query-input\":{\"@type\":\"PropertyValueSpecification\",\"valueRequired\":true,\"valueName\":\"search_term_string\"}}],\"inLanguage\":\"fr-FR\"},{\"@type\":\"Organization\",\"@id\":\"https:\\\/\\\/ecosupplements.be\\\/fr\\\/#organization\",\"name\":\"Eco Supplements\",\"url\":\"https:\\\/\\\/ecosupplements.be\\\/fr\\\/\",\"logo\":{\"@type\":\"ImageObject\",\"inLanguage\":\"fr-FR\",\"@id\":\"https:\\\/\\\/ecosupplements.be\\\/fr\\\/#\\\/schema\\\/logo\\\/image\\\/\",\"url\":\"https:\\\/\\\/ecosupplements.be\\\/wp-content\\\/uploads\\\/2022\\\/06\\\/ecosupplement-family.png\",\"contentUrl\":\"https:\\\/\\\/ecosupplements.be\\\/wp-content\\\/uploads\\\/2022\\\/06\\\/ecosupplement-family.png\",\"width\":593,\"height\":374,\"caption\":\"Eco Supplements\"},\"image\":{\"@id\":\"https:\\\/\\\/ecosupplements.be\\\/fr\\\/#\\\/schema\\\/logo\\\/image\\\/\"}}]}<\/script>\n<meta property=\"product:brand\" content=\"Revive\" \/>\n<meta property=\"product:price:amount\" content=\"23.90\" \/>\n<meta property=\"product:price:currency\" content=\"EUR\" \/>\n<meta property=\"og:availability\" content=\"out of stock\" \/>\n<meta property=\"product:availability\" content=\"out of stock\" \/>\n<meta property=\"product:retailer_item_id\" content=\"850030689481\" \/>\n<meta property=\"product:condition\" content=\"new\" \/>\n<!-- \/ Yoast SEO Premium plugin. -->","yoast_head_json":{"title":"Complexe B - 60 g\u00e9lules v\u00e9g\u00e9tales - ECO Supplements","description":"Wij hebben een ruime keuze aan producten van Complexe B - 60 g\u00e9lules v\u00e9g\u00e9tales . Winkel bij Eco Supplements altijd gratis verzending boven 100\u20ac","robots":{"index":"index","follow":"follow","max-snippet":"max-snippet:-1","max-image-preview":"max-image-preview:large","max-video-preview":"max-video-preview:-1"},"canonical":"https:\/\/ecosupplements.be\/fr\/produit\/complexe-b-60-gelules-vegetales\/","og_locale":"fr_FR","og_type":"article","og_title":"Complexe B - 60 g\u00e9lules v\u00e9g\u00e9tales","og_description":"Wij hebben een ruime keuze aan producten van Complexe B - 60 g\u00e9lules v\u00e9g\u00e9tales . Winkel bij Eco Supplements altijd gratis verzending boven 100\u20ac","og_url":"https:\/\/ecosupplements.be\/fr\/produit\/complexe-b-60-gelules-vegetales\/","og_site_name":"ECO Supplements","article_modified_time":"2025-08-27T14:01:03+00:00","og_image":[{"width":495,"height":679,"url":"https:\/\/ecosupplements.be\/wp-content\/uploads\/2025\/08\/B-Complex-60-vcaps-1.jpg","type":"image\/jpeg"}],"twitter_card":"summary_large_image","twitter_misc":{"Prix":"23.90&nbsp;&euro;","Disponibilit\u00e9":"Rupture de stock"},"schema":{"@context":"https:\/\/schema.org","@graph":[{"@type":["WebPage","ItemPage"],"@id":"https:\/\/ecosupplements.be\/fr\/produit\/complexe-b-60-gelules-vegetales\/","url":"https:\/\/ecosupplements.be\/fr\/produit\/complexe-b-60-gelules-vegetales\/","name":"Complexe B - 60 g\u00e9lules v\u00e9g\u00e9tales - ECO Supplements","isPartOf":{"@id":"https:\/\/ecosupplements.be\/fr\/#website"},"primaryImageOfPage":{"@id":"https:\/\/ecosupplements.be\/fr\/produit\/complexe-b-60-gelules-vegetales\/#primaryimage"},"image":{"@id":"https:\/\/ecosupplements.be\/fr\/produit\/complexe-b-60-gelules-vegetales\/#primaryimage"},"thumbnailUrl":"https:\/\/ecosupplements.be\/wp-content\/uploads\/2025\/08\/B-Complex-60-vcaps.jpg","datePublished":"2024-03-14T10:41:10+00:00","dateModified":"2025-08-27T14:01:03+00:00","description":"Wij hebben een ruime keuze aan producten van Complexe B - 60 g\u00e9lules v\u00e9g\u00e9tales . Winkel bij Eco Supplements altijd gratis verzending boven 100\u20ac","breadcrumb":{"@id":"https:\/\/ecosupplements.be\/fr\/produit\/complexe-b-60-gelules-vegetales\/#breadcrumb"},"inLanguage":"fr-FR","potentialAction":[{"@type":"ReadAction","target":["https:\/\/ecosupplements.be\/fr\/produit\/complexe-b-60-gelules-vegetales\/"]}]},{"@type":"ImageObject","inLanguage":"fr-FR","@id":"https:\/\/ecosupplements.be\/fr\/produit\/complexe-b-60-gelules-vegetales\/#primaryimage","url":"https:\/\/ecosupplements.be\/wp-content\/uploads\/2025\/08\/B-Complex-60-vcaps.jpg","contentUrl":"https:\/\/ecosupplements.be\/wp-content\/uploads\/2025\/08\/B-Complex-60-vcaps.jpg","width":495,"height":679},{"@type":"BreadcrumbList","@id":"https:\/\/ecosupplements.be\/fr\/produit\/complexe-b-60-gelules-vegetales\/#breadcrumb","itemListElement":[{"@type":"ListItem","position":1,"name":"Home","item":"https:\/\/ecosupplements.be\/fr\/"},{"@type":"ListItem","position":2,"name":"Boutique","item":"https:\/\/ecosupplements.be\/fr\/boutique\/"},{"@type":"ListItem","position":3,"name":"Complexe B &#8211; 60 g\u00e9lules v\u00e9g\u00e9tales"}]},{"@type":"WebSite","@id":"https:\/\/ecosupplements.be\/fr\/#website","url":"https:\/\/ecosupplements.be\/fr\/","name":"ECO Supplements","description":"Eco Supplements - Gezonde supplementen","publisher":{"@id":"https:\/\/ecosupplements.be\/fr\/#organization"},"potentialAction":[{"@type":"SearchAction","target":{"@type":"EntryPoint","urlTemplate":"https:\/\/ecosupplements.be\/fr\/?s={search_term_string}"},"query-input":{"@type":"PropertyValueSpecification","valueRequired":true,"valueName":"search_term_string"}}],"inLanguage":"fr-FR"},{"@type":"Organization","@id":"https:\/\/ecosupplements.be\/fr\/#organization","name":"Eco Supplements","url":"https:\/\/ecosupplements.be\/fr\/","logo":{"@type":"ImageObject","inLanguage":"fr-FR","@id":"https:\/\/ecosupplements.be\/fr\/#\/schema\/logo\/image\/","url":"https:\/\/ecosupplements.be\/wp-content\/uploads\/2022\/06\/ecosupplement-family.png","contentUrl":"https:\/\/ecosupplements.be\/wp-content\/uploads\/2022\/06\/ecosupplement-family.png","width":593,"height":374,"caption":"Eco Supplements"},"image":{"@id":"https:\/\/ecosupplements.be\/fr\/#\/schema\/logo\/image\/"}}]},"product_brand":"Revive","product_price_amount":"23.90","product_price_currency":"EUR","og_availability":"out of stock","product_availability":"out of stock","product_retailer_item_id":"850030689481","product_condition":"new"},"_links":{"self":[{"href":"https:\/\/ecosupplements.be\/fr\/wp-json\/wp\/v2\/product\/289687","targetHints":{"allow":["GET"]}}],"collection":[{"href":"https:\/\/ecosupplements.be\/fr\/wp-json\/wp\/v2\/product"}],"about":[{"href":"https:\/\/ecosupplements.be\/fr\/wp-json\/wp\/v2\/types\/product"}],"replies":[{"embeddable":true,"href":"https:\/\/ecosupplements.be\/fr\/wp-json\/wp\/v2\/comments?post=289687"}],"wp:featuredmedia":[{"embeddable":true,"href":"https:\/\/ecosupplements.be\/fr\/wp-json\/wp\/v2\/media\/265225"}],"wp:attachment":[{"href":"https:\/\/ecosupplements.be\/fr\/wp-json\/wp\/v2\/media?parent=289687"}],"wp:term":[{"taxonomy":"product_brand","embeddable":true,"href":"https:\/\/ecosupplements.be\/fr\/wp-json\/wp\/v2\/product_brand?post=289687"},{"taxonomy":"product_cat","embeddable":true,"href":"https:\/\/ecosupplements.be\/fr\/wp-json\/wp\/v2\/product_cat?post=289687"},{"taxonomy":"product_tag","embeddable":true,"href":"https:\/\/ecosupplements.be\/fr\/wp-json\/wp\/v2\/product_tag?post=289687"}],"curies":[{"name":"wp","href":"https:\/\/api.w.org\/{rel}","templated":true}]}}