{"id":289702,"date":"2022-09-21T12:21:14","date_gmt":"2022-09-21T11:21:14","guid":{"rendered":"https:\/\/ecosupplements.be\/product\/fibre-chocolat-312g\/"},"modified":"2025-08-27T15:01:19","modified_gmt":"2025-08-27T14:01:19","slug":"fibre-chocolat-312g","status":"publish","type":"product","link":"https:\/\/ecosupplements.be\/fr\/produit\/fibre-chocolat-312g\/","title":{"rendered":"Fibre, Chocolat &#8211; 312g"},"content":{"rendered":"<h1>Fiber, Chocolate &#8211; 312g<\/h1>\n<p>Ajoutez une dose\u2062 de fibres \u00e0\u200b votre alimentation avec le Fiber, \u200dChocolate de \u2064la marque Revive. Ce produit est\u200b sp\u00e9cialement \u2063con\u00e7u pour \u200cvous aider \u00e0 atteindre vos besoins quotidiens en \u200bfibres tout en\u2064 vous offrant une d\u00e9licieuse saveur de chocolat.<\/p>\n<h2>Caract\u00e9ristiques sp\u00e9ciales:<\/h2>\n<ul>\n<li>Contient 12g \u2062de fibres par portion<\/li>\n<li>Fabriqu\u00e9 \u2063avec des ingr\u00e9dients naturels<\/li>\n<li>Saveur de chocolat riche et satisfaisante<\/li>\n<li>Convient aux\u200c r\u00e9gimes v\u00e9g\u00e9tariens et v\u00e9g\u00e9taliens<\/li>\n<\/ul>\n<h2>Ingr\u00e9dients:<\/h2>\n<p>Farine\u2064 d&#8217;avoine, farine de \u2064bl\u00e9, \u2063sucre, cacao en poudre,\u2063 huile de palme, sirop de ma\u00efs,\u200d sel, ar\u00f4mes naturels, bicarbonate de soude.<\/p>\n<h2>Avantages uniques:<\/h2>\n<ul>\n<li>Aide \u00e0 maintenir un syst\u00e8me digestif sain<\/li>\n<li>Contribue \u00e0 la r\u00e9gularit\u00e9 intestinale<\/li>\n<li>Peut aider \u00e0 r\u00e9duire le risque de maladies cardiovasculaires<\/li>\n<li>Id\u00e9al pour les personnes souffrant de constipation ou \u200cde ballonnements<\/li>\n<\/ul>\n<h2>Principales caract\u00e9ristiques:<\/h2>\n<ul>\n<li>Contient des \u200cfibres \u2063solubles et insolubles pour \u2063un effet \u2062optimal<\/li>\n<li>Facile \u00e0 \u2063incorporer dans votre alimentation \u200cquotidienne<\/li>\n<li>Peut \u00eatre utilis\u00e9 \u2064dans les recettes de p\u00e2tisserie pour une touche de\u2064 fibres suppl\u00e9mentaire<\/li>\n<li>Emballage pratique de 312g pour une utilisation \u00e0 long \u200dterme<\/li>\n<\/ul>\n<p>Ajoutez une touche de douceur et de sant\u00e9 \u00e0 \u2062votre alimentation avec le Fiber,\u2064 Chocolate \u200cde Revive. Essayez-le d\u00e8s aujourd&#8217;hui et profitez des nombreux avantages qu&#8217;il peut offrir \u00e0 votre corps et \u00e0 votre bien-\u00eatre.<\/p>\n","protected":false},"excerpt":{"rendered":"<p>Fiber, Chocolate &#8211; 312g Ajoutez une dose\u2062 de fibres \u00e0\u200b votre alimentation avec le Fiber, \u200dChocolate de \u2064la marque Revive. Ce produit est\u200b sp\u00e9cialement \u2063con\u00e7u pour \u200cvous aider \u00e0 atteindre vos besoins quotidiens en \u200bfibres tout en\u2064 vous offrant une d\u00e9licieuse saveur de chocolat. Caract\u00e9ristiques sp\u00e9ciales: Contient 12g \u2062de fibres par portion Fabriqu\u00e9 \u2063avec des [&#8230;]\n","protected":false},"featured_media":260797,"comment_status":"open","ping_status":"open","template":"","meta":[],"product_brand":[4759],"product_cat":[5054,5055,5052],"product_tag":[],"class_list":{"0":"post-289702","1":"product","2":"type-product","3":"status-publish","4":"has-post-thumbnail","6":"product_brand-revive-2","7":"product_cat-nourriture-saine","8":"product_cat-produits-vegetaliens","9":"product_cat-sante-et-bien-etre","11":"first","12":"instock","13":"taxable","14":"shipping-taxable","15":"purchasable","16":"product-type-simple"},"yoast_head":"<!-- This site is optimized with the Yoast SEO Premium plugin v27.5 (Yoast SEO v27.5) - https:\/\/yoast.com\/product\/yoast-seo-premium-wordpress\/ -->\n<title>Fibre, Chocolat - 312g - ECO Supplements<\/title>\n<meta name=\"description\" content=\"Wij hebben een ruime keuze aan producten van Fibre, Chocolat - 312g . Winkel bij Eco Supplements altijd gratis verzending boven 100\u20ac\" \/>\n<meta name=\"robots\" content=\"index, follow, max-snippet:-1, max-image-preview:large, max-video-preview:-1\" \/>\n<link rel=\"canonical\" href=\"https:\/\/ecosupplements.be\/fr\/produit\/fibre-chocolat-312g\/\" \/>\n<meta property=\"og:locale\" content=\"fr_FR\" \/>\n<meta property=\"og:type\" content=\"article\" \/>\n<meta property=\"og:title\" content=\"Fibre, Chocolat - 312g\" \/>\n<meta property=\"og:description\" content=\"Wij hebben een ruime keuze aan producten van Fibre, Chocolat - 312g . Winkel bij Eco Supplements altijd gratis verzending boven 100\u20ac\" \/>\n<meta property=\"og:url\" content=\"https:\/\/ecosupplements.be\/fr\/produit\/fibre-chocolat-312g\/\" \/>\n<meta property=\"og:site_name\" content=\"ECO Supplements\" \/>\n<meta property=\"article:modified_time\" content=\"2025-08-27T14:01:19+00:00\" \/>\n<meta property=\"og:image\" content=\"https:\/\/ecosupplements.be\/wp-content\/uploads\/2025\/08\/Fiber-Chocolate-312g-1.jpg\" \/>\n\t<meta property=\"og:image:width\" content=\"540\" \/>\n\t<meta property=\"og:image:height\" content=\"540\" \/>\n\t<meta property=\"og:image:type\" content=\"image\/jpeg\" \/>\n<meta name=\"twitter:card\" content=\"summary_large_image\" \/>\n<meta name=\"twitter:label1\" content=\"Prix\" \/>\n\t<meta name=\"twitter:data1\" content=\"30.34&nbsp;&euro;\" \/>\n\t<meta name=\"twitter:label2\" content=\"Disponibilit\u00e9\" \/>\n\t<meta name=\"twitter:data2\" content=\"En stock\" \/>\n<script type=\"application\/ld+json\" class=\"yoast-schema-graph\">{\"@context\":\"https:\\\/\\\/schema.org\",\"@graph\":[{\"@type\":[\"WebPage\",\"ItemPage\"],\"@id\":\"https:\\\/\\\/ecosupplements.be\\\/fr\\\/produit\\\/fibre-chocolat-312g\\\/\",\"url\":\"https:\\\/\\\/ecosupplements.be\\\/fr\\\/produit\\\/fibre-chocolat-312g\\\/\",\"name\":\"Fibre, Chocolat - 312g - ECO Supplements\",\"isPartOf\":{\"@id\":\"https:\\\/\\\/ecosupplements.be\\\/fr\\\/#website\"},\"primaryImageOfPage\":{\"@id\":\"https:\\\/\\\/ecosupplements.be\\\/fr\\\/produit\\\/fibre-chocolat-312g\\\/#primaryimage\"},\"image\":{\"@id\":\"https:\\\/\\\/ecosupplements.be\\\/fr\\\/produit\\\/fibre-chocolat-312g\\\/#primaryimage\"},\"thumbnailUrl\":\"https:\\\/\\\/ecosupplements.be\\\/wp-content\\\/uploads\\\/2025\\\/08\\\/Fiber-Chocolate-312g.jpg\",\"datePublished\":\"2022-09-21T11:21:14+00:00\",\"dateModified\":\"2025-08-27T14:01:19+00:00\",\"description\":\"Wij hebben een ruime keuze aan producten van Fibre, Chocolat - 312g . Winkel bij Eco Supplements altijd gratis verzending boven 100\u20ac\",\"breadcrumb\":{\"@id\":\"https:\\\/\\\/ecosupplements.be\\\/fr\\\/produit\\\/fibre-chocolat-312g\\\/#breadcrumb\"},\"inLanguage\":\"fr-FR\",\"potentialAction\":[{\"@type\":\"ReadAction\",\"target\":[\"https:\\\/\\\/ecosupplements.be\\\/fr\\\/produit\\\/fibre-chocolat-312g\\\/\"]}]},{\"@type\":\"ImageObject\",\"inLanguage\":\"fr-FR\",\"@id\":\"https:\\\/\\\/ecosupplements.be\\\/fr\\\/produit\\\/fibre-chocolat-312g\\\/#primaryimage\",\"url\":\"https:\\\/\\\/ecosupplements.be\\\/wp-content\\\/uploads\\\/2025\\\/08\\\/Fiber-Chocolate-312g.jpg\",\"contentUrl\":\"https:\\\/\\\/ecosupplements.be\\\/wp-content\\\/uploads\\\/2025\\\/08\\\/Fiber-Chocolate-312g.jpg\",\"width\":540,\"height\":540},{\"@type\":\"BreadcrumbList\",\"@id\":\"https:\\\/\\\/ecosupplements.be\\\/fr\\\/produit\\\/fibre-chocolat-312g\\\/#breadcrumb\",\"itemListElement\":[{\"@type\":\"ListItem\",\"position\":1,\"name\":\"Home\",\"item\":\"https:\\\/\\\/ecosupplements.be\\\/fr\\\/\"},{\"@type\":\"ListItem\",\"position\":2,\"name\":\"Boutique\",\"item\":\"https:\\\/\\\/ecosupplements.be\\\/fr\\\/boutique\\\/\"},{\"@type\":\"ListItem\",\"position\":3,\"name\":\"Fibre, Chocolat &#8211; 312g\"}]},{\"@type\":\"WebSite\",\"@id\":\"https:\\\/\\\/ecosupplements.be\\\/fr\\\/#website\",\"url\":\"https:\\\/\\\/ecosupplements.be\\\/fr\\\/\",\"name\":\"ECO Supplements\",\"description\":\"Eco Supplements - Gezonde supplementen\",\"publisher\":{\"@id\":\"https:\\\/\\\/ecosupplements.be\\\/fr\\\/#organization\"},\"potentialAction\":[{\"@type\":\"SearchAction\",\"target\":{\"@type\":\"EntryPoint\",\"urlTemplate\":\"https:\\\/\\\/ecosupplements.be\\\/fr\\\/?s={search_term_string}\"},\"query-input\":{\"@type\":\"PropertyValueSpecification\",\"valueRequired\":true,\"valueName\":\"search_term_string\"}}],\"inLanguage\":\"fr-FR\"},{\"@type\":\"Organization\",\"@id\":\"https:\\\/\\\/ecosupplements.be\\\/fr\\\/#organization\",\"name\":\"Eco Supplements\",\"url\":\"https:\\\/\\\/ecosupplements.be\\\/fr\\\/\",\"logo\":{\"@type\":\"ImageObject\",\"inLanguage\":\"fr-FR\",\"@id\":\"https:\\\/\\\/ecosupplements.be\\\/fr\\\/#\\\/schema\\\/logo\\\/image\\\/\",\"url\":\"https:\\\/\\\/ecosupplements.be\\\/wp-content\\\/uploads\\\/2022\\\/06\\\/ecosupplement-family.png\",\"contentUrl\":\"https:\\\/\\\/ecosupplements.be\\\/wp-content\\\/uploads\\\/2022\\\/06\\\/ecosupplement-family.png\",\"width\":593,\"height\":374,\"caption\":\"Eco Supplements\"},\"image\":{\"@id\":\"https:\\\/\\\/ecosupplements.be\\\/fr\\\/#\\\/schema\\\/logo\\\/image\\\/\"}}]}<\/script>\n<meta property=\"product:brand\" content=\"Revive\" \/>\n<meta property=\"product:price:amount\" content=\"30.34\" \/>\n<meta property=\"product:price:currency\" content=\"EUR\" \/>\n<meta property=\"og:availability\" content=\"instock\" \/>\n<meta property=\"product:availability\" content=\"instock\" \/>\n<meta property=\"product:retailer_item_id\" content=\"850030689337\" \/>\n<meta property=\"product:condition\" content=\"new\" \/>\n<!-- \/ Yoast SEO Premium plugin. -->","yoast_head_json":{"title":"Fibre, Chocolat - 312g - ECO Supplements","description":"Wij hebben een ruime keuze aan producten van Fibre, Chocolat - 312g . Winkel bij Eco Supplements altijd gratis verzending boven 100\u20ac","robots":{"index":"index","follow":"follow","max-snippet":"max-snippet:-1","max-image-preview":"max-image-preview:large","max-video-preview":"max-video-preview:-1"},"canonical":"https:\/\/ecosupplements.be\/fr\/produit\/fibre-chocolat-312g\/","og_locale":"fr_FR","og_type":"article","og_title":"Fibre, Chocolat - 312g","og_description":"Wij hebben een ruime keuze aan producten van Fibre, Chocolat - 312g . Winkel bij Eco Supplements altijd gratis verzending boven 100\u20ac","og_url":"https:\/\/ecosupplements.be\/fr\/produit\/fibre-chocolat-312g\/","og_site_name":"ECO Supplements","article_modified_time":"2025-08-27T14:01:19+00:00","og_image":[{"width":540,"height":540,"url":"https:\/\/ecosupplements.be\/wp-content\/uploads\/2025\/08\/Fiber-Chocolate-312g-1.jpg","type":"image\/jpeg"}],"twitter_card":"summary_large_image","twitter_misc":{"Prix":"30.34&nbsp;&euro;","Disponibilit\u00e9":"En stock"},"schema":{"@context":"https:\/\/schema.org","@graph":[{"@type":["WebPage","ItemPage"],"@id":"https:\/\/ecosupplements.be\/fr\/produit\/fibre-chocolat-312g\/","url":"https:\/\/ecosupplements.be\/fr\/produit\/fibre-chocolat-312g\/","name":"Fibre, Chocolat - 312g - ECO Supplements","isPartOf":{"@id":"https:\/\/ecosupplements.be\/fr\/#website"},"primaryImageOfPage":{"@id":"https:\/\/ecosupplements.be\/fr\/produit\/fibre-chocolat-312g\/#primaryimage"},"image":{"@id":"https:\/\/ecosupplements.be\/fr\/produit\/fibre-chocolat-312g\/#primaryimage"},"thumbnailUrl":"https:\/\/ecosupplements.be\/wp-content\/uploads\/2025\/08\/Fiber-Chocolate-312g.jpg","datePublished":"2022-09-21T11:21:14+00:00","dateModified":"2025-08-27T14:01:19+00:00","description":"Wij hebben een ruime keuze aan producten van Fibre, Chocolat - 312g . Winkel bij Eco Supplements altijd gratis verzending boven 100\u20ac","breadcrumb":{"@id":"https:\/\/ecosupplements.be\/fr\/produit\/fibre-chocolat-312g\/#breadcrumb"},"inLanguage":"fr-FR","potentialAction":[{"@type":"ReadAction","target":["https:\/\/ecosupplements.be\/fr\/produit\/fibre-chocolat-312g\/"]}]},{"@type":"ImageObject","inLanguage":"fr-FR","@id":"https:\/\/ecosupplements.be\/fr\/produit\/fibre-chocolat-312g\/#primaryimage","url":"https:\/\/ecosupplements.be\/wp-content\/uploads\/2025\/08\/Fiber-Chocolate-312g.jpg","contentUrl":"https:\/\/ecosupplements.be\/wp-content\/uploads\/2025\/08\/Fiber-Chocolate-312g.jpg","width":540,"height":540},{"@type":"BreadcrumbList","@id":"https:\/\/ecosupplements.be\/fr\/produit\/fibre-chocolat-312g\/#breadcrumb","itemListElement":[{"@type":"ListItem","position":1,"name":"Home","item":"https:\/\/ecosupplements.be\/fr\/"},{"@type":"ListItem","position":2,"name":"Boutique","item":"https:\/\/ecosupplements.be\/fr\/boutique\/"},{"@type":"ListItem","position":3,"name":"Fibre, Chocolat &#8211; 312g"}]},{"@type":"WebSite","@id":"https:\/\/ecosupplements.be\/fr\/#website","url":"https:\/\/ecosupplements.be\/fr\/","name":"ECO Supplements","description":"Eco Supplements - Gezonde supplementen","publisher":{"@id":"https:\/\/ecosupplements.be\/fr\/#organization"},"potentialAction":[{"@type":"SearchAction","target":{"@type":"EntryPoint","urlTemplate":"https:\/\/ecosupplements.be\/fr\/?s={search_term_string}"},"query-input":{"@type":"PropertyValueSpecification","valueRequired":true,"valueName":"search_term_string"}}],"inLanguage":"fr-FR"},{"@type":"Organization","@id":"https:\/\/ecosupplements.be\/fr\/#organization","name":"Eco Supplements","url":"https:\/\/ecosupplements.be\/fr\/","logo":{"@type":"ImageObject","inLanguage":"fr-FR","@id":"https:\/\/ecosupplements.be\/fr\/#\/schema\/logo\/image\/","url":"https:\/\/ecosupplements.be\/wp-content\/uploads\/2022\/06\/ecosupplement-family.png","contentUrl":"https:\/\/ecosupplements.be\/wp-content\/uploads\/2022\/06\/ecosupplement-family.png","width":593,"height":374,"caption":"Eco Supplements"},"image":{"@id":"https:\/\/ecosupplements.be\/fr\/#\/schema\/logo\/image\/"}}]},"product_brand":"Revive","product_price_amount":"30.34","product_price_currency":"EUR","og_availability":"instock","product_availability":"instock","product_retailer_item_id":"850030689337","product_condition":"new"},"_links":{"self":[{"href":"https:\/\/ecosupplements.be\/fr\/wp-json\/wp\/v2\/product\/289702","targetHints":{"allow":["GET"]}}],"collection":[{"href":"https:\/\/ecosupplements.be\/fr\/wp-json\/wp\/v2\/product"}],"about":[{"href":"https:\/\/ecosupplements.be\/fr\/wp-json\/wp\/v2\/types\/product"}],"replies":[{"embeddable":true,"href":"https:\/\/ecosupplements.be\/fr\/wp-json\/wp\/v2\/comments?post=289702"}],"wp:featuredmedia":[{"embeddable":true,"href":"https:\/\/ecosupplements.be\/fr\/wp-json\/wp\/v2\/media\/260797"}],"wp:attachment":[{"href":"https:\/\/ecosupplements.be\/fr\/wp-json\/wp\/v2\/media?parent=289702"}],"wp:term":[{"taxonomy":"product_brand","embeddable":true,"href":"https:\/\/ecosupplements.be\/fr\/wp-json\/wp\/v2\/product_brand?post=289702"},{"taxonomy":"product_cat","embeddable":true,"href":"https:\/\/ecosupplements.be\/fr\/wp-json\/wp\/v2\/product_cat?post=289702"},{"taxonomy":"product_tag","embeddable":true,"href":"https:\/\/ecosupplements.be\/fr\/wp-json\/wp\/v2\/product_tag?post=289702"}],"curies":[{"name":"wp","href":"https:\/\/api.w.org\/{rel}","templated":true}]}}