{"id":289738,"date":"2023-01-13T13:09:39","date_gmt":"2023-01-13T12:09:39","guid":{"rendered":"https:\/\/ecosupplements.be\/product\/vitamine-c-200-gelules\/"},"modified":"2025-08-27T15:01:52","modified_gmt":"2025-08-27T14:01:52","slug":"vitamine-c-200-gelules","status":"publish","type":"product","link":"https:\/\/ecosupplements.be\/fr\/produit\/vitamine-c-200-gelules\/","title":{"rendered":"Vitamine C &#8211; 200 g\u00e9lules"},"content":{"rendered":"<h1>Description du\u200d produit:<\/h1>\n<p>Les\u2063 vitamines sont essentielles pour maintenir une \u2064bonne\u2064 sant\u00e9 et un syst\u00e8me immunitaire fort. La vitamine\u200d C est l&#8217;une \u200ddes vitamines les plus importantes pour notre corps, car elle\u2064 joue un r\u00f4le \u2064crucial dans de\u200d nombreuses fonctions, telles\u2062 que \u2062la production de collag\u00e8ne, la \u2062cicatrisation\u2064 des plaies et la protection contre les radicaux libres. Cependant, notre corps ne peut pas\u200d produire de vitamine C par lui-m\u00eame, \u2062il est \u2064donc important de la consommer r\u00e9guli\u00e8rement \u00e0 travers notre alimentation ou des suppl\u00e9ments.<\/p>\n<p>Revive pr\u00e9sente sa formule de vitamine C sous forme de 200 vcaps, offrant une dose puissante de\u2062 1000 mg de vitamine C par \u200bcapsule. Cette formule est sp\u00e9cialement con\u00e7ue pour une absorption \u200bmaximale et une lib\u00e9ration prolong\u00e9e, ce \u2063qui signifie que votre corps peut b\u00e9n\u00e9ficier de tous les bienfaits de la \u200cvitamine C tout \u200bau long de la journ\u00e9e.<\/p>\n<p>Les ingr\u00e9dients de cette formule sont \u200dsoigneusement s\u00e9lectionn\u00e9s pour offrir\u2064 une qualit\u00e9 sup\u00e9rieure. La vitamine C utilis\u00e9e est de\u200c qualit\u00e9\u200b pharmaceutique, ce qui garantit une puret\u00e9 et une efficacit\u00e9 maximales. \u2064De plus, les\u2063 capsules sont v\u00e9g\u00e9tariennes et ne contiennent aucun ingr\u00e9dient artificiel, ce qui en fait un choix id\u00e9al\u200d pour les \u200dpersonnes suivant un r\u00e9gime v\u00e9g\u00e9tarien ou v\u00e9g\u00e9talien.<\/p>\n<p>En plus de ses \u2062bienfaits\u2064 pour le syst\u00e8me immunitaire, la vitamine C de Revive peut \u00e9galement \u2064aider \u00e0 maintenir une peau saine et \u00e9clatante, \u00e0\u200c r\u00e9duire les signes\u2062 de vieillissement et \u00e0 favoriser la sant\u00e9 cardiovasculaire. Elle peut \u00e9galement\u2062 \u00eatre b\u00e9n\u00e9fique pour les personnes\u200d souffrant de stress oxydatif, d&#8217;allergies \u2064et de probl\u00e8mes articulaires.<\/p>\n<p>Ajoutez la\u2064 vitamine\u2062 C de Revive \u00e0 votre\u200d routine \u2064quotidienne pour renforcer votre syst\u00e8me immunitaire et am\u00e9liorer votre \u2063sant\u00e9 globale.\u2062 Avec 200 vcaps par bouteille,\u2064 vous\u2062 aurez suffisamment de capsules pour une utilisation\u200c \u00e0 long terme. Commandez\u200b d\u00e8s maintenant et profitez des \u200cbienfaits de la vitamine C pour une vie\u2064 plus\u2062 saine et plus \u00e9nergique.<\/p>\n","protected":false},"excerpt":{"rendered":"<p>Description du\u200d produit: Les\u2063 vitamines sont essentielles pour maintenir une \u2064bonne\u2064 sant\u00e9 et un syst\u00e8me immunitaire fort. La vitamine\u200d C est l&#8217;une \u200ddes vitamines les plus importantes pour notre corps, car elle\u2064 joue un r\u00f4le \u2064crucial dans de\u200d nombreuses fonctions, telles\u2062 que \u2062la production de collag\u00e8ne, la \u2062cicatrisation\u2064 des plaies et la protection contre les [&#8230;]\n","protected":false},"featured_media":261498,"comment_status":"open","ping_status":"open","template":"","meta":[],"product_brand":[4759],"product_cat":[5054,5055,5052,5053],"product_tag":[],"class_list":{"0":"post-289738","1":"product","2":"type-product","3":"status-publish","4":"has-post-thumbnail","6":"product_brand-revive-2","7":"product_cat-nourriture-saine","8":"product_cat-produits-vegetaliens","9":"product_cat-sante-et-bien-etre","10":"product_cat-vitamines-et-mineraux","12":"first","13":"outofstock","14":"taxable","15":"shipping-taxable","16":"purchasable","17":"product-type-simple"},"yoast_head":"<!-- This site is optimized with the Yoast SEO Premium plugin v27.3 (Yoast SEO v27.3) - https:\/\/yoast.com\/product\/yoast-seo-premium-wordpress\/ -->\n<title>Vitamine C - 200 g\u00e9lules - ECO Supplements<\/title>\n<meta name=\"description\" content=\"Wij hebben een ruime keuze aan producten van Vitamine C - 200 g\u00e9lules . Winkel bij Eco Supplements altijd gratis verzending boven 100\u20ac\" \/>\n<meta name=\"robots\" content=\"index, follow, max-snippet:-1, max-image-preview:large, max-video-preview:-1\" \/>\n<link rel=\"canonical\" href=\"https:\/\/ecosupplements.be\/fr\/produit\/vitamine-c-200-gelules\/\" \/>\n<meta property=\"og:locale\" content=\"fr_FR\" \/>\n<meta property=\"og:type\" content=\"article\" \/>\n<meta property=\"og:title\" content=\"Vitamine C - 200 g\u00e9lules\" \/>\n<meta property=\"og:description\" content=\"Wij hebben een ruime keuze aan producten van Vitamine C - 200 g\u00e9lules . Winkel bij Eco Supplements altijd gratis verzending boven 100\u20ac\" \/>\n<meta property=\"og:url\" content=\"https:\/\/ecosupplements.be\/fr\/produit\/vitamine-c-200-gelules\/\" \/>\n<meta property=\"og:site_name\" content=\"ECO Supplements\" \/>\n<meta property=\"article:modified_time\" content=\"2025-08-27T14:01:52+00:00\" \/>\n<meta property=\"og:image\" content=\"https:\/\/ecosupplements.be\/wp-content\/uploads\/2025\/08\/Vitamin-C-200-vcaps-1.jpg\" \/>\n\t<meta property=\"og:image:width\" content=\"363\" \/>\n\t<meta property=\"og:image:height\" content=\"688\" \/>\n\t<meta property=\"og:image:type\" content=\"image\/jpeg\" \/>\n<meta name=\"twitter:card\" content=\"summary_large_image\" \/>\n<meta name=\"twitter:label1\" content=\"Prix\" \/>\n\t<meta name=\"twitter:data1\" content=\"18.09&nbsp;&euro;\" \/>\n\t<meta name=\"twitter:label2\" content=\"Disponibilit\u00e9\" \/>\n\t<meta name=\"twitter:data2\" content=\"Rupture de stock\" \/>\n<script type=\"application\/ld+json\" class=\"yoast-schema-graph\">{\"@context\":\"https:\\\/\\\/schema.org\",\"@graph\":[{\"@type\":[\"WebPage\",\"ItemPage\"],\"@id\":\"https:\\\/\\\/ecosupplements.be\\\/fr\\\/produit\\\/vitamine-c-200-gelules\\\/\",\"url\":\"https:\\\/\\\/ecosupplements.be\\\/fr\\\/produit\\\/vitamine-c-200-gelules\\\/\",\"name\":\"Vitamine C - 200 g\u00e9lules - ECO Supplements\",\"isPartOf\":{\"@id\":\"https:\\\/\\\/ecosupplements.be\\\/fr\\\/#website\"},\"primaryImageOfPage\":{\"@id\":\"https:\\\/\\\/ecosupplements.be\\\/fr\\\/produit\\\/vitamine-c-200-gelules\\\/#primaryimage\"},\"image\":{\"@id\":\"https:\\\/\\\/ecosupplements.be\\\/fr\\\/produit\\\/vitamine-c-200-gelules\\\/#primaryimage\"},\"thumbnailUrl\":\"https:\\\/\\\/ecosupplements.be\\\/wp-content\\\/uploads\\\/2025\\\/08\\\/Vitamin-C-200-vcaps.jpg\",\"datePublished\":\"2023-01-13T12:09:39+00:00\",\"dateModified\":\"2025-08-27T14:01:52+00:00\",\"description\":\"Wij hebben een ruime keuze aan producten van Vitamine C - 200 g\u00e9lules . Winkel bij Eco Supplements altijd gratis verzending boven 100\u20ac\",\"breadcrumb\":{\"@id\":\"https:\\\/\\\/ecosupplements.be\\\/fr\\\/produit\\\/vitamine-c-200-gelules\\\/#breadcrumb\"},\"inLanguage\":\"fr-FR\",\"potentialAction\":[{\"@type\":\"ReadAction\",\"target\":[\"https:\\\/\\\/ecosupplements.be\\\/fr\\\/produit\\\/vitamine-c-200-gelules\\\/\"]}]},{\"@type\":\"ImageObject\",\"inLanguage\":\"fr-FR\",\"@id\":\"https:\\\/\\\/ecosupplements.be\\\/fr\\\/produit\\\/vitamine-c-200-gelules\\\/#primaryimage\",\"url\":\"https:\\\/\\\/ecosupplements.be\\\/wp-content\\\/uploads\\\/2025\\\/08\\\/Vitamin-C-200-vcaps.jpg\",\"contentUrl\":\"https:\\\/\\\/ecosupplements.be\\\/wp-content\\\/uploads\\\/2025\\\/08\\\/Vitamin-C-200-vcaps.jpg\",\"width\":363,\"height\":688},{\"@type\":\"BreadcrumbList\",\"@id\":\"https:\\\/\\\/ecosupplements.be\\\/fr\\\/produit\\\/vitamine-c-200-gelules\\\/#breadcrumb\",\"itemListElement\":[{\"@type\":\"ListItem\",\"position\":1,\"name\":\"Home\",\"item\":\"https:\\\/\\\/ecosupplements.be\\\/fr\\\/\"},{\"@type\":\"ListItem\",\"position\":2,\"name\":\"Boutique\",\"item\":\"https:\\\/\\\/ecosupplements.be\\\/fr\\\/boutique\\\/\"},{\"@type\":\"ListItem\",\"position\":3,\"name\":\"Vitamine C &#8211; 200 g\u00e9lules\"}]},{\"@type\":\"WebSite\",\"@id\":\"https:\\\/\\\/ecosupplements.be\\\/fr\\\/#website\",\"url\":\"https:\\\/\\\/ecosupplements.be\\\/fr\\\/\",\"name\":\"ECO Supplements\",\"description\":\"Eco Supplements - Gezonde supplementen\",\"publisher\":{\"@id\":\"https:\\\/\\\/ecosupplements.be\\\/fr\\\/#organization\"},\"potentialAction\":[{\"@type\":\"SearchAction\",\"target\":{\"@type\":\"EntryPoint\",\"urlTemplate\":\"https:\\\/\\\/ecosupplements.be\\\/fr\\\/?s={search_term_string}\"},\"query-input\":{\"@type\":\"PropertyValueSpecification\",\"valueRequired\":true,\"valueName\":\"search_term_string\"}}],\"inLanguage\":\"fr-FR\"},{\"@type\":\"Organization\",\"@id\":\"https:\\\/\\\/ecosupplements.be\\\/fr\\\/#organization\",\"name\":\"Eco Supplements\",\"url\":\"https:\\\/\\\/ecosupplements.be\\\/fr\\\/\",\"logo\":{\"@type\":\"ImageObject\",\"inLanguage\":\"fr-FR\",\"@id\":\"https:\\\/\\\/ecosupplements.be\\\/fr\\\/#\\\/schema\\\/logo\\\/image\\\/\",\"url\":\"https:\\\/\\\/ecosupplements.be\\\/wp-content\\\/uploads\\\/2022\\\/06\\\/ecosupplement-family.png\",\"contentUrl\":\"https:\\\/\\\/ecosupplements.be\\\/wp-content\\\/uploads\\\/2022\\\/06\\\/ecosupplement-family.png\",\"width\":593,\"height\":374,\"caption\":\"Eco Supplements\"},\"image\":{\"@id\":\"https:\\\/\\\/ecosupplements.be\\\/fr\\\/#\\\/schema\\\/logo\\\/image\\\/\"}}]}<\/script>\n<meta property=\"product:brand\" content=\"Revive\" \/>\n<meta property=\"product:price:amount\" content=\"18.09\" \/>\n<meta property=\"product:price:currency\" content=\"EUR\" \/>\n<meta property=\"og:availability\" content=\"out of stock\" \/>\n<meta property=\"product:availability\" content=\"out of stock\" \/>\n<meta property=\"product:retailer_item_id\" content=\"850030689054\" \/>\n<meta property=\"product:condition\" content=\"new\" \/>\n<!-- \/ Yoast SEO Premium plugin. -->","yoast_head_json":{"title":"Vitamine C - 200 g\u00e9lules - ECO Supplements","description":"Wij hebben een ruime keuze aan producten van Vitamine C - 200 g\u00e9lules . Winkel bij Eco Supplements altijd gratis verzending boven 100\u20ac","robots":{"index":"index","follow":"follow","max-snippet":"max-snippet:-1","max-image-preview":"max-image-preview:large","max-video-preview":"max-video-preview:-1"},"canonical":"https:\/\/ecosupplements.be\/fr\/produit\/vitamine-c-200-gelules\/","og_locale":"fr_FR","og_type":"article","og_title":"Vitamine C - 200 g\u00e9lules","og_description":"Wij hebben een ruime keuze aan producten van Vitamine C - 200 g\u00e9lules . Winkel bij Eco Supplements altijd gratis verzending boven 100\u20ac","og_url":"https:\/\/ecosupplements.be\/fr\/produit\/vitamine-c-200-gelules\/","og_site_name":"ECO Supplements","article_modified_time":"2025-08-27T14:01:52+00:00","og_image":[{"width":363,"height":688,"url":"https:\/\/ecosupplements.be\/wp-content\/uploads\/2025\/08\/Vitamin-C-200-vcaps-1.jpg","type":"image\/jpeg"}],"twitter_card":"summary_large_image","twitter_misc":{"Prix":"18.09&nbsp;&euro;","Disponibilit\u00e9":"Rupture de stock"},"schema":{"@context":"https:\/\/schema.org","@graph":[{"@type":["WebPage","ItemPage"],"@id":"https:\/\/ecosupplements.be\/fr\/produit\/vitamine-c-200-gelules\/","url":"https:\/\/ecosupplements.be\/fr\/produit\/vitamine-c-200-gelules\/","name":"Vitamine C - 200 g\u00e9lules - ECO Supplements","isPartOf":{"@id":"https:\/\/ecosupplements.be\/fr\/#website"},"primaryImageOfPage":{"@id":"https:\/\/ecosupplements.be\/fr\/produit\/vitamine-c-200-gelules\/#primaryimage"},"image":{"@id":"https:\/\/ecosupplements.be\/fr\/produit\/vitamine-c-200-gelules\/#primaryimage"},"thumbnailUrl":"https:\/\/ecosupplements.be\/wp-content\/uploads\/2025\/08\/Vitamin-C-200-vcaps.jpg","datePublished":"2023-01-13T12:09:39+00:00","dateModified":"2025-08-27T14:01:52+00:00","description":"Wij hebben een ruime keuze aan producten van Vitamine C - 200 g\u00e9lules . Winkel bij Eco Supplements altijd gratis verzending boven 100\u20ac","breadcrumb":{"@id":"https:\/\/ecosupplements.be\/fr\/produit\/vitamine-c-200-gelules\/#breadcrumb"},"inLanguage":"fr-FR","potentialAction":[{"@type":"ReadAction","target":["https:\/\/ecosupplements.be\/fr\/produit\/vitamine-c-200-gelules\/"]}]},{"@type":"ImageObject","inLanguage":"fr-FR","@id":"https:\/\/ecosupplements.be\/fr\/produit\/vitamine-c-200-gelules\/#primaryimage","url":"https:\/\/ecosupplements.be\/wp-content\/uploads\/2025\/08\/Vitamin-C-200-vcaps.jpg","contentUrl":"https:\/\/ecosupplements.be\/wp-content\/uploads\/2025\/08\/Vitamin-C-200-vcaps.jpg","width":363,"height":688},{"@type":"BreadcrumbList","@id":"https:\/\/ecosupplements.be\/fr\/produit\/vitamine-c-200-gelules\/#breadcrumb","itemListElement":[{"@type":"ListItem","position":1,"name":"Home","item":"https:\/\/ecosupplements.be\/fr\/"},{"@type":"ListItem","position":2,"name":"Boutique","item":"https:\/\/ecosupplements.be\/fr\/boutique\/"},{"@type":"ListItem","position":3,"name":"Vitamine C &#8211; 200 g\u00e9lules"}]},{"@type":"WebSite","@id":"https:\/\/ecosupplements.be\/fr\/#website","url":"https:\/\/ecosupplements.be\/fr\/","name":"ECO Supplements","description":"Eco Supplements - Gezonde supplementen","publisher":{"@id":"https:\/\/ecosupplements.be\/fr\/#organization"},"potentialAction":[{"@type":"SearchAction","target":{"@type":"EntryPoint","urlTemplate":"https:\/\/ecosupplements.be\/fr\/?s={search_term_string}"},"query-input":{"@type":"PropertyValueSpecification","valueRequired":true,"valueName":"search_term_string"}}],"inLanguage":"fr-FR"},{"@type":"Organization","@id":"https:\/\/ecosupplements.be\/fr\/#organization","name":"Eco Supplements","url":"https:\/\/ecosupplements.be\/fr\/","logo":{"@type":"ImageObject","inLanguage":"fr-FR","@id":"https:\/\/ecosupplements.be\/fr\/#\/schema\/logo\/image\/","url":"https:\/\/ecosupplements.be\/wp-content\/uploads\/2022\/06\/ecosupplement-family.png","contentUrl":"https:\/\/ecosupplements.be\/wp-content\/uploads\/2022\/06\/ecosupplement-family.png","width":593,"height":374,"caption":"Eco Supplements"},"image":{"@id":"https:\/\/ecosupplements.be\/fr\/#\/schema\/logo\/image\/"}}]},"product_brand":"Revive","product_price_amount":"18.09","product_price_currency":"EUR","og_availability":"out of stock","product_availability":"out of stock","product_retailer_item_id":"850030689054","product_condition":"new"},"_links":{"self":[{"href":"https:\/\/ecosupplements.be\/fr\/wp-json\/wp\/v2\/product\/289738","targetHints":{"allow":["GET"]}}],"collection":[{"href":"https:\/\/ecosupplements.be\/fr\/wp-json\/wp\/v2\/product"}],"about":[{"href":"https:\/\/ecosupplements.be\/fr\/wp-json\/wp\/v2\/types\/product"}],"replies":[{"embeddable":true,"href":"https:\/\/ecosupplements.be\/fr\/wp-json\/wp\/v2\/comments?post=289738"}],"wp:featuredmedia":[{"embeddable":true,"href":"https:\/\/ecosupplements.be\/fr\/wp-json\/wp\/v2\/media\/261498"}],"wp:attachment":[{"href":"https:\/\/ecosupplements.be\/fr\/wp-json\/wp\/v2\/media?parent=289738"}],"wp:term":[{"taxonomy":"product_brand","embeddable":true,"href":"https:\/\/ecosupplements.be\/fr\/wp-json\/wp\/v2\/product_brand?post=289738"},{"taxonomy":"product_cat","embeddable":true,"href":"https:\/\/ecosupplements.be\/fr\/wp-json\/wp\/v2\/product_cat?post=289738"},{"taxonomy":"product_tag","embeddable":true,"href":"https:\/\/ecosupplements.be\/fr\/wp-json\/wp\/v2\/product_tag?post=289738"}],"curies":[{"name":"wp","href":"https:\/\/api.w.org\/{rel}","templated":true}]}}