{"id":289777,"date":"2024-03-09T14:40:10","date_gmt":"2024-03-09T13:40:10","guid":{"rendered":"https:\/\/ecosupplements.be\/product\/complexe-b-quotidien-100-gelules\/"},"modified":"2025-08-27T15:02:36","modified_gmt":"2025-08-27T14:02:36","slug":"complexe-b-quotidien-100-gelules","status":"publish","type":"product","link":"https:\/\/ecosupplements.be\/fr\/produit\/complexe-b-quotidien-100-gelules\/","title":{"rendered":"Complexe B, quotidien &#8211; 100 g\u00e9lules"},"content":{"rendered":"<h1>B-Complex, Daily &#8211; 100 vcaps<\/h1>\n<p>Le B-Complex, Daily de Swanson est un compl\u00e9ment alimentaire essentiel pour maintenir un \u2064mode \u200bde vie sain et actif. Chaque bouteille \u200ccontient 100 capsules v\u00e9g\u00e9tariennes faciles \u00e0 avaler, offrant une source compl\u00e8te \u200bde\u200c vitamines B pour soutenir la sant\u00e9 globale du corps.<\/p>\n<h2>Caract\u00e9ristiques sp\u00e9ciales:<\/h2>\n<ul>\n<li>Contient un m\u00e9lange complet de vitamines B pour un soutien optimal<\/li>\n<li>Formule v\u00e9g\u00e9tarienne facile \u00e0 avaler<\/li>\n<li>100 capsules par bouteille\u200c pour\u200c une utilisation quotidienne<\/li>\n<li>Fabriqu\u00e9 aux \u00c9tats-Unis avec des\u200c ingr\u00e9dients\u200b de haute qualit\u00e9<\/li>\n<\/ul>\n<h2>Ingr\u00e9dients \u2063cl\u00e9s:<\/h2>\n<p>Le B-Complex, Daily de Swanson contient un m\u00e9lange complet\u2064 de vitamines B, y \u2062compris la thiamine, la riboflavine, la niacine, la\u200b vitamine B6, l&#8217;acide folique, la vitamine B12, la biotine et l&#8217;acide pantoth\u00e9nique. Ces vitamines essentielles aident \u00e0 soutenir\u200b la \u200csant\u00e9 du syst\u00e8me nerveux, la production d&#8217;\u00e9nergie, la \u2063sant\u00e9 cardiovasculaire et bien plus encore.<\/p>\n<h2>Avantages uniques:<\/h2>\n<p>Ce \u2064compl\u00e9ment alimentaire est sp\u00e9cialement formul\u00e9 pour fournir une source compl\u00e8te\u200b de vitamines B, qui sont souvent difficiles \u00e0 \u200bobtenir uniquement \u00e0 partir de l&#8217;alimentation. Les\u200d capsules \u2063v\u00e9g\u00e9tariennes faciles \u00e0 avaler sont id\u00e9ales pour \u2062les personnes suivant un r\u00e9gime v\u00e9g\u00e9tarien ou v\u00e9g\u00e9talien. De plus, la \u2064bouteille contenant 100 capsules offre une utilisation quotidienne pratique et durable.<\/p>\n<h2>Utilisation recommand\u00e9e:<\/h2>\n<p>Pour adultes, prendre une capsule par jour avec de l&#8217;eau et \u200bde la nourriture.<\/p>\n<p>Ne pas \u2064d\u00e9passer la\u200c dose recommand\u00e9e. Consultez votre professionnel de sant\u00e9 avant de prendre ce compl\u00e9ment alimentaire si vous \u00eates enceinte, allaitez, prenez des m\u00e9dicaments ou si vous avez des probl\u00e8mes de sant\u00e9.<\/p>\n<p>Conservez dans un endroit frais et sec. Tenir hors de port\u00e9e des enfants.<\/p>\n<p>Ne contient pas de colorants artificiels, de conservateurs\u200d ou d&#8217;ar\u00f4mes.<\/p>\n<p>Si vous recherchez un compl\u00e9ment \u2062alimentaire complet\u2062 pour soutenir votre sant\u00e9 globale, le B-Complex, Daily de Swanson est le choix id\u00e9al. Commandez d\u00e8s maintenant et profitez des \u2064bienfaits des \u200dvitamines B pour une vie \u2062saine et active.<\/p>\n","protected":false},"excerpt":{"rendered":"<p>B-Complex, Daily &#8211; 100 vcaps Le B-Complex, Daily de Swanson est un compl\u00e9ment alimentaire essentiel pour maintenir un \u2064mode \u200bde vie sain et actif. Chaque bouteille \u200ccontient 100 capsules v\u00e9g\u00e9tariennes faciles \u00e0 avaler, offrant une source compl\u00e8te \u200bde\u200c vitamines B pour soutenir la sant\u00e9 globale du corps. Caract\u00e9ristiques sp\u00e9ciales: Contient un m\u00e9lange complet de vitamines [&#8230;]\n","protected":false},"featured_media":265084,"comment_status":"open","ping_status":"open","template":"","meta":[],"product_brand":[4761],"product_cat":[5052,5053,5059],"product_tag":[],"class_list":{"0":"post-289777","1":"product","2":"type-product","3":"status-publish","4":"has-post-thumbnail","6":"product_brand-swanson-2","7":"product_cat-sante-et-bien-etre","8":"product_cat-vitamines-et-mineraux","9":"product_cat-vitamines-simples","11":"first","12":"instock","13":"taxable","14":"shipping-taxable","15":"purchasable","16":"product-type-simple"},"yoast_head":"<!-- This site is optimized with the Yoast SEO Premium plugin v27.3 (Yoast SEO v27.3) - https:\/\/yoast.com\/product\/yoast-seo-premium-wordpress\/ -->\n<title>Complexe B, quotidien - 100 g\u00e9lules - ECO Supplements<\/title>\n<meta name=\"description\" content=\"Wij hebben een ruime keuze aan producten van Complexe B, quotidien - 100 g\u00e9lules . Winkel bij Eco Supplements altijd gratis verzending boven 100\u20ac\" \/>\n<meta name=\"robots\" content=\"index, follow, max-snippet:-1, max-image-preview:large, max-video-preview:-1\" \/>\n<link rel=\"canonical\" href=\"https:\/\/ecosupplements.be\/fr\/produit\/complexe-b-quotidien-100-gelules\/\" \/>\n<meta property=\"og:locale\" content=\"fr_FR\" \/>\n<meta property=\"og:type\" content=\"article\" \/>\n<meta property=\"og:title\" content=\"Complexe B, quotidien - 100 g\u00e9lules\" \/>\n<meta property=\"og:description\" content=\"Wij hebben een ruime keuze aan producten van Complexe B, quotidien - 100 g\u00e9lules . Winkel bij Eco Supplements altijd gratis verzending boven 100\u20ac\" \/>\n<meta property=\"og:url\" content=\"https:\/\/ecosupplements.be\/fr\/produit\/complexe-b-quotidien-100-gelules\/\" \/>\n<meta property=\"og:site_name\" content=\"ECO Supplements\" \/>\n<meta property=\"article:modified_time\" content=\"2025-08-27T14:02:36+00:00\" \/>\n<meta property=\"og:image\" content=\"https:\/\/ecosupplements.be\/wp-content\/uploads\/2025\/08\/B-Complex-Daily-100-vcaps-EAN-087614118550-1.jpg\" \/>\n\t<meta property=\"og:image:width\" content=\"492\" \/>\n\t<meta property=\"og:image:height\" content=\"697\" \/>\n\t<meta property=\"og:image:type\" content=\"image\/jpeg\" \/>\n<meta name=\"twitter:card\" content=\"summary_large_image\" \/>\n<meta name=\"twitter:label1\" content=\"Prix\" \/>\n\t<meta name=\"twitter:data1\" content=\"10.13&nbsp;&euro;\" \/>\n\t<meta name=\"twitter:label2\" content=\"Disponibilit\u00e9\" \/>\n\t<meta name=\"twitter:data2\" content=\"En stock\" \/>\n<script type=\"application\/ld+json\" class=\"yoast-schema-graph\">{\"@context\":\"https:\\\/\\\/schema.org\",\"@graph\":[{\"@type\":[\"WebPage\",\"ItemPage\"],\"@id\":\"https:\\\/\\\/ecosupplements.be\\\/fr\\\/produit\\\/complexe-b-quotidien-100-gelules\\\/\",\"url\":\"https:\\\/\\\/ecosupplements.be\\\/fr\\\/produit\\\/complexe-b-quotidien-100-gelules\\\/\",\"name\":\"Complexe B, quotidien - 100 g\u00e9lules - ECO Supplements\",\"isPartOf\":{\"@id\":\"https:\\\/\\\/ecosupplements.be\\\/fr\\\/#website\"},\"primaryImageOfPage\":{\"@id\":\"https:\\\/\\\/ecosupplements.be\\\/fr\\\/produit\\\/complexe-b-quotidien-100-gelules\\\/#primaryimage\"},\"image\":{\"@id\":\"https:\\\/\\\/ecosupplements.be\\\/fr\\\/produit\\\/complexe-b-quotidien-100-gelules\\\/#primaryimage\"},\"thumbnailUrl\":\"https:\\\/\\\/ecosupplements.be\\\/wp-content\\\/uploads\\\/2025\\\/08\\\/B-Complex-Daily-100-vcaps-EAN-087614118550.jpg\",\"datePublished\":\"2024-03-09T13:40:10+00:00\",\"dateModified\":\"2025-08-27T14:02:36+00:00\",\"description\":\"Wij hebben een ruime keuze aan producten van Complexe B, quotidien - 100 g\u00e9lules . Winkel bij Eco Supplements altijd gratis verzending boven 100\u20ac\",\"breadcrumb\":{\"@id\":\"https:\\\/\\\/ecosupplements.be\\\/fr\\\/produit\\\/complexe-b-quotidien-100-gelules\\\/#breadcrumb\"},\"inLanguage\":\"fr-FR\",\"potentialAction\":[{\"@type\":\"ReadAction\",\"target\":[\"https:\\\/\\\/ecosupplements.be\\\/fr\\\/produit\\\/complexe-b-quotidien-100-gelules\\\/\"]}]},{\"@type\":\"ImageObject\",\"inLanguage\":\"fr-FR\",\"@id\":\"https:\\\/\\\/ecosupplements.be\\\/fr\\\/produit\\\/complexe-b-quotidien-100-gelules\\\/#primaryimage\",\"url\":\"https:\\\/\\\/ecosupplements.be\\\/wp-content\\\/uploads\\\/2025\\\/08\\\/B-Complex-Daily-100-vcaps-EAN-087614118550.jpg\",\"contentUrl\":\"https:\\\/\\\/ecosupplements.be\\\/wp-content\\\/uploads\\\/2025\\\/08\\\/B-Complex-Daily-100-vcaps-EAN-087614118550.jpg\",\"width\":492,\"height\":697},{\"@type\":\"BreadcrumbList\",\"@id\":\"https:\\\/\\\/ecosupplements.be\\\/fr\\\/produit\\\/complexe-b-quotidien-100-gelules\\\/#breadcrumb\",\"itemListElement\":[{\"@type\":\"ListItem\",\"position\":1,\"name\":\"Home\",\"item\":\"https:\\\/\\\/ecosupplements.be\\\/fr\\\/\"},{\"@type\":\"ListItem\",\"position\":2,\"name\":\"Boutique\",\"item\":\"https:\\\/\\\/ecosupplements.be\\\/fr\\\/boutique\\\/\"},{\"@type\":\"ListItem\",\"position\":3,\"name\":\"Complexe B, quotidien &#8211; 100 g\u00e9lules\"}]},{\"@type\":\"WebSite\",\"@id\":\"https:\\\/\\\/ecosupplements.be\\\/fr\\\/#website\",\"url\":\"https:\\\/\\\/ecosupplements.be\\\/fr\\\/\",\"name\":\"ECO Supplements\",\"description\":\"Eco Supplements - Gezonde supplementen\",\"publisher\":{\"@id\":\"https:\\\/\\\/ecosupplements.be\\\/fr\\\/#organization\"},\"potentialAction\":[{\"@type\":\"SearchAction\",\"target\":{\"@type\":\"EntryPoint\",\"urlTemplate\":\"https:\\\/\\\/ecosupplements.be\\\/fr\\\/?s={search_term_string}\"},\"query-input\":{\"@type\":\"PropertyValueSpecification\",\"valueRequired\":true,\"valueName\":\"search_term_string\"}}],\"inLanguage\":\"fr-FR\"},{\"@type\":\"Organization\",\"@id\":\"https:\\\/\\\/ecosupplements.be\\\/fr\\\/#organization\",\"name\":\"Eco Supplements\",\"url\":\"https:\\\/\\\/ecosupplements.be\\\/fr\\\/\",\"logo\":{\"@type\":\"ImageObject\",\"inLanguage\":\"fr-FR\",\"@id\":\"https:\\\/\\\/ecosupplements.be\\\/fr\\\/#\\\/schema\\\/logo\\\/image\\\/\",\"url\":\"https:\\\/\\\/ecosupplements.be\\\/wp-content\\\/uploads\\\/2022\\\/06\\\/ecosupplement-family.png\",\"contentUrl\":\"https:\\\/\\\/ecosupplements.be\\\/wp-content\\\/uploads\\\/2022\\\/06\\\/ecosupplement-family.png\",\"width\":593,\"height\":374,\"caption\":\"Eco Supplements\"},\"image\":{\"@id\":\"https:\\\/\\\/ecosupplements.be\\\/fr\\\/#\\\/schema\\\/logo\\\/image\\\/\"}}]}<\/script>\n<meta property=\"product:brand\" content=\"Swanson\" \/>\n<meta property=\"product:price:amount\" content=\"10.13\" \/>\n<meta property=\"product:price:currency\" content=\"EUR\" \/>\n<meta property=\"og:availability\" content=\"instock\" \/>\n<meta property=\"product:availability\" content=\"instock\" \/>\n<meta property=\"product:retailer_item_id\" content=\"087614118550\" \/>\n<meta property=\"product:condition\" content=\"new\" \/>\n<!-- \/ Yoast SEO Premium plugin. -->","yoast_head_json":{"title":"Complexe B, quotidien - 100 g\u00e9lules - ECO Supplements","description":"Wij hebben een ruime keuze aan producten van Complexe B, quotidien - 100 g\u00e9lules . Winkel bij Eco Supplements altijd gratis verzending boven 100\u20ac","robots":{"index":"index","follow":"follow","max-snippet":"max-snippet:-1","max-image-preview":"max-image-preview:large","max-video-preview":"max-video-preview:-1"},"canonical":"https:\/\/ecosupplements.be\/fr\/produit\/complexe-b-quotidien-100-gelules\/","og_locale":"fr_FR","og_type":"article","og_title":"Complexe B, quotidien - 100 g\u00e9lules","og_description":"Wij hebben een ruime keuze aan producten van Complexe B, quotidien - 100 g\u00e9lules . Winkel bij Eco Supplements altijd gratis verzending boven 100\u20ac","og_url":"https:\/\/ecosupplements.be\/fr\/produit\/complexe-b-quotidien-100-gelules\/","og_site_name":"ECO Supplements","article_modified_time":"2025-08-27T14:02:36+00:00","og_image":[{"width":492,"height":697,"url":"https:\/\/ecosupplements.be\/wp-content\/uploads\/2025\/08\/B-Complex-Daily-100-vcaps-EAN-087614118550-1.jpg","type":"image\/jpeg"}],"twitter_card":"summary_large_image","twitter_misc":{"Prix":"10.13&nbsp;&euro;","Disponibilit\u00e9":"En stock"},"schema":{"@context":"https:\/\/schema.org","@graph":[{"@type":["WebPage","ItemPage"],"@id":"https:\/\/ecosupplements.be\/fr\/produit\/complexe-b-quotidien-100-gelules\/","url":"https:\/\/ecosupplements.be\/fr\/produit\/complexe-b-quotidien-100-gelules\/","name":"Complexe B, quotidien - 100 g\u00e9lules - ECO Supplements","isPartOf":{"@id":"https:\/\/ecosupplements.be\/fr\/#website"},"primaryImageOfPage":{"@id":"https:\/\/ecosupplements.be\/fr\/produit\/complexe-b-quotidien-100-gelules\/#primaryimage"},"image":{"@id":"https:\/\/ecosupplements.be\/fr\/produit\/complexe-b-quotidien-100-gelules\/#primaryimage"},"thumbnailUrl":"https:\/\/ecosupplements.be\/wp-content\/uploads\/2025\/08\/B-Complex-Daily-100-vcaps-EAN-087614118550.jpg","datePublished":"2024-03-09T13:40:10+00:00","dateModified":"2025-08-27T14:02:36+00:00","description":"Wij hebben een ruime keuze aan producten van Complexe B, quotidien - 100 g\u00e9lules . Winkel bij Eco Supplements altijd gratis verzending boven 100\u20ac","breadcrumb":{"@id":"https:\/\/ecosupplements.be\/fr\/produit\/complexe-b-quotidien-100-gelules\/#breadcrumb"},"inLanguage":"fr-FR","potentialAction":[{"@type":"ReadAction","target":["https:\/\/ecosupplements.be\/fr\/produit\/complexe-b-quotidien-100-gelules\/"]}]},{"@type":"ImageObject","inLanguage":"fr-FR","@id":"https:\/\/ecosupplements.be\/fr\/produit\/complexe-b-quotidien-100-gelules\/#primaryimage","url":"https:\/\/ecosupplements.be\/wp-content\/uploads\/2025\/08\/B-Complex-Daily-100-vcaps-EAN-087614118550.jpg","contentUrl":"https:\/\/ecosupplements.be\/wp-content\/uploads\/2025\/08\/B-Complex-Daily-100-vcaps-EAN-087614118550.jpg","width":492,"height":697},{"@type":"BreadcrumbList","@id":"https:\/\/ecosupplements.be\/fr\/produit\/complexe-b-quotidien-100-gelules\/#breadcrumb","itemListElement":[{"@type":"ListItem","position":1,"name":"Home","item":"https:\/\/ecosupplements.be\/fr\/"},{"@type":"ListItem","position":2,"name":"Boutique","item":"https:\/\/ecosupplements.be\/fr\/boutique\/"},{"@type":"ListItem","position":3,"name":"Complexe B, quotidien &#8211; 100 g\u00e9lules"}]},{"@type":"WebSite","@id":"https:\/\/ecosupplements.be\/fr\/#website","url":"https:\/\/ecosupplements.be\/fr\/","name":"ECO Supplements","description":"Eco Supplements - Gezonde supplementen","publisher":{"@id":"https:\/\/ecosupplements.be\/fr\/#organization"},"potentialAction":[{"@type":"SearchAction","target":{"@type":"EntryPoint","urlTemplate":"https:\/\/ecosupplements.be\/fr\/?s={search_term_string}"},"query-input":{"@type":"PropertyValueSpecification","valueRequired":true,"valueName":"search_term_string"}}],"inLanguage":"fr-FR"},{"@type":"Organization","@id":"https:\/\/ecosupplements.be\/fr\/#organization","name":"Eco Supplements","url":"https:\/\/ecosupplements.be\/fr\/","logo":{"@type":"ImageObject","inLanguage":"fr-FR","@id":"https:\/\/ecosupplements.be\/fr\/#\/schema\/logo\/image\/","url":"https:\/\/ecosupplements.be\/wp-content\/uploads\/2022\/06\/ecosupplement-family.png","contentUrl":"https:\/\/ecosupplements.be\/wp-content\/uploads\/2022\/06\/ecosupplement-family.png","width":593,"height":374,"caption":"Eco Supplements"},"image":{"@id":"https:\/\/ecosupplements.be\/fr\/#\/schema\/logo\/image\/"}}]},"product_brand":"Swanson","product_price_amount":"10.13","product_price_currency":"EUR","og_availability":"instock","product_availability":"instock","product_retailer_item_id":"087614118550","product_condition":"new"},"_links":{"self":[{"href":"https:\/\/ecosupplements.be\/fr\/wp-json\/wp\/v2\/product\/289777","targetHints":{"allow":["GET"]}}],"collection":[{"href":"https:\/\/ecosupplements.be\/fr\/wp-json\/wp\/v2\/product"}],"about":[{"href":"https:\/\/ecosupplements.be\/fr\/wp-json\/wp\/v2\/types\/product"}],"replies":[{"embeddable":true,"href":"https:\/\/ecosupplements.be\/fr\/wp-json\/wp\/v2\/comments?post=289777"}],"wp:featuredmedia":[{"embeddable":true,"href":"https:\/\/ecosupplements.be\/fr\/wp-json\/wp\/v2\/media\/265084"}],"wp:attachment":[{"href":"https:\/\/ecosupplements.be\/fr\/wp-json\/wp\/v2\/media?parent=289777"}],"wp:term":[{"taxonomy":"product_brand","embeddable":true,"href":"https:\/\/ecosupplements.be\/fr\/wp-json\/wp\/v2\/product_brand?post=289777"},{"taxonomy":"product_cat","embeddable":true,"href":"https:\/\/ecosupplements.be\/fr\/wp-json\/wp\/v2\/product_cat?post=289777"},{"taxonomy":"product_tag","embeddable":true,"href":"https:\/\/ecosupplements.be\/fr\/wp-json\/wp\/v2\/product_tag?post=289777"}],"curies":[{"name":"wp","href":"https:\/\/api.w.org\/{rel}","templated":true}]}}