{"id":289780,"date":"2024-03-09T14:41:33","date_gmt":"2024-03-09T13:41:33","guid":{"rendered":"https:\/\/ecosupplements.be\/product\/ulesberberine-plus-avec-melon-amer-et-chardon-marie-60-capsules\/"},"modified":"2025-08-27T15:02:39","modified_gmt":"2025-08-27T14:02:39","slug":"ulesberberine-plus-avec-melon-amer-et-chardon-marie-60-capsules","status":"publish","type":"product","link":"https:\/\/ecosupplements.be\/fr\/produit\/ulesberberine-plus-avec-melon-amer-et-chardon-marie-60-capsules\/","title":{"rendered":"Ules\n\nBerb\u00e9rine Plus avec Melon Amer et Chardon-Marie &#8211; 60 capsules"},"content":{"rendered":"<h1> \u200cBerberine Plus avec\u200c Bitter Melon &#038; Milk Thistle &#8211; 60 caps \u200c <\/h1>\n<p>  D\u00e9couvrez les bienfaits de \u200cla \u200cberb\u00e9rine, du melon \u200camer et \u200cdu chardon-Marie avec\u2063 Berberine Plus de Swanson. Cette\u2063 formule unique combine \u200ctrois ingr\u00e9dients naturels pour offrir un soutien complet \u00e0 votre sant\u00e9.\u200b Chaque capsule contient 400 \u200dmg de berb\u00e9rine, 200 mg de melon\u200c amer et 100 mg de chardon-Marie, \u2062pour un total de\u2063 60 capsules par bouteille. <\/p>\n<h2>  Caract\u00e9ristiques\u200d sp\u00e9ciales: <\/h2>\n<ul>\n<li>  Formule unique combinant trois ingr\u00e9dients naturels <\/li>\n<li>  Chaque capsule contient 400 mg de berb\u00e9rine, 200 mg\u2063 de melon amer \u200cet 100 mg de\u2064 chardon-Marie\u200b <\/li>\n<li>  60 capsules par bouteille <\/li>\n<li>  Fabriqu\u00e9 aux \u00c9tats-Unis <\/li>\n<\/ul>\n<h2>  Ingr\u00e9dients: <\/h2>\n<p>  \u2064Berb\u00e9rine (\u00e0 partir de racine\u200c de Berberis aristata),\u200c melon \u200damer (Momordica charantia)\u200d (fruit), chardon-Marie \u2064(Silybum marianum)\u200d (graine), g\u00e9latine, \u2062farine de riz, st\u00e9arate \u2063de magn\u00e9sium. <\/p>\n<h2>  Avantages uniques: <\/h2>\n<p>  La berb\u00e9rine est un compos\u00e9 \u2062naturel \u2062pr\u00e9sent dans certaines\u2064 plantes, telles que le berb\u00e9ris, et est\u2064 utilis\u00e9e depuis\u2064 des si\u00e8cles\u2063 dans la m\u00e9decine \u2064traditionnelle chinoise\u200b pour \u2062ses\u200c propri\u00e9t\u00e9s b\u00e9n\u00e9fiques pour la sant\u00e9. Le melon amer\u200d est \u00e9galement utilis\u00e9 dans \u2064la\u2062 m\u00e9decine traditionnelle pour ses propri\u00e9t\u00e9s antioxydantes et anti-inflammatoires. Le chardon-Marie est connu pour ses propri\u00e9t\u00e9s h\u00e9patoprotectrices et peut aider \u2062\u00e0\u200c soutenir la sant\u00e9 \u200cdu foie. Ensemble, ces ingr\u00e9dients offrent\u2063 un soutien \u200dcomplet \u00e0 votre sant\u00e9 et votre \u2063bien-\u00eatre.\u200b <\/p>\n<h2>  \u200bPrincipales caract\u00e9ristiques: <\/h2>\n<ul>\n<li>  Soutient la \u2063sant\u00e9 globale\u2064 <\/li>\n<li>  \u2063 Favorise un syst\u00e8me immunitaire sain <\/li>\n<li>  \u2064 Aide \u00e0 maintenir un taux de sucre sanguin normal\u2063 <\/li>\n<li>  Contribue \u00e0\u200c la sant\u00e9 du foie <\/li>\n<li>  Formule naturelle sans ingr\u00e9dients artificiels <\/li>\n<\/ul>\n<p>  Ajoutez Berberine Plus avec \u200dBitter\u200c Melon \u2064&#038; Milk Thistle de Swanson \u00e0 votre\u200d routine quotidienne pour \u200dun soutien complet \u2062\u00e0 votre sant\u00e9 et votre bien-\u00eatre. Commandez \u200dd\u00e8s maintenant et\u200d d\u00e9couvrez les bienfaits de ces trois ingr\u00e9dients naturels.\u200b <\/p>\n","protected":false},"excerpt":{"rendered":"<p>\u200cBerberine Plus avec\u200c Bitter Melon &#038; Milk Thistle &#8211; 60 caps \u200c D\u00e9couvrez les bienfaits de \u200cla \u200cberb\u00e9rine, du melon \u200camer et \u200cdu chardon-Marie avec\u2063 Berberine Plus de Swanson. Cette\u2063 formule unique combine \u200ctrois ingr\u00e9dients naturels pour offrir un soutien complet \u00e0 votre sant\u00e9.\u200b Chaque capsule contient 400 \u200dmg de berb\u00e9rine, 200 mg de melon\u200c [&#8230;]\n","protected":false},"featured_media":265087,"comment_status":"open","ping_status":"open","template":"","meta":[],"product_brand":[4761],"product_cat":[5052,5153],"product_tag":[],"class_list":{"0":"post-289780","1":"product","2":"type-product","3":"status-publish","4":"has-post-thumbnail","6":"product_brand-swanson-2","7":"product_cat-sante-et-bien-etre","8":"product_cat-soutien-du-foie","10":"first","11":"instock","12":"taxable","13":"shipping-taxable","14":"purchasable","15":"product-type-simple"},"yoast_head":"<!-- This site is optimized with the Yoast SEO Premium plugin v27.3 (Yoast SEO v27.3) - https:\/\/yoast.com\/product\/yoast-seo-premium-wordpress\/ -->\n<title>Ules Berb\u00e9rine Plus avec Melon Amer et Chardon-Marie - 60 capsules - ECO Supplements<\/title>\n<meta name=\"description\" content=\"Wij hebben een ruime keuze aan producten van Ules Berb\u00e9rine Plus avec Melon Amer et Chardon-Marie - 60 capsules . Winkel bij Eco Supplements altijd gratis verzending boven 100\u20ac\" \/>\n<meta name=\"robots\" content=\"index, follow, max-snippet:-1, max-image-preview:large, max-video-preview:-1\" \/>\n<link rel=\"canonical\" href=\"https:\/\/ecosupplements.be\/fr\/produit\/ulesberberine-plus-avec-melon-amer-et-chardon-marie-60-capsules\/\" \/>\n<meta property=\"og:locale\" content=\"fr_FR\" \/>\n<meta property=\"og:type\" content=\"article\" \/>\n<meta property=\"og:title\" content=\"Ules Berb\u00e9rine Plus avec Melon Amer et Chardon-Marie - 60 capsules\" \/>\n<meta property=\"og:description\" content=\"Wij hebben een ruime keuze aan producten van Ules Berb\u00e9rine Plus avec Melon Amer et Chardon-Marie - 60 capsules . Winkel bij Eco Supplements altijd gratis verzending boven 100\u20ac\" \/>\n<meta property=\"og:url\" content=\"https:\/\/ecosupplements.be\/fr\/produit\/ulesberberine-plus-avec-melon-amer-et-chardon-marie-60-capsules\/\" \/>\n<meta property=\"og:site_name\" content=\"ECO Supplements\" \/>\n<meta property=\"article:modified_time\" content=\"2025-08-27T14:02:39+00:00\" \/>\n<meta property=\"og:image\" content=\"https:\/\/ecosupplements.be\/wp-content\/uploads\/2025\/08\/Berberine-Plus-with-Bitter-Melon-Milk-Thistle-60-caps-1.jpg\" \/>\n\t<meta property=\"og:image:width\" content=\"600\" \/>\n\t<meta property=\"og:image:height\" content=\"600\" \/>\n\t<meta property=\"og:image:type\" content=\"image\/jpeg\" \/>\n<meta name=\"twitter:card\" content=\"summary_large_image\" \/>\n<meta name=\"twitter:label1\" content=\"Prix\" \/>\n\t<meta name=\"twitter:data1\" content=\"24.80&nbsp;&euro;\" \/>\n\t<meta name=\"twitter:label2\" content=\"Disponibilit\u00e9\" \/>\n\t<meta name=\"twitter:data2\" content=\"En stock\" \/>\n<script type=\"application\/ld+json\" class=\"yoast-schema-graph\">{\"@context\":\"https:\\\/\\\/schema.org\",\"@graph\":[{\"@type\":[\"WebPage\",\"ItemPage\"],\"@id\":\"https:\\\/\\\/ecosupplements.be\\\/fr\\\/produit\\\/ulesberberine-plus-avec-melon-amer-et-chardon-marie-60-capsules\\\/\",\"url\":\"https:\\\/\\\/ecosupplements.be\\\/fr\\\/produit\\\/ulesberberine-plus-avec-melon-amer-et-chardon-marie-60-capsules\\\/\",\"name\":\"Ules Berb\u00e9rine Plus avec Melon Amer et Chardon-Marie - 60 capsules - ECO Supplements\",\"isPartOf\":{\"@id\":\"https:\\\/\\\/ecosupplements.be\\\/fr\\\/#website\"},\"primaryImageOfPage\":{\"@id\":\"https:\\\/\\\/ecosupplements.be\\\/fr\\\/produit\\\/ulesberberine-plus-avec-melon-amer-et-chardon-marie-60-capsules\\\/#primaryimage\"},\"image\":{\"@id\":\"https:\\\/\\\/ecosupplements.be\\\/fr\\\/produit\\\/ulesberberine-plus-avec-melon-amer-et-chardon-marie-60-capsules\\\/#primaryimage\"},\"thumbnailUrl\":\"https:\\\/\\\/ecosupplements.be\\\/wp-content\\\/uploads\\\/2025\\\/08\\\/Berberine-Plus-with-Bitter-Melon-Milk-Thistle-60-caps.jpg\",\"datePublished\":\"2024-03-09T13:41:33+00:00\",\"dateModified\":\"2025-08-27T14:02:39+00:00\",\"description\":\"Wij hebben een ruime keuze aan producten van Ules Berb\u00e9rine Plus avec Melon Amer et Chardon-Marie - 60 capsules . Winkel bij Eco Supplements altijd gratis verzending boven 100\u20ac\",\"breadcrumb\":{\"@id\":\"https:\\\/\\\/ecosupplements.be\\\/fr\\\/produit\\\/ulesberberine-plus-avec-melon-amer-et-chardon-marie-60-capsules\\\/#breadcrumb\"},\"inLanguage\":\"fr-FR\",\"potentialAction\":[{\"@type\":\"ReadAction\",\"target\":[\"https:\\\/\\\/ecosupplements.be\\\/fr\\\/produit\\\/ulesberberine-plus-avec-melon-amer-et-chardon-marie-60-capsules\\\/\"]}]},{\"@type\":\"ImageObject\",\"inLanguage\":\"fr-FR\",\"@id\":\"https:\\\/\\\/ecosupplements.be\\\/fr\\\/produit\\\/ulesberberine-plus-avec-melon-amer-et-chardon-marie-60-capsules\\\/#primaryimage\",\"url\":\"https:\\\/\\\/ecosupplements.be\\\/wp-content\\\/uploads\\\/2025\\\/08\\\/Berberine-Plus-with-Bitter-Melon-Milk-Thistle-60-caps.jpg\",\"contentUrl\":\"https:\\\/\\\/ecosupplements.be\\\/wp-content\\\/uploads\\\/2025\\\/08\\\/Berberine-Plus-with-Bitter-Melon-Milk-Thistle-60-caps.jpg\",\"width\":600,\"height\":600},{\"@type\":\"BreadcrumbList\",\"@id\":\"https:\\\/\\\/ecosupplements.be\\\/fr\\\/produit\\\/ulesberberine-plus-avec-melon-amer-et-chardon-marie-60-capsules\\\/#breadcrumb\",\"itemListElement\":[{\"@type\":\"ListItem\",\"position\":1,\"name\":\"Home\",\"item\":\"https:\\\/\\\/ecosupplements.be\\\/fr\\\/\"},{\"@type\":\"ListItem\",\"position\":2,\"name\":\"Boutique\",\"item\":\"https:\\\/\\\/ecosupplements.be\\\/fr\\\/boutique\\\/\"},{\"@type\":\"ListItem\",\"position\":3,\"name\":\"Ules Berb\u00e9rine Plus avec Melon Amer et Chardon-Marie &#8211; 60 capsules\"}]},{\"@type\":\"WebSite\",\"@id\":\"https:\\\/\\\/ecosupplements.be\\\/fr\\\/#website\",\"url\":\"https:\\\/\\\/ecosupplements.be\\\/fr\\\/\",\"name\":\"ECO Supplements\",\"description\":\"Eco Supplements - Gezonde supplementen\",\"publisher\":{\"@id\":\"https:\\\/\\\/ecosupplements.be\\\/fr\\\/#organization\"},\"potentialAction\":[{\"@type\":\"SearchAction\",\"target\":{\"@type\":\"EntryPoint\",\"urlTemplate\":\"https:\\\/\\\/ecosupplements.be\\\/fr\\\/?s={search_term_string}\"},\"query-input\":{\"@type\":\"PropertyValueSpecification\",\"valueRequired\":true,\"valueName\":\"search_term_string\"}}],\"inLanguage\":\"fr-FR\"},{\"@type\":\"Organization\",\"@id\":\"https:\\\/\\\/ecosupplements.be\\\/fr\\\/#organization\",\"name\":\"Eco Supplements\",\"url\":\"https:\\\/\\\/ecosupplements.be\\\/fr\\\/\",\"logo\":{\"@type\":\"ImageObject\",\"inLanguage\":\"fr-FR\",\"@id\":\"https:\\\/\\\/ecosupplements.be\\\/fr\\\/#\\\/schema\\\/logo\\\/image\\\/\",\"url\":\"https:\\\/\\\/ecosupplements.be\\\/wp-content\\\/uploads\\\/2022\\\/06\\\/ecosupplement-family.png\",\"contentUrl\":\"https:\\\/\\\/ecosupplements.be\\\/wp-content\\\/uploads\\\/2022\\\/06\\\/ecosupplement-family.png\",\"width\":593,\"height\":374,\"caption\":\"Eco Supplements\"},\"image\":{\"@id\":\"https:\\\/\\\/ecosupplements.be\\\/fr\\\/#\\\/schema\\\/logo\\\/image\\\/\"}}]}<\/script>\n<meta property=\"product:brand\" content=\"Swanson\" \/>\n<meta property=\"product:price:amount\" content=\"24.80\" \/>\n<meta property=\"product:price:currency\" content=\"EUR\" \/>\n<meta property=\"og:availability\" content=\"instock\" \/>\n<meta property=\"product:availability\" content=\"instock\" \/>\n<meta property=\"product:retailer_item_id\" content=\"087614118758\" \/>\n<meta property=\"product:condition\" content=\"new\" \/>\n<!-- \/ Yoast SEO Premium plugin. -->","yoast_head_json":{"title":"Ules Berb\u00e9rine Plus avec Melon Amer et Chardon-Marie - 60 capsules - ECO Supplements","description":"Wij hebben een ruime keuze aan producten van Ules Berb\u00e9rine Plus avec Melon Amer et Chardon-Marie - 60 capsules . Winkel bij Eco Supplements altijd gratis verzending boven 100\u20ac","robots":{"index":"index","follow":"follow","max-snippet":"max-snippet:-1","max-image-preview":"max-image-preview:large","max-video-preview":"max-video-preview:-1"},"canonical":"https:\/\/ecosupplements.be\/fr\/produit\/ulesberberine-plus-avec-melon-amer-et-chardon-marie-60-capsules\/","og_locale":"fr_FR","og_type":"article","og_title":"Ules Berb\u00e9rine Plus avec Melon Amer et Chardon-Marie - 60 capsules","og_description":"Wij hebben een ruime keuze aan producten van Ules Berb\u00e9rine Plus avec Melon Amer et Chardon-Marie - 60 capsules . Winkel bij Eco Supplements altijd gratis verzending boven 100\u20ac","og_url":"https:\/\/ecosupplements.be\/fr\/produit\/ulesberberine-plus-avec-melon-amer-et-chardon-marie-60-capsules\/","og_site_name":"ECO Supplements","article_modified_time":"2025-08-27T14:02:39+00:00","og_image":[{"width":600,"height":600,"url":"https:\/\/ecosupplements.be\/wp-content\/uploads\/2025\/08\/Berberine-Plus-with-Bitter-Melon-Milk-Thistle-60-caps-1.jpg","type":"image\/jpeg"}],"twitter_card":"summary_large_image","twitter_misc":{"Prix":"24.80&nbsp;&euro;","Disponibilit\u00e9":"En stock"},"schema":{"@context":"https:\/\/schema.org","@graph":[{"@type":["WebPage","ItemPage"],"@id":"https:\/\/ecosupplements.be\/fr\/produit\/ulesberberine-plus-avec-melon-amer-et-chardon-marie-60-capsules\/","url":"https:\/\/ecosupplements.be\/fr\/produit\/ulesberberine-plus-avec-melon-amer-et-chardon-marie-60-capsules\/","name":"Ules Berb\u00e9rine Plus avec Melon Amer et Chardon-Marie - 60 capsules - ECO Supplements","isPartOf":{"@id":"https:\/\/ecosupplements.be\/fr\/#website"},"primaryImageOfPage":{"@id":"https:\/\/ecosupplements.be\/fr\/produit\/ulesberberine-plus-avec-melon-amer-et-chardon-marie-60-capsules\/#primaryimage"},"image":{"@id":"https:\/\/ecosupplements.be\/fr\/produit\/ulesberberine-plus-avec-melon-amer-et-chardon-marie-60-capsules\/#primaryimage"},"thumbnailUrl":"https:\/\/ecosupplements.be\/wp-content\/uploads\/2025\/08\/Berberine-Plus-with-Bitter-Melon-Milk-Thistle-60-caps.jpg","datePublished":"2024-03-09T13:41:33+00:00","dateModified":"2025-08-27T14:02:39+00:00","description":"Wij hebben een ruime keuze aan producten van Ules Berb\u00e9rine Plus avec Melon Amer et Chardon-Marie - 60 capsules . Winkel bij Eco Supplements altijd gratis verzending boven 100\u20ac","breadcrumb":{"@id":"https:\/\/ecosupplements.be\/fr\/produit\/ulesberberine-plus-avec-melon-amer-et-chardon-marie-60-capsules\/#breadcrumb"},"inLanguage":"fr-FR","potentialAction":[{"@type":"ReadAction","target":["https:\/\/ecosupplements.be\/fr\/produit\/ulesberberine-plus-avec-melon-amer-et-chardon-marie-60-capsules\/"]}]},{"@type":"ImageObject","inLanguage":"fr-FR","@id":"https:\/\/ecosupplements.be\/fr\/produit\/ulesberberine-plus-avec-melon-amer-et-chardon-marie-60-capsules\/#primaryimage","url":"https:\/\/ecosupplements.be\/wp-content\/uploads\/2025\/08\/Berberine-Plus-with-Bitter-Melon-Milk-Thistle-60-caps.jpg","contentUrl":"https:\/\/ecosupplements.be\/wp-content\/uploads\/2025\/08\/Berberine-Plus-with-Bitter-Melon-Milk-Thistle-60-caps.jpg","width":600,"height":600},{"@type":"BreadcrumbList","@id":"https:\/\/ecosupplements.be\/fr\/produit\/ulesberberine-plus-avec-melon-amer-et-chardon-marie-60-capsules\/#breadcrumb","itemListElement":[{"@type":"ListItem","position":1,"name":"Home","item":"https:\/\/ecosupplements.be\/fr\/"},{"@type":"ListItem","position":2,"name":"Boutique","item":"https:\/\/ecosupplements.be\/fr\/boutique\/"},{"@type":"ListItem","position":3,"name":"Ules Berb\u00e9rine Plus avec Melon Amer et Chardon-Marie &#8211; 60 capsules"}]},{"@type":"WebSite","@id":"https:\/\/ecosupplements.be\/fr\/#website","url":"https:\/\/ecosupplements.be\/fr\/","name":"ECO Supplements","description":"Eco Supplements - Gezonde supplementen","publisher":{"@id":"https:\/\/ecosupplements.be\/fr\/#organization"},"potentialAction":[{"@type":"SearchAction","target":{"@type":"EntryPoint","urlTemplate":"https:\/\/ecosupplements.be\/fr\/?s={search_term_string}"},"query-input":{"@type":"PropertyValueSpecification","valueRequired":true,"valueName":"search_term_string"}}],"inLanguage":"fr-FR"},{"@type":"Organization","@id":"https:\/\/ecosupplements.be\/fr\/#organization","name":"Eco Supplements","url":"https:\/\/ecosupplements.be\/fr\/","logo":{"@type":"ImageObject","inLanguage":"fr-FR","@id":"https:\/\/ecosupplements.be\/fr\/#\/schema\/logo\/image\/","url":"https:\/\/ecosupplements.be\/wp-content\/uploads\/2022\/06\/ecosupplement-family.png","contentUrl":"https:\/\/ecosupplements.be\/wp-content\/uploads\/2022\/06\/ecosupplement-family.png","width":593,"height":374,"caption":"Eco Supplements"},"image":{"@id":"https:\/\/ecosupplements.be\/fr\/#\/schema\/logo\/image\/"}}]},"product_brand":"Swanson","product_price_amount":"24.80","product_price_currency":"EUR","og_availability":"instock","product_availability":"instock","product_retailer_item_id":"087614118758","product_condition":"new"},"_links":{"self":[{"href":"https:\/\/ecosupplements.be\/fr\/wp-json\/wp\/v2\/product\/289780","targetHints":{"allow":["GET"]}}],"collection":[{"href":"https:\/\/ecosupplements.be\/fr\/wp-json\/wp\/v2\/product"}],"about":[{"href":"https:\/\/ecosupplements.be\/fr\/wp-json\/wp\/v2\/types\/product"}],"replies":[{"embeddable":true,"href":"https:\/\/ecosupplements.be\/fr\/wp-json\/wp\/v2\/comments?post=289780"}],"wp:featuredmedia":[{"embeddable":true,"href":"https:\/\/ecosupplements.be\/fr\/wp-json\/wp\/v2\/media\/265087"}],"wp:attachment":[{"href":"https:\/\/ecosupplements.be\/fr\/wp-json\/wp\/v2\/media?parent=289780"}],"wp:term":[{"taxonomy":"product_brand","embeddable":true,"href":"https:\/\/ecosupplements.be\/fr\/wp-json\/wp\/v2\/product_brand?post=289780"},{"taxonomy":"product_cat","embeddable":true,"href":"https:\/\/ecosupplements.be\/fr\/wp-json\/wp\/v2\/product_cat?post=289780"},{"taxonomy":"product_tag","embeddable":true,"href":"https:\/\/ecosupplements.be\/fr\/wp-json\/wp\/v2\/product_tag?post=289780"}],"curies":[{"name":"wp","href":"https:\/\/api.w.org\/{rel}","templated":true}]}}