{"id":289783,"date":"2022-10-06T00:12:42","date_gmt":"2022-10-05T23:12:42","guid":{"rendered":"https:\/\/ecosupplements.be\/product\/beta-sitosterol-320mg-30-gelules\/"},"modified":"2025-08-27T15:02:42","modified_gmt":"2025-08-27T14:02:42","slug":"beta-sitosterol-320mg-30-gelules","status":"publish","type":"product","link":"https:\/\/ecosupplements.be\/fr\/produit\/beta-sitosterol-320mg-30-gelules\/","title":{"rendered":"Beta-Sitost\u00e9rol, 320mg &#8211; 30 g\u00e9lules"},"content":{"rendered":"<h1>Beta-Sitosterol, 320mg &#8211; 30 vcaps<\/h1>\n<p>Le Beta-Sitosterol \u200dest un suppl\u00e9ment alimentaire de la marque Swanson, fabriqu\u00e9\u2062 aux\u2063 \u00c9tats-Unis. Chaque flacon contient 30 vcaps, chacune \u2064contenant 320mg de beta-sitosterol.<\/p>\n<h2>Qu&#8217;est-ce \u2063que le Beta-Sitosterol ?<\/h2>\n<p>Le Beta-Sitosterol est un st\u00e9rol v\u00e9g\u00e9tal naturellement pr\u00e9sent dans les plantes. Il est souvent utilis\u00e9 comme compl\u00e9ment alimentaire pour ses nombreux \u2062bienfaits pour la sant\u00e9.<\/p>\n<h2>Ingr\u00e9dients<\/h2>\n<p>Chaque capsule de Beta-Sitosterol \u2064contient 320mg\u200d de \u200cbeta-sitosterol, ainsi \u2062que des ingr\u00e9dients inactifs tels que la cellulose microcristalline, le st\u00e9arate de magn\u00e9sium et le dioxyde de silicium.<\/p>\n<h2>Avantages pour la sant\u00e9<\/h2>\n<ul>\n<li>Contribue\u200d \u00e0 maintenir un taux de cholest\u00e9rol \u2063sain<\/li>\n<li>Soutient la sant\u00e9 de la prostate<\/li>\n<li>Renforce le syst\u00e8me immunitaire<\/li>\n<li>Peut aider \u00e0 r\u00e9duire\u2063 les sympt\u00f4mes de l&#8217;hypertrophie b\u00e9nigne de la prostate<\/li>\n<\/ul>\n<h2>Mode \u200bd&#8217;emploi<\/h2>\n<p>Il est recommand\u00e9 de prendre une capsule par \u2063jour avec de l&#8217;eau, de pr\u00e9f\u00e9rence pendant un repas.<\/p>\n<h2>Pr\u00e9cautions d&#8217;utilisation<\/h2>\n<p>Consultez votre m\u00e9decin avant de\u200d prendre ce suppl\u00e9ment si \u200dvous \u00eates enceinte, allaitez ou si \u2062vous prenez des m\u00e9dicaments. \u200bNe pas\u2064 d\u00e9passer la dose recommand\u00e9e.<\/p>\n<p>Conservez le produit dans un endroit frais et sec, \u200chors de port\u00e9e des enfants.<\/p>\n<h2>Pays d&#8217;origine<\/h2>\n<p>Ce produit est fabriqu\u00e9 aux \u00c9tats-Unis.<\/p>\n<p>En r\u00e9sum\u00e9, le Beta-Sitosterol de Swanson est\u200b un compl\u00e9ment alimentaire naturel qui peut contribuer \u00e0 maintenir un \u2063taux de cholest\u00e9rol sain, soutenir la sant\u00e9 de la prostate et renforcer le syst\u00e8me immunitaire. Avec une capsule par \u200cjour, vous pouvez profiter de ses nombreux bienfaits pour la \u2062sant\u00e9. Commandez d\u00e8s maintenant\u2063 et d\u00e9couvrez par vous-m\u00eame les avantages \u200cdu Beta-Sitosterol !<\/p>\n","protected":false},"excerpt":{"rendered":"<p>Beta-Sitosterol, 320mg &#8211; 30 vcaps Le Beta-Sitosterol \u200dest un suppl\u00e9ment alimentaire de la marque Swanson, fabriqu\u00e9\u2062 aux\u2063 \u00c9tats-Unis. Chaque flacon contient 30 vcaps, chacune \u2064contenant 320mg de beta-sitosterol. Qu&#8217;est-ce \u2063que le Beta-Sitosterol ? Le Beta-Sitosterol est un st\u00e9rol v\u00e9g\u00e9tal naturellement pr\u00e9sent dans les plantes. Il est souvent utilis\u00e9 comme compl\u00e9ment alimentaire pour ses nombreux \u2062bienfaits [&#8230;]\n","protected":false},"featured_media":260972,"comment_status":"open","ping_status":"open","template":"","meta":[],"product_brand":[4761],"product_cat":[5098,5052,5053],"product_tag":[],"class_list":{"0":"post-289783","1":"product","2":"type-product","3":"status-publish","4":"has-post-thumbnail","6":"product_brand-swanson-2","7":"product_cat-antioxydants","8":"product_cat-sante-et-bien-etre","9":"product_cat-vitamines-et-mineraux","11":"first","12":"instock","13":"taxable","14":"shipping-taxable","15":"purchasable","16":"product-type-simple"},"yoast_head":"<!-- This site is optimized with the Yoast SEO Premium plugin v27.3 (Yoast SEO v27.3) - https:\/\/yoast.com\/product\/yoast-seo-premium-wordpress\/ -->\n<title>Beta-Sitost\u00e9rol, 320mg - 30 g\u00e9lules - ECO Supplements<\/title>\n<meta name=\"description\" content=\"Wij hebben een ruime keuze aan producten van Beta-Sitost\u00e9rol, 320mg - 30 g\u00e9lules . Winkel bij Eco Supplements altijd gratis verzending boven 100\u20ac\" \/>\n<meta name=\"robots\" content=\"index, follow, max-snippet:-1, max-image-preview:large, max-video-preview:-1\" \/>\n<link rel=\"canonical\" href=\"https:\/\/ecosupplements.be\/fr\/produit\/beta-sitosterol-320mg-30-gelules\/\" \/>\n<meta property=\"og:locale\" content=\"fr_FR\" \/>\n<meta property=\"og:type\" content=\"article\" \/>\n<meta property=\"og:title\" content=\"Beta-Sitost\u00e9rol, 320mg - 30 g\u00e9lules\" \/>\n<meta property=\"og:description\" content=\"Wij hebben een ruime keuze aan producten van Beta-Sitost\u00e9rol, 320mg - 30 g\u00e9lules . Winkel bij Eco Supplements altijd gratis verzending boven 100\u20ac\" \/>\n<meta property=\"og:url\" content=\"https:\/\/ecosupplements.be\/fr\/produit\/beta-sitosterol-320mg-30-gelules\/\" \/>\n<meta property=\"og:site_name\" content=\"ECO Supplements\" \/>\n<meta property=\"article:modified_time\" content=\"2025-08-27T14:02:42+00:00\" \/>\n<meta property=\"og:image\" content=\"https:\/\/ecosupplements.be\/wp-content\/uploads\/2025\/08\/Beta-Sitosterol-320mg-30-vcaps-1.jpg\" \/>\n\t<meta property=\"og:image:width\" content=\"650\" \/>\n\t<meta property=\"og:image:height\" content=\"650\" \/>\n\t<meta property=\"og:image:type\" content=\"image\/jpeg\" \/>\n<meta name=\"twitter:card\" content=\"summary_large_image\" \/>\n<meta name=\"twitter:label1\" content=\"Prix\" \/>\n\t<meta name=\"twitter:data1\" content=\"9.19&nbsp;&euro;\" \/>\n\t<meta name=\"twitter:label2\" content=\"Disponibilit\u00e9\" \/>\n\t<meta name=\"twitter:data2\" content=\"En stock\" \/>\n<script type=\"application\/ld+json\" class=\"yoast-schema-graph\">{\"@context\":\"https:\\\/\\\/schema.org\",\"@graph\":[{\"@type\":[\"WebPage\",\"ItemPage\"],\"@id\":\"https:\\\/\\\/ecosupplements.be\\\/fr\\\/produit\\\/beta-sitosterol-320mg-30-gelules\\\/\",\"url\":\"https:\\\/\\\/ecosupplements.be\\\/fr\\\/produit\\\/beta-sitosterol-320mg-30-gelules\\\/\",\"name\":\"Beta-Sitost\u00e9rol, 320mg - 30 g\u00e9lules - ECO Supplements\",\"isPartOf\":{\"@id\":\"https:\\\/\\\/ecosupplements.be\\\/fr\\\/#website\"},\"primaryImageOfPage\":{\"@id\":\"https:\\\/\\\/ecosupplements.be\\\/fr\\\/produit\\\/beta-sitosterol-320mg-30-gelules\\\/#primaryimage\"},\"image\":{\"@id\":\"https:\\\/\\\/ecosupplements.be\\\/fr\\\/produit\\\/beta-sitosterol-320mg-30-gelules\\\/#primaryimage\"},\"thumbnailUrl\":\"https:\\\/\\\/ecosupplements.be\\\/wp-content\\\/uploads\\\/2025\\\/08\\\/Beta-Sitosterol-320mg-30-vcaps.jpg\",\"datePublished\":\"2022-10-05T23:12:42+00:00\",\"dateModified\":\"2025-08-27T14:02:42+00:00\",\"description\":\"Wij hebben een ruime keuze aan producten van Beta-Sitost\u00e9rol, 320mg - 30 g\u00e9lules . Winkel bij Eco Supplements altijd gratis verzending boven 100\u20ac\",\"breadcrumb\":{\"@id\":\"https:\\\/\\\/ecosupplements.be\\\/fr\\\/produit\\\/beta-sitosterol-320mg-30-gelules\\\/#breadcrumb\"},\"inLanguage\":\"fr-FR\",\"potentialAction\":[{\"@type\":\"ReadAction\",\"target\":[\"https:\\\/\\\/ecosupplements.be\\\/fr\\\/produit\\\/beta-sitosterol-320mg-30-gelules\\\/\"]}]},{\"@type\":\"ImageObject\",\"inLanguage\":\"fr-FR\",\"@id\":\"https:\\\/\\\/ecosupplements.be\\\/fr\\\/produit\\\/beta-sitosterol-320mg-30-gelules\\\/#primaryimage\",\"url\":\"https:\\\/\\\/ecosupplements.be\\\/wp-content\\\/uploads\\\/2025\\\/08\\\/Beta-Sitosterol-320mg-30-vcaps.jpg\",\"contentUrl\":\"https:\\\/\\\/ecosupplements.be\\\/wp-content\\\/uploads\\\/2025\\\/08\\\/Beta-Sitosterol-320mg-30-vcaps.jpg\",\"width\":650,\"height\":650},{\"@type\":\"BreadcrumbList\",\"@id\":\"https:\\\/\\\/ecosupplements.be\\\/fr\\\/produit\\\/beta-sitosterol-320mg-30-gelules\\\/#breadcrumb\",\"itemListElement\":[{\"@type\":\"ListItem\",\"position\":1,\"name\":\"Home\",\"item\":\"https:\\\/\\\/ecosupplements.be\\\/fr\\\/\"},{\"@type\":\"ListItem\",\"position\":2,\"name\":\"Boutique\",\"item\":\"https:\\\/\\\/ecosupplements.be\\\/fr\\\/boutique\\\/\"},{\"@type\":\"ListItem\",\"position\":3,\"name\":\"Beta-Sitost\u00e9rol, 320mg &#8211; 30 g\u00e9lules\"}]},{\"@type\":\"WebSite\",\"@id\":\"https:\\\/\\\/ecosupplements.be\\\/fr\\\/#website\",\"url\":\"https:\\\/\\\/ecosupplements.be\\\/fr\\\/\",\"name\":\"ECO Supplements\",\"description\":\"Eco Supplements - Gezonde supplementen\",\"publisher\":{\"@id\":\"https:\\\/\\\/ecosupplements.be\\\/fr\\\/#organization\"},\"potentialAction\":[{\"@type\":\"SearchAction\",\"target\":{\"@type\":\"EntryPoint\",\"urlTemplate\":\"https:\\\/\\\/ecosupplements.be\\\/fr\\\/?s={search_term_string}\"},\"query-input\":{\"@type\":\"PropertyValueSpecification\",\"valueRequired\":true,\"valueName\":\"search_term_string\"}}],\"inLanguage\":\"fr-FR\"},{\"@type\":\"Organization\",\"@id\":\"https:\\\/\\\/ecosupplements.be\\\/fr\\\/#organization\",\"name\":\"Eco Supplements\",\"url\":\"https:\\\/\\\/ecosupplements.be\\\/fr\\\/\",\"logo\":{\"@type\":\"ImageObject\",\"inLanguage\":\"fr-FR\",\"@id\":\"https:\\\/\\\/ecosupplements.be\\\/fr\\\/#\\\/schema\\\/logo\\\/image\\\/\",\"url\":\"https:\\\/\\\/ecosupplements.be\\\/wp-content\\\/uploads\\\/2022\\\/06\\\/ecosupplement-family.png\",\"contentUrl\":\"https:\\\/\\\/ecosupplements.be\\\/wp-content\\\/uploads\\\/2022\\\/06\\\/ecosupplement-family.png\",\"width\":593,\"height\":374,\"caption\":\"Eco Supplements\"},\"image\":{\"@id\":\"https:\\\/\\\/ecosupplements.be\\\/fr\\\/#\\\/schema\\\/logo\\\/image\\\/\"}}]}<\/script>\n<meta property=\"product:brand\" content=\"Swanson\" \/>\n<meta property=\"product:price:amount\" content=\"9.19\" \/>\n<meta property=\"product:price:currency\" content=\"EUR\" \/>\n<meta property=\"og:availability\" content=\"instock\" \/>\n<meta property=\"product:availability\" content=\"instock\" \/>\n<meta property=\"product:retailer_item_id\" content=\"087614027418\" \/>\n<meta property=\"product:condition\" content=\"new\" \/>\n<!-- \/ Yoast SEO Premium plugin. -->","yoast_head_json":{"title":"Beta-Sitost\u00e9rol, 320mg - 30 g\u00e9lules - ECO Supplements","description":"Wij hebben een ruime keuze aan producten van Beta-Sitost\u00e9rol, 320mg - 30 g\u00e9lules . Winkel bij Eco Supplements altijd gratis verzending boven 100\u20ac","robots":{"index":"index","follow":"follow","max-snippet":"max-snippet:-1","max-image-preview":"max-image-preview:large","max-video-preview":"max-video-preview:-1"},"canonical":"https:\/\/ecosupplements.be\/fr\/produit\/beta-sitosterol-320mg-30-gelules\/","og_locale":"fr_FR","og_type":"article","og_title":"Beta-Sitost\u00e9rol, 320mg - 30 g\u00e9lules","og_description":"Wij hebben een ruime keuze aan producten van Beta-Sitost\u00e9rol, 320mg - 30 g\u00e9lules . Winkel bij Eco Supplements altijd gratis verzending boven 100\u20ac","og_url":"https:\/\/ecosupplements.be\/fr\/produit\/beta-sitosterol-320mg-30-gelules\/","og_site_name":"ECO Supplements","article_modified_time":"2025-08-27T14:02:42+00:00","og_image":[{"width":650,"height":650,"url":"https:\/\/ecosupplements.be\/wp-content\/uploads\/2025\/08\/Beta-Sitosterol-320mg-30-vcaps-1.jpg","type":"image\/jpeg"}],"twitter_card":"summary_large_image","twitter_misc":{"Prix":"9.19&nbsp;&euro;","Disponibilit\u00e9":"En stock"},"schema":{"@context":"https:\/\/schema.org","@graph":[{"@type":["WebPage","ItemPage"],"@id":"https:\/\/ecosupplements.be\/fr\/produit\/beta-sitosterol-320mg-30-gelules\/","url":"https:\/\/ecosupplements.be\/fr\/produit\/beta-sitosterol-320mg-30-gelules\/","name":"Beta-Sitost\u00e9rol, 320mg - 30 g\u00e9lules - ECO Supplements","isPartOf":{"@id":"https:\/\/ecosupplements.be\/fr\/#website"},"primaryImageOfPage":{"@id":"https:\/\/ecosupplements.be\/fr\/produit\/beta-sitosterol-320mg-30-gelules\/#primaryimage"},"image":{"@id":"https:\/\/ecosupplements.be\/fr\/produit\/beta-sitosterol-320mg-30-gelules\/#primaryimage"},"thumbnailUrl":"https:\/\/ecosupplements.be\/wp-content\/uploads\/2025\/08\/Beta-Sitosterol-320mg-30-vcaps.jpg","datePublished":"2022-10-05T23:12:42+00:00","dateModified":"2025-08-27T14:02:42+00:00","description":"Wij hebben een ruime keuze aan producten van Beta-Sitost\u00e9rol, 320mg - 30 g\u00e9lules . Winkel bij Eco Supplements altijd gratis verzending boven 100\u20ac","breadcrumb":{"@id":"https:\/\/ecosupplements.be\/fr\/produit\/beta-sitosterol-320mg-30-gelules\/#breadcrumb"},"inLanguage":"fr-FR","potentialAction":[{"@type":"ReadAction","target":["https:\/\/ecosupplements.be\/fr\/produit\/beta-sitosterol-320mg-30-gelules\/"]}]},{"@type":"ImageObject","inLanguage":"fr-FR","@id":"https:\/\/ecosupplements.be\/fr\/produit\/beta-sitosterol-320mg-30-gelules\/#primaryimage","url":"https:\/\/ecosupplements.be\/wp-content\/uploads\/2025\/08\/Beta-Sitosterol-320mg-30-vcaps.jpg","contentUrl":"https:\/\/ecosupplements.be\/wp-content\/uploads\/2025\/08\/Beta-Sitosterol-320mg-30-vcaps.jpg","width":650,"height":650},{"@type":"BreadcrumbList","@id":"https:\/\/ecosupplements.be\/fr\/produit\/beta-sitosterol-320mg-30-gelules\/#breadcrumb","itemListElement":[{"@type":"ListItem","position":1,"name":"Home","item":"https:\/\/ecosupplements.be\/fr\/"},{"@type":"ListItem","position":2,"name":"Boutique","item":"https:\/\/ecosupplements.be\/fr\/boutique\/"},{"@type":"ListItem","position":3,"name":"Beta-Sitost\u00e9rol, 320mg &#8211; 30 g\u00e9lules"}]},{"@type":"WebSite","@id":"https:\/\/ecosupplements.be\/fr\/#website","url":"https:\/\/ecosupplements.be\/fr\/","name":"ECO Supplements","description":"Eco Supplements - Gezonde supplementen","publisher":{"@id":"https:\/\/ecosupplements.be\/fr\/#organization"},"potentialAction":[{"@type":"SearchAction","target":{"@type":"EntryPoint","urlTemplate":"https:\/\/ecosupplements.be\/fr\/?s={search_term_string}"},"query-input":{"@type":"PropertyValueSpecification","valueRequired":true,"valueName":"search_term_string"}}],"inLanguage":"fr-FR"},{"@type":"Organization","@id":"https:\/\/ecosupplements.be\/fr\/#organization","name":"Eco Supplements","url":"https:\/\/ecosupplements.be\/fr\/","logo":{"@type":"ImageObject","inLanguage":"fr-FR","@id":"https:\/\/ecosupplements.be\/fr\/#\/schema\/logo\/image\/","url":"https:\/\/ecosupplements.be\/wp-content\/uploads\/2022\/06\/ecosupplement-family.png","contentUrl":"https:\/\/ecosupplements.be\/wp-content\/uploads\/2022\/06\/ecosupplement-family.png","width":593,"height":374,"caption":"Eco Supplements"},"image":{"@id":"https:\/\/ecosupplements.be\/fr\/#\/schema\/logo\/image\/"}}]},"product_brand":"Swanson","product_price_amount":"9.19","product_price_currency":"EUR","og_availability":"instock","product_availability":"instock","product_retailer_item_id":"087614027418","product_condition":"new"},"_links":{"self":[{"href":"https:\/\/ecosupplements.be\/fr\/wp-json\/wp\/v2\/product\/289783","targetHints":{"allow":["GET"]}}],"collection":[{"href":"https:\/\/ecosupplements.be\/fr\/wp-json\/wp\/v2\/product"}],"about":[{"href":"https:\/\/ecosupplements.be\/fr\/wp-json\/wp\/v2\/types\/product"}],"replies":[{"embeddable":true,"href":"https:\/\/ecosupplements.be\/fr\/wp-json\/wp\/v2\/comments?post=289783"}],"wp:featuredmedia":[{"embeddable":true,"href":"https:\/\/ecosupplements.be\/fr\/wp-json\/wp\/v2\/media\/260972"}],"wp:attachment":[{"href":"https:\/\/ecosupplements.be\/fr\/wp-json\/wp\/v2\/media?parent=289783"}],"wp:term":[{"taxonomy":"product_brand","embeddable":true,"href":"https:\/\/ecosupplements.be\/fr\/wp-json\/wp\/v2\/product_brand?post=289783"},{"taxonomy":"product_cat","embeddable":true,"href":"https:\/\/ecosupplements.be\/fr\/wp-json\/wp\/v2\/product_cat?post=289783"},{"taxonomy":"product_tag","embeddable":true,"href":"https:\/\/ecosupplements.be\/fr\/wp-json\/wp\/v2\/product_tag?post=289783"}],"curies":[{"name":"wp","href":"https:\/\/api.w.org\/{rel}","templated":true}]}}