{"id":289786,"date":"2022-07-05T15:21:25","date_gmt":"2022-07-05T14:21:25","guid":{"rendered":"https:\/\/ecosupplements.be\/product\/ulesbiotine-5000mcg-30-capsules-2\/"},"modified":"2025-08-27T15:02:45","modified_gmt":"2025-08-27T14:02:45","slug":"ulesbiotine-5000mcg-30-capsules-2","status":"publish","type":"product","link":"https:\/\/ecosupplements.be\/fr\/produit\/ulesbiotine-5000mcg-30-capsules-2\/","title":{"rendered":"Ules\n\nBiotine, 5000mcg &#8211; 30 capsules"},"content":{"rendered":"<h1>Biotin, 5000mcg &#8211; 30 caps<\/h1>\n<p>Obtenez des cheveux,\u2064 des ongles et une peau sains avec les capsules\u200b de \u200cbiotine de \u200dSwanson. Chaque\u2062 capsule contient 5000mcg de biotine, une vitamine B essentielle pour la sant\u00e9 des cheveux, des ongles \u200det\u2063 de la peau. \u2062La biotine est \u200b\u00e9galement connue pour soutenir la sant\u00e9 du syst\u00e8me nerveux et m\u00e9tabolique.<\/p>\n<h2>Caract\u00e9ristiques sp\u00e9ciales:<\/h2>\n<ul>\n<li>5000mcg de biotine par capsule<\/li>\n<li>Vitamine B essentielle pour la sant\u00e9 \u200cdes cheveux, des ongles\u2064 et de la peau<\/li>\n<li>Soutient \u2062la sant\u00e9 du syst\u00e8me nerveux et m\u00e9tabolique<\/li>\n<li>Facile \u00e0 prendre en capsule<\/li>\n<li>Convient aux v\u00e9g\u00e9tariens<\/li>\n<\/ul>\n<h2>Ingr\u00e9dients:<\/h2>\n<p>Biotine, cellulose microcristalline, st\u00e9arate de magn\u00e9sium, dioxyde \u200dde silicium, capsule v\u00e9g\u00e9tarienne (hypromellose).<\/p>\n<h2>Avantages uniques:<\/h2>\n<p>La biotine est une vitamine B essentielle pour la \u2064sant\u00e9 des cheveux, des ongles et de la peau. Elle aide \u200d\u00e0 renforcer les cheveux et \u200bles\u2064 ongles, \u00e0 maintenir une \u2062peau saine \u2064et \u00e0 pr\u00e9venir la chute des cheveux. La biotine est \u00e9galement importante\u2062 pour la sant\u00e9 du syst\u00e8me\u2062 nerveux et m\u00e9tabolique, aidant \u200b\u00e0 convertir les aliments en \u00e9nergie et \u00e0 maintenir un syst\u00e8me\u200b nerveux sain.<\/p>\n<h2>Conseils d&#8217;utilisation:<\/h2>\n<p>Prenez une capsule\u200b par jour avec de l&#8217;eau, de pr\u00e9f\u00e9rence\u2063 pendant \u200dun repas.<\/p>\n<h2>\u00c0\u200d propos de la marque:<\/h2>\n<p>Swanson est une\u2062 marque am\u00e9ricaine r\u00e9put\u00e9e pour ses compl\u00e9ments alimentaires de haute qualit\u00e9. Tous \u200cleurs produits sont fabriqu\u00e9s aux \u00c9tats-Unis \u2062et r\u00e9pondent aux normes de \u2062qualit\u00e9 les plus strictes. Swanson s&#8217;engage \u00e0 fournir \u200bdes produits s\u00fbrs et efficaces\u200d pour aider les gens \u00e0\u2064 atteindre une meilleure sant\u00e9 et un \u200cbien-\u00eatre optimal.<\/p>\n<p>Obtenez des cheveux, des ongles et une peau sains avec les capsules de biotine de Swanson. Commandez\u200b d\u00e8s maintenant\u200d et profitez des bienfaits de cette vitamine \u2063B essentielle pour votre sant\u00e9 globale.<\/p>\n","protected":false},"excerpt":{"rendered":"<p>Biotin, 5000mcg &#8211; 30 caps Obtenez des cheveux,\u2064 des ongles et une peau sains avec les capsules\u200b de \u200cbiotine de \u200dSwanson. Chaque\u2062 capsule contient 5000mcg de biotine, une vitamine B essentielle pour la sant\u00e9 des cheveux, des ongles \u200det\u2063 de la peau. \u2062La biotine est \u200b\u00e9galement connue pour soutenir la sant\u00e9 du syst\u00e8me nerveux et [&#8230;]\n","protected":false},"featured_media":259541,"comment_status":"open","ping_status":"open","template":"","meta":[],"product_brand":[4761],"product_cat":[5089,5052,5053],"product_tag":[],"class_list":{"0":"post-289786","1":"product","2":"type-product","3":"status-publish","4":"has-post-thumbnail","6":"product_brand-swanson-2","7":"product_cat-complements-alimentaires-pour-femmes","8":"product_cat-sante-et-bien-etre","9":"product_cat-vitamines-et-mineraux","11":"first","12":"instock","13":"taxable","14":"shipping-taxable","15":"purchasable","16":"product-type-simple"},"yoast_head":"<!-- This site is optimized with the Yoast SEO Premium plugin v27.3 (Yoast SEO v27.3) - https:\/\/yoast.com\/product\/yoast-seo-premium-wordpress\/ -->\n<title>Ules Biotine, 5000mcg - 30 capsules - ECO Supplements<\/title>\n<meta name=\"description\" content=\"Wij hebben een ruime keuze aan producten van Ules Biotine, 5000mcg - 30 capsules . Winkel bij Eco Supplements altijd gratis verzending boven 100\u20ac\" \/>\n<meta name=\"robots\" content=\"index, follow, max-snippet:-1, max-image-preview:large, max-video-preview:-1\" \/>\n<link rel=\"canonical\" href=\"https:\/\/ecosupplements.be\/fr\/produit\/ulesbiotine-5000mcg-30-capsules-2\/\" \/>\n<meta property=\"og:locale\" content=\"fr_FR\" \/>\n<meta property=\"og:type\" content=\"article\" \/>\n<meta property=\"og:title\" content=\"Ules Biotine, 5000mcg - 30 capsules\" \/>\n<meta property=\"og:description\" content=\"Wij hebben een ruime keuze aan producten van Ules Biotine, 5000mcg - 30 capsules . Winkel bij Eco Supplements altijd gratis verzending boven 100\u20ac\" \/>\n<meta property=\"og:url\" content=\"https:\/\/ecosupplements.be\/fr\/produit\/ulesbiotine-5000mcg-30-capsules-2\/\" \/>\n<meta property=\"og:site_name\" content=\"ECO Supplements\" \/>\n<meta property=\"article:modified_time\" content=\"2025-08-27T14:02:45+00:00\" \/>\n<meta property=\"og:image\" content=\"https:\/\/ecosupplements.be\/wp-content\/uploads\/2025\/08\/Biotin-5000mcg-30-caps-1-1.jpg\" \/>\n\t<meta property=\"og:image:width\" content=\"650\" \/>\n\t<meta property=\"og:image:height\" content=\"650\" \/>\n\t<meta property=\"og:image:type\" content=\"image\/jpeg\" \/>\n<meta name=\"twitter:card\" content=\"summary_large_image\" \/>\n<meta name=\"twitter:label1\" content=\"Prix\" \/>\n\t<meta name=\"twitter:data1\" content=\"2.73&nbsp;&euro;\" \/>\n\t<meta name=\"twitter:label2\" content=\"Disponibilit\u00e9\" \/>\n\t<meta name=\"twitter:data2\" content=\"En stock\" \/>\n<script type=\"application\/ld+json\" class=\"yoast-schema-graph\">{\"@context\":\"https:\\\/\\\/schema.org\",\"@graph\":[{\"@type\":[\"WebPage\",\"ItemPage\"],\"@id\":\"https:\\\/\\\/ecosupplements.be\\\/fr\\\/produit\\\/ulesbiotine-5000mcg-30-capsules-2\\\/\",\"url\":\"https:\\\/\\\/ecosupplements.be\\\/fr\\\/produit\\\/ulesbiotine-5000mcg-30-capsules-2\\\/\",\"name\":\"Ules Biotine, 5000mcg - 30 capsules - ECO Supplements\",\"isPartOf\":{\"@id\":\"https:\\\/\\\/ecosupplements.be\\\/fr\\\/#website\"},\"primaryImageOfPage\":{\"@id\":\"https:\\\/\\\/ecosupplements.be\\\/fr\\\/produit\\\/ulesbiotine-5000mcg-30-capsules-2\\\/#primaryimage\"},\"image\":{\"@id\":\"https:\\\/\\\/ecosupplements.be\\\/fr\\\/produit\\\/ulesbiotine-5000mcg-30-capsules-2\\\/#primaryimage\"},\"thumbnailUrl\":\"https:\\\/\\\/ecosupplements.be\\\/wp-content\\\/uploads\\\/2025\\\/08\\\/Biotin-5000mcg-30-caps-1.jpg\",\"datePublished\":\"2022-07-05T14:21:25+00:00\",\"dateModified\":\"2025-08-27T14:02:45+00:00\",\"description\":\"Wij hebben een ruime keuze aan producten van Ules Biotine, 5000mcg - 30 capsules . Winkel bij Eco Supplements altijd gratis verzending boven 100\u20ac\",\"breadcrumb\":{\"@id\":\"https:\\\/\\\/ecosupplements.be\\\/fr\\\/produit\\\/ulesbiotine-5000mcg-30-capsules-2\\\/#breadcrumb\"},\"inLanguage\":\"fr-FR\",\"potentialAction\":[{\"@type\":\"ReadAction\",\"target\":[\"https:\\\/\\\/ecosupplements.be\\\/fr\\\/produit\\\/ulesbiotine-5000mcg-30-capsules-2\\\/\"]}]},{\"@type\":\"ImageObject\",\"inLanguage\":\"fr-FR\",\"@id\":\"https:\\\/\\\/ecosupplements.be\\\/fr\\\/produit\\\/ulesbiotine-5000mcg-30-capsules-2\\\/#primaryimage\",\"url\":\"https:\\\/\\\/ecosupplements.be\\\/wp-content\\\/uploads\\\/2025\\\/08\\\/Biotin-5000mcg-30-caps-1.jpg\",\"contentUrl\":\"https:\\\/\\\/ecosupplements.be\\\/wp-content\\\/uploads\\\/2025\\\/08\\\/Biotin-5000mcg-30-caps-1.jpg\",\"width\":650,\"height\":650},{\"@type\":\"BreadcrumbList\",\"@id\":\"https:\\\/\\\/ecosupplements.be\\\/fr\\\/produit\\\/ulesbiotine-5000mcg-30-capsules-2\\\/#breadcrumb\",\"itemListElement\":[{\"@type\":\"ListItem\",\"position\":1,\"name\":\"Home\",\"item\":\"https:\\\/\\\/ecosupplements.be\\\/fr\\\/\"},{\"@type\":\"ListItem\",\"position\":2,\"name\":\"Boutique\",\"item\":\"https:\\\/\\\/ecosupplements.be\\\/fr\\\/boutique\\\/\"},{\"@type\":\"ListItem\",\"position\":3,\"name\":\"Ules Biotine, 5000mcg &#8211; 30 capsules\"}]},{\"@type\":\"WebSite\",\"@id\":\"https:\\\/\\\/ecosupplements.be\\\/fr\\\/#website\",\"url\":\"https:\\\/\\\/ecosupplements.be\\\/fr\\\/\",\"name\":\"ECO Supplements\",\"description\":\"Eco Supplements - Gezonde supplementen\",\"publisher\":{\"@id\":\"https:\\\/\\\/ecosupplements.be\\\/fr\\\/#organization\"},\"potentialAction\":[{\"@type\":\"SearchAction\",\"target\":{\"@type\":\"EntryPoint\",\"urlTemplate\":\"https:\\\/\\\/ecosupplements.be\\\/fr\\\/?s={search_term_string}\"},\"query-input\":{\"@type\":\"PropertyValueSpecification\",\"valueRequired\":true,\"valueName\":\"search_term_string\"}}],\"inLanguage\":\"fr-FR\"},{\"@type\":\"Organization\",\"@id\":\"https:\\\/\\\/ecosupplements.be\\\/fr\\\/#organization\",\"name\":\"Eco Supplements\",\"url\":\"https:\\\/\\\/ecosupplements.be\\\/fr\\\/\",\"logo\":{\"@type\":\"ImageObject\",\"inLanguage\":\"fr-FR\",\"@id\":\"https:\\\/\\\/ecosupplements.be\\\/fr\\\/#\\\/schema\\\/logo\\\/image\\\/\",\"url\":\"https:\\\/\\\/ecosupplements.be\\\/wp-content\\\/uploads\\\/2022\\\/06\\\/ecosupplement-family.png\",\"contentUrl\":\"https:\\\/\\\/ecosupplements.be\\\/wp-content\\\/uploads\\\/2022\\\/06\\\/ecosupplement-family.png\",\"width\":593,\"height\":374,\"caption\":\"Eco Supplements\"},\"image\":{\"@id\":\"https:\\\/\\\/ecosupplements.be\\\/fr\\\/#\\\/schema\\\/logo\\\/image\\\/\"}}]}<\/script>\n<meta property=\"product:brand\" content=\"Swanson\" \/>\n<meta property=\"product:price:amount\" content=\"2.73\" \/>\n<meta property=\"product:price:currency\" content=\"EUR\" \/>\n<meta property=\"og:availability\" content=\"instock\" \/>\n<meta property=\"product:availability\" content=\"instock\" \/>\n<meta property=\"product:retailer_item_id\" content=\"087614112398\" \/>\n<meta property=\"product:condition\" content=\"new\" \/>\n<!-- \/ Yoast SEO Premium plugin. -->","yoast_head_json":{"title":"Ules Biotine, 5000mcg - 30 capsules - ECO Supplements","description":"Wij hebben een ruime keuze aan producten van Ules Biotine, 5000mcg - 30 capsules . Winkel bij Eco Supplements altijd gratis verzending boven 100\u20ac","robots":{"index":"index","follow":"follow","max-snippet":"max-snippet:-1","max-image-preview":"max-image-preview:large","max-video-preview":"max-video-preview:-1"},"canonical":"https:\/\/ecosupplements.be\/fr\/produit\/ulesbiotine-5000mcg-30-capsules-2\/","og_locale":"fr_FR","og_type":"article","og_title":"Ules Biotine, 5000mcg - 30 capsules","og_description":"Wij hebben een ruime keuze aan producten van Ules Biotine, 5000mcg - 30 capsules . Winkel bij Eco Supplements altijd gratis verzending boven 100\u20ac","og_url":"https:\/\/ecosupplements.be\/fr\/produit\/ulesbiotine-5000mcg-30-capsules-2\/","og_site_name":"ECO Supplements","article_modified_time":"2025-08-27T14:02:45+00:00","og_image":[{"width":650,"height":650,"url":"https:\/\/ecosupplements.be\/wp-content\/uploads\/2025\/08\/Biotin-5000mcg-30-caps-1-1.jpg","type":"image\/jpeg"}],"twitter_card":"summary_large_image","twitter_misc":{"Prix":"2.73&nbsp;&euro;","Disponibilit\u00e9":"En stock"},"schema":{"@context":"https:\/\/schema.org","@graph":[{"@type":["WebPage","ItemPage"],"@id":"https:\/\/ecosupplements.be\/fr\/produit\/ulesbiotine-5000mcg-30-capsules-2\/","url":"https:\/\/ecosupplements.be\/fr\/produit\/ulesbiotine-5000mcg-30-capsules-2\/","name":"Ules Biotine, 5000mcg - 30 capsules - ECO Supplements","isPartOf":{"@id":"https:\/\/ecosupplements.be\/fr\/#website"},"primaryImageOfPage":{"@id":"https:\/\/ecosupplements.be\/fr\/produit\/ulesbiotine-5000mcg-30-capsules-2\/#primaryimage"},"image":{"@id":"https:\/\/ecosupplements.be\/fr\/produit\/ulesbiotine-5000mcg-30-capsules-2\/#primaryimage"},"thumbnailUrl":"https:\/\/ecosupplements.be\/wp-content\/uploads\/2025\/08\/Biotin-5000mcg-30-caps-1.jpg","datePublished":"2022-07-05T14:21:25+00:00","dateModified":"2025-08-27T14:02:45+00:00","description":"Wij hebben een ruime keuze aan producten van Ules Biotine, 5000mcg - 30 capsules . Winkel bij Eco Supplements altijd gratis verzending boven 100\u20ac","breadcrumb":{"@id":"https:\/\/ecosupplements.be\/fr\/produit\/ulesbiotine-5000mcg-30-capsules-2\/#breadcrumb"},"inLanguage":"fr-FR","potentialAction":[{"@type":"ReadAction","target":["https:\/\/ecosupplements.be\/fr\/produit\/ulesbiotine-5000mcg-30-capsules-2\/"]}]},{"@type":"ImageObject","inLanguage":"fr-FR","@id":"https:\/\/ecosupplements.be\/fr\/produit\/ulesbiotine-5000mcg-30-capsules-2\/#primaryimage","url":"https:\/\/ecosupplements.be\/wp-content\/uploads\/2025\/08\/Biotin-5000mcg-30-caps-1.jpg","contentUrl":"https:\/\/ecosupplements.be\/wp-content\/uploads\/2025\/08\/Biotin-5000mcg-30-caps-1.jpg","width":650,"height":650},{"@type":"BreadcrumbList","@id":"https:\/\/ecosupplements.be\/fr\/produit\/ulesbiotine-5000mcg-30-capsules-2\/#breadcrumb","itemListElement":[{"@type":"ListItem","position":1,"name":"Home","item":"https:\/\/ecosupplements.be\/fr\/"},{"@type":"ListItem","position":2,"name":"Boutique","item":"https:\/\/ecosupplements.be\/fr\/boutique\/"},{"@type":"ListItem","position":3,"name":"Ules Biotine, 5000mcg &#8211; 30 capsules"}]},{"@type":"WebSite","@id":"https:\/\/ecosupplements.be\/fr\/#website","url":"https:\/\/ecosupplements.be\/fr\/","name":"ECO Supplements","description":"Eco Supplements - Gezonde supplementen","publisher":{"@id":"https:\/\/ecosupplements.be\/fr\/#organization"},"potentialAction":[{"@type":"SearchAction","target":{"@type":"EntryPoint","urlTemplate":"https:\/\/ecosupplements.be\/fr\/?s={search_term_string}"},"query-input":{"@type":"PropertyValueSpecification","valueRequired":true,"valueName":"search_term_string"}}],"inLanguage":"fr-FR"},{"@type":"Organization","@id":"https:\/\/ecosupplements.be\/fr\/#organization","name":"Eco Supplements","url":"https:\/\/ecosupplements.be\/fr\/","logo":{"@type":"ImageObject","inLanguage":"fr-FR","@id":"https:\/\/ecosupplements.be\/fr\/#\/schema\/logo\/image\/","url":"https:\/\/ecosupplements.be\/wp-content\/uploads\/2022\/06\/ecosupplement-family.png","contentUrl":"https:\/\/ecosupplements.be\/wp-content\/uploads\/2022\/06\/ecosupplement-family.png","width":593,"height":374,"caption":"Eco Supplements"},"image":{"@id":"https:\/\/ecosupplements.be\/fr\/#\/schema\/logo\/image\/"}}]},"product_brand":"Swanson","product_price_amount":"2.73","product_price_currency":"EUR","og_availability":"instock","product_availability":"instock","product_retailer_item_id":"087614112398","product_condition":"new"},"_links":{"self":[{"href":"https:\/\/ecosupplements.be\/fr\/wp-json\/wp\/v2\/product\/289786","targetHints":{"allow":["GET"]}}],"collection":[{"href":"https:\/\/ecosupplements.be\/fr\/wp-json\/wp\/v2\/product"}],"about":[{"href":"https:\/\/ecosupplements.be\/fr\/wp-json\/wp\/v2\/types\/product"}],"replies":[{"embeddable":true,"href":"https:\/\/ecosupplements.be\/fr\/wp-json\/wp\/v2\/comments?post=289786"}],"wp:featuredmedia":[{"embeddable":true,"href":"https:\/\/ecosupplements.be\/fr\/wp-json\/wp\/v2\/media\/259541"}],"wp:attachment":[{"href":"https:\/\/ecosupplements.be\/fr\/wp-json\/wp\/v2\/media?parent=289786"}],"wp:term":[{"taxonomy":"product_brand","embeddable":true,"href":"https:\/\/ecosupplements.be\/fr\/wp-json\/wp\/v2\/product_brand?post=289786"},{"taxonomy":"product_cat","embeddable":true,"href":"https:\/\/ecosupplements.be\/fr\/wp-json\/wp\/v2\/product_cat?post=289786"},{"taxonomy":"product_tag","embeddable":true,"href":"https:\/\/ecosupplements.be\/fr\/wp-json\/wp\/v2\/product_tag?post=289786"}],"curies":[{"name":"wp","href":"https:\/\/api.w.org\/{rel}","templated":true}]}}