{"id":289804,"date":"2023-02-12T17:16:25","date_gmt":"2023-02-12T16:16:25","guid":{"rendered":"https:\/\/ecosupplements.be\/product\/baies-de-genevrier-a-spectre-complet-520mg-100-capsules\/"},"modified":"2025-08-27T15:03:02","modified_gmt":"2025-08-27T14:03:02","slug":"baies-de-genevrier-a-spectre-complet-520mg-100-capsules","status":"publish","type":"product","link":"https:\/\/ecosupplements.be\/fr\/produit\/baies-de-genevrier-a-spectre-complet-520mg-100-capsules\/","title":{"rendered":"Baies de gen\u00e9vrier \u00e0 spectre complet, 520mg &#8211; 100 capsules"},"content":{"rendered":"<h1> D\u00e9couvrez les bienfaits des \u200dbaies de geni\u00e8vre \u200bavec \u2064les capsules Full Spectrum Juniper Berries de Swanson ! <\/h1>\n<p>Les \u200cbaies de geni\u00e8vre\u200b sont utilis\u00e9es depuis\u200b des si\u00e8cles pour leurs propri\u00e9t\u00e9s m\u00e9dicinales et\u200c culinaires. \u2064Avec les capsules Full Spectrum Juniper \u200bBerries de Swanson, vous pouvez profiter de tous les\u200b bienfaits de ces baies\u2064 dans un\u200c format pratique et facile\u2063 \u00e0\u200b consommer.<\/p>\n<p>Chaque capsule contient \u2064520mg \u200dde baies de\u200c geni\u00e8vre de qualit\u00e9 sup\u00e9rieure, soigneusement \u2064s\u00e9lectionn\u00e9es pour leur richesse en nutriments\u200d et en compos\u00e9s actifs. Ces baies sont r\u00e9colt\u00e9es \u00e0 la main dans leur\u200d environnement naturel,\u200d puis s\u00e9ch\u00e9es et broy\u00e9es pour en extraire tous les bienfaits.<\/p>\n<p>Les baies de geni\u00e8vre \u200bsont riches \u200ben antioxydants, en vitamines et en min\u00e9raux essentiels tels que le fer, le calcium et le potassium.\u200c Elles sont \u00e9galement \u200bune source naturelle de\u2062 fibres et \u200bde compos\u00e9s \u2063anti-inflammatoires, ce\u200b qui en fait un\u200c excellent compl\u00e9ment pour soutenir la sant\u00e9 \u200ddigestive et immunitaire.<\/p>\n<p>Les capsules Full Spectrum Juniper Berries \u200bde Swanson sont \u00e9galement un excellent choix pour\u200c les personnes souffrant de douleurs articulaires et\u2063 musculaires, gr\u00e2ce \u00e0 leurs propri\u00e9t\u00e9s anti-inflammatoires et analg\u00e9siques. Elles \u200dpeuvent \u00e9galement aider \u00e0 maintenir un taux\u200d de cholest\u00e9rol sain et \u00e0 soutenir la sant\u00e9 cardiovasculaire.<\/p>\n<p>Ajoutez les capsules Full Spectrum\u2063 Juniper\u2063 Berries \u200dde Swanson \u00e0 votre routine quotidienne pour profiter de\u200d tous les bienfaits\u2062 de ces baies polyvalentes\u2062 et b\u00e9n\u00e9fiques pour la sant\u00e9. \u200cChaque flacon contient\u2063 100\u200b capsules, ce\u2064 qui vous permet de b\u00e9n\u00e9ficier d&#8217;un approvisionnement pour une longue p\u00e9riode.<\/p>\n<p>N&#8217;attendez\u2064 plus pour d\u00e9couvrir les bienfaits des \u200cbaies de geni\u00e8vre avec les capsules Full Spectrum Juniper Berries \u2064de\u2062 Swanson \u2064!<\/p>\n","protected":false},"excerpt":{"rendered":"<p>D\u00e9couvrez les bienfaits des \u200dbaies de geni\u00e8vre \u200bavec \u2064les capsules Full Spectrum Juniper Berries de Swanson ! Les \u200cbaies de geni\u00e8vre\u200b sont utilis\u00e9es depuis\u200b des si\u00e8cles pour leurs propri\u00e9t\u00e9s m\u00e9dicinales et\u200c culinaires. \u2064Avec les capsules Full Spectrum Juniper \u200bBerries de Swanson, vous pouvez profiter de tous les\u200b bienfaits de ces baies\u2064 dans un\u200c format pratique [&#8230;]\n","protected":false},"featured_media":262548,"comment_status":"open","ping_status":"open","template":"","meta":[],"product_brand":[4761],"product_cat":[5087,5052],"product_tag":[],"class_list":{"0":"post-289804","1":"product","2":"type-product","3":"status-publish","4":"has-post-thumbnail","6":"product_brand-swanson-2","7":"product_cat-sante-digestive-fibres","8":"product_cat-sante-et-bien-etre","10":"first","11":"instock","12":"taxable","13":"shipping-taxable","14":"purchasable","15":"product-type-simple"},"yoast_head":"<!-- This site is optimized with the Yoast SEO Premium plugin v27.5 (Yoast SEO v27.5) - https:\/\/yoast.com\/product\/yoast-seo-premium-wordpress\/ -->\n<title>Baies de gen\u00e9vrier \u00e0 spectre complet, 520mg - 100 capsules - ECO Supplements<\/title>\n<meta name=\"description\" content=\"Wij hebben een ruime keuze aan producten van Baies de gen\u00e9vrier \u00e0 spectre complet, 520mg - 100 capsules . Winkel bij Eco Supplements altijd gratis verzending boven 100\u20ac\" \/>\n<meta name=\"robots\" content=\"index, follow, max-snippet:-1, max-image-preview:large, max-video-preview:-1\" \/>\n<link rel=\"canonical\" href=\"https:\/\/ecosupplements.be\/fr\/produit\/baies-de-genevrier-a-spectre-complet-520mg-100-capsules\/\" \/>\n<meta property=\"og:locale\" content=\"fr_FR\" \/>\n<meta property=\"og:type\" content=\"article\" \/>\n<meta property=\"og:title\" content=\"Baies de gen\u00e9vrier \u00e0 spectre complet, 520mg - 100 capsules\" \/>\n<meta property=\"og:description\" content=\"Wij hebben een ruime keuze aan producten van Baies de gen\u00e9vrier \u00e0 spectre complet, 520mg - 100 capsules . Winkel bij Eco Supplements altijd gratis verzending boven 100\u20ac\" \/>\n<meta property=\"og:url\" content=\"https:\/\/ecosupplements.be\/fr\/produit\/baies-de-genevrier-a-spectre-complet-520mg-100-capsules\/\" \/>\n<meta property=\"og:site_name\" content=\"ECO Supplements\" \/>\n<meta property=\"article:modified_time\" content=\"2025-08-27T14:03:02+00:00\" \/>\n<meta property=\"og:image\" content=\"https:\/\/ecosupplements.be\/wp-content\/uploads\/2025\/08\/Full-Spectrum-Juniper-Berries-520mg-100-caps-1.jpg\" \/>\n\t<meta property=\"og:image:width\" content=\"600\" \/>\n\t<meta property=\"og:image:height\" content=\"600\" \/>\n\t<meta property=\"og:image:type\" content=\"image\/jpeg\" \/>\n<meta name=\"twitter:card\" content=\"summary_large_image\" \/>\n<meta name=\"twitter:label1\" content=\"Prix\" \/>\n\t<meta name=\"twitter:data1\" content=\"12.53&nbsp;&euro;\" \/>\n\t<meta name=\"twitter:label2\" content=\"Disponibilit\u00e9\" \/>\n\t<meta name=\"twitter:data2\" content=\"En stock\" \/>\n<script type=\"application\/ld+json\" class=\"yoast-schema-graph\">{\"@context\":\"https:\\\/\\\/schema.org\",\"@graph\":[{\"@type\":[\"WebPage\",\"ItemPage\"],\"@id\":\"https:\\\/\\\/ecosupplements.be\\\/fr\\\/produit\\\/baies-de-genevrier-a-spectre-complet-520mg-100-capsules\\\/\",\"url\":\"https:\\\/\\\/ecosupplements.be\\\/fr\\\/produit\\\/baies-de-genevrier-a-spectre-complet-520mg-100-capsules\\\/\",\"name\":\"Baies de gen\u00e9vrier \u00e0 spectre complet, 520mg - 100 capsules - ECO Supplements\",\"isPartOf\":{\"@id\":\"https:\\\/\\\/ecosupplements.be\\\/fr\\\/#website\"},\"primaryImageOfPage\":{\"@id\":\"https:\\\/\\\/ecosupplements.be\\\/fr\\\/produit\\\/baies-de-genevrier-a-spectre-complet-520mg-100-capsules\\\/#primaryimage\"},\"image\":{\"@id\":\"https:\\\/\\\/ecosupplements.be\\\/fr\\\/produit\\\/baies-de-genevrier-a-spectre-complet-520mg-100-capsules\\\/#primaryimage\"},\"thumbnailUrl\":\"https:\\\/\\\/ecosupplements.be\\\/wp-content\\\/uploads\\\/2025\\\/08\\\/Full-Spectrum-Juniper-Berries-520mg-100-caps.jpg\",\"datePublished\":\"2023-02-12T16:16:25+00:00\",\"dateModified\":\"2025-08-27T14:03:02+00:00\",\"description\":\"Wij hebben een ruime keuze aan producten van Baies de gen\u00e9vrier \u00e0 spectre complet, 520mg - 100 capsules . Winkel bij Eco Supplements altijd gratis verzending boven 100\u20ac\",\"breadcrumb\":{\"@id\":\"https:\\\/\\\/ecosupplements.be\\\/fr\\\/produit\\\/baies-de-genevrier-a-spectre-complet-520mg-100-capsules\\\/#breadcrumb\"},\"inLanguage\":\"fr-FR\",\"potentialAction\":[{\"@type\":\"ReadAction\",\"target\":[\"https:\\\/\\\/ecosupplements.be\\\/fr\\\/produit\\\/baies-de-genevrier-a-spectre-complet-520mg-100-capsules\\\/\"]}]},{\"@type\":\"ImageObject\",\"inLanguage\":\"fr-FR\",\"@id\":\"https:\\\/\\\/ecosupplements.be\\\/fr\\\/produit\\\/baies-de-genevrier-a-spectre-complet-520mg-100-capsules\\\/#primaryimage\",\"url\":\"https:\\\/\\\/ecosupplements.be\\\/wp-content\\\/uploads\\\/2025\\\/08\\\/Full-Spectrum-Juniper-Berries-520mg-100-caps.jpg\",\"contentUrl\":\"https:\\\/\\\/ecosupplements.be\\\/wp-content\\\/uploads\\\/2025\\\/08\\\/Full-Spectrum-Juniper-Berries-520mg-100-caps.jpg\",\"width\":600,\"height\":600},{\"@type\":\"BreadcrumbList\",\"@id\":\"https:\\\/\\\/ecosupplements.be\\\/fr\\\/produit\\\/baies-de-genevrier-a-spectre-complet-520mg-100-capsules\\\/#breadcrumb\",\"itemListElement\":[{\"@type\":\"ListItem\",\"position\":1,\"name\":\"Home\",\"item\":\"https:\\\/\\\/ecosupplements.be\\\/fr\\\/\"},{\"@type\":\"ListItem\",\"position\":2,\"name\":\"Boutique\",\"item\":\"https:\\\/\\\/ecosupplements.be\\\/fr\\\/boutique\\\/\"},{\"@type\":\"ListItem\",\"position\":3,\"name\":\"Baies de gen\u00e9vrier \u00e0 spectre complet, 520mg &#8211; 100 capsules\"}]},{\"@type\":\"WebSite\",\"@id\":\"https:\\\/\\\/ecosupplements.be\\\/fr\\\/#website\",\"url\":\"https:\\\/\\\/ecosupplements.be\\\/fr\\\/\",\"name\":\"ECO Supplements\",\"description\":\"Eco Supplements - Gezonde supplementen\",\"publisher\":{\"@id\":\"https:\\\/\\\/ecosupplements.be\\\/fr\\\/#organization\"},\"potentialAction\":[{\"@type\":\"SearchAction\",\"target\":{\"@type\":\"EntryPoint\",\"urlTemplate\":\"https:\\\/\\\/ecosupplements.be\\\/fr\\\/?s={search_term_string}\"},\"query-input\":{\"@type\":\"PropertyValueSpecification\",\"valueRequired\":true,\"valueName\":\"search_term_string\"}}],\"inLanguage\":\"fr-FR\"},{\"@type\":\"Organization\",\"@id\":\"https:\\\/\\\/ecosupplements.be\\\/fr\\\/#organization\",\"name\":\"Eco Supplements\",\"url\":\"https:\\\/\\\/ecosupplements.be\\\/fr\\\/\",\"logo\":{\"@type\":\"ImageObject\",\"inLanguage\":\"fr-FR\",\"@id\":\"https:\\\/\\\/ecosupplements.be\\\/fr\\\/#\\\/schema\\\/logo\\\/image\\\/\",\"url\":\"https:\\\/\\\/ecosupplements.be\\\/wp-content\\\/uploads\\\/2022\\\/06\\\/ecosupplement-family.png\",\"contentUrl\":\"https:\\\/\\\/ecosupplements.be\\\/wp-content\\\/uploads\\\/2022\\\/06\\\/ecosupplement-family.png\",\"width\":593,\"height\":374,\"caption\":\"Eco Supplements\"},\"image\":{\"@id\":\"https:\\\/\\\/ecosupplements.be\\\/fr\\\/#\\\/schema\\\/logo\\\/image\\\/\"}}]}<\/script>\n<meta property=\"product:brand\" content=\"Swanson\" \/>\n<meta property=\"product:price:amount\" content=\"12.53\" \/>\n<meta property=\"product:price:currency\" content=\"EUR\" \/>\n<meta property=\"og:availability\" content=\"instock\" \/>\n<meta property=\"product:availability\" content=\"instock\" \/>\n<meta property=\"product:retailer_item_id\" content=\"087614110370\" \/>\n<meta property=\"product:condition\" content=\"new\" \/>\n<!-- \/ Yoast SEO Premium plugin. -->","yoast_head_json":{"title":"Baies de gen\u00e9vrier \u00e0 spectre complet, 520mg - 100 capsules - ECO Supplements","description":"Wij hebben een ruime keuze aan producten van Baies de gen\u00e9vrier \u00e0 spectre complet, 520mg - 100 capsules . Winkel bij Eco Supplements altijd gratis verzending boven 100\u20ac","robots":{"index":"index","follow":"follow","max-snippet":"max-snippet:-1","max-image-preview":"max-image-preview:large","max-video-preview":"max-video-preview:-1"},"canonical":"https:\/\/ecosupplements.be\/fr\/produit\/baies-de-genevrier-a-spectre-complet-520mg-100-capsules\/","og_locale":"fr_FR","og_type":"article","og_title":"Baies de gen\u00e9vrier \u00e0 spectre complet, 520mg - 100 capsules","og_description":"Wij hebben een ruime keuze aan producten van Baies de gen\u00e9vrier \u00e0 spectre complet, 520mg - 100 capsules . Winkel bij Eco Supplements altijd gratis verzending boven 100\u20ac","og_url":"https:\/\/ecosupplements.be\/fr\/produit\/baies-de-genevrier-a-spectre-complet-520mg-100-capsules\/","og_site_name":"ECO Supplements","article_modified_time":"2025-08-27T14:03:02+00:00","og_image":[{"width":600,"height":600,"url":"https:\/\/ecosupplements.be\/wp-content\/uploads\/2025\/08\/Full-Spectrum-Juniper-Berries-520mg-100-caps-1.jpg","type":"image\/jpeg"}],"twitter_card":"summary_large_image","twitter_misc":{"Prix":"12.53&nbsp;&euro;","Disponibilit\u00e9":"En stock"},"schema":{"@context":"https:\/\/schema.org","@graph":[{"@type":["WebPage","ItemPage"],"@id":"https:\/\/ecosupplements.be\/fr\/produit\/baies-de-genevrier-a-spectre-complet-520mg-100-capsules\/","url":"https:\/\/ecosupplements.be\/fr\/produit\/baies-de-genevrier-a-spectre-complet-520mg-100-capsules\/","name":"Baies de gen\u00e9vrier \u00e0 spectre complet, 520mg - 100 capsules - ECO Supplements","isPartOf":{"@id":"https:\/\/ecosupplements.be\/fr\/#website"},"primaryImageOfPage":{"@id":"https:\/\/ecosupplements.be\/fr\/produit\/baies-de-genevrier-a-spectre-complet-520mg-100-capsules\/#primaryimage"},"image":{"@id":"https:\/\/ecosupplements.be\/fr\/produit\/baies-de-genevrier-a-spectre-complet-520mg-100-capsules\/#primaryimage"},"thumbnailUrl":"https:\/\/ecosupplements.be\/wp-content\/uploads\/2025\/08\/Full-Spectrum-Juniper-Berries-520mg-100-caps.jpg","datePublished":"2023-02-12T16:16:25+00:00","dateModified":"2025-08-27T14:03:02+00:00","description":"Wij hebben een ruime keuze aan producten van Baies de gen\u00e9vrier \u00e0 spectre complet, 520mg - 100 capsules . Winkel bij Eco Supplements altijd gratis verzending boven 100\u20ac","breadcrumb":{"@id":"https:\/\/ecosupplements.be\/fr\/produit\/baies-de-genevrier-a-spectre-complet-520mg-100-capsules\/#breadcrumb"},"inLanguage":"fr-FR","potentialAction":[{"@type":"ReadAction","target":["https:\/\/ecosupplements.be\/fr\/produit\/baies-de-genevrier-a-spectre-complet-520mg-100-capsules\/"]}]},{"@type":"ImageObject","inLanguage":"fr-FR","@id":"https:\/\/ecosupplements.be\/fr\/produit\/baies-de-genevrier-a-spectre-complet-520mg-100-capsules\/#primaryimage","url":"https:\/\/ecosupplements.be\/wp-content\/uploads\/2025\/08\/Full-Spectrum-Juniper-Berries-520mg-100-caps.jpg","contentUrl":"https:\/\/ecosupplements.be\/wp-content\/uploads\/2025\/08\/Full-Spectrum-Juniper-Berries-520mg-100-caps.jpg","width":600,"height":600},{"@type":"BreadcrumbList","@id":"https:\/\/ecosupplements.be\/fr\/produit\/baies-de-genevrier-a-spectre-complet-520mg-100-capsules\/#breadcrumb","itemListElement":[{"@type":"ListItem","position":1,"name":"Home","item":"https:\/\/ecosupplements.be\/fr\/"},{"@type":"ListItem","position":2,"name":"Boutique","item":"https:\/\/ecosupplements.be\/fr\/boutique\/"},{"@type":"ListItem","position":3,"name":"Baies de gen\u00e9vrier \u00e0 spectre complet, 520mg &#8211; 100 capsules"}]},{"@type":"WebSite","@id":"https:\/\/ecosupplements.be\/fr\/#website","url":"https:\/\/ecosupplements.be\/fr\/","name":"ECO Supplements","description":"Eco Supplements - Gezonde supplementen","publisher":{"@id":"https:\/\/ecosupplements.be\/fr\/#organization"},"potentialAction":[{"@type":"SearchAction","target":{"@type":"EntryPoint","urlTemplate":"https:\/\/ecosupplements.be\/fr\/?s={search_term_string}"},"query-input":{"@type":"PropertyValueSpecification","valueRequired":true,"valueName":"search_term_string"}}],"inLanguage":"fr-FR"},{"@type":"Organization","@id":"https:\/\/ecosupplements.be\/fr\/#organization","name":"Eco Supplements","url":"https:\/\/ecosupplements.be\/fr\/","logo":{"@type":"ImageObject","inLanguage":"fr-FR","@id":"https:\/\/ecosupplements.be\/fr\/#\/schema\/logo\/image\/","url":"https:\/\/ecosupplements.be\/wp-content\/uploads\/2022\/06\/ecosupplement-family.png","contentUrl":"https:\/\/ecosupplements.be\/wp-content\/uploads\/2022\/06\/ecosupplement-family.png","width":593,"height":374,"caption":"Eco Supplements"},"image":{"@id":"https:\/\/ecosupplements.be\/fr\/#\/schema\/logo\/image\/"}}]},"product_brand":"Swanson","product_price_amount":"12.53","product_price_currency":"EUR","og_availability":"instock","product_availability":"instock","product_retailer_item_id":"087614110370","product_condition":"new"},"_links":{"self":[{"href":"https:\/\/ecosupplements.be\/fr\/wp-json\/wp\/v2\/product\/289804","targetHints":{"allow":["GET"]}}],"collection":[{"href":"https:\/\/ecosupplements.be\/fr\/wp-json\/wp\/v2\/product"}],"about":[{"href":"https:\/\/ecosupplements.be\/fr\/wp-json\/wp\/v2\/types\/product"}],"replies":[{"embeddable":true,"href":"https:\/\/ecosupplements.be\/fr\/wp-json\/wp\/v2\/comments?post=289804"}],"wp:featuredmedia":[{"embeddable":true,"href":"https:\/\/ecosupplements.be\/fr\/wp-json\/wp\/v2\/media\/262548"}],"wp:attachment":[{"href":"https:\/\/ecosupplements.be\/fr\/wp-json\/wp\/v2\/media?parent=289804"}],"wp:term":[{"taxonomy":"product_brand","embeddable":true,"href":"https:\/\/ecosupplements.be\/fr\/wp-json\/wp\/v2\/product_brand?post=289804"},{"taxonomy":"product_cat","embeddable":true,"href":"https:\/\/ecosupplements.be\/fr\/wp-json\/wp\/v2\/product_cat?post=289804"},{"taxonomy":"product_tag","embeddable":true,"href":"https:\/\/ecosupplements.be\/fr\/wp-json\/wp\/v2\/product_tag?post=289804"}],"curies":[{"name":"wp","href":"https:\/\/api.w.org\/{rel}","templated":true}]}}