{"id":289909,"date":"2024-05-19T13:41:03","date_gmt":"2024-05-19T12:41:03","guid":{"rendered":"https:\/\/ecosupplements.be\/product\/enzymedica-magnesium-motion-120-caps\/"},"modified":"2025-08-27T15:04:53","modified_gmt":"2025-08-27T14:04:53","slug":"enzymedica-magnesium-motion-120-caps","status":"publish","type":"product","link":"https:\/\/ecosupplements.be\/fr\/produit\/enzymedica-magnesium-motion-120-caps\/","title":{"rendered":"Enzymedica &#8211; Magn\u00e9sium Mobilit\u00e9 &#8211; 120 g\u00e9lules"},"content":{"rendered":"<h2>Enzymedica &#8211; Magnesium Motion &#8211; 120 caps<\/h2>\n<p>D\u00e9couvrez le <strong>Magnesium Motion<\/strong> d&#8217;Enzymedica, un choix parfait pour ceux qui appr\u00e9cient les ingr\u00e9dients naturels dans un mode de vie sain. Ce produit est con\u00e7u avec une attention particuli\u00e8re \u00e0 la qualit\u00e9 et \u00e0 l&#8217;origine naturelle de ses composants.<\/p>\n<p>Ce compl\u00e9ment est \u00e9labor\u00e9 aux \u00c9tats-Unis et se pr\u00e9sente sous forme de capsules, avec un total de 120 unit\u00e9s par emballage. Chaque capsule contient du magn\u00e9sium, extrait dans le respect des normes de puret\u00e9 \u00e9lev\u00e9es, garantissant ainsi une grande qualit\u00e9 sans all\u00e9gations m\u00e9dicales ou th\u00e9rapeutiques.<\/p>\n<p><strong>Ingr\u00e9dients principaux :<\/strong> magn\u00e9sium d&#8217;origine naturelle.<\/p>\n<p><strong>Utilisation :<\/strong> Suivez les instructions sur l&#8217;emballage pour la dose journali\u00e8re recommand\u00e9e.<\/p>\n<p>Ce produit se distingue par sa facilit\u00e9 d&#8217;utilisation quotidienne et son format pratique qui convient parfaitement \u00e0 votre rythme de vie actif. Les capsules sont faciles \u00e0 int\u00e9grer dans votre routine quotidienne sans complication.<\/p>\n<p>Avec Enzymedica &#8211; Magnesium Motion, optez pour un compl\u00e9ment simple et pratique au quotidien tout en appr\u00e9ciant la puret\u00e9 et l&#8217;authenticit\u00e9 des ingr\u00e9dients utilis\u00e9s.<\/p>\n","protected":false},"excerpt":{"rendered":"<p>Enzymedica &#8211; Magnesium Motion &#8211; 120 caps D\u00e9couvrez le Magnesium Motion d&#8217;Enzymedica, un choix parfait pour ceux qui appr\u00e9cient les ingr\u00e9dients naturels dans un mode de vie sain. Ce produit est con\u00e7u avec une attention particuli\u00e8re \u00e0 la qualit\u00e9 et \u00e0 l&#8217;origine naturelle de ses composants. Ce compl\u00e9ment est \u00e9labor\u00e9 aux \u00c9tats-Unis et se pr\u00e9sente [&#8230;]\n","protected":false},"featured_media":265580,"comment_status":"open","ping_status":"open","template":"","meta":[],"product_brand":[4678],"product_cat":[5052],"product_tag":[],"class_list":{"0":"post-289909","1":"product","2":"type-product","3":"status-publish","4":"has-post-thumbnail","6":"product_brand-enzymedica-2","7":"product_cat-sante-et-bien-etre","9":"first","10":"instock","11":"sale","12":"taxable","13":"shipping-taxable","14":"purchasable","15":"product-type-simple"},"yoast_head":"<!-- This site is optimized with the Yoast SEO Premium plugin v27.3 (Yoast SEO v27.3) - https:\/\/yoast.com\/product\/yoast-seo-premium-wordpress\/ -->\n<title>Enzymedica - Magn\u00e9sium Mobilit\u00e9 - 120 g\u00e9lules - ECO Supplements<\/title>\n<meta name=\"description\" content=\"Wij hebben een ruime keuze aan producten van Enzymedica - Magn\u00e9sium Mobilit\u00e9 - 120 g\u00e9lules . Winkel bij Eco Supplements altijd gratis verzending boven 100\u20ac\" \/>\n<meta name=\"robots\" content=\"index, follow, max-snippet:-1, max-image-preview:large, max-video-preview:-1\" \/>\n<link rel=\"canonical\" href=\"https:\/\/ecosupplements.be\/fr\/produit\/enzymedica-magnesium-motion-120-caps\/\" \/>\n<meta property=\"og:locale\" content=\"fr_FR\" \/>\n<meta property=\"og:type\" content=\"article\" \/>\n<meta property=\"og:title\" content=\"Enzymedica - Magn\u00e9sium Mobilit\u00e9 - 120 g\u00e9lules\" \/>\n<meta property=\"og:description\" content=\"Wij hebben een ruime keuze aan producten van Enzymedica - Magn\u00e9sium Mobilit\u00e9 - 120 g\u00e9lules . Winkel bij Eco Supplements altijd gratis verzending boven 100\u20ac\" \/>\n<meta property=\"og:url\" content=\"https:\/\/ecosupplements.be\/fr\/produit\/enzymedica-magnesium-motion-120-caps\/\" \/>\n<meta property=\"og:site_name\" content=\"ECO Supplements\" \/>\n<meta property=\"article:modified_time\" content=\"2025-08-27T14:04:53+00:00\" \/>\n<meta property=\"og:image\" content=\"https:\/\/ecosupplements.be\/wp-content\/uploads\/2025\/08\/Enzymedica-Magnesium-Motion-120-caps.jpg\" \/>\n\t<meta property=\"og:image:width\" content=\"507\" \/>\n\t<meta property=\"og:image:height\" content=\"638\" \/>\n\t<meta property=\"og:image:type\" content=\"image\/jpeg\" \/>\n<meta name=\"twitter:card\" content=\"summary_large_image\" \/>\n<meta name=\"twitter:label1\" content=\"Prix\" \/>\n\t<meta name=\"twitter:data1\" content=\"35.10&nbsp;&euro;\" \/>\n\t<meta name=\"twitter:label2\" content=\"Disponibilit\u00e9\" \/>\n\t<meta name=\"twitter:data2\" content=\"En stock\" \/>\n<script type=\"application\/ld+json\" class=\"yoast-schema-graph\">{\"@context\":\"https:\\\/\\\/schema.org\",\"@graph\":[{\"@type\":[\"WebPage\",\"ItemPage\"],\"@id\":\"https:\\\/\\\/ecosupplements.be\\\/fr\\\/produit\\\/enzymedica-magnesium-motion-120-caps\\\/\",\"url\":\"https:\\\/\\\/ecosupplements.be\\\/fr\\\/produit\\\/enzymedica-magnesium-motion-120-caps\\\/\",\"name\":\"Enzymedica - Magn\u00e9sium Mobilit\u00e9 - 120 g\u00e9lules - ECO Supplements\",\"isPartOf\":{\"@id\":\"https:\\\/\\\/ecosupplements.be\\\/fr\\\/#website\"},\"primaryImageOfPage\":{\"@id\":\"https:\\\/\\\/ecosupplements.be\\\/fr\\\/produit\\\/enzymedica-magnesium-motion-120-caps\\\/#primaryimage\"},\"image\":{\"@id\":\"https:\\\/\\\/ecosupplements.be\\\/fr\\\/produit\\\/enzymedica-magnesium-motion-120-caps\\\/#primaryimage\"},\"thumbnailUrl\":\"https:\\\/\\\/ecosupplements.be\\\/wp-content\\\/uploads\\\/2025\\\/08\\\/Magnesium-Motion-120-caps.jpg\",\"datePublished\":\"2024-05-19T12:41:03+00:00\",\"dateModified\":\"2025-08-27T14:04:53+00:00\",\"description\":\"Wij hebben een ruime keuze aan producten van Enzymedica - Magn\u00e9sium Mobilit\u00e9 - 120 g\u00e9lules . Winkel bij Eco Supplements altijd gratis verzending boven 100\u20ac\",\"breadcrumb\":{\"@id\":\"https:\\\/\\\/ecosupplements.be\\\/fr\\\/produit\\\/enzymedica-magnesium-motion-120-caps\\\/#breadcrumb\"},\"inLanguage\":\"fr-FR\",\"potentialAction\":[{\"@type\":\"ReadAction\",\"target\":[\"https:\\\/\\\/ecosupplements.be\\\/fr\\\/produit\\\/enzymedica-magnesium-motion-120-caps\\\/\"]}]},{\"@type\":\"ImageObject\",\"inLanguage\":\"fr-FR\",\"@id\":\"https:\\\/\\\/ecosupplements.be\\\/fr\\\/produit\\\/enzymedica-magnesium-motion-120-caps\\\/#primaryimage\",\"url\":\"https:\\\/\\\/ecosupplements.be\\\/wp-content\\\/uploads\\\/2025\\\/08\\\/Magnesium-Motion-120-caps.jpg\",\"contentUrl\":\"https:\\\/\\\/ecosupplements.be\\\/wp-content\\\/uploads\\\/2025\\\/08\\\/Magnesium-Motion-120-caps.jpg\",\"width\":507,\"height\":638},{\"@type\":\"BreadcrumbList\",\"@id\":\"https:\\\/\\\/ecosupplements.be\\\/fr\\\/produit\\\/enzymedica-magnesium-motion-120-caps\\\/#breadcrumb\",\"itemListElement\":[{\"@type\":\"ListItem\",\"position\":1,\"name\":\"Home\",\"item\":\"https:\\\/\\\/ecosupplements.be\\\/fr\\\/\"},{\"@type\":\"ListItem\",\"position\":2,\"name\":\"Boutique\",\"item\":\"https:\\\/\\\/ecosupplements.be\\\/fr\\\/boutique\\\/\"},{\"@type\":\"ListItem\",\"position\":3,\"name\":\"Enzymedica &#8211; Magn\u00e9sium Mobilit\u00e9 &#8211; 120 g\u00e9lules\"}]},{\"@type\":\"WebSite\",\"@id\":\"https:\\\/\\\/ecosupplements.be\\\/fr\\\/#website\",\"url\":\"https:\\\/\\\/ecosupplements.be\\\/fr\\\/\",\"name\":\"ECO Supplements\",\"description\":\"Eco Supplements - Gezonde supplementen\",\"publisher\":{\"@id\":\"https:\\\/\\\/ecosupplements.be\\\/fr\\\/#organization\"},\"potentialAction\":[{\"@type\":\"SearchAction\",\"target\":{\"@type\":\"EntryPoint\",\"urlTemplate\":\"https:\\\/\\\/ecosupplements.be\\\/fr\\\/?s={search_term_string}\"},\"query-input\":{\"@type\":\"PropertyValueSpecification\",\"valueRequired\":true,\"valueName\":\"search_term_string\"}}],\"inLanguage\":\"fr-FR\"},{\"@type\":\"Organization\",\"@id\":\"https:\\\/\\\/ecosupplements.be\\\/fr\\\/#organization\",\"name\":\"Eco Supplements\",\"url\":\"https:\\\/\\\/ecosupplements.be\\\/fr\\\/\",\"logo\":{\"@type\":\"ImageObject\",\"inLanguage\":\"fr-FR\",\"@id\":\"https:\\\/\\\/ecosupplements.be\\\/fr\\\/#\\\/schema\\\/logo\\\/image\\\/\",\"url\":\"https:\\\/\\\/ecosupplements.be\\\/wp-content\\\/uploads\\\/2022\\\/06\\\/ecosupplement-family.png\",\"contentUrl\":\"https:\\\/\\\/ecosupplements.be\\\/wp-content\\\/uploads\\\/2022\\\/06\\\/ecosupplement-family.png\",\"width\":593,\"height\":374,\"caption\":\"Eco Supplements\"},\"image\":{\"@id\":\"https:\\\/\\\/ecosupplements.be\\\/fr\\\/#\\\/schema\\\/logo\\\/image\\\/\"}}]}<\/script>\n<meta property=\"product:brand\" content=\"Enzymedica\" \/>\n<meta property=\"product:price:amount\" content=\"35.10\" \/>\n<meta property=\"product:price:currency\" content=\"EUR\" \/>\n<meta property=\"og:availability\" content=\"instock\" \/>\n<meta property=\"product:availability\" content=\"instock\" \/>\n<meta property=\"product:retailer_item_id\" content=\"670480101261\" \/>\n<meta property=\"product:condition\" content=\"new\" \/>\n<!-- \/ Yoast SEO Premium plugin. -->","yoast_head_json":{"title":"Enzymedica - Magn\u00e9sium Mobilit\u00e9 - 120 g\u00e9lules - ECO Supplements","description":"Wij hebben een ruime keuze aan producten van Enzymedica - Magn\u00e9sium Mobilit\u00e9 - 120 g\u00e9lules . Winkel bij Eco Supplements altijd gratis verzending boven 100\u20ac","robots":{"index":"index","follow":"follow","max-snippet":"max-snippet:-1","max-image-preview":"max-image-preview:large","max-video-preview":"max-video-preview:-1"},"canonical":"https:\/\/ecosupplements.be\/fr\/produit\/enzymedica-magnesium-motion-120-caps\/","og_locale":"fr_FR","og_type":"article","og_title":"Enzymedica - Magn\u00e9sium Mobilit\u00e9 - 120 g\u00e9lules","og_description":"Wij hebben een ruime keuze aan producten van Enzymedica - Magn\u00e9sium Mobilit\u00e9 - 120 g\u00e9lules . Winkel bij Eco Supplements altijd gratis verzending boven 100\u20ac","og_url":"https:\/\/ecosupplements.be\/fr\/produit\/enzymedica-magnesium-motion-120-caps\/","og_site_name":"ECO Supplements","article_modified_time":"2025-08-27T14:04:53+00:00","og_image":[{"width":507,"height":638,"url":"https:\/\/ecosupplements.be\/wp-content\/uploads\/2025\/08\/Enzymedica-Magnesium-Motion-120-caps.jpg","type":"image\/jpeg"}],"twitter_card":"summary_large_image","twitter_misc":{"Prix":"35.10&nbsp;&euro;","Disponibilit\u00e9":"En stock"},"schema":{"@context":"https:\/\/schema.org","@graph":[{"@type":["WebPage","ItemPage"],"@id":"https:\/\/ecosupplements.be\/fr\/produit\/enzymedica-magnesium-motion-120-caps\/","url":"https:\/\/ecosupplements.be\/fr\/produit\/enzymedica-magnesium-motion-120-caps\/","name":"Enzymedica - Magn\u00e9sium Mobilit\u00e9 - 120 g\u00e9lules - ECO Supplements","isPartOf":{"@id":"https:\/\/ecosupplements.be\/fr\/#website"},"primaryImageOfPage":{"@id":"https:\/\/ecosupplements.be\/fr\/produit\/enzymedica-magnesium-motion-120-caps\/#primaryimage"},"image":{"@id":"https:\/\/ecosupplements.be\/fr\/produit\/enzymedica-magnesium-motion-120-caps\/#primaryimage"},"thumbnailUrl":"https:\/\/ecosupplements.be\/wp-content\/uploads\/2025\/08\/Magnesium-Motion-120-caps.jpg","datePublished":"2024-05-19T12:41:03+00:00","dateModified":"2025-08-27T14:04:53+00:00","description":"Wij hebben een ruime keuze aan producten van Enzymedica - Magn\u00e9sium Mobilit\u00e9 - 120 g\u00e9lules . Winkel bij Eco Supplements altijd gratis verzending boven 100\u20ac","breadcrumb":{"@id":"https:\/\/ecosupplements.be\/fr\/produit\/enzymedica-magnesium-motion-120-caps\/#breadcrumb"},"inLanguage":"fr-FR","potentialAction":[{"@type":"ReadAction","target":["https:\/\/ecosupplements.be\/fr\/produit\/enzymedica-magnesium-motion-120-caps\/"]}]},{"@type":"ImageObject","inLanguage":"fr-FR","@id":"https:\/\/ecosupplements.be\/fr\/produit\/enzymedica-magnesium-motion-120-caps\/#primaryimage","url":"https:\/\/ecosupplements.be\/wp-content\/uploads\/2025\/08\/Magnesium-Motion-120-caps.jpg","contentUrl":"https:\/\/ecosupplements.be\/wp-content\/uploads\/2025\/08\/Magnesium-Motion-120-caps.jpg","width":507,"height":638},{"@type":"BreadcrumbList","@id":"https:\/\/ecosupplements.be\/fr\/produit\/enzymedica-magnesium-motion-120-caps\/#breadcrumb","itemListElement":[{"@type":"ListItem","position":1,"name":"Home","item":"https:\/\/ecosupplements.be\/fr\/"},{"@type":"ListItem","position":2,"name":"Boutique","item":"https:\/\/ecosupplements.be\/fr\/boutique\/"},{"@type":"ListItem","position":3,"name":"Enzymedica &#8211; Magn\u00e9sium Mobilit\u00e9 &#8211; 120 g\u00e9lules"}]},{"@type":"WebSite","@id":"https:\/\/ecosupplements.be\/fr\/#website","url":"https:\/\/ecosupplements.be\/fr\/","name":"ECO Supplements","description":"Eco Supplements - Gezonde supplementen","publisher":{"@id":"https:\/\/ecosupplements.be\/fr\/#organization"},"potentialAction":[{"@type":"SearchAction","target":{"@type":"EntryPoint","urlTemplate":"https:\/\/ecosupplements.be\/fr\/?s={search_term_string}"},"query-input":{"@type":"PropertyValueSpecification","valueRequired":true,"valueName":"search_term_string"}}],"inLanguage":"fr-FR"},{"@type":"Organization","@id":"https:\/\/ecosupplements.be\/fr\/#organization","name":"Eco Supplements","url":"https:\/\/ecosupplements.be\/fr\/","logo":{"@type":"ImageObject","inLanguage":"fr-FR","@id":"https:\/\/ecosupplements.be\/fr\/#\/schema\/logo\/image\/","url":"https:\/\/ecosupplements.be\/wp-content\/uploads\/2022\/06\/ecosupplement-family.png","contentUrl":"https:\/\/ecosupplements.be\/wp-content\/uploads\/2022\/06\/ecosupplement-family.png","width":593,"height":374,"caption":"Eco Supplements"},"image":{"@id":"https:\/\/ecosupplements.be\/fr\/#\/schema\/logo\/image\/"}}]},"product_brand":"Enzymedica","product_price_amount":"35.10","product_price_currency":"EUR","og_availability":"instock","product_availability":"instock","product_retailer_item_id":"670480101261","product_condition":"new"},"_links":{"self":[{"href":"https:\/\/ecosupplements.be\/fr\/wp-json\/wp\/v2\/product\/289909","targetHints":{"allow":["GET"]}}],"collection":[{"href":"https:\/\/ecosupplements.be\/fr\/wp-json\/wp\/v2\/product"}],"about":[{"href":"https:\/\/ecosupplements.be\/fr\/wp-json\/wp\/v2\/types\/product"}],"replies":[{"embeddable":true,"href":"https:\/\/ecosupplements.be\/fr\/wp-json\/wp\/v2\/comments?post=289909"}],"wp:featuredmedia":[{"embeddable":true,"href":"https:\/\/ecosupplements.be\/fr\/wp-json\/wp\/v2\/media\/265580"}],"wp:attachment":[{"href":"https:\/\/ecosupplements.be\/fr\/wp-json\/wp\/v2\/media?parent=289909"}],"wp:term":[{"taxonomy":"product_brand","embeddable":true,"href":"https:\/\/ecosupplements.be\/fr\/wp-json\/wp\/v2\/product_brand?post=289909"},{"taxonomy":"product_cat","embeddable":true,"href":"https:\/\/ecosupplements.be\/fr\/wp-json\/wp\/v2\/product_cat?post=289909"},{"taxonomy":"product_tag","embeddable":true,"href":"https:\/\/ecosupplements.be\/fr\/wp-json\/wp\/v2\/product_tag?post=289909"}],"curies":[{"name":"wp","href":"https:\/\/api.w.org\/{rel}","templated":true}]}}