{"id":289975,"date":"2024-12-15T15:07:07","date_gmt":"2024-12-15T14:07:07","guid":{"rendered":"https:\/\/ecosupplements.be\/product\/holland-barrett-multivits-iron-60-tablets-ean-5059604689468\/"},"modified":"2025-08-27T15:06:01","modified_gmt":"2025-08-27T14:06:01","slug":"holland-barrett-multivits-iron-60-tablets-ean-5059604689468","status":"publish","type":"product","link":"https:\/\/ecosupplements.be\/fr\/produit\/holland-barrett-multivits-iron-60-tablets-ean-5059604689468\/","title":{"rendered":"Holland &amp; Barrett &#8211; Multivitamines &amp; Fer &#8211; 60 comprim\u00e9s (EAN 5059604689468)"},"content":{"rendered":"<h2>Holland &amp; Barrett &#8211; Multivits &amp; Iron &#8211; 60 comprim\u00e9s<\/h2>\n<p>D\u00e9couvrez les comprim\u00e9s Multivits &amp; Iron de Holland &amp; Barrett, con\u00e7us pour s&#8217;int\u00e9grer harmonieusement \u00e0 votre quotidien. Chaque bo\u00eete contient 60 comprim\u00e9s, fabriqu\u00e9s au Royaume-Uni avec une attention particuli\u00e8re port\u00e9e \u00e0 la qualit\u00e9 et \u00e0 l&#8217;origine des ingr\u00e9dients.<\/p>\n<p>Ce produit combine des vitamines essentielles et du fer, tous issus de sources soigneusement s\u00e9lectionn\u00e9es pour leur puret\u00e9. Les ingr\u00e9dients naturels sont choisis pour leur qualit\u00e9 sup\u00e9rieure, sans all\u00e9gations li\u00e9es \u00e0 la sant\u00e9 mais en mettant l&#8217;accent sur leur origine naturelle.<\/p>\n<p>Les comprim\u00e9s sont faciles \u00e0 utiliser au quotidien gr\u00e2ce \u00e0 leur format pratique. Ils sont con\u00e7us pour \u00eatre int\u00e9gr\u00e9s facilement dans votre routine journali\u00e8re sans complication.<\/p>\n<p><strong>Utilisation :<\/strong> Suivez les instructions sur l&#8217;emballage pour la dose journali\u00e8re recommand\u00e9e.<\/p>\n<p>Holland &amp; Barrett s&#8217;engage \u00e0 offrir un choix parfait pour ceux qui appr\u00e9cient les produits de haute qualit\u00e9 et d&#8217;origine contr\u00f4l\u00e9e dans un mode de vie actif et \u00e9quilibr\u00e9.<\/p>\n","protected":false},"excerpt":{"rendered":"<p>Holland &amp; Barrett &#8211; Multivits &amp; Iron &#8211; 60 comprim\u00e9s D\u00e9couvrez les comprim\u00e9s Multivits &amp; Iron de Holland &amp; Barrett, con\u00e7us pour s&#8217;int\u00e9grer harmonieusement \u00e0 votre quotidien. Chaque bo\u00eete contient 60 comprim\u00e9s, fabriqu\u00e9s au Royaume-Uni avec une attention particuli\u00e8re port\u00e9e \u00e0 la qualit\u00e9 et \u00e0 l&#8217;origine des ingr\u00e9dients. Ce produit combine des vitamines essentielles et [&#8230;]\n","protected":false},"featured_media":289976,"comment_status":"open","ping_status":"open","template":"","meta":[],"product_brand":[4819],"product_cat":[5052],"product_tag":[],"class_list":{"0":"post-289975","1":"product","2":"type-product","3":"status-publish","4":"has-post-thumbnail","6":"product_brand-holland-barrett-2","7":"product_cat-sante-et-bien-etre","9":"first","10":"instock","11":"sale","12":"taxable","13":"shipping-taxable","14":"purchasable","15":"product-type-simple"},"yoast_head":"<!-- This site is optimized with the Yoast SEO Premium plugin v27.3 (Yoast SEO v27.3) - https:\/\/yoast.com\/product\/yoast-seo-premium-wordpress\/ -->\n<title>Holland &amp; Barrett - Multivitamines &amp; Fer - 60 comprim\u00e9s (EAN 5059604689468) - ECO Supplements<\/title>\n<meta name=\"description\" content=\"Wij hebben een ruime keuze aan producten van Holland &amp; Barrett - Multivitamines &amp; Fer - 60 comprim\u00e9s (EAN 5059604689468) . Winkel bij Eco Supplements altijd gratis verzending boven 100\u20ac\" \/>\n<meta name=\"robots\" content=\"index, follow, max-snippet:-1, max-image-preview:large, max-video-preview:-1\" \/>\n<link rel=\"canonical\" href=\"https:\/\/ecosupplements.be\/fr\/produit\/holland-barrett-multivits-iron-60-tablets-ean-5059604689468\/\" \/>\n<meta property=\"og:locale\" content=\"fr_FR\" \/>\n<meta property=\"og:type\" content=\"article\" \/>\n<meta property=\"og:title\" content=\"Holland &amp; Barrett - Multivitamines &amp; Fer - 60 comprim\u00e9s (EAN 5059604689468)\" \/>\n<meta property=\"og:description\" content=\"Wij hebben een ruime keuze aan producten van Holland &amp; Barrett - Multivitamines &amp; Fer - 60 comprim\u00e9s (EAN 5059604689468) . Winkel bij Eco Supplements altijd gratis verzending boven 100\u20ac\" \/>\n<meta property=\"og:url\" content=\"https:\/\/ecosupplements.be\/fr\/produit\/holland-barrett-multivits-iron-60-tablets-ean-5059604689468\/\" \/>\n<meta property=\"og:site_name\" content=\"ECO Supplements\" \/>\n<meta property=\"article:modified_time\" content=\"2025-08-27T14:06:01+00:00\" \/>\n<meta property=\"og:image\" content=\"https:\/\/ecosupplements.be\/wp-content\/uploads\/2025\/08\/Holland-amp-Barrett-Multivits-Iron-60-tablets-EAN-5059604689468.jpg\" \/>\n\t<meta property=\"og:image:width\" content=\"466\" \/>\n\t<meta property=\"og:image:height\" content=\"754\" \/>\n\t<meta property=\"og:image:type\" content=\"image\/jpeg\" \/>\n<meta name=\"twitter:card\" content=\"summary_large_image\" \/>\n<meta name=\"twitter:label1\" content=\"Prix\" \/>\n\t<meta name=\"twitter:data1\" content=\"4.21&nbsp;&euro;\" \/>\n\t<meta name=\"twitter:label2\" content=\"Disponibilit\u00e9\" \/>\n\t<meta name=\"twitter:data2\" content=\"En stock\" \/>\n<script type=\"application\/ld+json\" class=\"yoast-schema-graph\">{\"@context\":\"https:\\\/\\\/schema.org\",\"@graph\":[{\"@type\":[\"WebPage\",\"ItemPage\"],\"@id\":\"https:\\\/\\\/ecosupplements.be\\\/fr\\\/produit\\\/holland-barrett-multivits-iron-60-tablets-ean-5059604689468\\\/\",\"url\":\"https:\\\/\\\/ecosupplements.be\\\/fr\\\/produit\\\/holland-barrett-multivits-iron-60-tablets-ean-5059604689468\\\/\",\"name\":\"Holland &amp; Barrett - Multivitamines &amp; Fer - 60 comprim\u00e9s (EAN 5059604689468) - ECO Supplements\",\"isPartOf\":{\"@id\":\"https:\\\/\\\/ecosupplements.be\\\/fr\\\/#website\"},\"primaryImageOfPage\":{\"@id\":\"https:\\\/\\\/ecosupplements.be\\\/fr\\\/produit\\\/holland-barrett-multivits-iron-60-tablets-ean-5059604689468\\\/#primaryimage\"},\"image\":{\"@id\":\"https:\\\/\\\/ecosupplements.be\\\/fr\\\/produit\\\/holland-barrett-multivits-iron-60-tablets-ean-5059604689468\\\/#primaryimage\"},\"thumbnailUrl\":\"https:\\\/\\\/ecosupplements.be\\\/wp-content\\\/uploads\\\/2025\\\/08\\\/Holland-amp-Barrett-Multivits-Iron-60-tablets-EAN-5059604689468.jpg\",\"datePublished\":\"2024-12-15T14:07:07+00:00\",\"dateModified\":\"2025-08-27T14:06:01+00:00\",\"description\":\"Wij hebben een ruime keuze aan producten van Holland &amp; Barrett - Multivitamines &amp; Fer - 60 comprim\u00e9s (EAN 5059604689468) . Winkel bij Eco Supplements altijd gratis verzending boven 100\u20ac\",\"breadcrumb\":{\"@id\":\"https:\\\/\\\/ecosupplements.be\\\/fr\\\/produit\\\/holland-barrett-multivits-iron-60-tablets-ean-5059604689468\\\/#breadcrumb\"},\"inLanguage\":\"fr-FR\",\"potentialAction\":[{\"@type\":\"ReadAction\",\"target\":[\"https:\\\/\\\/ecosupplements.be\\\/fr\\\/produit\\\/holland-barrett-multivits-iron-60-tablets-ean-5059604689468\\\/\"]}]},{\"@type\":\"ImageObject\",\"inLanguage\":\"fr-FR\",\"@id\":\"https:\\\/\\\/ecosupplements.be\\\/fr\\\/produit\\\/holland-barrett-multivits-iron-60-tablets-ean-5059604689468\\\/#primaryimage\",\"url\":\"https:\\\/\\\/ecosupplements.be\\\/wp-content\\\/uploads\\\/2025\\\/08\\\/Holland-amp-Barrett-Multivits-Iron-60-tablets-EAN-5059604689468.jpg\",\"contentUrl\":\"https:\\\/\\\/ecosupplements.be\\\/wp-content\\\/uploads\\\/2025\\\/08\\\/Holland-amp-Barrett-Multivits-Iron-60-tablets-EAN-5059604689468.jpg\",\"width\":466,\"height\":754},{\"@type\":\"BreadcrumbList\",\"@id\":\"https:\\\/\\\/ecosupplements.be\\\/fr\\\/produit\\\/holland-barrett-multivits-iron-60-tablets-ean-5059604689468\\\/#breadcrumb\",\"itemListElement\":[{\"@type\":\"ListItem\",\"position\":1,\"name\":\"Home\",\"item\":\"https:\\\/\\\/ecosupplements.be\\\/fr\\\/\"},{\"@type\":\"ListItem\",\"position\":2,\"name\":\"Boutique\",\"item\":\"https:\\\/\\\/ecosupplements.be\\\/fr\\\/boutique\\\/\"},{\"@type\":\"ListItem\",\"position\":3,\"name\":\"Holland &amp; Barrett &#8211; Multivitamines &amp; Fer &#8211; 60 comprim\u00e9s (EAN 5059604689468)\"}]},{\"@type\":\"WebSite\",\"@id\":\"https:\\\/\\\/ecosupplements.be\\\/fr\\\/#website\",\"url\":\"https:\\\/\\\/ecosupplements.be\\\/fr\\\/\",\"name\":\"ECO Supplements\",\"description\":\"Eco Supplements - Gezonde supplementen\",\"publisher\":{\"@id\":\"https:\\\/\\\/ecosupplements.be\\\/fr\\\/#organization\"},\"potentialAction\":[{\"@type\":\"SearchAction\",\"target\":{\"@type\":\"EntryPoint\",\"urlTemplate\":\"https:\\\/\\\/ecosupplements.be\\\/fr\\\/?s={search_term_string}\"},\"query-input\":{\"@type\":\"PropertyValueSpecification\",\"valueRequired\":true,\"valueName\":\"search_term_string\"}}],\"inLanguage\":\"fr-FR\"},{\"@type\":\"Organization\",\"@id\":\"https:\\\/\\\/ecosupplements.be\\\/fr\\\/#organization\",\"name\":\"Eco Supplements\",\"url\":\"https:\\\/\\\/ecosupplements.be\\\/fr\\\/\",\"logo\":{\"@type\":\"ImageObject\",\"inLanguage\":\"fr-FR\",\"@id\":\"https:\\\/\\\/ecosupplements.be\\\/fr\\\/#\\\/schema\\\/logo\\\/image\\\/\",\"url\":\"https:\\\/\\\/ecosupplements.be\\\/wp-content\\\/uploads\\\/2022\\\/06\\\/ecosupplement-family.png\",\"contentUrl\":\"https:\\\/\\\/ecosupplements.be\\\/wp-content\\\/uploads\\\/2022\\\/06\\\/ecosupplement-family.png\",\"width\":593,\"height\":374,\"caption\":\"Eco Supplements\"},\"image\":{\"@id\":\"https:\\\/\\\/ecosupplements.be\\\/fr\\\/#\\\/schema\\\/logo\\\/image\\\/\"}}]}<\/script>\n<meta property=\"product:brand\" content=\"Holland &amp; Barrett\" \/>\n<meta property=\"product:price:amount\" content=\"4.21\" \/>\n<meta property=\"product:price:currency\" content=\"EUR\" \/>\n<meta property=\"og:availability\" content=\"instock\" \/>\n<meta property=\"product:availability\" content=\"instock\" \/>\n<meta property=\"product:retailer_item_id\" content=\"5059604689468\" \/>\n<meta property=\"product:condition\" content=\"new\" \/>\n<!-- \/ Yoast SEO Premium plugin. -->","yoast_head_json":{"title":"Holland &amp; Barrett - Multivitamines &amp; Fer - 60 comprim\u00e9s (EAN 5059604689468) - ECO Supplements","description":"Wij hebben een ruime keuze aan producten van Holland &amp; Barrett - Multivitamines &amp; Fer - 60 comprim\u00e9s (EAN 5059604689468) . Winkel bij Eco Supplements altijd gratis verzending boven 100\u20ac","robots":{"index":"index","follow":"follow","max-snippet":"max-snippet:-1","max-image-preview":"max-image-preview:large","max-video-preview":"max-video-preview:-1"},"canonical":"https:\/\/ecosupplements.be\/fr\/produit\/holland-barrett-multivits-iron-60-tablets-ean-5059604689468\/","og_locale":"fr_FR","og_type":"article","og_title":"Holland &amp; Barrett - Multivitamines &amp; Fer - 60 comprim\u00e9s (EAN 5059604689468)","og_description":"Wij hebben een ruime keuze aan producten van Holland &amp; Barrett - Multivitamines &amp; Fer - 60 comprim\u00e9s (EAN 5059604689468) . Winkel bij Eco Supplements altijd gratis verzending boven 100\u20ac","og_url":"https:\/\/ecosupplements.be\/fr\/produit\/holland-barrett-multivits-iron-60-tablets-ean-5059604689468\/","og_site_name":"ECO Supplements","article_modified_time":"2025-08-27T14:06:01+00:00","og_image":[{"width":466,"height":754,"url":"https:\/\/ecosupplements.be\/wp-content\/uploads\/2025\/08\/Holland-amp-Barrett-Multivits-Iron-60-tablets-EAN-5059604689468.jpg","type":"image\/jpeg"}],"twitter_card":"summary_large_image","twitter_misc":{"Prix":"4.21&nbsp;&euro;","Disponibilit\u00e9":"En stock"},"schema":{"@context":"https:\/\/schema.org","@graph":[{"@type":["WebPage","ItemPage"],"@id":"https:\/\/ecosupplements.be\/fr\/produit\/holland-barrett-multivits-iron-60-tablets-ean-5059604689468\/","url":"https:\/\/ecosupplements.be\/fr\/produit\/holland-barrett-multivits-iron-60-tablets-ean-5059604689468\/","name":"Holland &amp; Barrett - Multivitamines &amp; Fer - 60 comprim\u00e9s (EAN 5059604689468) - ECO Supplements","isPartOf":{"@id":"https:\/\/ecosupplements.be\/fr\/#website"},"primaryImageOfPage":{"@id":"https:\/\/ecosupplements.be\/fr\/produit\/holland-barrett-multivits-iron-60-tablets-ean-5059604689468\/#primaryimage"},"image":{"@id":"https:\/\/ecosupplements.be\/fr\/produit\/holland-barrett-multivits-iron-60-tablets-ean-5059604689468\/#primaryimage"},"thumbnailUrl":"https:\/\/ecosupplements.be\/wp-content\/uploads\/2025\/08\/Holland-amp-Barrett-Multivits-Iron-60-tablets-EAN-5059604689468.jpg","datePublished":"2024-12-15T14:07:07+00:00","dateModified":"2025-08-27T14:06:01+00:00","description":"Wij hebben een ruime keuze aan producten van Holland &amp; Barrett - Multivitamines &amp; Fer - 60 comprim\u00e9s (EAN 5059604689468) . Winkel bij Eco Supplements altijd gratis verzending boven 100\u20ac","breadcrumb":{"@id":"https:\/\/ecosupplements.be\/fr\/produit\/holland-barrett-multivits-iron-60-tablets-ean-5059604689468\/#breadcrumb"},"inLanguage":"fr-FR","potentialAction":[{"@type":"ReadAction","target":["https:\/\/ecosupplements.be\/fr\/produit\/holland-barrett-multivits-iron-60-tablets-ean-5059604689468\/"]}]},{"@type":"ImageObject","inLanguage":"fr-FR","@id":"https:\/\/ecosupplements.be\/fr\/produit\/holland-barrett-multivits-iron-60-tablets-ean-5059604689468\/#primaryimage","url":"https:\/\/ecosupplements.be\/wp-content\/uploads\/2025\/08\/Holland-amp-Barrett-Multivits-Iron-60-tablets-EAN-5059604689468.jpg","contentUrl":"https:\/\/ecosupplements.be\/wp-content\/uploads\/2025\/08\/Holland-amp-Barrett-Multivits-Iron-60-tablets-EAN-5059604689468.jpg","width":466,"height":754},{"@type":"BreadcrumbList","@id":"https:\/\/ecosupplements.be\/fr\/produit\/holland-barrett-multivits-iron-60-tablets-ean-5059604689468\/#breadcrumb","itemListElement":[{"@type":"ListItem","position":1,"name":"Home","item":"https:\/\/ecosupplements.be\/fr\/"},{"@type":"ListItem","position":2,"name":"Boutique","item":"https:\/\/ecosupplements.be\/fr\/boutique\/"},{"@type":"ListItem","position":3,"name":"Holland &amp; Barrett &#8211; Multivitamines &amp; Fer &#8211; 60 comprim\u00e9s (EAN 5059604689468)"}]},{"@type":"WebSite","@id":"https:\/\/ecosupplements.be\/fr\/#website","url":"https:\/\/ecosupplements.be\/fr\/","name":"ECO Supplements","description":"Eco Supplements - Gezonde supplementen","publisher":{"@id":"https:\/\/ecosupplements.be\/fr\/#organization"},"potentialAction":[{"@type":"SearchAction","target":{"@type":"EntryPoint","urlTemplate":"https:\/\/ecosupplements.be\/fr\/?s={search_term_string}"},"query-input":{"@type":"PropertyValueSpecification","valueRequired":true,"valueName":"search_term_string"}}],"inLanguage":"fr-FR"},{"@type":"Organization","@id":"https:\/\/ecosupplements.be\/fr\/#organization","name":"Eco Supplements","url":"https:\/\/ecosupplements.be\/fr\/","logo":{"@type":"ImageObject","inLanguage":"fr-FR","@id":"https:\/\/ecosupplements.be\/fr\/#\/schema\/logo\/image\/","url":"https:\/\/ecosupplements.be\/wp-content\/uploads\/2022\/06\/ecosupplement-family.png","contentUrl":"https:\/\/ecosupplements.be\/wp-content\/uploads\/2022\/06\/ecosupplement-family.png","width":593,"height":374,"caption":"Eco Supplements"},"image":{"@id":"https:\/\/ecosupplements.be\/fr\/#\/schema\/logo\/image\/"}}]},"product_brand":"Holland &amp; Barrett","product_price_amount":"4.21","product_price_currency":"EUR","og_availability":"instock","product_availability":"instock","product_retailer_item_id":"5059604689468","product_condition":"new"},"_links":{"self":[{"href":"https:\/\/ecosupplements.be\/fr\/wp-json\/wp\/v2\/product\/289975","targetHints":{"allow":["GET"]}}],"collection":[{"href":"https:\/\/ecosupplements.be\/fr\/wp-json\/wp\/v2\/product"}],"about":[{"href":"https:\/\/ecosupplements.be\/fr\/wp-json\/wp\/v2\/types\/product"}],"replies":[{"embeddable":true,"href":"https:\/\/ecosupplements.be\/fr\/wp-json\/wp\/v2\/comments?post=289975"}],"wp:featuredmedia":[{"embeddable":true,"href":"https:\/\/ecosupplements.be\/fr\/wp-json\/wp\/v2\/media\/289976"}],"wp:attachment":[{"href":"https:\/\/ecosupplements.be\/fr\/wp-json\/wp\/v2\/media?parent=289975"}],"wp:term":[{"taxonomy":"product_brand","embeddable":true,"href":"https:\/\/ecosupplements.be\/fr\/wp-json\/wp\/v2\/product_brand?post=289975"},{"taxonomy":"product_cat","embeddable":true,"href":"https:\/\/ecosupplements.be\/fr\/wp-json\/wp\/v2\/product_cat?post=289975"},{"taxonomy":"product_tag","embeddable":true,"href":"https:\/\/ecosupplements.be\/fr\/wp-json\/wp\/v2\/product_tag?post=289975"}],"curies":[{"name":"wp","href":"https:\/\/api.w.org\/{rel}","templated":true}]}}