{"id":289996,"date":"2024-12-15T15:07:06","date_gmt":"2024-12-15T14:07:06","guid":{"rendered":"https:\/\/ecosupplements.be\/product\/holland-barrett-super-strength-odourless-garlic-7500mg-120-caps\/"},"modified":"2025-08-27T15:06:23","modified_gmt":"2025-08-27T14:06:23","slug":"holland-barrett-super-strength-odourless-garlic-7500mg-120-caps","status":"publish","type":"product","link":"https:\/\/ecosupplements.be\/fr\/produit\/holland-barrett-super-strength-odourless-garlic-7500mg-120-caps\/","title":{"rendered":"Holland &amp; Barrett &#8211; Ail inodore Super Strength, 7500mg &#8211; 120 g\u00e9lules"},"content":{"rendered":"<h2>Holland &amp; Barrett &#8211; Super Strength Odourless Garlic,7500mg &#8211; 120 caps<\/h2>\n<p>D\u00e9couvrez le choix naturel pour votre quotidien avec les capsules Holland &amp; Barrett de Super Strength Odourless Garlic. Chaque capsule est con\u00e7ue pour \u00eatre facile \u00e0 int\u00e9grer dans votre routine journali\u00e8re sans l&#8217;inconv\u00e9nient des odeurs traditionnellement associ\u00e9es \u00e0 l&#8217;ail.<\/p>\n<p><strong>Ingr\u00e9dients principaux :<\/strong> Ces capsules contiennent un extrait concentr\u00e9 d&#8217;ail, reconnu pour sa puret\u00e9 et son origine naturelle. Profitez d&#8217;un produit de haute qualit\u00e9 fabriqu\u00e9 au Royaume-Uni.<\/p>\n<p><strong>Contenu et emballage :<\/strong> Ce produit est pr\u00e9sent\u00e9 dans un emballage contenant 120 capsules, id\u00e9al pour une utilisation r\u00e9guli\u00e8re.<\/p>\n<p><strong>Utilisation :<\/strong> Pour une incorporation simple dans votre routine quotidienne, il est recommand\u00e9 de suivre la dose journali\u00e8re indiqu\u00e9e sur l&#8217;emballage.<\/p>\n<p>Ces capsules sont un choix parfait pour ceux qui appr\u00e9cient les ingr\u00e9dients naturels et recherchent une solution pratique sans compromettre la qualit\u00e9. Int\u00e9grez-les facilement \u00e0 votre mode de vie \u00e9quilibr\u00e9 et actif.<\/p>\n","protected":false},"excerpt":{"rendered":"<p>Holland &amp; Barrett &#8211; Super Strength Odourless Garlic,7500mg &#8211; 120 caps D\u00e9couvrez le choix naturel pour votre quotidien avec les capsules Holland &amp; Barrett de Super Strength Odourless Garlic. Chaque capsule est con\u00e7ue pour \u00eatre facile \u00e0 int\u00e9grer dans votre routine journali\u00e8re sans l&#8217;inconv\u00e9nient des odeurs traditionnellement associ\u00e9es \u00e0 l&#8217;ail. Ingr\u00e9dients principaux : Ces capsules [&#8230;]\n","protected":false},"featured_media":289997,"comment_status":"open","ping_status":"open","template":"","meta":[],"product_brand":[4819],"product_cat":[5052],"product_tag":[],"class_list":{"0":"post-289996","1":"product","2":"type-product","3":"status-publish","4":"has-post-thumbnail","6":"product_brand-holland-barrett-2","7":"product_cat-sante-et-bien-etre","9":"first","10":"instock","11":"sale","12":"taxable","13":"shipping-taxable","14":"purchasable","15":"product-type-simple"},"yoast_head":"<!-- This site is optimized with the Yoast SEO Premium plugin v27.3 (Yoast SEO v27.3) - https:\/\/yoast.com\/product\/yoast-seo-premium-wordpress\/ -->\n<title>Holland &amp; Barrett - Ail inodore Super Strength, 7500mg - 120 g\u00e9lules - ECO Supplements<\/title>\n<meta name=\"description\" content=\"Wij hebben een ruime keuze aan producten van Holland &amp; Barrett - Ail inodore Super Strength, 7500mg - 120 g\u00e9lules . Winkel bij Eco Supplements altijd gratis verzending boven 100\u20ac\" \/>\n<meta name=\"robots\" content=\"index, follow, max-snippet:-1, max-image-preview:large, max-video-preview:-1\" \/>\n<link rel=\"canonical\" href=\"https:\/\/ecosupplements.be\/fr\/produit\/holland-barrett-super-strength-odourless-garlic-7500mg-120-caps\/\" \/>\n<meta property=\"og:locale\" content=\"fr_FR\" \/>\n<meta property=\"og:type\" content=\"article\" \/>\n<meta property=\"og:title\" content=\"Holland &amp; Barrett - Ail inodore Super Strength, 7500mg - 120 g\u00e9lules\" \/>\n<meta property=\"og:description\" content=\"Wij hebben een ruime keuze aan producten van Holland &amp; Barrett - Ail inodore Super Strength, 7500mg - 120 g\u00e9lules . Winkel bij Eco Supplements altijd gratis verzending boven 100\u20ac\" \/>\n<meta property=\"og:url\" content=\"https:\/\/ecosupplements.be\/fr\/produit\/holland-barrett-super-strength-odourless-garlic-7500mg-120-caps\/\" \/>\n<meta property=\"og:site_name\" content=\"ECO Supplements\" \/>\n<meta property=\"article:modified_time\" content=\"2025-08-27T14:06:23+00:00\" \/>\n<meta property=\"og:image\" content=\"https:\/\/ecosupplements.be\/wp-content\/uploads\/2025\/08\/Holland-amp-Barrett-Super-Strength-Odourless-Garlic-7500mg-120-caps.jpg\" \/>\n\t<meta property=\"og:image:width\" content=\"522\" \/>\n\t<meta property=\"og:image:height\" content=\"781\" \/>\n\t<meta property=\"og:image:type\" content=\"image\/jpeg\" \/>\n<meta name=\"twitter:card\" content=\"summary_large_image\" \/>\n<meta name=\"twitter:label1\" content=\"Prix\" \/>\n\t<meta name=\"twitter:data1\" content=\"11.68&nbsp;&euro;\" \/>\n\t<meta name=\"twitter:label2\" content=\"Disponibilit\u00e9\" \/>\n\t<meta name=\"twitter:data2\" content=\"En stock\" \/>\n<script type=\"application\/ld+json\" class=\"yoast-schema-graph\">{\"@context\":\"https:\\\/\\\/schema.org\",\"@graph\":[{\"@type\":[\"WebPage\",\"ItemPage\"],\"@id\":\"https:\\\/\\\/ecosupplements.be\\\/fr\\\/produit\\\/holland-barrett-super-strength-odourless-garlic-7500mg-120-caps\\\/\",\"url\":\"https:\\\/\\\/ecosupplements.be\\\/fr\\\/produit\\\/holland-barrett-super-strength-odourless-garlic-7500mg-120-caps\\\/\",\"name\":\"Holland &amp; Barrett - Ail inodore Super Strength, 7500mg - 120 g\u00e9lules - ECO Supplements\",\"isPartOf\":{\"@id\":\"https:\\\/\\\/ecosupplements.be\\\/fr\\\/#website\"},\"primaryImageOfPage\":{\"@id\":\"https:\\\/\\\/ecosupplements.be\\\/fr\\\/produit\\\/holland-barrett-super-strength-odourless-garlic-7500mg-120-caps\\\/#primaryimage\"},\"image\":{\"@id\":\"https:\\\/\\\/ecosupplements.be\\\/fr\\\/produit\\\/holland-barrett-super-strength-odourless-garlic-7500mg-120-caps\\\/#primaryimage\"},\"thumbnailUrl\":\"https:\\\/\\\/ecosupplements.be\\\/wp-content\\\/uploads\\\/2025\\\/08\\\/Holland-amp-Barrett-Super-Strength-Odourless-Garlic-7500mg-120-caps.jpg\",\"datePublished\":\"2024-12-15T14:07:06+00:00\",\"dateModified\":\"2025-08-27T14:06:23+00:00\",\"description\":\"Wij hebben een ruime keuze aan producten van Holland &amp; Barrett - Ail inodore Super Strength, 7500mg - 120 g\u00e9lules . Winkel bij Eco Supplements altijd gratis verzending boven 100\u20ac\",\"breadcrumb\":{\"@id\":\"https:\\\/\\\/ecosupplements.be\\\/fr\\\/produit\\\/holland-barrett-super-strength-odourless-garlic-7500mg-120-caps\\\/#breadcrumb\"},\"inLanguage\":\"fr-FR\",\"potentialAction\":[{\"@type\":\"ReadAction\",\"target\":[\"https:\\\/\\\/ecosupplements.be\\\/fr\\\/produit\\\/holland-barrett-super-strength-odourless-garlic-7500mg-120-caps\\\/\"]}]},{\"@type\":\"ImageObject\",\"inLanguage\":\"fr-FR\",\"@id\":\"https:\\\/\\\/ecosupplements.be\\\/fr\\\/produit\\\/holland-barrett-super-strength-odourless-garlic-7500mg-120-caps\\\/#primaryimage\",\"url\":\"https:\\\/\\\/ecosupplements.be\\\/wp-content\\\/uploads\\\/2025\\\/08\\\/Holland-amp-Barrett-Super-Strength-Odourless-Garlic-7500mg-120-caps.jpg\",\"contentUrl\":\"https:\\\/\\\/ecosupplements.be\\\/wp-content\\\/uploads\\\/2025\\\/08\\\/Holland-amp-Barrett-Super-Strength-Odourless-Garlic-7500mg-120-caps.jpg\",\"width\":522,\"height\":781},{\"@type\":\"BreadcrumbList\",\"@id\":\"https:\\\/\\\/ecosupplements.be\\\/fr\\\/produit\\\/holland-barrett-super-strength-odourless-garlic-7500mg-120-caps\\\/#breadcrumb\",\"itemListElement\":[{\"@type\":\"ListItem\",\"position\":1,\"name\":\"Home\",\"item\":\"https:\\\/\\\/ecosupplements.be\\\/fr\\\/\"},{\"@type\":\"ListItem\",\"position\":2,\"name\":\"Boutique\",\"item\":\"https:\\\/\\\/ecosupplements.be\\\/fr\\\/boutique\\\/\"},{\"@type\":\"ListItem\",\"position\":3,\"name\":\"Holland &amp; Barrett &#8211; Ail inodore Super Strength, 7500mg &#8211; 120 g\u00e9lules\"}]},{\"@type\":\"WebSite\",\"@id\":\"https:\\\/\\\/ecosupplements.be\\\/fr\\\/#website\",\"url\":\"https:\\\/\\\/ecosupplements.be\\\/fr\\\/\",\"name\":\"ECO Supplements\",\"description\":\"Eco Supplements - Gezonde supplementen\",\"publisher\":{\"@id\":\"https:\\\/\\\/ecosupplements.be\\\/fr\\\/#organization\"},\"potentialAction\":[{\"@type\":\"SearchAction\",\"target\":{\"@type\":\"EntryPoint\",\"urlTemplate\":\"https:\\\/\\\/ecosupplements.be\\\/fr\\\/?s={search_term_string}\"},\"query-input\":{\"@type\":\"PropertyValueSpecification\",\"valueRequired\":true,\"valueName\":\"search_term_string\"}}],\"inLanguage\":\"fr-FR\"},{\"@type\":\"Organization\",\"@id\":\"https:\\\/\\\/ecosupplements.be\\\/fr\\\/#organization\",\"name\":\"Eco Supplements\",\"url\":\"https:\\\/\\\/ecosupplements.be\\\/fr\\\/\",\"logo\":{\"@type\":\"ImageObject\",\"inLanguage\":\"fr-FR\",\"@id\":\"https:\\\/\\\/ecosupplements.be\\\/fr\\\/#\\\/schema\\\/logo\\\/image\\\/\",\"url\":\"https:\\\/\\\/ecosupplements.be\\\/wp-content\\\/uploads\\\/2022\\\/06\\\/ecosupplement-family.png\",\"contentUrl\":\"https:\\\/\\\/ecosupplements.be\\\/wp-content\\\/uploads\\\/2022\\\/06\\\/ecosupplement-family.png\",\"width\":593,\"height\":374,\"caption\":\"Eco Supplements\"},\"image\":{\"@id\":\"https:\\\/\\\/ecosupplements.be\\\/fr\\\/#\\\/schema\\\/logo\\\/image\\\/\"}}]}<\/script>\n<meta property=\"product:brand\" content=\"Holland &amp; Barrett\" \/>\n<meta property=\"product:price:amount\" content=\"11.68\" \/>\n<meta property=\"product:price:currency\" content=\"EUR\" \/>\n<meta property=\"og:availability\" content=\"instock\" \/>\n<meta property=\"product:availability\" content=\"instock\" \/>\n<meta property=\"product:retailer_item_id\" content=\"5059604607301\" \/>\n<meta property=\"product:condition\" content=\"new\" \/>\n<!-- \/ Yoast SEO Premium plugin. -->","yoast_head_json":{"title":"Holland &amp; Barrett - Ail inodore Super Strength, 7500mg - 120 g\u00e9lules - ECO Supplements","description":"Wij hebben een ruime keuze aan producten van Holland &amp; Barrett - Ail inodore Super Strength, 7500mg - 120 g\u00e9lules . Winkel bij Eco Supplements altijd gratis verzending boven 100\u20ac","robots":{"index":"index","follow":"follow","max-snippet":"max-snippet:-1","max-image-preview":"max-image-preview:large","max-video-preview":"max-video-preview:-1"},"canonical":"https:\/\/ecosupplements.be\/fr\/produit\/holland-barrett-super-strength-odourless-garlic-7500mg-120-caps\/","og_locale":"fr_FR","og_type":"article","og_title":"Holland &amp; Barrett - Ail inodore Super Strength, 7500mg - 120 g\u00e9lules","og_description":"Wij hebben een ruime keuze aan producten van Holland &amp; Barrett - Ail inodore Super Strength, 7500mg - 120 g\u00e9lules . Winkel bij Eco Supplements altijd gratis verzending boven 100\u20ac","og_url":"https:\/\/ecosupplements.be\/fr\/produit\/holland-barrett-super-strength-odourless-garlic-7500mg-120-caps\/","og_site_name":"ECO Supplements","article_modified_time":"2025-08-27T14:06:23+00:00","og_image":[{"width":522,"height":781,"url":"https:\/\/ecosupplements.be\/wp-content\/uploads\/2025\/08\/Holland-amp-Barrett-Super-Strength-Odourless-Garlic-7500mg-120-caps.jpg","type":"image\/jpeg"}],"twitter_card":"summary_large_image","twitter_misc":{"Prix":"11.68&nbsp;&euro;","Disponibilit\u00e9":"En stock"},"schema":{"@context":"https:\/\/schema.org","@graph":[{"@type":["WebPage","ItemPage"],"@id":"https:\/\/ecosupplements.be\/fr\/produit\/holland-barrett-super-strength-odourless-garlic-7500mg-120-caps\/","url":"https:\/\/ecosupplements.be\/fr\/produit\/holland-barrett-super-strength-odourless-garlic-7500mg-120-caps\/","name":"Holland &amp; Barrett - Ail inodore Super Strength, 7500mg - 120 g\u00e9lules - ECO Supplements","isPartOf":{"@id":"https:\/\/ecosupplements.be\/fr\/#website"},"primaryImageOfPage":{"@id":"https:\/\/ecosupplements.be\/fr\/produit\/holland-barrett-super-strength-odourless-garlic-7500mg-120-caps\/#primaryimage"},"image":{"@id":"https:\/\/ecosupplements.be\/fr\/produit\/holland-barrett-super-strength-odourless-garlic-7500mg-120-caps\/#primaryimage"},"thumbnailUrl":"https:\/\/ecosupplements.be\/wp-content\/uploads\/2025\/08\/Holland-amp-Barrett-Super-Strength-Odourless-Garlic-7500mg-120-caps.jpg","datePublished":"2024-12-15T14:07:06+00:00","dateModified":"2025-08-27T14:06:23+00:00","description":"Wij hebben een ruime keuze aan producten van Holland &amp; Barrett - Ail inodore Super Strength, 7500mg - 120 g\u00e9lules . Winkel bij Eco Supplements altijd gratis verzending boven 100\u20ac","breadcrumb":{"@id":"https:\/\/ecosupplements.be\/fr\/produit\/holland-barrett-super-strength-odourless-garlic-7500mg-120-caps\/#breadcrumb"},"inLanguage":"fr-FR","potentialAction":[{"@type":"ReadAction","target":["https:\/\/ecosupplements.be\/fr\/produit\/holland-barrett-super-strength-odourless-garlic-7500mg-120-caps\/"]}]},{"@type":"ImageObject","inLanguage":"fr-FR","@id":"https:\/\/ecosupplements.be\/fr\/produit\/holland-barrett-super-strength-odourless-garlic-7500mg-120-caps\/#primaryimage","url":"https:\/\/ecosupplements.be\/wp-content\/uploads\/2025\/08\/Holland-amp-Barrett-Super-Strength-Odourless-Garlic-7500mg-120-caps.jpg","contentUrl":"https:\/\/ecosupplements.be\/wp-content\/uploads\/2025\/08\/Holland-amp-Barrett-Super-Strength-Odourless-Garlic-7500mg-120-caps.jpg","width":522,"height":781},{"@type":"BreadcrumbList","@id":"https:\/\/ecosupplements.be\/fr\/produit\/holland-barrett-super-strength-odourless-garlic-7500mg-120-caps\/#breadcrumb","itemListElement":[{"@type":"ListItem","position":1,"name":"Home","item":"https:\/\/ecosupplements.be\/fr\/"},{"@type":"ListItem","position":2,"name":"Boutique","item":"https:\/\/ecosupplements.be\/fr\/boutique\/"},{"@type":"ListItem","position":3,"name":"Holland &amp; Barrett &#8211; Ail inodore Super Strength, 7500mg &#8211; 120 g\u00e9lules"}]},{"@type":"WebSite","@id":"https:\/\/ecosupplements.be\/fr\/#website","url":"https:\/\/ecosupplements.be\/fr\/","name":"ECO Supplements","description":"Eco Supplements - Gezonde supplementen","publisher":{"@id":"https:\/\/ecosupplements.be\/fr\/#organization"},"potentialAction":[{"@type":"SearchAction","target":{"@type":"EntryPoint","urlTemplate":"https:\/\/ecosupplements.be\/fr\/?s={search_term_string}"},"query-input":{"@type":"PropertyValueSpecification","valueRequired":true,"valueName":"search_term_string"}}],"inLanguage":"fr-FR"},{"@type":"Organization","@id":"https:\/\/ecosupplements.be\/fr\/#organization","name":"Eco Supplements","url":"https:\/\/ecosupplements.be\/fr\/","logo":{"@type":"ImageObject","inLanguage":"fr-FR","@id":"https:\/\/ecosupplements.be\/fr\/#\/schema\/logo\/image\/","url":"https:\/\/ecosupplements.be\/wp-content\/uploads\/2022\/06\/ecosupplement-family.png","contentUrl":"https:\/\/ecosupplements.be\/wp-content\/uploads\/2022\/06\/ecosupplement-family.png","width":593,"height":374,"caption":"Eco Supplements"},"image":{"@id":"https:\/\/ecosupplements.be\/fr\/#\/schema\/logo\/image\/"}}]},"product_brand":"Holland &amp; Barrett","product_price_amount":"11.68","product_price_currency":"EUR","og_availability":"instock","product_availability":"instock","product_retailer_item_id":"5059604607301","product_condition":"new"},"_links":{"self":[{"href":"https:\/\/ecosupplements.be\/fr\/wp-json\/wp\/v2\/product\/289996","targetHints":{"allow":["GET"]}}],"collection":[{"href":"https:\/\/ecosupplements.be\/fr\/wp-json\/wp\/v2\/product"}],"about":[{"href":"https:\/\/ecosupplements.be\/fr\/wp-json\/wp\/v2\/types\/product"}],"replies":[{"embeddable":true,"href":"https:\/\/ecosupplements.be\/fr\/wp-json\/wp\/v2\/comments?post=289996"}],"wp:featuredmedia":[{"embeddable":true,"href":"https:\/\/ecosupplements.be\/fr\/wp-json\/wp\/v2\/media\/289997"}],"wp:attachment":[{"href":"https:\/\/ecosupplements.be\/fr\/wp-json\/wp\/v2\/media?parent=289996"}],"wp:term":[{"taxonomy":"product_brand","embeddable":true,"href":"https:\/\/ecosupplements.be\/fr\/wp-json\/wp\/v2\/product_brand?post=289996"},{"taxonomy":"product_cat","embeddable":true,"href":"https:\/\/ecosupplements.be\/fr\/wp-json\/wp\/v2\/product_cat?post=289996"},{"taxonomy":"product_tag","embeddable":true,"href":"https:\/\/ecosupplements.be\/fr\/wp-json\/wp\/v2\/product_tag?post=289996"}],"curies":[{"name":"wp","href":"https:\/\/api.w.org\/{rel}","templated":true}]}}