{"id":290002,"date":"2024-12-15T15:07:05","date_gmt":"2024-12-15T14:07:05","guid":{"rendered":"https:\/\/ecosupplements.be\/product\/holland-barrett-vitamin-c-quercetin-60-tablets\/"},"modified":"2025-08-27T15:06:28","modified_gmt":"2025-08-27T14:06:28","slug":"holland-barrett-vitamin-c-quercetin-60-tablets","status":"publish","type":"product","link":"https:\/\/ecosupplements.be\/fr\/produit\/holland-barrett-vitamin-c-quercetin-60-tablets\/","title":{"rendered":"Holland &amp; Barrett &#8211; Vitamine C et Querc\u00e9tine &#8211; 60 comprim\u00e9s"},"content":{"rendered":"<h2>Holland &amp; Barrett &#8211; Vitamin C &amp; Quercetin &#8211; 60 tablets<\/h2>\n<p>D\u00e9couvrez le choix naturel pour votre quotidien avec les comprim\u00e9s de <strong>Vitamin C &amp; Quercetin<\/strong> de Holland &amp; Barrett. Con\u00e7us pour s&#8217;int\u00e9grer harmonieusement \u00e0 votre routine,ces comprim\u00e9s sont fabriqu\u00e9s au Royaume-Uni et mettent en avant des ingr\u00e9dients d&#8217;origine naturelle.<\/p>\n<p>Ce produit contient de la vitamine C et du querc\u00e9tin,deux composants connus pour leur puret\u00e9 et leur origine naturelle. La vitamine C est appr\u00e9ci\u00e9e pour sa qualit\u00e9 et le querc\u00e9tin est un flavono\u00efde qui compl\u00e8te parfaitement cette formulation.<\/p>\n<p><strong>Contenu et emballage :<\/strong> Chaque bo\u00eete contient 60 tablettes, con\u00e7ues dans un format pratique, facile \u00e0 utiliser au quotidien.<\/p>\n<p><strong>Utilisation :<\/strong> Pour une int\u00e9gration simple dans votre routine quotidienne, suivez les instructions sur l&#8217;emballage concernant la dose journali\u00e8re recommand\u00e9e.<\/p>\n<p>Ces tablettes sont un excellent choix pour ceux qui appr\u00e9cient les produits de haute qualit\u00e9 avec des ingr\u00e9dients soigneusement s\u00e9lectionn\u00e9s. Elles s&#8217;inscrivent parfaitement dans un mode de vie \u00e9quilibr\u00e9 et actif sans pr\u00e9tendre \u00e0 des effets sp\u00e9cifiques sur la sant\u00e9 ou le bien-\u00eatre.<\/p>\n<p>Avec holland &amp; Barrett &#8211; Vitamin C &amp; Quercetin, optez pour un produit pratique aux composants naturels, id\u00e9al pour accompagner votre rythme de vie dynamique.<\/p>\n","protected":false},"excerpt":{"rendered":"<p>Holland &amp; Barrett &#8211; Vitamin C &amp; Quercetin &#8211; 60 tablets D\u00e9couvrez le choix naturel pour votre quotidien avec les comprim\u00e9s de Vitamin C &amp; Quercetin de Holland &amp; Barrett. Con\u00e7us pour s&#8217;int\u00e9grer harmonieusement \u00e0 votre routine,ces comprim\u00e9s sont fabriqu\u00e9s au Royaume-Uni et mettent en avant des ingr\u00e9dients d&#8217;origine naturelle. Ce produit contient de la [&#8230;]\n","protected":false},"featured_media":290003,"comment_status":"open","ping_status":"open","template":"","meta":[],"product_brand":[4819],"product_cat":[5052],"product_tag":[],"class_list":{"0":"post-290002","1":"product","2":"type-product","3":"status-publish","4":"has-post-thumbnail","6":"product_brand-holland-barrett-2","7":"product_cat-sante-et-bien-etre","9":"first","10":"instock","11":"sale","12":"taxable","13":"shipping-taxable","14":"purchasable","15":"product-type-simple"},"yoast_head":"<!-- This site is optimized with the Yoast SEO Premium plugin v27.3 (Yoast SEO v27.3) - https:\/\/yoast.com\/product\/yoast-seo-premium-wordpress\/ -->\n<title>Holland &amp; Barrett - Vitamine C et Querc\u00e9tine - 60 comprim\u00e9s - ECO Supplements<\/title>\n<meta name=\"description\" content=\"Wij hebben een ruime keuze aan producten van Holland &amp; Barrett - Vitamine C et Querc\u00e9tine - 60 comprim\u00e9s . Winkel bij Eco Supplements altijd gratis verzending boven 100\u20ac\" \/>\n<meta name=\"robots\" content=\"index, follow, max-snippet:-1, max-image-preview:large, max-video-preview:-1\" \/>\n<link rel=\"canonical\" href=\"https:\/\/ecosupplements.be\/fr\/produit\/holland-barrett-vitamin-c-quercetin-60-tablets\/\" \/>\n<meta property=\"og:locale\" content=\"fr_FR\" \/>\n<meta property=\"og:type\" content=\"article\" \/>\n<meta property=\"og:title\" content=\"Holland &amp; Barrett - Vitamine C et Querc\u00e9tine - 60 comprim\u00e9s\" \/>\n<meta property=\"og:description\" content=\"Wij hebben een ruime keuze aan producten van Holland &amp; Barrett - Vitamine C et Querc\u00e9tine - 60 comprim\u00e9s . Winkel bij Eco Supplements altijd gratis verzending boven 100\u20ac\" \/>\n<meta property=\"og:url\" content=\"https:\/\/ecosupplements.be\/fr\/produit\/holland-barrett-vitamin-c-quercetin-60-tablets\/\" \/>\n<meta property=\"og:site_name\" content=\"ECO Supplements\" \/>\n<meta property=\"article:modified_time\" content=\"2025-08-27T14:06:28+00:00\" \/>\n<meta property=\"og:image\" content=\"https:\/\/ecosupplements.be\/wp-content\/uploads\/2025\/08\/Holland-amp-Barrett-Vitamin-C-Quercetin-60-tablets.jpg\" \/>\n\t<meta property=\"og:image:width\" content=\"517\" \/>\n\t<meta property=\"og:image:height\" content=\"799\" \/>\n\t<meta property=\"og:image:type\" content=\"image\/jpeg\" \/>\n<meta name=\"twitter:card\" content=\"summary_large_image\" \/>\n<meta name=\"twitter:label1\" content=\"Prix\" \/>\n\t<meta name=\"twitter:data1\" content=\"16.50&nbsp;&euro;\" \/>\n\t<meta name=\"twitter:label2\" content=\"Disponibilit\u00e9\" \/>\n\t<meta name=\"twitter:data2\" content=\"En stock\" \/>\n<script type=\"application\/ld+json\" class=\"yoast-schema-graph\">{\"@context\":\"https:\\\/\\\/schema.org\",\"@graph\":[{\"@type\":[\"WebPage\",\"ItemPage\"],\"@id\":\"https:\\\/\\\/ecosupplements.be\\\/fr\\\/produit\\\/holland-barrett-vitamin-c-quercetin-60-tablets\\\/\",\"url\":\"https:\\\/\\\/ecosupplements.be\\\/fr\\\/produit\\\/holland-barrett-vitamin-c-quercetin-60-tablets\\\/\",\"name\":\"Holland &amp; Barrett - Vitamine C et Querc\u00e9tine - 60 comprim\u00e9s - ECO Supplements\",\"isPartOf\":{\"@id\":\"https:\\\/\\\/ecosupplements.be\\\/fr\\\/#website\"},\"primaryImageOfPage\":{\"@id\":\"https:\\\/\\\/ecosupplements.be\\\/fr\\\/produit\\\/holland-barrett-vitamin-c-quercetin-60-tablets\\\/#primaryimage\"},\"image\":{\"@id\":\"https:\\\/\\\/ecosupplements.be\\\/fr\\\/produit\\\/holland-barrett-vitamin-c-quercetin-60-tablets\\\/#primaryimage\"},\"thumbnailUrl\":\"https:\\\/\\\/ecosupplements.be\\\/wp-content\\\/uploads\\\/2025\\\/08\\\/Holland-amp-Barrett-Vitamin-C-Quercetin-60-tablets.jpg\",\"datePublished\":\"2024-12-15T14:07:05+00:00\",\"dateModified\":\"2025-08-27T14:06:28+00:00\",\"description\":\"Wij hebben een ruime keuze aan producten van Holland &amp; Barrett - Vitamine C et Querc\u00e9tine - 60 comprim\u00e9s . Winkel bij Eco Supplements altijd gratis verzending boven 100\u20ac\",\"breadcrumb\":{\"@id\":\"https:\\\/\\\/ecosupplements.be\\\/fr\\\/produit\\\/holland-barrett-vitamin-c-quercetin-60-tablets\\\/#breadcrumb\"},\"inLanguage\":\"fr-FR\",\"potentialAction\":[{\"@type\":\"ReadAction\",\"target\":[\"https:\\\/\\\/ecosupplements.be\\\/fr\\\/produit\\\/holland-barrett-vitamin-c-quercetin-60-tablets\\\/\"]}]},{\"@type\":\"ImageObject\",\"inLanguage\":\"fr-FR\",\"@id\":\"https:\\\/\\\/ecosupplements.be\\\/fr\\\/produit\\\/holland-barrett-vitamin-c-quercetin-60-tablets\\\/#primaryimage\",\"url\":\"https:\\\/\\\/ecosupplements.be\\\/wp-content\\\/uploads\\\/2025\\\/08\\\/Holland-amp-Barrett-Vitamin-C-Quercetin-60-tablets.jpg\",\"contentUrl\":\"https:\\\/\\\/ecosupplements.be\\\/wp-content\\\/uploads\\\/2025\\\/08\\\/Holland-amp-Barrett-Vitamin-C-Quercetin-60-tablets.jpg\",\"width\":517,\"height\":799},{\"@type\":\"BreadcrumbList\",\"@id\":\"https:\\\/\\\/ecosupplements.be\\\/fr\\\/produit\\\/holland-barrett-vitamin-c-quercetin-60-tablets\\\/#breadcrumb\",\"itemListElement\":[{\"@type\":\"ListItem\",\"position\":1,\"name\":\"Home\",\"item\":\"https:\\\/\\\/ecosupplements.be\\\/fr\\\/\"},{\"@type\":\"ListItem\",\"position\":2,\"name\":\"Boutique\",\"item\":\"https:\\\/\\\/ecosupplements.be\\\/fr\\\/boutique\\\/\"},{\"@type\":\"ListItem\",\"position\":3,\"name\":\"Holland &amp; Barrett &#8211; Vitamine C et Querc\u00e9tine &#8211; 60 comprim\u00e9s\"}]},{\"@type\":\"WebSite\",\"@id\":\"https:\\\/\\\/ecosupplements.be\\\/fr\\\/#website\",\"url\":\"https:\\\/\\\/ecosupplements.be\\\/fr\\\/\",\"name\":\"ECO Supplements\",\"description\":\"Eco Supplements - Gezonde supplementen\",\"publisher\":{\"@id\":\"https:\\\/\\\/ecosupplements.be\\\/fr\\\/#organization\"},\"potentialAction\":[{\"@type\":\"SearchAction\",\"target\":{\"@type\":\"EntryPoint\",\"urlTemplate\":\"https:\\\/\\\/ecosupplements.be\\\/fr\\\/?s={search_term_string}\"},\"query-input\":{\"@type\":\"PropertyValueSpecification\",\"valueRequired\":true,\"valueName\":\"search_term_string\"}}],\"inLanguage\":\"fr-FR\"},{\"@type\":\"Organization\",\"@id\":\"https:\\\/\\\/ecosupplements.be\\\/fr\\\/#organization\",\"name\":\"Eco Supplements\",\"url\":\"https:\\\/\\\/ecosupplements.be\\\/fr\\\/\",\"logo\":{\"@type\":\"ImageObject\",\"inLanguage\":\"fr-FR\",\"@id\":\"https:\\\/\\\/ecosupplements.be\\\/fr\\\/#\\\/schema\\\/logo\\\/image\\\/\",\"url\":\"https:\\\/\\\/ecosupplements.be\\\/wp-content\\\/uploads\\\/2022\\\/06\\\/ecosupplement-family.png\",\"contentUrl\":\"https:\\\/\\\/ecosupplements.be\\\/wp-content\\\/uploads\\\/2022\\\/06\\\/ecosupplement-family.png\",\"width\":593,\"height\":374,\"caption\":\"Eco Supplements\"},\"image\":{\"@id\":\"https:\\\/\\\/ecosupplements.be\\\/fr\\\/#\\\/schema\\\/logo\\\/image\\\/\"}}]}<\/script>\n<meta property=\"product:brand\" content=\"Holland &amp; Barrett\" \/>\n<meta property=\"product:price:amount\" content=\"16.50\" \/>\n<meta property=\"product:price:currency\" content=\"EUR\" \/>\n<meta property=\"og:availability\" content=\"instock\" \/>\n<meta property=\"product:availability\" content=\"instock\" \/>\n<meta property=\"product:retailer_item_id\" content=\"5059604472527\" \/>\n<meta property=\"product:condition\" content=\"new\" \/>\n<!-- \/ Yoast SEO Premium plugin. -->","yoast_head_json":{"title":"Holland &amp; Barrett - Vitamine C et Querc\u00e9tine - 60 comprim\u00e9s - ECO Supplements","description":"Wij hebben een ruime keuze aan producten van Holland &amp; Barrett - Vitamine C et Querc\u00e9tine - 60 comprim\u00e9s . Winkel bij Eco Supplements altijd gratis verzending boven 100\u20ac","robots":{"index":"index","follow":"follow","max-snippet":"max-snippet:-1","max-image-preview":"max-image-preview:large","max-video-preview":"max-video-preview:-1"},"canonical":"https:\/\/ecosupplements.be\/fr\/produit\/holland-barrett-vitamin-c-quercetin-60-tablets\/","og_locale":"fr_FR","og_type":"article","og_title":"Holland &amp; Barrett - Vitamine C et Querc\u00e9tine - 60 comprim\u00e9s","og_description":"Wij hebben een ruime keuze aan producten van Holland &amp; Barrett - Vitamine C et Querc\u00e9tine - 60 comprim\u00e9s . Winkel bij Eco Supplements altijd gratis verzending boven 100\u20ac","og_url":"https:\/\/ecosupplements.be\/fr\/produit\/holland-barrett-vitamin-c-quercetin-60-tablets\/","og_site_name":"ECO Supplements","article_modified_time":"2025-08-27T14:06:28+00:00","og_image":[{"width":517,"height":799,"url":"https:\/\/ecosupplements.be\/wp-content\/uploads\/2025\/08\/Holland-amp-Barrett-Vitamin-C-Quercetin-60-tablets.jpg","type":"image\/jpeg"}],"twitter_card":"summary_large_image","twitter_misc":{"Prix":"16.50&nbsp;&euro;","Disponibilit\u00e9":"En stock"},"schema":{"@context":"https:\/\/schema.org","@graph":[{"@type":["WebPage","ItemPage"],"@id":"https:\/\/ecosupplements.be\/fr\/produit\/holland-barrett-vitamin-c-quercetin-60-tablets\/","url":"https:\/\/ecosupplements.be\/fr\/produit\/holland-barrett-vitamin-c-quercetin-60-tablets\/","name":"Holland &amp; Barrett - Vitamine C et Querc\u00e9tine - 60 comprim\u00e9s - ECO Supplements","isPartOf":{"@id":"https:\/\/ecosupplements.be\/fr\/#website"},"primaryImageOfPage":{"@id":"https:\/\/ecosupplements.be\/fr\/produit\/holland-barrett-vitamin-c-quercetin-60-tablets\/#primaryimage"},"image":{"@id":"https:\/\/ecosupplements.be\/fr\/produit\/holland-barrett-vitamin-c-quercetin-60-tablets\/#primaryimage"},"thumbnailUrl":"https:\/\/ecosupplements.be\/wp-content\/uploads\/2025\/08\/Holland-amp-Barrett-Vitamin-C-Quercetin-60-tablets.jpg","datePublished":"2024-12-15T14:07:05+00:00","dateModified":"2025-08-27T14:06:28+00:00","description":"Wij hebben een ruime keuze aan producten van Holland &amp; Barrett - Vitamine C et Querc\u00e9tine - 60 comprim\u00e9s . Winkel bij Eco Supplements altijd gratis verzending boven 100\u20ac","breadcrumb":{"@id":"https:\/\/ecosupplements.be\/fr\/produit\/holland-barrett-vitamin-c-quercetin-60-tablets\/#breadcrumb"},"inLanguage":"fr-FR","potentialAction":[{"@type":"ReadAction","target":["https:\/\/ecosupplements.be\/fr\/produit\/holland-barrett-vitamin-c-quercetin-60-tablets\/"]}]},{"@type":"ImageObject","inLanguage":"fr-FR","@id":"https:\/\/ecosupplements.be\/fr\/produit\/holland-barrett-vitamin-c-quercetin-60-tablets\/#primaryimage","url":"https:\/\/ecosupplements.be\/wp-content\/uploads\/2025\/08\/Holland-amp-Barrett-Vitamin-C-Quercetin-60-tablets.jpg","contentUrl":"https:\/\/ecosupplements.be\/wp-content\/uploads\/2025\/08\/Holland-amp-Barrett-Vitamin-C-Quercetin-60-tablets.jpg","width":517,"height":799},{"@type":"BreadcrumbList","@id":"https:\/\/ecosupplements.be\/fr\/produit\/holland-barrett-vitamin-c-quercetin-60-tablets\/#breadcrumb","itemListElement":[{"@type":"ListItem","position":1,"name":"Home","item":"https:\/\/ecosupplements.be\/fr\/"},{"@type":"ListItem","position":2,"name":"Boutique","item":"https:\/\/ecosupplements.be\/fr\/boutique\/"},{"@type":"ListItem","position":3,"name":"Holland &amp; Barrett &#8211; Vitamine C et Querc\u00e9tine &#8211; 60 comprim\u00e9s"}]},{"@type":"WebSite","@id":"https:\/\/ecosupplements.be\/fr\/#website","url":"https:\/\/ecosupplements.be\/fr\/","name":"ECO Supplements","description":"Eco Supplements - Gezonde supplementen","publisher":{"@id":"https:\/\/ecosupplements.be\/fr\/#organization"},"potentialAction":[{"@type":"SearchAction","target":{"@type":"EntryPoint","urlTemplate":"https:\/\/ecosupplements.be\/fr\/?s={search_term_string}"},"query-input":{"@type":"PropertyValueSpecification","valueRequired":true,"valueName":"search_term_string"}}],"inLanguage":"fr-FR"},{"@type":"Organization","@id":"https:\/\/ecosupplements.be\/fr\/#organization","name":"Eco Supplements","url":"https:\/\/ecosupplements.be\/fr\/","logo":{"@type":"ImageObject","inLanguage":"fr-FR","@id":"https:\/\/ecosupplements.be\/fr\/#\/schema\/logo\/image\/","url":"https:\/\/ecosupplements.be\/wp-content\/uploads\/2022\/06\/ecosupplement-family.png","contentUrl":"https:\/\/ecosupplements.be\/wp-content\/uploads\/2022\/06\/ecosupplement-family.png","width":593,"height":374,"caption":"Eco Supplements"},"image":{"@id":"https:\/\/ecosupplements.be\/fr\/#\/schema\/logo\/image\/"}}]},"product_brand":"Holland &amp; Barrett","product_price_amount":"16.50","product_price_currency":"EUR","og_availability":"instock","product_availability":"instock","product_retailer_item_id":"5059604472527","product_condition":"new"},"_links":{"self":[{"href":"https:\/\/ecosupplements.be\/fr\/wp-json\/wp\/v2\/product\/290002","targetHints":{"allow":["GET"]}}],"collection":[{"href":"https:\/\/ecosupplements.be\/fr\/wp-json\/wp\/v2\/product"}],"about":[{"href":"https:\/\/ecosupplements.be\/fr\/wp-json\/wp\/v2\/types\/product"}],"replies":[{"embeddable":true,"href":"https:\/\/ecosupplements.be\/fr\/wp-json\/wp\/v2\/comments?post=290002"}],"wp:featuredmedia":[{"embeddable":true,"href":"https:\/\/ecosupplements.be\/fr\/wp-json\/wp\/v2\/media\/290003"}],"wp:attachment":[{"href":"https:\/\/ecosupplements.be\/fr\/wp-json\/wp\/v2\/media?parent=290002"}],"wp:term":[{"taxonomy":"product_brand","embeddable":true,"href":"https:\/\/ecosupplements.be\/fr\/wp-json\/wp\/v2\/product_brand?post=290002"},{"taxonomy":"product_cat","embeddable":true,"href":"https:\/\/ecosupplements.be\/fr\/wp-json\/wp\/v2\/product_cat?post=290002"},{"taxonomy":"product_tag","embeddable":true,"href":"https:\/\/ecosupplements.be\/fr\/wp-json\/wp\/v2\/product_tag?post=290002"}],"curies":[{"name":"wp","href":"https:\/\/api.w.org\/{rel}","templated":true}]}}