{"id":290122,"date":"2024-08-04T01:20:17","date_gmt":"2024-08-04T00:20:17","guid":{"rendered":"https:\/\/ecosupplements.be\/product\/now-foods-grape-seed-extract-500mg-maximum-strength-90-vcaps\/"},"modified":"2025-08-27T15:08:30","modified_gmt":"2025-08-27T14:08:30","slug":"now-foods-grape-seed-extract-500mg-maximum-strength-90-vcaps","status":"publish","type":"product","link":"https:\/\/ecosupplements.be\/fr\/produit\/now-foods-grape-seed-extract-500mg-maximum-strength-90-vcaps\/","title":{"rendered":"NOW Foods &#8211; Extrait de p\u00e9pins de raisin, 500mg &#8211; Force maximale &#8211; 90 g\u00e9lules v\u00e9g\u00e9tales"},"content":{"rendered":"<h2>NOW Foods &#8211; Extrait de P\u00e9pins de Raisin, 500mg Maximum Strength &#8211; 90 vcaps<\/h2>\n<p>D\u00e9couvrez le <strong>Extrait de P\u00e9pins de Raisin<\/strong> de NOW Foods, con\u00e7u pour s&#8217;int\u00e9grer harmonieusement \u00e0 votre quotidien. Chaque capsule v\u00e9g\u00e9tale contient <strong>500 mg d&#8217;extrait pur<\/strong>, provenant des \u00c9tats-Unis, garantissant une qualit\u00e9 sup\u00e9rieure et une origine naturelle.<\/p>\n<p>Ce produit est pr\u00e9sent\u00e9 dans un emballage pratique contenant <strong>90 capsules v\u00e9g\u00e9tales<\/strong>, facile \u00e0 utiliser au quotidien. L&#8217;extrait est obtenu \u00e0 partir de p\u00e9pins de raisin soigneusement s\u00e9lectionn\u00e9s, reconnus pour leur puret\u00e9 et leur naturalit\u00e9.<\/p>\n<p><em>utilisation :<\/em> Pour une incorporation simple dans votre routine journali\u00e8re, il est recommand\u00e9 d&#8217;adopter la dose sugg\u00e9r\u00e9e sur l&#8217;emballage.<\/p>\n<p>Ce compl\u00e9ment alimentaire se distingue par sa composition exceptionnelle sans ajout inutile, offrant ainsi un choix parfait pour ceux qui appr\u00e9cient les ingr\u00e9dients purs et naturels. Il s&#8217;inscrit id\u00e9alement dans un mode de vie \u00e9quilibr\u00e9 et actif.<\/p>\n<p>Avec NOW Foods &#8211; Extrait de P\u00e9pins de Raisin, optez pour un produit pratique au quotidien qui respecte votre pr\u00e9f\u00e9rence pour le naturel et la qualit\u00e9.<\/p>\n","protected":false},"excerpt":{"rendered":"<p>NOW Foods &#8211; Extrait de P\u00e9pins de Raisin, 500mg Maximum Strength &#8211; 90 vcaps D\u00e9couvrez le Extrait de P\u00e9pins de Raisin de NOW Foods, con\u00e7u pour s&#8217;int\u00e9grer harmonieusement \u00e0 votre quotidien. Chaque capsule v\u00e9g\u00e9tale contient 500 mg d&#8217;extrait pur, provenant des \u00c9tats-Unis, garantissant une qualit\u00e9 sup\u00e9rieure et une origine naturelle. Ce produit est pr\u00e9sent\u00e9 dans [&#8230;]\n","protected":false},"featured_media":266329,"comment_status":"open","ping_status":"open","template":"","meta":[],"product_brand":[4733],"product_cat":[5052,5094,5053],"product_tag":[],"class_list":{"0":"post-290122","1":"product","2":"type-product","3":"status-publish","4":"has-post-thumbnail","6":"product_brand-now-foods-2","7":"product_cat-sante-et-bien-etre","8":"product_cat-supplements-a-base-de-plantes","9":"product_cat-vitamines-et-mineraux","11":"first","12":"instock","13":"taxable","14":"shipping-taxable","15":"purchasable","16":"product-type-simple"},"yoast_head":"<!-- This site is optimized with the Yoast SEO Premium plugin v27.3 (Yoast SEO v27.3) - https:\/\/yoast.com\/product\/yoast-seo-premium-wordpress\/ -->\n<title>NOW Foods - Extrait de p\u00e9pins de raisin, 500mg - Force maximale - 90 g\u00e9lules v\u00e9g\u00e9tales - ECO Supplements<\/title>\n<meta name=\"description\" content=\"Wij hebben een ruime keuze aan producten van NOW Foods - Extrait de p\u00e9pins de raisin, 500mg - Force maximale - 90 g\u00e9lules v\u00e9g\u00e9tales . Winkel bij Eco Supplements altijd gratis verzending boven 100\u20ac\" \/>\n<meta name=\"robots\" content=\"index, follow, max-snippet:-1, max-image-preview:large, max-video-preview:-1\" \/>\n<link rel=\"canonical\" href=\"https:\/\/ecosupplements.be\/fr\/produit\/now-foods-grape-seed-extract-500mg-maximum-strength-90-vcaps\/\" \/>\n<meta property=\"og:locale\" content=\"fr_FR\" \/>\n<meta property=\"og:type\" content=\"article\" \/>\n<meta property=\"og:title\" content=\"NOW Foods - Extrait de p\u00e9pins de raisin, 500mg - Force maximale - 90 g\u00e9lules v\u00e9g\u00e9tales\" \/>\n<meta property=\"og:description\" content=\"Wij hebben een ruime keuze aan producten van NOW Foods - Extrait de p\u00e9pins de raisin, 500mg - Force maximale - 90 g\u00e9lules v\u00e9g\u00e9tales . Winkel bij Eco Supplements altijd gratis verzending boven 100\u20ac\" \/>\n<meta property=\"og:url\" content=\"https:\/\/ecosupplements.be\/fr\/produit\/now-foods-grape-seed-extract-500mg-maximum-strength-90-vcaps\/\" \/>\n<meta property=\"og:site_name\" content=\"ECO Supplements\" \/>\n<meta property=\"article:modified_time\" content=\"2025-08-27T14:08:30+00:00\" \/>\n<meta property=\"og:image\" content=\"https:\/\/ecosupplements.be\/wp-content\/uploads\/2025\/08\/NOW-Foods-Grape-Seed-Extract-500mg-Maximum-Strength-90-vcaps.jpg\" \/>\n\t<meta property=\"og:image:width\" content=\"338\" \/>\n\t<meta property=\"og:image:height\" content=\"600\" \/>\n\t<meta property=\"og:image:type\" content=\"image\/jpeg\" \/>\n<meta name=\"twitter:card\" content=\"summary_large_image\" \/>\n<meta name=\"twitter:label1\" content=\"Prix\" \/>\n\t<meta name=\"twitter:data1\" content=\"27.67&nbsp;&euro;\" \/>\n\t<meta name=\"twitter:label2\" content=\"Disponibilit\u00e9\" \/>\n\t<meta name=\"twitter:data2\" content=\"En stock\" \/>\n<script type=\"application\/ld+json\" class=\"yoast-schema-graph\">{\"@context\":\"https:\\\/\\\/schema.org\",\"@graph\":[{\"@type\":[\"WebPage\",\"ItemPage\"],\"@id\":\"https:\\\/\\\/ecosupplements.be\\\/fr\\\/produit\\\/now-foods-grape-seed-extract-500mg-maximum-strength-90-vcaps\\\/\",\"url\":\"https:\\\/\\\/ecosupplements.be\\\/fr\\\/produit\\\/now-foods-grape-seed-extract-500mg-maximum-strength-90-vcaps\\\/\",\"name\":\"NOW Foods - Extrait de p\u00e9pins de raisin, 500mg - Force maximale - 90 g\u00e9lules v\u00e9g\u00e9tales - ECO Supplements\",\"isPartOf\":{\"@id\":\"https:\\\/\\\/ecosupplements.be\\\/fr\\\/#website\"},\"primaryImageOfPage\":{\"@id\":\"https:\\\/\\\/ecosupplements.be\\\/fr\\\/produit\\\/now-foods-grape-seed-extract-500mg-maximum-strength-90-vcaps\\\/#primaryimage\"},\"image\":{\"@id\":\"https:\\\/\\\/ecosupplements.be\\\/fr\\\/produit\\\/now-foods-grape-seed-extract-500mg-maximum-strength-90-vcaps\\\/#primaryimage\"},\"thumbnailUrl\":\"https:\\\/\\\/ecosupplements.be\\\/wp-content\\\/uploads\\\/2025\\\/08\\\/Grape-Seed-Extract-500mg-Maximum-Strength-90-vcaps.jpg\",\"datePublished\":\"2024-08-04T00:20:17+00:00\",\"dateModified\":\"2025-08-27T14:08:30+00:00\",\"description\":\"Wij hebben een ruime keuze aan producten van NOW Foods - Extrait de p\u00e9pins de raisin, 500mg - Force maximale - 90 g\u00e9lules v\u00e9g\u00e9tales . Winkel bij Eco Supplements altijd gratis verzending boven 100\u20ac\",\"breadcrumb\":{\"@id\":\"https:\\\/\\\/ecosupplements.be\\\/fr\\\/produit\\\/now-foods-grape-seed-extract-500mg-maximum-strength-90-vcaps\\\/#breadcrumb\"},\"inLanguage\":\"fr-FR\",\"potentialAction\":[{\"@type\":\"ReadAction\",\"target\":[\"https:\\\/\\\/ecosupplements.be\\\/fr\\\/produit\\\/now-foods-grape-seed-extract-500mg-maximum-strength-90-vcaps\\\/\"]}]},{\"@type\":\"ImageObject\",\"inLanguage\":\"fr-FR\",\"@id\":\"https:\\\/\\\/ecosupplements.be\\\/fr\\\/produit\\\/now-foods-grape-seed-extract-500mg-maximum-strength-90-vcaps\\\/#primaryimage\",\"url\":\"https:\\\/\\\/ecosupplements.be\\\/wp-content\\\/uploads\\\/2025\\\/08\\\/Grape-Seed-Extract-500mg-Maximum-Strength-90-vcaps.jpg\",\"contentUrl\":\"https:\\\/\\\/ecosupplements.be\\\/wp-content\\\/uploads\\\/2025\\\/08\\\/Grape-Seed-Extract-500mg-Maximum-Strength-90-vcaps.jpg\",\"width\":338,\"height\":600},{\"@type\":\"BreadcrumbList\",\"@id\":\"https:\\\/\\\/ecosupplements.be\\\/fr\\\/produit\\\/now-foods-grape-seed-extract-500mg-maximum-strength-90-vcaps\\\/#breadcrumb\",\"itemListElement\":[{\"@type\":\"ListItem\",\"position\":1,\"name\":\"Home\",\"item\":\"https:\\\/\\\/ecosupplements.be\\\/fr\\\/\"},{\"@type\":\"ListItem\",\"position\":2,\"name\":\"Boutique\",\"item\":\"https:\\\/\\\/ecosupplements.be\\\/fr\\\/boutique\\\/\"},{\"@type\":\"ListItem\",\"position\":3,\"name\":\"NOW Foods &#8211; Extrait de p\u00e9pins de raisin, 500mg &#8211; Force maximale &#8211; 90 g\u00e9lules v\u00e9g\u00e9tales\"}]},{\"@type\":\"WebSite\",\"@id\":\"https:\\\/\\\/ecosupplements.be\\\/fr\\\/#website\",\"url\":\"https:\\\/\\\/ecosupplements.be\\\/fr\\\/\",\"name\":\"ECO Supplements\",\"description\":\"Eco Supplements - Gezonde supplementen\",\"publisher\":{\"@id\":\"https:\\\/\\\/ecosupplements.be\\\/fr\\\/#organization\"},\"potentialAction\":[{\"@type\":\"SearchAction\",\"target\":{\"@type\":\"EntryPoint\",\"urlTemplate\":\"https:\\\/\\\/ecosupplements.be\\\/fr\\\/?s={search_term_string}\"},\"query-input\":{\"@type\":\"PropertyValueSpecification\",\"valueRequired\":true,\"valueName\":\"search_term_string\"}}],\"inLanguage\":\"fr-FR\"},{\"@type\":\"Organization\",\"@id\":\"https:\\\/\\\/ecosupplements.be\\\/fr\\\/#organization\",\"name\":\"Eco Supplements\",\"url\":\"https:\\\/\\\/ecosupplements.be\\\/fr\\\/\",\"logo\":{\"@type\":\"ImageObject\",\"inLanguage\":\"fr-FR\",\"@id\":\"https:\\\/\\\/ecosupplements.be\\\/fr\\\/#\\\/schema\\\/logo\\\/image\\\/\",\"url\":\"https:\\\/\\\/ecosupplements.be\\\/wp-content\\\/uploads\\\/2022\\\/06\\\/ecosupplement-family.png\",\"contentUrl\":\"https:\\\/\\\/ecosupplements.be\\\/wp-content\\\/uploads\\\/2022\\\/06\\\/ecosupplement-family.png\",\"width\":593,\"height\":374,\"caption\":\"Eco Supplements\"},\"image\":{\"@id\":\"https:\\\/\\\/ecosupplements.be\\\/fr\\\/#\\\/schema\\\/logo\\\/image\\\/\"}}]}<\/script>\n<meta property=\"product:brand\" content=\"NOW Foods\" \/>\n<meta property=\"product:price:amount\" content=\"27.67\" \/>\n<meta property=\"product:price:currency\" content=\"EUR\" \/>\n<meta property=\"og:availability\" content=\"instock\" \/>\n<meta property=\"product:availability\" content=\"instock\" \/>\n<meta property=\"product:retailer_item_id\" content=\"733739033956\" \/>\n<meta property=\"product:condition\" content=\"new\" \/>\n<!-- \/ Yoast SEO Premium plugin. -->","yoast_head_json":{"title":"NOW Foods - Extrait de p\u00e9pins de raisin, 500mg - Force maximale - 90 g\u00e9lules v\u00e9g\u00e9tales - ECO Supplements","description":"Wij hebben een ruime keuze aan producten van NOW Foods - Extrait de p\u00e9pins de raisin, 500mg - Force maximale - 90 g\u00e9lules v\u00e9g\u00e9tales . Winkel bij Eco Supplements altijd gratis verzending boven 100\u20ac","robots":{"index":"index","follow":"follow","max-snippet":"max-snippet:-1","max-image-preview":"max-image-preview:large","max-video-preview":"max-video-preview:-1"},"canonical":"https:\/\/ecosupplements.be\/fr\/produit\/now-foods-grape-seed-extract-500mg-maximum-strength-90-vcaps\/","og_locale":"fr_FR","og_type":"article","og_title":"NOW Foods - Extrait de p\u00e9pins de raisin, 500mg - Force maximale - 90 g\u00e9lules v\u00e9g\u00e9tales","og_description":"Wij hebben een ruime keuze aan producten van NOW Foods - Extrait de p\u00e9pins de raisin, 500mg - Force maximale - 90 g\u00e9lules v\u00e9g\u00e9tales . Winkel bij Eco Supplements altijd gratis verzending boven 100\u20ac","og_url":"https:\/\/ecosupplements.be\/fr\/produit\/now-foods-grape-seed-extract-500mg-maximum-strength-90-vcaps\/","og_site_name":"ECO Supplements","article_modified_time":"2025-08-27T14:08:30+00:00","og_image":[{"width":338,"height":600,"url":"https:\/\/ecosupplements.be\/wp-content\/uploads\/2025\/08\/NOW-Foods-Grape-Seed-Extract-500mg-Maximum-Strength-90-vcaps.jpg","type":"image\/jpeg"}],"twitter_card":"summary_large_image","twitter_misc":{"Prix":"27.67&nbsp;&euro;","Disponibilit\u00e9":"En stock"},"schema":{"@context":"https:\/\/schema.org","@graph":[{"@type":["WebPage","ItemPage"],"@id":"https:\/\/ecosupplements.be\/fr\/produit\/now-foods-grape-seed-extract-500mg-maximum-strength-90-vcaps\/","url":"https:\/\/ecosupplements.be\/fr\/produit\/now-foods-grape-seed-extract-500mg-maximum-strength-90-vcaps\/","name":"NOW Foods - Extrait de p\u00e9pins de raisin, 500mg - Force maximale - 90 g\u00e9lules v\u00e9g\u00e9tales - ECO Supplements","isPartOf":{"@id":"https:\/\/ecosupplements.be\/fr\/#website"},"primaryImageOfPage":{"@id":"https:\/\/ecosupplements.be\/fr\/produit\/now-foods-grape-seed-extract-500mg-maximum-strength-90-vcaps\/#primaryimage"},"image":{"@id":"https:\/\/ecosupplements.be\/fr\/produit\/now-foods-grape-seed-extract-500mg-maximum-strength-90-vcaps\/#primaryimage"},"thumbnailUrl":"https:\/\/ecosupplements.be\/wp-content\/uploads\/2025\/08\/Grape-Seed-Extract-500mg-Maximum-Strength-90-vcaps.jpg","datePublished":"2024-08-04T00:20:17+00:00","dateModified":"2025-08-27T14:08:30+00:00","description":"Wij hebben een ruime keuze aan producten van NOW Foods - Extrait de p\u00e9pins de raisin, 500mg - Force maximale - 90 g\u00e9lules v\u00e9g\u00e9tales . Winkel bij Eco Supplements altijd gratis verzending boven 100\u20ac","breadcrumb":{"@id":"https:\/\/ecosupplements.be\/fr\/produit\/now-foods-grape-seed-extract-500mg-maximum-strength-90-vcaps\/#breadcrumb"},"inLanguage":"fr-FR","potentialAction":[{"@type":"ReadAction","target":["https:\/\/ecosupplements.be\/fr\/produit\/now-foods-grape-seed-extract-500mg-maximum-strength-90-vcaps\/"]}]},{"@type":"ImageObject","inLanguage":"fr-FR","@id":"https:\/\/ecosupplements.be\/fr\/produit\/now-foods-grape-seed-extract-500mg-maximum-strength-90-vcaps\/#primaryimage","url":"https:\/\/ecosupplements.be\/wp-content\/uploads\/2025\/08\/Grape-Seed-Extract-500mg-Maximum-Strength-90-vcaps.jpg","contentUrl":"https:\/\/ecosupplements.be\/wp-content\/uploads\/2025\/08\/Grape-Seed-Extract-500mg-Maximum-Strength-90-vcaps.jpg","width":338,"height":600},{"@type":"BreadcrumbList","@id":"https:\/\/ecosupplements.be\/fr\/produit\/now-foods-grape-seed-extract-500mg-maximum-strength-90-vcaps\/#breadcrumb","itemListElement":[{"@type":"ListItem","position":1,"name":"Home","item":"https:\/\/ecosupplements.be\/fr\/"},{"@type":"ListItem","position":2,"name":"Boutique","item":"https:\/\/ecosupplements.be\/fr\/boutique\/"},{"@type":"ListItem","position":3,"name":"NOW Foods &#8211; Extrait de p\u00e9pins de raisin, 500mg &#8211; Force maximale &#8211; 90 g\u00e9lules v\u00e9g\u00e9tales"}]},{"@type":"WebSite","@id":"https:\/\/ecosupplements.be\/fr\/#website","url":"https:\/\/ecosupplements.be\/fr\/","name":"ECO Supplements","description":"Eco Supplements - Gezonde supplementen","publisher":{"@id":"https:\/\/ecosupplements.be\/fr\/#organization"},"potentialAction":[{"@type":"SearchAction","target":{"@type":"EntryPoint","urlTemplate":"https:\/\/ecosupplements.be\/fr\/?s={search_term_string}"},"query-input":{"@type":"PropertyValueSpecification","valueRequired":true,"valueName":"search_term_string"}}],"inLanguage":"fr-FR"},{"@type":"Organization","@id":"https:\/\/ecosupplements.be\/fr\/#organization","name":"Eco Supplements","url":"https:\/\/ecosupplements.be\/fr\/","logo":{"@type":"ImageObject","inLanguage":"fr-FR","@id":"https:\/\/ecosupplements.be\/fr\/#\/schema\/logo\/image\/","url":"https:\/\/ecosupplements.be\/wp-content\/uploads\/2022\/06\/ecosupplement-family.png","contentUrl":"https:\/\/ecosupplements.be\/wp-content\/uploads\/2022\/06\/ecosupplement-family.png","width":593,"height":374,"caption":"Eco Supplements"},"image":{"@id":"https:\/\/ecosupplements.be\/fr\/#\/schema\/logo\/image\/"}}]},"product_brand":"NOW Foods","product_price_amount":"27.67","product_price_currency":"EUR","og_availability":"instock","product_availability":"instock","product_retailer_item_id":"733739033956","product_condition":"new"},"_links":{"self":[{"href":"https:\/\/ecosupplements.be\/fr\/wp-json\/wp\/v2\/product\/290122","targetHints":{"allow":["GET"]}}],"collection":[{"href":"https:\/\/ecosupplements.be\/fr\/wp-json\/wp\/v2\/product"}],"about":[{"href":"https:\/\/ecosupplements.be\/fr\/wp-json\/wp\/v2\/types\/product"}],"replies":[{"embeddable":true,"href":"https:\/\/ecosupplements.be\/fr\/wp-json\/wp\/v2\/comments?post=290122"}],"wp:featuredmedia":[{"embeddable":true,"href":"https:\/\/ecosupplements.be\/fr\/wp-json\/wp\/v2\/media\/266329"}],"wp:attachment":[{"href":"https:\/\/ecosupplements.be\/fr\/wp-json\/wp\/v2\/media?parent=290122"}],"wp:term":[{"taxonomy":"product_brand","embeddable":true,"href":"https:\/\/ecosupplements.be\/fr\/wp-json\/wp\/v2\/product_brand?post=290122"},{"taxonomy":"product_cat","embeddable":true,"href":"https:\/\/ecosupplements.be\/fr\/wp-json\/wp\/v2\/product_cat?post=290122"},{"taxonomy":"product_tag","embeddable":true,"href":"https:\/\/ecosupplements.be\/fr\/wp-json\/wp\/v2\/product_tag?post=290122"}],"curies":[{"name":"wp","href":"https:\/\/api.w.org\/{rel}","templated":true}]}}