{"id":290197,"date":"2024-12-15T14:52:43","date_gmt":"2024-12-15T13:52:43","guid":{"rendered":"https:\/\/ecosupplements.be\/product\/trace-minerals-quercetin-gummies-250mg-60-gummies\/"},"modified":"2025-08-27T15:09:55","modified_gmt":"2025-08-27T14:09:55","slug":"trace-minerals-quercetin-gummies-250mg-60-gummies","status":"publish","type":"product","link":"https:\/\/ecosupplements.be\/fr\/produit\/trace-minerals-quercetin-gummies-250mg-60-gummies\/","title":{"rendered":"Min\u00e9raux essentiels &#8211; Gommes de querc\u00e9tine, 250mg &#8211; 60 gommes"},"content":{"rendered":"<h2>Trace Minerals &#8211; Quercetin Gummies, 250mg &#8211; 60 gummies<\/h2>\n<p>D\u00e9couvrez les <strong>Quercetin Gummies<\/strong> de Trace Minerals, con\u00e7us pour s&#8217;int\u00e9grer harmonieusement \u00e0 votre quotidien. Chaque gomme contient <strong>250mg de querc\u00e9tine<\/strong>, un flavono\u00efde d&#8217;origine naturelle connu pour sa haute puret\u00e9 et ses origines soigneusement s\u00e9lectionn\u00e9es.<\/p>\n<p>Ces gommes sont fabriqu\u00e9es aux \u00c9tats-Unis et se pr\u00e9sentent dans un emballage pratique contenant <strong>60 unit\u00e9s<\/strong>. Elles offrent une alternative savoureuse et simple \u00e0 utiliser, id\u00e9ale pour ceux qui appr\u00e9cient les produits de qualit\u00e9 sup\u00e9rieure sans compromis.<\/p>\n<p><em>Ingr\u00e9dients principaux :<\/em> Querc\u00e9tine issue de sources naturelles.<\/p>\n<p><em>Utilisation :<\/em> Consommez selon les indications sur l&#8217;emballage ou suivant les recommandations d&#8217;un professionnel.Parfait pour une incorporation facile dans votre routine quotidienne.<\/p>\n<p>Ces gommes ne sont pas seulement pratiques; elles poss\u00e8dent \u00e9galement un go\u00fbt agr\u00e9able, ce qui en fait un choix id\u00e9al pour toute la famille. Int\u00e9grez les Quercetin Gummies \u00e0 votre mode de vie \u00e9quilibr\u00e9 et actif,tout en appr\u00e9ciant leur qualit\u00e9 exceptionnelle et leur composition naturelle.<\/p>\n","protected":false},"excerpt":{"rendered":"<p>Trace Minerals &#8211; Quercetin Gummies, 250mg &#8211; 60 gummies D\u00e9couvrez les Quercetin Gummies de Trace Minerals, con\u00e7us pour s&#8217;int\u00e9grer harmonieusement \u00e0 votre quotidien. Chaque gomme contient 250mg de querc\u00e9tine, un flavono\u00efde d&#8217;origine naturelle connu pour sa haute puret\u00e9 et ses origines soigneusement s\u00e9lectionn\u00e9es. Ces gommes sont fabriqu\u00e9es aux \u00c9tats-Unis et se pr\u00e9sentent dans un emballage [&#8230;]\n","protected":false},"featured_media":290198,"comment_status":"open","ping_status":"open","template":"","meta":[],"product_brand":[4769],"product_cat":[5052],"product_tag":[],"class_list":{"0":"post-290197","1":"product","2":"type-product","3":"status-publish","4":"has-post-thumbnail","6":"product_brand-trace-minerals-2","7":"product_cat-sante-et-bien-etre","9":"first","10":"instock","11":"taxable","12":"shipping-taxable","13":"purchasable","14":"product-type-simple"},"yoast_head":"<!-- This site is optimized with the Yoast SEO Premium plugin v27.5 (Yoast SEO v27.5) - https:\/\/yoast.com\/product\/yoast-seo-premium-wordpress\/ -->\n<title>Min\u00e9raux essentiels - Gommes de querc\u00e9tine, 250mg - 60 gommes - ECO Supplements<\/title>\n<meta name=\"description\" content=\"Wij hebben een ruime keuze aan producten van Min\u00e9raux essentiels - Gommes de querc\u00e9tine, 250mg - 60 gommes . Winkel bij Eco Supplements altijd gratis verzending boven 100\u20ac\" \/>\n<meta name=\"robots\" content=\"index, follow, max-snippet:-1, max-image-preview:large, max-video-preview:-1\" \/>\n<link rel=\"canonical\" href=\"https:\/\/ecosupplements.be\/fr\/produit\/trace-minerals-quercetin-gummies-250mg-60-gummies\/\" \/>\n<meta property=\"og:locale\" content=\"fr_FR\" \/>\n<meta property=\"og:type\" content=\"article\" \/>\n<meta property=\"og:title\" content=\"Min\u00e9raux essentiels - Gommes de querc\u00e9tine, 250mg - 60 gommes\" \/>\n<meta property=\"og:description\" content=\"Wij hebben een ruime keuze aan producten van Min\u00e9raux essentiels - Gommes de querc\u00e9tine, 250mg - 60 gommes . Winkel bij Eco Supplements altijd gratis verzending boven 100\u20ac\" \/>\n<meta property=\"og:url\" content=\"https:\/\/ecosupplements.be\/fr\/produit\/trace-minerals-quercetin-gummies-250mg-60-gummies\/\" \/>\n<meta property=\"og:site_name\" content=\"ECO Supplements\" \/>\n<meta property=\"article:modified_time\" content=\"2025-08-27T14:09:55+00:00\" \/>\n<meta property=\"og:image\" content=\"https:\/\/ecosupplements.be\/wp-content\/uploads\/2025\/08\/Trace-Minerals-Quercetin-Gummies-250mg-60-gummies-1.jpg\" \/>\n\t<meta property=\"og:image:width\" content=\"648\" \/>\n\t<meta property=\"og:image:height\" content=\"877\" \/>\n\t<meta property=\"og:image:type\" content=\"image\/jpeg\" \/>\n<meta name=\"twitter:card\" content=\"summary_large_image\" \/>\n<meta name=\"twitter:label1\" content=\"Prix\" \/>\n\t<meta name=\"twitter:data1\" content=\"29.47&nbsp;&euro;\" \/>\n\t<meta name=\"twitter:label2\" content=\"Disponibilit\u00e9\" \/>\n\t<meta name=\"twitter:data2\" content=\"En stock\" \/>\n<script type=\"application\/ld+json\" class=\"yoast-schema-graph\">{\"@context\":\"https:\\\/\\\/schema.org\",\"@graph\":[{\"@type\":[\"WebPage\",\"ItemPage\"],\"@id\":\"https:\\\/\\\/ecosupplements.be\\\/fr\\\/produit\\\/trace-minerals-quercetin-gummies-250mg-60-gummies\\\/\",\"url\":\"https:\\\/\\\/ecosupplements.be\\\/fr\\\/produit\\\/trace-minerals-quercetin-gummies-250mg-60-gummies\\\/\",\"name\":\"Min\u00e9raux essentiels - Gommes de querc\u00e9tine, 250mg - 60 gommes - ECO Supplements\",\"isPartOf\":{\"@id\":\"https:\\\/\\\/ecosupplements.be\\\/fr\\\/#website\"},\"primaryImageOfPage\":{\"@id\":\"https:\\\/\\\/ecosupplements.be\\\/fr\\\/produit\\\/trace-minerals-quercetin-gummies-250mg-60-gummies\\\/#primaryimage\"},\"image\":{\"@id\":\"https:\\\/\\\/ecosupplements.be\\\/fr\\\/produit\\\/trace-minerals-quercetin-gummies-250mg-60-gummies\\\/#primaryimage\"},\"thumbnailUrl\":\"https:\\\/\\\/ecosupplements.be\\\/wp-content\\\/uploads\\\/2025\\\/08\\\/Trace-Minerals-Quercetin-Gummies-250mg-60-gummies-1.jpg\",\"datePublished\":\"2024-12-15T13:52:43+00:00\",\"dateModified\":\"2025-08-27T14:09:55+00:00\",\"description\":\"Wij hebben een ruime keuze aan producten van Min\u00e9raux essentiels - Gommes de querc\u00e9tine, 250mg - 60 gommes . Winkel bij Eco Supplements altijd gratis verzending boven 100\u20ac\",\"breadcrumb\":{\"@id\":\"https:\\\/\\\/ecosupplements.be\\\/fr\\\/produit\\\/trace-minerals-quercetin-gummies-250mg-60-gummies\\\/#breadcrumb\"},\"inLanguage\":\"fr-FR\",\"potentialAction\":[{\"@type\":\"ReadAction\",\"target\":[\"https:\\\/\\\/ecosupplements.be\\\/fr\\\/produit\\\/trace-minerals-quercetin-gummies-250mg-60-gummies\\\/\"]}]},{\"@type\":\"ImageObject\",\"inLanguage\":\"fr-FR\",\"@id\":\"https:\\\/\\\/ecosupplements.be\\\/fr\\\/produit\\\/trace-minerals-quercetin-gummies-250mg-60-gummies\\\/#primaryimage\",\"url\":\"https:\\\/\\\/ecosupplements.be\\\/wp-content\\\/uploads\\\/2025\\\/08\\\/Trace-Minerals-Quercetin-Gummies-250mg-60-gummies-1.jpg\",\"contentUrl\":\"https:\\\/\\\/ecosupplements.be\\\/wp-content\\\/uploads\\\/2025\\\/08\\\/Trace-Minerals-Quercetin-Gummies-250mg-60-gummies-1.jpg\",\"width\":648,\"height\":877},{\"@type\":\"BreadcrumbList\",\"@id\":\"https:\\\/\\\/ecosupplements.be\\\/fr\\\/produit\\\/trace-minerals-quercetin-gummies-250mg-60-gummies\\\/#breadcrumb\",\"itemListElement\":[{\"@type\":\"ListItem\",\"position\":1,\"name\":\"Home\",\"item\":\"https:\\\/\\\/ecosupplements.be\\\/fr\\\/\"},{\"@type\":\"ListItem\",\"position\":2,\"name\":\"Boutique\",\"item\":\"https:\\\/\\\/ecosupplements.be\\\/fr\\\/boutique\\\/\"},{\"@type\":\"ListItem\",\"position\":3,\"name\":\"Min\u00e9raux essentiels &#8211; Gommes de querc\u00e9tine, 250mg &#8211; 60 gommes\"}]},{\"@type\":\"WebSite\",\"@id\":\"https:\\\/\\\/ecosupplements.be\\\/fr\\\/#website\",\"url\":\"https:\\\/\\\/ecosupplements.be\\\/fr\\\/\",\"name\":\"ECO Supplements\",\"description\":\"Eco Supplements - Gezonde supplementen\",\"publisher\":{\"@id\":\"https:\\\/\\\/ecosupplements.be\\\/fr\\\/#organization\"},\"potentialAction\":[{\"@type\":\"SearchAction\",\"target\":{\"@type\":\"EntryPoint\",\"urlTemplate\":\"https:\\\/\\\/ecosupplements.be\\\/fr\\\/?s={search_term_string}\"},\"query-input\":{\"@type\":\"PropertyValueSpecification\",\"valueRequired\":true,\"valueName\":\"search_term_string\"}}],\"inLanguage\":\"fr-FR\"},{\"@type\":\"Organization\",\"@id\":\"https:\\\/\\\/ecosupplements.be\\\/fr\\\/#organization\",\"name\":\"Eco Supplements\",\"url\":\"https:\\\/\\\/ecosupplements.be\\\/fr\\\/\",\"logo\":{\"@type\":\"ImageObject\",\"inLanguage\":\"fr-FR\",\"@id\":\"https:\\\/\\\/ecosupplements.be\\\/fr\\\/#\\\/schema\\\/logo\\\/image\\\/\",\"url\":\"https:\\\/\\\/ecosupplements.be\\\/wp-content\\\/uploads\\\/2022\\\/06\\\/ecosupplement-family.png\",\"contentUrl\":\"https:\\\/\\\/ecosupplements.be\\\/wp-content\\\/uploads\\\/2022\\\/06\\\/ecosupplement-family.png\",\"width\":593,\"height\":374,\"caption\":\"Eco Supplements\"},\"image\":{\"@id\":\"https:\\\/\\\/ecosupplements.be\\\/fr\\\/#\\\/schema\\\/logo\\\/image\\\/\"}}]}<\/script>\n<meta property=\"product:brand\" content=\"Trace Minerals\" \/>\n<meta property=\"product:price:amount\" content=\"29.47\" \/>\n<meta property=\"product:price:currency\" content=\"EUR\" \/>\n<meta property=\"og:availability\" content=\"instock\" \/>\n<meta property=\"product:availability\" content=\"instock\" \/>\n<meta property=\"product:retailer_item_id\" content=\"878941007590\" \/>\n<meta property=\"product:condition\" content=\"new\" \/>\n<!-- \/ Yoast SEO Premium plugin. -->","yoast_head_json":{"title":"Min\u00e9raux essentiels - Gommes de querc\u00e9tine, 250mg - 60 gommes - ECO Supplements","description":"Wij hebben een ruime keuze aan producten van Min\u00e9raux essentiels - Gommes de querc\u00e9tine, 250mg - 60 gommes . Winkel bij Eco Supplements altijd gratis verzending boven 100\u20ac","robots":{"index":"index","follow":"follow","max-snippet":"max-snippet:-1","max-image-preview":"max-image-preview:large","max-video-preview":"max-video-preview:-1"},"canonical":"https:\/\/ecosupplements.be\/fr\/produit\/trace-minerals-quercetin-gummies-250mg-60-gummies\/","og_locale":"fr_FR","og_type":"article","og_title":"Min\u00e9raux essentiels - Gommes de querc\u00e9tine, 250mg - 60 gommes","og_description":"Wij hebben een ruime keuze aan producten van Min\u00e9raux essentiels - Gommes de querc\u00e9tine, 250mg - 60 gommes . Winkel bij Eco Supplements altijd gratis verzending boven 100\u20ac","og_url":"https:\/\/ecosupplements.be\/fr\/produit\/trace-minerals-quercetin-gummies-250mg-60-gummies\/","og_site_name":"ECO Supplements","article_modified_time":"2025-08-27T14:09:55+00:00","og_image":[{"width":648,"height":877,"url":"https:\/\/ecosupplements.be\/wp-content\/uploads\/2025\/08\/Trace-Minerals-Quercetin-Gummies-250mg-60-gummies-1.jpg","type":"image\/jpeg"}],"twitter_card":"summary_large_image","twitter_misc":{"Prix":"29.47&nbsp;&euro;","Disponibilit\u00e9":"En stock"},"schema":{"@context":"https:\/\/schema.org","@graph":[{"@type":["WebPage","ItemPage"],"@id":"https:\/\/ecosupplements.be\/fr\/produit\/trace-minerals-quercetin-gummies-250mg-60-gummies\/","url":"https:\/\/ecosupplements.be\/fr\/produit\/trace-minerals-quercetin-gummies-250mg-60-gummies\/","name":"Min\u00e9raux essentiels - Gommes de querc\u00e9tine, 250mg - 60 gommes - ECO Supplements","isPartOf":{"@id":"https:\/\/ecosupplements.be\/fr\/#website"},"primaryImageOfPage":{"@id":"https:\/\/ecosupplements.be\/fr\/produit\/trace-minerals-quercetin-gummies-250mg-60-gummies\/#primaryimage"},"image":{"@id":"https:\/\/ecosupplements.be\/fr\/produit\/trace-minerals-quercetin-gummies-250mg-60-gummies\/#primaryimage"},"thumbnailUrl":"https:\/\/ecosupplements.be\/wp-content\/uploads\/2025\/08\/Trace-Minerals-Quercetin-Gummies-250mg-60-gummies-1.jpg","datePublished":"2024-12-15T13:52:43+00:00","dateModified":"2025-08-27T14:09:55+00:00","description":"Wij hebben een ruime keuze aan producten van Min\u00e9raux essentiels - Gommes de querc\u00e9tine, 250mg - 60 gommes . Winkel bij Eco Supplements altijd gratis verzending boven 100\u20ac","breadcrumb":{"@id":"https:\/\/ecosupplements.be\/fr\/produit\/trace-minerals-quercetin-gummies-250mg-60-gummies\/#breadcrumb"},"inLanguage":"fr-FR","potentialAction":[{"@type":"ReadAction","target":["https:\/\/ecosupplements.be\/fr\/produit\/trace-minerals-quercetin-gummies-250mg-60-gummies\/"]}]},{"@type":"ImageObject","inLanguage":"fr-FR","@id":"https:\/\/ecosupplements.be\/fr\/produit\/trace-minerals-quercetin-gummies-250mg-60-gummies\/#primaryimage","url":"https:\/\/ecosupplements.be\/wp-content\/uploads\/2025\/08\/Trace-Minerals-Quercetin-Gummies-250mg-60-gummies-1.jpg","contentUrl":"https:\/\/ecosupplements.be\/wp-content\/uploads\/2025\/08\/Trace-Minerals-Quercetin-Gummies-250mg-60-gummies-1.jpg","width":648,"height":877},{"@type":"BreadcrumbList","@id":"https:\/\/ecosupplements.be\/fr\/produit\/trace-minerals-quercetin-gummies-250mg-60-gummies\/#breadcrumb","itemListElement":[{"@type":"ListItem","position":1,"name":"Home","item":"https:\/\/ecosupplements.be\/fr\/"},{"@type":"ListItem","position":2,"name":"Boutique","item":"https:\/\/ecosupplements.be\/fr\/boutique\/"},{"@type":"ListItem","position":3,"name":"Min\u00e9raux essentiels &#8211; Gommes de querc\u00e9tine, 250mg &#8211; 60 gommes"}]},{"@type":"WebSite","@id":"https:\/\/ecosupplements.be\/fr\/#website","url":"https:\/\/ecosupplements.be\/fr\/","name":"ECO Supplements","description":"Eco Supplements - Gezonde supplementen","publisher":{"@id":"https:\/\/ecosupplements.be\/fr\/#organization"},"potentialAction":[{"@type":"SearchAction","target":{"@type":"EntryPoint","urlTemplate":"https:\/\/ecosupplements.be\/fr\/?s={search_term_string}"},"query-input":{"@type":"PropertyValueSpecification","valueRequired":true,"valueName":"search_term_string"}}],"inLanguage":"fr-FR"},{"@type":"Organization","@id":"https:\/\/ecosupplements.be\/fr\/#organization","name":"Eco Supplements","url":"https:\/\/ecosupplements.be\/fr\/","logo":{"@type":"ImageObject","inLanguage":"fr-FR","@id":"https:\/\/ecosupplements.be\/fr\/#\/schema\/logo\/image\/","url":"https:\/\/ecosupplements.be\/wp-content\/uploads\/2022\/06\/ecosupplement-family.png","contentUrl":"https:\/\/ecosupplements.be\/wp-content\/uploads\/2022\/06\/ecosupplement-family.png","width":593,"height":374,"caption":"Eco Supplements"},"image":{"@id":"https:\/\/ecosupplements.be\/fr\/#\/schema\/logo\/image\/"}}]},"product_brand":"Trace Minerals","product_price_amount":"29.47","product_price_currency":"EUR","og_availability":"instock","product_availability":"instock","product_retailer_item_id":"878941007590","product_condition":"new"},"_links":{"self":[{"href":"https:\/\/ecosupplements.be\/fr\/wp-json\/wp\/v2\/product\/290197","targetHints":{"allow":["GET"]}}],"collection":[{"href":"https:\/\/ecosupplements.be\/fr\/wp-json\/wp\/v2\/product"}],"about":[{"href":"https:\/\/ecosupplements.be\/fr\/wp-json\/wp\/v2\/types\/product"}],"replies":[{"embeddable":true,"href":"https:\/\/ecosupplements.be\/fr\/wp-json\/wp\/v2\/comments?post=290197"}],"wp:featuredmedia":[{"embeddable":true,"href":"https:\/\/ecosupplements.be\/fr\/wp-json\/wp\/v2\/media\/290198"}],"wp:attachment":[{"href":"https:\/\/ecosupplements.be\/fr\/wp-json\/wp\/v2\/media?parent=290197"}],"wp:term":[{"taxonomy":"product_brand","embeddable":true,"href":"https:\/\/ecosupplements.be\/fr\/wp-json\/wp\/v2\/product_brand?post=290197"},{"taxonomy":"product_cat","embeddable":true,"href":"https:\/\/ecosupplements.be\/fr\/wp-json\/wp\/v2\/product_cat?post=290197"},{"taxonomy":"product_tag","embeddable":true,"href":"https:\/\/ecosupplements.be\/fr\/wp-json\/wp\/v2\/product_tag?post=290197"}],"curies":[{"name":"wp","href":"https:\/\/api.w.org\/{rel}","templated":true}]}}