{"id":290224,"date":"2024-05-01T14:01:06","date_gmt":"2024-05-01T13:01:06","guid":{"rendered":"https:\/\/ecosupplements.be\/product\/zein-pharma-l-arginine-l-citrulline-500mg-90-caps\/"},"modified":"2025-08-27T15:10:21","modified_gmt":"2025-08-27T14:10:21","slug":"zein-pharma-l-arginine-l-citrulline-500mg-90-caps","status":"publish","type":"product","link":"https:\/\/ecosupplements.be\/fr\/produit\/zein-pharma-l-arginine-l-citrulline-500mg-90-caps\/","title":{"rendered":"Zein Pharma &#8211; L-Arginine + L-Citrulline, 500 mg &#8211; 90 g\u00e9lules"},"content":{"rendered":"<h2>Zein Pharma &#8211; L-Arginine + L-Citrulline,500mg &#8211; 90 caps<\/h2>\n<p>D\u00e9couvrez le choix naturel pour votre quotidien avec les capsules de <strong>L-arginine + L-Citrulline<\/strong> de Zein Pharma. Chaque capsule est soigneusement formul\u00e9e pour int\u00e9grer la qualit\u00e9 et la puret\u00e9 des ingr\u00e9dients, provenant directement d&#8217;Allemagne.<\/p>\n<p>Ce produit contient un m\u00e9lange de deux composants naturels : l&#8217;arginine et la citrulline.Ces ingr\u00e9dients sont s\u00e9lectionn\u00e9s pour leur origine naturelle et leur grande puret\u00e9, offrant une exp\u00e9rience simple et authentique.<\/p>\n<p><strong>Contenu et emballage :<\/strong> Ce produit est pr\u00e9sent\u00e9 dans un emballage pratique contenant 90 capsules, id\u00e9al pour une utilisation r\u00e9guli\u00e8re.<\/p>\n<p><strong>Utilisation :<\/strong> Pour une utilisation optimale, suivre les instructions sur l&#8217;emballage concernant la dose journali\u00e8re recommand\u00e9e.<\/p>\n<p>Ces capsules sont con\u00e7ues pour \u00eatre faciles \u00e0 utiliser au quotidien,sans go\u00fbt ni texture d\u00e9sagr\u00e9ables. Elles s&#8217;int\u00e8grent parfaitement dans un mode de vie \u00e9quilibr\u00e9 et actif.<\/p>\n<p>faites le choix d&#8217;un produit pratique aux ingr\u00e9dients naturels avec Zein Pharma &#8211; L-Arginine + L-Citrulline. Un compl\u00e9ment simple pour un usage quotidien qui s&#8217;accorde \u00e0 votre rythme de vie dynamique.<\/p>\n","protected":false},"excerpt":{"rendered":"<p>Zein Pharma &#8211; L-Arginine + L-Citrulline,500mg &#8211; 90 caps D\u00e9couvrez le choix naturel pour votre quotidien avec les capsules de L-arginine + L-Citrulline de Zein Pharma. Chaque capsule est soigneusement formul\u00e9e pour int\u00e9grer la qualit\u00e9 et la puret\u00e9 des ingr\u00e9dients, provenant directement d&#8217;Allemagne. Ce produit contient un m\u00e9lange de deux composants naturels : l&#8217;arginine et [&#8230;]\n","protected":false},"featured_media":265448,"comment_status":"open","ping_status":"open","template":"","meta":[],"product_brand":[4773],"product_cat":[5052],"product_tag":[],"class_list":{"0":"post-290224","1":"product","2":"type-product","3":"status-publish","4":"has-post-thumbnail","6":"product_brand-zein-pharma-2","7":"product_cat-sante-et-bien-etre","9":"first","10":"instock","11":"sale","12":"taxable","13":"shipping-taxable","14":"purchasable","15":"product-type-simple"},"yoast_head":"<!-- This site is optimized with the Yoast SEO Premium plugin v27.3 (Yoast SEO v27.3) - https:\/\/yoast.com\/product\/yoast-seo-premium-wordpress\/ -->\n<title>Zein Pharma - L-Arginine + L-Citrulline, 500 mg - 90 g\u00e9lules - ECO Supplements<\/title>\n<meta name=\"description\" content=\"Wij hebben een ruime keuze aan producten van Zein Pharma - L-Arginine + L-Citrulline, 500 mg - 90 g\u00e9lules . Winkel bij Eco Supplements altijd gratis verzending boven 100\u20ac\" \/>\n<meta name=\"robots\" content=\"index, follow, max-snippet:-1, max-image-preview:large, max-video-preview:-1\" \/>\n<link rel=\"canonical\" href=\"https:\/\/ecosupplements.be\/fr\/produit\/zein-pharma-l-arginine-l-citrulline-500mg-90-caps\/\" \/>\n<meta property=\"og:locale\" content=\"fr_FR\" \/>\n<meta property=\"og:type\" content=\"article\" \/>\n<meta property=\"og:title\" content=\"Zein Pharma - L-Arginine + L-Citrulline, 500 mg - 90 g\u00e9lules\" \/>\n<meta property=\"og:description\" content=\"Wij hebben een ruime keuze aan producten van Zein Pharma - L-Arginine + L-Citrulline, 500 mg - 90 g\u00e9lules . Winkel bij Eco Supplements altijd gratis verzending boven 100\u20ac\" \/>\n<meta property=\"og:url\" content=\"https:\/\/ecosupplements.be\/fr\/produit\/zein-pharma-l-arginine-l-citrulline-500mg-90-caps\/\" \/>\n<meta property=\"og:site_name\" content=\"ECO Supplements\" \/>\n<meta property=\"article:modified_time\" content=\"2025-08-27T14:10:21+00:00\" \/>\n<meta property=\"og:image\" content=\"https:\/\/ecosupplements.be\/wp-content\/uploads\/2025\/08\/Zein-Pharma-L-Arginine-L-Citrulline-500mg-90-caps.jpg\" \/>\n\t<meta property=\"og:image:width\" content=\"506\" \/>\n\t<meta property=\"og:image:height\" content=\"678\" \/>\n\t<meta property=\"og:image:type\" content=\"image\/jpeg\" \/>\n<meta name=\"twitter:card\" content=\"summary_large_image\" \/>\n<meta name=\"twitter:label1\" content=\"Prix\" \/>\n\t<meta name=\"twitter:data1\" content=\"20.91&nbsp;&euro;\" \/>\n\t<meta name=\"twitter:label2\" content=\"Disponibilit\u00e9\" \/>\n\t<meta name=\"twitter:data2\" content=\"En stock\" \/>\n<script type=\"application\/ld+json\" class=\"yoast-schema-graph\">{\"@context\":\"https:\\\/\\\/schema.org\",\"@graph\":[{\"@type\":[\"WebPage\",\"ItemPage\"],\"@id\":\"https:\\\/\\\/ecosupplements.be\\\/fr\\\/produit\\\/zein-pharma-l-arginine-l-citrulline-500mg-90-caps\\\/\",\"url\":\"https:\\\/\\\/ecosupplements.be\\\/fr\\\/produit\\\/zein-pharma-l-arginine-l-citrulline-500mg-90-caps\\\/\",\"name\":\"Zein Pharma - L-Arginine + L-Citrulline, 500 mg - 90 g\u00e9lules - ECO Supplements\",\"isPartOf\":{\"@id\":\"https:\\\/\\\/ecosupplements.be\\\/fr\\\/#website\"},\"primaryImageOfPage\":{\"@id\":\"https:\\\/\\\/ecosupplements.be\\\/fr\\\/produit\\\/zein-pharma-l-arginine-l-citrulline-500mg-90-caps\\\/#primaryimage\"},\"image\":{\"@id\":\"https:\\\/\\\/ecosupplements.be\\\/fr\\\/produit\\\/zein-pharma-l-arginine-l-citrulline-500mg-90-caps\\\/#primaryimage\"},\"thumbnailUrl\":\"https:\\\/\\\/ecosupplements.be\\\/wp-content\\\/uploads\\\/2025\\\/08\\\/L-Arginine-L-Citrulline-500mg-90-caps.jpg\",\"datePublished\":\"2024-05-01T13:01:06+00:00\",\"dateModified\":\"2025-08-27T14:10:21+00:00\",\"description\":\"Wij hebben een ruime keuze aan producten van Zein Pharma - L-Arginine + L-Citrulline, 500 mg - 90 g\u00e9lules . Winkel bij Eco Supplements altijd gratis verzending boven 100\u20ac\",\"breadcrumb\":{\"@id\":\"https:\\\/\\\/ecosupplements.be\\\/fr\\\/produit\\\/zein-pharma-l-arginine-l-citrulline-500mg-90-caps\\\/#breadcrumb\"},\"inLanguage\":\"fr-FR\",\"potentialAction\":[{\"@type\":\"ReadAction\",\"target\":[\"https:\\\/\\\/ecosupplements.be\\\/fr\\\/produit\\\/zein-pharma-l-arginine-l-citrulline-500mg-90-caps\\\/\"]}]},{\"@type\":\"ImageObject\",\"inLanguage\":\"fr-FR\",\"@id\":\"https:\\\/\\\/ecosupplements.be\\\/fr\\\/produit\\\/zein-pharma-l-arginine-l-citrulline-500mg-90-caps\\\/#primaryimage\",\"url\":\"https:\\\/\\\/ecosupplements.be\\\/wp-content\\\/uploads\\\/2025\\\/08\\\/L-Arginine-L-Citrulline-500mg-90-caps.jpg\",\"contentUrl\":\"https:\\\/\\\/ecosupplements.be\\\/wp-content\\\/uploads\\\/2025\\\/08\\\/L-Arginine-L-Citrulline-500mg-90-caps.jpg\",\"width\":506,\"height\":678},{\"@type\":\"BreadcrumbList\",\"@id\":\"https:\\\/\\\/ecosupplements.be\\\/fr\\\/produit\\\/zein-pharma-l-arginine-l-citrulline-500mg-90-caps\\\/#breadcrumb\",\"itemListElement\":[{\"@type\":\"ListItem\",\"position\":1,\"name\":\"Home\",\"item\":\"https:\\\/\\\/ecosupplements.be\\\/fr\\\/\"},{\"@type\":\"ListItem\",\"position\":2,\"name\":\"Boutique\",\"item\":\"https:\\\/\\\/ecosupplements.be\\\/fr\\\/boutique\\\/\"},{\"@type\":\"ListItem\",\"position\":3,\"name\":\"Zein Pharma &#8211; L-Arginine + L-Citrulline, 500 mg &#8211; 90 g\u00e9lules\"}]},{\"@type\":\"WebSite\",\"@id\":\"https:\\\/\\\/ecosupplements.be\\\/fr\\\/#website\",\"url\":\"https:\\\/\\\/ecosupplements.be\\\/fr\\\/\",\"name\":\"ECO Supplements\",\"description\":\"Eco Supplements - Gezonde supplementen\",\"publisher\":{\"@id\":\"https:\\\/\\\/ecosupplements.be\\\/fr\\\/#organization\"},\"potentialAction\":[{\"@type\":\"SearchAction\",\"target\":{\"@type\":\"EntryPoint\",\"urlTemplate\":\"https:\\\/\\\/ecosupplements.be\\\/fr\\\/?s={search_term_string}\"},\"query-input\":{\"@type\":\"PropertyValueSpecification\",\"valueRequired\":true,\"valueName\":\"search_term_string\"}}],\"inLanguage\":\"fr-FR\"},{\"@type\":\"Organization\",\"@id\":\"https:\\\/\\\/ecosupplements.be\\\/fr\\\/#organization\",\"name\":\"Eco Supplements\",\"url\":\"https:\\\/\\\/ecosupplements.be\\\/fr\\\/\",\"logo\":{\"@type\":\"ImageObject\",\"inLanguage\":\"fr-FR\",\"@id\":\"https:\\\/\\\/ecosupplements.be\\\/fr\\\/#\\\/schema\\\/logo\\\/image\\\/\",\"url\":\"https:\\\/\\\/ecosupplements.be\\\/wp-content\\\/uploads\\\/2022\\\/06\\\/ecosupplement-family.png\",\"contentUrl\":\"https:\\\/\\\/ecosupplements.be\\\/wp-content\\\/uploads\\\/2022\\\/06\\\/ecosupplement-family.png\",\"width\":593,\"height\":374,\"caption\":\"Eco Supplements\"},\"image\":{\"@id\":\"https:\\\/\\\/ecosupplements.be\\\/fr\\\/#\\\/schema\\\/logo\\\/image\\\/\"}}]}<\/script>\n<meta property=\"product:brand\" content=\"Zein Pharma\" \/>\n<meta property=\"product:price:amount\" content=\"20.91\" \/>\n<meta property=\"product:price:currency\" content=\"EUR\" \/>\n<meta property=\"og:availability\" content=\"instock\" \/>\n<meta property=\"product:availability\" content=\"instock\" \/>\n<meta property=\"product:retailer_item_id\" content=\"4260085385539\" \/>\n<meta property=\"product:condition\" content=\"new\" \/>\n<!-- \/ Yoast SEO Premium plugin. -->","yoast_head_json":{"title":"Zein Pharma - L-Arginine + L-Citrulline, 500 mg - 90 g\u00e9lules - ECO Supplements","description":"Wij hebben een ruime keuze aan producten van Zein Pharma - L-Arginine + L-Citrulline, 500 mg - 90 g\u00e9lules . Winkel bij Eco Supplements altijd gratis verzending boven 100\u20ac","robots":{"index":"index","follow":"follow","max-snippet":"max-snippet:-1","max-image-preview":"max-image-preview:large","max-video-preview":"max-video-preview:-1"},"canonical":"https:\/\/ecosupplements.be\/fr\/produit\/zein-pharma-l-arginine-l-citrulline-500mg-90-caps\/","og_locale":"fr_FR","og_type":"article","og_title":"Zein Pharma - L-Arginine + L-Citrulline, 500 mg - 90 g\u00e9lules","og_description":"Wij hebben een ruime keuze aan producten van Zein Pharma - L-Arginine + L-Citrulline, 500 mg - 90 g\u00e9lules . Winkel bij Eco Supplements altijd gratis verzending boven 100\u20ac","og_url":"https:\/\/ecosupplements.be\/fr\/produit\/zein-pharma-l-arginine-l-citrulline-500mg-90-caps\/","og_site_name":"ECO Supplements","article_modified_time":"2025-08-27T14:10:21+00:00","og_image":[{"width":506,"height":678,"url":"https:\/\/ecosupplements.be\/wp-content\/uploads\/2025\/08\/Zein-Pharma-L-Arginine-L-Citrulline-500mg-90-caps.jpg","type":"image\/jpeg"}],"twitter_card":"summary_large_image","twitter_misc":{"Prix":"20.91&nbsp;&euro;","Disponibilit\u00e9":"En stock"},"schema":{"@context":"https:\/\/schema.org","@graph":[{"@type":["WebPage","ItemPage"],"@id":"https:\/\/ecosupplements.be\/fr\/produit\/zein-pharma-l-arginine-l-citrulline-500mg-90-caps\/","url":"https:\/\/ecosupplements.be\/fr\/produit\/zein-pharma-l-arginine-l-citrulline-500mg-90-caps\/","name":"Zein Pharma - L-Arginine + L-Citrulline, 500 mg - 90 g\u00e9lules - ECO Supplements","isPartOf":{"@id":"https:\/\/ecosupplements.be\/fr\/#website"},"primaryImageOfPage":{"@id":"https:\/\/ecosupplements.be\/fr\/produit\/zein-pharma-l-arginine-l-citrulline-500mg-90-caps\/#primaryimage"},"image":{"@id":"https:\/\/ecosupplements.be\/fr\/produit\/zein-pharma-l-arginine-l-citrulline-500mg-90-caps\/#primaryimage"},"thumbnailUrl":"https:\/\/ecosupplements.be\/wp-content\/uploads\/2025\/08\/L-Arginine-L-Citrulline-500mg-90-caps.jpg","datePublished":"2024-05-01T13:01:06+00:00","dateModified":"2025-08-27T14:10:21+00:00","description":"Wij hebben een ruime keuze aan producten van Zein Pharma - L-Arginine + L-Citrulline, 500 mg - 90 g\u00e9lules . Winkel bij Eco Supplements altijd gratis verzending boven 100\u20ac","breadcrumb":{"@id":"https:\/\/ecosupplements.be\/fr\/produit\/zein-pharma-l-arginine-l-citrulline-500mg-90-caps\/#breadcrumb"},"inLanguage":"fr-FR","potentialAction":[{"@type":"ReadAction","target":["https:\/\/ecosupplements.be\/fr\/produit\/zein-pharma-l-arginine-l-citrulline-500mg-90-caps\/"]}]},{"@type":"ImageObject","inLanguage":"fr-FR","@id":"https:\/\/ecosupplements.be\/fr\/produit\/zein-pharma-l-arginine-l-citrulline-500mg-90-caps\/#primaryimage","url":"https:\/\/ecosupplements.be\/wp-content\/uploads\/2025\/08\/L-Arginine-L-Citrulline-500mg-90-caps.jpg","contentUrl":"https:\/\/ecosupplements.be\/wp-content\/uploads\/2025\/08\/L-Arginine-L-Citrulline-500mg-90-caps.jpg","width":506,"height":678},{"@type":"BreadcrumbList","@id":"https:\/\/ecosupplements.be\/fr\/produit\/zein-pharma-l-arginine-l-citrulline-500mg-90-caps\/#breadcrumb","itemListElement":[{"@type":"ListItem","position":1,"name":"Home","item":"https:\/\/ecosupplements.be\/fr\/"},{"@type":"ListItem","position":2,"name":"Boutique","item":"https:\/\/ecosupplements.be\/fr\/boutique\/"},{"@type":"ListItem","position":3,"name":"Zein Pharma &#8211; L-Arginine + L-Citrulline, 500 mg &#8211; 90 g\u00e9lules"}]},{"@type":"WebSite","@id":"https:\/\/ecosupplements.be\/fr\/#website","url":"https:\/\/ecosupplements.be\/fr\/","name":"ECO Supplements","description":"Eco Supplements - Gezonde supplementen","publisher":{"@id":"https:\/\/ecosupplements.be\/fr\/#organization"},"potentialAction":[{"@type":"SearchAction","target":{"@type":"EntryPoint","urlTemplate":"https:\/\/ecosupplements.be\/fr\/?s={search_term_string}"},"query-input":{"@type":"PropertyValueSpecification","valueRequired":true,"valueName":"search_term_string"}}],"inLanguage":"fr-FR"},{"@type":"Organization","@id":"https:\/\/ecosupplements.be\/fr\/#organization","name":"Eco Supplements","url":"https:\/\/ecosupplements.be\/fr\/","logo":{"@type":"ImageObject","inLanguage":"fr-FR","@id":"https:\/\/ecosupplements.be\/fr\/#\/schema\/logo\/image\/","url":"https:\/\/ecosupplements.be\/wp-content\/uploads\/2022\/06\/ecosupplement-family.png","contentUrl":"https:\/\/ecosupplements.be\/wp-content\/uploads\/2022\/06\/ecosupplement-family.png","width":593,"height":374,"caption":"Eco Supplements"},"image":{"@id":"https:\/\/ecosupplements.be\/fr\/#\/schema\/logo\/image\/"}}]},"product_brand":"Zein Pharma","product_price_amount":"20.91","product_price_currency":"EUR","og_availability":"instock","product_availability":"instock","product_retailer_item_id":"4260085385539","product_condition":"new"},"_links":{"self":[{"href":"https:\/\/ecosupplements.be\/fr\/wp-json\/wp\/v2\/product\/290224","targetHints":{"allow":["GET"]}}],"collection":[{"href":"https:\/\/ecosupplements.be\/fr\/wp-json\/wp\/v2\/product"}],"about":[{"href":"https:\/\/ecosupplements.be\/fr\/wp-json\/wp\/v2\/types\/product"}],"replies":[{"embeddable":true,"href":"https:\/\/ecosupplements.be\/fr\/wp-json\/wp\/v2\/comments?post=290224"}],"wp:featuredmedia":[{"embeddable":true,"href":"https:\/\/ecosupplements.be\/fr\/wp-json\/wp\/v2\/media\/265448"}],"wp:attachment":[{"href":"https:\/\/ecosupplements.be\/fr\/wp-json\/wp\/v2\/media?parent=290224"}],"wp:term":[{"taxonomy":"product_brand","embeddable":true,"href":"https:\/\/ecosupplements.be\/fr\/wp-json\/wp\/v2\/product_brand?post=290224"},{"taxonomy":"product_cat","embeddable":true,"href":"https:\/\/ecosupplements.be\/fr\/wp-json\/wp\/v2\/product_cat?post=290224"},{"taxonomy":"product_tag","embeddable":true,"href":"https:\/\/ecosupplements.be\/fr\/wp-json\/wp\/v2\/product_tag?post=290224"}],"curies":[{"name":"wp","href":"https:\/\/api.w.org\/{rel}","templated":true}]}}