{"id":290317,"date":"2024-07-31T00:50:18","date_gmt":"2024-07-30T23:50:18","guid":{"rendered":"https:\/\/ecosupplements.be\/product\/allnutrition-alldeynn-collagen-drink-grapefruitini-24-x-330-ml\/"},"modified":"2025-08-27T15:11:58","modified_gmt":"2025-08-27T14:11:58","slug":"allnutrition-alldeynn-collagen-drink-grapefruitini-24-x-330-ml","status":"publish","type":"product","link":"https:\/\/ecosupplements.be\/fr\/produit\/allnutrition-alldeynn-collagen-drink-grapefruitini-24-x-330-ml\/","title":{"rendered":"Allnutrition &#8211; Boisson au Collag\u00e8ne AllDeynn, Pamplemoussini &#8211; 24 x 330 ml"},"content":{"rendered":"<h2>Allnutrition &#8211; AllDeynn Collagen Drink, grapefruitini &#8211; 24 x 330 ml<\/h2>\n<p>D\u00e9couvrez le <strong>AllDeynn Collagen Drink, Grapefruitini<\/strong>, une boisson rafra\u00eechissante qui s&#8217;int\u00e8gre parfaitement \u00e0 votre quotidien. Chaque canette est pr\u00e9par\u00e9e avec soin en Pologne, garantissant une qualit\u00e9 sup\u00e9rieure et un go\u00fbt exceptionnel.<\/p>\n<p>Ce produit se distingue par sa composition choisie avec attention. Il contient des ingr\u00e9dients d&#8217;origine naturelle, offrant ainsi une exp\u00e9rience authentique et agr\u00e9able. Le go\u00fbt p\u00e9tillant du pamplemousse combine \u00e0 la fois fra\u00eecheur et douceur, faisant de chaque gorg\u00e9e un pur plaisir.<\/p>\n<p>Le pack comprend <strong>24 canettes de 330 ml<\/strong> chacune, id\u00e9al pour \u00eatre emport\u00e9 partout avec vous. Que ce soit au bureau ou lors de vos activit\u00e9s ext\u00e9rieures, ce drink est le compagnon parfait pour ceux qui appr\u00e9cient les produits pratiques et de haute qualit\u00e9.<\/p>\n<p>Sa pr\u00e9sentation en canette permet une utilisation simple et efficace : il suffit d&#8217;ouvrir et de savourer.Int\u00e9grez le AllDeynn Collagen Drink dans votre routine quotidienne pour ajouter une touche de fra\u00eecheur \u00e0 votre journ\u00e9e.<\/p>\n<p><em>Un choix excellent pour ceux qui valorisent les ingr\u00e9dients naturels dans un mode de vie actif.<\/em><\/p>\n","protected":false},"excerpt":{"rendered":"<p>Allnutrition &#8211; AllDeynn Collagen Drink, grapefruitini &#8211; 24 x 330 ml D\u00e9couvrez le AllDeynn Collagen Drink, Grapefruitini, une boisson rafra\u00eechissante qui s&#8217;int\u00e8gre parfaitement \u00e0 votre quotidien. Chaque canette est pr\u00e9par\u00e9e avec soin en Pologne, garantissant une qualit\u00e9 sup\u00e9rieure et un go\u00fbt exceptionnel. Ce produit se distingue par sa composition choisie avec attention. Il contient des [&#8230;]\n","protected":false},"featured_media":266272,"comment_status":"open","ping_status":"open","template":"","meta":[],"product_brand":[4634],"product_cat":[5052],"product_tag":[],"class_list":{"0":"post-290317","1":"product","2":"type-product","3":"status-publish","4":"has-post-thumbnail","6":"product_brand-allnutrition-2","7":"product_cat-sante-et-bien-etre","9":"first","10":"instock","11":"taxable","12":"shipping-taxable","13":"purchasable","14":"product-type-simple"},"yoast_head":"<!-- This site is optimized with the Yoast SEO Premium plugin v27.3 (Yoast SEO v27.3) - https:\/\/yoast.com\/product\/yoast-seo-premium-wordpress\/ -->\n<title>Allnutrition - Boisson au Collag\u00e8ne AllDeynn, Pamplemoussini - 24 x 330 ml - ECO Supplements<\/title>\n<meta name=\"description\" content=\"Wij hebben een ruime keuze aan producten van Allnutrition - Boisson au Collag\u00e8ne AllDeynn, Pamplemoussini - 24 x 330 ml . Winkel bij Eco Supplements altijd gratis verzending boven 100\u20ac\" \/>\n<meta name=\"robots\" content=\"index, follow, max-snippet:-1, max-image-preview:large, max-video-preview:-1\" \/>\n<link rel=\"canonical\" href=\"https:\/\/ecosupplements.be\/fr\/produit\/allnutrition-alldeynn-collagen-drink-grapefruitini-24-x-330-ml\/\" \/>\n<meta property=\"og:locale\" content=\"fr_FR\" \/>\n<meta property=\"og:type\" content=\"article\" \/>\n<meta property=\"og:title\" content=\"Allnutrition - Boisson au Collag\u00e8ne AllDeynn, Pamplemoussini - 24 x 330 ml\" \/>\n<meta property=\"og:description\" content=\"Wij hebben een ruime keuze aan producten van Allnutrition - Boisson au Collag\u00e8ne AllDeynn, Pamplemoussini - 24 x 330 ml . Winkel bij Eco Supplements altijd gratis verzending boven 100\u20ac\" \/>\n<meta property=\"og:url\" content=\"https:\/\/ecosupplements.be\/fr\/produit\/allnutrition-alldeynn-collagen-drink-grapefruitini-24-x-330-ml\/\" \/>\n<meta property=\"og:site_name\" content=\"ECO Supplements\" \/>\n<meta property=\"article:modified_time\" content=\"2025-08-27T14:11:58+00:00\" \/>\n<meta property=\"og:image\" content=\"https:\/\/ecosupplements.be\/wp-content\/uploads\/2025\/08\/Allnutrition-AllDeynn-Collagen-Drink-Grapefruitini-24-x-330-ml.jpg\" \/>\n\t<meta property=\"og:image:width\" content=\"750\" \/>\n\t<meta property=\"og:image:height\" content=\"478\" \/>\n\t<meta property=\"og:image:type\" content=\"image\/jpeg\" \/>\n<meta name=\"twitter:card\" content=\"summary_large_image\" \/>\n<meta name=\"twitter:label1\" content=\"Prix\" \/>\n\t<meta name=\"twitter:data1\" content=\"29.18&nbsp;&euro;\" \/>\n\t<meta name=\"twitter:label2\" content=\"Disponibilit\u00e9\" \/>\n\t<meta name=\"twitter:data2\" content=\"En stock\" \/>\n<script type=\"application\/ld+json\" class=\"yoast-schema-graph\">{\"@context\":\"https:\\\/\\\/schema.org\",\"@graph\":[{\"@type\":[\"WebPage\",\"ItemPage\"],\"@id\":\"https:\\\/\\\/ecosupplements.be\\\/fr\\\/produit\\\/allnutrition-alldeynn-collagen-drink-grapefruitini-24-x-330-ml\\\/\",\"url\":\"https:\\\/\\\/ecosupplements.be\\\/fr\\\/produit\\\/allnutrition-alldeynn-collagen-drink-grapefruitini-24-x-330-ml\\\/\",\"name\":\"Allnutrition - Boisson au Collag\u00e8ne AllDeynn, Pamplemoussini - 24 x 330 ml - ECO Supplements\",\"isPartOf\":{\"@id\":\"https:\\\/\\\/ecosupplements.be\\\/fr\\\/#website\"},\"primaryImageOfPage\":{\"@id\":\"https:\\\/\\\/ecosupplements.be\\\/fr\\\/produit\\\/allnutrition-alldeynn-collagen-drink-grapefruitini-24-x-330-ml\\\/#primaryimage\"},\"image\":{\"@id\":\"https:\\\/\\\/ecosupplements.be\\\/fr\\\/produit\\\/allnutrition-alldeynn-collagen-drink-grapefruitini-24-x-330-ml\\\/#primaryimage\"},\"thumbnailUrl\":\"https:\\\/\\\/ecosupplements.be\\\/wp-content\\\/uploads\\\/2025\\\/08\\\/AllDeynn-Collagen-Drink-Grapefruitini-24-x-330-ml.jpg\",\"datePublished\":\"2024-07-30T23:50:18+00:00\",\"dateModified\":\"2025-08-27T14:11:58+00:00\",\"description\":\"Wij hebben een ruime keuze aan producten van Allnutrition - Boisson au Collag\u00e8ne AllDeynn, Pamplemoussini - 24 x 330 ml . Winkel bij Eco Supplements altijd gratis verzending boven 100\u20ac\",\"breadcrumb\":{\"@id\":\"https:\\\/\\\/ecosupplements.be\\\/fr\\\/produit\\\/allnutrition-alldeynn-collagen-drink-grapefruitini-24-x-330-ml\\\/#breadcrumb\"},\"inLanguage\":\"fr-FR\",\"potentialAction\":[{\"@type\":\"ReadAction\",\"target\":[\"https:\\\/\\\/ecosupplements.be\\\/fr\\\/produit\\\/allnutrition-alldeynn-collagen-drink-grapefruitini-24-x-330-ml\\\/\"]}]},{\"@type\":\"ImageObject\",\"inLanguage\":\"fr-FR\",\"@id\":\"https:\\\/\\\/ecosupplements.be\\\/fr\\\/produit\\\/allnutrition-alldeynn-collagen-drink-grapefruitini-24-x-330-ml\\\/#primaryimage\",\"url\":\"https:\\\/\\\/ecosupplements.be\\\/wp-content\\\/uploads\\\/2025\\\/08\\\/AllDeynn-Collagen-Drink-Grapefruitini-24-x-330-ml.jpg\",\"contentUrl\":\"https:\\\/\\\/ecosupplements.be\\\/wp-content\\\/uploads\\\/2025\\\/08\\\/AllDeynn-Collagen-Drink-Grapefruitini-24-x-330-ml.jpg\",\"width\":750,\"height\":478},{\"@type\":\"BreadcrumbList\",\"@id\":\"https:\\\/\\\/ecosupplements.be\\\/fr\\\/produit\\\/allnutrition-alldeynn-collagen-drink-grapefruitini-24-x-330-ml\\\/#breadcrumb\",\"itemListElement\":[{\"@type\":\"ListItem\",\"position\":1,\"name\":\"Home\",\"item\":\"https:\\\/\\\/ecosupplements.be\\\/fr\\\/\"},{\"@type\":\"ListItem\",\"position\":2,\"name\":\"Boutique\",\"item\":\"https:\\\/\\\/ecosupplements.be\\\/fr\\\/boutique\\\/\"},{\"@type\":\"ListItem\",\"position\":3,\"name\":\"Allnutrition &#8211; Boisson au Collag\u00e8ne AllDeynn, Pamplemoussini &#8211; 24 x 330 ml\"}]},{\"@type\":\"WebSite\",\"@id\":\"https:\\\/\\\/ecosupplements.be\\\/fr\\\/#website\",\"url\":\"https:\\\/\\\/ecosupplements.be\\\/fr\\\/\",\"name\":\"ECO Supplements\",\"description\":\"Eco Supplements - Gezonde supplementen\",\"publisher\":{\"@id\":\"https:\\\/\\\/ecosupplements.be\\\/fr\\\/#organization\"},\"potentialAction\":[{\"@type\":\"SearchAction\",\"target\":{\"@type\":\"EntryPoint\",\"urlTemplate\":\"https:\\\/\\\/ecosupplements.be\\\/fr\\\/?s={search_term_string}\"},\"query-input\":{\"@type\":\"PropertyValueSpecification\",\"valueRequired\":true,\"valueName\":\"search_term_string\"}}],\"inLanguage\":\"fr-FR\"},{\"@type\":\"Organization\",\"@id\":\"https:\\\/\\\/ecosupplements.be\\\/fr\\\/#organization\",\"name\":\"Eco Supplements\",\"url\":\"https:\\\/\\\/ecosupplements.be\\\/fr\\\/\",\"logo\":{\"@type\":\"ImageObject\",\"inLanguage\":\"fr-FR\",\"@id\":\"https:\\\/\\\/ecosupplements.be\\\/fr\\\/#\\\/schema\\\/logo\\\/image\\\/\",\"url\":\"https:\\\/\\\/ecosupplements.be\\\/wp-content\\\/uploads\\\/2022\\\/06\\\/ecosupplement-family.png\",\"contentUrl\":\"https:\\\/\\\/ecosupplements.be\\\/wp-content\\\/uploads\\\/2022\\\/06\\\/ecosupplement-family.png\",\"width\":593,\"height\":374,\"caption\":\"Eco Supplements\"},\"image\":{\"@id\":\"https:\\\/\\\/ecosupplements.be\\\/fr\\\/#\\\/schema\\\/logo\\\/image\\\/\"}}]}<\/script>\n<meta property=\"product:brand\" content=\"Allnutrition\" \/>\n<meta property=\"product:price:amount\" content=\"29.18\" \/>\n<meta property=\"product:price:currency\" content=\"EUR\" \/>\n<meta property=\"og:availability\" content=\"instock\" \/>\n<meta property=\"product:availability\" content=\"instock\" \/>\n<meta property=\"product:retailer_item_id\" content=\"5902837749297\" \/>\n<meta property=\"product:condition\" content=\"new\" \/>\n<!-- \/ Yoast SEO Premium plugin. -->","yoast_head_json":{"title":"Allnutrition - Boisson au Collag\u00e8ne AllDeynn, Pamplemoussini - 24 x 330 ml - ECO Supplements","description":"Wij hebben een ruime keuze aan producten van Allnutrition - Boisson au Collag\u00e8ne AllDeynn, Pamplemoussini - 24 x 330 ml . Winkel bij Eco Supplements altijd gratis verzending boven 100\u20ac","robots":{"index":"index","follow":"follow","max-snippet":"max-snippet:-1","max-image-preview":"max-image-preview:large","max-video-preview":"max-video-preview:-1"},"canonical":"https:\/\/ecosupplements.be\/fr\/produit\/allnutrition-alldeynn-collagen-drink-grapefruitini-24-x-330-ml\/","og_locale":"fr_FR","og_type":"article","og_title":"Allnutrition - Boisson au Collag\u00e8ne AllDeynn, Pamplemoussini - 24 x 330 ml","og_description":"Wij hebben een ruime keuze aan producten van Allnutrition - Boisson au Collag\u00e8ne AllDeynn, Pamplemoussini - 24 x 330 ml . Winkel bij Eco Supplements altijd gratis verzending boven 100\u20ac","og_url":"https:\/\/ecosupplements.be\/fr\/produit\/allnutrition-alldeynn-collagen-drink-grapefruitini-24-x-330-ml\/","og_site_name":"ECO Supplements","article_modified_time":"2025-08-27T14:11:58+00:00","og_image":[{"width":750,"height":478,"url":"https:\/\/ecosupplements.be\/wp-content\/uploads\/2025\/08\/Allnutrition-AllDeynn-Collagen-Drink-Grapefruitini-24-x-330-ml.jpg","type":"image\/jpeg"}],"twitter_card":"summary_large_image","twitter_misc":{"Prix":"29.18&nbsp;&euro;","Disponibilit\u00e9":"En stock"},"schema":{"@context":"https:\/\/schema.org","@graph":[{"@type":["WebPage","ItemPage"],"@id":"https:\/\/ecosupplements.be\/fr\/produit\/allnutrition-alldeynn-collagen-drink-grapefruitini-24-x-330-ml\/","url":"https:\/\/ecosupplements.be\/fr\/produit\/allnutrition-alldeynn-collagen-drink-grapefruitini-24-x-330-ml\/","name":"Allnutrition - Boisson au Collag\u00e8ne AllDeynn, Pamplemoussini - 24 x 330 ml - ECO Supplements","isPartOf":{"@id":"https:\/\/ecosupplements.be\/fr\/#website"},"primaryImageOfPage":{"@id":"https:\/\/ecosupplements.be\/fr\/produit\/allnutrition-alldeynn-collagen-drink-grapefruitini-24-x-330-ml\/#primaryimage"},"image":{"@id":"https:\/\/ecosupplements.be\/fr\/produit\/allnutrition-alldeynn-collagen-drink-grapefruitini-24-x-330-ml\/#primaryimage"},"thumbnailUrl":"https:\/\/ecosupplements.be\/wp-content\/uploads\/2025\/08\/AllDeynn-Collagen-Drink-Grapefruitini-24-x-330-ml.jpg","datePublished":"2024-07-30T23:50:18+00:00","dateModified":"2025-08-27T14:11:58+00:00","description":"Wij hebben een ruime keuze aan producten van Allnutrition - Boisson au Collag\u00e8ne AllDeynn, Pamplemoussini - 24 x 330 ml . Winkel bij Eco Supplements altijd gratis verzending boven 100\u20ac","breadcrumb":{"@id":"https:\/\/ecosupplements.be\/fr\/produit\/allnutrition-alldeynn-collagen-drink-grapefruitini-24-x-330-ml\/#breadcrumb"},"inLanguage":"fr-FR","potentialAction":[{"@type":"ReadAction","target":["https:\/\/ecosupplements.be\/fr\/produit\/allnutrition-alldeynn-collagen-drink-grapefruitini-24-x-330-ml\/"]}]},{"@type":"ImageObject","inLanguage":"fr-FR","@id":"https:\/\/ecosupplements.be\/fr\/produit\/allnutrition-alldeynn-collagen-drink-grapefruitini-24-x-330-ml\/#primaryimage","url":"https:\/\/ecosupplements.be\/wp-content\/uploads\/2025\/08\/AllDeynn-Collagen-Drink-Grapefruitini-24-x-330-ml.jpg","contentUrl":"https:\/\/ecosupplements.be\/wp-content\/uploads\/2025\/08\/AllDeynn-Collagen-Drink-Grapefruitini-24-x-330-ml.jpg","width":750,"height":478},{"@type":"BreadcrumbList","@id":"https:\/\/ecosupplements.be\/fr\/produit\/allnutrition-alldeynn-collagen-drink-grapefruitini-24-x-330-ml\/#breadcrumb","itemListElement":[{"@type":"ListItem","position":1,"name":"Home","item":"https:\/\/ecosupplements.be\/fr\/"},{"@type":"ListItem","position":2,"name":"Boutique","item":"https:\/\/ecosupplements.be\/fr\/boutique\/"},{"@type":"ListItem","position":3,"name":"Allnutrition &#8211; Boisson au Collag\u00e8ne AllDeynn, Pamplemoussini &#8211; 24 x 330 ml"}]},{"@type":"WebSite","@id":"https:\/\/ecosupplements.be\/fr\/#website","url":"https:\/\/ecosupplements.be\/fr\/","name":"ECO Supplements","description":"Eco Supplements - Gezonde supplementen","publisher":{"@id":"https:\/\/ecosupplements.be\/fr\/#organization"},"potentialAction":[{"@type":"SearchAction","target":{"@type":"EntryPoint","urlTemplate":"https:\/\/ecosupplements.be\/fr\/?s={search_term_string}"},"query-input":{"@type":"PropertyValueSpecification","valueRequired":true,"valueName":"search_term_string"}}],"inLanguage":"fr-FR"},{"@type":"Organization","@id":"https:\/\/ecosupplements.be\/fr\/#organization","name":"Eco Supplements","url":"https:\/\/ecosupplements.be\/fr\/","logo":{"@type":"ImageObject","inLanguage":"fr-FR","@id":"https:\/\/ecosupplements.be\/fr\/#\/schema\/logo\/image\/","url":"https:\/\/ecosupplements.be\/wp-content\/uploads\/2022\/06\/ecosupplement-family.png","contentUrl":"https:\/\/ecosupplements.be\/wp-content\/uploads\/2022\/06\/ecosupplement-family.png","width":593,"height":374,"caption":"Eco Supplements"},"image":{"@id":"https:\/\/ecosupplements.be\/fr\/#\/schema\/logo\/image\/"}}]},"product_brand":"Allnutrition","product_price_amount":"29.18","product_price_currency":"EUR","og_availability":"instock","product_availability":"instock","product_retailer_item_id":"5902837749297","product_condition":"new"},"_links":{"self":[{"href":"https:\/\/ecosupplements.be\/fr\/wp-json\/wp\/v2\/product\/290317","targetHints":{"allow":["GET"]}}],"collection":[{"href":"https:\/\/ecosupplements.be\/fr\/wp-json\/wp\/v2\/product"}],"about":[{"href":"https:\/\/ecosupplements.be\/fr\/wp-json\/wp\/v2\/types\/product"}],"replies":[{"embeddable":true,"href":"https:\/\/ecosupplements.be\/fr\/wp-json\/wp\/v2\/comments?post=290317"}],"wp:featuredmedia":[{"embeddable":true,"href":"https:\/\/ecosupplements.be\/fr\/wp-json\/wp\/v2\/media\/266272"}],"wp:attachment":[{"href":"https:\/\/ecosupplements.be\/fr\/wp-json\/wp\/v2\/media?parent=290317"}],"wp:term":[{"taxonomy":"product_brand","embeddable":true,"href":"https:\/\/ecosupplements.be\/fr\/wp-json\/wp\/v2\/product_brand?post=290317"},{"taxonomy":"product_cat","embeddable":true,"href":"https:\/\/ecosupplements.be\/fr\/wp-json\/wp\/v2\/product_cat?post=290317"},{"taxonomy":"product_tag","embeddable":true,"href":"https:\/\/ecosupplements.be\/fr\/wp-json\/wp\/v2\/product_tag?post=290317"}],"curies":[{"name":"wp","href":"https:\/\/api.w.org\/{rel}","templated":true}]}}