{"id":290353,"date":"2024-06-29T00:50:22","date_gmt":"2024-06-28T23:50:22","guid":{"rendered":"https:\/\/ecosupplements.be\/product\/allnutrition-creatine-muscle-max-apple-250g\/"},"modified":"2025-08-27T15:12:36","modified_gmt":"2025-08-27T14:12:36","slug":"allnutrition-creatine-muscle-max-apple-250g","status":"publish","type":"product","link":"https:\/\/ecosupplements.be\/fr\/produit\/allnutrition-creatine-muscle-max-apple-250g\/","title":{"rendered":"Allnutrition &#8211; Cr\u00e9atine Muscle Max, Pomme &#8211; 250g"},"content":{"rendered":"<h2>Allnutrition &#8211; Creatine Muscle Max,Pomme &#8211; 250g<\/h2>\n<p>D\u00e9couvrez le <strong>Allnutrition Creatine Muscle Max<\/strong> au go\u00fbt rafra\u00eechissant de pomme,con\u00e7u pour s&#8217;int\u00e9grer harmonieusement \u00e0 votre quotidien. ce produit est \u00e9labor\u00e9 avec soin en Pologne et se pr\u00e9sente dans un format pratique de 250g.<\/p>\n<p>Ce compl\u00e9ment est compos\u00e9 principalement de cr\u00e9atine monohydrate, une substance d&#8217;origine naturelle reconnue pour sa grande puret\u00e9. La saveur naturelle de pomme offre une exp\u00e9rience gustative agr\u00e9able et rend l&#8217;utilisation du produit plus plaisante.<\/p>\n<p><strong>Utilisation :<\/strong> Pour une incorporation facile dans votre routine quotidienne, suivez les instructions sur l&#8217;emballage concernant la dose recommand\u00e9e.<\/p>\n<p><strong>Caract\u00e9ristiques :<\/strong><\/p>\n<ul>\n<li>Format pratique et facile \u00e0 utiliser<\/li>\n<li>Savoureux go\u00fbt de pomme naturel<\/li>\n<li>Fabriqu\u00e9 en Pologne avec des ingr\u00e9dients de haute qualit\u00e9<\/li>\n<\/ul>\n<p>Ce produit est un choix id\u00e9al pour ceux qui appr\u00e9cient les ingr\u00e9dients naturels et recherchent un compl\u00e9ment simple pour usage quotidien. Il s&#8217;int\u00e8gre parfaitement dans un mode de vie \u00e9quilibr\u00e9 sans pr\u00e9tendre \u00e0 des effets sur la sant\u00e9.<\/p>\n","protected":false},"excerpt":{"rendered":"<p>Allnutrition &#8211; Creatine Muscle Max,Pomme &#8211; 250g D\u00e9couvrez le Allnutrition Creatine Muscle Max au go\u00fbt rafra\u00eechissant de pomme,con\u00e7u pour s&#8217;int\u00e9grer harmonieusement \u00e0 votre quotidien. ce produit est \u00e9labor\u00e9 avec soin en Pologne et se pr\u00e9sente dans un format pratique de 250g. Ce compl\u00e9ment est compos\u00e9 principalement de cr\u00e9atine monohydrate, une substance d&#8217;origine naturelle reconnue pour [&#8230;]\n","protected":false},"featured_media":265965,"comment_status":"open","ping_status":"open","template":"","meta":[],"product_brand":[4634],"product_cat":[5052],"product_tag":[],"class_list":{"0":"post-290353","1":"product","2":"type-product","3":"status-publish","4":"has-post-thumbnail","6":"product_brand-allnutrition-2","7":"product_cat-sante-et-bien-etre","9":"first","10":"instock","11":"taxable","12":"shipping-taxable","13":"purchasable","14":"product-type-simple"},"yoast_head":"<!-- This site is optimized with the Yoast SEO Premium plugin v27.3 (Yoast SEO v27.3) - https:\/\/yoast.com\/product\/yoast-seo-premium-wordpress\/ -->\n<title>Allnutrition - Cr\u00e9atine Muscle Max, Pomme - 250g - ECO Supplements<\/title>\n<meta name=\"description\" content=\"Wij hebben een ruime keuze aan producten van Allnutrition - Cr\u00e9atine Muscle Max, Pomme - 250g . Winkel bij Eco Supplements altijd gratis verzending boven 100\u20ac\" \/>\n<meta name=\"robots\" content=\"index, follow, max-snippet:-1, max-image-preview:large, max-video-preview:-1\" \/>\n<link rel=\"canonical\" href=\"https:\/\/ecosupplements.be\/fr\/produit\/allnutrition-creatine-muscle-max-apple-250g\/\" \/>\n<meta property=\"og:locale\" content=\"fr_FR\" \/>\n<meta property=\"og:type\" content=\"article\" \/>\n<meta property=\"og:title\" content=\"Allnutrition - Cr\u00e9atine Muscle Max, Pomme - 250g\" \/>\n<meta property=\"og:description\" content=\"Wij hebben een ruime keuze aan producten van Allnutrition - Cr\u00e9atine Muscle Max, Pomme - 250g . Winkel bij Eco Supplements altijd gratis verzending boven 100\u20ac\" \/>\n<meta property=\"og:url\" content=\"https:\/\/ecosupplements.be\/fr\/produit\/allnutrition-creatine-muscle-max-apple-250g\/\" \/>\n<meta property=\"og:site_name\" content=\"ECO Supplements\" \/>\n<meta property=\"article:modified_time\" content=\"2025-08-27T14:12:36+00:00\" \/>\n<meta property=\"og:image\" content=\"https:\/\/ecosupplements.be\/wp-content\/uploads\/2025\/08\/Allnutrition-Creatine-Muscle-Max-Apple-250g.jpg\" \/>\n\t<meta property=\"og:image:width\" content=\"500\" \/>\n\t<meta property=\"og:image:height\" content=\"500\" \/>\n\t<meta property=\"og:image:type\" content=\"image\/jpeg\" \/>\n<meta name=\"twitter:card\" content=\"summary_large_image\" \/>\n<meta name=\"twitter:label1\" content=\"Prix\" \/>\n\t<meta name=\"twitter:data1\" content=\"9.56&nbsp;&euro;\" \/>\n\t<meta name=\"twitter:label2\" content=\"Disponibilit\u00e9\" \/>\n\t<meta name=\"twitter:data2\" content=\"En stock\" \/>\n<script type=\"application\/ld+json\" class=\"yoast-schema-graph\">{\"@context\":\"https:\\\/\\\/schema.org\",\"@graph\":[{\"@type\":[\"WebPage\",\"ItemPage\"],\"@id\":\"https:\\\/\\\/ecosupplements.be\\\/fr\\\/produit\\\/allnutrition-creatine-muscle-max-apple-250g\\\/\",\"url\":\"https:\\\/\\\/ecosupplements.be\\\/fr\\\/produit\\\/allnutrition-creatine-muscle-max-apple-250g\\\/\",\"name\":\"Allnutrition - Cr\u00e9atine Muscle Max, Pomme - 250g - ECO Supplements\",\"isPartOf\":{\"@id\":\"https:\\\/\\\/ecosupplements.be\\\/fr\\\/#website\"},\"primaryImageOfPage\":{\"@id\":\"https:\\\/\\\/ecosupplements.be\\\/fr\\\/produit\\\/allnutrition-creatine-muscle-max-apple-250g\\\/#primaryimage\"},\"image\":{\"@id\":\"https:\\\/\\\/ecosupplements.be\\\/fr\\\/produit\\\/allnutrition-creatine-muscle-max-apple-250g\\\/#primaryimage\"},\"thumbnailUrl\":\"https:\\\/\\\/ecosupplements.be\\\/wp-content\\\/uploads\\\/2025\\\/08\\\/Creatine-Muscle-Max-Apple-250g.jpg\",\"datePublished\":\"2024-06-28T23:50:22+00:00\",\"dateModified\":\"2025-08-27T14:12:36+00:00\",\"description\":\"Wij hebben een ruime keuze aan producten van Allnutrition - Cr\u00e9atine Muscle Max, Pomme - 250g . Winkel bij Eco Supplements altijd gratis verzending boven 100\u20ac\",\"breadcrumb\":{\"@id\":\"https:\\\/\\\/ecosupplements.be\\\/fr\\\/produit\\\/allnutrition-creatine-muscle-max-apple-250g\\\/#breadcrumb\"},\"inLanguage\":\"fr-FR\",\"potentialAction\":[{\"@type\":\"ReadAction\",\"target\":[\"https:\\\/\\\/ecosupplements.be\\\/fr\\\/produit\\\/allnutrition-creatine-muscle-max-apple-250g\\\/\"]}]},{\"@type\":\"ImageObject\",\"inLanguage\":\"fr-FR\",\"@id\":\"https:\\\/\\\/ecosupplements.be\\\/fr\\\/produit\\\/allnutrition-creatine-muscle-max-apple-250g\\\/#primaryimage\",\"url\":\"https:\\\/\\\/ecosupplements.be\\\/wp-content\\\/uploads\\\/2025\\\/08\\\/Creatine-Muscle-Max-Apple-250g.jpg\",\"contentUrl\":\"https:\\\/\\\/ecosupplements.be\\\/wp-content\\\/uploads\\\/2025\\\/08\\\/Creatine-Muscle-Max-Apple-250g.jpg\",\"width\":500,\"height\":500},{\"@type\":\"BreadcrumbList\",\"@id\":\"https:\\\/\\\/ecosupplements.be\\\/fr\\\/produit\\\/allnutrition-creatine-muscle-max-apple-250g\\\/#breadcrumb\",\"itemListElement\":[{\"@type\":\"ListItem\",\"position\":1,\"name\":\"Home\",\"item\":\"https:\\\/\\\/ecosupplements.be\\\/fr\\\/\"},{\"@type\":\"ListItem\",\"position\":2,\"name\":\"Boutique\",\"item\":\"https:\\\/\\\/ecosupplements.be\\\/fr\\\/boutique\\\/\"},{\"@type\":\"ListItem\",\"position\":3,\"name\":\"Allnutrition &#8211; Cr\u00e9atine Muscle Max, Pomme &#8211; 250g\"}]},{\"@type\":\"WebSite\",\"@id\":\"https:\\\/\\\/ecosupplements.be\\\/fr\\\/#website\",\"url\":\"https:\\\/\\\/ecosupplements.be\\\/fr\\\/\",\"name\":\"ECO Supplements\",\"description\":\"Eco Supplements - Gezonde supplementen\",\"publisher\":{\"@id\":\"https:\\\/\\\/ecosupplements.be\\\/fr\\\/#organization\"},\"potentialAction\":[{\"@type\":\"SearchAction\",\"target\":{\"@type\":\"EntryPoint\",\"urlTemplate\":\"https:\\\/\\\/ecosupplements.be\\\/fr\\\/?s={search_term_string}\"},\"query-input\":{\"@type\":\"PropertyValueSpecification\",\"valueRequired\":true,\"valueName\":\"search_term_string\"}}],\"inLanguage\":\"fr-FR\"},{\"@type\":\"Organization\",\"@id\":\"https:\\\/\\\/ecosupplements.be\\\/fr\\\/#organization\",\"name\":\"Eco Supplements\",\"url\":\"https:\\\/\\\/ecosupplements.be\\\/fr\\\/\",\"logo\":{\"@type\":\"ImageObject\",\"inLanguage\":\"fr-FR\",\"@id\":\"https:\\\/\\\/ecosupplements.be\\\/fr\\\/#\\\/schema\\\/logo\\\/image\\\/\",\"url\":\"https:\\\/\\\/ecosupplements.be\\\/wp-content\\\/uploads\\\/2022\\\/06\\\/ecosupplement-family.png\",\"contentUrl\":\"https:\\\/\\\/ecosupplements.be\\\/wp-content\\\/uploads\\\/2022\\\/06\\\/ecosupplement-family.png\",\"width\":593,\"height\":374,\"caption\":\"Eco Supplements\"},\"image\":{\"@id\":\"https:\\\/\\\/ecosupplements.be\\\/fr\\\/#\\\/schema\\\/logo\\\/image\\\/\"}}]}<\/script>\n<meta property=\"product:brand\" content=\"Allnutrition\" \/>\n<meta property=\"product:price:amount\" content=\"9.56\" \/>\n<meta property=\"product:price:currency\" content=\"EUR\" \/>\n<meta property=\"og:availability\" content=\"instock\" \/>\n<meta property=\"product:availability\" content=\"instock\" \/>\n<meta property=\"product:retailer_item_id\" content=\"5902837745695\" \/>\n<meta property=\"product:condition\" content=\"new\" \/>\n<!-- \/ Yoast SEO Premium plugin. -->","yoast_head_json":{"title":"Allnutrition - Cr\u00e9atine Muscle Max, Pomme - 250g - ECO Supplements","description":"Wij hebben een ruime keuze aan producten van Allnutrition - Cr\u00e9atine Muscle Max, Pomme - 250g . Winkel bij Eco Supplements altijd gratis verzending boven 100\u20ac","robots":{"index":"index","follow":"follow","max-snippet":"max-snippet:-1","max-image-preview":"max-image-preview:large","max-video-preview":"max-video-preview:-1"},"canonical":"https:\/\/ecosupplements.be\/fr\/produit\/allnutrition-creatine-muscle-max-apple-250g\/","og_locale":"fr_FR","og_type":"article","og_title":"Allnutrition - Cr\u00e9atine Muscle Max, Pomme - 250g","og_description":"Wij hebben een ruime keuze aan producten van Allnutrition - Cr\u00e9atine Muscle Max, Pomme - 250g . Winkel bij Eco Supplements altijd gratis verzending boven 100\u20ac","og_url":"https:\/\/ecosupplements.be\/fr\/produit\/allnutrition-creatine-muscle-max-apple-250g\/","og_site_name":"ECO Supplements","article_modified_time":"2025-08-27T14:12:36+00:00","og_image":[{"width":500,"height":500,"url":"https:\/\/ecosupplements.be\/wp-content\/uploads\/2025\/08\/Allnutrition-Creatine-Muscle-Max-Apple-250g.jpg","type":"image\/jpeg"}],"twitter_card":"summary_large_image","twitter_misc":{"Prix":"9.56&nbsp;&euro;","Disponibilit\u00e9":"En stock"},"schema":{"@context":"https:\/\/schema.org","@graph":[{"@type":["WebPage","ItemPage"],"@id":"https:\/\/ecosupplements.be\/fr\/produit\/allnutrition-creatine-muscle-max-apple-250g\/","url":"https:\/\/ecosupplements.be\/fr\/produit\/allnutrition-creatine-muscle-max-apple-250g\/","name":"Allnutrition - Cr\u00e9atine Muscle Max, Pomme - 250g - ECO Supplements","isPartOf":{"@id":"https:\/\/ecosupplements.be\/fr\/#website"},"primaryImageOfPage":{"@id":"https:\/\/ecosupplements.be\/fr\/produit\/allnutrition-creatine-muscle-max-apple-250g\/#primaryimage"},"image":{"@id":"https:\/\/ecosupplements.be\/fr\/produit\/allnutrition-creatine-muscle-max-apple-250g\/#primaryimage"},"thumbnailUrl":"https:\/\/ecosupplements.be\/wp-content\/uploads\/2025\/08\/Creatine-Muscle-Max-Apple-250g.jpg","datePublished":"2024-06-28T23:50:22+00:00","dateModified":"2025-08-27T14:12:36+00:00","description":"Wij hebben een ruime keuze aan producten van Allnutrition - Cr\u00e9atine Muscle Max, Pomme - 250g . Winkel bij Eco Supplements altijd gratis verzending boven 100\u20ac","breadcrumb":{"@id":"https:\/\/ecosupplements.be\/fr\/produit\/allnutrition-creatine-muscle-max-apple-250g\/#breadcrumb"},"inLanguage":"fr-FR","potentialAction":[{"@type":"ReadAction","target":["https:\/\/ecosupplements.be\/fr\/produit\/allnutrition-creatine-muscle-max-apple-250g\/"]}]},{"@type":"ImageObject","inLanguage":"fr-FR","@id":"https:\/\/ecosupplements.be\/fr\/produit\/allnutrition-creatine-muscle-max-apple-250g\/#primaryimage","url":"https:\/\/ecosupplements.be\/wp-content\/uploads\/2025\/08\/Creatine-Muscle-Max-Apple-250g.jpg","contentUrl":"https:\/\/ecosupplements.be\/wp-content\/uploads\/2025\/08\/Creatine-Muscle-Max-Apple-250g.jpg","width":500,"height":500},{"@type":"BreadcrumbList","@id":"https:\/\/ecosupplements.be\/fr\/produit\/allnutrition-creatine-muscle-max-apple-250g\/#breadcrumb","itemListElement":[{"@type":"ListItem","position":1,"name":"Home","item":"https:\/\/ecosupplements.be\/fr\/"},{"@type":"ListItem","position":2,"name":"Boutique","item":"https:\/\/ecosupplements.be\/fr\/boutique\/"},{"@type":"ListItem","position":3,"name":"Allnutrition &#8211; Cr\u00e9atine Muscle Max, Pomme &#8211; 250g"}]},{"@type":"WebSite","@id":"https:\/\/ecosupplements.be\/fr\/#website","url":"https:\/\/ecosupplements.be\/fr\/","name":"ECO Supplements","description":"Eco Supplements - Gezonde supplementen","publisher":{"@id":"https:\/\/ecosupplements.be\/fr\/#organization"},"potentialAction":[{"@type":"SearchAction","target":{"@type":"EntryPoint","urlTemplate":"https:\/\/ecosupplements.be\/fr\/?s={search_term_string}"},"query-input":{"@type":"PropertyValueSpecification","valueRequired":true,"valueName":"search_term_string"}}],"inLanguage":"fr-FR"},{"@type":"Organization","@id":"https:\/\/ecosupplements.be\/fr\/#organization","name":"Eco Supplements","url":"https:\/\/ecosupplements.be\/fr\/","logo":{"@type":"ImageObject","inLanguage":"fr-FR","@id":"https:\/\/ecosupplements.be\/fr\/#\/schema\/logo\/image\/","url":"https:\/\/ecosupplements.be\/wp-content\/uploads\/2022\/06\/ecosupplement-family.png","contentUrl":"https:\/\/ecosupplements.be\/wp-content\/uploads\/2022\/06\/ecosupplement-family.png","width":593,"height":374,"caption":"Eco Supplements"},"image":{"@id":"https:\/\/ecosupplements.be\/fr\/#\/schema\/logo\/image\/"}}]},"product_brand":"Allnutrition","product_price_amount":"9.56","product_price_currency":"EUR","og_availability":"instock","product_availability":"instock","product_retailer_item_id":"5902837745695","product_condition":"new"},"_links":{"self":[{"href":"https:\/\/ecosupplements.be\/fr\/wp-json\/wp\/v2\/product\/290353","targetHints":{"allow":["GET"]}}],"collection":[{"href":"https:\/\/ecosupplements.be\/fr\/wp-json\/wp\/v2\/product"}],"about":[{"href":"https:\/\/ecosupplements.be\/fr\/wp-json\/wp\/v2\/types\/product"}],"replies":[{"embeddable":true,"href":"https:\/\/ecosupplements.be\/fr\/wp-json\/wp\/v2\/comments?post=290353"}],"wp:featuredmedia":[{"embeddable":true,"href":"https:\/\/ecosupplements.be\/fr\/wp-json\/wp\/v2\/media\/265965"}],"wp:attachment":[{"href":"https:\/\/ecosupplements.be\/fr\/wp-json\/wp\/v2\/media?parent=290353"}],"wp:term":[{"taxonomy":"product_brand","embeddable":true,"href":"https:\/\/ecosupplements.be\/fr\/wp-json\/wp\/v2\/product_brand?post=290353"},{"taxonomy":"product_cat","embeddable":true,"href":"https:\/\/ecosupplements.be\/fr\/wp-json\/wp\/v2\/product_cat?post=290353"},{"taxonomy":"product_tag","embeddable":true,"href":"https:\/\/ecosupplements.be\/fr\/wp-json\/wp\/v2\/product_tag?post=290353"}],"curies":[{"name":"wp","href":"https:\/\/api.w.org\/{rel}","templated":true}]}}