{"id":290398,"date":"2024-05-16T01:10:36","date_gmt":"2024-05-16T00:10:36","guid":{"rendered":"https:\/\/ecosupplements.be\/product\/allnutrition-frulove-in-jelly-raspberry-500g\/"},"modified":"2025-08-27T15:13:26","modified_gmt":"2025-08-27T14:13:26","slug":"allnutrition-frulove-in-jelly-raspberry-500g","status":"publish","type":"product","link":"https:\/\/ecosupplements.be\/fr\/produit\/allnutrition-frulove-in-jelly-raspberry-500g\/","title":{"rendered":"Allnutrition &#8211; Frulove en Gel\u00e9e, Framboise &#8211; 500g"},"content":{"rendered":"<h2>Allnutrition &#8211; Frulove In Jelly, Raspberry &#8211; 500g<\/h2>\n<p>D\u00e9couvrez le plaisir pur avec <strong>Allnutrition Frulove In Jelly<\/strong>, une d\u00e9licieuse gel\u00e9e aux framboises, parfaite pour enrichir votre quotidien. Ce produit de 500g, originaire de Pologne, est con\u00e7u pour ceux qui cherchent \u00e0 int\u00e9grer des ingr\u00e9dients naturels dans leur alimentation.<\/p>\n<h3>Composition naturelle<\/h3>\n<p>Cette gel\u00e9e est pr\u00e9par\u00e9e \u00e0 partir de framboises s\u00e9lectionn\u00e9es pour leur qualit\u00e9 et leur go\u00fbt intense. La texture lisse et la richesse en fruits font de ce produit un choix id\u00e9al pour tous les moments de la journ\u00e9e.<\/p>\n<h3>Utilisation et Caract\u00e9ristiques Pratiques<\/h3>\n<p>Frulove In Jelly se distingue par sa facilit\u00e9 d&#8217;utilisation. Int\u00e9grez-la \u00e0 vos petits-d\u00e9jeuners ou utilisez-la comme garniture pour vos desserts.Son emballage pratique assure une conservation optimale et une utilisation ais\u00e9e au quotidien.<\/p>\n<h3>Pour un Style de Vie actif<\/h3>\n<p>Ce produit s&#8217;inscrit parfaitement dans un mode de vie \u00e9quilibr\u00e9, offrant une option gourmande sans compromis sur la qualit\u00e9. Id\u00e9al pour ceux qui appr\u00e9cient les saveurs authentiques tout en faisant attention \u00e0 ce qu&#8217;ils consomment.<\/p>\n<p><em>Faites le choix d&#8217;un produit savoureux et pratique avec Allnutrition Frulove In Jelly!<\/em><\/p>\n","protected":false},"excerpt":{"rendered":"<p>Allnutrition &#8211; Frulove In Jelly, Raspberry &#8211; 500g D\u00e9couvrez le plaisir pur avec Allnutrition Frulove In Jelly, une d\u00e9licieuse gel\u00e9e aux framboises, parfaite pour enrichir votre quotidien. Ce produit de 500g, originaire de Pologne, est con\u00e7u pour ceux qui cherchent \u00e0 int\u00e9grer des ingr\u00e9dients naturels dans leur alimentation. Composition naturelle Cette gel\u00e9e est pr\u00e9par\u00e9e \u00e0 [&#8230;]\n","protected":false},"featured_media":265490,"comment_status":"open","ping_status":"open","template":"","meta":[],"product_brand":[4634],"product_cat":[5052],"product_tag":[],"class_list":{"0":"post-290398","1":"product","2":"type-product","3":"status-publish","4":"has-post-thumbnail","6":"product_brand-allnutrition-2","7":"product_cat-sante-et-bien-etre","9":"first","10":"instock","11":"taxable","12":"shipping-taxable","13":"purchasable","14":"product-type-simple"},"yoast_head":"<!-- This site is optimized with the Yoast SEO Premium plugin v27.3 (Yoast SEO v27.3) - https:\/\/yoast.com\/product\/yoast-seo-premium-wordpress\/ -->\n<title>Allnutrition - Frulove en Gel\u00e9e, Framboise - 500g - ECO Supplements<\/title>\n<meta name=\"description\" content=\"Wij hebben een ruime keuze aan producten van Allnutrition - Frulove en Gel\u00e9e, Framboise - 500g . Winkel bij Eco Supplements altijd gratis verzending boven 100\u20ac\" \/>\n<meta name=\"robots\" content=\"index, follow, max-snippet:-1, max-image-preview:large, max-video-preview:-1\" \/>\n<link rel=\"canonical\" href=\"https:\/\/ecosupplements.be\/fr\/produit\/allnutrition-frulove-in-jelly-raspberry-500g\/\" \/>\n<meta property=\"og:locale\" content=\"fr_FR\" \/>\n<meta property=\"og:type\" content=\"article\" \/>\n<meta property=\"og:title\" content=\"Allnutrition - Frulove en Gel\u00e9e, Framboise - 500g\" \/>\n<meta property=\"og:description\" content=\"Wij hebben een ruime keuze aan producten van Allnutrition - Frulove en Gel\u00e9e, Framboise - 500g . Winkel bij Eco Supplements altijd gratis verzending boven 100\u20ac\" \/>\n<meta property=\"og:url\" content=\"https:\/\/ecosupplements.be\/fr\/produit\/allnutrition-frulove-in-jelly-raspberry-500g\/\" \/>\n<meta property=\"og:site_name\" content=\"ECO Supplements\" \/>\n<meta property=\"article:modified_time\" content=\"2025-08-27T14:13:26+00:00\" \/>\n<meta property=\"og:image\" content=\"https:\/\/ecosupplements.be\/wp-content\/uploads\/2025\/08\/Allnutrition-Frulove-In-Jelly-Raspberry-500g.jpg\" \/>\n\t<meta property=\"og:image:width\" content=\"720\" \/>\n\t<meta property=\"og:image:height\" content=\"720\" \/>\n\t<meta property=\"og:image:type\" content=\"image\/jpeg\" \/>\n<meta name=\"twitter:card\" content=\"summary_large_image\" \/>\n<meta name=\"twitter:label1\" content=\"Prix\" \/>\n\t<meta name=\"twitter:data1\" content=\"9.03&nbsp;&euro;\" \/>\n\t<meta name=\"twitter:label2\" content=\"Disponibilit\u00e9\" \/>\n\t<meta name=\"twitter:data2\" content=\"En stock\" \/>\n<script type=\"application\/ld+json\" class=\"yoast-schema-graph\">{\"@context\":\"https:\\\/\\\/schema.org\",\"@graph\":[{\"@type\":[\"WebPage\",\"ItemPage\"],\"@id\":\"https:\\\/\\\/ecosupplements.be\\\/fr\\\/produit\\\/allnutrition-frulove-in-jelly-raspberry-500g\\\/\",\"url\":\"https:\\\/\\\/ecosupplements.be\\\/fr\\\/produit\\\/allnutrition-frulove-in-jelly-raspberry-500g\\\/\",\"name\":\"Allnutrition - Frulove en Gel\u00e9e, Framboise - 500g - ECO Supplements\",\"isPartOf\":{\"@id\":\"https:\\\/\\\/ecosupplements.be\\\/fr\\\/#website\"},\"primaryImageOfPage\":{\"@id\":\"https:\\\/\\\/ecosupplements.be\\\/fr\\\/produit\\\/allnutrition-frulove-in-jelly-raspberry-500g\\\/#primaryimage\"},\"image\":{\"@id\":\"https:\\\/\\\/ecosupplements.be\\\/fr\\\/produit\\\/allnutrition-frulove-in-jelly-raspberry-500g\\\/#primaryimage\"},\"thumbnailUrl\":\"https:\\\/\\\/ecosupplements.be\\\/wp-content\\\/uploads\\\/2025\\\/08\\\/Frulove-In-Jelly-Raspberry-500g.jpg\",\"datePublished\":\"2024-05-16T00:10:36+00:00\",\"dateModified\":\"2025-08-27T14:13:26+00:00\",\"description\":\"Wij hebben een ruime keuze aan producten van Allnutrition - Frulove en Gel\u00e9e, Framboise - 500g . Winkel bij Eco Supplements altijd gratis verzending boven 100\u20ac\",\"breadcrumb\":{\"@id\":\"https:\\\/\\\/ecosupplements.be\\\/fr\\\/produit\\\/allnutrition-frulove-in-jelly-raspberry-500g\\\/#breadcrumb\"},\"inLanguage\":\"fr-FR\",\"potentialAction\":[{\"@type\":\"ReadAction\",\"target\":[\"https:\\\/\\\/ecosupplements.be\\\/fr\\\/produit\\\/allnutrition-frulove-in-jelly-raspberry-500g\\\/\"]}]},{\"@type\":\"ImageObject\",\"inLanguage\":\"fr-FR\",\"@id\":\"https:\\\/\\\/ecosupplements.be\\\/fr\\\/produit\\\/allnutrition-frulove-in-jelly-raspberry-500g\\\/#primaryimage\",\"url\":\"https:\\\/\\\/ecosupplements.be\\\/wp-content\\\/uploads\\\/2025\\\/08\\\/Frulove-In-Jelly-Raspberry-500g.jpg\",\"contentUrl\":\"https:\\\/\\\/ecosupplements.be\\\/wp-content\\\/uploads\\\/2025\\\/08\\\/Frulove-In-Jelly-Raspberry-500g.jpg\",\"width\":720,\"height\":720},{\"@type\":\"BreadcrumbList\",\"@id\":\"https:\\\/\\\/ecosupplements.be\\\/fr\\\/produit\\\/allnutrition-frulove-in-jelly-raspberry-500g\\\/#breadcrumb\",\"itemListElement\":[{\"@type\":\"ListItem\",\"position\":1,\"name\":\"Home\",\"item\":\"https:\\\/\\\/ecosupplements.be\\\/fr\\\/\"},{\"@type\":\"ListItem\",\"position\":2,\"name\":\"Boutique\",\"item\":\"https:\\\/\\\/ecosupplements.be\\\/fr\\\/boutique\\\/\"},{\"@type\":\"ListItem\",\"position\":3,\"name\":\"Allnutrition &#8211; Frulove en Gel\u00e9e, Framboise &#8211; 500g\"}]},{\"@type\":\"WebSite\",\"@id\":\"https:\\\/\\\/ecosupplements.be\\\/fr\\\/#website\",\"url\":\"https:\\\/\\\/ecosupplements.be\\\/fr\\\/\",\"name\":\"ECO Supplements\",\"description\":\"Eco Supplements - Gezonde supplementen\",\"publisher\":{\"@id\":\"https:\\\/\\\/ecosupplements.be\\\/fr\\\/#organization\"},\"potentialAction\":[{\"@type\":\"SearchAction\",\"target\":{\"@type\":\"EntryPoint\",\"urlTemplate\":\"https:\\\/\\\/ecosupplements.be\\\/fr\\\/?s={search_term_string}\"},\"query-input\":{\"@type\":\"PropertyValueSpecification\",\"valueRequired\":true,\"valueName\":\"search_term_string\"}}],\"inLanguage\":\"fr-FR\"},{\"@type\":\"Organization\",\"@id\":\"https:\\\/\\\/ecosupplements.be\\\/fr\\\/#organization\",\"name\":\"Eco Supplements\",\"url\":\"https:\\\/\\\/ecosupplements.be\\\/fr\\\/\",\"logo\":{\"@type\":\"ImageObject\",\"inLanguage\":\"fr-FR\",\"@id\":\"https:\\\/\\\/ecosupplements.be\\\/fr\\\/#\\\/schema\\\/logo\\\/image\\\/\",\"url\":\"https:\\\/\\\/ecosupplements.be\\\/wp-content\\\/uploads\\\/2022\\\/06\\\/ecosupplement-family.png\",\"contentUrl\":\"https:\\\/\\\/ecosupplements.be\\\/wp-content\\\/uploads\\\/2022\\\/06\\\/ecosupplement-family.png\",\"width\":593,\"height\":374,\"caption\":\"Eco Supplements\"},\"image\":{\"@id\":\"https:\\\/\\\/ecosupplements.be\\\/fr\\\/#\\\/schema\\\/logo\\\/image\\\/\"}}]}<\/script>\n<meta property=\"product:brand\" content=\"Allnutrition\" \/>\n<meta property=\"product:price:amount\" content=\"9.03\" \/>\n<meta property=\"product:price:currency\" content=\"EUR\" \/>\n<meta property=\"og:availability\" content=\"instock\" \/>\n<meta property=\"product:availability\" content=\"instock\" \/>\n<meta property=\"product:retailer_item_id\" content=\"5902837746968\" \/>\n<meta property=\"product:condition\" content=\"new\" \/>\n<!-- \/ Yoast SEO Premium plugin. -->","yoast_head_json":{"title":"Allnutrition - Frulove en Gel\u00e9e, Framboise - 500g - ECO Supplements","description":"Wij hebben een ruime keuze aan producten van Allnutrition - Frulove en Gel\u00e9e, Framboise - 500g . Winkel bij Eco Supplements altijd gratis verzending boven 100\u20ac","robots":{"index":"index","follow":"follow","max-snippet":"max-snippet:-1","max-image-preview":"max-image-preview:large","max-video-preview":"max-video-preview:-1"},"canonical":"https:\/\/ecosupplements.be\/fr\/produit\/allnutrition-frulove-in-jelly-raspberry-500g\/","og_locale":"fr_FR","og_type":"article","og_title":"Allnutrition - Frulove en Gel\u00e9e, Framboise - 500g","og_description":"Wij hebben een ruime keuze aan producten van Allnutrition - Frulove en Gel\u00e9e, Framboise - 500g . Winkel bij Eco Supplements altijd gratis verzending boven 100\u20ac","og_url":"https:\/\/ecosupplements.be\/fr\/produit\/allnutrition-frulove-in-jelly-raspberry-500g\/","og_site_name":"ECO Supplements","article_modified_time":"2025-08-27T14:13:26+00:00","og_image":[{"width":720,"height":720,"url":"https:\/\/ecosupplements.be\/wp-content\/uploads\/2025\/08\/Allnutrition-Frulove-In-Jelly-Raspberry-500g.jpg","type":"image\/jpeg"}],"twitter_card":"summary_large_image","twitter_misc":{"Prix":"9.03&nbsp;&euro;","Disponibilit\u00e9":"En stock"},"schema":{"@context":"https:\/\/schema.org","@graph":[{"@type":["WebPage","ItemPage"],"@id":"https:\/\/ecosupplements.be\/fr\/produit\/allnutrition-frulove-in-jelly-raspberry-500g\/","url":"https:\/\/ecosupplements.be\/fr\/produit\/allnutrition-frulove-in-jelly-raspberry-500g\/","name":"Allnutrition - Frulove en Gel\u00e9e, Framboise - 500g - ECO Supplements","isPartOf":{"@id":"https:\/\/ecosupplements.be\/fr\/#website"},"primaryImageOfPage":{"@id":"https:\/\/ecosupplements.be\/fr\/produit\/allnutrition-frulove-in-jelly-raspberry-500g\/#primaryimage"},"image":{"@id":"https:\/\/ecosupplements.be\/fr\/produit\/allnutrition-frulove-in-jelly-raspberry-500g\/#primaryimage"},"thumbnailUrl":"https:\/\/ecosupplements.be\/wp-content\/uploads\/2025\/08\/Frulove-In-Jelly-Raspberry-500g.jpg","datePublished":"2024-05-16T00:10:36+00:00","dateModified":"2025-08-27T14:13:26+00:00","description":"Wij hebben een ruime keuze aan producten van Allnutrition - Frulove en Gel\u00e9e, Framboise - 500g . Winkel bij Eco Supplements altijd gratis verzending boven 100\u20ac","breadcrumb":{"@id":"https:\/\/ecosupplements.be\/fr\/produit\/allnutrition-frulove-in-jelly-raspberry-500g\/#breadcrumb"},"inLanguage":"fr-FR","potentialAction":[{"@type":"ReadAction","target":["https:\/\/ecosupplements.be\/fr\/produit\/allnutrition-frulove-in-jelly-raspberry-500g\/"]}]},{"@type":"ImageObject","inLanguage":"fr-FR","@id":"https:\/\/ecosupplements.be\/fr\/produit\/allnutrition-frulove-in-jelly-raspberry-500g\/#primaryimage","url":"https:\/\/ecosupplements.be\/wp-content\/uploads\/2025\/08\/Frulove-In-Jelly-Raspberry-500g.jpg","contentUrl":"https:\/\/ecosupplements.be\/wp-content\/uploads\/2025\/08\/Frulove-In-Jelly-Raspberry-500g.jpg","width":720,"height":720},{"@type":"BreadcrumbList","@id":"https:\/\/ecosupplements.be\/fr\/produit\/allnutrition-frulove-in-jelly-raspberry-500g\/#breadcrumb","itemListElement":[{"@type":"ListItem","position":1,"name":"Home","item":"https:\/\/ecosupplements.be\/fr\/"},{"@type":"ListItem","position":2,"name":"Boutique","item":"https:\/\/ecosupplements.be\/fr\/boutique\/"},{"@type":"ListItem","position":3,"name":"Allnutrition &#8211; Frulove en Gel\u00e9e, Framboise &#8211; 500g"}]},{"@type":"WebSite","@id":"https:\/\/ecosupplements.be\/fr\/#website","url":"https:\/\/ecosupplements.be\/fr\/","name":"ECO Supplements","description":"Eco Supplements - Gezonde supplementen","publisher":{"@id":"https:\/\/ecosupplements.be\/fr\/#organization"},"potentialAction":[{"@type":"SearchAction","target":{"@type":"EntryPoint","urlTemplate":"https:\/\/ecosupplements.be\/fr\/?s={search_term_string}"},"query-input":{"@type":"PropertyValueSpecification","valueRequired":true,"valueName":"search_term_string"}}],"inLanguage":"fr-FR"},{"@type":"Organization","@id":"https:\/\/ecosupplements.be\/fr\/#organization","name":"Eco Supplements","url":"https:\/\/ecosupplements.be\/fr\/","logo":{"@type":"ImageObject","inLanguage":"fr-FR","@id":"https:\/\/ecosupplements.be\/fr\/#\/schema\/logo\/image\/","url":"https:\/\/ecosupplements.be\/wp-content\/uploads\/2022\/06\/ecosupplement-family.png","contentUrl":"https:\/\/ecosupplements.be\/wp-content\/uploads\/2022\/06\/ecosupplement-family.png","width":593,"height":374,"caption":"Eco Supplements"},"image":{"@id":"https:\/\/ecosupplements.be\/fr\/#\/schema\/logo\/image\/"}}]},"product_brand":"Allnutrition","product_price_amount":"9.03","product_price_currency":"EUR","og_availability":"instock","product_availability":"instock","product_retailer_item_id":"5902837746968","product_condition":"new"},"_links":{"self":[{"href":"https:\/\/ecosupplements.be\/fr\/wp-json\/wp\/v2\/product\/290398","targetHints":{"allow":["GET"]}}],"collection":[{"href":"https:\/\/ecosupplements.be\/fr\/wp-json\/wp\/v2\/product"}],"about":[{"href":"https:\/\/ecosupplements.be\/fr\/wp-json\/wp\/v2\/types\/product"}],"replies":[{"embeddable":true,"href":"https:\/\/ecosupplements.be\/fr\/wp-json\/wp\/v2\/comments?post=290398"}],"wp:featuredmedia":[{"embeddable":true,"href":"https:\/\/ecosupplements.be\/fr\/wp-json\/wp\/v2\/media\/265490"}],"wp:attachment":[{"href":"https:\/\/ecosupplements.be\/fr\/wp-json\/wp\/v2\/media?parent=290398"}],"wp:term":[{"taxonomy":"product_brand","embeddable":true,"href":"https:\/\/ecosupplements.be\/fr\/wp-json\/wp\/v2\/product_brand?post=290398"},{"taxonomy":"product_cat","embeddable":true,"href":"https:\/\/ecosupplements.be\/fr\/wp-json\/wp\/v2\/product_cat?post=290398"},{"taxonomy":"product_tag","embeddable":true,"href":"https:\/\/ecosupplements.be\/fr\/wp-json\/wp\/v2\/product_tag?post=290398"}],"curies":[{"name":"wp","href":"https:\/\/api.w.org\/{rel}","templated":true}]}}