{"id":290458,"date":"2025-04-13T16:40:20","date_gmt":"2025-04-13T15:40:20","guid":{"rendered":"https:\/\/ecosupplements.be\/product\/applied-nutrition-100-casein-protein-vanilla-ean-5056555208021-1800g\/"},"modified":"2025-08-27T15:14:30","modified_gmt":"2025-08-27T14:14:30","slug":"applied-nutrition-100-casein-protein-vanilla-ean-5056555208021-1800g","status":"publish","type":"product","link":"https:\/\/ecosupplements.be\/fr\/produit\/applied-nutrition-100-casein-protein-vanilla-ean-5056555208021-1800g\/","title":{"rendered":"Prot\u00e9ine de cas\u00e9ine \u00e0 100%, vanille (EAN 5056555208021) &#8211; 1800g"},"content":{"rendered":"<h2>Applied Nutrition &#8211; 100% Casein Protein, Vanille &#8211; 1800g<\/h2>\n<p>D\u00e9couvrez le <strong>100% casein Protein<\/strong> de Applied Nutrition, une option de choix pour ceux qui appr\u00e9cient les ingr\u00e9dients naturels dans un mode de vie actif.Ce produit est \u00e9labor\u00e9 avec soin au Royaume-Uni et offre une exp\u00e9rience gustative agr\u00e9able gr\u00e2ce \u00e0 sa saveur douce de vanille.<\/p>\n<p>Cette prot\u00e9ine caseine est reconnue pour sa texture onctueuse et son go\u00fbt d\u00e9licat qui en font un compl\u00e9ment pratique pour votre quotidien. Elle se m\u00e9lange facilement, vous permettant ainsi d&#8217;int\u00e9grer sans effort ce produit \u00e0 votre routine alimentaire.<\/p>\n<h3>Ingr\u00e9dients principaux<\/h3>\n<p>Ce produit contient principalement de la cas\u00e9ine, une prot\u00e9ine de haute qualit\u00e9 issue du lait. La vanille naturelle ajoute une touche aromatique subtile, rendant chaque prise aussi plaisante que nutritive.<\/p>\n<h3>Contenu et emballage<\/h3>\n<p>L&#8217;emballage contient 1800g de prot\u00e9ine en poudre, conditionn\u00e9e dans un pot robuste et facile \u00e0 utiliser.<\/p>\n<h3>Utilisation recommand\u00e9e<\/h3>\n<p>Pour profiter pleinement des qualit\u00e9s du produit, m\u00e9langez une portion avec votre boisson pr\u00e9f\u00e9r\u00e9e. Consommez selon vos besoins ou suivant les recommandations d&#8217;un professionnel afin d&#8217;incorporer ce produit harmonieusement \u00e0 votre alimentation quotidienne.<\/p>\n<p><em>Faites le choix d&#8217;un style de vie \u00e9quilibr\u00e9 avec le 100% Casein Protein Vanilla!<\/em><\/p>\n","protected":false},"excerpt":{"rendered":"<p>Applied Nutrition &#8211; 100% Casein Protein, Vanille &#8211; 1800g D\u00e9couvrez le 100% casein Protein de Applied Nutrition, une option de choix pour ceux qui appr\u00e9cient les ingr\u00e9dients naturels dans un mode de vie actif.Ce produit est \u00e9labor\u00e9 avec soin au Royaume-Uni et offre une exp\u00e9rience gustative agr\u00e9able gr\u00e2ce \u00e0 sa saveur douce de vanille. Cette [&#8230;]\n","protected":false},"featured_media":268519,"comment_status":"closed","ping_status":"open","template":"","meta":[],"product_brand":[4651],"product_cat":[5052],"product_tag":[],"class_list":{"0":"post-290458","1":"product","2":"type-product","3":"status-publish","4":"has-post-thumbnail","6":"product_brand-applied-nutrition-2","7":"product_cat-sante-et-bien-etre","9":"first","10":"instock","11":"sale","12":"taxable","13":"shipping-taxable","14":"purchasable","15":"product-type-simple"},"yoast_head":"<!-- This site is optimized with the Yoast SEO Premium plugin v27.3 (Yoast SEO v27.3) - https:\/\/yoast.com\/product\/yoast-seo-premium-wordpress\/ -->\n<title>Prot\u00e9ine de cas\u00e9ine \u00e0 100%, vanille (EAN 5056555208021) - 1800g - ECO Supplements<\/title>\n<meta name=\"description\" content=\"Wij hebben een ruime keuze aan producten van Prot\u00e9ine de cas\u00e9ine \u00e0 100%, vanille (EAN 5056555208021) - 1800g . Winkel bij Eco Supplements altijd gratis verzending boven 100\u20ac\" \/>\n<meta name=\"robots\" content=\"index, follow, max-snippet:-1, max-image-preview:large, max-video-preview:-1\" \/>\n<link rel=\"canonical\" href=\"https:\/\/ecosupplements.be\/fr\/produit\/applied-nutrition-100-casein-protein-vanilla-ean-5056555208021-1800g\/\" \/>\n<meta property=\"og:locale\" content=\"fr_FR\" \/>\n<meta property=\"og:type\" content=\"article\" \/>\n<meta property=\"og:title\" content=\"Prot\u00e9ine de cas\u00e9ine \u00e0 100%, vanille (EAN 5056555208021) - 1800g\" \/>\n<meta property=\"og:description\" content=\"Wij hebben een ruime keuze aan producten van Prot\u00e9ine de cas\u00e9ine \u00e0 100%, vanille (EAN 5056555208021) - 1800g . Winkel bij Eco Supplements altijd gratis verzending boven 100\u20ac\" \/>\n<meta property=\"og:url\" content=\"https:\/\/ecosupplements.be\/fr\/produit\/applied-nutrition-100-casein-protein-vanilla-ean-5056555208021-1800g\/\" \/>\n<meta property=\"og:site_name\" content=\"ECO Supplements\" \/>\n<meta property=\"article:modified_time\" content=\"2025-08-27T14:14:30+00:00\" \/>\n<meta property=\"og:image\" content=\"https:\/\/ecosupplements.be\/wp-content\/uploads\/2025\/08\/Applied-Nutrition-100-Casein-Protein-Vanilla-EAN-5056555208021-1800g.jpg\" \/>\n\t<meta property=\"og:image:width\" content=\"500\" \/>\n\t<meta property=\"og:image:height\" content=\"500\" \/>\n\t<meta property=\"og:image:type\" content=\"image\/jpeg\" \/>\n<meta name=\"twitter:card\" content=\"summary_large_image\" \/>\n<meta name=\"twitter:label1\" content=\"Prix\" \/>\n\t<meta name=\"twitter:data1\" content=\"58.91&nbsp;&euro;\" \/>\n\t<meta name=\"twitter:label2\" content=\"Disponibilit\u00e9\" \/>\n\t<meta name=\"twitter:data2\" content=\"En stock\" \/>\n<script type=\"application\/ld+json\" class=\"yoast-schema-graph\">{\"@context\":\"https:\\\/\\\/schema.org\",\"@graph\":[{\"@type\":[\"WebPage\",\"ItemPage\"],\"@id\":\"https:\\\/\\\/ecosupplements.be\\\/fr\\\/produit\\\/applied-nutrition-100-casein-protein-vanilla-ean-5056555208021-1800g\\\/\",\"url\":\"https:\\\/\\\/ecosupplements.be\\\/fr\\\/produit\\\/applied-nutrition-100-casein-protein-vanilla-ean-5056555208021-1800g\\\/\",\"name\":\"Prot\u00e9ine de cas\u00e9ine \u00e0 100%, vanille (EAN 5056555208021) - 1800g - ECO Supplements\",\"isPartOf\":{\"@id\":\"https:\\\/\\\/ecosupplements.be\\\/fr\\\/#website\"},\"primaryImageOfPage\":{\"@id\":\"https:\\\/\\\/ecosupplements.be\\\/fr\\\/produit\\\/applied-nutrition-100-casein-protein-vanilla-ean-5056555208021-1800g\\\/#primaryimage\"},\"image\":{\"@id\":\"https:\\\/\\\/ecosupplements.be\\\/fr\\\/produit\\\/applied-nutrition-100-casein-protein-vanilla-ean-5056555208021-1800g\\\/#primaryimage\"},\"thumbnailUrl\":\"https:\\\/\\\/ecosupplements.be\\\/wp-content\\\/uploads\\\/2025\\\/08\\\/Applied-Nutrition-httpswww.powerbody.eumediacatalogproductimimage_2024-12-13_675c10786d088.jpg\",\"datePublished\":\"2025-04-13T15:40:20+00:00\",\"dateModified\":\"2025-08-27T14:14:30+00:00\",\"description\":\"Wij hebben een ruime keuze aan producten van Prot\u00e9ine de cas\u00e9ine \u00e0 100%, vanille (EAN 5056555208021) - 1800g . Winkel bij Eco Supplements altijd gratis verzending boven 100\u20ac\",\"breadcrumb\":{\"@id\":\"https:\\\/\\\/ecosupplements.be\\\/fr\\\/produit\\\/applied-nutrition-100-casein-protein-vanilla-ean-5056555208021-1800g\\\/#breadcrumb\"},\"inLanguage\":\"fr-FR\",\"potentialAction\":[{\"@type\":\"ReadAction\",\"target\":[\"https:\\\/\\\/ecosupplements.be\\\/fr\\\/produit\\\/applied-nutrition-100-casein-protein-vanilla-ean-5056555208021-1800g\\\/\"]}]},{\"@type\":\"ImageObject\",\"inLanguage\":\"fr-FR\",\"@id\":\"https:\\\/\\\/ecosupplements.be\\\/fr\\\/produit\\\/applied-nutrition-100-casein-protein-vanilla-ean-5056555208021-1800g\\\/#primaryimage\",\"url\":\"https:\\\/\\\/ecosupplements.be\\\/wp-content\\\/uploads\\\/2025\\\/08\\\/Applied-Nutrition-httpswww.powerbody.eumediacatalogproductimimage_2024-12-13_675c10786d088.jpg\",\"contentUrl\":\"https:\\\/\\\/ecosupplements.be\\\/wp-content\\\/uploads\\\/2025\\\/08\\\/Applied-Nutrition-httpswww.powerbody.eumediacatalogproductimimage_2024-12-13_675c10786d088.jpg\",\"width\":500,\"height\":500},{\"@type\":\"BreadcrumbList\",\"@id\":\"https:\\\/\\\/ecosupplements.be\\\/fr\\\/produit\\\/applied-nutrition-100-casein-protein-vanilla-ean-5056555208021-1800g\\\/#breadcrumb\",\"itemListElement\":[{\"@type\":\"ListItem\",\"position\":1,\"name\":\"Home\",\"item\":\"https:\\\/\\\/ecosupplements.be\\\/fr\\\/\"},{\"@type\":\"ListItem\",\"position\":2,\"name\":\"Boutique\",\"item\":\"https:\\\/\\\/ecosupplements.be\\\/fr\\\/boutique\\\/\"},{\"@type\":\"ListItem\",\"position\":3,\"name\":\"Prot\u00e9ine de cas\u00e9ine \u00e0 100%, vanille (EAN 5056555208021) &#8211; 1800g\"}]},{\"@type\":\"WebSite\",\"@id\":\"https:\\\/\\\/ecosupplements.be\\\/fr\\\/#website\",\"url\":\"https:\\\/\\\/ecosupplements.be\\\/fr\\\/\",\"name\":\"ECO Supplements\",\"description\":\"Eco Supplements - Gezonde supplementen\",\"publisher\":{\"@id\":\"https:\\\/\\\/ecosupplements.be\\\/fr\\\/#organization\"},\"potentialAction\":[{\"@type\":\"SearchAction\",\"target\":{\"@type\":\"EntryPoint\",\"urlTemplate\":\"https:\\\/\\\/ecosupplements.be\\\/fr\\\/?s={search_term_string}\"},\"query-input\":{\"@type\":\"PropertyValueSpecification\",\"valueRequired\":true,\"valueName\":\"search_term_string\"}}],\"inLanguage\":\"fr-FR\"},{\"@type\":\"Organization\",\"@id\":\"https:\\\/\\\/ecosupplements.be\\\/fr\\\/#organization\",\"name\":\"Eco Supplements\",\"url\":\"https:\\\/\\\/ecosupplements.be\\\/fr\\\/\",\"logo\":{\"@type\":\"ImageObject\",\"inLanguage\":\"fr-FR\",\"@id\":\"https:\\\/\\\/ecosupplements.be\\\/fr\\\/#\\\/schema\\\/logo\\\/image\\\/\",\"url\":\"https:\\\/\\\/ecosupplements.be\\\/wp-content\\\/uploads\\\/2022\\\/06\\\/ecosupplement-family.png\",\"contentUrl\":\"https:\\\/\\\/ecosupplements.be\\\/wp-content\\\/uploads\\\/2022\\\/06\\\/ecosupplement-family.png\",\"width\":593,\"height\":374,\"caption\":\"Eco Supplements\"},\"image\":{\"@id\":\"https:\\\/\\\/ecosupplements.be\\\/fr\\\/#\\\/schema\\\/logo\\\/image\\\/\"}}]}<\/script>\n<meta property=\"product:brand\" content=\"Applied Nutrition\" \/>\n<meta property=\"product:price:amount\" content=\"58.91\" \/>\n<meta property=\"product:price:currency\" content=\"EUR\" \/>\n<meta property=\"og:availability\" content=\"instock\" \/>\n<meta property=\"product:availability\" content=\"instock\" \/>\n<meta property=\"product:retailer_item_id\" content=\"5056555208021\" \/>\n<meta property=\"product:condition\" content=\"new\" \/>\n<!-- \/ Yoast SEO Premium plugin. -->","yoast_head_json":{"title":"Prot\u00e9ine de cas\u00e9ine \u00e0 100%, vanille (EAN 5056555208021) - 1800g - ECO Supplements","description":"Wij hebben een ruime keuze aan producten van Prot\u00e9ine de cas\u00e9ine \u00e0 100%, vanille (EAN 5056555208021) - 1800g . Winkel bij Eco Supplements altijd gratis verzending boven 100\u20ac","robots":{"index":"index","follow":"follow","max-snippet":"max-snippet:-1","max-image-preview":"max-image-preview:large","max-video-preview":"max-video-preview:-1"},"canonical":"https:\/\/ecosupplements.be\/fr\/produit\/applied-nutrition-100-casein-protein-vanilla-ean-5056555208021-1800g\/","og_locale":"fr_FR","og_type":"article","og_title":"Prot\u00e9ine de cas\u00e9ine \u00e0 100%, vanille (EAN 5056555208021) - 1800g","og_description":"Wij hebben een ruime keuze aan producten van Prot\u00e9ine de cas\u00e9ine \u00e0 100%, vanille (EAN 5056555208021) - 1800g . Winkel bij Eco Supplements altijd gratis verzending boven 100\u20ac","og_url":"https:\/\/ecosupplements.be\/fr\/produit\/applied-nutrition-100-casein-protein-vanilla-ean-5056555208021-1800g\/","og_site_name":"ECO Supplements","article_modified_time":"2025-08-27T14:14:30+00:00","og_image":[{"width":500,"height":500,"url":"https:\/\/ecosupplements.be\/wp-content\/uploads\/2025\/08\/Applied-Nutrition-100-Casein-Protein-Vanilla-EAN-5056555208021-1800g.jpg","type":"image\/jpeg"}],"twitter_card":"summary_large_image","twitter_misc":{"Prix":"58.91&nbsp;&euro;","Disponibilit\u00e9":"En stock"},"schema":{"@context":"https:\/\/schema.org","@graph":[{"@type":["WebPage","ItemPage"],"@id":"https:\/\/ecosupplements.be\/fr\/produit\/applied-nutrition-100-casein-protein-vanilla-ean-5056555208021-1800g\/","url":"https:\/\/ecosupplements.be\/fr\/produit\/applied-nutrition-100-casein-protein-vanilla-ean-5056555208021-1800g\/","name":"Prot\u00e9ine de cas\u00e9ine \u00e0 100%, vanille (EAN 5056555208021) - 1800g - ECO Supplements","isPartOf":{"@id":"https:\/\/ecosupplements.be\/fr\/#website"},"primaryImageOfPage":{"@id":"https:\/\/ecosupplements.be\/fr\/produit\/applied-nutrition-100-casein-protein-vanilla-ean-5056555208021-1800g\/#primaryimage"},"image":{"@id":"https:\/\/ecosupplements.be\/fr\/produit\/applied-nutrition-100-casein-protein-vanilla-ean-5056555208021-1800g\/#primaryimage"},"thumbnailUrl":"https:\/\/ecosupplements.be\/wp-content\/uploads\/2025\/08\/Applied-Nutrition-httpswww.powerbody.eumediacatalogproductimimage_2024-12-13_675c10786d088.jpg","datePublished":"2025-04-13T15:40:20+00:00","dateModified":"2025-08-27T14:14:30+00:00","description":"Wij hebben een ruime keuze aan producten van Prot\u00e9ine de cas\u00e9ine \u00e0 100%, vanille (EAN 5056555208021) - 1800g . Winkel bij Eco Supplements altijd gratis verzending boven 100\u20ac","breadcrumb":{"@id":"https:\/\/ecosupplements.be\/fr\/produit\/applied-nutrition-100-casein-protein-vanilla-ean-5056555208021-1800g\/#breadcrumb"},"inLanguage":"fr-FR","potentialAction":[{"@type":"ReadAction","target":["https:\/\/ecosupplements.be\/fr\/produit\/applied-nutrition-100-casein-protein-vanilla-ean-5056555208021-1800g\/"]}]},{"@type":"ImageObject","inLanguage":"fr-FR","@id":"https:\/\/ecosupplements.be\/fr\/produit\/applied-nutrition-100-casein-protein-vanilla-ean-5056555208021-1800g\/#primaryimage","url":"https:\/\/ecosupplements.be\/wp-content\/uploads\/2025\/08\/Applied-Nutrition-httpswww.powerbody.eumediacatalogproductimimage_2024-12-13_675c10786d088.jpg","contentUrl":"https:\/\/ecosupplements.be\/wp-content\/uploads\/2025\/08\/Applied-Nutrition-httpswww.powerbody.eumediacatalogproductimimage_2024-12-13_675c10786d088.jpg","width":500,"height":500},{"@type":"BreadcrumbList","@id":"https:\/\/ecosupplements.be\/fr\/produit\/applied-nutrition-100-casein-protein-vanilla-ean-5056555208021-1800g\/#breadcrumb","itemListElement":[{"@type":"ListItem","position":1,"name":"Home","item":"https:\/\/ecosupplements.be\/fr\/"},{"@type":"ListItem","position":2,"name":"Boutique","item":"https:\/\/ecosupplements.be\/fr\/boutique\/"},{"@type":"ListItem","position":3,"name":"Prot\u00e9ine de cas\u00e9ine \u00e0 100%, vanille (EAN 5056555208021) &#8211; 1800g"}]},{"@type":"WebSite","@id":"https:\/\/ecosupplements.be\/fr\/#website","url":"https:\/\/ecosupplements.be\/fr\/","name":"ECO Supplements","description":"Eco Supplements - Gezonde supplementen","publisher":{"@id":"https:\/\/ecosupplements.be\/fr\/#organization"},"potentialAction":[{"@type":"SearchAction","target":{"@type":"EntryPoint","urlTemplate":"https:\/\/ecosupplements.be\/fr\/?s={search_term_string}"},"query-input":{"@type":"PropertyValueSpecification","valueRequired":true,"valueName":"search_term_string"}}],"inLanguage":"fr-FR"},{"@type":"Organization","@id":"https:\/\/ecosupplements.be\/fr\/#organization","name":"Eco Supplements","url":"https:\/\/ecosupplements.be\/fr\/","logo":{"@type":"ImageObject","inLanguage":"fr-FR","@id":"https:\/\/ecosupplements.be\/fr\/#\/schema\/logo\/image\/","url":"https:\/\/ecosupplements.be\/wp-content\/uploads\/2022\/06\/ecosupplement-family.png","contentUrl":"https:\/\/ecosupplements.be\/wp-content\/uploads\/2022\/06\/ecosupplement-family.png","width":593,"height":374,"caption":"Eco Supplements"},"image":{"@id":"https:\/\/ecosupplements.be\/fr\/#\/schema\/logo\/image\/"}}]},"product_brand":"Applied Nutrition","product_price_amount":"58.91","product_price_currency":"EUR","og_availability":"instock","product_availability":"instock","product_retailer_item_id":"5056555208021","product_condition":"new"},"_links":{"self":[{"href":"https:\/\/ecosupplements.be\/fr\/wp-json\/wp\/v2\/product\/290458","targetHints":{"allow":["GET"]}}],"collection":[{"href":"https:\/\/ecosupplements.be\/fr\/wp-json\/wp\/v2\/product"}],"about":[{"href":"https:\/\/ecosupplements.be\/fr\/wp-json\/wp\/v2\/types\/product"}],"replies":[{"embeddable":true,"href":"https:\/\/ecosupplements.be\/fr\/wp-json\/wp\/v2\/comments?post=290458"}],"wp:featuredmedia":[{"embeddable":true,"href":"https:\/\/ecosupplements.be\/fr\/wp-json\/wp\/v2\/media\/268519"}],"wp:attachment":[{"href":"https:\/\/ecosupplements.be\/fr\/wp-json\/wp\/v2\/media?parent=290458"}],"wp:term":[{"taxonomy":"product_brand","embeddable":true,"href":"https:\/\/ecosupplements.be\/fr\/wp-json\/wp\/v2\/product_brand?post=290458"},{"taxonomy":"product_cat","embeddable":true,"href":"https:\/\/ecosupplements.be\/fr\/wp-json\/wp\/v2\/product_cat?post=290458"},{"taxonomy":"product_tag","embeddable":true,"href":"https:\/\/ecosupplements.be\/fr\/wp-json\/wp\/v2\/product_tag?post=290458"}],"curies":[{"name":"wp","href":"https:\/\/api.w.org\/{rel}","templated":true}]}}