{"id":290485,"date":"2024-08-02T02:21:08","date_gmt":"2024-08-02T01:21:08","guid":{"rendered":"https:\/\/ecosupplements.be\/product\/applied-nutrition-tri-magnesium-blue-raspberry-200g\/"},"modified":"2025-08-27T15:14:55","modified_gmt":"2025-08-27T14:14:55","slug":"applied-nutrition-tri-magnesium-blue-raspberry-200g","status":"publish","type":"product","link":"https:\/\/ecosupplements.be\/fr\/produit\/applied-nutrition-tri-magnesium-blue-raspberry-200g\/","title":{"rendered":"Nutrition Appliqu\u00e9e &#8211; Tri-Magn\u00e9sium, Framboise Bleue &#8211; 200g"},"content":{"rendered":"<h2>Applied Nutrition &#8211; Tri-Magnesium, Blue Raspberry &#8211; 200g<\/h2>\n<p>D\u00e9couvrez le <strong>tri-Magnesium, Blue Raspberry<\/strong> de Applied Nutrition, un produit con\u00e7u avec soin au Royaume-Uni. Ce compl\u00e9ment se pr\u00e9sente sous forme de poudre et est conditionn\u00e9 dans un emballage pratique de 200g.<\/p>\n<p>Ce produit combine la simplicit\u00e9 d&#8217;utilisation \u00e0 un go\u00fbt agr\u00e9able de framboise bleue. Il est formul\u00e9 \u00e0 partir d&#8217;ingr\u00e9dients d&#8217;origine naturelle, garantissant une grande puret\u00e9 et qualit\u00e9. le Tri-Magnesium est une option id\u00e9ale pour ceux qui recherchent des composants naturels dans leur quotidien.<\/p>\n<p><strong>Ingr\u00e9dients principaux :<\/strong> Magn\u00e9sium issu de sources naturelles pour assurer une composition riche et authentique.<\/p>\n<p><strong>Utilisation :<\/strong> Ajoutez simplement la dose recommand\u00e9e \u00e0 votre boisson pr\u00e9f\u00e9r\u00e9e chaque jour pour int\u00e9grer ce produit facilement \u00e0 votre routine quotidienne.<\/p>\n<p>Ce compl\u00e9ment est parfait pour accompagner un mode de vie \u00e9quilibr\u00e9 sans pr\u00e9tendre apporter des b\u00e9n\u00e9fices sp\u00e9cifiques pour la sant\u00e9. Son format en poudre permet une utilisation versatile et pratique au quotidien.<\/p>\n<p><em>Faites le choix du Tri-Magnesium, Blue Raspberry pour sa qualit\u00e9 exceptionnelle et son go\u00fbt d\u00e9licieux!<\/em><\/p>\n","protected":false},"excerpt":{"rendered":"<p>Applied Nutrition &#8211; Tri-Magnesium, Blue Raspberry &#8211; 200g D\u00e9couvrez le tri-Magnesium, Blue Raspberry de Applied Nutrition, un produit con\u00e7u avec soin au Royaume-Uni. Ce compl\u00e9ment se pr\u00e9sente sous forme de poudre et est conditionn\u00e9 dans un emballage pratique de 200g. Ce produit combine la simplicit\u00e9 d&#8217;utilisation \u00e0 un go\u00fbt agr\u00e9able de framboise bleue. Il est [&#8230;]\n","protected":false},"featured_media":266290,"comment_status":"open","ping_status":"open","template":"","meta":[],"product_brand":[4651],"product_cat":[5052],"product_tag":[],"class_list":{"0":"post-290485","1":"product","2":"type-product","3":"status-publish","4":"has-post-thumbnail","6":"product_brand-applied-nutrition-2","7":"product_cat-sante-et-bien-etre","9":"first","10":"instock","11":"taxable","12":"shipping-taxable","13":"purchasable","14":"product-type-simple"},"yoast_head":"<!-- This site is optimized with the Yoast SEO Premium plugin v27.3 (Yoast SEO v27.3) - https:\/\/yoast.com\/product\/yoast-seo-premium-wordpress\/ -->\n<title>Nutrition Appliqu\u00e9e - Tri-Magn\u00e9sium, Framboise Bleue - 200g - ECO Supplements<\/title>\n<meta name=\"description\" content=\"Wij hebben een ruime keuze aan producten van Nutrition Appliqu\u00e9e - Tri-Magn\u00e9sium, Framboise Bleue - 200g . Winkel bij Eco Supplements altijd gratis verzending boven 100\u20ac\" \/>\n<meta name=\"robots\" content=\"index, follow, max-snippet:-1, max-image-preview:large, max-video-preview:-1\" \/>\n<link rel=\"canonical\" href=\"https:\/\/ecosupplements.be\/fr\/produit\/applied-nutrition-tri-magnesium-blue-raspberry-200g\/\" \/>\n<meta property=\"og:locale\" content=\"fr_FR\" \/>\n<meta property=\"og:type\" content=\"article\" \/>\n<meta property=\"og:title\" content=\"Nutrition Appliqu\u00e9e - Tri-Magn\u00e9sium, Framboise Bleue - 200g\" \/>\n<meta property=\"og:description\" content=\"Wij hebben een ruime keuze aan producten van Nutrition Appliqu\u00e9e - Tri-Magn\u00e9sium, Framboise Bleue - 200g . Winkel bij Eco Supplements altijd gratis verzending boven 100\u20ac\" \/>\n<meta property=\"og:url\" content=\"https:\/\/ecosupplements.be\/fr\/produit\/applied-nutrition-tri-magnesium-blue-raspberry-200g\/\" \/>\n<meta property=\"og:site_name\" content=\"ECO Supplements\" \/>\n<meta property=\"article:modified_time\" content=\"2025-08-27T14:14:55+00:00\" \/>\n<meta property=\"og:image\" content=\"https:\/\/ecosupplements.be\/wp-content\/uploads\/2025\/08\/Applied-Nutrition-Tri-Magnesium-Blue-Raspberry-200g.jpg\" \/>\n\t<meta property=\"og:image:width\" content=\"500\" \/>\n\t<meta property=\"og:image:height\" content=\"500\" \/>\n\t<meta property=\"og:image:type\" content=\"image\/jpeg\" \/>\n<meta name=\"twitter:card\" content=\"summary_large_image\" \/>\n<meta name=\"twitter:label1\" content=\"Prix\" \/>\n\t<meta name=\"twitter:data1\" content=\"22.95&nbsp;&euro;\" \/>\n\t<meta name=\"twitter:label2\" content=\"Disponibilit\u00e9\" \/>\n\t<meta name=\"twitter:data2\" content=\"En stock\" \/>\n<script type=\"application\/ld+json\" class=\"yoast-schema-graph\">{\"@context\":\"https:\\\/\\\/schema.org\",\"@graph\":[{\"@type\":[\"WebPage\",\"ItemPage\"],\"@id\":\"https:\\\/\\\/ecosupplements.be\\\/fr\\\/produit\\\/applied-nutrition-tri-magnesium-blue-raspberry-200g\\\/\",\"url\":\"https:\\\/\\\/ecosupplements.be\\\/fr\\\/produit\\\/applied-nutrition-tri-magnesium-blue-raspberry-200g\\\/\",\"name\":\"Nutrition Appliqu\u00e9e - Tri-Magn\u00e9sium, Framboise Bleue - 200g - ECO Supplements\",\"isPartOf\":{\"@id\":\"https:\\\/\\\/ecosupplements.be\\\/fr\\\/#website\"},\"primaryImageOfPage\":{\"@id\":\"https:\\\/\\\/ecosupplements.be\\\/fr\\\/produit\\\/applied-nutrition-tri-magnesium-blue-raspberry-200g\\\/#primaryimage\"},\"image\":{\"@id\":\"https:\\\/\\\/ecosupplements.be\\\/fr\\\/produit\\\/applied-nutrition-tri-magnesium-blue-raspberry-200g\\\/#primaryimage\"},\"thumbnailUrl\":\"https:\\\/\\\/ecosupplements.be\\\/wp-content\\\/uploads\\\/2025\\\/08\\\/Tri-Magnesium-Blue-Raspberry-200g.jpg\",\"datePublished\":\"2024-08-02T01:21:08+00:00\",\"dateModified\":\"2025-08-27T14:14:55+00:00\",\"description\":\"Wij hebben een ruime keuze aan producten van Nutrition Appliqu\u00e9e - Tri-Magn\u00e9sium, Framboise Bleue - 200g . Winkel bij Eco Supplements altijd gratis verzending boven 100\u20ac\",\"breadcrumb\":{\"@id\":\"https:\\\/\\\/ecosupplements.be\\\/fr\\\/produit\\\/applied-nutrition-tri-magnesium-blue-raspberry-200g\\\/#breadcrumb\"},\"inLanguage\":\"fr-FR\",\"potentialAction\":[{\"@type\":\"ReadAction\",\"target\":[\"https:\\\/\\\/ecosupplements.be\\\/fr\\\/produit\\\/applied-nutrition-tri-magnesium-blue-raspberry-200g\\\/\"]}]},{\"@type\":\"ImageObject\",\"inLanguage\":\"fr-FR\",\"@id\":\"https:\\\/\\\/ecosupplements.be\\\/fr\\\/produit\\\/applied-nutrition-tri-magnesium-blue-raspberry-200g\\\/#primaryimage\",\"url\":\"https:\\\/\\\/ecosupplements.be\\\/wp-content\\\/uploads\\\/2025\\\/08\\\/Tri-Magnesium-Blue-Raspberry-200g.jpg\",\"contentUrl\":\"https:\\\/\\\/ecosupplements.be\\\/wp-content\\\/uploads\\\/2025\\\/08\\\/Tri-Magnesium-Blue-Raspberry-200g.jpg\",\"width\":500,\"height\":500},{\"@type\":\"BreadcrumbList\",\"@id\":\"https:\\\/\\\/ecosupplements.be\\\/fr\\\/produit\\\/applied-nutrition-tri-magnesium-blue-raspberry-200g\\\/#breadcrumb\",\"itemListElement\":[{\"@type\":\"ListItem\",\"position\":1,\"name\":\"Home\",\"item\":\"https:\\\/\\\/ecosupplements.be\\\/fr\\\/\"},{\"@type\":\"ListItem\",\"position\":2,\"name\":\"Boutique\",\"item\":\"https:\\\/\\\/ecosupplements.be\\\/fr\\\/boutique\\\/\"},{\"@type\":\"ListItem\",\"position\":3,\"name\":\"Nutrition Appliqu\u00e9e &#8211; Tri-Magn\u00e9sium, Framboise Bleue &#8211; 200g\"}]},{\"@type\":\"WebSite\",\"@id\":\"https:\\\/\\\/ecosupplements.be\\\/fr\\\/#website\",\"url\":\"https:\\\/\\\/ecosupplements.be\\\/fr\\\/\",\"name\":\"ECO Supplements\",\"description\":\"Eco Supplements - Gezonde supplementen\",\"publisher\":{\"@id\":\"https:\\\/\\\/ecosupplements.be\\\/fr\\\/#organization\"},\"potentialAction\":[{\"@type\":\"SearchAction\",\"target\":{\"@type\":\"EntryPoint\",\"urlTemplate\":\"https:\\\/\\\/ecosupplements.be\\\/fr\\\/?s={search_term_string}\"},\"query-input\":{\"@type\":\"PropertyValueSpecification\",\"valueRequired\":true,\"valueName\":\"search_term_string\"}}],\"inLanguage\":\"fr-FR\"},{\"@type\":\"Organization\",\"@id\":\"https:\\\/\\\/ecosupplements.be\\\/fr\\\/#organization\",\"name\":\"Eco Supplements\",\"url\":\"https:\\\/\\\/ecosupplements.be\\\/fr\\\/\",\"logo\":{\"@type\":\"ImageObject\",\"inLanguage\":\"fr-FR\",\"@id\":\"https:\\\/\\\/ecosupplements.be\\\/fr\\\/#\\\/schema\\\/logo\\\/image\\\/\",\"url\":\"https:\\\/\\\/ecosupplements.be\\\/wp-content\\\/uploads\\\/2022\\\/06\\\/ecosupplement-family.png\",\"contentUrl\":\"https:\\\/\\\/ecosupplements.be\\\/wp-content\\\/uploads\\\/2022\\\/06\\\/ecosupplement-family.png\",\"width\":593,\"height\":374,\"caption\":\"Eco Supplements\"},\"image\":{\"@id\":\"https:\\\/\\\/ecosupplements.be\\\/fr\\\/#\\\/schema\\\/logo\\\/image\\\/\"}}]}<\/script>\n<meta property=\"product:brand\" content=\"Applied Nutrition\" \/>\n<meta property=\"product:price:amount\" content=\"22.95\" \/>\n<meta property=\"product:price:currency\" content=\"EUR\" \/>\n<meta property=\"og:availability\" content=\"instock\" \/>\n<meta property=\"product:availability\" content=\"instock\" \/>\n<meta property=\"product:retailer_item_id\" content=\"5056555206959\" \/>\n<meta property=\"product:condition\" content=\"new\" \/>\n<!-- \/ Yoast SEO Premium plugin. -->","yoast_head_json":{"title":"Nutrition Appliqu\u00e9e - Tri-Magn\u00e9sium, Framboise Bleue - 200g - ECO Supplements","description":"Wij hebben een ruime keuze aan producten van Nutrition Appliqu\u00e9e - Tri-Magn\u00e9sium, Framboise Bleue - 200g . Winkel bij Eco Supplements altijd gratis verzending boven 100\u20ac","robots":{"index":"index","follow":"follow","max-snippet":"max-snippet:-1","max-image-preview":"max-image-preview:large","max-video-preview":"max-video-preview:-1"},"canonical":"https:\/\/ecosupplements.be\/fr\/produit\/applied-nutrition-tri-magnesium-blue-raspberry-200g\/","og_locale":"fr_FR","og_type":"article","og_title":"Nutrition Appliqu\u00e9e - Tri-Magn\u00e9sium, Framboise Bleue - 200g","og_description":"Wij hebben een ruime keuze aan producten van Nutrition Appliqu\u00e9e - Tri-Magn\u00e9sium, Framboise Bleue - 200g . Winkel bij Eco Supplements altijd gratis verzending boven 100\u20ac","og_url":"https:\/\/ecosupplements.be\/fr\/produit\/applied-nutrition-tri-magnesium-blue-raspberry-200g\/","og_site_name":"ECO Supplements","article_modified_time":"2025-08-27T14:14:55+00:00","og_image":[{"width":500,"height":500,"url":"https:\/\/ecosupplements.be\/wp-content\/uploads\/2025\/08\/Applied-Nutrition-Tri-Magnesium-Blue-Raspberry-200g.jpg","type":"image\/jpeg"}],"twitter_card":"summary_large_image","twitter_misc":{"Prix":"22.95&nbsp;&euro;","Disponibilit\u00e9":"En stock"},"schema":{"@context":"https:\/\/schema.org","@graph":[{"@type":["WebPage","ItemPage"],"@id":"https:\/\/ecosupplements.be\/fr\/produit\/applied-nutrition-tri-magnesium-blue-raspberry-200g\/","url":"https:\/\/ecosupplements.be\/fr\/produit\/applied-nutrition-tri-magnesium-blue-raspberry-200g\/","name":"Nutrition Appliqu\u00e9e - Tri-Magn\u00e9sium, Framboise Bleue - 200g - ECO Supplements","isPartOf":{"@id":"https:\/\/ecosupplements.be\/fr\/#website"},"primaryImageOfPage":{"@id":"https:\/\/ecosupplements.be\/fr\/produit\/applied-nutrition-tri-magnesium-blue-raspberry-200g\/#primaryimage"},"image":{"@id":"https:\/\/ecosupplements.be\/fr\/produit\/applied-nutrition-tri-magnesium-blue-raspberry-200g\/#primaryimage"},"thumbnailUrl":"https:\/\/ecosupplements.be\/wp-content\/uploads\/2025\/08\/Tri-Magnesium-Blue-Raspberry-200g.jpg","datePublished":"2024-08-02T01:21:08+00:00","dateModified":"2025-08-27T14:14:55+00:00","description":"Wij hebben een ruime keuze aan producten van Nutrition Appliqu\u00e9e - Tri-Magn\u00e9sium, Framboise Bleue - 200g . Winkel bij Eco Supplements altijd gratis verzending boven 100\u20ac","breadcrumb":{"@id":"https:\/\/ecosupplements.be\/fr\/produit\/applied-nutrition-tri-magnesium-blue-raspberry-200g\/#breadcrumb"},"inLanguage":"fr-FR","potentialAction":[{"@type":"ReadAction","target":["https:\/\/ecosupplements.be\/fr\/produit\/applied-nutrition-tri-magnesium-blue-raspberry-200g\/"]}]},{"@type":"ImageObject","inLanguage":"fr-FR","@id":"https:\/\/ecosupplements.be\/fr\/produit\/applied-nutrition-tri-magnesium-blue-raspberry-200g\/#primaryimage","url":"https:\/\/ecosupplements.be\/wp-content\/uploads\/2025\/08\/Tri-Magnesium-Blue-Raspberry-200g.jpg","contentUrl":"https:\/\/ecosupplements.be\/wp-content\/uploads\/2025\/08\/Tri-Magnesium-Blue-Raspberry-200g.jpg","width":500,"height":500},{"@type":"BreadcrumbList","@id":"https:\/\/ecosupplements.be\/fr\/produit\/applied-nutrition-tri-magnesium-blue-raspberry-200g\/#breadcrumb","itemListElement":[{"@type":"ListItem","position":1,"name":"Home","item":"https:\/\/ecosupplements.be\/fr\/"},{"@type":"ListItem","position":2,"name":"Boutique","item":"https:\/\/ecosupplements.be\/fr\/boutique\/"},{"@type":"ListItem","position":3,"name":"Nutrition Appliqu\u00e9e &#8211; Tri-Magn\u00e9sium, Framboise Bleue &#8211; 200g"}]},{"@type":"WebSite","@id":"https:\/\/ecosupplements.be\/fr\/#website","url":"https:\/\/ecosupplements.be\/fr\/","name":"ECO Supplements","description":"Eco Supplements - Gezonde supplementen","publisher":{"@id":"https:\/\/ecosupplements.be\/fr\/#organization"},"potentialAction":[{"@type":"SearchAction","target":{"@type":"EntryPoint","urlTemplate":"https:\/\/ecosupplements.be\/fr\/?s={search_term_string}"},"query-input":{"@type":"PropertyValueSpecification","valueRequired":true,"valueName":"search_term_string"}}],"inLanguage":"fr-FR"},{"@type":"Organization","@id":"https:\/\/ecosupplements.be\/fr\/#organization","name":"Eco Supplements","url":"https:\/\/ecosupplements.be\/fr\/","logo":{"@type":"ImageObject","inLanguage":"fr-FR","@id":"https:\/\/ecosupplements.be\/fr\/#\/schema\/logo\/image\/","url":"https:\/\/ecosupplements.be\/wp-content\/uploads\/2022\/06\/ecosupplement-family.png","contentUrl":"https:\/\/ecosupplements.be\/wp-content\/uploads\/2022\/06\/ecosupplement-family.png","width":593,"height":374,"caption":"Eco Supplements"},"image":{"@id":"https:\/\/ecosupplements.be\/fr\/#\/schema\/logo\/image\/"}}]},"product_brand":"Applied Nutrition","product_price_amount":"22.95","product_price_currency":"EUR","og_availability":"instock","product_availability":"instock","product_retailer_item_id":"5056555206959","product_condition":"new"},"_links":{"self":[{"href":"https:\/\/ecosupplements.be\/fr\/wp-json\/wp\/v2\/product\/290485","targetHints":{"allow":["GET"]}}],"collection":[{"href":"https:\/\/ecosupplements.be\/fr\/wp-json\/wp\/v2\/product"}],"about":[{"href":"https:\/\/ecosupplements.be\/fr\/wp-json\/wp\/v2\/types\/product"}],"replies":[{"embeddable":true,"href":"https:\/\/ecosupplements.be\/fr\/wp-json\/wp\/v2\/comments?post=290485"}],"wp:featuredmedia":[{"embeddable":true,"href":"https:\/\/ecosupplements.be\/fr\/wp-json\/wp\/v2\/media\/266290"}],"wp:attachment":[{"href":"https:\/\/ecosupplements.be\/fr\/wp-json\/wp\/v2\/media?parent=290485"}],"wp:term":[{"taxonomy":"product_brand","embeddable":true,"href":"https:\/\/ecosupplements.be\/fr\/wp-json\/wp\/v2\/product_brand?post=290485"},{"taxonomy":"product_cat","embeddable":true,"href":"https:\/\/ecosupplements.be\/fr\/wp-json\/wp\/v2\/product_cat?post=290485"},{"taxonomy":"product_tag","embeddable":true,"href":"https:\/\/ecosupplements.be\/fr\/wp-json\/wp\/v2\/product_tag?post=290485"}],"curies":[{"name":"wp","href":"https:\/\/api.w.org\/{rel}","templated":true}]}}