{"id":290494,"date":"2024-08-02T02:30:25","date_gmt":"2024-08-02T01:30:25","guid":{"rendered":"https:\/\/ecosupplements.be\/product\/applied-nutrition-tri-magnesium-tropical-vibes-200g\/"},"modified":"2025-08-27T15:15:08","modified_gmt":"2025-08-27T14:15:08","slug":"applied-nutrition-tri-magnesium-tropical-vibes-200g","status":"publish","type":"product","link":"https:\/\/ecosupplements.be\/fr\/produit\/applied-nutrition-tri-magnesium-tropical-vibes-200g\/","title":{"rendered":"Nutrition Appliqu\u00e9e &#8211; Tri-Magn\u00e9sium, Saveurs Tropicales &#8211; 200g"},"content":{"rendered":"<h2>Applied Nutrition &#8211; Tri-Magnesium, Tropical Vibes &#8211; 200g<\/h2>\n<p>D\u00e9couvrez le <strong>Tri-Magnesium, Tropical Vibes<\/strong> de Applied Nutrition, un choix parfait pour ceux qui appr\u00e9cient les ingr\u00e9dients naturels dans un mode de vie sain. Ce produit est con\u00e7u avec une attention particuli\u00e8re \u00e0 la qualit\u00e9 et au style de vie actif.<\/p>\n<p>Ce compl\u00e9ment se pr\u00e9sente sous forme de poudre facile \u00e0 utiliser et est conditionn\u00e9 dans un emballage pratique de 200g. originaire du Royaume-Uni, il combine des ingr\u00e9dients d&#8217;origine naturelle pour vous offrir une exp\u00e9rience agr\u00e9able sans all\u00e9gations sant\u00e9.<\/p>\n<p><strong>Ingr\u00e9dients principaux :<\/strong> Le Tri-Magnesium utilise des composants soigneusement s\u00e9lectionn\u00e9s pour leur puret\u00e9 \u00e9lev\u00e9e.Profitez d&#8217;un go\u00fbt tropical rafra\u00eechissant qui transforme votre routine quotidienne en un moment exotique.<\/p>\n<p><strong>Utilisation :<\/strong> Int\u00e9grez facilement ce produit \u00e0 votre quotidien en suivant la dose recommand\u00e9e indiqu\u00e9e sur l&#8217;emballage.<\/p>\n<p>Ce compl\u00e9ment est une solution simple et naturelle adapt\u00e9e \u00e0 tous ceux qui cherchent \u00e0 enrichir leur alimentation sans complications. Son format en poudre permet une utilisation ais\u00e9e que vous pouvez incorporer dans vos boissons pr\u00e9f\u00e9r\u00e9es.<\/p>\n<p>Avec le <em>Tri-Magnesium,Tropical Vibes<\/em>,optez pour un choix naturel et pratique adapt\u00e9 au rythme de vie moderne.<\/p>\n","protected":false},"excerpt":{"rendered":"<p>Applied Nutrition &#8211; Tri-Magnesium, Tropical Vibes &#8211; 200g D\u00e9couvrez le Tri-Magnesium, Tropical Vibes de Applied Nutrition, un choix parfait pour ceux qui appr\u00e9cient les ingr\u00e9dients naturels dans un mode de vie sain. Ce produit est con\u00e7u avec une attention particuli\u00e8re \u00e0 la qualit\u00e9 et au style de vie actif. Ce compl\u00e9ment se pr\u00e9sente sous forme [&#8230;]\n","protected":false},"featured_media":266299,"comment_status":"open","ping_status":"open","template":"","meta":[],"product_brand":[4651],"product_cat":[5052],"product_tag":[],"class_list":{"0":"post-290494","1":"product","2":"type-product","3":"status-publish","4":"has-post-thumbnail","6":"product_brand-applied-nutrition-2","7":"product_cat-sante-et-bien-etre","9":"first","10":"instock","11":"taxable","12":"shipping-taxable","13":"purchasable","14":"product-type-simple"},"yoast_head":"<!-- This site is optimized with the Yoast SEO Premium plugin v27.3 (Yoast SEO v27.3) - https:\/\/yoast.com\/product\/yoast-seo-premium-wordpress\/ -->\n<title>Nutrition Appliqu\u00e9e - Tri-Magn\u00e9sium, Saveurs Tropicales - 200g - ECO Supplements<\/title>\n<meta name=\"description\" content=\"Wij hebben een ruime keuze aan producten van Nutrition Appliqu\u00e9e - Tri-Magn\u00e9sium, Saveurs Tropicales - 200g . Winkel bij Eco Supplements altijd gratis verzending boven 100\u20ac\" \/>\n<meta name=\"robots\" content=\"index, follow, max-snippet:-1, max-image-preview:large, max-video-preview:-1\" \/>\n<link rel=\"canonical\" href=\"https:\/\/ecosupplements.be\/fr\/produit\/applied-nutrition-tri-magnesium-tropical-vibes-200g\/\" \/>\n<meta property=\"og:locale\" content=\"fr_FR\" \/>\n<meta property=\"og:type\" content=\"article\" \/>\n<meta property=\"og:title\" content=\"Nutrition Appliqu\u00e9e - Tri-Magn\u00e9sium, Saveurs Tropicales - 200g\" \/>\n<meta property=\"og:description\" content=\"Wij hebben een ruime keuze aan producten van Nutrition Appliqu\u00e9e - Tri-Magn\u00e9sium, Saveurs Tropicales - 200g . Winkel bij Eco Supplements altijd gratis verzending boven 100\u20ac\" \/>\n<meta property=\"og:url\" content=\"https:\/\/ecosupplements.be\/fr\/produit\/applied-nutrition-tri-magnesium-tropical-vibes-200g\/\" \/>\n<meta property=\"og:site_name\" content=\"ECO Supplements\" \/>\n<meta property=\"article:modified_time\" content=\"2025-08-27T14:15:08+00:00\" \/>\n<meta property=\"og:image\" content=\"https:\/\/ecosupplements.be\/wp-content\/uploads\/2025\/08\/Applied-Nutrition-Tri-Magnesium-Tropical-Vibes-200g.jpg\" \/>\n\t<meta property=\"og:image:width\" content=\"500\" \/>\n\t<meta property=\"og:image:height\" content=\"500\" \/>\n\t<meta property=\"og:image:type\" content=\"image\/jpeg\" \/>\n<meta name=\"twitter:card\" content=\"summary_large_image\" \/>\n<meta name=\"twitter:label1\" content=\"Prix\" \/>\n\t<meta name=\"twitter:data1\" content=\"22.95&nbsp;&euro;\" \/>\n\t<meta name=\"twitter:label2\" content=\"Disponibilit\u00e9\" \/>\n\t<meta name=\"twitter:data2\" content=\"En stock\" \/>\n<script type=\"application\/ld+json\" class=\"yoast-schema-graph\">{\"@context\":\"https:\\\/\\\/schema.org\",\"@graph\":[{\"@type\":[\"WebPage\",\"ItemPage\"],\"@id\":\"https:\\\/\\\/ecosupplements.be\\\/fr\\\/produit\\\/applied-nutrition-tri-magnesium-tropical-vibes-200g\\\/\",\"url\":\"https:\\\/\\\/ecosupplements.be\\\/fr\\\/produit\\\/applied-nutrition-tri-magnesium-tropical-vibes-200g\\\/\",\"name\":\"Nutrition Appliqu\u00e9e - Tri-Magn\u00e9sium, Saveurs Tropicales - 200g - ECO Supplements\",\"isPartOf\":{\"@id\":\"https:\\\/\\\/ecosupplements.be\\\/fr\\\/#website\"},\"primaryImageOfPage\":{\"@id\":\"https:\\\/\\\/ecosupplements.be\\\/fr\\\/produit\\\/applied-nutrition-tri-magnesium-tropical-vibes-200g\\\/#primaryimage\"},\"image\":{\"@id\":\"https:\\\/\\\/ecosupplements.be\\\/fr\\\/produit\\\/applied-nutrition-tri-magnesium-tropical-vibes-200g\\\/#primaryimage\"},\"thumbnailUrl\":\"https:\\\/\\\/ecosupplements.be\\\/wp-content\\\/uploads\\\/2025\\\/08\\\/Tri-Magnesium-Tropical-Vibes-200g.jpg\",\"datePublished\":\"2024-08-02T01:30:25+00:00\",\"dateModified\":\"2025-08-27T14:15:08+00:00\",\"description\":\"Wij hebben een ruime keuze aan producten van Nutrition Appliqu\u00e9e - Tri-Magn\u00e9sium, Saveurs Tropicales - 200g . Winkel bij Eco Supplements altijd gratis verzending boven 100\u20ac\",\"breadcrumb\":{\"@id\":\"https:\\\/\\\/ecosupplements.be\\\/fr\\\/produit\\\/applied-nutrition-tri-magnesium-tropical-vibes-200g\\\/#breadcrumb\"},\"inLanguage\":\"fr-FR\",\"potentialAction\":[{\"@type\":\"ReadAction\",\"target\":[\"https:\\\/\\\/ecosupplements.be\\\/fr\\\/produit\\\/applied-nutrition-tri-magnesium-tropical-vibes-200g\\\/\"]}]},{\"@type\":\"ImageObject\",\"inLanguage\":\"fr-FR\",\"@id\":\"https:\\\/\\\/ecosupplements.be\\\/fr\\\/produit\\\/applied-nutrition-tri-magnesium-tropical-vibes-200g\\\/#primaryimage\",\"url\":\"https:\\\/\\\/ecosupplements.be\\\/wp-content\\\/uploads\\\/2025\\\/08\\\/Tri-Magnesium-Tropical-Vibes-200g.jpg\",\"contentUrl\":\"https:\\\/\\\/ecosupplements.be\\\/wp-content\\\/uploads\\\/2025\\\/08\\\/Tri-Magnesium-Tropical-Vibes-200g.jpg\",\"width\":500,\"height\":500},{\"@type\":\"BreadcrumbList\",\"@id\":\"https:\\\/\\\/ecosupplements.be\\\/fr\\\/produit\\\/applied-nutrition-tri-magnesium-tropical-vibes-200g\\\/#breadcrumb\",\"itemListElement\":[{\"@type\":\"ListItem\",\"position\":1,\"name\":\"Home\",\"item\":\"https:\\\/\\\/ecosupplements.be\\\/fr\\\/\"},{\"@type\":\"ListItem\",\"position\":2,\"name\":\"Boutique\",\"item\":\"https:\\\/\\\/ecosupplements.be\\\/fr\\\/boutique\\\/\"},{\"@type\":\"ListItem\",\"position\":3,\"name\":\"Nutrition Appliqu\u00e9e &#8211; Tri-Magn\u00e9sium, Saveurs Tropicales &#8211; 200g\"}]},{\"@type\":\"WebSite\",\"@id\":\"https:\\\/\\\/ecosupplements.be\\\/fr\\\/#website\",\"url\":\"https:\\\/\\\/ecosupplements.be\\\/fr\\\/\",\"name\":\"ECO Supplements\",\"description\":\"Eco Supplements - Gezonde supplementen\",\"publisher\":{\"@id\":\"https:\\\/\\\/ecosupplements.be\\\/fr\\\/#organization\"},\"potentialAction\":[{\"@type\":\"SearchAction\",\"target\":{\"@type\":\"EntryPoint\",\"urlTemplate\":\"https:\\\/\\\/ecosupplements.be\\\/fr\\\/?s={search_term_string}\"},\"query-input\":{\"@type\":\"PropertyValueSpecification\",\"valueRequired\":true,\"valueName\":\"search_term_string\"}}],\"inLanguage\":\"fr-FR\"},{\"@type\":\"Organization\",\"@id\":\"https:\\\/\\\/ecosupplements.be\\\/fr\\\/#organization\",\"name\":\"Eco Supplements\",\"url\":\"https:\\\/\\\/ecosupplements.be\\\/fr\\\/\",\"logo\":{\"@type\":\"ImageObject\",\"inLanguage\":\"fr-FR\",\"@id\":\"https:\\\/\\\/ecosupplements.be\\\/fr\\\/#\\\/schema\\\/logo\\\/image\\\/\",\"url\":\"https:\\\/\\\/ecosupplements.be\\\/wp-content\\\/uploads\\\/2022\\\/06\\\/ecosupplement-family.png\",\"contentUrl\":\"https:\\\/\\\/ecosupplements.be\\\/wp-content\\\/uploads\\\/2022\\\/06\\\/ecosupplement-family.png\",\"width\":593,\"height\":374,\"caption\":\"Eco Supplements\"},\"image\":{\"@id\":\"https:\\\/\\\/ecosupplements.be\\\/fr\\\/#\\\/schema\\\/logo\\\/image\\\/\"}}]}<\/script>\n<meta property=\"product:brand\" content=\"Applied Nutrition\" \/>\n<meta property=\"product:price:amount\" content=\"22.95\" \/>\n<meta property=\"product:price:currency\" content=\"EUR\" \/>\n<meta property=\"og:availability\" content=\"instock\" \/>\n<meta property=\"product:availability\" content=\"instock\" \/>\n<meta property=\"product:retailer_item_id\" content=\"5056555206980\" \/>\n<meta property=\"product:condition\" content=\"new\" \/>\n<!-- \/ Yoast SEO Premium plugin. -->","yoast_head_json":{"title":"Nutrition Appliqu\u00e9e - Tri-Magn\u00e9sium, Saveurs Tropicales - 200g - ECO Supplements","description":"Wij hebben een ruime keuze aan producten van Nutrition Appliqu\u00e9e - Tri-Magn\u00e9sium, Saveurs Tropicales - 200g . Winkel bij Eco Supplements altijd gratis verzending boven 100\u20ac","robots":{"index":"index","follow":"follow","max-snippet":"max-snippet:-1","max-image-preview":"max-image-preview:large","max-video-preview":"max-video-preview:-1"},"canonical":"https:\/\/ecosupplements.be\/fr\/produit\/applied-nutrition-tri-magnesium-tropical-vibes-200g\/","og_locale":"fr_FR","og_type":"article","og_title":"Nutrition Appliqu\u00e9e - Tri-Magn\u00e9sium, Saveurs Tropicales - 200g","og_description":"Wij hebben een ruime keuze aan producten van Nutrition Appliqu\u00e9e - Tri-Magn\u00e9sium, Saveurs Tropicales - 200g . Winkel bij Eco Supplements altijd gratis verzending boven 100\u20ac","og_url":"https:\/\/ecosupplements.be\/fr\/produit\/applied-nutrition-tri-magnesium-tropical-vibes-200g\/","og_site_name":"ECO Supplements","article_modified_time":"2025-08-27T14:15:08+00:00","og_image":[{"width":500,"height":500,"url":"https:\/\/ecosupplements.be\/wp-content\/uploads\/2025\/08\/Applied-Nutrition-Tri-Magnesium-Tropical-Vibes-200g.jpg","type":"image\/jpeg"}],"twitter_card":"summary_large_image","twitter_misc":{"Prix":"22.95&nbsp;&euro;","Disponibilit\u00e9":"En stock"},"schema":{"@context":"https:\/\/schema.org","@graph":[{"@type":["WebPage","ItemPage"],"@id":"https:\/\/ecosupplements.be\/fr\/produit\/applied-nutrition-tri-magnesium-tropical-vibes-200g\/","url":"https:\/\/ecosupplements.be\/fr\/produit\/applied-nutrition-tri-magnesium-tropical-vibes-200g\/","name":"Nutrition Appliqu\u00e9e - Tri-Magn\u00e9sium, Saveurs Tropicales - 200g - ECO Supplements","isPartOf":{"@id":"https:\/\/ecosupplements.be\/fr\/#website"},"primaryImageOfPage":{"@id":"https:\/\/ecosupplements.be\/fr\/produit\/applied-nutrition-tri-magnesium-tropical-vibes-200g\/#primaryimage"},"image":{"@id":"https:\/\/ecosupplements.be\/fr\/produit\/applied-nutrition-tri-magnesium-tropical-vibes-200g\/#primaryimage"},"thumbnailUrl":"https:\/\/ecosupplements.be\/wp-content\/uploads\/2025\/08\/Tri-Magnesium-Tropical-Vibes-200g.jpg","datePublished":"2024-08-02T01:30:25+00:00","dateModified":"2025-08-27T14:15:08+00:00","description":"Wij hebben een ruime keuze aan producten van Nutrition Appliqu\u00e9e - Tri-Magn\u00e9sium, Saveurs Tropicales - 200g . Winkel bij Eco Supplements altijd gratis verzending boven 100\u20ac","breadcrumb":{"@id":"https:\/\/ecosupplements.be\/fr\/produit\/applied-nutrition-tri-magnesium-tropical-vibes-200g\/#breadcrumb"},"inLanguage":"fr-FR","potentialAction":[{"@type":"ReadAction","target":["https:\/\/ecosupplements.be\/fr\/produit\/applied-nutrition-tri-magnesium-tropical-vibes-200g\/"]}]},{"@type":"ImageObject","inLanguage":"fr-FR","@id":"https:\/\/ecosupplements.be\/fr\/produit\/applied-nutrition-tri-magnesium-tropical-vibes-200g\/#primaryimage","url":"https:\/\/ecosupplements.be\/wp-content\/uploads\/2025\/08\/Tri-Magnesium-Tropical-Vibes-200g.jpg","contentUrl":"https:\/\/ecosupplements.be\/wp-content\/uploads\/2025\/08\/Tri-Magnesium-Tropical-Vibes-200g.jpg","width":500,"height":500},{"@type":"BreadcrumbList","@id":"https:\/\/ecosupplements.be\/fr\/produit\/applied-nutrition-tri-magnesium-tropical-vibes-200g\/#breadcrumb","itemListElement":[{"@type":"ListItem","position":1,"name":"Home","item":"https:\/\/ecosupplements.be\/fr\/"},{"@type":"ListItem","position":2,"name":"Boutique","item":"https:\/\/ecosupplements.be\/fr\/boutique\/"},{"@type":"ListItem","position":3,"name":"Nutrition Appliqu\u00e9e &#8211; Tri-Magn\u00e9sium, Saveurs Tropicales &#8211; 200g"}]},{"@type":"WebSite","@id":"https:\/\/ecosupplements.be\/fr\/#website","url":"https:\/\/ecosupplements.be\/fr\/","name":"ECO Supplements","description":"Eco Supplements - Gezonde supplementen","publisher":{"@id":"https:\/\/ecosupplements.be\/fr\/#organization"},"potentialAction":[{"@type":"SearchAction","target":{"@type":"EntryPoint","urlTemplate":"https:\/\/ecosupplements.be\/fr\/?s={search_term_string}"},"query-input":{"@type":"PropertyValueSpecification","valueRequired":true,"valueName":"search_term_string"}}],"inLanguage":"fr-FR"},{"@type":"Organization","@id":"https:\/\/ecosupplements.be\/fr\/#organization","name":"Eco Supplements","url":"https:\/\/ecosupplements.be\/fr\/","logo":{"@type":"ImageObject","inLanguage":"fr-FR","@id":"https:\/\/ecosupplements.be\/fr\/#\/schema\/logo\/image\/","url":"https:\/\/ecosupplements.be\/wp-content\/uploads\/2022\/06\/ecosupplement-family.png","contentUrl":"https:\/\/ecosupplements.be\/wp-content\/uploads\/2022\/06\/ecosupplement-family.png","width":593,"height":374,"caption":"Eco Supplements"},"image":{"@id":"https:\/\/ecosupplements.be\/fr\/#\/schema\/logo\/image\/"}}]},"product_brand":"Applied Nutrition","product_price_amount":"22.95","product_price_currency":"EUR","og_availability":"instock","product_availability":"instock","product_retailer_item_id":"5056555206980","product_condition":"new"},"_links":{"self":[{"href":"https:\/\/ecosupplements.be\/fr\/wp-json\/wp\/v2\/product\/290494","targetHints":{"allow":["GET"]}}],"collection":[{"href":"https:\/\/ecosupplements.be\/fr\/wp-json\/wp\/v2\/product"}],"about":[{"href":"https:\/\/ecosupplements.be\/fr\/wp-json\/wp\/v2\/types\/product"}],"replies":[{"embeddable":true,"href":"https:\/\/ecosupplements.be\/fr\/wp-json\/wp\/v2\/comments?post=290494"}],"wp:featuredmedia":[{"embeddable":true,"href":"https:\/\/ecosupplements.be\/fr\/wp-json\/wp\/v2\/media\/266299"}],"wp:attachment":[{"href":"https:\/\/ecosupplements.be\/fr\/wp-json\/wp\/v2\/media?parent=290494"}],"wp:term":[{"taxonomy":"product_brand","embeddable":true,"href":"https:\/\/ecosupplements.be\/fr\/wp-json\/wp\/v2\/product_brand?post=290494"},{"taxonomy":"product_cat","embeddable":true,"href":"https:\/\/ecosupplements.be\/fr\/wp-json\/wp\/v2\/product_cat?post=290494"},{"taxonomy":"product_tag","embeddable":true,"href":"https:\/\/ecosupplements.be\/fr\/wp-json\/wp\/v2\/product_tag?post=290494"}],"curies":[{"name":"wp","href":"https:\/\/api.w.org\/{rel}","templated":true}]}}