{"id":290497,"date":"2024-06-29T01:01:39","date_gmt":"2024-06-29T00:01:39","guid":{"rendered":"https:\/\/ecosupplements.be\/product\/applied-nutrition-vitality-vitamin-b-complex-90-caps\/"},"modified":"2025-08-27T15:15:12","modified_gmt":"2025-08-27T14:15:12","slug":"applied-nutrition-vitality-vitamin-b-complex-90-caps","status":"publish","type":"product","link":"https:\/\/ecosupplements.be\/fr\/produit\/applied-nutrition-vitality-vitamin-b-complex-90-caps\/","title":{"rendered":"Nutrition Appliqu\u00e9e &#8211; Complexe de vitamines B Vitalit\u00e9 &#8211; 90 g\u00e9lules"},"content":{"rendered":"<h2>Applied Nutrition &#8211; Vitality Vitamin B Complex &#8211; 90 caps<\/h2>\n<p>D\u00e9couvrez le <strong>Vitality vitamin B Complex<\/strong> de Applied Nutrition, con\u00e7u avec soin au Royaume-uni. Ce produit est pr\u00e9sent\u00e9 dans un emballage pratique contenant 90 capsules faciles \u00e0 utiliser.<\/p>\n<p>ce complexe est compos\u00e9 d&#8217;ingr\u00e9dients de haute qualit\u00e9 et d&#8217;origine naturelle, offrant une approche simple pour ceux qui appr\u00e9cient les \u00e9l\u00e9ments purs dans leur quotidien. Chaque capsule encapsule une s\u00e9lection rigoureuse de vitamines du groupe B, connues pour leur puret\u00e9 exceptionnelle.<\/p>\n<p>Le format des capsules a \u00e9t\u00e9 pens\u00e9 pour une utilisation ais\u00e9e et adapt\u00e9e \u00e0 la vie active moderne. Il suffit de suivre la dose journali\u00e8re recommand\u00e9e pour int\u00e9grer ce produit sans effort \u00e0 votre routine quotidienne.<\/p>\n<p><em>Vitality Vitamin B Complex<\/em> est un choix id\u00e9al pour ceux qui recherchent des produits de qualit\u00e9 sup\u00e9rieure sans compromis sur l&#8217;origine naturelle des ingr\u00e9dients. Parfaitement adapt\u00e9 \u00e0 un mode de vie \u00e9quilibr\u00e9, ce produit se veut \u00eatre un compagnon quotidien pratique et fiable.<\/p>\n<p>Avec son emballage discret et efficace, il s&#8217;int\u00e8gre facilement dans toute cuisine ou trousse de voyage, assurant que vous ne manquez jamais votre apport quotidien en toute simplicit\u00e9.<\/p>\n","protected":false},"excerpt":{"rendered":"<p>Applied Nutrition &#8211; Vitality Vitamin B Complex &#8211; 90 caps D\u00e9couvrez le Vitality vitamin B Complex de Applied Nutrition, con\u00e7u avec soin au Royaume-uni. Ce produit est pr\u00e9sent\u00e9 dans un emballage pratique contenant 90 capsules faciles \u00e0 utiliser. ce complexe est compos\u00e9 d&#8217;ingr\u00e9dients de haute qualit\u00e9 et d&#8217;origine naturelle, offrant une approche simple pour ceux [&#8230;]\n","protected":false},"featured_media":265983,"comment_status":"open","ping_status":"open","template":"","meta":[],"product_brand":[4651],"product_cat":[5052],"product_tag":[],"class_list":{"0":"post-290497","1":"product","2":"type-product","3":"status-publish","4":"has-post-thumbnail","6":"product_brand-applied-nutrition-2","7":"product_cat-sante-et-bien-etre","9":"first","10":"instock","11":"taxable","12":"shipping-taxable","13":"purchasable","14":"product-type-simple"},"yoast_head":"<!-- This site is optimized with the Yoast SEO Premium plugin v27.3 (Yoast SEO v27.3) - https:\/\/yoast.com\/product\/yoast-seo-premium-wordpress\/ -->\n<title>Nutrition Appliqu\u00e9e - Complexe de vitamines B Vitalit\u00e9 - 90 g\u00e9lules - ECO Supplements<\/title>\n<meta name=\"description\" content=\"Wij hebben een ruime keuze aan producten van Nutrition Appliqu\u00e9e - Complexe de vitamines B Vitalit\u00e9 - 90 g\u00e9lules . Winkel bij Eco Supplements altijd gratis verzending boven 100\u20ac\" \/>\n<meta name=\"robots\" content=\"index, follow, max-snippet:-1, max-image-preview:large, max-video-preview:-1\" \/>\n<link rel=\"canonical\" href=\"https:\/\/ecosupplements.be\/fr\/produit\/applied-nutrition-vitality-vitamin-b-complex-90-caps\/\" \/>\n<meta property=\"og:locale\" content=\"fr_FR\" \/>\n<meta property=\"og:type\" content=\"article\" \/>\n<meta property=\"og:title\" content=\"Nutrition Appliqu\u00e9e - Complexe de vitamines B Vitalit\u00e9 - 90 g\u00e9lules\" \/>\n<meta property=\"og:description\" content=\"Wij hebben een ruime keuze aan producten van Nutrition Appliqu\u00e9e - Complexe de vitamines B Vitalit\u00e9 - 90 g\u00e9lules . Winkel bij Eco Supplements altijd gratis verzending boven 100\u20ac\" \/>\n<meta property=\"og:url\" content=\"https:\/\/ecosupplements.be\/fr\/produit\/applied-nutrition-vitality-vitamin-b-complex-90-caps\/\" \/>\n<meta property=\"og:site_name\" content=\"ECO Supplements\" \/>\n<meta property=\"article:modified_time\" content=\"2025-08-27T14:15:12+00:00\" \/>\n<meta property=\"og:image\" content=\"https:\/\/ecosupplements.be\/wp-content\/uploads\/2025\/08\/Applied-Nutrition-Vitality-Vitamin-B-Complex-90-caps.jpg\" \/>\n\t<meta property=\"og:image:width\" content=\"600\" \/>\n\t<meta property=\"og:image:height\" content=\"600\" \/>\n\t<meta property=\"og:image:type\" content=\"image\/jpeg\" \/>\n<meta name=\"twitter:card\" content=\"summary_large_image\" \/>\n<meta name=\"twitter:label1\" content=\"Prix\" \/>\n\t<meta name=\"twitter:data1\" content=\"13.48&nbsp;&euro;\" \/>\n\t<meta name=\"twitter:label2\" content=\"Disponibilit\u00e9\" \/>\n\t<meta name=\"twitter:data2\" content=\"En stock\" \/>\n<script type=\"application\/ld+json\" class=\"yoast-schema-graph\">{\"@context\":\"https:\\\/\\\/schema.org\",\"@graph\":[{\"@type\":[\"WebPage\",\"ItemPage\"],\"@id\":\"https:\\\/\\\/ecosupplements.be\\\/fr\\\/produit\\\/applied-nutrition-vitality-vitamin-b-complex-90-caps\\\/\",\"url\":\"https:\\\/\\\/ecosupplements.be\\\/fr\\\/produit\\\/applied-nutrition-vitality-vitamin-b-complex-90-caps\\\/\",\"name\":\"Nutrition Appliqu\u00e9e - Complexe de vitamines B Vitalit\u00e9 - 90 g\u00e9lules - ECO Supplements\",\"isPartOf\":{\"@id\":\"https:\\\/\\\/ecosupplements.be\\\/fr\\\/#website\"},\"primaryImageOfPage\":{\"@id\":\"https:\\\/\\\/ecosupplements.be\\\/fr\\\/produit\\\/applied-nutrition-vitality-vitamin-b-complex-90-caps\\\/#primaryimage\"},\"image\":{\"@id\":\"https:\\\/\\\/ecosupplements.be\\\/fr\\\/produit\\\/applied-nutrition-vitality-vitamin-b-complex-90-caps\\\/#primaryimage\"},\"thumbnailUrl\":\"https:\\\/\\\/ecosupplements.be\\\/wp-content\\\/uploads\\\/2025\\\/08\\\/Vitality-Vitamin-B-Complex-90-caps.jpg\",\"datePublished\":\"2024-06-29T00:01:39+00:00\",\"dateModified\":\"2025-08-27T14:15:12+00:00\",\"description\":\"Wij hebben een ruime keuze aan producten van Nutrition Appliqu\u00e9e - Complexe de vitamines B Vitalit\u00e9 - 90 g\u00e9lules . Winkel bij Eco Supplements altijd gratis verzending boven 100\u20ac\",\"breadcrumb\":{\"@id\":\"https:\\\/\\\/ecosupplements.be\\\/fr\\\/produit\\\/applied-nutrition-vitality-vitamin-b-complex-90-caps\\\/#breadcrumb\"},\"inLanguage\":\"fr-FR\",\"potentialAction\":[{\"@type\":\"ReadAction\",\"target\":[\"https:\\\/\\\/ecosupplements.be\\\/fr\\\/produit\\\/applied-nutrition-vitality-vitamin-b-complex-90-caps\\\/\"]}]},{\"@type\":\"ImageObject\",\"inLanguage\":\"fr-FR\",\"@id\":\"https:\\\/\\\/ecosupplements.be\\\/fr\\\/produit\\\/applied-nutrition-vitality-vitamin-b-complex-90-caps\\\/#primaryimage\",\"url\":\"https:\\\/\\\/ecosupplements.be\\\/wp-content\\\/uploads\\\/2025\\\/08\\\/Vitality-Vitamin-B-Complex-90-caps.jpg\",\"contentUrl\":\"https:\\\/\\\/ecosupplements.be\\\/wp-content\\\/uploads\\\/2025\\\/08\\\/Vitality-Vitamin-B-Complex-90-caps.jpg\",\"width\":600,\"height\":600},{\"@type\":\"BreadcrumbList\",\"@id\":\"https:\\\/\\\/ecosupplements.be\\\/fr\\\/produit\\\/applied-nutrition-vitality-vitamin-b-complex-90-caps\\\/#breadcrumb\",\"itemListElement\":[{\"@type\":\"ListItem\",\"position\":1,\"name\":\"Home\",\"item\":\"https:\\\/\\\/ecosupplements.be\\\/fr\\\/\"},{\"@type\":\"ListItem\",\"position\":2,\"name\":\"Boutique\",\"item\":\"https:\\\/\\\/ecosupplements.be\\\/fr\\\/boutique\\\/\"},{\"@type\":\"ListItem\",\"position\":3,\"name\":\"Nutrition Appliqu\u00e9e &#8211; Complexe de vitamines B Vitalit\u00e9 &#8211; 90 g\u00e9lules\"}]},{\"@type\":\"WebSite\",\"@id\":\"https:\\\/\\\/ecosupplements.be\\\/fr\\\/#website\",\"url\":\"https:\\\/\\\/ecosupplements.be\\\/fr\\\/\",\"name\":\"ECO Supplements\",\"description\":\"Eco Supplements - Gezonde supplementen\",\"publisher\":{\"@id\":\"https:\\\/\\\/ecosupplements.be\\\/fr\\\/#organization\"},\"potentialAction\":[{\"@type\":\"SearchAction\",\"target\":{\"@type\":\"EntryPoint\",\"urlTemplate\":\"https:\\\/\\\/ecosupplements.be\\\/fr\\\/?s={search_term_string}\"},\"query-input\":{\"@type\":\"PropertyValueSpecification\",\"valueRequired\":true,\"valueName\":\"search_term_string\"}}],\"inLanguage\":\"fr-FR\"},{\"@type\":\"Organization\",\"@id\":\"https:\\\/\\\/ecosupplements.be\\\/fr\\\/#organization\",\"name\":\"Eco Supplements\",\"url\":\"https:\\\/\\\/ecosupplements.be\\\/fr\\\/\",\"logo\":{\"@type\":\"ImageObject\",\"inLanguage\":\"fr-FR\",\"@id\":\"https:\\\/\\\/ecosupplements.be\\\/fr\\\/#\\\/schema\\\/logo\\\/image\\\/\",\"url\":\"https:\\\/\\\/ecosupplements.be\\\/wp-content\\\/uploads\\\/2022\\\/06\\\/ecosupplement-family.png\",\"contentUrl\":\"https:\\\/\\\/ecosupplements.be\\\/wp-content\\\/uploads\\\/2022\\\/06\\\/ecosupplement-family.png\",\"width\":593,\"height\":374,\"caption\":\"Eco Supplements\"},\"image\":{\"@id\":\"https:\\\/\\\/ecosupplements.be\\\/fr\\\/#\\\/schema\\\/logo\\\/image\\\/\"}}]}<\/script>\n<meta property=\"product:brand\" content=\"Applied Nutrition\" \/>\n<meta property=\"product:price:amount\" content=\"13.48\" \/>\n<meta property=\"product:price:currency\" content=\"EUR\" \/>\n<meta property=\"og:availability\" content=\"instock\" \/>\n<meta property=\"product:availability\" content=\"instock\" \/>\n<meta property=\"product:retailer_item_id\" content=\"5056555206683\" \/>\n<meta property=\"product:condition\" content=\"new\" \/>\n<!-- \/ Yoast SEO Premium plugin. -->","yoast_head_json":{"title":"Nutrition Appliqu\u00e9e - Complexe de vitamines B Vitalit\u00e9 - 90 g\u00e9lules - ECO Supplements","description":"Wij hebben een ruime keuze aan producten van Nutrition Appliqu\u00e9e - Complexe de vitamines B Vitalit\u00e9 - 90 g\u00e9lules . Winkel bij Eco Supplements altijd gratis verzending boven 100\u20ac","robots":{"index":"index","follow":"follow","max-snippet":"max-snippet:-1","max-image-preview":"max-image-preview:large","max-video-preview":"max-video-preview:-1"},"canonical":"https:\/\/ecosupplements.be\/fr\/produit\/applied-nutrition-vitality-vitamin-b-complex-90-caps\/","og_locale":"fr_FR","og_type":"article","og_title":"Nutrition Appliqu\u00e9e - Complexe de vitamines B Vitalit\u00e9 - 90 g\u00e9lules","og_description":"Wij hebben een ruime keuze aan producten van Nutrition Appliqu\u00e9e - Complexe de vitamines B Vitalit\u00e9 - 90 g\u00e9lules . Winkel bij Eco Supplements altijd gratis verzending boven 100\u20ac","og_url":"https:\/\/ecosupplements.be\/fr\/produit\/applied-nutrition-vitality-vitamin-b-complex-90-caps\/","og_site_name":"ECO Supplements","article_modified_time":"2025-08-27T14:15:12+00:00","og_image":[{"width":600,"height":600,"url":"https:\/\/ecosupplements.be\/wp-content\/uploads\/2025\/08\/Applied-Nutrition-Vitality-Vitamin-B-Complex-90-caps.jpg","type":"image\/jpeg"}],"twitter_card":"summary_large_image","twitter_misc":{"Prix":"13.48&nbsp;&euro;","Disponibilit\u00e9":"En stock"},"schema":{"@context":"https:\/\/schema.org","@graph":[{"@type":["WebPage","ItemPage"],"@id":"https:\/\/ecosupplements.be\/fr\/produit\/applied-nutrition-vitality-vitamin-b-complex-90-caps\/","url":"https:\/\/ecosupplements.be\/fr\/produit\/applied-nutrition-vitality-vitamin-b-complex-90-caps\/","name":"Nutrition Appliqu\u00e9e - Complexe de vitamines B Vitalit\u00e9 - 90 g\u00e9lules - ECO Supplements","isPartOf":{"@id":"https:\/\/ecosupplements.be\/fr\/#website"},"primaryImageOfPage":{"@id":"https:\/\/ecosupplements.be\/fr\/produit\/applied-nutrition-vitality-vitamin-b-complex-90-caps\/#primaryimage"},"image":{"@id":"https:\/\/ecosupplements.be\/fr\/produit\/applied-nutrition-vitality-vitamin-b-complex-90-caps\/#primaryimage"},"thumbnailUrl":"https:\/\/ecosupplements.be\/wp-content\/uploads\/2025\/08\/Vitality-Vitamin-B-Complex-90-caps.jpg","datePublished":"2024-06-29T00:01:39+00:00","dateModified":"2025-08-27T14:15:12+00:00","description":"Wij hebben een ruime keuze aan producten van Nutrition Appliqu\u00e9e - Complexe de vitamines B Vitalit\u00e9 - 90 g\u00e9lules . Winkel bij Eco Supplements altijd gratis verzending boven 100\u20ac","breadcrumb":{"@id":"https:\/\/ecosupplements.be\/fr\/produit\/applied-nutrition-vitality-vitamin-b-complex-90-caps\/#breadcrumb"},"inLanguage":"fr-FR","potentialAction":[{"@type":"ReadAction","target":["https:\/\/ecosupplements.be\/fr\/produit\/applied-nutrition-vitality-vitamin-b-complex-90-caps\/"]}]},{"@type":"ImageObject","inLanguage":"fr-FR","@id":"https:\/\/ecosupplements.be\/fr\/produit\/applied-nutrition-vitality-vitamin-b-complex-90-caps\/#primaryimage","url":"https:\/\/ecosupplements.be\/wp-content\/uploads\/2025\/08\/Vitality-Vitamin-B-Complex-90-caps.jpg","contentUrl":"https:\/\/ecosupplements.be\/wp-content\/uploads\/2025\/08\/Vitality-Vitamin-B-Complex-90-caps.jpg","width":600,"height":600},{"@type":"BreadcrumbList","@id":"https:\/\/ecosupplements.be\/fr\/produit\/applied-nutrition-vitality-vitamin-b-complex-90-caps\/#breadcrumb","itemListElement":[{"@type":"ListItem","position":1,"name":"Home","item":"https:\/\/ecosupplements.be\/fr\/"},{"@type":"ListItem","position":2,"name":"Boutique","item":"https:\/\/ecosupplements.be\/fr\/boutique\/"},{"@type":"ListItem","position":3,"name":"Nutrition Appliqu\u00e9e &#8211; Complexe de vitamines B Vitalit\u00e9 &#8211; 90 g\u00e9lules"}]},{"@type":"WebSite","@id":"https:\/\/ecosupplements.be\/fr\/#website","url":"https:\/\/ecosupplements.be\/fr\/","name":"ECO Supplements","description":"Eco Supplements - Gezonde supplementen","publisher":{"@id":"https:\/\/ecosupplements.be\/fr\/#organization"},"potentialAction":[{"@type":"SearchAction","target":{"@type":"EntryPoint","urlTemplate":"https:\/\/ecosupplements.be\/fr\/?s={search_term_string}"},"query-input":{"@type":"PropertyValueSpecification","valueRequired":true,"valueName":"search_term_string"}}],"inLanguage":"fr-FR"},{"@type":"Organization","@id":"https:\/\/ecosupplements.be\/fr\/#organization","name":"Eco Supplements","url":"https:\/\/ecosupplements.be\/fr\/","logo":{"@type":"ImageObject","inLanguage":"fr-FR","@id":"https:\/\/ecosupplements.be\/fr\/#\/schema\/logo\/image\/","url":"https:\/\/ecosupplements.be\/wp-content\/uploads\/2022\/06\/ecosupplement-family.png","contentUrl":"https:\/\/ecosupplements.be\/wp-content\/uploads\/2022\/06\/ecosupplement-family.png","width":593,"height":374,"caption":"Eco Supplements"},"image":{"@id":"https:\/\/ecosupplements.be\/fr\/#\/schema\/logo\/image\/"}}]},"product_brand":"Applied Nutrition","product_price_amount":"13.48","product_price_currency":"EUR","og_availability":"instock","product_availability":"instock","product_retailer_item_id":"5056555206683","product_condition":"new"},"_links":{"self":[{"href":"https:\/\/ecosupplements.be\/fr\/wp-json\/wp\/v2\/product\/290497","targetHints":{"allow":["GET"]}}],"collection":[{"href":"https:\/\/ecosupplements.be\/fr\/wp-json\/wp\/v2\/product"}],"about":[{"href":"https:\/\/ecosupplements.be\/fr\/wp-json\/wp\/v2\/types\/product"}],"replies":[{"embeddable":true,"href":"https:\/\/ecosupplements.be\/fr\/wp-json\/wp\/v2\/comments?post=290497"}],"wp:featuredmedia":[{"embeddable":true,"href":"https:\/\/ecosupplements.be\/fr\/wp-json\/wp\/v2\/media\/265983"}],"wp:attachment":[{"href":"https:\/\/ecosupplements.be\/fr\/wp-json\/wp\/v2\/media?parent=290497"}],"wp:term":[{"taxonomy":"product_brand","embeddable":true,"href":"https:\/\/ecosupplements.be\/fr\/wp-json\/wp\/v2\/product_brand?post=290497"},{"taxonomy":"product_cat","embeddable":true,"href":"https:\/\/ecosupplements.be\/fr\/wp-json\/wp\/v2\/product_cat?post=290497"},{"taxonomy":"product_tag","embeddable":true,"href":"https:\/\/ecosupplements.be\/fr\/wp-json\/wp\/v2\/product_tag?post=290497"}],"curies":[{"name":"wp","href":"https:\/\/api.w.org\/{rel}","templated":true}]}}