{"id":290551,"date":"2024-10-06T01:15:52","date_gmt":"2024-10-06T00:15:52","guid":{"rendered":"https:\/\/ecosupplements.be\/product\/doctors-best-choline-l-bitartrate-550mg-60-vcaps\/"},"modified":"2025-08-27T15:16:11","modified_gmt":"2025-08-27T14:16:11","slug":"doctors-best-choline-l-bitartrate-550mg-60-vcaps","status":"publish","type":"product","link":"https:\/\/ecosupplements.be\/fr\/produit\/doctors-best-choline-l-bitartrate-550mg-60-vcaps\/","title":{"rendered":"Docteur Meilleur &#8211; Bitartrate de Choline L, 550mg &#8211; 60 g\u00e9lules v\u00e9g\u00e9tales"},"content":{"rendered":"<h2>doctor&#8217;s Best &#8211; Choline L-Bitartrate,550mg &#8211; 60 vcaps<\/h2>\n<p>D\u00e9couvrez le compl\u00e9ment Doctor&#8217;s Best Choline L-Bitartrate,con\u00e7u pour s&#8217;int\u00e9grer harmonieusement \u00e0 votre quotidien. Chaque capsule contient 550 mg de L-bitartrate de choline, un composant d&#8217;origine naturelle reconnu pour sa grande puret\u00e9.<\/p>\n<p>Ce produit est fabriqu\u00e9 aux \u00c9tats-Unis et se pr\u00e9sente sous forme de capsules v\u00e9g\u00e9tales (vcaps), adapt\u00e9es \u00e0 tous les r\u00e9gimes alimentaires. Le format de 60 capsules par emballage rend ce produit pratique et facile \u00e0 utiliser au quotidien.<\/p>\n<p>La choline utilis\u00e9e dans nos capsules est appr\u00e9ci\u00e9e pour sa qualit\u00e9 sup\u00e9rieure. Sans all\u00e9gations sp\u00e9cifiques sur la sant\u00e9, nous vous invitons simplement \u00e0 int\u00e9grer ce compl\u00e9ment dans un mode de vie \u00e9quilibr\u00e9 et actif.<\/p>\n<p><strong>Ingr\u00e9dients principaux :<\/strong> L-bitartrate de choline<\/p>\n<p><strong>Contenu et emballage :<\/strong> Bo\u00eete contenant 60 capsules v\u00e9g\u00e9tales<\/p>\n<p><strong>Utilisation :<\/strong> Consommez selon les indications sur l&#8217;emballage ou les recommandations d&#8217;un professionnel.<\/p>\n<p>Avec Doctor&#8217;s Best Choline L-Bitartrate, optez pour un choix naturel qui s&#8217;aligne avec une approche respectueuse du bien-\u00eatre quotidien sans pr\u00e9tentions m\u00e9dicales.<\/p>\n","protected":false},"excerpt":{"rendered":"<p>doctor&#8217;s Best &#8211; Choline L-Bitartrate,550mg &#8211; 60 vcaps D\u00e9couvrez le compl\u00e9ment Doctor&#8217;s Best Choline L-Bitartrate,con\u00e7u pour s&#8217;int\u00e9grer harmonieusement \u00e0 votre quotidien. Chaque capsule contient 550 mg de L-bitartrate de choline, un composant d&#8217;origine naturelle reconnu pour sa grande puret\u00e9. Ce produit est fabriqu\u00e9 aux \u00c9tats-Unis et se pr\u00e9sente sous forme de capsules v\u00e9g\u00e9tales (vcaps), adapt\u00e9es [&#8230;]\n","protected":false},"featured_media":267229,"comment_status":"open","ping_status":"open","template":"","meta":[],"product_brand":[4674],"product_cat":[5052,5053],"product_tag":[],"class_list":{"0":"post-290551","1":"product","2":"type-product","3":"status-publish","4":"has-post-thumbnail","6":"product_brand-doctors-best-2","7":"product_cat-sante-et-bien-etre","8":"product_cat-vitamines-et-mineraux","10":"first","11":"instock","12":"taxable","13":"shipping-taxable","14":"purchasable","15":"product-type-simple"},"yoast_head":"<!-- This site is optimized with the Yoast SEO Premium plugin v27.3 (Yoast SEO v27.3) - https:\/\/yoast.com\/product\/yoast-seo-premium-wordpress\/ -->\n<title>Docteur Meilleur - Bitartrate de Choline L, 550mg - 60 g\u00e9lules v\u00e9g\u00e9tales - ECO Supplements<\/title>\n<meta name=\"description\" content=\"Wij hebben een ruime keuze aan producten van Docteur Meilleur - Bitartrate de Choline L, 550mg - 60 g\u00e9lules v\u00e9g\u00e9tales . Winkel bij Eco Supplements altijd gratis verzending boven 100\u20ac\" \/>\n<meta name=\"robots\" content=\"index, follow, max-snippet:-1, max-image-preview:large, max-video-preview:-1\" \/>\n<link rel=\"canonical\" href=\"https:\/\/ecosupplements.be\/fr\/produit\/doctors-best-choline-l-bitartrate-550mg-60-vcaps\/\" \/>\n<meta property=\"og:locale\" content=\"fr_FR\" \/>\n<meta property=\"og:type\" content=\"article\" \/>\n<meta property=\"og:title\" content=\"Docteur Meilleur - Bitartrate de Choline L, 550mg - 60 g\u00e9lules v\u00e9g\u00e9tales\" \/>\n<meta property=\"og:description\" content=\"Wij hebben een ruime keuze aan producten van Docteur Meilleur - Bitartrate de Choline L, 550mg - 60 g\u00e9lules v\u00e9g\u00e9tales . Winkel bij Eco Supplements altijd gratis verzending boven 100\u20ac\" \/>\n<meta property=\"og:url\" content=\"https:\/\/ecosupplements.be\/fr\/produit\/doctors-best-choline-l-bitartrate-550mg-60-vcaps\/\" \/>\n<meta property=\"og:site_name\" content=\"ECO Supplements\" \/>\n<meta property=\"article:modified_time\" content=\"2025-08-27T14:16:11+00:00\" \/>\n<meta property=\"og:image\" content=\"https:\/\/ecosupplements.be\/wp-content\/uploads\/2025\/08\/Doctors-Best-Choline-L-Bitartrate-550mg-60-vcaps.jpg\" \/>\n\t<meta property=\"og:image:width\" content=\"600\" \/>\n\t<meta property=\"og:image:height\" content=\"600\" \/>\n\t<meta property=\"og:image:type\" content=\"image\/jpeg\" \/>\n<meta name=\"twitter:card\" content=\"summary_large_image\" \/>\n<meta name=\"twitter:label1\" content=\"Prix\" \/>\n\t<meta name=\"twitter:data1\" content=\"17.23&nbsp;&euro;\" \/>\n\t<meta name=\"twitter:label2\" content=\"Disponibilit\u00e9\" \/>\n\t<meta name=\"twitter:data2\" content=\"En stock\" \/>\n<script type=\"application\/ld+json\" class=\"yoast-schema-graph\">{\"@context\":\"https:\\\/\\\/schema.org\",\"@graph\":[{\"@type\":[\"WebPage\",\"ItemPage\"],\"@id\":\"https:\\\/\\\/ecosupplements.be\\\/fr\\\/produit\\\/doctors-best-choline-l-bitartrate-550mg-60-vcaps\\\/\",\"url\":\"https:\\\/\\\/ecosupplements.be\\\/fr\\\/produit\\\/doctors-best-choline-l-bitartrate-550mg-60-vcaps\\\/\",\"name\":\"Docteur Meilleur - Bitartrate de Choline L, 550mg - 60 g\u00e9lules v\u00e9g\u00e9tales - ECO Supplements\",\"isPartOf\":{\"@id\":\"https:\\\/\\\/ecosupplements.be\\\/fr\\\/#website\"},\"primaryImageOfPage\":{\"@id\":\"https:\\\/\\\/ecosupplements.be\\\/fr\\\/produit\\\/doctors-best-choline-l-bitartrate-550mg-60-vcaps\\\/#primaryimage\"},\"image\":{\"@id\":\"https:\\\/\\\/ecosupplements.be\\\/fr\\\/produit\\\/doctors-best-choline-l-bitartrate-550mg-60-vcaps\\\/#primaryimage\"},\"thumbnailUrl\":\"https:\\\/\\\/ecosupplements.be\\\/wp-content\\\/uploads\\\/2025\\\/08\\\/Choline-L-Bitartrate-550mg-60-vcaps.jpg\",\"datePublished\":\"2024-10-06T00:15:52+00:00\",\"dateModified\":\"2025-08-27T14:16:11+00:00\",\"description\":\"Wij hebben een ruime keuze aan producten van Docteur Meilleur - Bitartrate de Choline L, 550mg - 60 g\u00e9lules v\u00e9g\u00e9tales . Winkel bij Eco Supplements altijd gratis verzending boven 100\u20ac\",\"breadcrumb\":{\"@id\":\"https:\\\/\\\/ecosupplements.be\\\/fr\\\/produit\\\/doctors-best-choline-l-bitartrate-550mg-60-vcaps\\\/#breadcrumb\"},\"inLanguage\":\"fr-FR\",\"potentialAction\":[{\"@type\":\"ReadAction\",\"target\":[\"https:\\\/\\\/ecosupplements.be\\\/fr\\\/produit\\\/doctors-best-choline-l-bitartrate-550mg-60-vcaps\\\/\"]}]},{\"@type\":\"ImageObject\",\"inLanguage\":\"fr-FR\",\"@id\":\"https:\\\/\\\/ecosupplements.be\\\/fr\\\/produit\\\/doctors-best-choline-l-bitartrate-550mg-60-vcaps\\\/#primaryimage\",\"url\":\"https:\\\/\\\/ecosupplements.be\\\/wp-content\\\/uploads\\\/2025\\\/08\\\/Choline-L-Bitartrate-550mg-60-vcaps.jpg\",\"contentUrl\":\"https:\\\/\\\/ecosupplements.be\\\/wp-content\\\/uploads\\\/2025\\\/08\\\/Choline-L-Bitartrate-550mg-60-vcaps.jpg\",\"width\":600,\"height\":600},{\"@type\":\"BreadcrumbList\",\"@id\":\"https:\\\/\\\/ecosupplements.be\\\/fr\\\/produit\\\/doctors-best-choline-l-bitartrate-550mg-60-vcaps\\\/#breadcrumb\",\"itemListElement\":[{\"@type\":\"ListItem\",\"position\":1,\"name\":\"Home\",\"item\":\"https:\\\/\\\/ecosupplements.be\\\/fr\\\/\"},{\"@type\":\"ListItem\",\"position\":2,\"name\":\"Boutique\",\"item\":\"https:\\\/\\\/ecosupplements.be\\\/fr\\\/boutique\\\/\"},{\"@type\":\"ListItem\",\"position\":3,\"name\":\"Docteur Meilleur &#8211; Bitartrate de Choline L, 550mg &#8211; 60 g\u00e9lules v\u00e9g\u00e9tales\"}]},{\"@type\":\"WebSite\",\"@id\":\"https:\\\/\\\/ecosupplements.be\\\/fr\\\/#website\",\"url\":\"https:\\\/\\\/ecosupplements.be\\\/fr\\\/\",\"name\":\"ECO Supplements\",\"description\":\"Eco Supplements - Gezonde supplementen\",\"publisher\":{\"@id\":\"https:\\\/\\\/ecosupplements.be\\\/fr\\\/#organization\"},\"potentialAction\":[{\"@type\":\"SearchAction\",\"target\":{\"@type\":\"EntryPoint\",\"urlTemplate\":\"https:\\\/\\\/ecosupplements.be\\\/fr\\\/?s={search_term_string}\"},\"query-input\":{\"@type\":\"PropertyValueSpecification\",\"valueRequired\":true,\"valueName\":\"search_term_string\"}}],\"inLanguage\":\"fr-FR\"},{\"@type\":\"Organization\",\"@id\":\"https:\\\/\\\/ecosupplements.be\\\/fr\\\/#organization\",\"name\":\"Eco Supplements\",\"url\":\"https:\\\/\\\/ecosupplements.be\\\/fr\\\/\",\"logo\":{\"@type\":\"ImageObject\",\"inLanguage\":\"fr-FR\",\"@id\":\"https:\\\/\\\/ecosupplements.be\\\/fr\\\/#\\\/schema\\\/logo\\\/image\\\/\",\"url\":\"https:\\\/\\\/ecosupplements.be\\\/wp-content\\\/uploads\\\/2022\\\/06\\\/ecosupplement-family.png\",\"contentUrl\":\"https:\\\/\\\/ecosupplements.be\\\/wp-content\\\/uploads\\\/2022\\\/06\\\/ecosupplement-family.png\",\"width\":593,\"height\":374,\"caption\":\"Eco Supplements\"},\"image\":{\"@id\":\"https:\\\/\\\/ecosupplements.be\\\/fr\\\/#\\\/schema\\\/logo\\\/image\\\/\"}}]}<\/script>\n<meta property=\"product:brand\" content=\"Doctor&#039;s Best\" \/>\n<meta property=\"product:price:amount\" content=\"17.23\" \/>\n<meta property=\"product:price:currency\" content=\"EUR\" \/>\n<meta property=\"og:availability\" content=\"instock\" \/>\n<meta property=\"product:availability\" content=\"instock\" \/>\n<meta property=\"product:retailer_item_id\" content=\"753950006218\" \/>\n<meta property=\"product:condition\" content=\"new\" \/>\n<!-- \/ Yoast SEO Premium plugin. -->","yoast_head_json":{"title":"Docteur Meilleur - Bitartrate de Choline L, 550mg - 60 g\u00e9lules v\u00e9g\u00e9tales - ECO Supplements","description":"Wij hebben een ruime keuze aan producten van Docteur Meilleur - Bitartrate de Choline L, 550mg - 60 g\u00e9lules v\u00e9g\u00e9tales . Winkel bij Eco Supplements altijd gratis verzending boven 100\u20ac","robots":{"index":"index","follow":"follow","max-snippet":"max-snippet:-1","max-image-preview":"max-image-preview:large","max-video-preview":"max-video-preview:-1"},"canonical":"https:\/\/ecosupplements.be\/fr\/produit\/doctors-best-choline-l-bitartrate-550mg-60-vcaps\/","og_locale":"fr_FR","og_type":"article","og_title":"Docteur Meilleur - Bitartrate de Choline L, 550mg - 60 g\u00e9lules v\u00e9g\u00e9tales","og_description":"Wij hebben een ruime keuze aan producten van Docteur Meilleur - Bitartrate de Choline L, 550mg - 60 g\u00e9lules v\u00e9g\u00e9tales . Winkel bij Eco Supplements altijd gratis verzending boven 100\u20ac","og_url":"https:\/\/ecosupplements.be\/fr\/produit\/doctors-best-choline-l-bitartrate-550mg-60-vcaps\/","og_site_name":"ECO Supplements","article_modified_time":"2025-08-27T14:16:11+00:00","og_image":[{"width":600,"height":600,"url":"https:\/\/ecosupplements.be\/wp-content\/uploads\/2025\/08\/Doctors-Best-Choline-L-Bitartrate-550mg-60-vcaps.jpg","type":"image\/jpeg"}],"twitter_card":"summary_large_image","twitter_misc":{"Prix":"17.23&nbsp;&euro;","Disponibilit\u00e9":"En stock"},"schema":{"@context":"https:\/\/schema.org","@graph":[{"@type":["WebPage","ItemPage"],"@id":"https:\/\/ecosupplements.be\/fr\/produit\/doctors-best-choline-l-bitartrate-550mg-60-vcaps\/","url":"https:\/\/ecosupplements.be\/fr\/produit\/doctors-best-choline-l-bitartrate-550mg-60-vcaps\/","name":"Docteur Meilleur - Bitartrate de Choline L, 550mg - 60 g\u00e9lules v\u00e9g\u00e9tales - ECO Supplements","isPartOf":{"@id":"https:\/\/ecosupplements.be\/fr\/#website"},"primaryImageOfPage":{"@id":"https:\/\/ecosupplements.be\/fr\/produit\/doctors-best-choline-l-bitartrate-550mg-60-vcaps\/#primaryimage"},"image":{"@id":"https:\/\/ecosupplements.be\/fr\/produit\/doctors-best-choline-l-bitartrate-550mg-60-vcaps\/#primaryimage"},"thumbnailUrl":"https:\/\/ecosupplements.be\/wp-content\/uploads\/2025\/08\/Choline-L-Bitartrate-550mg-60-vcaps.jpg","datePublished":"2024-10-06T00:15:52+00:00","dateModified":"2025-08-27T14:16:11+00:00","description":"Wij hebben een ruime keuze aan producten van Docteur Meilleur - Bitartrate de Choline L, 550mg - 60 g\u00e9lules v\u00e9g\u00e9tales . Winkel bij Eco Supplements altijd gratis verzending boven 100\u20ac","breadcrumb":{"@id":"https:\/\/ecosupplements.be\/fr\/produit\/doctors-best-choline-l-bitartrate-550mg-60-vcaps\/#breadcrumb"},"inLanguage":"fr-FR","potentialAction":[{"@type":"ReadAction","target":["https:\/\/ecosupplements.be\/fr\/produit\/doctors-best-choline-l-bitartrate-550mg-60-vcaps\/"]}]},{"@type":"ImageObject","inLanguage":"fr-FR","@id":"https:\/\/ecosupplements.be\/fr\/produit\/doctors-best-choline-l-bitartrate-550mg-60-vcaps\/#primaryimage","url":"https:\/\/ecosupplements.be\/wp-content\/uploads\/2025\/08\/Choline-L-Bitartrate-550mg-60-vcaps.jpg","contentUrl":"https:\/\/ecosupplements.be\/wp-content\/uploads\/2025\/08\/Choline-L-Bitartrate-550mg-60-vcaps.jpg","width":600,"height":600},{"@type":"BreadcrumbList","@id":"https:\/\/ecosupplements.be\/fr\/produit\/doctors-best-choline-l-bitartrate-550mg-60-vcaps\/#breadcrumb","itemListElement":[{"@type":"ListItem","position":1,"name":"Home","item":"https:\/\/ecosupplements.be\/fr\/"},{"@type":"ListItem","position":2,"name":"Boutique","item":"https:\/\/ecosupplements.be\/fr\/boutique\/"},{"@type":"ListItem","position":3,"name":"Docteur Meilleur &#8211; Bitartrate de Choline L, 550mg &#8211; 60 g\u00e9lules v\u00e9g\u00e9tales"}]},{"@type":"WebSite","@id":"https:\/\/ecosupplements.be\/fr\/#website","url":"https:\/\/ecosupplements.be\/fr\/","name":"ECO Supplements","description":"Eco Supplements - Gezonde supplementen","publisher":{"@id":"https:\/\/ecosupplements.be\/fr\/#organization"},"potentialAction":[{"@type":"SearchAction","target":{"@type":"EntryPoint","urlTemplate":"https:\/\/ecosupplements.be\/fr\/?s={search_term_string}"},"query-input":{"@type":"PropertyValueSpecification","valueRequired":true,"valueName":"search_term_string"}}],"inLanguage":"fr-FR"},{"@type":"Organization","@id":"https:\/\/ecosupplements.be\/fr\/#organization","name":"Eco Supplements","url":"https:\/\/ecosupplements.be\/fr\/","logo":{"@type":"ImageObject","inLanguage":"fr-FR","@id":"https:\/\/ecosupplements.be\/fr\/#\/schema\/logo\/image\/","url":"https:\/\/ecosupplements.be\/wp-content\/uploads\/2022\/06\/ecosupplement-family.png","contentUrl":"https:\/\/ecosupplements.be\/wp-content\/uploads\/2022\/06\/ecosupplement-family.png","width":593,"height":374,"caption":"Eco Supplements"},"image":{"@id":"https:\/\/ecosupplements.be\/fr\/#\/schema\/logo\/image\/"}}]},"product_brand":"Doctor's Best","product_price_amount":"17.23","product_price_currency":"EUR","og_availability":"instock","product_availability":"instock","product_retailer_item_id":"753950006218","product_condition":"new"},"_links":{"self":[{"href":"https:\/\/ecosupplements.be\/fr\/wp-json\/wp\/v2\/product\/290551","targetHints":{"allow":["GET"]}}],"collection":[{"href":"https:\/\/ecosupplements.be\/fr\/wp-json\/wp\/v2\/product"}],"about":[{"href":"https:\/\/ecosupplements.be\/fr\/wp-json\/wp\/v2\/types\/product"}],"replies":[{"embeddable":true,"href":"https:\/\/ecosupplements.be\/fr\/wp-json\/wp\/v2\/comments?post=290551"}],"wp:featuredmedia":[{"embeddable":true,"href":"https:\/\/ecosupplements.be\/fr\/wp-json\/wp\/v2\/media\/267229"}],"wp:attachment":[{"href":"https:\/\/ecosupplements.be\/fr\/wp-json\/wp\/v2\/media?parent=290551"}],"wp:term":[{"taxonomy":"product_brand","embeddable":true,"href":"https:\/\/ecosupplements.be\/fr\/wp-json\/wp\/v2\/product_brand?post=290551"},{"taxonomy":"product_cat","embeddable":true,"href":"https:\/\/ecosupplements.be\/fr\/wp-json\/wp\/v2\/product_cat?post=290551"},{"taxonomy":"product_tag","embeddable":true,"href":"https:\/\/ecosupplements.be\/fr\/wp-json\/wp\/v2\/product_tag?post=290551"}],"curies":[{"name":"wp","href":"https:\/\/api.w.org\/{rel}","templated":true}]}}