{"id":290698,"date":"2024-06-21T00:50:16","date_gmt":"2024-06-20T23:50:16","guid":{"rendered":"https:\/\/ecosupplements.be\/product\/garden-of-life-dr-formulated-probiotics-30-billion-30-mini-vcaps\/"},"modified":"2025-08-27T15:18:40","modified_gmt":"2025-08-27T14:18:40","slug":"garden-of-life-dr-formulated-probiotics-30-billion-30-mini-vcaps","status":"publish","type":"product","link":"https:\/\/ecosupplements.be\/fr\/produit\/garden-of-life-dr-formulated-probiotics-30-billion-30-mini-vcaps\/","title":{"rendered":"Jardin de la Vie &#8211; Probiotiques formul\u00e9s par le Dr. 30 milliards &#8211; 30 mini g\u00e9lules v\u00e9g\u00e9tales"},"content":{"rendered":"<h2>Garden of Life &#8211; Dr. Formulated Probiotics 30 Billion &#8211; 30 mini vcaps<\/h2>\n<p>D\u00e9couvrez les mini vcaps de <strong>Garden of life<\/strong>, une option pratique pour int\u00e9grer \u00e0 votre quotidien. Ces capsules faciles \u00e0 consommer sont formul\u00e9es avec soin aux \u00c9tats-Unis, garantissant une haute qualit\u00e9 et une origine contr\u00f4l\u00e9e.<\/p>\n<p>Ce produit est compos\u00e9 d&#8217;ingr\u00e9dients naturels s\u00e9lectionn\u00e9s pour leur puret\u00e9 et leur qualit\u00e9 sup\u00e9rieure. Chaque capsule contient un m\u00e9lange de cultures probiotiques, con\u00e7u sans utilisation d&#8217;additifs artificiels, refl\u00e9tant l&#8217;engagement de garden of Life envers des produits respectueux de la nature.<\/p>\n<p><strong>Contenu et emballage :<\/strong> Chaque bo\u00eete contient 30 mini vcaps, parfaitement dos\u00e9es pour un mois d&#8217;utilisation r\u00e9guli\u00e8re.<\/p>\n<p><strong>Utilisation :<\/strong> La prise recommand\u00e9e est d&#8217;une capsule par jour, id\u00e9alement avec un repas. Ce format pratique vous permet de maintenir votre routine facilement o\u00f9 que vous soyez.<\/p>\n<p>Ces mini vcaps sont un choix excellent pour ceux qui appr\u00e9cient les ingr\u00e9dients naturels dans un mode de vie actif et \u00e9quilibr\u00e9. Elles s&#8217;int\u00e8grent ais\u00e9ment dans toute routine quotidienne sans complication.<\/p>\n<p>Avec <em>Garden of Life &#8211; Dr. formulated Probiotics 30 Billion<\/em>, optez pour la simplicit\u00e9 au quotidien tout en faisant le choix d&#8217;un produit issu d&#8217;une fabrication respectueuse des normes \u00e9lev\u00e9es.<\/p>\n","protected":false},"excerpt":{"rendered":"<p>Garden of Life &#8211; Dr. Formulated Probiotics 30 Billion &#8211; 30 mini vcaps D\u00e9couvrez les mini vcaps de Garden of life, une option pratique pour int\u00e9grer \u00e0 votre quotidien. Ces capsules faciles \u00e0 consommer sont formul\u00e9es avec soin aux \u00c9tats-Unis, garantissant une haute qualit\u00e9 et une origine contr\u00f4l\u00e9e. Ce produit est compos\u00e9 d&#8217;ingr\u00e9dients naturels s\u00e9lectionn\u00e9s [&#8230;]\n","protected":false},"featured_media":265902,"comment_status":"open","ping_status":"open","template":"","meta":[],"product_brand":[4810],"product_cat":[5052],"product_tag":[],"class_list":{"0":"post-290698","1":"product","2":"type-product","3":"status-publish","4":"has-post-thumbnail","6":"product_brand-garden-of-life-2","7":"product_cat-sante-et-bien-etre","9":"first","10":"instock","11":"taxable","12":"shipping-taxable","13":"purchasable","14":"product-type-simple"},"yoast_head":"<!-- This site is optimized with the Yoast SEO Premium plugin v27.3 (Yoast SEO v27.3) - https:\/\/yoast.com\/product\/yoast-seo-premium-wordpress\/ -->\n<title>Jardin de la Vie - Probiotiques formul\u00e9s par le Dr. 30 milliards - 30 mini g\u00e9lules v\u00e9g\u00e9tales - ECO Supplements<\/title>\n<meta name=\"description\" content=\"Wij hebben een ruime keuze aan producten van Jardin de la Vie - Probiotiques formul\u00e9s par le Dr. 30 milliards - 30 mini g\u00e9lules v\u00e9g\u00e9tales . Winkel bij Eco Supplements altijd gratis verzending boven 100\u20ac\" \/>\n<meta name=\"robots\" content=\"index, follow, max-snippet:-1, max-image-preview:large, max-video-preview:-1\" \/>\n<link rel=\"canonical\" href=\"https:\/\/ecosupplements.be\/fr\/produit\/garden-of-life-dr-formulated-probiotics-30-billion-30-mini-vcaps\/\" \/>\n<meta property=\"og:locale\" content=\"fr_FR\" \/>\n<meta property=\"og:type\" content=\"article\" \/>\n<meta property=\"og:title\" content=\"Jardin de la Vie - Probiotiques formul\u00e9s par le Dr. 30 milliards - 30 mini g\u00e9lules v\u00e9g\u00e9tales\" \/>\n<meta property=\"og:description\" content=\"Wij hebben een ruime keuze aan producten van Jardin de la Vie - Probiotiques formul\u00e9s par le Dr. 30 milliards - 30 mini g\u00e9lules v\u00e9g\u00e9tales . Winkel bij Eco Supplements altijd gratis verzending boven 100\u20ac\" \/>\n<meta property=\"og:url\" content=\"https:\/\/ecosupplements.be\/fr\/produit\/garden-of-life-dr-formulated-probiotics-30-billion-30-mini-vcaps\/\" \/>\n<meta property=\"og:site_name\" content=\"ECO Supplements\" \/>\n<meta property=\"article:modified_time\" content=\"2025-08-27T14:18:40+00:00\" \/>\n<meta property=\"og:image\" content=\"https:\/\/ecosupplements.be\/wp-content\/uploads\/2025\/08\/Garden-of-Life-Dr.-Formulated-Probiotics-30-Billion-30-mini-vcaps.jpg\" \/>\n\t<meta property=\"og:image:width\" content=\"600\" \/>\n\t<meta property=\"og:image:height\" content=\"600\" \/>\n\t<meta property=\"og:image:type\" content=\"image\/jpeg\" \/>\n<meta name=\"twitter:card\" content=\"summary_large_image\" \/>\n<meta name=\"twitter:label1\" content=\"Prix\" \/>\n\t<meta name=\"twitter:data1\" content=\"30.59&nbsp;&euro;\" \/>\n\t<meta name=\"twitter:label2\" content=\"Disponibilit\u00e9\" \/>\n\t<meta name=\"twitter:data2\" content=\"En stock\" \/>\n<script type=\"application\/ld+json\" class=\"yoast-schema-graph\">{\"@context\":\"https:\\\/\\\/schema.org\",\"@graph\":[{\"@type\":[\"WebPage\",\"ItemPage\"],\"@id\":\"https:\\\/\\\/ecosupplements.be\\\/fr\\\/produit\\\/garden-of-life-dr-formulated-probiotics-30-billion-30-mini-vcaps\\\/\",\"url\":\"https:\\\/\\\/ecosupplements.be\\\/fr\\\/produit\\\/garden-of-life-dr-formulated-probiotics-30-billion-30-mini-vcaps\\\/\",\"name\":\"Jardin de la Vie - Probiotiques formul\u00e9s par le Dr. 30 milliards - 30 mini g\u00e9lules v\u00e9g\u00e9tales - ECO Supplements\",\"isPartOf\":{\"@id\":\"https:\\\/\\\/ecosupplements.be\\\/fr\\\/#website\"},\"primaryImageOfPage\":{\"@id\":\"https:\\\/\\\/ecosupplements.be\\\/fr\\\/produit\\\/garden-of-life-dr-formulated-probiotics-30-billion-30-mini-vcaps\\\/#primaryimage\"},\"image\":{\"@id\":\"https:\\\/\\\/ecosupplements.be\\\/fr\\\/produit\\\/garden-of-life-dr-formulated-probiotics-30-billion-30-mini-vcaps\\\/#primaryimage\"},\"thumbnailUrl\":\"https:\\\/\\\/ecosupplements.be\\\/wp-content\\\/uploads\\\/2025\\\/08\\\/Dr.-Formulated-Probiotics-30-Billion-30-mini-vcaps.jpg\",\"datePublished\":\"2024-06-20T23:50:16+00:00\",\"dateModified\":\"2025-08-27T14:18:40+00:00\",\"description\":\"Wij hebben een ruime keuze aan producten van Jardin de la Vie - Probiotiques formul\u00e9s par le Dr. 30 milliards - 30 mini g\u00e9lules v\u00e9g\u00e9tales . Winkel bij Eco Supplements altijd gratis verzending boven 100\u20ac\",\"breadcrumb\":{\"@id\":\"https:\\\/\\\/ecosupplements.be\\\/fr\\\/produit\\\/garden-of-life-dr-formulated-probiotics-30-billion-30-mini-vcaps\\\/#breadcrumb\"},\"inLanguage\":\"fr-FR\",\"potentialAction\":[{\"@type\":\"ReadAction\",\"target\":[\"https:\\\/\\\/ecosupplements.be\\\/fr\\\/produit\\\/garden-of-life-dr-formulated-probiotics-30-billion-30-mini-vcaps\\\/\"]}]},{\"@type\":\"ImageObject\",\"inLanguage\":\"fr-FR\",\"@id\":\"https:\\\/\\\/ecosupplements.be\\\/fr\\\/produit\\\/garden-of-life-dr-formulated-probiotics-30-billion-30-mini-vcaps\\\/#primaryimage\",\"url\":\"https:\\\/\\\/ecosupplements.be\\\/wp-content\\\/uploads\\\/2025\\\/08\\\/Dr.-Formulated-Probiotics-30-Billion-30-mini-vcaps.jpg\",\"contentUrl\":\"https:\\\/\\\/ecosupplements.be\\\/wp-content\\\/uploads\\\/2025\\\/08\\\/Dr.-Formulated-Probiotics-30-Billion-30-mini-vcaps.jpg\",\"width\":600,\"height\":600},{\"@type\":\"BreadcrumbList\",\"@id\":\"https:\\\/\\\/ecosupplements.be\\\/fr\\\/produit\\\/garden-of-life-dr-formulated-probiotics-30-billion-30-mini-vcaps\\\/#breadcrumb\",\"itemListElement\":[{\"@type\":\"ListItem\",\"position\":1,\"name\":\"Home\",\"item\":\"https:\\\/\\\/ecosupplements.be\\\/fr\\\/\"},{\"@type\":\"ListItem\",\"position\":2,\"name\":\"Boutique\",\"item\":\"https:\\\/\\\/ecosupplements.be\\\/fr\\\/boutique\\\/\"},{\"@type\":\"ListItem\",\"position\":3,\"name\":\"Jardin de la Vie &#8211; Probiotiques formul\u00e9s par le Dr. 30 milliards &#8211; 30 mini g\u00e9lules v\u00e9g\u00e9tales\"}]},{\"@type\":\"WebSite\",\"@id\":\"https:\\\/\\\/ecosupplements.be\\\/fr\\\/#website\",\"url\":\"https:\\\/\\\/ecosupplements.be\\\/fr\\\/\",\"name\":\"ECO Supplements\",\"description\":\"Eco Supplements - Gezonde supplementen\",\"publisher\":{\"@id\":\"https:\\\/\\\/ecosupplements.be\\\/fr\\\/#organization\"},\"potentialAction\":[{\"@type\":\"SearchAction\",\"target\":{\"@type\":\"EntryPoint\",\"urlTemplate\":\"https:\\\/\\\/ecosupplements.be\\\/fr\\\/?s={search_term_string}\"},\"query-input\":{\"@type\":\"PropertyValueSpecification\",\"valueRequired\":true,\"valueName\":\"search_term_string\"}}],\"inLanguage\":\"fr-FR\"},{\"@type\":\"Organization\",\"@id\":\"https:\\\/\\\/ecosupplements.be\\\/fr\\\/#organization\",\"name\":\"Eco Supplements\",\"url\":\"https:\\\/\\\/ecosupplements.be\\\/fr\\\/\",\"logo\":{\"@type\":\"ImageObject\",\"inLanguage\":\"fr-FR\",\"@id\":\"https:\\\/\\\/ecosupplements.be\\\/fr\\\/#\\\/schema\\\/logo\\\/image\\\/\",\"url\":\"https:\\\/\\\/ecosupplements.be\\\/wp-content\\\/uploads\\\/2022\\\/06\\\/ecosupplement-family.png\",\"contentUrl\":\"https:\\\/\\\/ecosupplements.be\\\/wp-content\\\/uploads\\\/2022\\\/06\\\/ecosupplement-family.png\",\"width\":593,\"height\":374,\"caption\":\"Eco Supplements\"},\"image\":{\"@id\":\"https:\\\/\\\/ecosupplements.be\\\/fr\\\/#\\\/schema\\\/logo\\\/image\\\/\"}}]}<\/script>\n<meta property=\"product:brand\" content=\"Garden of Life\" \/>\n<meta property=\"product:price:amount\" content=\"30.59\" \/>\n<meta property=\"product:price:currency\" content=\"EUR\" \/>\n<meta property=\"og:availability\" content=\"instock\" \/>\n<meta property=\"product:availability\" content=\"instock\" \/>\n<meta property=\"product:retailer_item_id\" content=\"658010131780\" \/>\n<meta property=\"product:condition\" content=\"new\" \/>\n<!-- \/ Yoast SEO Premium plugin. -->","yoast_head_json":{"title":"Jardin de la Vie - Probiotiques formul\u00e9s par le Dr. 30 milliards - 30 mini g\u00e9lules v\u00e9g\u00e9tales - ECO Supplements","description":"Wij hebben een ruime keuze aan producten van Jardin de la Vie - Probiotiques formul\u00e9s par le Dr. 30 milliards - 30 mini g\u00e9lules v\u00e9g\u00e9tales . Winkel bij Eco Supplements altijd gratis verzending boven 100\u20ac","robots":{"index":"index","follow":"follow","max-snippet":"max-snippet:-1","max-image-preview":"max-image-preview:large","max-video-preview":"max-video-preview:-1"},"canonical":"https:\/\/ecosupplements.be\/fr\/produit\/garden-of-life-dr-formulated-probiotics-30-billion-30-mini-vcaps\/","og_locale":"fr_FR","og_type":"article","og_title":"Jardin de la Vie - Probiotiques formul\u00e9s par le Dr. 30 milliards - 30 mini g\u00e9lules v\u00e9g\u00e9tales","og_description":"Wij hebben een ruime keuze aan producten van Jardin de la Vie - Probiotiques formul\u00e9s par le Dr. 30 milliards - 30 mini g\u00e9lules v\u00e9g\u00e9tales . Winkel bij Eco Supplements altijd gratis verzending boven 100\u20ac","og_url":"https:\/\/ecosupplements.be\/fr\/produit\/garden-of-life-dr-formulated-probiotics-30-billion-30-mini-vcaps\/","og_site_name":"ECO Supplements","article_modified_time":"2025-08-27T14:18:40+00:00","og_image":[{"width":600,"height":600,"url":"https:\/\/ecosupplements.be\/wp-content\/uploads\/2025\/08\/Garden-of-Life-Dr.-Formulated-Probiotics-30-Billion-30-mini-vcaps.jpg","type":"image\/jpeg"}],"twitter_card":"summary_large_image","twitter_misc":{"Prix":"30.59&nbsp;&euro;","Disponibilit\u00e9":"En stock"},"schema":{"@context":"https:\/\/schema.org","@graph":[{"@type":["WebPage","ItemPage"],"@id":"https:\/\/ecosupplements.be\/fr\/produit\/garden-of-life-dr-formulated-probiotics-30-billion-30-mini-vcaps\/","url":"https:\/\/ecosupplements.be\/fr\/produit\/garden-of-life-dr-formulated-probiotics-30-billion-30-mini-vcaps\/","name":"Jardin de la Vie - Probiotiques formul\u00e9s par le Dr. 30 milliards - 30 mini g\u00e9lules v\u00e9g\u00e9tales - ECO Supplements","isPartOf":{"@id":"https:\/\/ecosupplements.be\/fr\/#website"},"primaryImageOfPage":{"@id":"https:\/\/ecosupplements.be\/fr\/produit\/garden-of-life-dr-formulated-probiotics-30-billion-30-mini-vcaps\/#primaryimage"},"image":{"@id":"https:\/\/ecosupplements.be\/fr\/produit\/garden-of-life-dr-formulated-probiotics-30-billion-30-mini-vcaps\/#primaryimage"},"thumbnailUrl":"https:\/\/ecosupplements.be\/wp-content\/uploads\/2025\/08\/Dr.-Formulated-Probiotics-30-Billion-30-mini-vcaps.jpg","datePublished":"2024-06-20T23:50:16+00:00","dateModified":"2025-08-27T14:18:40+00:00","description":"Wij hebben een ruime keuze aan producten van Jardin de la Vie - Probiotiques formul\u00e9s par le Dr. 30 milliards - 30 mini g\u00e9lules v\u00e9g\u00e9tales . Winkel bij Eco Supplements altijd gratis verzending boven 100\u20ac","breadcrumb":{"@id":"https:\/\/ecosupplements.be\/fr\/produit\/garden-of-life-dr-formulated-probiotics-30-billion-30-mini-vcaps\/#breadcrumb"},"inLanguage":"fr-FR","potentialAction":[{"@type":"ReadAction","target":["https:\/\/ecosupplements.be\/fr\/produit\/garden-of-life-dr-formulated-probiotics-30-billion-30-mini-vcaps\/"]}]},{"@type":"ImageObject","inLanguage":"fr-FR","@id":"https:\/\/ecosupplements.be\/fr\/produit\/garden-of-life-dr-formulated-probiotics-30-billion-30-mini-vcaps\/#primaryimage","url":"https:\/\/ecosupplements.be\/wp-content\/uploads\/2025\/08\/Dr.-Formulated-Probiotics-30-Billion-30-mini-vcaps.jpg","contentUrl":"https:\/\/ecosupplements.be\/wp-content\/uploads\/2025\/08\/Dr.-Formulated-Probiotics-30-Billion-30-mini-vcaps.jpg","width":600,"height":600},{"@type":"BreadcrumbList","@id":"https:\/\/ecosupplements.be\/fr\/produit\/garden-of-life-dr-formulated-probiotics-30-billion-30-mini-vcaps\/#breadcrumb","itemListElement":[{"@type":"ListItem","position":1,"name":"Home","item":"https:\/\/ecosupplements.be\/fr\/"},{"@type":"ListItem","position":2,"name":"Boutique","item":"https:\/\/ecosupplements.be\/fr\/boutique\/"},{"@type":"ListItem","position":3,"name":"Jardin de la Vie &#8211; Probiotiques formul\u00e9s par le Dr. 30 milliards &#8211; 30 mini g\u00e9lules v\u00e9g\u00e9tales"}]},{"@type":"WebSite","@id":"https:\/\/ecosupplements.be\/fr\/#website","url":"https:\/\/ecosupplements.be\/fr\/","name":"ECO Supplements","description":"Eco Supplements - Gezonde supplementen","publisher":{"@id":"https:\/\/ecosupplements.be\/fr\/#organization"},"potentialAction":[{"@type":"SearchAction","target":{"@type":"EntryPoint","urlTemplate":"https:\/\/ecosupplements.be\/fr\/?s={search_term_string}"},"query-input":{"@type":"PropertyValueSpecification","valueRequired":true,"valueName":"search_term_string"}}],"inLanguage":"fr-FR"},{"@type":"Organization","@id":"https:\/\/ecosupplements.be\/fr\/#organization","name":"Eco Supplements","url":"https:\/\/ecosupplements.be\/fr\/","logo":{"@type":"ImageObject","inLanguage":"fr-FR","@id":"https:\/\/ecosupplements.be\/fr\/#\/schema\/logo\/image\/","url":"https:\/\/ecosupplements.be\/wp-content\/uploads\/2022\/06\/ecosupplement-family.png","contentUrl":"https:\/\/ecosupplements.be\/wp-content\/uploads\/2022\/06\/ecosupplement-family.png","width":593,"height":374,"caption":"Eco Supplements"},"image":{"@id":"https:\/\/ecosupplements.be\/fr\/#\/schema\/logo\/image\/"}}]},"product_brand":"Garden of Life","product_price_amount":"30.59","product_price_currency":"EUR","og_availability":"instock","product_availability":"instock","product_retailer_item_id":"658010131780","product_condition":"new"},"_links":{"self":[{"href":"https:\/\/ecosupplements.be\/fr\/wp-json\/wp\/v2\/product\/290698","targetHints":{"allow":["GET"]}}],"collection":[{"href":"https:\/\/ecosupplements.be\/fr\/wp-json\/wp\/v2\/product"}],"about":[{"href":"https:\/\/ecosupplements.be\/fr\/wp-json\/wp\/v2\/types\/product"}],"replies":[{"embeddable":true,"href":"https:\/\/ecosupplements.be\/fr\/wp-json\/wp\/v2\/comments?post=290698"}],"wp:featuredmedia":[{"embeddable":true,"href":"https:\/\/ecosupplements.be\/fr\/wp-json\/wp\/v2\/media\/265902"}],"wp:attachment":[{"href":"https:\/\/ecosupplements.be\/fr\/wp-json\/wp\/v2\/media?parent=290698"}],"wp:term":[{"taxonomy":"product_brand","embeddable":true,"href":"https:\/\/ecosupplements.be\/fr\/wp-json\/wp\/v2\/product_brand?post=290698"},{"taxonomy":"product_cat","embeddable":true,"href":"https:\/\/ecosupplements.be\/fr\/wp-json\/wp\/v2\/product_cat?post=290698"},{"taxonomy":"product_tag","embeddable":true,"href":"https:\/\/ecosupplements.be\/fr\/wp-json\/wp\/v2\/product_tag?post=290698"}],"curies":[{"name":"wp","href":"https:\/\/api.w.org\/{rel}","templated":true}]}}