{"id":290716,"date":"2024-08-23T13:30:53","date_gmt":"2024-08-23T12:30:53","guid":{"rendered":"https:\/\/ecosupplements.be\/product\/garden-of-life-herbals-menopause-hair-growth-30-vegan-softgels\/"},"modified":"2025-08-27T15:18:56","modified_gmt":"2025-08-27T14:18:56","slug":"garden-of-life-herbals-menopause-hair-growth-30-vegan-softgels","status":"publish","type":"product","link":"https:\/\/ecosupplements.be\/fr\/produit\/garden-of-life-herbals-menopause-hair-growth-30-vegan-softgels\/","title":{"rendered":"Jardin de la Vie &#8211; M\u00e9nopause aux Herbes + Croissance des Cheveux &#8211; 30 g\u00e9lules v\u00e9ganes"},"content":{"rendered":"<h2>Garden of Life &#8211; Herbals Menopause + Hair Growth &#8211; 30 vegan softgels<\/h2>\n<p>D\u00e9couvrez les softgels v\u00e9gans <strong>Herbals Menopause + Hair growth<\/strong> de Garden of Life, con\u00e7us avec soin aux \u00c9tats-Unis. Ce produit est un choix parfait pour ceux qui appr\u00e9cient les ingr\u00e9dients naturels dans un mode de vie sain.<\/p>\n<p>Ces capsules contiennent une s\u00e9lection d&#8217;extraits de plantes et autres composants naturels, tous reconnus pour leur grande puret\u00e9 et leur origine naturelle. Chaque ingr\u00e9dient a \u00e9t\u00e9 choisi avec attention pour garantir une qualit\u00e9 sup\u00e9rieure sans compromettre le go\u00fbt ou la texture.<\/p>\n<p><strong>Contenu et emballage :<\/strong> Ce produit est pr\u00e9sent\u00e9 sous forme de 30 softgels v\u00e9gans, faciles \u00e0 emporter avec vous au quotidien.<\/p>\n<p><strong>Utilisation :<\/strong> Pour une utilisation optimale, suivre la dose journali\u00e8re recommand\u00e9e indiqu\u00e9e sur l&#8217;emballage.<\/p>\n<p>Ce compl\u00e9ment alimentaire se distingue par sa facilit\u00e9 d&#8217;utilisation et son format pratique, id\u00e9al pour ceux qui m\u00e8nent une vie active. un choix simple pour un usage quotidien qui s&#8217;int\u00e8gre ais\u00e9ment \u00e0 votre routine quotidienne sans effort suppl\u00e9mentaire.<\/p>\n<p>Faites le choix d&#8217;un style de vie \u00e9quilibr\u00e9 avec les softgels <em>Herbals Menopause + Hair Growth<\/em>,o\u00f9 la qualit\u00e9 rencontre le bien-\u00eatre quotidien sans all\u00e9gations sant\u00e9 sp\u00e9cifiques.<\/p>\n","protected":false},"excerpt":{"rendered":"<p>Garden of Life &#8211; Herbals Menopause + Hair Growth &#8211; 30 vegan softgels D\u00e9couvrez les softgels v\u00e9gans Herbals Menopause + Hair growth de Garden of Life, con\u00e7us avec soin aux \u00c9tats-Unis. Ce produit est un choix parfait pour ceux qui appr\u00e9cient les ingr\u00e9dients naturels dans un mode de vie sain. Ces capsules contiennent une s\u00e9lection [&#8230;]\n","protected":false},"featured_media":266978,"comment_status":"open","ping_status":"open","template":"","meta":[],"product_brand":[4810],"product_cat":[5052],"product_tag":[],"class_list":{"0":"post-290716","1":"product","2":"type-product","3":"status-publish","4":"has-post-thumbnail","6":"product_brand-garden-of-life-2","7":"product_cat-sante-et-bien-etre","9":"first","10":"instock","11":"taxable","12":"shipping-taxable","13":"purchasable","14":"product-type-simple"},"yoast_head":"<!-- This site is optimized with the Yoast SEO Premium plugin v27.3 (Yoast SEO v27.3) - https:\/\/yoast.com\/product\/yoast-seo-premium-wordpress\/ -->\n<title>Jardin de la Vie - M\u00e9nopause aux Herbes + Croissance des Cheveux - 30 g\u00e9lules v\u00e9ganes - ECO Supplements<\/title>\n<meta name=\"description\" content=\"Wij hebben een ruime keuze aan producten van Jardin de la Vie - M\u00e9nopause aux Herbes + Croissance des Cheveux - 30 g\u00e9lules v\u00e9ganes . Winkel bij Eco Supplements altijd gratis verzending boven 100\u20ac\" \/>\n<meta name=\"robots\" content=\"index, follow, max-snippet:-1, max-image-preview:large, max-video-preview:-1\" \/>\n<link rel=\"canonical\" href=\"https:\/\/ecosupplements.be\/fr\/produit\/garden-of-life-herbals-menopause-hair-growth-30-vegan-softgels\/\" \/>\n<meta property=\"og:locale\" content=\"fr_FR\" \/>\n<meta property=\"og:type\" content=\"article\" \/>\n<meta property=\"og:title\" content=\"Jardin de la Vie - M\u00e9nopause aux Herbes + Croissance des Cheveux - 30 g\u00e9lules v\u00e9ganes\" \/>\n<meta property=\"og:description\" content=\"Wij hebben een ruime keuze aan producten van Jardin de la Vie - M\u00e9nopause aux Herbes + Croissance des Cheveux - 30 g\u00e9lules v\u00e9ganes . Winkel bij Eco Supplements altijd gratis verzending boven 100\u20ac\" \/>\n<meta property=\"og:url\" content=\"https:\/\/ecosupplements.be\/fr\/produit\/garden-of-life-herbals-menopause-hair-growth-30-vegan-softgels\/\" \/>\n<meta property=\"og:site_name\" content=\"ECO Supplements\" \/>\n<meta property=\"article:modified_time\" content=\"2025-08-27T14:18:56+00:00\" \/>\n<meta property=\"og:image\" content=\"https:\/\/ecosupplements.be\/wp-content\/uploads\/2025\/08\/Garden-of-Life-Herbals-Menopause-Hair-Growth-30-vegan-softgels.jpg\" \/>\n\t<meta property=\"og:image:width\" content=\"600\" \/>\n\t<meta property=\"og:image:height\" content=\"600\" \/>\n\t<meta property=\"og:image:type\" content=\"image\/jpeg\" \/>\n<meta name=\"twitter:card\" content=\"summary_large_image\" \/>\n<meta name=\"twitter:label1\" content=\"Prix\" \/>\n\t<meta name=\"twitter:data1\" content=\"62.76&nbsp;&euro;\" \/>\n\t<meta name=\"twitter:label2\" content=\"Disponibilit\u00e9\" \/>\n\t<meta name=\"twitter:data2\" content=\"En stock\" \/>\n<script type=\"application\/ld+json\" class=\"yoast-schema-graph\">{\"@context\":\"https:\\\/\\\/schema.org\",\"@graph\":[{\"@type\":[\"WebPage\",\"ItemPage\"],\"@id\":\"https:\\\/\\\/ecosupplements.be\\\/fr\\\/produit\\\/garden-of-life-herbals-menopause-hair-growth-30-vegan-softgels\\\/\",\"url\":\"https:\\\/\\\/ecosupplements.be\\\/fr\\\/produit\\\/garden-of-life-herbals-menopause-hair-growth-30-vegan-softgels\\\/\",\"name\":\"Jardin de la Vie - M\u00e9nopause aux Herbes + Croissance des Cheveux - 30 g\u00e9lules v\u00e9ganes - ECO Supplements\",\"isPartOf\":{\"@id\":\"https:\\\/\\\/ecosupplements.be\\\/fr\\\/#website\"},\"primaryImageOfPage\":{\"@id\":\"https:\\\/\\\/ecosupplements.be\\\/fr\\\/produit\\\/garden-of-life-herbals-menopause-hair-growth-30-vegan-softgels\\\/#primaryimage\"},\"image\":{\"@id\":\"https:\\\/\\\/ecosupplements.be\\\/fr\\\/produit\\\/garden-of-life-herbals-menopause-hair-growth-30-vegan-softgels\\\/#primaryimage\"},\"thumbnailUrl\":\"https:\\\/\\\/ecosupplements.be\\\/wp-content\\\/uploads\\\/2025\\\/08\\\/Herbals-Menopause-Hair-Growth-30-vegan-softgels.jpg\",\"datePublished\":\"2024-08-23T12:30:53+00:00\",\"dateModified\":\"2025-08-27T14:18:56+00:00\",\"description\":\"Wij hebben een ruime keuze aan producten van Jardin de la Vie - M\u00e9nopause aux Herbes + Croissance des Cheveux - 30 g\u00e9lules v\u00e9ganes . Winkel bij Eco Supplements altijd gratis verzending boven 100\u20ac\",\"breadcrumb\":{\"@id\":\"https:\\\/\\\/ecosupplements.be\\\/fr\\\/produit\\\/garden-of-life-herbals-menopause-hair-growth-30-vegan-softgels\\\/#breadcrumb\"},\"inLanguage\":\"fr-FR\",\"potentialAction\":[{\"@type\":\"ReadAction\",\"target\":[\"https:\\\/\\\/ecosupplements.be\\\/fr\\\/produit\\\/garden-of-life-herbals-menopause-hair-growth-30-vegan-softgels\\\/\"]}]},{\"@type\":\"ImageObject\",\"inLanguage\":\"fr-FR\",\"@id\":\"https:\\\/\\\/ecosupplements.be\\\/fr\\\/produit\\\/garden-of-life-herbals-menopause-hair-growth-30-vegan-softgels\\\/#primaryimage\",\"url\":\"https:\\\/\\\/ecosupplements.be\\\/wp-content\\\/uploads\\\/2025\\\/08\\\/Herbals-Menopause-Hair-Growth-30-vegan-softgels.jpg\",\"contentUrl\":\"https:\\\/\\\/ecosupplements.be\\\/wp-content\\\/uploads\\\/2025\\\/08\\\/Herbals-Menopause-Hair-Growth-30-vegan-softgels.jpg\",\"width\":600,\"height\":600},{\"@type\":\"BreadcrumbList\",\"@id\":\"https:\\\/\\\/ecosupplements.be\\\/fr\\\/produit\\\/garden-of-life-herbals-menopause-hair-growth-30-vegan-softgels\\\/#breadcrumb\",\"itemListElement\":[{\"@type\":\"ListItem\",\"position\":1,\"name\":\"Home\",\"item\":\"https:\\\/\\\/ecosupplements.be\\\/fr\\\/\"},{\"@type\":\"ListItem\",\"position\":2,\"name\":\"Boutique\",\"item\":\"https:\\\/\\\/ecosupplements.be\\\/fr\\\/boutique\\\/\"},{\"@type\":\"ListItem\",\"position\":3,\"name\":\"Jardin de la Vie &#8211; M\u00e9nopause aux Herbes + Croissance des Cheveux &#8211; 30 g\u00e9lules v\u00e9ganes\"}]},{\"@type\":\"WebSite\",\"@id\":\"https:\\\/\\\/ecosupplements.be\\\/fr\\\/#website\",\"url\":\"https:\\\/\\\/ecosupplements.be\\\/fr\\\/\",\"name\":\"ECO Supplements\",\"description\":\"Eco Supplements - Gezonde supplementen\",\"publisher\":{\"@id\":\"https:\\\/\\\/ecosupplements.be\\\/fr\\\/#organization\"},\"potentialAction\":[{\"@type\":\"SearchAction\",\"target\":{\"@type\":\"EntryPoint\",\"urlTemplate\":\"https:\\\/\\\/ecosupplements.be\\\/fr\\\/?s={search_term_string}\"},\"query-input\":{\"@type\":\"PropertyValueSpecification\",\"valueRequired\":true,\"valueName\":\"search_term_string\"}}],\"inLanguage\":\"fr-FR\"},{\"@type\":\"Organization\",\"@id\":\"https:\\\/\\\/ecosupplements.be\\\/fr\\\/#organization\",\"name\":\"Eco Supplements\",\"url\":\"https:\\\/\\\/ecosupplements.be\\\/fr\\\/\",\"logo\":{\"@type\":\"ImageObject\",\"inLanguage\":\"fr-FR\",\"@id\":\"https:\\\/\\\/ecosupplements.be\\\/fr\\\/#\\\/schema\\\/logo\\\/image\\\/\",\"url\":\"https:\\\/\\\/ecosupplements.be\\\/wp-content\\\/uploads\\\/2022\\\/06\\\/ecosupplement-family.png\",\"contentUrl\":\"https:\\\/\\\/ecosupplements.be\\\/wp-content\\\/uploads\\\/2022\\\/06\\\/ecosupplement-family.png\",\"width\":593,\"height\":374,\"caption\":\"Eco Supplements\"},\"image\":{\"@id\":\"https:\\\/\\\/ecosupplements.be\\\/fr\\\/#\\\/schema\\\/logo\\\/image\\\/\"}}]}<\/script>\n<meta property=\"product:brand\" content=\"Garden of Life\" \/>\n<meta property=\"product:price:amount\" content=\"62.76\" \/>\n<meta property=\"product:price:currency\" content=\"EUR\" \/>\n<meta property=\"og:availability\" content=\"instock\" \/>\n<meta property=\"product:availability\" content=\"instock\" \/>\n<meta property=\"product:retailer_item_id\" content=\"658010133937\" \/>\n<meta property=\"product:condition\" content=\"new\" \/>\n<!-- \/ Yoast SEO Premium plugin. -->","yoast_head_json":{"title":"Jardin de la Vie - M\u00e9nopause aux Herbes + Croissance des Cheveux - 30 g\u00e9lules v\u00e9ganes - ECO Supplements","description":"Wij hebben een ruime keuze aan producten van Jardin de la Vie - M\u00e9nopause aux Herbes + Croissance des Cheveux - 30 g\u00e9lules v\u00e9ganes . Winkel bij Eco Supplements altijd gratis verzending boven 100\u20ac","robots":{"index":"index","follow":"follow","max-snippet":"max-snippet:-1","max-image-preview":"max-image-preview:large","max-video-preview":"max-video-preview:-1"},"canonical":"https:\/\/ecosupplements.be\/fr\/produit\/garden-of-life-herbals-menopause-hair-growth-30-vegan-softgels\/","og_locale":"fr_FR","og_type":"article","og_title":"Jardin de la Vie - M\u00e9nopause aux Herbes + Croissance des Cheveux - 30 g\u00e9lules v\u00e9ganes","og_description":"Wij hebben een ruime keuze aan producten van Jardin de la Vie - M\u00e9nopause aux Herbes + Croissance des Cheveux - 30 g\u00e9lules v\u00e9ganes . Winkel bij Eco Supplements altijd gratis verzending boven 100\u20ac","og_url":"https:\/\/ecosupplements.be\/fr\/produit\/garden-of-life-herbals-menopause-hair-growth-30-vegan-softgels\/","og_site_name":"ECO Supplements","article_modified_time":"2025-08-27T14:18:56+00:00","og_image":[{"width":600,"height":600,"url":"https:\/\/ecosupplements.be\/wp-content\/uploads\/2025\/08\/Garden-of-Life-Herbals-Menopause-Hair-Growth-30-vegan-softgels.jpg","type":"image\/jpeg"}],"twitter_card":"summary_large_image","twitter_misc":{"Prix":"62.76&nbsp;&euro;","Disponibilit\u00e9":"En stock"},"schema":{"@context":"https:\/\/schema.org","@graph":[{"@type":["WebPage","ItemPage"],"@id":"https:\/\/ecosupplements.be\/fr\/produit\/garden-of-life-herbals-menopause-hair-growth-30-vegan-softgels\/","url":"https:\/\/ecosupplements.be\/fr\/produit\/garden-of-life-herbals-menopause-hair-growth-30-vegan-softgels\/","name":"Jardin de la Vie - M\u00e9nopause aux Herbes + Croissance des Cheveux - 30 g\u00e9lules v\u00e9ganes - ECO Supplements","isPartOf":{"@id":"https:\/\/ecosupplements.be\/fr\/#website"},"primaryImageOfPage":{"@id":"https:\/\/ecosupplements.be\/fr\/produit\/garden-of-life-herbals-menopause-hair-growth-30-vegan-softgels\/#primaryimage"},"image":{"@id":"https:\/\/ecosupplements.be\/fr\/produit\/garden-of-life-herbals-menopause-hair-growth-30-vegan-softgels\/#primaryimage"},"thumbnailUrl":"https:\/\/ecosupplements.be\/wp-content\/uploads\/2025\/08\/Herbals-Menopause-Hair-Growth-30-vegan-softgels.jpg","datePublished":"2024-08-23T12:30:53+00:00","dateModified":"2025-08-27T14:18:56+00:00","description":"Wij hebben een ruime keuze aan producten van Jardin de la Vie - M\u00e9nopause aux Herbes + Croissance des Cheveux - 30 g\u00e9lules v\u00e9ganes . Winkel bij Eco Supplements altijd gratis verzending boven 100\u20ac","breadcrumb":{"@id":"https:\/\/ecosupplements.be\/fr\/produit\/garden-of-life-herbals-menopause-hair-growth-30-vegan-softgels\/#breadcrumb"},"inLanguage":"fr-FR","potentialAction":[{"@type":"ReadAction","target":["https:\/\/ecosupplements.be\/fr\/produit\/garden-of-life-herbals-menopause-hair-growth-30-vegan-softgels\/"]}]},{"@type":"ImageObject","inLanguage":"fr-FR","@id":"https:\/\/ecosupplements.be\/fr\/produit\/garden-of-life-herbals-menopause-hair-growth-30-vegan-softgels\/#primaryimage","url":"https:\/\/ecosupplements.be\/wp-content\/uploads\/2025\/08\/Herbals-Menopause-Hair-Growth-30-vegan-softgels.jpg","contentUrl":"https:\/\/ecosupplements.be\/wp-content\/uploads\/2025\/08\/Herbals-Menopause-Hair-Growth-30-vegan-softgels.jpg","width":600,"height":600},{"@type":"BreadcrumbList","@id":"https:\/\/ecosupplements.be\/fr\/produit\/garden-of-life-herbals-menopause-hair-growth-30-vegan-softgels\/#breadcrumb","itemListElement":[{"@type":"ListItem","position":1,"name":"Home","item":"https:\/\/ecosupplements.be\/fr\/"},{"@type":"ListItem","position":2,"name":"Boutique","item":"https:\/\/ecosupplements.be\/fr\/boutique\/"},{"@type":"ListItem","position":3,"name":"Jardin de la Vie &#8211; M\u00e9nopause aux Herbes + Croissance des Cheveux &#8211; 30 g\u00e9lules v\u00e9ganes"}]},{"@type":"WebSite","@id":"https:\/\/ecosupplements.be\/fr\/#website","url":"https:\/\/ecosupplements.be\/fr\/","name":"ECO Supplements","description":"Eco Supplements - Gezonde supplementen","publisher":{"@id":"https:\/\/ecosupplements.be\/fr\/#organization"},"potentialAction":[{"@type":"SearchAction","target":{"@type":"EntryPoint","urlTemplate":"https:\/\/ecosupplements.be\/fr\/?s={search_term_string}"},"query-input":{"@type":"PropertyValueSpecification","valueRequired":true,"valueName":"search_term_string"}}],"inLanguage":"fr-FR"},{"@type":"Organization","@id":"https:\/\/ecosupplements.be\/fr\/#organization","name":"Eco Supplements","url":"https:\/\/ecosupplements.be\/fr\/","logo":{"@type":"ImageObject","inLanguage":"fr-FR","@id":"https:\/\/ecosupplements.be\/fr\/#\/schema\/logo\/image\/","url":"https:\/\/ecosupplements.be\/wp-content\/uploads\/2022\/06\/ecosupplement-family.png","contentUrl":"https:\/\/ecosupplements.be\/wp-content\/uploads\/2022\/06\/ecosupplement-family.png","width":593,"height":374,"caption":"Eco Supplements"},"image":{"@id":"https:\/\/ecosupplements.be\/fr\/#\/schema\/logo\/image\/"}}]},"product_brand":"Garden of Life","product_price_amount":"62.76","product_price_currency":"EUR","og_availability":"instock","product_availability":"instock","product_retailer_item_id":"658010133937","product_condition":"new"},"_links":{"self":[{"href":"https:\/\/ecosupplements.be\/fr\/wp-json\/wp\/v2\/product\/290716","targetHints":{"allow":["GET"]}}],"collection":[{"href":"https:\/\/ecosupplements.be\/fr\/wp-json\/wp\/v2\/product"}],"about":[{"href":"https:\/\/ecosupplements.be\/fr\/wp-json\/wp\/v2\/types\/product"}],"replies":[{"embeddable":true,"href":"https:\/\/ecosupplements.be\/fr\/wp-json\/wp\/v2\/comments?post=290716"}],"wp:featuredmedia":[{"embeddable":true,"href":"https:\/\/ecosupplements.be\/fr\/wp-json\/wp\/v2\/media\/266978"}],"wp:attachment":[{"href":"https:\/\/ecosupplements.be\/fr\/wp-json\/wp\/v2\/media?parent=290716"}],"wp:term":[{"taxonomy":"product_brand","embeddable":true,"href":"https:\/\/ecosupplements.be\/fr\/wp-json\/wp\/v2\/product_brand?post=290716"},{"taxonomy":"product_cat","embeddable":true,"href":"https:\/\/ecosupplements.be\/fr\/wp-json\/wp\/v2\/product_cat?post=290716"},{"taxonomy":"product_tag","embeddable":true,"href":"https:\/\/ecosupplements.be\/fr\/wp-json\/wp\/v2\/product_tag?post=290716"}],"curies":[{"name":"wp","href":"https:\/\/api.w.org\/{rel}","templated":true}]}}