{"id":290740,"date":"2024-12-15T15:07:07","date_gmt":"2024-12-15T14:07:07","guid":{"rendered":"https:\/\/ecosupplements.be\/product\/holland-barrett-miaroma-rosemary-100-pure-essential-oil-10-ml\/"},"modified":"2025-08-27T15:19:23","modified_gmt":"2025-08-27T14:19:23","slug":"holland-barrett-miaroma-rosemary-100-pure-essential-oil-10-ml","status":"publish","type":"product","link":"https:\/\/ecosupplements.be\/fr\/produit\/holland-barrett-miaroma-rosemary-100-pure-essential-oil-10-ml\/","title":{"rendered":"Holland &amp; Barrett &#8211; Huile essentielle pure de Romarin Miaroma \u00e0 100% &#8211; 10 ml"},"content":{"rendered":"<h2>Holland &amp; Barrett &#8211; miaroma Rosemary 100% Pure Essential Oil &#8211; 10 ml<\/h2>\n<p>D\u00e9couvrez l&#8217;essence pure et naturelle de la gamme Holland &amp; Barrett avec le <strong>Miaroma Rosemary 100% Pure Essential Oil<\/strong>. Ce produit, \u00e9labor\u00e9 au Royaume-Uni, est un choix parfait pour ceux qui appr\u00e9cient les ingr\u00e9dients naturels dans leur quotidien.<\/p>\n<p>Ce flacon de 10 ml contient de l&#8217;huile essentielle de romarin, reconnue pour sa grande puret\u00e9 et son origine naturelle. L&#8217;huile essentielle de romarin est obtenue par distillation \u00e0 la vapeur,garantissant ainsi la conservation de ses qualit\u00e9s intrins\u00e8ques.<\/p>\n<p>Utilisation : Id\u00e9al pour \u00eatre utilis\u00e9 en diffusion pour parfumer agr\u00e9ablement votre int\u00e9rieur. Quelques gouttes suffisent pour profiter d&#8217;une ambiance rafra\u00eechissante et vivifiante.<\/p>\n<p>Le format pratique du flacon permet une utilisation ais\u00e9e et contr\u00f4l\u00e9e, adapt\u00e9e \u00e0 un usage r\u00e9gulier sans complication.<\/p>\n<p>Int\u00e9grez le Miaroma Rosemary Essential Oil dans votre routine quotidienne comme un compl\u00e9ment simple et naturel. un choix judicieux pour ceux qui cherchent \u00e0 enrichir leur environnement avec des \u00e9l\u00e9ments purs et non modifi\u00e9s chimiquement.<\/p>\n","protected":false},"excerpt":{"rendered":"<p>Holland &amp; Barrett &#8211; miaroma Rosemary 100% Pure Essential Oil &#8211; 10 ml D\u00e9couvrez l&#8217;essence pure et naturelle de la gamme Holland &amp; Barrett avec le Miaroma Rosemary 100% Pure Essential Oil. Ce produit, \u00e9labor\u00e9 au Royaume-Uni, est un choix parfait pour ceux qui appr\u00e9cient les ingr\u00e9dients naturels dans leur quotidien. Ce flacon de 10 [&#8230;]\n","protected":false},"featured_media":267901,"comment_status":"open","ping_status":"open","template":"","meta":[],"product_brand":[4819],"product_cat":[5052],"product_tag":[],"class_list":{"0":"post-290740","1":"product","2":"type-product","3":"status-publish","4":"has-post-thumbnail","6":"product_brand-holland-barrett-2","7":"product_cat-sante-et-bien-etre","9":"first","10":"instock","11":"taxable","12":"shipping-taxable","13":"purchasable","14":"product-type-simple"},"yoast_head":"<!-- This site is optimized with the Yoast SEO Premium plugin v27.3 (Yoast SEO v27.3) - https:\/\/yoast.com\/product\/yoast-seo-premium-wordpress\/ -->\n<title>Holland &amp; Barrett - Huile essentielle pure de Romarin Miaroma \u00e0 100% - 10 ml - ECO Supplements<\/title>\n<meta name=\"description\" content=\"Wij hebben een ruime keuze aan producten van Holland &amp; Barrett - Huile essentielle pure de Romarin Miaroma \u00e0 100% - 10 ml . Winkel bij Eco Supplements altijd gratis verzending boven 100\u20ac\" \/>\n<meta name=\"robots\" content=\"index, follow, max-snippet:-1, max-image-preview:large, max-video-preview:-1\" \/>\n<link rel=\"canonical\" href=\"https:\/\/ecosupplements.be\/fr\/produit\/holland-barrett-miaroma-rosemary-100-pure-essential-oil-10-ml\/\" \/>\n<meta property=\"og:locale\" content=\"fr_FR\" \/>\n<meta property=\"og:type\" content=\"article\" \/>\n<meta property=\"og:title\" content=\"Holland &amp; Barrett - Huile essentielle pure de Romarin Miaroma \u00e0 100% - 10 ml\" \/>\n<meta property=\"og:description\" content=\"Wij hebben een ruime keuze aan producten van Holland &amp; Barrett - Huile essentielle pure de Romarin Miaroma \u00e0 100% - 10 ml . Winkel bij Eco Supplements altijd gratis verzending boven 100\u20ac\" \/>\n<meta property=\"og:url\" content=\"https:\/\/ecosupplements.be\/fr\/produit\/holland-barrett-miaroma-rosemary-100-pure-essential-oil-10-ml\/\" \/>\n<meta property=\"og:site_name\" content=\"ECO Supplements\" \/>\n<meta property=\"article:modified_time\" content=\"2025-08-27T14:19:23+00:00\" \/>\n<meta property=\"og:image\" content=\"https:\/\/ecosupplements.be\/wp-content\/uploads\/2025\/08\/Holland-amp-Barrett-Miaroma-Rosemary-100-Pure-Essential-Oil-10-ml.jpg\" \/>\n\t<meta property=\"og:image:width\" content=\"666\" \/>\n\t<meta property=\"og:image:height\" content=\"774\" \/>\n\t<meta property=\"og:image:type\" content=\"image\/jpeg\" \/>\n<meta name=\"twitter:card\" content=\"summary_large_image\" \/>\n<meta name=\"twitter:label1\" content=\"Prix\" \/>\n\t<meta name=\"twitter:data1\" content=\"5.17&nbsp;&euro;\" \/>\n\t<meta name=\"twitter:label2\" content=\"Disponibilit\u00e9\" \/>\n\t<meta name=\"twitter:data2\" content=\"En stock\" \/>\n<script type=\"application\/ld+json\" class=\"yoast-schema-graph\">{\"@context\":\"https:\\\/\\\/schema.org\",\"@graph\":[{\"@type\":[\"WebPage\",\"ItemPage\"],\"@id\":\"https:\\\/\\\/ecosupplements.be\\\/fr\\\/produit\\\/holland-barrett-miaroma-rosemary-100-pure-essential-oil-10-ml\\\/\",\"url\":\"https:\\\/\\\/ecosupplements.be\\\/fr\\\/produit\\\/holland-barrett-miaroma-rosemary-100-pure-essential-oil-10-ml\\\/\",\"name\":\"Holland &amp; Barrett - Huile essentielle pure de Romarin Miaroma \u00e0 100% - 10 ml - ECO Supplements\",\"isPartOf\":{\"@id\":\"https:\\\/\\\/ecosupplements.be\\\/fr\\\/#website\"},\"primaryImageOfPage\":{\"@id\":\"https:\\\/\\\/ecosupplements.be\\\/fr\\\/produit\\\/holland-barrett-miaroma-rosemary-100-pure-essential-oil-10-ml\\\/#primaryimage\"},\"image\":{\"@id\":\"https:\\\/\\\/ecosupplements.be\\\/fr\\\/produit\\\/holland-barrett-miaroma-rosemary-100-pure-essential-oil-10-ml\\\/#primaryimage\"},\"thumbnailUrl\":\"https:\\\/\\\/ecosupplements.be\\\/wp-content\\\/uploads\\\/2025\\\/08\\\/Holland-Barrett-Miaroma-Rosemary-100-Pure-Essential-Oil-10-ml.jpg\",\"datePublished\":\"2024-12-15T14:07:07+00:00\",\"dateModified\":\"2025-08-27T14:19:23+00:00\",\"description\":\"Wij hebben een ruime keuze aan producten van Holland &amp; Barrett - Huile essentielle pure de Romarin Miaroma \u00e0 100% - 10 ml . Winkel bij Eco Supplements altijd gratis verzending boven 100\u20ac\",\"breadcrumb\":{\"@id\":\"https:\\\/\\\/ecosupplements.be\\\/fr\\\/produit\\\/holland-barrett-miaroma-rosemary-100-pure-essential-oil-10-ml\\\/#breadcrumb\"},\"inLanguage\":\"fr-FR\",\"potentialAction\":[{\"@type\":\"ReadAction\",\"target\":[\"https:\\\/\\\/ecosupplements.be\\\/fr\\\/produit\\\/holland-barrett-miaroma-rosemary-100-pure-essential-oil-10-ml\\\/\"]}]},{\"@type\":\"ImageObject\",\"inLanguage\":\"fr-FR\",\"@id\":\"https:\\\/\\\/ecosupplements.be\\\/fr\\\/produit\\\/holland-barrett-miaroma-rosemary-100-pure-essential-oil-10-ml\\\/#primaryimage\",\"url\":\"https:\\\/\\\/ecosupplements.be\\\/wp-content\\\/uploads\\\/2025\\\/08\\\/Holland-Barrett-Miaroma-Rosemary-100-Pure-Essential-Oil-10-ml.jpg\",\"contentUrl\":\"https:\\\/\\\/ecosupplements.be\\\/wp-content\\\/uploads\\\/2025\\\/08\\\/Holland-Barrett-Miaroma-Rosemary-100-Pure-Essential-Oil-10-ml.jpg\",\"width\":666,\"height\":774},{\"@type\":\"BreadcrumbList\",\"@id\":\"https:\\\/\\\/ecosupplements.be\\\/fr\\\/produit\\\/holland-barrett-miaroma-rosemary-100-pure-essential-oil-10-ml\\\/#breadcrumb\",\"itemListElement\":[{\"@type\":\"ListItem\",\"position\":1,\"name\":\"Home\",\"item\":\"https:\\\/\\\/ecosupplements.be\\\/fr\\\/\"},{\"@type\":\"ListItem\",\"position\":2,\"name\":\"Boutique\",\"item\":\"https:\\\/\\\/ecosupplements.be\\\/fr\\\/boutique\\\/\"},{\"@type\":\"ListItem\",\"position\":3,\"name\":\"Holland &amp; Barrett &#8211; Huile essentielle pure de Romarin Miaroma \u00e0 100% &#8211; 10 ml\"}]},{\"@type\":\"WebSite\",\"@id\":\"https:\\\/\\\/ecosupplements.be\\\/fr\\\/#website\",\"url\":\"https:\\\/\\\/ecosupplements.be\\\/fr\\\/\",\"name\":\"ECO Supplements\",\"description\":\"Eco Supplements - Gezonde supplementen\",\"publisher\":{\"@id\":\"https:\\\/\\\/ecosupplements.be\\\/fr\\\/#organization\"},\"potentialAction\":[{\"@type\":\"SearchAction\",\"target\":{\"@type\":\"EntryPoint\",\"urlTemplate\":\"https:\\\/\\\/ecosupplements.be\\\/fr\\\/?s={search_term_string}\"},\"query-input\":{\"@type\":\"PropertyValueSpecification\",\"valueRequired\":true,\"valueName\":\"search_term_string\"}}],\"inLanguage\":\"fr-FR\"},{\"@type\":\"Organization\",\"@id\":\"https:\\\/\\\/ecosupplements.be\\\/fr\\\/#organization\",\"name\":\"Eco Supplements\",\"url\":\"https:\\\/\\\/ecosupplements.be\\\/fr\\\/\",\"logo\":{\"@type\":\"ImageObject\",\"inLanguage\":\"fr-FR\",\"@id\":\"https:\\\/\\\/ecosupplements.be\\\/fr\\\/#\\\/schema\\\/logo\\\/image\\\/\",\"url\":\"https:\\\/\\\/ecosupplements.be\\\/wp-content\\\/uploads\\\/2022\\\/06\\\/ecosupplement-family.png\",\"contentUrl\":\"https:\\\/\\\/ecosupplements.be\\\/wp-content\\\/uploads\\\/2022\\\/06\\\/ecosupplement-family.png\",\"width\":593,\"height\":374,\"caption\":\"Eco Supplements\"},\"image\":{\"@id\":\"https:\\\/\\\/ecosupplements.be\\\/fr\\\/#\\\/schema\\\/logo\\\/image\\\/\"}}]}<\/script>\n<meta property=\"product:brand\" content=\"Holland &amp; Barrett\" \/>\n<meta property=\"product:price:amount\" content=\"5.17\" \/>\n<meta property=\"product:price:currency\" content=\"EUR\" \/>\n<meta property=\"og:availability\" content=\"instock\" \/>\n<meta property=\"product:availability\" content=\"instock\" \/>\n<meta property=\"product:retailer_item_id\" content=\"5059604656538\" \/>\n<meta property=\"product:condition\" content=\"new\" \/>\n<!-- \/ Yoast SEO Premium plugin. -->","yoast_head_json":{"title":"Holland &amp; Barrett - Huile essentielle pure de Romarin Miaroma \u00e0 100% - 10 ml - ECO Supplements","description":"Wij hebben een ruime keuze aan producten van Holland &amp; Barrett - Huile essentielle pure de Romarin Miaroma \u00e0 100% - 10 ml . Winkel bij Eco Supplements altijd gratis verzending boven 100\u20ac","robots":{"index":"index","follow":"follow","max-snippet":"max-snippet:-1","max-image-preview":"max-image-preview:large","max-video-preview":"max-video-preview:-1"},"canonical":"https:\/\/ecosupplements.be\/fr\/produit\/holland-barrett-miaroma-rosemary-100-pure-essential-oil-10-ml\/","og_locale":"fr_FR","og_type":"article","og_title":"Holland &amp; Barrett - Huile essentielle pure de Romarin Miaroma \u00e0 100% - 10 ml","og_description":"Wij hebben een ruime keuze aan producten van Holland &amp; Barrett - Huile essentielle pure de Romarin Miaroma \u00e0 100% - 10 ml . Winkel bij Eco Supplements altijd gratis verzending boven 100\u20ac","og_url":"https:\/\/ecosupplements.be\/fr\/produit\/holland-barrett-miaroma-rosemary-100-pure-essential-oil-10-ml\/","og_site_name":"ECO Supplements","article_modified_time":"2025-08-27T14:19:23+00:00","og_image":[{"width":666,"height":774,"url":"https:\/\/ecosupplements.be\/wp-content\/uploads\/2025\/08\/Holland-amp-Barrett-Miaroma-Rosemary-100-Pure-Essential-Oil-10-ml.jpg","type":"image\/jpeg"}],"twitter_card":"summary_large_image","twitter_misc":{"Prix":"5.17&nbsp;&euro;","Disponibilit\u00e9":"En stock"},"schema":{"@context":"https:\/\/schema.org","@graph":[{"@type":["WebPage","ItemPage"],"@id":"https:\/\/ecosupplements.be\/fr\/produit\/holland-barrett-miaroma-rosemary-100-pure-essential-oil-10-ml\/","url":"https:\/\/ecosupplements.be\/fr\/produit\/holland-barrett-miaroma-rosemary-100-pure-essential-oil-10-ml\/","name":"Holland &amp; Barrett - Huile essentielle pure de Romarin Miaroma \u00e0 100% - 10 ml - ECO Supplements","isPartOf":{"@id":"https:\/\/ecosupplements.be\/fr\/#website"},"primaryImageOfPage":{"@id":"https:\/\/ecosupplements.be\/fr\/produit\/holland-barrett-miaroma-rosemary-100-pure-essential-oil-10-ml\/#primaryimage"},"image":{"@id":"https:\/\/ecosupplements.be\/fr\/produit\/holland-barrett-miaroma-rosemary-100-pure-essential-oil-10-ml\/#primaryimage"},"thumbnailUrl":"https:\/\/ecosupplements.be\/wp-content\/uploads\/2025\/08\/Holland-Barrett-Miaroma-Rosemary-100-Pure-Essential-Oil-10-ml.jpg","datePublished":"2024-12-15T14:07:07+00:00","dateModified":"2025-08-27T14:19:23+00:00","description":"Wij hebben een ruime keuze aan producten van Holland &amp; Barrett - Huile essentielle pure de Romarin Miaroma \u00e0 100% - 10 ml . Winkel bij Eco Supplements altijd gratis verzending boven 100\u20ac","breadcrumb":{"@id":"https:\/\/ecosupplements.be\/fr\/produit\/holland-barrett-miaroma-rosemary-100-pure-essential-oil-10-ml\/#breadcrumb"},"inLanguage":"fr-FR","potentialAction":[{"@type":"ReadAction","target":["https:\/\/ecosupplements.be\/fr\/produit\/holland-barrett-miaroma-rosemary-100-pure-essential-oil-10-ml\/"]}]},{"@type":"ImageObject","inLanguage":"fr-FR","@id":"https:\/\/ecosupplements.be\/fr\/produit\/holland-barrett-miaroma-rosemary-100-pure-essential-oil-10-ml\/#primaryimage","url":"https:\/\/ecosupplements.be\/wp-content\/uploads\/2025\/08\/Holland-Barrett-Miaroma-Rosemary-100-Pure-Essential-Oil-10-ml.jpg","contentUrl":"https:\/\/ecosupplements.be\/wp-content\/uploads\/2025\/08\/Holland-Barrett-Miaroma-Rosemary-100-Pure-Essential-Oil-10-ml.jpg","width":666,"height":774},{"@type":"BreadcrumbList","@id":"https:\/\/ecosupplements.be\/fr\/produit\/holland-barrett-miaroma-rosemary-100-pure-essential-oil-10-ml\/#breadcrumb","itemListElement":[{"@type":"ListItem","position":1,"name":"Home","item":"https:\/\/ecosupplements.be\/fr\/"},{"@type":"ListItem","position":2,"name":"Boutique","item":"https:\/\/ecosupplements.be\/fr\/boutique\/"},{"@type":"ListItem","position":3,"name":"Holland &amp; Barrett &#8211; Huile essentielle pure de Romarin Miaroma \u00e0 100% &#8211; 10 ml"}]},{"@type":"WebSite","@id":"https:\/\/ecosupplements.be\/fr\/#website","url":"https:\/\/ecosupplements.be\/fr\/","name":"ECO Supplements","description":"Eco Supplements - Gezonde supplementen","publisher":{"@id":"https:\/\/ecosupplements.be\/fr\/#organization"},"potentialAction":[{"@type":"SearchAction","target":{"@type":"EntryPoint","urlTemplate":"https:\/\/ecosupplements.be\/fr\/?s={search_term_string}"},"query-input":{"@type":"PropertyValueSpecification","valueRequired":true,"valueName":"search_term_string"}}],"inLanguage":"fr-FR"},{"@type":"Organization","@id":"https:\/\/ecosupplements.be\/fr\/#organization","name":"Eco Supplements","url":"https:\/\/ecosupplements.be\/fr\/","logo":{"@type":"ImageObject","inLanguage":"fr-FR","@id":"https:\/\/ecosupplements.be\/fr\/#\/schema\/logo\/image\/","url":"https:\/\/ecosupplements.be\/wp-content\/uploads\/2022\/06\/ecosupplement-family.png","contentUrl":"https:\/\/ecosupplements.be\/wp-content\/uploads\/2022\/06\/ecosupplement-family.png","width":593,"height":374,"caption":"Eco Supplements"},"image":{"@id":"https:\/\/ecosupplements.be\/fr\/#\/schema\/logo\/image\/"}}]},"product_brand":"Holland &amp; Barrett","product_price_amount":"5.17","product_price_currency":"EUR","og_availability":"instock","product_availability":"instock","product_retailer_item_id":"5059604656538","product_condition":"new"},"_links":{"self":[{"href":"https:\/\/ecosupplements.be\/fr\/wp-json\/wp\/v2\/product\/290740","targetHints":{"allow":["GET"]}}],"collection":[{"href":"https:\/\/ecosupplements.be\/fr\/wp-json\/wp\/v2\/product"}],"about":[{"href":"https:\/\/ecosupplements.be\/fr\/wp-json\/wp\/v2\/types\/product"}],"replies":[{"embeddable":true,"href":"https:\/\/ecosupplements.be\/fr\/wp-json\/wp\/v2\/comments?post=290740"}],"wp:featuredmedia":[{"embeddable":true,"href":"https:\/\/ecosupplements.be\/fr\/wp-json\/wp\/v2\/media\/267901"}],"wp:attachment":[{"href":"https:\/\/ecosupplements.be\/fr\/wp-json\/wp\/v2\/media?parent=290740"}],"wp:term":[{"taxonomy":"product_brand","embeddable":true,"href":"https:\/\/ecosupplements.be\/fr\/wp-json\/wp\/v2\/product_brand?post=290740"},{"taxonomy":"product_cat","embeddable":true,"href":"https:\/\/ecosupplements.be\/fr\/wp-json\/wp\/v2\/product_cat?post=290740"},{"taxonomy":"product_tag","embeddable":true,"href":"https:\/\/ecosupplements.be\/fr\/wp-json\/wp\/v2\/product_tag?post=290740"}],"curies":[{"name":"wp","href":"https:\/\/api.w.org\/{rel}","templated":true}]}}