{"id":290788,"date":"2024-07-13T01:10:58","date_gmt":"2024-07-13T00:10:58","guid":{"rendered":"https:\/\/ecosupplements.be\/product\/levann-cashew-spread-200g\/"},"modified":"2025-08-27T15:20:13","modified_gmt":"2025-08-27T14:20:13","slug":"levann-cashew-spread-200g","status":"publish","type":"product","link":"https:\/\/ecosupplements.be\/fr\/produit\/levann-cashew-spread-200g\/","title":{"rendered":"Levann &#8211; P\u00e2te \u00e0 tartiner de noix de cajou &#8211; 200g"},"content":{"rendered":"<p><strong>Nom du produit :<\/strong> Levann &#8211; Cashew Spread &#8211; 200g<\/p>\n<p><strong>Description :<\/strong> D\u00e9couvrez la douceur et la richesse de notre p\u00e2te \u00e0 tartiner aux noix de cajou Levann, fabriqu\u00e9e avec des ingr\u00e9dients soigneusement s\u00e9lectionn\u00e9s. Originaire de Pologne, cette d\u00e9licieuse p\u00e2te est compos\u00e9e exclusivement de noix de cajou naturelles, connues pour leur texture cr\u00e9meuse et leur go\u00fbt distinctif.<\/p>\n<p><strong>Ingr\u00e9dients principaux :<\/strong> Noix de cajou 100% naturelles.<\/p>\n<p><strong>Contenu et emballage :<\/strong> Ce produit est pr\u00e9sent\u00e9 dans un pot pratique de 200g,id\u00e9al pour une conservation optimale.<\/p>\n<p><strong>Utilisation :<\/strong> Parfaite pour \u00eatre tartin\u00e9e sur du pain, ajout\u00e9e \u00e0 des smoothies ou utilis\u00e9e dans diverses recettes culinaires. Un choix parfait pour enrichir vos repas ou vos collations.<\/p>\n<p><strong>Caract\u00e9ristiques pratiques :<\/strong> Notre p\u00e2te \u00e0 tartiner aux noix de cajou offre non seulement un go\u00fbt exquis mais aussi une texture onctueuse qui se marie parfaitement avec divers aliments. elle est facile \u00e0 \u00e9taler et peut \u00eatre int\u00e9gr\u00e9e sans effort dans votre alimentation quotidienne.<\/p>\n<p>Ce produit est un choix id\u00e9al pour ceux qui appr\u00e9cient les ingr\u00e9dients naturels dans un mode de vie actif et \u00e9quilibr\u00e9.<\/p>\n","protected":false},"excerpt":{"rendered":"<p>Nom du produit : Levann &#8211; Cashew Spread &#8211; 200g Description : D\u00e9couvrez la douceur et la richesse de notre p\u00e2te \u00e0 tartiner aux noix de cajou Levann, fabriqu\u00e9e avec des ingr\u00e9dients soigneusement s\u00e9lectionn\u00e9s. Originaire de Pologne, cette d\u00e9licieuse p\u00e2te est compos\u00e9e exclusivement de noix de cajou naturelles, connues pour leur texture cr\u00e9meuse et leur [&#8230;]\n","protected":false},"featured_media":290789,"comment_status":"open","ping_status":"open","template":"","meta":[],"product_brand":[5283],"product_cat":[5052],"product_tag":[],"class_list":{"0":"post-290788","1":"product","2":"type-product","3":"status-publish","4":"has-post-thumbnail","6":"product_brand-levann-2","7":"product_cat-sante-et-bien-etre","9":"first","10":"outofstock","11":"taxable","12":"shipping-taxable","13":"purchasable","14":"product-type-simple"},"yoast_head":"<!-- This site is optimized with the Yoast SEO Premium plugin v27.5 (Yoast SEO v27.5) - https:\/\/yoast.com\/product\/yoast-seo-premium-wordpress\/ -->\n<title>Levann - P\u00e2te \u00e0 tartiner de noix de cajou - 200g - ECO Supplements<\/title>\n<meta name=\"description\" content=\"Wij hebben een ruime keuze aan producten van Levann - P\u00e2te \u00e0 tartiner de noix de cajou - 200g . Winkel bij Eco Supplements altijd gratis verzending boven 100\u20ac\" \/>\n<meta name=\"robots\" content=\"index, follow, max-snippet:-1, max-image-preview:large, max-video-preview:-1\" \/>\n<link rel=\"canonical\" href=\"https:\/\/ecosupplements.be\/fr\/produit\/levann-cashew-spread-200g\/\" \/>\n<meta property=\"og:locale\" content=\"fr_FR\" \/>\n<meta property=\"og:type\" content=\"article\" \/>\n<meta property=\"og:title\" content=\"Levann - P\u00e2te \u00e0 tartiner de noix de cajou - 200g\" \/>\n<meta property=\"og:description\" content=\"Wij hebben een ruime keuze aan producten van Levann - P\u00e2te \u00e0 tartiner de noix de cajou - 200g . Winkel bij Eco Supplements altijd gratis verzending boven 100\u20ac\" \/>\n<meta property=\"og:url\" content=\"https:\/\/ecosupplements.be\/fr\/produit\/levann-cashew-spread-200g\/\" \/>\n<meta property=\"og:site_name\" content=\"ECO Supplements\" \/>\n<meta property=\"article:modified_time\" content=\"2025-08-27T14:20:13+00:00\" \/>\n<meta property=\"og:image\" content=\"https:\/\/ecosupplements.be\/wp-content\/uploads\/2025\/08\/Levann-Cashew-Spread-200g.jpg\" \/>\n\t<meta property=\"og:image:width\" content=\"831\" \/>\n\t<meta property=\"og:image:height\" content=\"641\" \/>\n\t<meta property=\"og:image:type\" content=\"image\/jpeg\" \/>\n<meta name=\"twitter:card\" content=\"summary_large_image\" \/>\n<meta name=\"twitter:label1\" content=\"Prix\" \/>\n\t<meta name=\"twitter:data1\" content=\"10.58&nbsp;&euro;\" \/>\n\t<meta name=\"twitter:label2\" content=\"Disponibilit\u00e9\" \/>\n\t<meta name=\"twitter:data2\" content=\"Rupture de stock\" \/>\n<script type=\"application\/ld+json\" class=\"yoast-schema-graph\">{\"@context\":\"https:\\\/\\\/schema.org\",\"@graph\":[{\"@type\":[\"WebPage\",\"ItemPage\"],\"@id\":\"https:\\\/\\\/ecosupplements.be\\\/fr\\\/produit\\\/levann-cashew-spread-200g\\\/\",\"url\":\"https:\\\/\\\/ecosupplements.be\\\/fr\\\/produit\\\/levann-cashew-spread-200g\\\/\",\"name\":\"Levann - P\u00e2te \u00e0 tartiner de noix de cajou - 200g - ECO Supplements\",\"isPartOf\":{\"@id\":\"https:\\\/\\\/ecosupplements.be\\\/fr\\\/#website\"},\"primaryImageOfPage\":{\"@id\":\"https:\\\/\\\/ecosupplements.be\\\/fr\\\/produit\\\/levann-cashew-spread-200g\\\/#primaryimage\"},\"image\":{\"@id\":\"https:\\\/\\\/ecosupplements.be\\\/fr\\\/produit\\\/levann-cashew-spread-200g\\\/#primaryimage\"},\"thumbnailUrl\":\"https:\\\/\\\/ecosupplements.be\\\/wp-content\\\/uploads\\\/2025\\\/08\\\/Levann-Cashew-Spread-200g.jpg\",\"datePublished\":\"2024-07-13T00:10:58+00:00\",\"dateModified\":\"2025-08-27T14:20:13+00:00\",\"description\":\"Wij hebben een ruime keuze aan producten van Levann - P\u00e2te \u00e0 tartiner de noix de cajou - 200g . Winkel bij Eco Supplements altijd gratis verzending boven 100\u20ac\",\"breadcrumb\":{\"@id\":\"https:\\\/\\\/ecosupplements.be\\\/fr\\\/produit\\\/levann-cashew-spread-200g\\\/#breadcrumb\"},\"inLanguage\":\"fr-FR\",\"potentialAction\":[{\"@type\":\"ReadAction\",\"target\":[\"https:\\\/\\\/ecosupplements.be\\\/fr\\\/produit\\\/levann-cashew-spread-200g\\\/\"]}]},{\"@type\":\"ImageObject\",\"inLanguage\":\"fr-FR\",\"@id\":\"https:\\\/\\\/ecosupplements.be\\\/fr\\\/produit\\\/levann-cashew-spread-200g\\\/#primaryimage\",\"url\":\"https:\\\/\\\/ecosupplements.be\\\/wp-content\\\/uploads\\\/2025\\\/08\\\/Levann-Cashew-Spread-200g.jpg\",\"contentUrl\":\"https:\\\/\\\/ecosupplements.be\\\/wp-content\\\/uploads\\\/2025\\\/08\\\/Levann-Cashew-Spread-200g.jpg\",\"width\":831,\"height\":641},{\"@type\":\"BreadcrumbList\",\"@id\":\"https:\\\/\\\/ecosupplements.be\\\/fr\\\/produit\\\/levann-cashew-spread-200g\\\/#breadcrumb\",\"itemListElement\":[{\"@type\":\"ListItem\",\"position\":1,\"name\":\"Home\",\"item\":\"https:\\\/\\\/ecosupplements.be\\\/fr\\\/\"},{\"@type\":\"ListItem\",\"position\":2,\"name\":\"Boutique\",\"item\":\"https:\\\/\\\/ecosupplements.be\\\/fr\\\/boutique\\\/\"},{\"@type\":\"ListItem\",\"position\":3,\"name\":\"Levann &#8211; P\u00e2te \u00e0 tartiner de noix de cajou &#8211; 200g\"}]},{\"@type\":\"WebSite\",\"@id\":\"https:\\\/\\\/ecosupplements.be\\\/fr\\\/#website\",\"url\":\"https:\\\/\\\/ecosupplements.be\\\/fr\\\/\",\"name\":\"ECO Supplements\",\"description\":\"Eco Supplements - Gezonde supplementen\",\"publisher\":{\"@id\":\"https:\\\/\\\/ecosupplements.be\\\/fr\\\/#organization\"},\"potentialAction\":[{\"@type\":\"SearchAction\",\"target\":{\"@type\":\"EntryPoint\",\"urlTemplate\":\"https:\\\/\\\/ecosupplements.be\\\/fr\\\/?s={search_term_string}\"},\"query-input\":{\"@type\":\"PropertyValueSpecification\",\"valueRequired\":true,\"valueName\":\"search_term_string\"}}],\"inLanguage\":\"fr-FR\"},{\"@type\":\"Organization\",\"@id\":\"https:\\\/\\\/ecosupplements.be\\\/fr\\\/#organization\",\"name\":\"Eco Supplements\",\"url\":\"https:\\\/\\\/ecosupplements.be\\\/fr\\\/\",\"logo\":{\"@type\":\"ImageObject\",\"inLanguage\":\"fr-FR\",\"@id\":\"https:\\\/\\\/ecosupplements.be\\\/fr\\\/#\\\/schema\\\/logo\\\/image\\\/\",\"url\":\"https:\\\/\\\/ecosupplements.be\\\/wp-content\\\/uploads\\\/2022\\\/06\\\/ecosupplement-family.png\",\"contentUrl\":\"https:\\\/\\\/ecosupplements.be\\\/wp-content\\\/uploads\\\/2022\\\/06\\\/ecosupplement-family.png\",\"width\":593,\"height\":374,\"caption\":\"Eco Supplements\"},\"image\":{\"@id\":\"https:\\\/\\\/ecosupplements.be\\\/fr\\\/#\\\/schema\\\/logo\\\/image\\\/\"}}]}<\/script>\n<meta property=\"product:brand\" content=\"Levann\" \/>\n<meta property=\"product:price:amount\" content=\"10.58\" \/>\n<meta property=\"product:price:currency\" content=\"EUR\" \/>\n<meta property=\"og:availability\" content=\"out of stock\" \/>\n<meta property=\"product:availability\" content=\"out of stock\" \/>\n<meta property=\"product:retailer_item_id\" content=\"5903018053769\" \/>\n<meta property=\"product:condition\" content=\"new\" \/>\n<!-- \/ Yoast SEO Premium plugin. -->","yoast_head_json":{"title":"Levann - P\u00e2te \u00e0 tartiner de noix de cajou - 200g - ECO Supplements","description":"Wij hebben een ruime keuze aan producten van Levann - P\u00e2te \u00e0 tartiner de noix de cajou - 200g . Winkel bij Eco Supplements altijd gratis verzending boven 100\u20ac","robots":{"index":"index","follow":"follow","max-snippet":"max-snippet:-1","max-image-preview":"max-image-preview:large","max-video-preview":"max-video-preview:-1"},"canonical":"https:\/\/ecosupplements.be\/fr\/produit\/levann-cashew-spread-200g\/","og_locale":"fr_FR","og_type":"article","og_title":"Levann - P\u00e2te \u00e0 tartiner de noix de cajou - 200g","og_description":"Wij hebben een ruime keuze aan producten van Levann - P\u00e2te \u00e0 tartiner de noix de cajou - 200g . Winkel bij Eco Supplements altijd gratis verzending boven 100\u20ac","og_url":"https:\/\/ecosupplements.be\/fr\/produit\/levann-cashew-spread-200g\/","og_site_name":"ECO Supplements","article_modified_time":"2025-08-27T14:20:13+00:00","og_image":[{"width":831,"height":641,"url":"https:\/\/ecosupplements.be\/wp-content\/uploads\/2025\/08\/Levann-Cashew-Spread-200g.jpg","type":"image\/jpeg"}],"twitter_card":"summary_large_image","twitter_misc":{"Prix":"10.58&nbsp;&euro;","Disponibilit\u00e9":"Rupture de stock"},"schema":{"@context":"https:\/\/schema.org","@graph":[{"@type":["WebPage","ItemPage"],"@id":"https:\/\/ecosupplements.be\/fr\/produit\/levann-cashew-spread-200g\/","url":"https:\/\/ecosupplements.be\/fr\/produit\/levann-cashew-spread-200g\/","name":"Levann - P\u00e2te \u00e0 tartiner de noix de cajou - 200g - ECO Supplements","isPartOf":{"@id":"https:\/\/ecosupplements.be\/fr\/#website"},"primaryImageOfPage":{"@id":"https:\/\/ecosupplements.be\/fr\/produit\/levann-cashew-spread-200g\/#primaryimage"},"image":{"@id":"https:\/\/ecosupplements.be\/fr\/produit\/levann-cashew-spread-200g\/#primaryimage"},"thumbnailUrl":"https:\/\/ecosupplements.be\/wp-content\/uploads\/2025\/08\/Levann-Cashew-Spread-200g.jpg","datePublished":"2024-07-13T00:10:58+00:00","dateModified":"2025-08-27T14:20:13+00:00","description":"Wij hebben een ruime keuze aan producten van Levann - P\u00e2te \u00e0 tartiner de noix de cajou - 200g . Winkel bij Eco Supplements altijd gratis verzending boven 100\u20ac","breadcrumb":{"@id":"https:\/\/ecosupplements.be\/fr\/produit\/levann-cashew-spread-200g\/#breadcrumb"},"inLanguage":"fr-FR","potentialAction":[{"@type":"ReadAction","target":["https:\/\/ecosupplements.be\/fr\/produit\/levann-cashew-spread-200g\/"]}]},{"@type":"ImageObject","inLanguage":"fr-FR","@id":"https:\/\/ecosupplements.be\/fr\/produit\/levann-cashew-spread-200g\/#primaryimage","url":"https:\/\/ecosupplements.be\/wp-content\/uploads\/2025\/08\/Levann-Cashew-Spread-200g.jpg","contentUrl":"https:\/\/ecosupplements.be\/wp-content\/uploads\/2025\/08\/Levann-Cashew-Spread-200g.jpg","width":831,"height":641},{"@type":"BreadcrumbList","@id":"https:\/\/ecosupplements.be\/fr\/produit\/levann-cashew-spread-200g\/#breadcrumb","itemListElement":[{"@type":"ListItem","position":1,"name":"Home","item":"https:\/\/ecosupplements.be\/fr\/"},{"@type":"ListItem","position":2,"name":"Boutique","item":"https:\/\/ecosupplements.be\/fr\/boutique\/"},{"@type":"ListItem","position":3,"name":"Levann &#8211; P\u00e2te \u00e0 tartiner de noix de cajou &#8211; 200g"}]},{"@type":"WebSite","@id":"https:\/\/ecosupplements.be\/fr\/#website","url":"https:\/\/ecosupplements.be\/fr\/","name":"ECO Supplements","description":"Eco Supplements - Gezonde supplementen","publisher":{"@id":"https:\/\/ecosupplements.be\/fr\/#organization"},"potentialAction":[{"@type":"SearchAction","target":{"@type":"EntryPoint","urlTemplate":"https:\/\/ecosupplements.be\/fr\/?s={search_term_string}"},"query-input":{"@type":"PropertyValueSpecification","valueRequired":true,"valueName":"search_term_string"}}],"inLanguage":"fr-FR"},{"@type":"Organization","@id":"https:\/\/ecosupplements.be\/fr\/#organization","name":"Eco Supplements","url":"https:\/\/ecosupplements.be\/fr\/","logo":{"@type":"ImageObject","inLanguage":"fr-FR","@id":"https:\/\/ecosupplements.be\/fr\/#\/schema\/logo\/image\/","url":"https:\/\/ecosupplements.be\/wp-content\/uploads\/2022\/06\/ecosupplement-family.png","contentUrl":"https:\/\/ecosupplements.be\/wp-content\/uploads\/2022\/06\/ecosupplement-family.png","width":593,"height":374,"caption":"Eco Supplements"},"image":{"@id":"https:\/\/ecosupplements.be\/fr\/#\/schema\/logo\/image\/"}}]},"product_brand":"Levann","product_price_amount":"10.58","product_price_currency":"EUR","og_availability":"out of stock","product_availability":"out of stock","product_retailer_item_id":"5903018053769","product_condition":"new"},"_links":{"self":[{"href":"https:\/\/ecosupplements.be\/fr\/wp-json\/wp\/v2\/product\/290788","targetHints":{"allow":["GET"]}}],"collection":[{"href":"https:\/\/ecosupplements.be\/fr\/wp-json\/wp\/v2\/product"}],"about":[{"href":"https:\/\/ecosupplements.be\/fr\/wp-json\/wp\/v2\/types\/product"}],"replies":[{"embeddable":true,"href":"https:\/\/ecosupplements.be\/fr\/wp-json\/wp\/v2\/comments?post=290788"}],"wp:featuredmedia":[{"embeddable":true,"href":"https:\/\/ecosupplements.be\/fr\/wp-json\/wp\/v2\/media\/290789"}],"wp:attachment":[{"href":"https:\/\/ecosupplements.be\/fr\/wp-json\/wp\/v2\/media?parent=290788"}],"wp:term":[{"taxonomy":"product_brand","embeddable":true,"href":"https:\/\/ecosupplements.be\/fr\/wp-json\/wp\/v2\/product_brand?post=290788"},{"taxonomy":"product_cat","embeddable":true,"href":"https:\/\/ecosupplements.be\/fr\/wp-json\/wp\/v2\/product_cat?post=290788"},{"taxonomy":"product_tag","embeddable":true,"href":"https:\/\/ecosupplements.be\/fr\/wp-json\/wp\/v2\/product_tag?post=290788"}],"curies":[{"name":"wp","href":"https:\/\/api.w.org\/{rel}","templated":true}]}}