{"id":290857,"date":"2024-08-09T01:20:31","date_gmt":"2024-08-09T00:20:31","guid":{"rendered":"https:\/\/ecosupplements.be\/product\/natures-answer-100-pure-eucalyptus-essential-oil-15-ml\/"},"modified":"2025-08-27T15:21:25","modified_gmt":"2025-08-27T14:21:25","slug":"natures-answer-100-pure-eucalyptus-essential-oil-15-ml","status":"publish","type":"product","link":"https:\/\/ecosupplements.be\/fr\/produit\/natures-answer-100-pure-eucalyptus-essential-oil-15-ml\/","title":{"rendered":"Huile essentielle d&#8217;eucalyptus pure \u00e0 100% &#8211; 15 ml de Nature&#8217;s Answer"},"content":{"rendered":"<h2>Nature&#8217;s Answer &#8211; Huile Essentielle d&#8217;Eucalyptus 100% Pure &#8211; 15 ml<\/h2>\n<p>D\u00e9couvrez la <strong>puret\u00e9 exceptionnelle<\/strong> de l&#8217;Huile Essentielle d&#8217;Eucalyptus de Nature&#8217;s Answer, con\u00e7ue pour s&#8217;int\u00e9grer harmonieusement dans votre quotidien. Ce produit est \u00e9labor\u00e9 aux \u00c9tats-unis et se distingue par sa <strong>qualit\u00e9 premium<\/strong>.<\/p>\n<p>cette huile essentielle est obtenue \u00e0 partir d&#8217;<strong>eucalyptus rigoureusement s\u00e9lectionn\u00e9<\/strong>, reconnu pour sa grande puret\u00e9. Son format de <strong>15 ml<\/strong> en fait un choix pratique, facile \u00e0 utiliser et \u00e0 emporter partout avec vous.<\/p>\n<p><em>Utilisation :<\/em> Id\u00e9al pour une utilisation quotidienne, quelques gouttes suffisent pour profiter de son essence naturelle.<\/p>\n<p>Ce produit est un <strong>choix parfait pour ceux qui appr\u00e9cient les ingr\u00e9dients naturels<\/strong>. Il s&#8217;inscrit dans une d\u00e9marche respectueuse de l&#8217;environnement gr\u00e2ce \u00e0 son origine contr\u00f4l\u00e9e et sa composition clairement d\u00e9finie sans additifs superflus.<\/p>\n<p>L&#8217;Huile Essentielle d&#8217;Eucalyptus 100% Pure de Nature&#8217;s Answer est un excellent ajout \u00e0 votre collection, offrant une exp\u00e9rience authentique et naturelle.<\/p>\n","protected":false},"excerpt":{"rendered":"<p>Nature&#8217;s Answer &#8211; Huile Essentielle d&#8217;Eucalyptus 100% Pure &#8211; 15 ml D\u00e9couvrez la puret\u00e9 exceptionnelle de l&#8217;Huile Essentielle d&#8217;Eucalyptus de Nature&#8217;s Answer, con\u00e7ue pour s&#8217;int\u00e9grer harmonieusement dans votre quotidien. Ce produit est \u00e9labor\u00e9 aux \u00c9tats-unis et se distingue par sa qualit\u00e9 premium. cette huile essentielle est obtenue \u00e0 partir d&#8217;eucalyptus rigoureusement s\u00e9lectionn\u00e9, reconnu pour sa [&#8230;]\n","protected":false},"featured_media":266494,"comment_status":"open","ping_status":"open","template":"","meta":[],"product_brand":[5286],"product_cat":[5052],"product_tag":[],"class_list":{"0":"post-290857","1":"product","2":"type-product","3":"status-publish","4":"has-post-thumbnail","6":"product_brand-natures-answer-2","7":"product_cat-sante-et-bien-etre","9":"first","10":"outofstock","11":"sale","12":"taxable","13":"shipping-taxable","14":"purchasable","15":"product-type-simple"},"yoast_head":"<!-- This site is optimized with the Yoast SEO Premium plugin v27.3 (Yoast SEO v27.3) - https:\/\/yoast.com\/product\/yoast-seo-premium-wordpress\/ -->\n<title>Huile essentielle d&#039;eucalyptus pure \u00e0 100% - 15 ml de Nature&#039;s Answer - ECO Supplements<\/title>\n<meta name=\"description\" content=\"Wij hebben een ruime keuze aan producten van Huile essentielle d&#039;eucalyptus pure \u00e0 100% - 15 ml de Nature&#039;s Answer . Winkel bij Eco Supplements altijd gratis verzending boven 100\u20ac\" \/>\n<meta name=\"robots\" content=\"index, follow, max-snippet:-1, max-image-preview:large, max-video-preview:-1\" \/>\n<link rel=\"canonical\" href=\"https:\/\/ecosupplements.be\/fr\/produit\/natures-answer-100-pure-eucalyptus-essential-oil-15-ml\/\" \/>\n<meta property=\"og:locale\" content=\"fr_FR\" \/>\n<meta property=\"og:type\" content=\"article\" \/>\n<meta property=\"og:title\" content=\"Huile essentielle d&#039;eucalyptus pure \u00e0 100% - 15 ml de Nature&#039;s Answer\" \/>\n<meta property=\"og:description\" content=\"Wij hebben een ruime keuze aan producten van Huile essentielle d&#039;eucalyptus pure \u00e0 100% - 15 ml de Nature&#039;s Answer . Winkel bij Eco Supplements altijd gratis verzending boven 100\u20ac\" \/>\n<meta property=\"og:url\" content=\"https:\/\/ecosupplements.be\/fr\/produit\/natures-answer-100-pure-eucalyptus-essential-oil-15-ml\/\" \/>\n<meta property=\"og:site_name\" content=\"ECO Supplements\" \/>\n<meta property=\"article:modified_time\" content=\"2025-08-27T14:21:25+00:00\" \/>\n<meta property=\"og:image\" content=\"https:\/\/ecosupplements.be\/wp-content\/uploads\/2025\/08\/Natures-Answer-100-Pure-Eucalyptus-Essential-Oil-15-ml.jpg\" \/>\n\t<meta property=\"og:image:width\" content=\"600\" \/>\n\t<meta property=\"og:image:height\" content=\"600\" \/>\n\t<meta property=\"og:image:type\" content=\"image\/jpeg\" \/>\n<meta name=\"twitter:card\" content=\"summary_large_image\" \/>\n<meta name=\"twitter:label1\" content=\"Prix\" \/>\n\t<meta name=\"twitter:data1\" content=\"8.17&nbsp;&euro;\" \/>\n\t<meta name=\"twitter:label2\" content=\"Disponibilit\u00e9\" \/>\n\t<meta name=\"twitter:data2\" content=\"Rupture de stock\" \/>\n<script type=\"application\/ld+json\" class=\"yoast-schema-graph\">{\"@context\":\"https:\\\/\\\/schema.org\",\"@graph\":[{\"@type\":[\"WebPage\",\"ItemPage\"],\"@id\":\"https:\\\/\\\/ecosupplements.be\\\/fr\\\/produit\\\/natures-answer-100-pure-eucalyptus-essential-oil-15-ml\\\/\",\"url\":\"https:\\\/\\\/ecosupplements.be\\\/fr\\\/produit\\\/natures-answer-100-pure-eucalyptus-essential-oil-15-ml\\\/\",\"name\":\"Huile essentielle d'eucalyptus pure \u00e0 100% - 15 ml de Nature's Answer - ECO Supplements\",\"isPartOf\":{\"@id\":\"https:\\\/\\\/ecosupplements.be\\\/fr\\\/#website\"},\"primaryImageOfPage\":{\"@id\":\"https:\\\/\\\/ecosupplements.be\\\/fr\\\/produit\\\/natures-answer-100-pure-eucalyptus-essential-oil-15-ml\\\/#primaryimage\"},\"image\":{\"@id\":\"https:\\\/\\\/ecosupplements.be\\\/fr\\\/produit\\\/natures-answer-100-pure-eucalyptus-essential-oil-15-ml\\\/#primaryimage\"},\"thumbnailUrl\":\"https:\\\/\\\/ecosupplements.be\\\/wp-content\\\/uploads\\\/2025\\\/08\\\/100-Pure-Eucalyptus-Organic-Essential-Oil-15-ml.jpg\",\"datePublished\":\"2024-08-09T00:20:31+00:00\",\"dateModified\":\"2025-08-27T14:21:25+00:00\",\"description\":\"Wij hebben een ruime keuze aan producten van Huile essentielle d'eucalyptus pure \u00e0 100% - 15 ml de Nature's Answer . Winkel bij Eco Supplements altijd gratis verzending boven 100\u20ac\",\"breadcrumb\":{\"@id\":\"https:\\\/\\\/ecosupplements.be\\\/fr\\\/produit\\\/natures-answer-100-pure-eucalyptus-essential-oil-15-ml\\\/#breadcrumb\"},\"inLanguage\":\"fr-FR\",\"potentialAction\":[{\"@type\":\"ReadAction\",\"target\":[\"https:\\\/\\\/ecosupplements.be\\\/fr\\\/produit\\\/natures-answer-100-pure-eucalyptus-essential-oil-15-ml\\\/\"]}]},{\"@type\":\"ImageObject\",\"inLanguage\":\"fr-FR\",\"@id\":\"https:\\\/\\\/ecosupplements.be\\\/fr\\\/produit\\\/natures-answer-100-pure-eucalyptus-essential-oil-15-ml\\\/#primaryimage\",\"url\":\"https:\\\/\\\/ecosupplements.be\\\/wp-content\\\/uploads\\\/2025\\\/08\\\/100-Pure-Eucalyptus-Organic-Essential-Oil-15-ml.jpg\",\"contentUrl\":\"https:\\\/\\\/ecosupplements.be\\\/wp-content\\\/uploads\\\/2025\\\/08\\\/100-Pure-Eucalyptus-Organic-Essential-Oil-15-ml.jpg\",\"width\":600,\"height\":600},{\"@type\":\"BreadcrumbList\",\"@id\":\"https:\\\/\\\/ecosupplements.be\\\/fr\\\/produit\\\/natures-answer-100-pure-eucalyptus-essential-oil-15-ml\\\/#breadcrumb\",\"itemListElement\":[{\"@type\":\"ListItem\",\"position\":1,\"name\":\"Home\",\"item\":\"https:\\\/\\\/ecosupplements.be\\\/fr\\\/\"},{\"@type\":\"ListItem\",\"position\":2,\"name\":\"Boutique\",\"item\":\"https:\\\/\\\/ecosupplements.be\\\/fr\\\/boutique\\\/\"},{\"@type\":\"ListItem\",\"position\":3,\"name\":\"Huile essentielle d&#8217;eucalyptus pure \u00e0 100% &#8211; 15 ml de Nature&#8217;s Answer\"}]},{\"@type\":\"WebSite\",\"@id\":\"https:\\\/\\\/ecosupplements.be\\\/fr\\\/#website\",\"url\":\"https:\\\/\\\/ecosupplements.be\\\/fr\\\/\",\"name\":\"ECO Supplements\",\"description\":\"Eco Supplements - Gezonde supplementen\",\"publisher\":{\"@id\":\"https:\\\/\\\/ecosupplements.be\\\/fr\\\/#organization\"},\"potentialAction\":[{\"@type\":\"SearchAction\",\"target\":{\"@type\":\"EntryPoint\",\"urlTemplate\":\"https:\\\/\\\/ecosupplements.be\\\/fr\\\/?s={search_term_string}\"},\"query-input\":{\"@type\":\"PropertyValueSpecification\",\"valueRequired\":true,\"valueName\":\"search_term_string\"}}],\"inLanguage\":\"fr-FR\"},{\"@type\":\"Organization\",\"@id\":\"https:\\\/\\\/ecosupplements.be\\\/fr\\\/#organization\",\"name\":\"Eco Supplements\",\"url\":\"https:\\\/\\\/ecosupplements.be\\\/fr\\\/\",\"logo\":{\"@type\":\"ImageObject\",\"inLanguage\":\"fr-FR\",\"@id\":\"https:\\\/\\\/ecosupplements.be\\\/fr\\\/#\\\/schema\\\/logo\\\/image\\\/\",\"url\":\"https:\\\/\\\/ecosupplements.be\\\/wp-content\\\/uploads\\\/2022\\\/06\\\/ecosupplement-family.png\",\"contentUrl\":\"https:\\\/\\\/ecosupplements.be\\\/wp-content\\\/uploads\\\/2022\\\/06\\\/ecosupplement-family.png\",\"width\":593,\"height\":374,\"caption\":\"Eco Supplements\"},\"image\":{\"@id\":\"https:\\\/\\\/ecosupplements.be\\\/fr\\\/#\\\/schema\\\/logo\\\/image\\\/\"}}]}<\/script>\n<meta property=\"product:brand\" content=\"Nature&#039;s Answer\" \/>\n<meta property=\"product:price:amount\" content=\"8.17\" \/>\n<meta property=\"product:price:currency\" content=\"EUR\" \/>\n<meta property=\"og:availability\" content=\"out of stock\" \/>\n<meta property=\"product:availability\" content=\"out of stock\" \/>\n<meta property=\"product:retailer_item_id\" content=\"083000266201\" \/>\n<meta property=\"product:condition\" content=\"new\" \/>\n<!-- \/ Yoast SEO Premium plugin. -->","yoast_head_json":{"title":"Huile essentielle d'eucalyptus pure \u00e0 100% - 15 ml de Nature's Answer - ECO Supplements","description":"Wij hebben een ruime keuze aan producten van Huile essentielle d'eucalyptus pure \u00e0 100% - 15 ml de Nature's Answer . Winkel bij Eco Supplements altijd gratis verzending boven 100\u20ac","robots":{"index":"index","follow":"follow","max-snippet":"max-snippet:-1","max-image-preview":"max-image-preview:large","max-video-preview":"max-video-preview:-1"},"canonical":"https:\/\/ecosupplements.be\/fr\/produit\/natures-answer-100-pure-eucalyptus-essential-oil-15-ml\/","og_locale":"fr_FR","og_type":"article","og_title":"Huile essentielle d'eucalyptus pure \u00e0 100% - 15 ml de Nature's Answer","og_description":"Wij hebben een ruime keuze aan producten van Huile essentielle d'eucalyptus pure \u00e0 100% - 15 ml de Nature's Answer . Winkel bij Eco Supplements altijd gratis verzending boven 100\u20ac","og_url":"https:\/\/ecosupplements.be\/fr\/produit\/natures-answer-100-pure-eucalyptus-essential-oil-15-ml\/","og_site_name":"ECO Supplements","article_modified_time":"2025-08-27T14:21:25+00:00","og_image":[{"width":600,"height":600,"url":"https:\/\/ecosupplements.be\/wp-content\/uploads\/2025\/08\/Natures-Answer-100-Pure-Eucalyptus-Essential-Oil-15-ml.jpg","type":"image\/jpeg"}],"twitter_card":"summary_large_image","twitter_misc":{"Prix":"8.17&nbsp;&euro;","Disponibilit\u00e9":"Rupture de stock"},"schema":{"@context":"https:\/\/schema.org","@graph":[{"@type":["WebPage","ItemPage"],"@id":"https:\/\/ecosupplements.be\/fr\/produit\/natures-answer-100-pure-eucalyptus-essential-oil-15-ml\/","url":"https:\/\/ecosupplements.be\/fr\/produit\/natures-answer-100-pure-eucalyptus-essential-oil-15-ml\/","name":"Huile essentielle d'eucalyptus pure \u00e0 100% - 15 ml de Nature's Answer - ECO Supplements","isPartOf":{"@id":"https:\/\/ecosupplements.be\/fr\/#website"},"primaryImageOfPage":{"@id":"https:\/\/ecosupplements.be\/fr\/produit\/natures-answer-100-pure-eucalyptus-essential-oil-15-ml\/#primaryimage"},"image":{"@id":"https:\/\/ecosupplements.be\/fr\/produit\/natures-answer-100-pure-eucalyptus-essential-oil-15-ml\/#primaryimage"},"thumbnailUrl":"https:\/\/ecosupplements.be\/wp-content\/uploads\/2025\/08\/100-Pure-Eucalyptus-Organic-Essential-Oil-15-ml.jpg","datePublished":"2024-08-09T00:20:31+00:00","dateModified":"2025-08-27T14:21:25+00:00","description":"Wij hebben een ruime keuze aan producten van Huile essentielle d'eucalyptus pure \u00e0 100% - 15 ml de Nature's Answer . Winkel bij Eco Supplements altijd gratis verzending boven 100\u20ac","breadcrumb":{"@id":"https:\/\/ecosupplements.be\/fr\/produit\/natures-answer-100-pure-eucalyptus-essential-oil-15-ml\/#breadcrumb"},"inLanguage":"fr-FR","potentialAction":[{"@type":"ReadAction","target":["https:\/\/ecosupplements.be\/fr\/produit\/natures-answer-100-pure-eucalyptus-essential-oil-15-ml\/"]}]},{"@type":"ImageObject","inLanguage":"fr-FR","@id":"https:\/\/ecosupplements.be\/fr\/produit\/natures-answer-100-pure-eucalyptus-essential-oil-15-ml\/#primaryimage","url":"https:\/\/ecosupplements.be\/wp-content\/uploads\/2025\/08\/100-Pure-Eucalyptus-Organic-Essential-Oil-15-ml.jpg","contentUrl":"https:\/\/ecosupplements.be\/wp-content\/uploads\/2025\/08\/100-Pure-Eucalyptus-Organic-Essential-Oil-15-ml.jpg","width":600,"height":600},{"@type":"BreadcrumbList","@id":"https:\/\/ecosupplements.be\/fr\/produit\/natures-answer-100-pure-eucalyptus-essential-oil-15-ml\/#breadcrumb","itemListElement":[{"@type":"ListItem","position":1,"name":"Home","item":"https:\/\/ecosupplements.be\/fr\/"},{"@type":"ListItem","position":2,"name":"Boutique","item":"https:\/\/ecosupplements.be\/fr\/boutique\/"},{"@type":"ListItem","position":3,"name":"Huile essentielle d&#8217;eucalyptus pure \u00e0 100% &#8211; 15 ml de Nature&#8217;s Answer"}]},{"@type":"WebSite","@id":"https:\/\/ecosupplements.be\/fr\/#website","url":"https:\/\/ecosupplements.be\/fr\/","name":"ECO Supplements","description":"Eco Supplements - Gezonde supplementen","publisher":{"@id":"https:\/\/ecosupplements.be\/fr\/#organization"},"potentialAction":[{"@type":"SearchAction","target":{"@type":"EntryPoint","urlTemplate":"https:\/\/ecosupplements.be\/fr\/?s={search_term_string}"},"query-input":{"@type":"PropertyValueSpecification","valueRequired":true,"valueName":"search_term_string"}}],"inLanguage":"fr-FR"},{"@type":"Organization","@id":"https:\/\/ecosupplements.be\/fr\/#organization","name":"Eco Supplements","url":"https:\/\/ecosupplements.be\/fr\/","logo":{"@type":"ImageObject","inLanguage":"fr-FR","@id":"https:\/\/ecosupplements.be\/fr\/#\/schema\/logo\/image\/","url":"https:\/\/ecosupplements.be\/wp-content\/uploads\/2022\/06\/ecosupplement-family.png","contentUrl":"https:\/\/ecosupplements.be\/wp-content\/uploads\/2022\/06\/ecosupplement-family.png","width":593,"height":374,"caption":"Eco Supplements"},"image":{"@id":"https:\/\/ecosupplements.be\/fr\/#\/schema\/logo\/image\/"}}]},"product_brand":"Nature's Answer","product_price_amount":"8.17","product_price_currency":"EUR","og_availability":"out of stock","product_availability":"out of stock","product_retailer_item_id":"083000266201","product_condition":"new"},"_links":{"self":[{"href":"https:\/\/ecosupplements.be\/fr\/wp-json\/wp\/v2\/product\/290857","targetHints":{"allow":["GET"]}}],"collection":[{"href":"https:\/\/ecosupplements.be\/fr\/wp-json\/wp\/v2\/product"}],"about":[{"href":"https:\/\/ecosupplements.be\/fr\/wp-json\/wp\/v2\/types\/product"}],"replies":[{"embeddable":true,"href":"https:\/\/ecosupplements.be\/fr\/wp-json\/wp\/v2\/comments?post=290857"}],"wp:featuredmedia":[{"embeddable":true,"href":"https:\/\/ecosupplements.be\/fr\/wp-json\/wp\/v2\/media\/266494"}],"wp:attachment":[{"href":"https:\/\/ecosupplements.be\/fr\/wp-json\/wp\/v2\/media?parent=290857"}],"wp:term":[{"taxonomy":"product_brand","embeddable":true,"href":"https:\/\/ecosupplements.be\/fr\/wp-json\/wp\/v2\/product_brand?post=290857"},{"taxonomy":"product_cat","embeddable":true,"href":"https:\/\/ecosupplements.be\/fr\/wp-json\/wp\/v2\/product_cat?post=290857"},{"taxonomy":"product_tag","embeddable":true,"href":"https:\/\/ecosupplements.be\/fr\/wp-json\/wp\/v2\/product_tag?post=290857"}],"curies":[{"name":"wp","href":"https:\/\/api.w.org\/{rel}","templated":true}]}}